{"id":191113,"date":"2026-01-26T09:47:52","date_gmt":"2026-01-26T09:47:52","guid":{"rendered":""},"modified":"2026-01-26T09:47:25","modified_gmt":"2026-01-26T09:47:25","slug":"270652-opt-tx-rp","status":"publish","type":"product","link":"https:\/\/fracarro.com\/es\/producto\/270652-opt-tx-rp\/","title":{"rendered":"OPT-TX RP"},"content":{"rendered":"<p>Emisor \u00f3ptico para la distribuci\u00f3n de hasta 4 sat\u00e9lites en una sola fibra con tecnolog\u00eda CWDM (Multiplexaci\u00f3n por Divisi\u00f3n de Longitud de Onda Gruesa). Soluci\u00f3n innovadora que permite la transmisi\u00f3n de toda la banda de TV, incluyendo se\u00f1ales de radio, y una posici\u00f3n orbital completa en una sola fibra. 7 dBm con l\u00e1ser FP SAT+TV+FM, longitud de onda de 1310 nm. Alimentaci\u00f3n remota.<\/p>\n","protected":false},"excerpt":{"rendered":"<p>Emisor \u00f3ptico para la distribuci\u00f3n de hasta 4 sat\u00e9lites en una sola fibra con tecnolog\u00eda CWDM (Multiplexaci\u00f3n por Divisi\u00f3n de Longitud de Onda Gruesa). Soluci\u00f3n innovadora que permite la transmisi\u00f3n de toda la banda de TV, incluyendo se\u00f1ales de radio, y una posici\u00f3n orbital completa en una sola fibra. 7 dBm con l\u00e1ser FP SAT+TV+FM,  [&#8230;]<\/p>\n","protected":false},"featured_media":141170,"template":"","meta":[],"product_brand":[],"product_cat":[54249],"product_tag":[],"class_list":{"0":"post-191113","1":"product","2":"type-product","3":"status-publish","4":"has-post-thumbnail","6":"product_cat-emisores-home-fibre","8":"first","9":"instock","10":"shipping-taxable","11":"product-type-simple"},"yoast_head":"<!-- This site is optimized with the Yoast SEO Premium plugin v26.5 (Yoast SEO v26.7) - https:\/\/yoast.com\/wordpress\/plugins\/seo\/ -->\n<title>OPT-TX RP - Fracarro Radioindustrie SRL<\/title>\n<meta name=\"robots\" content=\"index, follow, max-snippet:-1, max-image-preview:large, max-video-preview:-1\" \/>\n<link rel=\"canonical\" href=\"https:\/\/fracarro.com\/es\/producto\/270652-opt-tx-rp\/\" \/>\n<meta property=\"og:locale\" content=\"es_ES\" \/>\n<meta property=\"og:type\" content=\"article\" \/>\n<meta property=\"og:title\" content=\"OPT-TX RP\" \/>\n<meta property=\"og:description\" content=\"Emisor \u00f3ptico para la distribuci\u00f3n de hasta 4 sat\u00e9lites en una sola fibra con tecnolog\u00eda CWDM (Multiplexaci\u00f3n por Divisi\u00f3n de Longitud de Onda Gruesa). Soluci\u00f3n innovadora que permite la transmisi\u00f3n de toda la banda de TV, incluyendo se\u00f1ales de radio, y una posici\u00f3n orbital completa en una sola fibra. 7 dBm con l\u00e1ser FP SAT+TV+FM, [...]\" \/>\n<meta property=\"og:url\" content=\"https:\/\/fracarro.com\/es\/producto\/270652-opt-tx-rp\/\" \/>\n<meta property=\"og:site_name\" content=\"Fracarro Radioindustrie SRL\" \/>\n<meta property=\"article:publisher\" content=\"https:\/\/it-it.facebook.com\/fracarro\/\" \/>\n<meta property=\"og:image\" content=\"https:\/\/fracarro.com\/wp-content\/uploads\/onpage\/op_image_5a4a628618eebc04f3eb740fd15dbca66c83e7a0.1980x.webp\" \/>\n\t<meta property=\"og:image:width\" content=\"1980\" \/>\n\t<meta property=\"og:image:height\" content=\"1980\" \/>\n\t<meta property=\"og:image:type\" content=\"image\/webp\" \/>\n<meta name=\"twitter:card\" content=\"summary_large_image\" \/>\n<meta name=\"twitter:site\" content=\"@fracarrotweets\" \/>\n<script type=\"application\/ld+json\" class=\"yoast-schema-graph\">{\"@context\":\"https:\/\/schema.org\",\"@graph\":[{\"@type\":\"WebPage\",\"@id\":\"https:\/\/fracarro.com\/es\/producto\/270652-opt-tx-rp\/\",\"url\":\"https:\/\/fracarro.com\/es\/producto\/270652-opt-tx-rp\/\",\"name\":\"OPT-TX RP - Fracarro Radioindustrie SRL\",\"isPartOf\":{\"@id\":\"https:\/\/fracarro.com\/es\/#website\"},\"primaryImageOfPage\":{\"@id\":\"https:\/\/fracarro.com\/es\/producto\/270652-opt-tx-rp\/#primaryimage\"},\"image\":{\"@id\":\"https:\/\/fracarro.com\/es\/producto\/270652-opt-tx-rp\/#primaryimage\"},\"thumbnailUrl\":\"https:\/\/fracarro.com\/wp-content\/uploads\/onpage\/op_image_5a4a628618eebc04f3eb740fd15dbca66c83e7a0.1980x.webp\",\"datePublished\":\"2026-01-26T09:47:52+00:00\",\"breadcrumb\":{\"@id\":\"https:\/\/fracarro.com\/es\/producto\/270652-opt-tx-rp\/#breadcrumb\"},\"inLanguage\":\"es\",\"potentialAction\":[{\"@type\":\"ReadAction\",\"target\":[\"https:\/\/fracarro.com\/es\/producto\/270652-opt-tx-rp\/\"]}]},{\"@type\":\"ImageObject\",\"inLanguage\":\"es\",\"@id\":\"https:\/\/fracarro.com\/es\/producto\/270652-opt-tx-rp\/#primaryimage\",\"url\":\"https:\/\/fracarro.com\/wp-content\/uploads\/onpage\/op_image_5a4a628618eebc04f3eb740fd15dbca66c83e7a0.1980x.webp\",\"contentUrl\":\"https:\/\/fracarro.com\/wp-content\/uploads\/onpage\/op_image_5a4a628618eebc04f3eb740fd15dbca66c83e7a0.1980x.webp\",\"width\":1980,\"height\":1980},{\"@type\":\"BreadcrumbList\",\"@id\":\"https:\/\/fracarro.com\/es\/producto\/270652-opt-tx-rp\/#breadcrumb\",\"itemListElement\":[{\"@type\":\"ListItem\",\"position\":1,\"name\":\"Home\",\"item\":\"https:\/\/fracarro.com\/es\/\"},{\"@type\":\"ListItem\",\"position\":2,\"name\":\"Producto\",\"item\":\"https:\/\/fracarro.com\/es\/producto\/\"},{\"@type\":\"ListItem\",\"position\":3,\"name\":\"OPT-TX RP\"}]},{\"@type\":\"WebSite\",\"@id\":\"https:\/\/fracarro.com\/es\/#website\",\"url\":\"https:\/\/fracarro.com\/es\/\",\"name\":\"Fracarro Radioindustrie SRL\",\"description\":\"\",\"publisher\":{\"@id\":\"https:\/\/fracarro.com\/es\/#organization\"},\"potentialAction\":[{\"@type\":\"SearchAction\",\"target\":{\"@type\":\"EntryPoint\",\"urlTemplate\":\"https:\/\/fracarro.com\/es\/?s={search_term_string}\"},\"query-input\":{\"@type\":\"PropertyValueSpecification\",\"valueRequired\":true,\"valueName\":\"search_term_string\"}}],\"inLanguage\":\"es\"},{\"@type\":\"Organization\",\"@id\":\"https:\/\/fracarro.com\/es\/#organization\",\"name\":\"Fracarro Radioindustrie SRL\",\"url\":\"https:\/\/fracarro.com\/es\/\",\"logo\":{\"@type\":\"ImageObject\",\"inLanguage\":\"es\",\"@id\":\"https:\/\/fracarro.com\/es\/#\/schema\/logo\/image\/\",\"url\":\"https:\/\/fracarro.com\/wp-content\/uploads\/2020\/09\/Fracarro-logo530x67.png\",\"contentUrl\":\"https:\/\/fracarro.com\/wp-content\/uploads\/2020\/09\/Fracarro-logo530x67.png\",\"width\":530,\"height\":67,\"caption\":\"Fracarro Radioindustrie SRL\"},\"image\":{\"@id\":\"https:\/\/fracarro.com\/es\/#\/schema\/logo\/image\/\"},\"sameAs\":[\"https:\/\/it-it.facebook.com\/fracarro\/\",\"https:\/\/x.com\/fracarrotweets\",\"https:\/\/it.linkedin.com\/company\/fracarro-radioindustrie\",\"https:\/\/www.instagram.com\/fracarroradioindustrie\/\",\"https:\/\/www.youtube.com\/user\/FracarroOfficial?feature=watch\"]}]}<\/script>\n<!-- \/ Yoast SEO Premium plugin. -->","yoast_head_json":{"title":"OPT-TX RP - Fracarro Radioindustrie SRL","robots":{"index":"index","follow":"follow","max-snippet":"max-snippet:-1","max-image-preview":"max-image-preview:large","max-video-preview":"max-video-preview:-1"},"canonical":"https:\/\/fracarro.com\/es\/producto\/270652-opt-tx-rp\/","og_locale":"es_ES","og_type":"article","og_title":"OPT-TX RP","og_description":"Emisor \u00f3ptico para la distribuci\u00f3n de hasta 4 sat\u00e9lites en una sola fibra con tecnolog\u00eda CWDM (Multiplexaci\u00f3n por Divisi\u00f3n de Longitud de Onda Gruesa). Soluci\u00f3n innovadora que permite la transmisi\u00f3n de toda la banda de TV, incluyendo se\u00f1ales de radio, y una posici\u00f3n orbital completa en una sola fibra. 7 dBm con l\u00e1ser FP SAT+TV+FM, [...]","og_url":"https:\/\/fracarro.com\/es\/producto\/270652-opt-tx-rp\/","og_site_name":"Fracarro Radioindustrie SRL","article_publisher":"https:\/\/it-it.facebook.com\/fracarro\/","og_image":[{"width":1980,"height":1980,"url":"https:\/\/fracarro.com\/wp-content\/uploads\/onpage\/op_image_5a4a628618eebc04f3eb740fd15dbca66c83e7a0.1980x.webp","type":"image\/webp"}],"twitter_card":"summary_large_image","twitter_site":"@fracarrotweets","schema":{"@context":"https:\/\/schema.org","@graph":[{"@type":"WebPage","@id":"https:\/\/fracarro.com\/es\/producto\/270652-opt-tx-rp\/","url":"https:\/\/fracarro.com\/es\/producto\/270652-opt-tx-rp\/","name":"OPT-TX RP - Fracarro Radioindustrie SRL","isPartOf":{"@id":"https:\/\/fracarro.com\/es\/#website"},"primaryImageOfPage":{"@id":"https:\/\/fracarro.com\/es\/producto\/270652-opt-tx-rp\/#primaryimage"},"image":{"@id":"https:\/\/fracarro.com\/es\/producto\/270652-opt-tx-rp\/#primaryimage"},"thumbnailUrl":"https:\/\/fracarro.com\/wp-content\/uploads\/onpage\/op_image_5a4a628618eebc04f3eb740fd15dbca66c83e7a0.1980x.webp","datePublished":"2026-01-26T09:47:52+00:00","breadcrumb":{"@id":"https:\/\/fracarro.com\/es\/producto\/270652-opt-tx-rp\/#breadcrumb"},"inLanguage":"es","potentialAction":[{"@type":"ReadAction","target":["https:\/\/fracarro.com\/es\/producto\/270652-opt-tx-rp\/"]}]},{"@type":"ImageObject","inLanguage":"es","@id":"https:\/\/fracarro.com\/es\/producto\/270652-opt-tx-rp\/#primaryimage","url":"https:\/\/fracarro.com\/wp-content\/uploads\/onpage\/op_image_5a4a628618eebc04f3eb740fd15dbca66c83e7a0.1980x.webp","contentUrl":"https:\/\/fracarro.com\/wp-content\/uploads\/onpage\/op_image_5a4a628618eebc04f3eb740fd15dbca66c83e7a0.1980x.webp","width":1980,"height":1980},{"@type":"BreadcrumbList","@id":"https:\/\/fracarro.com\/es\/producto\/270652-opt-tx-rp\/#breadcrumb","itemListElement":[{"@type":"ListItem","position":1,"name":"Home","item":"https:\/\/fracarro.com\/es\/"},{"@type":"ListItem","position":2,"name":"Producto","item":"https:\/\/fracarro.com\/es\/producto\/"},{"@type":"ListItem","position":3,"name":"OPT-TX RP"}]},{"@type":"WebSite","@id":"https:\/\/fracarro.com\/es\/#website","url":"https:\/\/fracarro.com\/es\/","name":"Fracarro Radioindustrie SRL","description":"","publisher":{"@id":"https:\/\/fracarro.com\/es\/#organization"},"potentialAction":[{"@type":"SearchAction","target":{"@type":"EntryPoint","urlTemplate":"https:\/\/fracarro.com\/es\/?s={search_term_string}"},"query-input":{"@type":"PropertyValueSpecification","valueRequired":true,"valueName":"search_term_string"}}],"inLanguage":"es"},{"@type":"Organization","@id":"https:\/\/fracarro.com\/es\/#organization","name":"Fracarro Radioindustrie SRL","url":"https:\/\/fracarro.com\/es\/","logo":{"@type":"ImageObject","inLanguage":"es","@id":"https:\/\/fracarro.com\/es\/#\/schema\/logo\/image\/","url":"https:\/\/fracarro.com\/wp-content\/uploads\/2020\/09\/Fracarro-logo530x67.png","contentUrl":"https:\/\/fracarro.com\/wp-content\/uploads\/2020\/09\/Fracarro-logo530x67.png","width":530,"height":67,"caption":"Fracarro Radioindustrie SRL"},"image":{"@id":"https:\/\/fracarro.com\/es\/#\/schema\/logo\/image\/"},"sameAs":["https:\/\/it-it.facebook.com\/fracarro\/","https:\/\/x.com\/fracarrotweets","https:\/\/it.linkedin.com\/company\/fracarro-radioindustrie","https:\/\/www.instagram.com\/fracarroradioindustrie\/","https:\/\/www.youtube.com\/user\/FracarroOfficial?feature=watch"]}]}},"_links":{"self":[{"href":"https:\/\/fracarro.com\/es\/wp-json\/wp\/v2\/product\/191113","targetHints":{"allow":["GET"]}}],"collection":[{"href":"https:\/\/fracarro.com\/es\/wp-json\/wp\/v2\/product"}],"about":[{"href":"https:\/\/fracarro.com\/es\/wp-json\/wp\/v2\/types\/product"}],"wp:featuredmedia":[{"embeddable":true,"href":"https:\/\/fracarro.com\/es\/wp-json\/wp\/v2\/media\/141170"}],"wp:attachment":[{"href":"https:\/\/fracarro.com\/es\/wp-json\/wp\/v2\/media?parent=191113"}],"wp:term":[{"taxonomy":"product_brand","embeddable":true,"href":"https:\/\/fracarro.com\/es\/wp-json\/wp\/v2\/product_brand?post=191113"},{"taxonomy":"product_cat","embeddable":true,"href":"https:\/\/fracarro.com\/es\/wp-json\/wp\/v2\/product_cat?post=191113"},{"taxonomy":"product_tag","embeddable":true,"href":"https:\/\/fracarro.com\/es\/wp-json\/wp\/v2\/product_tag?post=191113"}],"curies":[{"name":"wp","href":"https:\/\/api.w.org\/{rel}","templated":true}]}}