{"id":191115,"date":"2026-01-26T09:47:52","date_gmt":"2026-01-26T09:47:52","guid":{"rendered":""},"modified":"2026-01-26T09:47:25","modified_gmt":"2026-01-26T09:47:25","slug":"270667-opt-tx-1510","status":"publish","type":"product","link":"https:\/\/fracarro.com\/es\/producto\/270667-opt-tx-1510\/","title":{"rendered":"OPT-TX 1510"},"content":{"rendered":"<p>La innovadora soluci\u00f3n Fracarro Home Fiber ha sido dise\u00f1ada para garantizar una f\u00e1cil instalaci\u00f3n, desde el cabezal hasta la toma de corriente. El sistema utiliza un LNB convencional y una antena parab\u00f3lica que no requieren herramientas especiales para la alineaci\u00f3n \u00f3ptica. El sistema Home Fiber es capaz de transportar todas las se\u00f1ales satelitales y terrestres digitales a trav\u00e9s de una \u00fanica fibra de vidrio 9\/125. Cualquier emisor \u00f3ptico OPT-TX puede conectarse en cascada utilizando el bucle de RF para una mayor flexibilidad en el dise\u00f1o del sistema. Emisor \u00f3ptico compatible con la tecnolog\u00eda CWDM (Multiplexaci\u00f3n por Divisi\u00f3n de Longitud de Onda Gruesa) para distribuci\u00f3n a hasta 4 posiciones orbitales en una sola fibra. Longitud de onda: 1510 nm, DFB a 7 dBm (dimensiones: 230 x 230 x 50 mm).<\/p>\n","protected":false},"excerpt":{"rendered":"<p>La innovadora soluci\u00f3n Fracarro Home Fiber ha sido dise\u00f1ada para garantizar una f\u00e1cil instalaci\u00f3n, desde el cabezal hasta la toma de corriente. El sistema utiliza un LNB convencional y una antena parab\u00f3lica que no requieren herramientas especiales para la alineaci\u00f3n \u00f3ptica. El sistema Home Fiber es capaz de transportar todas las se\u00f1ales satelitales y terrestres  [&#8230;]<\/p>\n","protected":false},"featured_media":141172,"template":"","meta":[],"product_brand":[],"product_cat":[54249],"product_tag":[],"class_list":{"0":"post-191115","1":"product","2":"type-product","3":"status-publish","4":"has-post-thumbnail","6":"product_cat-emisores-home-fibre","8":"first","9":"instock","10":"shipping-taxable","11":"product-type-simple"},"yoast_head":"<!-- This site is optimized with the Yoast SEO Premium plugin v26.5 (Yoast SEO v26.7) - https:\/\/yoast.com\/wordpress\/plugins\/seo\/ -->\n<title>OPT-TX 1510 - Fracarro Radioindustrie SRL<\/title>\n<meta name=\"robots\" content=\"index, follow, max-snippet:-1, max-image-preview:large, max-video-preview:-1\" \/>\n<link rel=\"canonical\" href=\"https:\/\/fracarro.com\/es\/producto\/270667-opt-tx-1510\/\" \/>\n<meta property=\"og:locale\" content=\"es_ES\" \/>\n<meta property=\"og:type\" content=\"article\" \/>\n<meta property=\"og:title\" content=\"OPT-TX 1510\" \/>\n<meta property=\"og:description\" content=\"La innovadora soluci\u00f3n Fracarro Home Fiber ha sido dise\u00f1ada para garantizar una f\u00e1cil instalaci\u00f3n, desde el cabezal hasta la toma de corriente. El sistema utiliza un LNB convencional y una antena parab\u00f3lica que no requieren herramientas especiales para la alineaci\u00f3n \u00f3ptica. El sistema Home Fiber es capaz de transportar todas las se\u00f1ales satelitales y terrestres [...]\" \/>\n<meta property=\"og:url\" content=\"https:\/\/fracarro.com\/es\/producto\/270667-opt-tx-1510\/\" \/>\n<meta property=\"og:site_name\" content=\"Fracarro Radioindustrie SRL\" \/>\n<meta property=\"article:publisher\" content=\"https:\/\/it-it.facebook.com\/fracarro\/\" \/>\n<meta property=\"og:image\" content=\"https:\/\/fracarro.com\/wp-content\/uploads\/onpage\/op_image_b7b6fa8352260deeb4b9c902a8054b28d5b39b1d.1980x.webp\" \/>\n\t<meta property=\"og:image:width\" content=\"1980\" \/>\n\t<meta property=\"og:image:height\" content=\"1980\" \/>\n\t<meta property=\"og:image:type\" content=\"image\/webp\" \/>\n<meta name=\"twitter:card\" content=\"summary_large_image\" \/>\n<meta name=\"twitter:site\" content=\"@fracarrotweets\" \/>\n<meta name=\"twitter:label1\" content=\"Tiempo de lectura\" \/>\n\t<meta name=\"twitter:data1\" content=\"1 minuto\" \/>\n<script type=\"application\/ld+json\" class=\"yoast-schema-graph\">{\"@context\":\"https:\/\/schema.org\",\"@graph\":[{\"@type\":\"WebPage\",\"@id\":\"https:\/\/fracarro.com\/es\/producto\/270667-opt-tx-1510\/\",\"url\":\"https:\/\/fracarro.com\/es\/producto\/270667-opt-tx-1510\/\",\"name\":\"OPT-TX 1510 - Fracarro Radioindustrie SRL\",\"isPartOf\":{\"@id\":\"https:\/\/fracarro.com\/es\/#website\"},\"primaryImageOfPage\":{\"@id\":\"https:\/\/fracarro.com\/es\/producto\/270667-opt-tx-1510\/#primaryimage\"},\"image\":{\"@id\":\"https:\/\/fracarro.com\/es\/producto\/270667-opt-tx-1510\/#primaryimage\"},\"thumbnailUrl\":\"https:\/\/fracarro.com\/wp-content\/uploads\/onpage\/op_image_b7b6fa8352260deeb4b9c902a8054b28d5b39b1d.1980x.webp\",\"datePublished\":\"2026-01-26T09:47:52+00:00\",\"breadcrumb\":{\"@id\":\"https:\/\/fracarro.com\/es\/producto\/270667-opt-tx-1510\/#breadcrumb\"},\"inLanguage\":\"es\",\"potentialAction\":[{\"@type\":\"ReadAction\",\"target\":[\"https:\/\/fracarro.com\/es\/producto\/270667-opt-tx-1510\/\"]}]},{\"@type\":\"ImageObject\",\"inLanguage\":\"es\",\"@id\":\"https:\/\/fracarro.com\/es\/producto\/270667-opt-tx-1510\/#primaryimage\",\"url\":\"https:\/\/fracarro.com\/wp-content\/uploads\/onpage\/op_image_b7b6fa8352260deeb4b9c902a8054b28d5b39b1d.1980x.webp\",\"contentUrl\":\"https:\/\/fracarro.com\/wp-content\/uploads\/onpage\/op_image_b7b6fa8352260deeb4b9c902a8054b28d5b39b1d.1980x.webp\",\"width\":1980,\"height\":1980},{\"@type\":\"BreadcrumbList\",\"@id\":\"https:\/\/fracarro.com\/es\/producto\/270667-opt-tx-1510\/#breadcrumb\",\"itemListElement\":[{\"@type\":\"ListItem\",\"position\":1,\"name\":\"Home\",\"item\":\"https:\/\/fracarro.com\/es\/\"},{\"@type\":\"ListItem\",\"position\":2,\"name\":\"Producto\",\"item\":\"https:\/\/fracarro.com\/es\/producto\/\"},{\"@type\":\"ListItem\",\"position\":3,\"name\":\"OPT-TX 1510\"}]},{\"@type\":\"WebSite\",\"@id\":\"https:\/\/fracarro.com\/es\/#website\",\"url\":\"https:\/\/fracarro.com\/es\/\",\"name\":\"Fracarro Radioindustrie SRL\",\"description\":\"\",\"publisher\":{\"@id\":\"https:\/\/fracarro.com\/es\/#organization\"},\"potentialAction\":[{\"@type\":\"SearchAction\",\"target\":{\"@type\":\"EntryPoint\",\"urlTemplate\":\"https:\/\/fracarro.com\/es\/?s={search_term_string}\"},\"query-input\":{\"@type\":\"PropertyValueSpecification\",\"valueRequired\":true,\"valueName\":\"search_term_string\"}}],\"inLanguage\":\"es\"},{\"@type\":\"Organization\",\"@id\":\"https:\/\/fracarro.com\/es\/#organization\",\"name\":\"Fracarro Radioindustrie SRL\",\"url\":\"https:\/\/fracarro.com\/es\/\",\"logo\":{\"@type\":\"ImageObject\",\"inLanguage\":\"es\",\"@id\":\"https:\/\/fracarro.com\/es\/#\/schema\/logo\/image\/\",\"url\":\"https:\/\/fracarro.com\/wp-content\/uploads\/2020\/09\/Fracarro-logo530x67.png\",\"contentUrl\":\"https:\/\/fracarro.com\/wp-content\/uploads\/2020\/09\/Fracarro-logo530x67.png\",\"width\":530,\"height\":67,\"caption\":\"Fracarro Radioindustrie SRL\"},\"image\":{\"@id\":\"https:\/\/fracarro.com\/es\/#\/schema\/logo\/image\/\"},\"sameAs\":[\"https:\/\/it-it.facebook.com\/fracarro\/\",\"https:\/\/x.com\/fracarrotweets\",\"https:\/\/it.linkedin.com\/company\/fracarro-radioindustrie\",\"https:\/\/www.instagram.com\/fracarroradioindustrie\/\",\"https:\/\/www.youtube.com\/user\/FracarroOfficial?feature=watch\"]}]}<\/script>\n<!-- \/ Yoast SEO Premium plugin. -->","yoast_head_json":{"title":"OPT-TX 1510 - Fracarro Radioindustrie SRL","robots":{"index":"index","follow":"follow","max-snippet":"max-snippet:-1","max-image-preview":"max-image-preview:large","max-video-preview":"max-video-preview:-1"},"canonical":"https:\/\/fracarro.com\/es\/producto\/270667-opt-tx-1510\/","og_locale":"es_ES","og_type":"article","og_title":"OPT-TX 1510","og_description":"La innovadora soluci\u00f3n Fracarro Home Fiber ha sido dise\u00f1ada para garantizar una f\u00e1cil instalaci\u00f3n, desde el cabezal hasta la toma de corriente. El sistema utiliza un LNB convencional y una antena parab\u00f3lica que no requieren herramientas especiales para la alineaci\u00f3n \u00f3ptica. El sistema Home Fiber es capaz de transportar todas las se\u00f1ales satelitales y terrestres [...]","og_url":"https:\/\/fracarro.com\/es\/producto\/270667-opt-tx-1510\/","og_site_name":"Fracarro Radioindustrie SRL","article_publisher":"https:\/\/it-it.facebook.com\/fracarro\/","og_image":[{"width":1980,"height":1980,"url":"https:\/\/fracarro.com\/wp-content\/uploads\/onpage\/op_image_b7b6fa8352260deeb4b9c902a8054b28d5b39b1d.1980x.webp","type":"image\/webp"}],"twitter_card":"summary_large_image","twitter_site":"@fracarrotweets","twitter_misc":{"Tiempo de lectura":"1 minuto"},"schema":{"@context":"https:\/\/schema.org","@graph":[{"@type":"WebPage","@id":"https:\/\/fracarro.com\/es\/producto\/270667-opt-tx-1510\/","url":"https:\/\/fracarro.com\/es\/producto\/270667-opt-tx-1510\/","name":"OPT-TX 1510 - Fracarro Radioindustrie SRL","isPartOf":{"@id":"https:\/\/fracarro.com\/es\/#website"},"primaryImageOfPage":{"@id":"https:\/\/fracarro.com\/es\/producto\/270667-opt-tx-1510\/#primaryimage"},"image":{"@id":"https:\/\/fracarro.com\/es\/producto\/270667-opt-tx-1510\/#primaryimage"},"thumbnailUrl":"https:\/\/fracarro.com\/wp-content\/uploads\/onpage\/op_image_b7b6fa8352260deeb4b9c902a8054b28d5b39b1d.1980x.webp","datePublished":"2026-01-26T09:47:52+00:00","breadcrumb":{"@id":"https:\/\/fracarro.com\/es\/producto\/270667-opt-tx-1510\/#breadcrumb"},"inLanguage":"es","potentialAction":[{"@type":"ReadAction","target":["https:\/\/fracarro.com\/es\/producto\/270667-opt-tx-1510\/"]}]},{"@type":"ImageObject","inLanguage":"es","@id":"https:\/\/fracarro.com\/es\/producto\/270667-opt-tx-1510\/#primaryimage","url":"https:\/\/fracarro.com\/wp-content\/uploads\/onpage\/op_image_b7b6fa8352260deeb4b9c902a8054b28d5b39b1d.1980x.webp","contentUrl":"https:\/\/fracarro.com\/wp-content\/uploads\/onpage\/op_image_b7b6fa8352260deeb4b9c902a8054b28d5b39b1d.1980x.webp","width":1980,"height":1980},{"@type":"BreadcrumbList","@id":"https:\/\/fracarro.com\/es\/producto\/270667-opt-tx-1510\/#breadcrumb","itemListElement":[{"@type":"ListItem","position":1,"name":"Home","item":"https:\/\/fracarro.com\/es\/"},{"@type":"ListItem","position":2,"name":"Producto","item":"https:\/\/fracarro.com\/es\/producto\/"},{"@type":"ListItem","position":3,"name":"OPT-TX 1510"}]},{"@type":"WebSite","@id":"https:\/\/fracarro.com\/es\/#website","url":"https:\/\/fracarro.com\/es\/","name":"Fracarro Radioindustrie SRL","description":"","publisher":{"@id":"https:\/\/fracarro.com\/es\/#organization"},"potentialAction":[{"@type":"SearchAction","target":{"@type":"EntryPoint","urlTemplate":"https:\/\/fracarro.com\/es\/?s={search_term_string}"},"query-input":{"@type":"PropertyValueSpecification","valueRequired":true,"valueName":"search_term_string"}}],"inLanguage":"es"},{"@type":"Organization","@id":"https:\/\/fracarro.com\/es\/#organization","name":"Fracarro Radioindustrie SRL","url":"https:\/\/fracarro.com\/es\/","logo":{"@type":"ImageObject","inLanguage":"es","@id":"https:\/\/fracarro.com\/es\/#\/schema\/logo\/image\/","url":"https:\/\/fracarro.com\/wp-content\/uploads\/2020\/09\/Fracarro-logo530x67.png","contentUrl":"https:\/\/fracarro.com\/wp-content\/uploads\/2020\/09\/Fracarro-logo530x67.png","width":530,"height":67,"caption":"Fracarro Radioindustrie SRL"},"image":{"@id":"https:\/\/fracarro.com\/es\/#\/schema\/logo\/image\/"},"sameAs":["https:\/\/it-it.facebook.com\/fracarro\/","https:\/\/x.com\/fracarrotweets","https:\/\/it.linkedin.com\/company\/fracarro-radioindustrie","https:\/\/www.instagram.com\/fracarroradioindustrie\/","https:\/\/www.youtube.com\/user\/FracarroOfficial?feature=watch"]}]}},"_links":{"self":[{"href":"https:\/\/fracarro.com\/es\/wp-json\/wp\/v2\/product\/191115","targetHints":{"allow":["GET"]}}],"collection":[{"href":"https:\/\/fracarro.com\/es\/wp-json\/wp\/v2\/product"}],"about":[{"href":"https:\/\/fracarro.com\/es\/wp-json\/wp\/v2\/types\/product"}],"wp:featuredmedia":[{"embeddable":true,"href":"https:\/\/fracarro.com\/es\/wp-json\/wp\/v2\/media\/141172"}],"wp:attachment":[{"href":"https:\/\/fracarro.com\/es\/wp-json\/wp\/v2\/media?parent=191115"}],"wp:term":[{"taxonomy":"product_brand","embeddable":true,"href":"https:\/\/fracarro.com\/es\/wp-json\/wp\/v2\/product_brand?post=191115"},{"taxonomy":"product_cat","embeddable":true,"href":"https:\/\/fracarro.com\/es\/wp-json\/wp\/v2\/product_cat?post=191115"},{"taxonomy":"product_tag","embeddable":true,"href":"https:\/\/fracarro.com\/es\/wp-json\/wp\/v2\/product_tag?post=191115"}],"curies":[{"name":"wp","href":"https:\/\/api.w.org\/{rel}","templated":true}]}}