{"id":191401,"date":"2026-01-26T09:48:08","date_gmt":"2026-01-26T09:48:08","guid":{"rendered":""},"modified":"2026-01-26T09:47:25","modified_gmt":"2026-01-26T09:47:25","slug":"287852-gpon-rx-tv-act","status":"publish","type":"product","link":"https:\/\/fracarro.com\/es\/producto\/287852-gpon-rx-tv-act\/","title":{"rendered":"GPON RX TV ACT"},"content":{"rendered":"<p>Terminal de red \u00f3ptica activa para la distribuci\u00f3n de se\u00f1ales de TV digital mediante la red PON.<br \/>El receptor est\u00e1 equipado con un diplexor WDM integrado capaz de separar la banda de TV de los datos.<\/p>\n","protected":false},"excerpt":{"rendered":"<p>Terminal de red \u00f3ptica activa para la distribuci\u00f3n de se\u00f1ales de TV digital mediante la red PON.El receptor est\u00e1 equipado con un diplexor WDM integrado capaz de separar la banda de TV de los datos.<\/p>\n","protected":false},"featured_media":188241,"template":"","meta":[],"product_brand":[],"product_cat":[54404],"product_tag":[],"class_list":{"0":"post-191401","1":"product","2":"type-product","3":"status-publish","4":"has-post-thumbnail","6":"product_cat-ser-receivers-ont-onu","8":"first","9":"instock","10":"shipping-taxable","11":"product-type-simple"},"yoast_head":"<!-- This site is optimized with the Yoast SEO Premium plugin v26.5 (Yoast SEO v26.7) - https:\/\/yoast.com\/wordpress\/plugins\/seo\/ -->\n<title>GPON RX TV ACT - Fracarro Radioindustrie SRL<\/title>\n<meta name=\"robots\" content=\"index, follow, max-snippet:-1, max-image-preview:large, max-video-preview:-1\" \/>\n<link rel=\"canonical\" href=\"https:\/\/fracarro.com\/es\/producto\/287852-gpon-rx-tv-act\/\" \/>\n<meta property=\"og:locale\" content=\"es_ES\" \/>\n<meta property=\"og:type\" content=\"article\" \/>\n<meta property=\"og:title\" content=\"GPON RX TV ACT\" \/>\n<meta property=\"og:description\" content=\"Terminal de red \u00f3ptica activa para la distribuci\u00f3n de se\u00f1ales de TV digital mediante la red PON.El receptor est\u00e1 equipado con un diplexor WDM integrado capaz de separar la banda de TV de los datos.\" \/>\n<meta property=\"og:url\" content=\"https:\/\/fracarro.com\/es\/producto\/287852-gpon-rx-tv-act\/\" \/>\n<meta property=\"og:site_name\" content=\"Fracarro Radioindustrie SRL\" \/>\n<meta property=\"article:publisher\" content=\"https:\/\/it-it.facebook.com\/fracarro\/\" \/>\n<meta property=\"og:image\" content=\"https:\/\/fracarro.com\/wp-content\/uploads\/onpage\/op_image_ef43d52ffafcc7c22108a0d5374b96b758e3036a.1980x.webp\" \/>\n\t<meta property=\"og:image:width\" content=\"1980\" \/>\n\t<meta property=\"og:image:height\" content=\"1980\" \/>\n\t<meta property=\"og:image:type\" content=\"image\/webp\" \/>\n<meta name=\"twitter:card\" content=\"summary_large_image\" \/>\n<meta name=\"twitter:site\" content=\"@fracarrotweets\" \/>\n<script type=\"application\/ld+json\" class=\"yoast-schema-graph\">{\"@context\":\"https:\/\/schema.org\",\"@graph\":[{\"@type\":\"WebPage\",\"@id\":\"https:\/\/fracarro.com\/es\/producto\/287852-gpon-rx-tv-act\/\",\"url\":\"https:\/\/fracarro.com\/es\/producto\/287852-gpon-rx-tv-act\/\",\"name\":\"GPON RX TV ACT - Fracarro Radioindustrie SRL\",\"isPartOf\":{\"@id\":\"https:\/\/fracarro.com\/es\/#website\"},\"primaryImageOfPage\":{\"@id\":\"https:\/\/fracarro.com\/es\/producto\/287852-gpon-rx-tv-act\/#primaryimage\"},\"image\":{\"@id\":\"https:\/\/fracarro.com\/es\/producto\/287852-gpon-rx-tv-act\/#primaryimage\"},\"thumbnailUrl\":\"https:\/\/fracarro.com\/wp-content\/uploads\/onpage\/op_image_ef43d52ffafcc7c22108a0d5374b96b758e3036a.1980x.webp\",\"datePublished\":\"2026-01-26T09:48:08+00:00\",\"breadcrumb\":{\"@id\":\"https:\/\/fracarro.com\/es\/producto\/287852-gpon-rx-tv-act\/#breadcrumb\"},\"inLanguage\":\"es\",\"potentialAction\":[{\"@type\":\"ReadAction\",\"target\":[\"https:\/\/fracarro.com\/es\/producto\/287852-gpon-rx-tv-act\/\"]}]},{\"@type\":\"ImageObject\",\"inLanguage\":\"es\",\"@id\":\"https:\/\/fracarro.com\/es\/producto\/287852-gpon-rx-tv-act\/#primaryimage\",\"url\":\"https:\/\/fracarro.com\/wp-content\/uploads\/onpage\/op_image_ef43d52ffafcc7c22108a0d5374b96b758e3036a.1980x.webp\",\"contentUrl\":\"https:\/\/fracarro.com\/wp-content\/uploads\/onpage\/op_image_ef43d52ffafcc7c22108a0d5374b96b758e3036a.1980x.webp\",\"width\":1980,\"height\":1980},{\"@type\":\"BreadcrumbList\",\"@id\":\"https:\/\/fracarro.com\/es\/producto\/287852-gpon-rx-tv-act\/#breadcrumb\",\"itemListElement\":[{\"@type\":\"ListItem\",\"position\":1,\"name\":\"Home\",\"item\":\"https:\/\/fracarro.com\/es\/\"},{\"@type\":\"ListItem\",\"position\":2,\"name\":\"Producto\",\"item\":\"https:\/\/fracarro.com\/es\/producto\/\"},{\"@type\":\"ListItem\",\"position\":3,\"name\":\"GPON RX TV ACT\"}]},{\"@type\":\"WebSite\",\"@id\":\"https:\/\/fracarro.com\/es\/#website\",\"url\":\"https:\/\/fracarro.com\/es\/\",\"name\":\"Fracarro Radioindustrie SRL\",\"description\":\"\",\"publisher\":{\"@id\":\"https:\/\/fracarro.com\/es\/#organization\"},\"potentialAction\":[{\"@type\":\"SearchAction\",\"target\":{\"@type\":\"EntryPoint\",\"urlTemplate\":\"https:\/\/fracarro.com\/es\/?s={search_term_string}\"},\"query-input\":{\"@type\":\"PropertyValueSpecification\",\"valueRequired\":true,\"valueName\":\"search_term_string\"}}],\"inLanguage\":\"es\"},{\"@type\":\"Organization\",\"@id\":\"https:\/\/fracarro.com\/es\/#organization\",\"name\":\"Fracarro Radioindustrie SRL\",\"url\":\"https:\/\/fracarro.com\/es\/\",\"logo\":{\"@type\":\"ImageObject\",\"inLanguage\":\"es\",\"@id\":\"https:\/\/fracarro.com\/es\/#\/schema\/logo\/image\/\",\"url\":\"https:\/\/fracarro.com\/wp-content\/uploads\/2020\/09\/Fracarro-logo530x67.png\",\"contentUrl\":\"https:\/\/fracarro.com\/wp-content\/uploads\/2020\/09\/Fracarro-logo530x67.png\",\"width\":530,\"height\":67,\"caption\":\"Fracarro Radioindustrie SRL\"},\"image\":{\"@id\":\"https:\/\/fracarro.com\/es\/#\/schema\/logo\/image\/\"},\"sameAs\":[\"https:\/\/it-it.facebook.com\/fracarro\/\",\"https:\/\/x.com\/fracarrotweets\",\"https:\/\/it.linkedin.com\/company\/fracarro-radioindustrie\",\"https:\/\/www.instagram.com\/fracarroradioindustrie\/\",\"https:\/\/www.youtube.com\/user\/FracarroOfficial?feature=watch\"]}]}<\/script>\n<!-- \/ Yoast SEO Premium plugin. -->","yoast_head_json":{"title":"GPON RX TV ACT - Fracarro Radioindustrie SRL","robots":{"index":"index","follow":"follow","max-snippet":"max-snippet:-1","max-image-preview":"max-image-preview:large","max-video-preview":"max-video-preview:-1"},"canonical":"https:\/\/fracarro.com\/es\/producto\/287852-gpon-rx-tv-act\/","og_locale":"es_ES","og_type":"article","og_title":"GPON RX TV ACT","og_description":"Terminal de red \u00f3ptica activa para la distribuci\u00f3n de se\u00f1ales de TV digital mediante la red PON.El receptor est\u00e1 equipado con un diplexor WDM integrado capaz de separar la banda de TV de los datos.","og_url":"https:\/\/fracarro.com\/es\/producto\/287852-gpon-rx-tv-act\/","og_site_name":"Fracarro Radioindustrie SRL","article_publisher":"https:\/\/it-it.facebook.com\/fracarro\/","og_image":[{"width":1980,"height":1980,"url":"https:\/\/fracarro.com\/wp-content\/uploads\/onpage\/op_image_ef43d52ffafcc7c22108a0d5374b96b758e3036a.1980x.webp","type":"image\/webp"}],"twitter_card":"summary_large_image","twitter_site":"@fracarrotweets","schema":{"@context":"https:\/\/schema.org","@graph":[{"@type":"WebPage","@id":"https:\/\/fracarro.com\/es\/producto\/287852-gpon-rx-tv-act\/","url":"https:\/\/fracarro.com\/es\/producto\/287852-gpon-rx-tv-act\/","name":"GPON RX TV ACT - Fracarro Radioindustrie SRL","isPartOf":{"@id":"https:\/\/fracarro.com\/es\/#website"},"primaryImageOfPage":{"@id":"https:\/\/fracarro.com\/es\/producto\/287852-gpon-rx-tv-act\/#primaryimage"},"image":{"@id":"https:\/\/fracarro.com\/es\/producto\/287852-gpon-rx-tv-act\/#primaryimage"},"thumbnailUrl":"https:\/\/fracarro.com\/wp-content\/uploads\/onpage\/op_image_ef43d52ffafcc7c22108a0d5374b96b758e3036a.1980x.webp","datePublished":"2026-01-26T09:48:08+00:00","breadcrumb":{"@id":"https:\/\/fracarro.com\/es\/producto\/287852-gpon-rx-tv-act\/#breadcrumb"},"inLanguage":"es","potentialAction":[{"@type":"ReadAction","target":["https:\/\/fracarro.com\/es\/producto\/287852-gpon-rx-tv-act\/"]}]},{"@type":"ImageObject","inLanguage":"es","@id":"https:\/\/fracarro.com\/es\/producto\/287852-gpon-rx-tv-act\/#primaryimage","url":"https:\/\/fracarro.com\/wp-content\/uploads\/onpage\/op_image_ef43d52ffafcc7c22108a0d5374b96b758e3036a.1980x.webp","contentUrl":"https:\/\/fracarro.com\/wp-content\/uploads\/onpage\/op_image_ef43d52ffafcc7c22108a0d5374b96b758e3036a.1980x.webp","width":1980,"height":1980},{"@type":"BreadcrumbList","@id":"https:\/\/fracarro.com\/es\/producto\/287852-gpon-rx-tv-act\/#breadcrumb","itemListElement":[{"@type":"ListItem","position":1,"name":"Home","item":"https:\/\/fracarro.com\/es\/"},{"@type":"ListItem","position":2,"name":"Producto","item":"https:\/\/fracarro.com\/es\/producto\/"},{"@type":"ListItem","position":3,"name":"GPON RX TV ACT"}]},{"@type":"WebSite","@id":"https:\/\/fracarro.com\/es\/#website","url":"https:\/\/fracarro.com\/es\/","name":"Fracarro Radioindustrie SRL","description":"","publisher":{"@id":"https:\/\/fracarro.com\/es\/#organization"},"potentialAction":[{"@type":"SearchAction","target":{"@type":"EntryPoint","urlTemplate":"https:\/\/fracarro.com\/es\/?s={search_term_string}"},"query-input":{"@type":"PropertyValueSpecification","valueRequired":true,"valueName":"search_term_string"}}],"inLanguage":"es"},{"@type":"Organization","@id":"https:\/\/fracarro.com\/es\/#organization","name":"Fracarro Radioindustrie SRL","url":"https:\/\/fracarro.com\/es\/","logo":{"@type":"ImageObject","inLanguage":"es","@id":"https:\/\/fracarro.com\/es\/#\/schema\/logo\/image\/","url":"https:\/\/fracarro.com\/wp-content\/uploads\/2020\/09\/Fracarro-logo530x67.png","contentUrl":"https:\/\/fracarro.com\/wp-content\/uploads\/2020\/09\/Fracarro-logo530x67.png","width":530,"height":67,"caption":"Fracarro Radioindustrie SRL"},"image":{"@id":"https:\/\/fracarro.com\/es\/#\/schema\/logo\/image\/"},"sameAs":["https:\/\/it-it.facebook.com\/fracarro\/","https:\/\/x.com\/fracarrotweets","https:\/\/it.linkedin.com\/company\/fracarro-radioindustrie","https:\/\/www.instagram.com\/fracarroradioindustrie\/","https:\/\/www.youtube.com\/user\/FracarroOfficial?feature=watch"]}]}},"_links":{"self":[{"href":"https:\/\/fracarro.com\/es\/wp-json\/wp\/v2\/product\/191401","targetHints":{"allow":["GET"]}}],"collection":[{"href":"https:\/\/fracarro.com\/es\/wp-json\/wp\/v2\/product"}],"about":[{"href":"https:\/\/fracarro.com\/es\/wp-json\/wp\/v2\/types\/product"}],"wp:featuredmedia":[{"embeddable":true,"href":"https:\/\/fracarro.com\/es\/wp-json\/wp\/v2\/media\/188241"}],"wp:attachment":[{"href":"https:\/\/fracarro.com\/es\/wp-json\/wp\/v2\/media?parent=191401"}],"wp:term":[{"taxonomy":"product_brand","embeddable":true,"href":"https:\/\/fracarro.com\/es\/wp-json\/wp\/v2\/product_brand?post=191401"},{"taxonomy":"product_cat","embeddable":true,"href":"https:\/\/fracarro.com\/es\/wp-json\/wp\/v2\/product_cat?post=191401"},{"taxonomy":"product_tag","embeddable":true,"href":"https:\/\/fracarro.com\/es\/wp-json\/wp\/v2\/product_tag?post=191401"}],"curies":[{"name":"wp","href":"https:\/\/api.w.org\/{rel}","templated":true}]}}