{"id":191767,"date":"2026-01-26T09:48:31","date_gmt":"2026-01-26T09:48:31","guid":{"rendered":""},"modified":"2026-01-26T09:47:25","modified_gmt":"2026-01-26T09:47:25","slug":"287817-gx-box-dp-sfp","status":"publish","type":"product","link":"https:\/\/fracarro.com\/es\/producto\/287817-gx-box-dp-sfp\/","title":{"rendered":"GX-BOX-DP-SFP"},"content":{"rendered":"<p><strong>GALAXIA es la soluci\u00f3n modular de alta densidad de Fracarro<\/strong>, ideal para aplicaciones profesionales. Esta soluci\u00f3n es IP nativa y satisface todos los requisitos de distribuci\u00f3n de contenido de audio y v\u00eddeo.<\/p>\n<p>La cabecera GALAXIA cuenta con <strong>6 ranuras<\/strong> donde es posible instalar y combinar diversos tipos de m\u00f3dulos, como codificadores (p. ej., la tarjeta multientrada HDMI), receptores DVB-C, DVB-S2X\/S2 o DVB-T2\/T y tarjetas multimoduladoras DVB-T o DVB-C. La plataforma digital GALAXIA es una soluci\u00f3n completa que satisface todas las necesidades principales de transmisi\u00f3n de v\u00eddeo: recepci\u00f3n de se\u00f1ales, decodificaci\u00f3n, codificaci\u00f3n, multiplexaci\u00f3n, modulaci\u00f3n coaxial e IPTV (unicast y multicast SPTS\/MPTS). La soluci\u00f3n GALAXIA es la opci\u00f3n ideal y adecuada para el sector hotelero (hoteles, pueblos, campings, complejos tur\u00edsticos), el sector educativo (escuelas, campus universitarios), el sector sanitario (hospitales, residencias de ancianos), prisiones, barcos, edificios institucionales y, en general, todas las estructuras multiusuario. La cabecera GALAXIA tambi\u00e9n es la soluci\u00f3n ideal para gestionar contenidos IPTV y distribuirlos en la red IP a trav\u00e9s de las soluciones FRACARRO GPON.<\/p>\n","protected":false},"excerpt":{"rendered":"<p>GALAXIA es la soluci\u00f3n modular de alta densidad de Fracarro, ideal para aplicaciones profesionales. Esta soluci\u00f3n es IP nativa y satisface todos los requisitos de distribuci\u00f3n de contenido de audio y v\u00eddeo. La cabecera GALAXIA cuenta con 6 ranuras donde es posible instalar y combinar diversos tipos de m\u00f3dulos, como codificadores (p. ej., la tarjeta  [&#8230;]<\/p>\n","protected":false},"featured_media":187744,"template":"","meta":[],"product_brand":[],"product_cat":[54394],"product_tag":[],"class_list":{"0":"post-191767","1":"product","2":"type-product","3":"status-publish","4":"has-post-thumbnail","6":"product_cat-ser-chassis-galaxia","8":"first","9":"instock","10":"shipping-taxable","11":"product-type-simple"},"yoast_head":"<!-- This site is optimized with the Yoast SEO Premium plugin v26.5 (Yoast SEO v26.7) - https:\/\/yoast.com\/wordpress\/plugins\/seo\/ -->\n<title>GX-BOX-DP-SFP - Fracarro Radioindustrie SRL<\/title>\n<meta name=\"robots\" content=\"index, follow, max-snippet:-1, max-image-preview:large, max-video-preview:-1\" \/>\n<link rel=\"canonical\" href=\"https:\/\/fracarro.com\/es\/producto\/287817-gx-box-dp-sfp\/\" \/>\n<meta property=\"og:locale\" content=\"es_ES\" \/>\n<meta property=\"og:type\" content=\"article\" \/>\n<meta property=\"og:title\" content=\"GX-BOX-DP-SFP\" \/>\n<meta property=\"og:description\" content=\"GALAXIA es la soluci\u00f3n modular de alta densidad de Fracarro, ideal para aplicaciones profesionales. Esta soluci\u00f3n es IP nativa y satisface todos los requisitos de distribuci\u00f3n de contenido de audio y v\u00eddeo. La cabecera GALAXIA cuenta con 6 ranuras donde es posible instalar y combinar diversos tipos de m\u00f3dulos, como codificadores (p. ej., la tarjeta [...]\" \/>\n<meta property=\"og:url\" content=\"https:\/\/fracarro.com\/es\/producto\/287817-gx-box-dp-sfp\/\" \/>\n<meta property=\"og:site_name\" content=\"Fracarro Radioindustrie SRL\" \/>\n<meta property=\"article:publisher\" content=\"https:\/\/it-it.facebook.com\/fracarro\/\" \/>\n<meta property=\"og:image\" content=\"https:\/\/fracarro.com\/wp-content\/uploads\/onpage\/op_image_84103a471cf8aae4c386fab559a776702c2daa16.1980x.webp\" \/>\n\t<meta property=\"og:image:width\" content=\"1980\" \/>\n\t<meta property=\"og:image:height\" content=\"1980\" \/>\n\t<meta property=\"og:image:type\" content=\"image\/webp\" \/>\n<meta name=\"twitter:card\" content=\"summary_large_image\" \/>\n<meta name=\"twitter:site\" content=\"@fracarrotweets\" \/>\n<meta name=\"twitter:label1\" content=\"Tiempo de lectura\" \/>\n\t<meta name=\"twitter:data1\" content=\"1 minuto\" \/>\n<script type=\"application\/ld+json\" class=\"yoast-schema-graph\">{\"@context\":\"https:\/\/schema.org\",\"@graph\":[{\"@type\":\"WebPage\",\"@id\":\"https:\/\/fracarro.com\/es\/producto\/287817-gx-box-dp-sfp\/\",\"url\":\"https:\/\/fracarro.com\/es\/producto\/287817-gx-box-dp-sfp\/\",\"name\":\"GX-BOX-DP-SFP - Fracarro Radioindustrie SRL\",\"isPartOf\":{\"@id\":\"https:\/\/fracarro.com\/es\/#website\"},\"primaryImageOfPage\":{\"@id\":\"https:\/\/fracarro.com\/es\/producto\/287817-gx-box-dp-sfp\/#primaryimage\"},\"image\":{\"@id\":\"https:\/\/fracarro.com\/es\/producto\/287817-gx-box-dp-sfp\/#primaryimage\"},\"thumbnailUrl\":\"https:\/\/fracarro.com\/wp-content\/uploads\/onpage\/op_image_84103a471cf8aae4c386fab559a776702c2daa16.1980x.webp\",\"datePublished\":\"2026-01-26T09:48:31+00:00\",\"breadcrumb\":{\"@id\":\"https:\/\/fracarro.com\/es\/producto\/287817-gx-box-dp-sfp\/#breadcrumb\"},\"inLanguage\":\"es\",\"potentialAction\":[{\"@type\":\"ReadAction\",\"target\":[\"https:\/\/fracarro.com\/es\/producto\/287817-gx-box-dp-sfp\/\"]}]},{\"@type\":\"ImageObject\",\"inLanguage\":\"es\",\"@id\":\"https:\/\/fracarro.com\/es\/producto\/287817-gx-box-dp-sfp\/#primaryimage\",\"url\":\"https:\/\/fracarro.com\/wp-content\/uploads\/onpage\/op_image_84103a471cf8aae4c386fab559a776702c2daa16.1980x.webp\",\"contentUrl\":\"https:\/\/fracarro.com\/wp-content\/uploads\/onpage\/op_image_84103a471cf8aae4c386fab559a776702c2daa16.1980x.webp\",\"width\":1980,\"height\":1980},{\"@type\":\"BreadcrumbList\",\"@id\":\"https:\/\/fracarro.com\/es\/producto\/287817-gx-box-dp-sfp\/#breadcrumb\",\"itemListElement\":[{\"@type\":\"ListItem\",\"position\":1,\"name\":\"Home\",\"item\":\"https:\/\/fracarro.com\/es\/\"},{\"@type\":\"ListItem\",\"position\":2,\"name\":\"Producto\",\"item\":\"https:\/\/fracarro.com\/es\/producto\/\"},{\"@type\":\"ListItem\",\"position\":3,\"name\":\"GX-BOX-DP-SFP\"}]},{\"@type\":\"WebSite\",\"@id\":\"https:\/\/fracarro.com\/es\/#website\",\"url\":\"https:\/\/fracarro.com\/es\/\",\"name\":\"Fracarro Radioindustrie SRL\",\"description\":\"\",\"publisher\":{\"@id\":\"https:\/\/fracarro.com\/es\/#organization\"},\"potentialAction\":[{\"@type\":\"SearchAction\",\"target\":{\"@type\":\"EntryPoint\",\"urlTemplate\":\"https:\/\/fracarro.com\/es\/?s={search_term_string}\"},\"query-input\":{\"@type\":\"PropertyValueSpecification\",\"valueRequired\":true,\"valueName\":\"search_term_string\"}}],\"inLanguage\":\"es\"},{\"@type\":\"Organization\",\"@id\":\"https:\/\/fracarro.com\/es\/#organization\",\"name\":\"Fracarro Radioindustrie SRL\",\"url\":\"https:\/\/fracarro.com\/es\/\",\"logo\":{\"@type\":\"ImageObject\",\"inLanguage\":\"es\",\"@id\":\"https:\/\/fracarro.com\/es\/#\/schema\/logo\/image\/\",\"url\":\"https:\/\/fracarro.com\/wp-content\/uploads\/2020\/09\/Fracarro-logo530x67.png\",\"contentUrl\":\"https:\/\/fracarro.com\/wp-content\/uploads\/2020\/09\/Fracarro-logo530x67.png\",\"width\":530,\"height\":67,\"caption\":\"Fracarro Radioindustrie SRL\"},\"image\":{\"@id\":\"https:\/\/fracarro.com\/es\/#\/schema\/logo\/image\/\"},\"sameAs\":[\"https:\/\/it-it.facebook.com\/fracarro\/\",\"https:\/\/x.com\/fracarrotweets\",\"https:\/\/it.linkedin.com\/company\/fracarro-radioindustrie\",\"https:\/\/www.instagram.com\/fracarroradioindustrie\/\",\"https:\/\/www.youtube.com\/user\/FracarroOfficial?feature=watch\"]}]}<\/script>\n<!-- \/ Yoast SEO Premium plugin. -->","yoast_head_json":{"title":"GX-BOX-DP-SFP - Fracarro Radioindustrie SRL","robots":{"index":"index","follow":"follow","max-snippet":"max-snippet:-1","max-image-preview":"max-image-preview:large","max-video-preview":"max-video-preview:-1"},"canonical":"https:\/\/fracarro.com\/es\/producto\/287817-gx-box-dp-sfp\/","og_locale":"es_ES","og_type":"article","og_title":"GX-BOX-DP-SFP","og_description":"GALAXIA es la soluci\u00f3n modular de alta densidad de Fracarro, ideal para aplicaciones profesionales. Esta soluci\u00f3n es IP nativa y satisface todos los requisitos de distribuci\u00f3n de contenido de audio y v\u00eddeo. La cabecera GALAXIA cuenta con 6 ranuras donde es posible instalar y combinar diversos tipos de m\u00f3dulos, como codificadores (p. ej., la tarjeta [...]","og_url":"https:\/\/fracarro.com\/es\/producto\/287817-gx-box-dp-sfp\/","og_site_name":"Fracarro Radioindustrie SRL","article_publisher":"https:\/\/it-it.facebook.com\/fracarro\/","og_image":[{"width":1980,"height":1980,"url":"https:\/\/fracarro.com\/wp-content\/uploads\/onpage\/op_image_84103a471cf8aae4c386fab559a776702c2daa16.1980x.webp","type":"image\/webp"}],"twitter_card":"summary_large_image","twitter_site":"@fracarrotweets","twitter_misc":{"Tiempo de lectura":"1 minuto"},"schema":{"@context":"https:\/\/schema.org","@graph":[{"@type":"WebPage","@id":"https:\/\/fracarro.com\/es\/producto\/287817-gx-box-dp-sfp\/","url":"https:\/\/fracarro.com\/es\/producto\/287817-gx-box-dp-sfp\/","name":"GX-BOX-DP-SFP - Fracarro Radioindustrie SRL","isPartOf":{"@id":"https:\/\/fracarro.com\/es\/#website"},"primaryImageOfPage":{"@id":"https:\/\/fracarro.com\/es\/producto\/287817-gx-box-dp-sfp\/#primaryimage"},"image":{"@id":"https:\/\/fracarro.com\/es\/producto\/287817-gx-box-dp-sfp\/#primaryimage"},"thumbnailUrl":"https:\/\/fracarro.com\/wp-content\/uploads\/onpage\/op_image_84103a471cf8aae4c386fab559a776702c2daa16.1980x.webp","datePublished":"2026-01-26T09:48:31+00:00","breadcrumb":{"@id":"https:\/\/fracarro.com\/es\/producto\/287817-gx-box-dp-sfp\/#breadcrumb"},"inLanguage":"es","potentialAction":[{"@type":"ReadAction","target":["https:\/\/fracarro.com\/es\/producto\/287817-gx-box-dp-sfp\/"]}]},{"@type":"ImageObject","inLanguage":"es","@id":"https:\/\/fracarro.com\/es\/producto\/287817-gx-box-dp-sfp\/#primaryimage","url":"https:\/\/fracarro.com\/wp-content\/uploads\/onpage\/op_image_84103a471cf8aae4c386fab559a776702c2daa16.1980x.webp","contentUrl":"https:\/\/fracarro.com\/wp-content\/uploads\/onpage\/op_image_84103a471cf8aae4c386fab559a776702c2daa16.1980x.webp","width":1980,"height":1980},{"@type":"BreadcrumbList","@id":"https:\/\/fracarro.com\/es\/producto\/287817-gx-box-dp-sfp\/#breadcrumb","itemListElement":[{"@type":"ListItem","position":1,"name":"Home","item":"https:\/\/fracarro.com\/es\/"},{"@type":"ListItem","position":2,"name":"Producto","item":"https:\/\/fracarro.com\/es\/producto\/"},{"@type":"ListItem","position":3,"name":"GX-BOX-DP-SFP"}]},{"@type":"WebSite","@id":"https:\/\/fracarro.com\/es\/#website","url":"https:\/\/fracarro.com\/es\/","name":"Fracarro Radioindustrie SRL","description":"","publisher":{"@id":"https:\/\/fracarro.com\/es\/#organization"},"potentialAction":[{"@type":"SearchAction","target":{"@type":"EntryPoint","urlTemplate":"https:\/\/fracarro.com\/es\/?s={search_term_string}"},"query-input":{"@type":"PropertyValueSpecification","valueRequired":true,"valueName":"search_term_string"}}],"inLanguage":"es"},{"@type":"Organization","@id":"https:\/\/fracarro.com\/es\/#organization","name":"Fracarro Radioindustrie SRL","url":"https:\/\/fracarro.com\/es\/","logo":{"@type":"ImageObject","inLanguage":"es","@id":"https:\/\/fracarro.com\/es\/#\/schema\/logo\/image\/","url":"https:\/\/fracarro.com\/wp-content\/uploads\/2020\/09\/Fracarro-logo530x67.png","contentUrl":"https:\/\/fracarro.com\/wp-content\/uploads\/2020\/09\/Fracarro-logo530x67.png","width":530,"height":67,"caption":"Fracarro Radioindustrie SRL"},"image":{"@id":"https:\/\/fracarro.com\/es\/#\/schema\/logo\/image\/"},"sameAs":["https:\/\/it-it.facebook.com\/fracarro\/","https:\/\/x.com\/fracarrotweets","https:\/\/it.linkedin.com\/company\/fracarro-radioindustrie","https:\/\/www.instagram.com\/fracarroradioindustrie\/","https:\/\/www.youtube.com\/user\/FracarroOfficial?feature=watch"]}]}},"_links":{"self":[{"href":"https:\/\/fracarro.com\/es\/wp-json\/wp\/v2\/product\/191767","targetHints":{"allow":["GET"]}}],"collection":[{"href":"https:\/\/fracarro.com\/es\/wp-json\/wp\/v2\/product"}],"about":[{"href":"https:\/\/fracarro.com\/es\/wp-json\/wp\/v2\/types\/product"}],"wp:featuredmedia":[{"embeddable":true,"href":"https:\/\/fracarro.com\/es\/wp-json\/wp\/v2\/media\/187744"}],"wp:attachment":[{"href":"https:\/\/fracarro.com\/es\/wp-json\/wp\/v2\/media?parent=191767"}],"wp:term":[{"taxonomy":"product_brand","embeddable":true,"href":"https:\/\/fracarro.com\/es\/wp-json\/wp\/v2\/product_brand?post=191767"},{"taxonomy":"product_cat","embeddable":true,"href":"https:\/\/fracarro.com\/es\/wp-json\/wp\/v2\/product_cat?post=191767"},{"taxonomy":"product_tag","embeddable":true,"href":"https:\/\/fracarro.com\/es\/wp-json\/wp\/v2\/product_tag?post=191767"}],"curies":[{"name":"wp","href":"https:\/\/api.w.org\/{rel}","templated":true}]}}