{"id":191834,"date":"2026-01-26T09:48:34","date_gmt":"2026-01-26T09:48:34","guid":{"rendered":""},"modified":"2026-01-26T09:47:25","modified_gmt":"2026-01-26T09:47:25","slug":"287649-xdg-8s2-8t","status":"publish","type":"product","link":"https:\/\/fracarro.com\/es\/producto\/287649-xdg-8s2-8t\/","title":{"rendered":"XDG 8S2-8T"},"content":{"rendered":"<p><strong>XDG 8S2-8T<\/strong> es la cabecera digital FRACARRO de alto rendimiento ideal para gestionar programas de televisi\u00f3n en entornos de hosteler\u00eda multiusuario.<\/p>\n<p>La cabecera XDG 8S2-8T puede <strong>recibir de 8 transpondedores de sat\u00e9lite independientes (DVB-S\/S2\/S2X)<\/strong> no solo programas de libre acceso, sino tambi\u00e9n codificados (como tiv\u00f9sat) gracias a las tres ranuras de interfaz com\u00fan.<\/p>\n<p>La cabecera puede transmodular los programas de sat\u00e9lite procesados \u200b\u200by <strong>retransmitirlos en 8 m\u00faltiplex digitales DVB-T o 8 m\u00faltiplex DVB-C<\/strong> (modulaci\u00f3n de salida seleccionable durante la programaci\u00f3n).<\/p>\n<p>La central XDG 8S2-8T es la elecci\u00f3n perfecta y adecuada para los mercados de hosteler\u00eda (hoteles, pueblos, campings, complejos tur\u00edsticos), educaci\u00f3n (escuelas, campus universitarios) y atenci\u00f3n sanitaria (hospitales, residencias de ancianos). prisiones, barcos, edificios institucionales y en general todas las instalaciones multiusuario.<\/p>\n","protected":false},"excerpt":{"rendered":"<p>XDG 8S2-8T es la cabecera digital FRACARRO de alto rendimiento ideal para gestionar programas de televisi\u00f3n en entornos de hosteler\u00eda multiusuario. La cabecera XDG 8S2-8T puede recibir de 8 transpondedores de sat\u00e9lite independientes (DVB-S\/S2\/S2X) no solo programas de libre acceso, sino tambi\u00e9n codificados (como tiv\u00f9sat) gracias a las tres ranuras de interfaz com\u00fan. La cabecera  [&#8230;]<\/p>\n","protected":false},"featured_media":140158,"template":"","meta":[],"product_brand":[],"product_cat":[54170],"product_tag":[],"class_list":{"0":"post-191834","1":"product","2":"type-product","3":"status-publish","4":"has-post-thumbnail","6":"product_cat-satelite-s2","8":"first","9":"instock","10":"shipping-taxable","11":"product-type-simple"},"yoast_head":"<!-- This site is optimized with the Yoast SEO Premium plugin v26.5 (Yoast SEO v26.7) - https:\/\/yoast.com\/wordpress\/plugins\/seo\/ -->\n<title>XDG 8S2-8T - Fracarro Radioindustrie SRL<\/title>\n<meta name=\"robots\" content=\"index, follow, max-snippet:-1, max-image-preview:large, max-video-preview:-1\" \/>\n<link rel=\"canonical\" href=\"https:\/\/fracarro.com\/es\/producto\/287649-xdg-8s2-8t\/\" \/>\n<meta property=\"og:locale\" content=\"es_ES\" \/>\n<meta property=\"og:type\" content=\"article\" \/>\n<meta property=\"og:title\" content=\"XDG 8S2-8T\" \/>\n<meta property=\"og:description\" content=\"XDG 8S2-8T es la cabecera digital FRACARRO de alto rendimiento ideal para gestionar programas de televisi\u00f3n en entornos de hosteler\u00eda multiusuario. La cabecera XDG 8S2-8T puede recibir de 8 transpondedores de sat\u00e9lite independientes (DVB-S\/S2\/S2X) no solo programas de libre acceso, sino tambi\u00e9n codificados (como tiv\u00f9sat) gracias a las tres ranuras de interfaz com\u00fan. La cabecera [...]\" \/>\n<meta property=\"og:url\" content=\"https:\/\/fracarro.com\/es\/producto\/287649-xdg-8s2-8t\/\" \/>\n<meta property=\"og:site_name\" content=\"Fracarro Radioindustrie SRL\" \/>\n<meta property=\"article:publisher\" content=\"https:\/\/it-it.facebook.com\/fracarro\/\" \/>\n<meta property=\"og:image\" content=\"https:\/\/fracarro.com\/wp-content\/uploads\/onpage\/op_image_5c6599fa9f78e1671c1c1cb72d4e83ca8eeaf4d3.1980x.webp\" \/>\n\t<meta property=\"og:image:width\" content=\"1980\" \/>\n\t<meta property=\"og:image:height\" content=\"1980\" \/>\n\t<meta property=\"og:image:type\" content=\"image\/webp\" \/>\n<meta name=\"twitter:card\" content=\"summary_large_image\" \/>\n<meta name=\"twitter:site\" content=\"@fracarrotweets\" \/>\n<meta name=\"twitter:label1\" content=\"Tiempo de lectura\" \/>\n\t<meta name=\"twitter:data1\" content=\"1 minuto\" \/>\n<script type=\"application\/ld+json\" class=\"yoast-schema-graph\">{\"@context\":\"https:\/\/schema.org\",\"@graph\":[{\"@type\":\"WebPage\",\"@id\":\"https:\/\/fracarro.com\/es\/producto\/287649-xdg-8s2-8t\/\",\"url\":\"https:\/\/fracarro.com\/es\/producto\/287649-xdg-8s2-8t\/\",\"name\":\"XDG 8S2-8T - Fracarro Radioindustrie SRL\",\"isPartOf\":{\"@id\":\"https:\/\/fracarro.com\/es\/#website\"},\"primaryImageOfPage\":{\"@id\":\"https:\/\/fracarro.com\/es\/producto\/287649-xdg-8s2-8t\/#primaryimage\"},\"image\":{\"@id\":\"https:\/\/fracarro.com\/es\/producto\/287649-xdg-8s2-8t\/#primaryimage\"},\"thumbnailUrl\":\"https:\/\/fracarro.com\/wp-content\/uploads\/onpage\/op_image_5c6599fa9f78e1671c1c1cb72d4e83ca8eeaf4d3.1980x.webp\",\"datePublished\":\"2026-01-26T09:48:34+00:00\",\"breadcrumb\":{\"@id\":\"https:\/\/fracarro.com\/es\/producto\/287649-xdg-8s2-8t\/#breadcrumb\"},\"inLanguage\":\"es\",\"potentialAction\":[{\"@type\":\"ReadAction\",\"target\":[\"https:\/\/fracarro.com\/es\/producto\/287649-xdg-8s2-8t\/\"]}]},{\"@type\":\"ImageObject\",\"inLanguage\":\"es\",\"@id\":\"https:\/\/fracarro.com\/es\/producto\/287649-xdg-8s2-8t\/#primaryimage\",\"url\":\"https:\/\/fracarro.com\/wp-content\/uploads\/onpage\/op_image_5c6599fa9f78e1671c1c1cb72d4e83ca8eeaf4d3.1980x.webp\",\"contentUrl\":\"https:\/\/fracarro.com\/wp-content\/uploads\/onpage\/op_image_5c6599fa9f78e1671c1c1cb72d4e83ca8eeaf4d3.1980x.webp\",\"width\":1980,\"height\":1980},{\"@type\":\"BreadcrumbList\",\"@id\":\"https:\/\/fracarro.com\/es\/producto\/287649-xdg-8s2-8t\/#breadcrumb\",\"itemListElement\":[{\"@type\":\"ListItem\",\"position\":1,\"name\":\"Home\",\"item\":\"https:\/\/fracarro.com\/es\/\"},{\"@type\":\"ListItem\",\"position\":2,\"name\":\"Producto\",\"item\":\"https:\/\/fracarro.com\/es\/producto\/\"},{\"@type\":\"ListItem\",\"position\":3,\"name\":\"XDG 8S2-8T\"}]},{\"@type\":\"WebSite\",\"@id\":\"https:\/\/fracarro.com\/es\/#website\",\"url\":\"https:\/\/fracarro.com\/es\/\",\"name\":\"Fracarro Radioindustrie SRL\",\"description\":\"\",\"publisher\":{\"@id\":\"https:\/\/fracarro.com\/es\/#organization\"},\"potentialAction\":[{\"@type\":\"SearchAction\",\"target\":{\"@type\":\"EntryPoint\",\"urlTemplate\":\"https:\/\/fracarro.com\/es\/?s={search_term_string}\"},\"query-input\":{\"@type\":\"PropertyValueSpecification\",\"valueRequired\":true,\"valueName\":\"search_term_string\"}}],\"inLanguage\":\"es\"},{\"@type\":\"Organization\",\"@id\":\"https:\/\/fracarro.com\/es\/#organization\",\"name\":\"Fracarro Radioindustrie SRL\",\"url\":\"https:\/\/fracarro.com\/es\/\",\"logo\":{\"@type\":\"ImageObject\",\"inLanguage\":\"es\",\"@id\":\"https:\/\/fracarro.com\/es\/#\/schema\/logo\/image\/\",\"url\":\"https:\/\/fracarro.com\/wp-content\/uploads\/2020\/09\/Fracarro-logo530x67.png\",\"contentUrl\":\"https:\/\/fracarro.com\/wp-content\/uploads\/2020\/09\/Fracarro-logo530x67.png\",\"width\":530,\"height\":67,\"caption\":\"Fracarro Radioindustrie SRL\"},\"image\":{\"@id\":\"https:\/\/fracarro.com\/es\/#\/schema\/logo\/image\/\"},\"sameAs\":[\"https:\/\/it-it.facebook.com\/fracarro\/\",\"https:\/\/x.com\/fracarrotweets\",\"https:\/\/it.linkedin.com\/company\/fracarro-radioindustrie\",\"https:\/\/www.instagram.com\/fracarroradioindustrie\/\",\"https:\/\/www.youtube.com\/user\/FracarroOfficial?feature=watch\"]}]}<\/script>\n<!-- \/ Yoast SEO Premium plugin. -->","yoast_head_json":{"title":"XDG 8S2-8T - Fracarro Radioindustrie SRL","robots":{"index":"index","follow":"follow","max-snippet":"max-snippet:-1","max-image-preview":"max-image-preview:large","max-video-preview":"max-video-preview:-1"},"canonical":"https:\/\/fracarro.com\/es\/producto\/287649-xdg-8s2-8t\/","og_locale":"es_ES","og_type":"article","og_title":"XDG 8S2-8T","og_description":"XDG 8S2-8T es la cabecera digital FRACARRO de alto rendimiento ideal para gestionar programas de televisi\u00f3n en entornos de hosteler\u00eda multiusuario. La cabecera XDG 8S2-8T puede recibir de 8 transpondedores de sat\u00e9lite independientes (DVB-S\/S2\/S2X) no solo programas de libre acceso, sino tambi\u00e9n codificados (como tiv\u00f9sat) gracias a las tres ranuras de interfaz com\u00fan. La cabecera [...]","og_url":"https:\/\/fracarro.com\/es\/producto\/287649-xdg-8s2-8t\/","og_site_name":"Fracarro Radioindustrie SRL","article_publisher":"https:\/\/it-it.facebook.com\/fracarro\/","og_image":[{"width":1980,"height":1980,"url":"https:\/\/fracarro.com\/wp-content\/uploads\/onpage\/op_image_5c6599fa9f78e1671c1c1cb72d4e83ca8eeaf4d3.1980x.webp","type":"image\/webp"}],"twitter_card":"summary_large_image","twitter_site":"@fracarrotweets","twitter_misc":{"Tiempo de lectura":"1 minuto"},"schema":{"@context":"https:\/\/schema.org","@graph":[{"@type":"WebPage","@id":"https:\/\/fracarro.com\/es\/producto\/287649-xdg-8s2-8t\/","url":"https:\/\/fracarro.com\/es\/producto\/287649-xdg-8s2-8t\/","name":"XDG 8S2-8T - Fracarro Radioindustrie SRL","isPartOf":{"@id":"https:\/\/fracarro.com\/es\/#website"},"primaryImageOfPage":{"@id":"https:\/\/fracarro.com\/es\/producto\/287649-xdg-8s2-8t\/#primaryimage"},"image":{"@id":"https:\/\/fracarro.com\/es\/producto\/287649-xdg-8s2-8t\/#primaryimage"},"thumbnailUrl":"https:\/\/fracarro.com\/wp-content\/uploads\/onpage\/op_image_5c6599fa9f78e1671c1c1cb72d4e83ca8eeaf4d3.1980x.webp","datePublished":"2026-01-26T09:48:34+00:00","breadcrumb":{"@id":"https:\/\/fracarro.com\/es\/producto\/287649-xdg-8s2-8t\/#breadcrumb"},"inLanguage":"es","potentialAction":[{"@type":"ReadAction","target":["https:\/\/fracarro.com\/es\/producto\/287649-xdg-8s2-8t\/"]}]},{"@type":"ImageObject","inLanguage":"es","@id":"https:\/\/fracarro.com\/es\/producto\/287649-xdg-8s2-8t\/#primaryimage","url":"https:\/\/fracarro.com\/wp-content\/uploads\/onpage\/op_image_5c6599fa9f78e1671c1c1cb72d4e83ca8eeaf4d3.1980x.webp","contentUrl":"https:\/\/fracarro.com\/wp-content\/uploads\/onpage\/op_image_5c6599fa9f78e1671c1c1cb72d4e83ca8eeaf4d3.1980x.webp","width":1980,"height":1980},{"@type":"BreadcrumbList","@id":"https:\/\/fracarro.com\/es\/producto\/287649-xdg-8s2-8t\/#breadcrumb","itemListElement":[{"@type":"ListItem","position":1,"name":"Home","item":"https:\/\/fracarro.com\/es\/"},{"@type":"ListItem","position":2,"name":"Producto","item":"https:\/\/fracarro.com\/es\/producto\/"},{"@type":"ListItem","position":3,"name":"XDG 8S2-8T"}]},{"@type":"WebSite","@id":"https:\/\/fracarro.com\/es\/#website","url":"https:\/\/fracarro.com\/es\/","name":"Fracarro Radioindustrie SRL","description":"","publisher":{"@id":"https:\/\/fracarro.com\/es\/#organization"},"potentialAction":[{"@type":"SearchAction","target":{"@type":"EntryPoint","urlTemplate":"https:\/\/fracarro.com\/es\/?s={search_term_string}"},"query-input":{"@type":"PropertyValueSpecification","valueRequired":true,"valueName":"search_term_string"}}],"inLanguage":"es"},{"@type":"Organization","@id":"https:\/\/fracarro.com\/es\/#organization","name":"Fracarro Radioindustrie SRL","url":"https:\/\/fracarro.com\/es\/","logo":{"@type":"ImageObject","inLanguage":"es","@id":"https:\/\/fracarro.com\/es\/#\/schema\/logo\/image\/","url":"https:\/\/fracarro.com\/wp-content\/uploads\/2020\/09\/Fracarro-logo530x67.png","contentUrl":"https:\/\/fracarro.com\/wp-content\/uploads\/2020\/09\/Fracarro-logo530x67.png","width":530,"height":67,"caption":"Fracarro Radioindustrie SRL"},"image":{"@id":"https:\/\/fracarro.com\/es\/#\/schema\/logo\/image\/"},"sameAs":["https:\/\/it-it.facebook.com\/fracarro\/","https:\/\/x.com\/fracarrotweets","https:\/\/it.linkedin.com\/company\/fracarro-radioindustrie","https:\/\/www.instagram.com\/fracarroradioindustrie\/","https:\/\/www.youtube.com\/user\/FracarroOfficial?feature=watch"]}]}},"_links":{"self":[{"href":"https:\/\/fracarro.com\/es\/wp-json\/wp\/v2\/product\/191834","targetHints":{"allow":["GET"]}}],"collection":[{"href":"https:\/\/fracarro.com\/es\/wp-json\/wp\/v2\/product"}],"about":[{"href":"https:\/\/fracarro.com\/es\/wp-json\/wp\/v2\/types\/product"}],"wp:featuredmedia":[{"embeddable":true,"href":"https:\/\/fracarro.com\/es\/wp-json\/wp\/v2\/media\/140158"}],"wp:attachment":[{"href":"https:\/\/fracarro.com\/es\/wp-json\/wp\/v2\/media?parent=191834"}],"wp:term":[{"taxonomy":"product_brand","embeddable":true,"href":"https:\/\/fracarro.com\/es\/wp-json\/wp\/v2\/product_brand?post=191834"},{"taxonomy":"product_cat","embeddable":true,"href":"https:\/\/fracarro.com\/es\/wp-json\/wp\/v2\/product_cat?post=191834"},{"taxonomy":"product_tag","embeddable":true,"href":"https:\/\/fracarro.com\/es\/wp-json\/wp\/v2\/product_tag?post=191834"}],"curies":[{"name":"wp","href":"https:\/\/api.w.org\/{rel}","templated":true}]}}