{"id":191838,"date":"2026-01-26T09:48:34","date_gmt":"2026-01-26T09:48:34","guid":{"rendered":""},"modified":"2026-01-26T09:47:25","modified_gmt":"2026-01-26T09:47:25","slug":"287764-fsw-948c-6sfp","status":"publish","type":"product","link":"https:\/\/fracarro.com\/es\/producto\/287764-fsw-948c-6sfp\/","title":{"rendered":"FSW-948C-6SFP+"},"content":{"rendered":"<p>Dise\u00f1ado para la agregaci\u00f3n y distribuci\u00f3n de flujos de IPTV de ultra alta densidad en entornos de misi\u00f3n cr\u00edtica, el switch <strong>FSW-948C-6SFP+ <\/strong>es la soluci\u00f3n ideal de clase Enterprise para la integraci\u00f3n con cabeceras avanzadas (Headends) como 3DG-FLEX y GALAXIA. Gracias a su arquitectura escalable y alta capacidad de conmutaci\u00f3n (switching), se posiciona como el Centro de Estrella (<strong>Capa de Core\/Agregaci\u00f3n<\/strong>) perfecto para redes multiservicio modernas.<\/p>\n<p>El FSW-948C-6SFP+ responde a las exigencias de las arquitecturas multiservicio actuales. Su motor de hardware gestiona una<strong> tasa de reenv\u00edo (forwarding rate) de hasta 600 Mpps<\/strong>, garantizando un rendimiento de velocidad de cable (wire-speed) y la eliminaci\u00f3n de cuellos de botella. Esta potencia de c\u00f3mputo permite un <strong>Enrutamiento Multicast Avanzado<\/strong>, optimizado para tr\u00e1fico sensible a la latencia y al jitter \u2014como IPTV, videovigilancia HD y flujos 4K\u2014, combinando de forma nativa la eficiencia de <strong>Capa 2 (IGMP Snooping)<\/strong> con el enrutamiento de <strong>Capa 3 (PIM-SM\/DM)<\/strong>.<\/p>\n<p>El dispositivo ofrece conectividad de Alta Densidad con <strong>48 puertos Gigabit Ethernet (GE)<\/strong> para el acceso masivo de terminales. Adicionalmente, dispone de <strong>6 puertos 10GE SFP+<\/strong> para enlaces ascendentes (uplinks) de <strong>alta capacidad o configuraciones de Apilamiento\/Stacking<\/strong> (con switches de la misma serie). La arquitectura de tolerancia a fallos asegura la<strong> Continuidad del Negocio <\/strong>mediante ranuras para fuentes de alimentaci\u00f3n redundantes e intercambiables en caliente (<strong>Hot-Swap<\/strong>) de 220V AC, dise\u00f1adas para eliminar los tiempos de inactividad en despliegues operativos cr\u00edticos.<\/p>\n","protected":false},"excerpt":{"rendered":"<p>Dise\u00f1ado para la agregaci\u00f3n y distribuci\u00f3n de flujos de IPTV de ultra alta densidad en entornos de misi\u00f3n cr\u00edtica, el switch FSW-948C-6SFP+ es la soluci\u00f3n ideal de clase Enterprise para la integraci\u00f3n con cabeceras avanzadas (Headends) como 3DG-FLEX y GALAXIA. Gracias a su arquitectura escalable y alta capacidad de conmutaci\u00f3n (switching), se posiciona como el  [&#8230;]<\/p>\n","protected":false},"featured_media":185970,"template":"","meta":[],"product_brand":[],"product_cat":[54402],"product_tag":[],"class_list":{"0":"post-191838","1":"product","2":"type-product","3":"status-publish","4":"has-post-thumbnail","6":"product_cat-ser-managed","8":"first","9":"instock","10":"shipping-taxable","11":"product-type-simple"},"yoast_head":"<!-- This site is optimized with the Yoast SEO Premium plugin v26.5 (Yoast SEO v26.7) - https:\/\/yoast.com\/wordpress\/plugins\/seo\/ -->\n<title>FSW-948C-6SFP+ - Fracarro Radioindustrie SRL<\/title>\n<meta name=\"robots\" content=\"index, follow, max-snippet:-1, max-image-preview:large, max-video-preview:-1\" \/>\n<link rel=\"canonical\" href=\"https:\/\/fracarro.com\/es\/producto\/287764-fsw-948c-6sfp\/\" \/>\n<meta property=\"og:locale\" content=\"es_ES\" \/>\n<meta property=\"og:type\" content=\"article\" \/>\n<meta property=\"og:title\" content=\"FSW-948C-6SFP+\" \/>\n<meta property=\"og:description\" content=\"Dise\u00f1ado para la agregaci\u00f3n y distribuci\u00f3n de flujos de IPTV de ultra alta densidad en entornos de misi\u00f3n cr\u00edtica, el switch FSW-948C-6SFP+ es la soluci\u00f3n ideal de clase Enterprise para la integraci\u00f3n con cabeceras avanzadas (Headends) como 3DG-FLEX y GALAXIA. Gracias a su arquitectura escalable y alta capacidad de conmutaci\u00f3n (switching), se posiciona como el [...]\" \/>\n<meta property=\"og:url\" content=\"https:\/\/fracarro.com\/es\/producto\/287764-fsw-948c-6sfp\/\" \/>\n<meta property=\"og:site_name\" content=\"Fracarro Radioindustrie SRL\" \/>\n<meta property=\"article:publisher\" content=\"https:\/\/it-it.facebook.com\/fracarro\/\" \/>\n<meta property=\"og:image\" content=\"https:\/\/fracarro.com\/wp-content\/uploads\/onpage\/op_image_b4753db6a8f47873bba3c3df89d7664bfa2502d7.1980x.webp\" \/>\n\t<meta property=\"og:image:width\" content=\"1980\" \/>\n\t<meta property=\"og:image:height\" content=\"1980\" \/>\n\t<meta property=\"og:image:type\" content=\"image\/webp\" \/>\n<meta name=\"twitter:card\" content=\"summary_large_image\" \/>\n<meta name=\"twitter:site\" content=\"@fracarrotweets\" \/>\n<meta name=\"twitter:label1\" content=\"Tiempo de lectura\" \/>\n\t<meta name=\"twitter:data1\" content=\"1 minuto\" \/>\n<script type=\"application\/ld+json\" class=\"yoast-schema-graph\">{\"@context\":\"https:\/\/schema.org\",\"@graph\":[{\"@type\":\"WebPage\",\"@id\":\"https:\/\/fracarro.com\/es\/producto\/287764-fsw-948c-6sfp\/\",\"url\":\"https:\/\/fracarro.com\/es\/producto\/287764-fsw-948c-6sfp\/\",\"name\":\"FSW-948C-6SFP+ - Fracarro Radioindustrie SRL\",\"isPartOf\":{\"@id\":\"https:\/\/fracarro.com\/es\/#website\"},\"primaryImageOfPage\":{\"@id\":\"https:\/\/fracarro.com\/es\/producto\/287764-fsw-948c-6sfp\/#primaryimage\"},\"image\":{\"@id\":\"https:\/\/fracarro.com\/es\/producto\/287764-fsw-948c-6sfp\/#primaryimage\"},\"thumbnailUrl\":\"https:\/\/fracarro.com\/wp-content\/uploads\/onpage\/op_image_b4753db6a8f47873bba3c3df89d7664bfa2502d7.1980x.webp\",\"datePublished\":\"2026-01-26T09:48:34+00:00\",\"breadcrumb\":{\"@id\":\"https:\/\/fracarro.com\/es\/producto\/287764-fsw-948c-6sfp\/#breadcrumb\"},\"inLanguage\":\"es\",\"potentialAction\":[{\"@type\":\"ReadAction\",\"target\":[\"https:\/\/fracarro.com\/es\/producto\/287764-fsw-948c-6sfp\/\"]}]},{\"@type\":\"ImageObject\",\"inLanguage\":\"es\",\"@id\":\"https:\/\/fracarro.com\/es\/producto\/287764-fsw-948c-6sfp\/#primaryimage\",\"url\":\"https:\/\/fracarro.com\/wp-content\/uploads\/onpage\/op_image_b4753db6a8f47873bba3c3df89d7664bfa2502d7.1980x.webp\",\"contentUrl\":\"https:\/\/fracarro.com\/wp-content\/uploads\/onpage\/op_image_b4753db6a8f47873bba3c3df89d7664bfa2502d7.1980x.webp\",\"width\":1980,\"height\":1980},{\"@type\":\"BreadcrumbList\",\"@id\":\"https:\/\/fracarro.com\/es\/producto\/287764-fsw-948c-6sfp\/#breadcrumb\",\"itemListElement\":[{\"@type\":\"ListItem\",\"position\":1,\"name\":\"Home\",\"item\":\"https:\/\/fracarro.com\/es\/\"},{\"@type\":\"ListItem\",\"position\":2,\"name\":\"Producto\",\"item\":\"https:\/\/fracarro.com\/es\/producto\/\"},{\"@type\":\"ListItem\",\"position\":3,\"name\":\"FSW-948C-6SFP+\"}]},{\"@type\":\"WebSite\",\"@id\":\"https:\/\/fracarro.com\/es\/#website\",\"url\":\"https:\/\/fracarro.com\/es\/\",\"name\":\"Fracarro Radioindustrie SRL\",\"description\":\"\",\"publisher\":{\"@id\":\"https:\/\/fracarro.com\/es\/#organization\"},\"potentialAction\":[{\"@type\":\"SearchAction\",\"target\":{\"@type\":\"EntryPoint\",\"urlTemplate\":\"https:\/\/fracarro.com\/es\/?s={search_term_string}\"},\"query-input\":{\"@type\":\"PropertyValueSpecification\",\"valueRequired\":true,\"valueName\":\"search_term_string\"}}],\"inLanguage\":\"es\"},{\"@type\":\"Organization\",\"@id\":\"https:\/\/fracarro.com\/es\/#organization\",\"name\":\"Fracarro Radioindustrie SRL\",\"url\":\"https:\/\/fracarro.com\/es\/\",\"logo\":{\"@type\":\"ImageObject\",\"inLanguage\":\"es\",\"@id\":\"https:\/\/fracarro.com\/es\/#\/schema\/logo\/image\/\",\"url\":\"https:\/\/fracarro.com\/wp-content\/uploads\/2020\/09\/Fracarro-logo530x67.png\",\"contentUrl\":\"https:\/\/fracarro.com\/wp-content\/uploads\/2020\/09\/Fracarro-logo530x67.png\",\"width\":530,\"height\":67,\"caption\":\"Fracarro Radioindustrie SRL\"},\"image\":{\"@id\":\"https:\/\/fracarro.com\/es\/#\/schema\/logo\/image\/\"},\"sameAs\":[\"https:\/\/it-it.facebook.com\/fracarro\/\",\"https:\/\/x.com\/fracarrotweets\",\"https:\/\/it.linkedin.com\/company\/fracarro-radioindustrie\",\"https:\/\/www.instagram.com\/fracarroradioindustrie\/\",\"https:\/\/www.youtube.com\/user\/FracarroOfficial?feature=watch\"]}]}<\/script>\n<!-- \/ Yoast SEO Premium plugin. -->","yoast_head_json":{"title":"FSW-948C-6SFP+ - Fracarro Radioindustrie SRL","robots":{"index":"index","follow":"follow","max-snippet":"max-snippet:-1","max-image-preview":"max-image-preview:large","max-video-preview":"max-video-preview:-1"},"canonical":"https:\/\/fracarro.com\/es\/producto\/287764-fsw-948c-6sfp\/","og_locale":"es_ES","og_type":"article","og_title":"FSW-948C-6SFP+","og_description":"Dise\u00f1ado para la agregaci\u00f3n y distribuci\u00f3n de flujos de IPTV de ultra alta densidad en entornos de misi\u00f3n cr\u00edtica, el switch FSW-948C-6SFP+ es la soluci\u00f3n ideal de clase Enterprise para la integraci\u00f3n con cabeceras avanzadas (Headends) como 3DG-FLEX y GALAXIA. Gracias a su arquitectura escalable y alta capacidad de conmutaci\u00f3n (switching), se posiciona como el [...]","og_url":"https:\/\/fracarro.com\/es\/producto\/287764-fsw-948c-6sfp\/","og_site_name":"Fracarro Radioindustrie SRL","article_publisher":"https:\/\/it-it.facebook.com\/fracarro\/","og_image":[{"width":1980,"height":1980,"url":"https:\/\/fracarro.com\/wp-content\/uploads\/onpage\/op_image_b4753db6a8f47873bba3c3df89d7664bfa2502d7.1980x.webp","type":"image\/webp"}],"twitter_card":"summary_large_image","twitter_site":"@fracarrotweets","twitter_misc":{"Tiempo de lectura":"1 minuto"},"schema":{"@context":"https:\/\/schema.org","@graph":[{"@type":"WebPage","@id":"https:\/\/fracarro.com\/es\/producto\/287764-fsw-948c-6sfp\/","url":"https:\/\/fracarro.com\/es\/producto\/287764-fsw-948c-6sfp\/","name":"FSW-948C-6SFP+ - Fracarro Radioindustrie SRL","isPartOf":{"@id":"https:\/\/fracarro.com\/es\/#website"},"primaryImageOfPage":{"@id":"https:\/\/fracarro.com\/es\/producto\/287764-fsw-948c-6sfp\/#primaryimage"},"image":{"@id":"https:\/\/fracarro.com\/es\/producto\/287764-fsw-948c-6sfp\/#primaryimage"},"thumbnailUrl":"https:\/\/fracarro.com\/wp-content\/uploads\/onpage\/op_image_b4753db6a8f47873bba3c3df89d7664bfa2502d7.1980x.webp","datePublished":"2026-01-26T09:48:34+00:00","breadcrumb":{"@id":"https:\/\/fracarro.com\/es\/producto\/287764-fsw-948c-6sfp\/#breadcrumb"},"inLanguage":"es","potentialAction":[{"@type":"ReadAction","target":["https:\/\/fracarro.com\/es\/producto\/287764-fsw-948c-6sfp\/"]}]},{"@type":"ImageObject","inLanguage":"es","@id":"https:\/\/fracarro.com\/es\/producto\/287764-fsw-948c-6sfp\/#primaryimage","url":"https:\/\/fracarro.com\/wp-content\/uploads\/onpage\/op_image_b4753db6a8f47873bba3c3df89d7664bfa2502d7.1980x.webp","contentUrl":"https:\/\/fracarro.com\/wp-content\/uploads\/onpage\/op_image_b4753db6a8f47873bba3c3df89d7664bfa2502d7.1980x.webp","width":1980,"height":1980},{"@type":"BreadcrumbList","@id":"https:\/\/fracarro.com\/es\/producto\/287764-fsw-948c-6sfp\/#breadcrumb","itemListElement":[{"@type":"ListItem","position":1,"name":"Home","item":"https:\/\/fracarro.com\/es\/"},{"@type":"ListItem","position":2,"name":"Producto","item":"https:\/\/fracarro.com\/es\/producto\/"},{"@type":"ListItem","position":3,"name":"FSW-948C-6SFP+"}]},{"@type":"WebSite","@id":"https:\/\/fracarro.com\/es\/#website","url":"https:\/\/fracarro.com\/es\/","name":"Fracarro Radioindustrie SRL","description":"","publisher":{"@id":"https:\/\/fracarro.com\/es\/#organization"},"potentialAction":[{"@type":"SearchAction","target":{"@type":"EntryPoint","urlTemplate":"https:\/\/fracarro.com\/es\/?s={search_term_string}"},"query-input":{"@type":"PropertyValueSpecification","valueRequired":true,"valueName":"search_term_string"}}],"inLanguage":"es"},{"@type":"Organization","@id":"https:\/\/fracarro.com\/es\/#organization","name":"Fracarro Radioindustrie SRL","url":"https:\/\/fracarro.com\/es\/","logo":{"@type":"ImageObject","inLanguage":"es","@id":"https:\/\/fracarro.com\/es\/#\/schema\/logo\/image\/","url":"https:\/\/fracarro.com\/wp-content\/uploads\/2020\/09\/Fracarro-logo530x67.png","contentUrl":"https:\/\/fracarro.com\/wp-content\/uploads\/2020\/09\/Fracarro-logo530x67.png","width":530,"height":67,"caption":"Fracarro Radioindustrie SRL"},"image":{"@id":"https:\/\/fracarro.com\/es\/#\/schema\/logo\/image\/"},"sameAs":["https:\/\/it-it.facebook.com\/fracarro\/","https:\/\/x.com\/fracarrotweets","https:\/\/it.linkedin.com\/company\/fracarro-radioindustrie","https:\/\/www.instagram.com\/fracarroradioindustrie\/","https:\/\/www.youtube.com\/user\/FracarroOfficial?feature=watch"]}]}},"_links":{"self":[{"href":"https:\/\/fracarro.com\/es\/wp-json\/wp\/v2\/product\/191838","targetHints":{"allow":["GET"]}}],"collection":[{"href":"https:\/\/fracarro.com\/es\/wp-json\/wp\/v2\/product"}],"about":[{"href":"https:\/\/fracarro.com\/es\/wp-json\/wp\/v2\/types\/product"}],"wp:featuredmedia":[{"embeddable":true,"href":"https:\/\/fracarro.com\/es\/wp-json\/wp\/v2\/media\/185970"}],"wp:attachment":[{"href":"https:\/\/fracarro.com\/es\/wp-json\/wp\/v2\/media?parent=191838"}],"wp:term":[{"taxonomy":"product_brand","embeddable":true,"href":"https:\/\/fracarro.com\/es\/wp-json\/wp\/v2\/product_brand?post=191838"},{"taxonomy":"product_cat","embeddable":true,"href":"https:\/\/fracarro.com\/es\/wp-json\/wp\/v2\/product_cat?post=191838"},{"taxonomy":"product_tag","embeddable":true,"href":"https:\/\/fracarro.com\/es\/wp-json\/wp\/v2\/product_tag?post=191838"}],"curies":[{"name":"wp","href":"https:\/\/api.w.org\/{rel}","templated":true}]}}