{"id":191846,"date":"2026-01-26T09:48:34","date_gmt":"2026-01-26T09:48:34","guid":{"rendered":""},"modified":"2026-01-26T09:47:25","modified_gmt":"2026-01-26T09:47:25","slug":"287766-fsw-848-4sfp","status":"publish","type":"product","link":"https:\/\/fracarro.com\/es\/producto\/287766-fsw-848-4sfp\/","title":{"rendered":"FSW-848-4SFP+"},"content":{"rendered":"<p>El switch <strong>FSW-848-4SFP+<\/strong> es una soluci\u00f3n de conmutaci\u00f3n de <strong>Capa 2+ (Layer 2+)<\/strong> de alta densidad, dise\u00f1ada espec\u00edficamente para los <strong>segmentos de agregaci\u00f3n y distribuci\u00f3n secundaria <\/strong>dentro de arquitecturas de red complejas. La arquitectura de hardware est\u00e1 optimizada para la <strong>gesti\u00f3n cr\u00edtica del tr\u00e1fico multicast<\/strong>, garantizando la m\u00e1xima eficiencia en la entrega de servicios IPTV de clase portadora (carrier-grade) originados en sistemas de cabecera (Headend) profesionales como 3DG-FLEX y GALAXIA. La integraci\u00f3n avanzada del protocolo<strong> IGMP Snooping <\/strong>permite una segmentaci\u00f3n din\u00e1mica del tr\u00e1fico que evita la saturaci\u00f3n por difusi\u00f3n (packet flooding) intra-VLAN.<\/p>\n<p>La configuraci\u00f3n de hardware del dispositivo destaca por sus <strong>48 interfaces Gigabit Ethernet <\/strong>destinadas a una conectividad masiva de servicios de red, complementadas por<strong> 4 slots SFP+ de 10Gbps<\/strong> dedicados exclusivamente a funciones de enlace ascendente (uplink) de banda ancha o a la implementaci\u00f3n de apilamiento f\u00edsico (hardware stacking). Esta capacidad de stacking, limitada a dispositivos de la misma serie.<\/p>\n","protected":false},"excerpt":{"rendered":"<p>El switch FSW-848-4SFP+ es una soluci\u00f3n de conmutaci\u00f3n de Capa 2+ (Layer 2+) de alta densidad, dise\u00f1ada espec\u00edficamente para los segmentos de agregaci\u00f3n y distribuci\u00f3n secundaria dentro de arquitecturas de red complejas. La arquitectura de hardware est\u00e1 optimizada para la gesti\u00f3n cr\u00edtica del tr\u00e1fico multicast, garantizando la m\u00e1xima eficiencia en la entrega de servicios IPTV  [&#8230;]<\/p>\n","protected":false},"featured_media":187030,"template":"","meta":[],"product_brand":[],"product_cat":[54402],"product_tag":[],"class_list":{"0":"post-191846","1":"product","2":"type-product","3":"status-publish","4":"has-post-thumbnail","6":"product_cat-ser-managed","8":"first","9":"instock","10":"shipping-taxable","11":"product-type-simple"},"yoast_head":"<!-- This site is optimized with the Yoast SEO Premium plugin v26.5 (Yoast SEO v26.7) - https:\/\/yoast.com\/wordpress\/plugins\/seo\/ -->\n<title>FSW-848-4SFP+ - Fracarro Radioindustrie SRL<\/title>\n<meta name=\"robots\" content=\"index, follow, max-snippet:-1, max-image-preview:large, max-video-preview:-1\" \/>\n<link rel=\"canonical\" href=\"https:\/\/fracarro.com\/es\/producto\/287766-fsw-848-4sfp\/\" \/>\n<meta property=\"og:locale\" content=\"es_ES\" \/>\n<meta property=\"og:type\" content=\"article\" \/>\n<meta property=\"og:title\" content=\"FSW-848-4SFP+\" \/>\n<meta property=\"og:description\" content=\"El switch FSW-848-4SFP+ es una soluci\u00f3n de conmutaci\u00f3n de Capa 2+ (Layer 2+) de alta densidad, dise\u00f1ada espec\u00edficamente para los segmentos de agregaci\u00f3n y distribuci\u00f3n secundaria dentro de arquitecturas de red complejas. La arquitectura de hardware est\u00e1 optimizada para la gesti\u00f3n cr\u00edtica del tr\u00e1fico multicast, garantizando la m\u00e1xima eficiencia en la entrega de servicios IPTV [...]\" \/>\n<meta property=\"og:url\" content=\"https:\/\/fracarro.com\/es\/producto\/287766-fsw-848-4sfp\/\" \/>\n<meta property=\"og:site_name\" content=\"Fracarro Radioindustrie SRL\" \/>\n<meta property=\"article:publisher\" content=\"https:\/\/it-it.facebook.com\/fracarro\/\" \/>\n<meta property=\"og:image\" content=\"https:\/\/fracarro.com\/wp-content\/uploads\/onpage\/op_image_e73bad3eb2bc141d90d6ed0d573c95d2b57c2b12.1980x.webp\" \/>\n\t<meta property=\"og:image:width\" content=\"1980\" \/>\n\t<meta property=\"og:image:height\" content=\"1980\" \/>\n\t<meta property=\"og:image:type\" content=\"image\/webp\" \/>\n<meta name=\"twitter:card\" content=\"summary_large_image\" \/>\n<meta name=\"twitter:site\" content=\"@fracarrotweets\" \/>\n<meta name=\"twitter:label1\" content=\"Tiempo de lectura\" \/>\n\t<meta name=\"twitter:data1\" content=\"1 minuto\" \/>\n<script type=\"application\/ld+json\" class=\"yoast-schema-graph\">{\"@context\":\"https:\/\/schema.org\",\"@graph\":[{\"@type\":\"WebPage\",\"@id\":\"https:\/\/fracarro.com\/es\/producto\/287766-fsw-848-4sfp\/\",\"url\":\"https:\/\/fracarro.com\/es\/producto\/287766-fsw-848-4sfp\/\",\"name\":\"FSW-848-4SFP+ - Fracarro Radioindustrie SRL\",\"isPartOf\":{\"@id\":\"https:\/\/fracarro.com\/es\/#website\"},\"primaryImageOfPage\":{\"@id\":\"https:\/\/fracarro.com\/es\/producto\/287766-fsw-848-4sfp\/#primaryimage\"},\"image\":{\"@id\":\"https:\/\/fracarro.com\/es\/producto\/287766-fsw-848-4sfp\/#primaryimage\"},\"thumbnailUrl\":\"https:\/\/fracarro.com\/wp-content\/uploads\/onpage\/op_image_e73bad3eb2bc141d90d6ed0d573c95d2b57c2b12.1980x.webp\",\"datePublished\":\"2026-01-26T09:48:34+00:00\",\"breadcrumb\":{\"@id\":\"https:\/\/fracarro.com\/es\/producto\/287766-fsw-848-4sfp\/#breadcrumb\"},\"inLanguage\":\"es\",\"potentialAction\":[{\"@type\":\"ReadAction\",\"target\":[\"https:\/\/fracarro.com\/es\/producto\/287766-fsw-848-4sfp\/\"]}]},{\"@type\":\"ImageObject\",\"inLanguage\":\"es\",\"@id\":\"https:\/\/fracarro.com\/es\/producto\/287766-fsw-848-4sfp\/#primaryimage\",\"url\":\"https:\/\/fracarro.com\/wp-content\/uploads\/onpage\/op_image_e73bad3eb2bc141d90d6ed0d573c95d2b57c2b12.1980x.webp\",\"contentUrl\":\"https:\/\/fracarro.com\/wp-content\/uploads\/onpage\/op_image_e73bad3eb2bc141d90d6ed0d573c95d2b57c2b12.1980x.webp\",\"width\":1980,\"height\":1980},{\"@type\":\"BreadcrumbList\",\"@id\":\"https:\/\/fracarro.com\/es\/producto\/287766-fsw-848-4sfp\/#breadcrumb\",\"itemListElement\":[{\"@type\":\"ListItem\",\"position\":1,\"name\":\"Home\",\"item\":\"https:\/\/fracarro.com\/es\/\"},{\"@type\":\"ListItem\",\"position\":2,\"name\":\"Producto\",\"item\":\"https:\/\/fracarro.com\/es\/producto\/\"},{\"@type\":\"ListItem\",\"position\":3,\"name\":\"FSW-848-4SFP+\"}]},{\"@type\":\"WebSite\",\"@id\":\"https:\/\/fracarro.com\/es\/#website\",\"url\":\"https:\/\/fracarro.com\/es\/\",\"name\":\"Fracarro Radioindustrie SRL\",\"description\":\"\",\"publisher\":{\"@id\":\"https:\/\/fracarro.com\/es\/#organization\"},\"potentialAction\":[{\"@type\":\"SearchAction\",\"target\":{\"@type\":\"EntryPoint\",\"urlTemplate\":\"https:\/\/fracarro.com\/es\/?s={search_term_string}\"},\"query-input\":{\"@type\":\"PropertyValueSpecification\",\"valueRequired\":true,\"valueName\":\"search_term_string\"}}],\"inLanguage\":\"es\"},{\"@type\":\"Organization\",\"@id\":\"https:\/\/fracarro.com\/es\/#organization\",\"name\":\"Fracarro Radioindustrie SRL\",\"url\":\"https:\/\/fracarro.com\/es\/\",\"logo\":{\"@type\":\"ImageObject\",\"inLanguage\":\"es\",\"@id\":\"https:\/\/fracarro.com\/es\/#\/schema\/logo\/image\/\",\"url\":\"https:\/\/fracarro.com\/wp-content\/uploads\/2020\/09\/Fracarro-logo530x67.png\",\"contentUrl\":\"https:\/\/fracarro.com\/wp-content\/uploads\/2020\/09\/Fracarro-logo530x67.png\",\"width\":530,\"height\":67,\"caption\":\"Fracarro Radioindustrie SRL\"},\"image\":{\"@id\":\"https:\/\/fracarro.com\/es\/#\/schema\/logo\/image\/\"},\"sameAs\":[\"https:\/\/it-it.facebook.com\/fracarro\/\",\"https:\/\/x.com\/fracarrotweets\",\"https:\/\/it.linkedin.com\/company\/fracarro-radioindustrie\",\"https:\/\/www.instagram.com\/fracarroradioindustrie\/\",\"https:\/\/www.youtube.com\/user\/FracarroOfficial?feature=watch\"]}]}<\/script>\n<!-- \/ Yoast SEO Premium plugin. -->","yoast_head_json":{"title":"FSW-848-4SFP+ - Fracarro Radioindustrie SRL","robots":{"index":"index","follow":"follow","max-snippet":"max-snippet:-1","max-image-preview":"max-image-preview:large","max-video-preview":"max-video-preview:-1"},"canonical":"https:\/\/fracarro.com\/es\/producto\/287766-fsw-848-4sfp\/","og_locale":"es_ES","og_type":"article","og_title":"FSW-848-4SFP+","og_description":"El switch FSW-848-4SFP+ es una soluci\u00f3n de conmutaci\u00f3n de Capa 2+ (Layer 2+) de alta densidad, dise\u00f1ada espec\u00edficamente para los segmentos de agregaci\u00f3n y distribuci\u00f3n secundaria dentro de arquitecturas de red complejas. La arquitectura de hardware est\u00e1 optimizada para la gesti\u00f3n cr\u00edtica del tr\u00e1fico multicast, garantizando la m\u00e1xima eficiencia en la entrega de servicios IPTV [...]","og_url":"https:\/\/fracarro.com\/es\/producto\/287766-fsw-848-4sfp\/","og_site_name":"Fracarro Radioindustrie SRL","article_publisher":"https:\/\/it-it.facebook.com\/fracarro\/","og_image":[{"width":1980,"height":1980,"url":"https:\/\/fracarro.com\/wp-content\/uploads\/onpage\/op_image_e73bad3eb2bc141d90d6ed0d573c95d2b57c2b12.1980x.webp","type":"image\/webp"}],"twitter_card":"summary_large_image","twitter_site":"@fracarrotweets","twitter_misc":{"Tiempo de lectura":"1 minuto"},"schema":{"@context":"https:\/\/schema.org","@graph":[{"@type":"WebPage","@id":"https:\/\/fracarro.com\/es\/producto\/287766-fsw-848-4sfp\/","url":"https:\/\/fracarro.com\/es\/producto\/287766-fsw-848-4sfp\/","name":"FSW-848-4SFP+ - Fracarro Radioindustrie SRL","isPartOf":{"@id":"https:\/\/fracarro.com\/es\/#website"},"primaryImageOfPage":{"@id":"https:\/\/fracarro.com\/es\/producto\/287766-fsw-848-4sfp\/#primaryimage"},"image":{"@id":"https:\/\/fracarro.com\/es\/producto\/287766-fsw-848-4sfp\/#primaryimage"},"thumbnailUrl":"https:\/\/fracarro.com\/wp-content\/uploads\/onpage\/op_image_e73bad3eb2bc141d90d6ed0d573c95d2b57c2b12.1980x.webp","datePublished":"2026-01-26T09:48:34+00:00","breadcrumb":{"@id":"https:\/\/fracarro.com\/es\/producto\/287766-fsw-848-4sfp\/#breadcrumb"},"inLanguage":"es","potentialAction":[{"@type":"ReadAction","target":["https:\/\/fracarro.com\/es\/producto\/287766-fsw-848-4sfp\/"]}]},{"@type":"ImageObject","inLanguage":"es","@id":"https:\/\/fracarro.com\/es\/producto\/287766-fsw-848-4sfp\/#primaryimage","url":"https:\/\/fracarro.com\/wp-content\/uploads\/onpage\/op_image_e73bad3eb2bc141d90d6ed0d573c95d2b57c2b12.1980x.webp","contentUrl":"https:\/\/fracarro.com\/wp-content\/uploads\/onpage\/op_image_e73bad3eb2bc141d90d6ed0d573c95d2b57c2b12.1980x.webp","width":1980,"height":1980},{"@type":"BreadcrumbList","@id":"https:\/\/fracarro.com\/es\/producto\/287766-fsw-848-4sfp\/#breadcrumb","itemListElement":[{"@type":"ListItem","position":1,"name":"Home","item":"https:\/\/fracarro.com\/es\/"},{"@type":"ListItem","position":2,"name":"Producto","item":"https:\/\/fracarro.com\/es\/producto\/"},{"@type":"ListItem","position":3,"name":"FSW-848-4SFP+"}]},{"@type":"WebSite","@id":"https:\/\/fracarro.com\/es\/#website","url":"https:\/\/fracarro.com\/es\/","name":"Fracarro Radioindustrie SRL","description":"","publisher":{"@id":"https:\/\/fracarro.com\/es\/#organization"},"potentialAction":[{"@type":"SearchAction","target":{"@type":"EntryPoint","urlTemplate":"https:\/\/fracarro.com\/es\/?s={search_term_string}"},"query-input":{"@type":"PropertyValueSpecification","valueRequired":true,"valueName":"search_term_string"}}],"inLanguage":"es"},{"@type":"Organization","@id":"https:\/\/fracarro.com\/es\/#organization","name":"Fracarro Radioindustrie SRL","url":"https:\/\/fracarro.com\/es\/","logo":{"@type":"ImageObject","inLanguage":"es","@id":"https:\/\/fracarro.com\/es\/#\/schema\/logo\/image\/","url":"https:\/\/fracarro.com\/wp-content\/uploads\/2020\/09\/Fracarro-logo530x67.png","contentUrl":"https:\/\/fracarro.com\/wp-content\/uploads\/2020\/09\/Fracarro-logo530x67.png","width":530,"height":67,"caption":"Fracarro Radioindustrie SRL"},"image":{"@id":"https:\/\/fracarro.com\/es\/#\/schema\/logo\/image\/"},"sameAs":["https:\/\/it-it.facebook.com\/fracarro\/","https:\/\/x.com\/fracarrotweets","https:\/\/it.linkedin.com\/company\/fracarro-radioindustrie","https:\/\/www.instagram.com\/fracarroradioindustrie\/","https:\/\/www.youtube.com\/user\/FracarroOfficial?feature=watch"]}]}},"_links":{"self":[{"href":"https:\/\/fracarro.com\/es\/wp-json\/wp\/v2\/product\/191846","targetHints":{"allow":["GET"]}}],"collection":[{"href":"https:\/\/fracarro.com\/es\/wp-json\/wp\/v2\/product"}],"about":[{"href":"https:\/\/fracarro.com\/es\/wp-json\/wp\/v2\/types\/product"}],"wp:featuredmedia":[{"embeddable":true,"href":"https:\/\/fracarro.com\/es\/wp-json\/wp\/v2\/media\/187030"}],"wp:attachment":[{"href":"https:\/\/fracarro.com\/es\/wp-json\/wp\/v2\/media?parent=191846"}],"wp:term":[{"taxonomy":"product_brand","embeddable":true,"href":"https:\/\/fracarro.com\/es\/wp-json\/wp\/v2\/product_brand?post=191846"},{"taxonomy":"product_cat","embeddable":true,"href":"https:\/\/fracarro.com\/es\/wp-json\/wp\/v2\/product_cat?post=191846"},{"taxonomy":"product_tag","embeddable":true,"href":"https:\/\/fracarro.com\/es\/wp-json\/wp\/v2\/product_tag?post=191846"}],"curies":[{"name":"wp","href":"https:\/\/api.w.org\/{rel}","templated":true}]}}