{"id":154708,"date":"2023-06-05T15:52:24","date_gmt":"2023-06-05T13:52:24","guid":{"rendered":"https:\/\/sviluppo.fracarro.com\/?page_id=154708"},"modified":"2023-06-05T15:53:00","modified_gmt":"2023-06-05T13:53:00","slug":"hautes-performances-securite-et-fiabilite","status":"publish","type":"page","link":"https:\/\/fracarro.com\/fr\/solution-gpon\/hautes-performances-securite-et-fiabilite\/","title":{"rendered":"Hautes performances, s\u00e9curit\u00e9 et fiabilit\u00e9"},"content":{"rendered":"<p><div class=\"fusion-fullwidth fullwidth-box fusion-builder-row-1 fusion-flex-container has-pattern-background has-mask-background nonhundred-percent-fullwidth non-hundred-percent-height-scrolling\" style=\"--awb-border-radius-top-left:0px;--awb-border-radius-top-right:0px;--awb-border-radius-bottom-right:0px;--awb-border-radius-bottom-left:0px;--awb-padding-top:6rem;--awb-padding-bottom:4rem;--awb-flex-wrap:wrap;\" ><div class=\"fusion-builder-row fusion-row fusion-flex-align-items-flex-start fusion-flex-content-wrap\" style=\"max-width:1144px;margin-left: calc(-4% \/ 2 );margin-right: calc(-4% \/ 2 );\"><div class=\"fusion-layout-column fusion_builder_column fusion-builder-column-0 fusion_builder_column_1_1 1_1 fusion-flex-column\" style=\"--awb-bg-size:cover;--awb-width-large:100%;--awb-margin-top-large:0px;--awb-spacing-right-large:1.92%;--awb-margin-bottom-large:20px;--awb-spacing-left-large:1.92%;--awb-width-medium:100%;--awb-order-medium:0;--awb-spacing-right-medium:1.92%;--awb-spacing-left-medium:1.92%;--awb-width-small:100%;--awb-order-small:0;--awb-spacing-right-small:1.92%;--awb-spacing-left-small:1.92%;\"><div class=\"fusion-column-wrapper fusion-column-has-shadow fusion-flex-justify-content-flex-start fusion-content-layout-column\"><div class=\"fusion-title title fusion-title-1 fusion-sep-none fusion-title-text fusion-title-size-one\"><h1 class=\"fusion-title-heading title-heading-left fusion-responsive-typography-calculated\" style=\"margin:0;--fontSize:61.875;line-height:1.2;\">Hautes performances, s\u00e9curit\u00e9 et fiabilit\u00e9<\/h1><\/div><div class=\"fusion-text fusion-text-1\" style=\"--awb-text-transform:none;--awb-margin-top:2rem;\"><p style=\"text-align: center;\">Les r\u00e9seaux <strong>GPON<\/strong> garantissent d\u2019excellentes performances avec des niveaux de s\u00e9curit\u00e9 \u00e9lev\u00e9s et la garantie d&rsquo;un syst\u00e8me stable et fiable<\/p>\n<\/div><\/div><\/div><\/div><\/div><div class=\"fusion-fullwidth fullwidth-box fusion-builder-row-2 fusion-flex-container nonhundred-percent-fullwidth non-hundred-percent-height-scrolling\" style=\"--awb-border-radius-top-left:0px;--awb-border-radius-top-right:0px;--awb-border-radius-bottom-right:0px;--awb-border-radius-bottom-left:0px;--awb-padding-top:2em;--awb-padding-bottom:2em;--awb-flex-wrap:wrap;\" ><div class=\"fusion-builder-row fusion-row fusion-flex-align-items-flex-start fusion-flex-content-wrap\" style=\"max-width:1144px;margin-left: calc(-4% \/ 2 );margin-right: calc(-4% \/ 2 );\"><div class=\"fusion-layout-column fusion_builder_column fusion-builder-column-1 fusion_builder_column_1_1 1_1 fusion-flex-column\" style=\"--awb-bg-size:cover;--awb-width-large:100%;--awb-margin-top-large:0px;--awb-spacing-right-large:1.92%;--awb-margin-bottom-large:20px;--awb-spacing-left-large:1.92%;--awb-width-medium:100%;--awb-order-medium:0;--awb-spacing-right-medium:1.92%;--awb-spacing-left-medium:1.92%;--awb-width-small:100%;--awb-order-small:0;--awb-spacing-right-small:1.92%;--awb-spacing-left-small:1.92%;\"><div class=\"fusion-column-wrapper fusion-column-has-shadow fusion-flex-justify-content-flex-start fusion-content-layout-column\"><div class=\"fusion-image-element \" style=\"text-align:center;--awb-caption-title-font-family:var(--h2_typography-font-family);--awb-caption-title-font-weight:var(--h2_typography-font-weight);--awb-caption-title-font-style:var(--h2_typography-font-style);--awb-caption-title-size:var(--h2_typography-font-size);--awb-caption-title-transform:var(--h2_typography-text-transform);--awb-caption-title-line-height:var(--h2_typography-line-height);--awb-caption-title-letter-spacing:var(--h2_typography-letter-spacing);\"><span class=\" fusion-imageframe imageframe-none imageframe-1 hover-type-none\"><img decoding=\"async\" width=\"2560\" height=\"994\" alt=\"affidabilit\u00e0 GPON\" title=\"sicurezza_dati_2-scaled\" src=\"https:\/\/fracarro.com\/wp-content\/uploads\/2022\/10\/sicurezza_dati_2-scaled-1.jpeg\" data-orig-src=\"https:\/\/fracarro.com\/wp-content\/uploads\/2022\/10\/sicurezza_dati_2-scaled-1.jpeg\" class=\"lazyload img-responsive wp-image-139591\" srcset=\"data:image\/svg+xml,%3Csvg%20xmlns%3D%27http%3A%2F%2Fwww.w3.org%2F2000%2Fsvg%27%20width%3D%272560%27%20height%3D%27994%27%20viewBox%3D%270%200%202560%20994%27%3E%3Crect%20width%3D%272560%27%20height%3D%27994%27%20fill-opacity%3D%220%22%2F%3E%3C%2Fsvg%3E\" data-srcset=\"https:\/\/fracarro.com\/wp-content\/uploads\/2022\/10\/sicurezza_dati_2-scaled-1-200x78.jpeg 200w, https:\/\/fracarro.com\/wp-content\/uploads\/2022\/10\/sicurezza_dati_2-scaled-1-400x155.jpeg 400w, https:\/\/fracarro.com\/wp-content\/uploads\/2022\/10\/sicurezza_dati_2-scaled-1-600x233.jpeg 600w, https:\/\/fracarro.com\/wp-content\/uploads\/2022\/10\/sicurezza_dati_2-scaled-1-800x311.jpeg 800w, https:\/\/fracarro.com\/wp-content\/uploads\/2022\/10\/sicurezza_dati_2-scaled-1-1200x466.jpeg 1200w, https:\/\/fracarro.com\/wp-content\/uploads\/2022\/10\/sicurezza_dati_2-scaled-1.jpeg 2560w\" data-sizes=\"auto\" data-orig-sizes=\"(max-width: 1024px) 100vw, (max-width: 640px) 100vw, 1200px\" \/><\/span><\/div><\/div><\/div><\/div><\/div><div class=\"fusion-fullwidth fullwidth-box fusion-builder-row-3 fusion-flex-container nonhundred-percent-fullwidth non-hundred-percent-height-scrolling\" style=\"--awb-border-radius-top-left:0px;--awb-border-radius-top-right:0px;--awb-border-radius-bottom-right:0px;--awb-border-radius-bottom-left:0px;--awb-flex-wrap:wrap;\" ><div class=\"fusion-builder-row fusion-row fusion-flex-align-items-flex-start fusion-flex-content-wrap\" style=\"max-width:1144px;margin-left: calc(-4% \/ 2 );margin-right: calc(-4% \/ 2 );\"><div class=\"fusion-layout-column fusion_builder_column fusion-builder-column-2 fusion_builder_column_1_1 1_1 fusion-flex-column\" style=\"--awb-bg-size:cover;--awb-width-large:100%;--awb-margin-top-large:0px;--awb-spacing-right-large:1.92%;--awb-margin-bottom-large:20px;--awb-spacing-left-large:1.92%;--awb-width-medium:100%;--awb-order-medium:0;--awb-spacing-right-medium:1.92%;--awb-spacing-left-medium:1.92%;--awb-width-small:100%;--awb-order-small:0;--awb-spacing-right-small:1.92%;--awb-spacing-left-small:1.92%;\"><div class=\"fusion-column-wrapper fusion-column-has-shadow fusion-flex-justify-content-flex-start fusion-content-layout-column\"><div class=\"fusion-title title fusion-title-2 fusion-sep-none fusion-title-text fusion-title-size-two\" style=\"--awb-margin-top:1em;\"><h2 class=\"fusion-title-heading title-heading-left fusion-responsive-typography-calculated\" style=\"margin:0;--fontSize:33;line-height:1.15;\">La bande passante la plus large jamais vue<\/h2><\/div><\/div><\/div><div class=\"fusion-layout-column fusion_builder_column fusion-builder-column-3 fusion_builder_column_1_2 1_2 fusion-flex-column\" style=\"--awb-bg-size:cover;--awb-width-large:50%;--awb-margin-top-large:0px;--awb-spacing-right-large:3.84%;--awb-margin-bottom-large:20px;--awb-spacing-left-large:3.84%;--awb-width-medium:100%;--awb-order-medium:0;--awb-spacing-right-medium:1.92%;--awb-spacing-left-medium:1.92%;--awb-width-small:100%;--awb-order-small:0;--awb-spacing-right-small:1.92%;--awb-spacing-left-small:1.92%;\"><div class=\"fusion-column-wrapper fusion-column-has-shadow fusion-flex-justify-content-flex-start fusion-content-layout-column\"><div class=\"fusion-text fusion-text-2\" style=\"--awb-text-transform:none;\"><p>Les r\u00e9seaux GPON garantissent une tr\u00e8s <strong>large bande<\/strong> passante, \u00e9gale \u00e0 2.5Gbit\/s en download et 1.25Gbit\/s en upload, permettant le passage simultan\u00e9 des diff\u00e9rents services demand\u00e9s par le client, comme par exemple WiFi, IPTV, TVCC, t\u00e9l\u00e9phonie, domotique ou d&rsquo;alarme.<br \/>\nDans la phase d\u2019\u00e9tude du projet, Fracarro \u00e9value avec une attention particuli\u00e8re la demande r\u00e9elle de bande passante, afin de toujours garantir les performances les plus ad\u00e9quates par rapport aux besoins du client.<\/p>\n<p>La bande passante disponible pour les r\u00e9seaux GPON augmentera consid\u00e9rablement avec la disponibilit\u00e9 sur le march\u00e9 de nouveaux dispositifs SFP (Small Form-factor Pluggable), \u00e0 \u200b\u200bins\u00e9rer \u00e0 l&rsquo;int\u00e9rieur des \u00e9metteurs optiques OLT (Optical Line Transmitter) pour garantir jusqu&rsquo;\u00e0 10G bit\/sec (<strong>XG- PON<\/strong>) : de cette mani\u00e8re, il n&rsquo;y aura pas de limite \u00e0 la disponibilit\u00e9 des services \u00e0 distribuer.<br \/>\nSi n\u00e9cessaire, il est possible d&rsquo;augmenter le nombre de pi\u00e8ces desservies par le r\u00e9seau GPON en divisant le signal optique jusqu&rsquo;\u00e0 64 appareils ONT pour un maximum de 512 prises cuivre RJ45 sur chaque port PON.<\/p>\n<\/div><\/div><\/div><div class=\"fusion-layout-column fusion_builder_column fusion-builder-column-4 fusion_builder_column_1_2 1_2 fusion-flex-column\" style=\"--awb-padding-top:20px;--awb-padding-right:20px;--awb-padding-bottom:20px;--awb-padding-left:20px;--awb-bg-size:cover;--awb-width-large:50%;--awb-margin-top-large:0px;--awb-spacing-right-large:3.84%;--awb-margin-bottom-large:20px;--awb-spacing-left-large:3.84%;--awb-width-medium:100%;--awb-order-medium:0;--awb-spacing-right-medium:1.92%;--awb-spacing-left-medium:1.92%;--awb-width-small:100%;--awb-order-small:0;--awb-spacing-right-small:1.92%;--awb-spacing-left-small:1.92%;\"><div class=\"fusion-column-wrapper fusion-column-has-shadow fusion-flex-justify-content-flex-start fusion-content-layout-column\">\n<table class=\"table-stream-pon\">\n<tbody>\n<tr class=\"th-stream-pon\">\n<td class=\"fs15\" colspan=\"2\" rowspan=\"2\">\n<h3>Caract\u00e9ristiques<\/h3>\n<\/td>\n<td class=\"fs15 vatop\" rowspan=\"2\"><strong>GPON<\/strong><\/td>\n<td class=\"fs15 vatop\" colspan=\"2\"><strong>10G PON<\/strong><\/td>\n<\/tr>\n<tr class=\"th-stream-pon\">\n<td>XG-PON<\/td>\n<td>XGS-PON<\/td>\n<\/tr>\n<tr>\n<td class=\"taleft\" rowspan=\"2\">Longueur d\u2019onde<\/td>\n<td>Downstream<\/td>\n<td>1490 nm<\/td>\n<td>1577nm<\/td>\n<td>1577nm<\/td>\n<\/tr>\n<tr>\n<td>Upstream<\/td>\n<td>1310nm<\/td>\n<td>1270nm<\/td>\n<td>1270nm<\/td>\n<\/tr>\n<tr>\n<td class=\"taleft\" colspan=\"2\">R\u00e9partition optique<\/td>\n<td>32<\/td>\n<td>\u2265 64<\/td>\n<td>\u2265 64<\/td>\n<\/tr>\n<tr>\n<td class=\"taleft\" rowspan=\"2\">Longueur d\u2019onde<\/td>\n<td>Downstream<\/td>\n<td>1490 nm<\/td>\n<td>1577nm<\/td>\n<td>1577nm<\/td>\n<\/tr>\n<tr>\n<td>Upstream<\/td>\n<td>1310nm<\/td>\n<td>1270nm<\/td>\n<td>1270nm<\/td>\n<\/tr>\n<\/tbody>\n<\/table>\n<\/div><\/div><\/div><\/div><div class=\"fusion-fullwidth fullwidth-box fusion-builder-row-4 fusion-flex-container nonhundred-percent-fullwidth non-hundred-percent-height-scrolling\" style=\"--awb-border-radius-top-left:0px;--awb-border-radius-top-right:0px;--awb-border-radius-bottom-right:0px;--awb-border-radius-bottom-left:0px;--awb-flex-wrap:wrap;\" ><div class=\"fusion-builder-row fusion-row fusion-flex-align-items-flex-start fusion-flex-content-wrap\" style=\"max-width:1144px;margin-left: calc(-4% \/ 2 );margin-right: calc(-4% \/ 2 );\"><div class=\"fusion-layout-column fusion_builder_column fusion-builder-column-5 fusion_builder_column_1_1 1_1 fusion-flex-column\" style=\"--awb-bg-size:cover;--awb-width-large:100%;--awb-margin-top-large:0px;--awb-spacing-right-large:1.92%;--awb-margin-bottom-large:20px;--awb-spacing-left-large:1.92%;--awb-width-medium:100%;--awb-order-medium:0;--awb-spacing-right-medium:1.92%;--awb-spacing-left-medium:1.92%;--awb-width-small:100%;--awb-order-small:0;--awb-spacing-right-small:1.92%;--awb-spacing-left-small:1.92%;\"><div class=\"fusion-column-wrapper fusion-column-has-shadow fusion-flex-justify-content-flex-start fusion-content-layout-column\"><div class=\"fusion-title title fusion-title-3 fusion-sep-none fusion-title-text fusion-title-size-two\" style=\"--awb-margin-top:1em;\"><h2 class=\"fusion-title-heading title-heading-left fusion-responsive-typography-calculated\" style=\"margin:0;--fontSize:33;line-height:1.15;\">S\u00e9curit\u00e9 des donn\u00e9es<\/h2><\/div><div class=\"fusion-text fusion-text-3\" style=\"--awb-text-transform:none;\"><p>La <strong>s\u00e9curit\u00e9 dans les r\u00e9seaux GPON<\/strong> est confi\u00e9e aux diff\u00e9rentes phases de synchronisation entre la machine OLT centrale et l&rsquo;ONT distribu\u00e9 sur le terrain et configur\u00e9 de mani\u00e8re centralis\u00e9e. De cette mani\u00e8re, seuls les ONT correctement activ\u00e9s pourront v\u00e9rifier les informations transitant par le r\u00e9seau et acqu\u00e9rir celles qui leur sont d\u00e9di\u00e9es.<br \/>\nPour am\u00e9liorer encore la s\u00e9curit\u00e9, dans les communications de t\u00e9l\u00e9chargement &#8211; donc d&rsquo;OLT vers ONT &#8211; les r\u00e9seaux GPON mettent en \u0153uvre des solutions de cryptage des informations, \u00e9vitant ainsi le transit non crypt\u00e9.<\/p>\n<\/div><div class=\"fusion-title title fusion-title-4 fusion-sep-none fusion-title-text fusion-title-size-two\" style=\"--awb-margin-top:1em;\"><h2 class=\"fusion-title-heading title-heading-left fusion-responsive-typography-calculated\" style=\"margin:0;--fontSize:33;line-height:1.15;\">Fiabilit\u00e9<\/h2><\/div><div class=\"fusion-text fusion-text-4\" style=\"--awb-text-transform:none;\"><p>La premi\u00e8re garantie de <strong>fiabilit\u00e9 des r\u00e9seaux GPON<\/strong> est li\u00e9e \u00e0 l&rsquo;utilisation de la <strong>fibre optique<\/strong>, qui garantit une parfaite immunit\u00e9 aux perturbations et interf\u00e9rences \u00e9lectromagn\u00e9tiques, ainsi qu&rsquo;une excellente protection contre les \u00e9ventuelles d\u00e9charges atmosph\u00e9riques.<\/p>\n<p>M\u00eame du point de vue de la gestion du syst\u00e8me, les r\u00e9seaux GPON sont avantageux car gr\u00e2ce \u00e0 leur <strong>configuration point \u00e0 multipoint<\/strong>, ils permettent de limiter les \u00e9ventuels dysfonctionnements au seul local concern\u00e9, contrairement \u00e0 la distribution traditionnelle o\u00f9 la simple panne d&rsquo;un switch peut compromettre une partie importante de l\u2019installation.<\/p>\n<\/div><\/div><\/div><\/div><\/div><\/p>\n","protected":false},"excerpt":{"rendered":"","protected":false},"author":3,"featured_media":0,"parent":154689,"menu_order":0,"comment_status":"closed","ping_status":"closed","template":"","meta":{"footnotes":""},"class_list":["post-154708","page","type-page","status-publish","hentry"],"yoast_head":"<!-- This site is optimized with the Yoast SEO Premium plugin v26.5 (Yoast SEO v26.7) - https:\/\/yoast.com\/wordpress\/plugins\/seo\/ -->\n<title>Hautes performances, s\u00e9curit\u00e9 et fiabilit\u00e9 - Fracarro Radioindustrie SRL<\/title>\n<meta name=\"robots\" content=\"index, follow, max-snippet:-1, max-image-preview:large, max-video-preview:-1\" \/>\n<link rel=\"canonical\" href=\"https:\/\/fracarro.com\/fr\/solution-gpon\/hautes-performances-securite-et-fiabilite\/\" \/>\n<meta property=\"og:locale\" content=\"fr_FR\" \/>\n<meta property=\"og:type\" content=\"article\" \/>\n<meta property=\"og:title\" content=\"Hautes performances, s\u00e9curit\u00e9 et fiabilit\u00e9\" \/>\n<meta property=\"og:url\" content=\"https:\/\/fracarro.com\/fr\/solution-gpon\/hautes-performances-securite-et-fiabilite\/\" \/>\n<meta property=\"og:site_name\" content=\"Fracarro Radioindustrie SRL\" \/>\n<meta property=\"article:publisher\" content=\"https:\/\/it-it.facebook.com\/fracarro\/\" \/>\n<meta property=\"article:modified_time\" content=\"2023-06-05T13:53:00+00:00\" \/>\n<meta name=\"twitter:card\" content=\"summary_large_image\" \/>\n<meta name=\"twitter:site\" content=\"@fracarrotweets\" \/>\n<meta name=\"twitter:label1\" content=\"Dur\u00e9e de lecture estim\u00e9e\" \/>\n\t<meta name=\"twitter:data1\" content=\"11 minutes\" \/>\n<script type=\"application\/ld+json\" class=\"yoast-schema-graph\">{\"@context\":\"https:\/\/schema.org\",\"@graph\":[{\"@type\":\"WebPage\",\"@id\":\"https:\/\/fracarro.com\/fr\/solution-gpon\/hautes-performances-securite-et-fiabilite\/\",\"url\":\"https:\/\/fracarro.com\/fr\/solution-gpon\/hautes-performances-securite-et-fiabilite\/\",\"name\":\"Hautes performances, s\u00e9curit\u00e9 et fiabilit\u00e9 - Fracarro Radioindustrie SRL\",\"isPartOf\":{\"@id\":\"https:\/\/fracarro.com\/fr\/#website\"},\"datePublished\":\"2023-06-05T13:52:24+00:00\",\"dateModified\":\"2023-06-05T13:53:00+00:00\",\"breadcrumb\":{\"@id\":\"https:\/\/fracarro.com\/fr\/solution-gpon\/hautes-performances-securite-et-fiabilite\/#breadcrumb\"},\"inLanguage\":\"fr-FR\",\"potentialAction\":[{\"@type\":\"ReadAction\",\"target\":[\"https:\/\/fracarro.com\/fr\/solution-gpon\/hautes-performances-securite-et-fiabilite\/\"]}]},{\"@type\":\"BreadcrumbList\",\"@id\":\"https:\/\/fracarro.com\/fr\/solution-gpon\/hautes-performances-securite-et-fiabilite\/#breadcrumb\",\"itemListElement\":[{\"@type\":\"ListItem\",\"position\":1,\"name\":\"Home\",\"item\":\"https:\/\/fracarro.com\/fr\/\"},{\"@type\":\"ListItem\",\"position\":2,\"name\":\"Solution GPON\",\"item\":\"https:\/\/fracarro.com\/fr\/soluzione-gpon\/\"},{\"@type\":\"ListItem\",\"position\":3,\"name\":\"Hautes performances, s\u00e9curit\u00e9 et fiabilit\u00e9\"}]},{\"@type\":\"WebSite\",\"@id\":\"https:\/\/fracarro.com\/fr\/#website\",\"url\":\"https:\/\/fracarro.com\/fr\/\",\"name\":\"Fracarro Radioindustrie SRL\",\"description\":\"\",\"publisher\":{\"@id\":\"https:\/\/fracarro.com\/fr\/#organization\"},\"potentialAction\":[{\"@type\":\"SearchAction\",\"target\":{\"@type\":\"EntryPoint\",\"urlTemplate\":\"https:\/\/fracarro.com\/fr\/?s={search_term_string}\"},\"query-input\":{\"@type\":\"PropertyValueSpecification\",\"valueRequired\":true,\"valueName\":\"search_term_string\"}}],\"inLanguage\":\"fr-FR\"},{\"@type\":\"Organization\",\"@id\":\"https:\/\/fracarro.com\/fr\/#organization\",\"name\":\"Fracarro Radioindustrie SRL\",\"url\":\"https:\/\/fracarro.com\/fr\/\",\"logo\":{\"@type\":\"ImageObject\",\"inLanguage\":\"fr-FR\",\"@id\":\"https:\/\/fracarro.com\/fr\/#\/schema\/logo\/image\/\",\"url\":\"https:\/\/fracarro.com\/wp-content\/uploads\/2020\/09\/Fracarro-logo530x67.png\",\"contentUrl\":\"https:\/\/fracarro.com\/wp-content\/uploads\/2020\/09\/Fracarro-logo530x67.png\",\"width\":530,\"height\":67,\"caption\":\"Fracarro Radioindustrie SRL\"},\"image\":{\"@id\":\"https:\/\/fracarro.com\/fr\/#\/schema\/logo\/image\/\"},\"sameAs\":[\"https:\/\/it-it.facebook.com\/fracarro\/\",\"https:\/\/x.com\/fracarrotweets\",\"https:\/\/it.linkedin.com\/company\/fracarro-radioindustrie\",\"https:\/\/www.instagram.com\/fracarroradioindustrie\/\",\"https:\/\/www.youtube.com\/user\/FracarroOfficial?feature=watch\"]}]}<\/script>\n<!-- \/ Yoast SEO Premium plugin. -->","yoast_head_json":{"title":"Hautes performances, s\u00e9curit\u00e9 et fiabilit\u00e9 - Fracarro Radioindustrie SRL","robots":{"index":"index","follow":"follow","max-snippet":"max-snippet:-1","max-image-preview":"max-image-preview:large","max-video-preview":"max-video-preview:-1"},"canonical":"https:\/\/fracarro.com\/fr\/solution-gpon\/hautes-performances-securite-et-fiabilite\/","og_locale":"fr_FR","og_type":"article","og_title":"Hautes performances, s\u00e9curit\u00e9 et fiabilit\u00e9","og_url":"https:\/\/fracarro.com\/fr\/solution-gpon\/hautes-performances-securite-et-fiabilite\/","og_site_name":"Fracarro Radioindustrie SRL","article_publisher":"https:\/\/it-it.facebook.com\/fracarro\/","article_modified_time":"2023-06-05T13:53:00+00:00","twitter_card":"summary_large_image","twitter_site":"@fracarrotweets","twitter_misc":{"Dur\u00e9e de lecture estim\u00e9e":"11 minutes"},"schema":{"@context":"https:\/\/schema.org","@graph":[{"@type":"WebPage","@id":"https:\/\/fracarro.com\/fr\/solution-gpon\/hautes-performances-securite-et-fiabilite\/","url":"https:\/\/fracarro.com\/fr\/solution-gpon\/hautes-performances-securite-et-fiabilite\/","name":"Hautes performances, s\u00e9curit\u00e9 et fiabilit\u00e9 - Fracarro Radioindustrie SRL","isPartOf":{"@id":"https:\/\/fracarro.com\/fr\/#website"},"datePublished":"2023-06-05T13:52:24+00:00","dateModified":"2023-06-05T13:53:00+00:00","breadcrumb":{"@id":"https:\/\/fracarro.com\/fr\/solution-gpon\/hautes-performances-securite-et-fiabilite\/#breadcrumb"},"inLanguage":"fr-FR","potentialAction":[{"@type":"ReadAction","target":["https:\/\/fracarro.com\/fr\/solution-gpon\/hautes-performances-securite-et-fiabilite\/"]}]},{"@type":"BreadcrumbList","@id":"https:\/\/fracarro.com\/fr\/solution-gpon\/hautes-performances-securite-et-fiabilite\/#breadcrumb","itemListElement":[{"@type":"ListItem","position":1,"name":"Home","item":"https:\/\/fracarro.com\/fr\/"},{"@type":"ListItem","position":2,"name":"Solution GPON","item":"https:\/\/fracarro.com\/fr\/soluzione-gpon\/"},{"@type":"ListItem","position":3,"name":"Hautes performances, s\u00e9curit\u00e9 et fiabilit\u00e9"}]},{"@type":"WebSite","@id":"https:\/\/fracarro.com\/fr\/#website","url":"https:\/\/fracarro.com\/fr\/","name":"Fracarro Radioindustrie SRL","description":"","publisher":{"@id":"https:\/\/fracarro.com\/fr\/#organization"},"potentialAction":[{"@type":"SearchAction","target":{"@type":"EntryPoint","urlTemplate":"https:\/\/fracarro.com\/fr\/?s={search_term_string}"},"query-input":{"@type":"PropertyValueSpecification","valueRequired":true,"valueName":"search_term_string"}}],"inLanguage":"fr-FR"},{"@type":"Organization","@id":"https:\/\/fracarro.com\/fr\/#organization","name":"Fracarro Radioindustrie SRL","url":"https:\/\/fracarro.com\/fr\/","logo":{"@type":"ImageObject","inLanguage":"fr-FR","@id":"https:\/\/fracarro.com\/fr\/#\/schema\/logo\/image\/","url":"https:\/\/fracarro.com\/wp-content\/uploads\/2020\/09\/Fracarro-logo530x67.png","contentUrl":"https:\/\/fracarro.com\/wp-content\/uploads\/2020\/09\/Fracarro-logo530x67.png","width":530,"height":67,"caption":"Fracarro Radioindustrie SRL"},"image":{"@id":"https:\/\/fracarro.com\/fr\/#\/schema\/logo\/image\/"},"sameAs":["https:\/\/it-it.facebook.com\/fracarro\/","https:\/\/x.com\/fracarrotweets","https:\/\/it.linkedin.com\/company\/fracarro-radioindustrie","https:\/\/www.instagram.com\/fracarroradioindustrie\/","https:\/\/www.youtube.com\/user\/FracarroOfficial?feature=watch"]}]}},"_links":{"self":[{"href":"https:\/\/fracarro.com\/fr\/wp-json\/wp\/v2\/pages\/154708","targetHints":{"allow":["GET"]}}],"collection":[{"href":"https:\/\/fracarro.com\/fr\/wp-json\/wp\/v2\/pages"}],"about":[{"href":"https:\/\/fracarro.com\/fr\/wp-json\/wp\/v2\/types\/page"}],"author":[{"embeddable":true,"href":"https:\/\/fracarro.com\/fr\/wp-json\/wp\/v2\/users\/3"}],"replies":[{"embeddable":true,"href":"https:\/\/fracarro.com\/fr\/wp-json\/wp\/v2\/comments?post=154708"}],"version-history":[{"count":1,"href":"https:\/\/fracarro.com\/fr\/wp-json\/wp\/v2\/pages\/154708\/revisions"}],"predecessor-version":[{"id":154711,"href":"https:\/\/fracarro.com\/fr\/wp-json\/wp\/v2\/pages\/154708\/revisions\/154711"}],"up":[{"embeddable":true,"href":"https:\/\/fracarro.com\/fr\/wp-json\/wp\/v2\/pages\/154689"}],"wp:attachment":[{"href":"https:\/\/fracarro.com\/fr\/wp-json\/wp\/v2\/media?parent=154708"}],"curies":[{"name":"wp","href":"https:\/\/api.w.org\/{rel}","templated":true}]}}