{"id":43816,"date":"2020-10-22T10:09:48","date_gmt":"2020-10-22T08:09:48","guid":{"rendered":"https:\/\/sviluppo.fracarro.com\/multiswitch-scd2\/tecnologia-wideband\/"},"modified":"2023-06-21T13:57:43","modified_gmt":"2023-06-21T11:57:43","slug":"technologie-wideband","status":"publish","type":"page","link":"https:\/\/fracarro.com\/fr\/multiswitch-scd2\/technologie-wideband\/","title":{"rendered":"Technologie Wide Band"},"content":{"rendered":"<p><div class=\"fusion-fullwidth fullwidth-box fusion-builder-row-1 fusion-flex-container has-pattern-background has-mask-background nonhundred-percent-fullwidth non-hundred-percent-height-scrolling\" style=\"--awb-border-radius-top-left:0px;--awb-border-radius-top-right:0px;--awb-border-radius-bottom-right:0px;--awb-border-radius-bottom-left:0px;--awb-padding-top:4rem;--awb-padding-bottom:2rem;--awb-flex-wrap:wrap;\" ><div class=\"fusion-builder-row fusion-row fusion-flex-align-items-flex-start fusion-flex-content-wrap\" style=\"max-width:1144px;margin-left: calc(-4% \/ 2 );margin-right: calc(-4% \/ 2 );\"><div class=\"fusion-layout-column fusion_builder_column fusion-builder-column-0 fusion_builder_column_1_1 1_1 fusion-flex-column\" style=\"--awb-bg-size:cover;--awb-width-large:100%;--awb-margin-top-large:0px;--awb-spacing-right-large:1.92%;--awb-margin-bottom-large:20px;--awb-spacing-left-large:1.92%;--awb-width-medium:100%;--awb-order-medium:0;--awb-spacing-right-medium:1.92%;--awb-spacing-left-medium:1.92%;--awb-width-small:100%;--awb-order-small:0;--awb-spacing-right-small:1.92%;--awb-spacing-left-small:1.92%;\"><div class=\"fusion-column-wrapper fusion-column-has-shadow fusion-flex-justify-content-flex-start fusion-content-layout-column\"><div class=\"fusion-title title fusion-title-1 fusion-sep-none fusion-title-text fusion-title-size-one\"><h1 class=\"fusion-title-heading title-heading-left fusion-responsive-typography-calculated\" style=\"margin:0;--fontSize:61.875;line-height:1.2;\">TECHNOLOGIE WIDE BAND<\/h1><\/div><div class=\"fusion-text fusion-text-1\"><p>Gr\u00e2ce \u00e0 la technologie Wide band, les LNB peuvent \u00eatre connect\u00e9s aux multiswitches Fracarro SCD2 avec seulement 2 c\u00e2bles coaxiaux pour chaque satellite, permettant une installation rapide et facile m\u00eame dans les plus petits espaces.<\/p>\n<\/div><\/div><\/div><\/div><\/div><div class=\"fusion-fullwidth fullwidth-box fusion-builder-row-2 nonhundred-percent-fullwidth non-hundred-percent-height-scrolling\" style=\"--awb-border-radius-top-left:0px;--awb-border-radius-top-right:0px;--awb-border-radius-bottom-right:0px;--awb-border-radius-bottom-left:0px;--awb-flex-wrap:wrap;\" ><div class=\"fusion-builder-row fusion-row\"><div class=\"fusion-layout-column fusion_builder_column fusion-builder-column-1 fusion_builder_column_2_3 2_3 fusion-two-third fusion-column-first\" style=\"--awb-bg-size:cover;width:66.666666666667%;width:calc(66.666666666667% - ( ( 4% ) * 0.66666666666667 ) );margin-right: 4%;\"><div class=\"fusion-column-wrapper fusion-column-has-shadow fusion-flex-column-wrapper-legacy\"><div class=\"fusion-text fusion-text-2\"><p>Avec la technologie WIDE BAND, le LNB fournit toute la polarit\u00e9 horizontale et verticale sur les deux sorties, occupant la bande de 290 \u00e0 2340 MHz et laissant la t\u00e2che au multiswitch de s\u00e9parer chacune d\u2019elles en deux parties basse et haute.<\/p>\n<p>Comme dans la technologie QUATTRO, le multiswitch envoie alors au r\u00e9cepteur uniquement la bande souhait\u00e9e (VL, HL, VH ou HH) ou le transpondeur unique en fonction de la commande DiSEqC re\u00e7ue.<\/p>\n<\/div><div class=\"fusion-clearfix\"><\/div><\/div><\/div><div class=\"fusion-layout-column fusion_builder_column fusion-builder-column-2 fusion_builder_column_1_3 1_3 fusion-one-third fusion-column-last\" style=\"--awb-bg-size:cover;width:33.333333333333%;width:calc(33.333333333333% - ( ( 4% ) * 0.33333333333333 ) );\"><div class=\"fusion-column-wrapper fusion-column-has-shadow fusion-flex-column-wrapper-legacy\"><div class=\"fusion-image-element in-legacy-container\" style=\"--awb-caption-title-font-family:var(--h2_typography-font-family);--awb-caption-title-font-weight:var(--h2_typography-font-weight);--awb-caption-title-font-style:var(--h2_typography-font-style);--awb-caption-title-size:var(--h2_typography-font-size);--awb-caption-title-transform:var(--h2_typography-text-transform);--awb-caption-title-line-height:var(--h2_typography-line-height);--awb-caption-title-letter-spacing:var(--h2_typography-letter-spacing);\"><span class=\" fusion-imageframe imageframe-none imageframe-1 hover-type-none\"><img decoding=\"async\" width=\"737\" height=\"891\" title=\"271182_SCD2-5416WTA_bande_wideband\" src=\"https:\/\/fracarro.com\/wp-content\/uploads\/2020\/10\/271182_SCD2-5416WTA_bande_wideband.png\" data-orig-src=\"https:\/\/fracarro.com\/wp-content\/uploads\/2020\/10\/271182_SCD2-5416WTA_bande_wideband.png\" alt class=\"lazyload img-responsive wp-image-39585\" srcset=\"data:image\/svg+xml,%3Csvg%20xmlns%3D%27http%3A%2F%2Fwww.w3.org%2F2000%2Fsvg%27%20width%3D%27737%27%20height%3D%27891%27%20viewBox%3D%270%200%20737%20891%27%3E%3Crect%20width%3D%27737%27%20height%3D%27891%27%20fill-opacity%3D%220%22%2F%3E%3C%2Fsvg%3E\" data-srcset=\"https:\/\/fracarro.com\/wp-content\/uploads\/2020\/10\/271182_SCD2-5416WTA_bande_wideband-200x242.png 200w, https:\/\/fracarro.com\/wp-content\/uploads\/2020\/10\/271182_SCD2-5416WTA_bande_wideband-400x484.png 400w, https:\/\/fracarro.com\/wp-content\/uploads\/2020\/10\/271182_SCD2-5416WTA_bande_wideband-600x725.png 600w, https:\/\/fracarro.com\/wp-content\/uploads\/2020\/10\/271182_SCD2-5416WTA_bande_wideband.png 737w\" data-sizes=\"auto\" data-orig-sizes=\"(max-width: 768px) 100vw, 400px\" \/><\/span><\/div><div class=\"fusion-clearfix\"><\/div><\/div><\/div><\/div><\/div><div class=\"fusion-fullwidth fullwidth-box fusion-builder-row-3 nonhundred-percent-fullwidth non-hundred-percent-height-scrolling\" style=\"--awb-border-radius-top-left:0px;--awb-border-radius-top-right:0px;--awb-border-radius-bottom-right:0px;--awb-border-radius-bottom-left:0px;--awb-flex-wrap:wrap;\" ><div class=\"fusion-builder-row fusion-row\"><div class=\"fusion-layout-column fusion_builder_column fusion-builder-column-3 fusion_builder_column_1_1 1_1 fusion-one-full fusion-column-first fusion-column-last\" style=\"--awb-bg-size:cover;\"><div class=\"fusion-column-wrapper fusion-column-has-shadow fusion-flex-column-wrapper-legacy\"><div class=\"fusion-title title fusion-title-2 fusion-sep-none fusion-title-text fusion-title-size-two\" style=\"--awb-margin-top:20px;--awb-margin-bottom:30px;\"><h2 class=\"fusion-title-heading title-heading-left fusion-responsive-typography-calculated\" style=\"margin:0;--fontSize:33;line-height:1.15;\">WIDE BAND et QUATTRO: comparaison des deux technologies<\/h2><\/div><div class=\"fusion-clearfix\"><\/div><\/div><\/div><div class=\"fusion-layout-column fusion_builder_column fusion-builder-column-4 fusion_builder_column_1_1 1_1 fusion-one-full fusion-column-first fusion-column-last\" style=\"--awb-bg-size:cover;\"><div class=\"fusion-column-wrapper fusion-column-has-shadow fusion-flex-column-wrapper-legacy\"><div class=\"fusion-title title fusion-title-3 fusion-sep-none fusion-title-text fusion-title-size-three\" style=\"--awb-margin-top:-20px;\"><h3 class=\"fusion-title-heading title-heading-left fusion-responsive-typography-calculated\" style=\"margin:0;--fontSize:28.05;line-height:1.24;\">Nombre de c\u00e2bles<\/h3><\/div><div class=\"fusion-text fusion-text-3\"><p>Avec la technologie WIDEBAND, le nombre de c\u00e2bles coaxiaux reliant la LNB au multiswitch est de moiti\u00e9 (2 au lieu de 4): l\u2019installation est donc plus rapide et plus facile \u00e0 r\u00e9aliser, m\u00eame dans le cas de petits espaces. En utilisant les c\u00e2bles existants, la technologie WIDE BAND permet \u00e9galement de convertir un syst\u00e8me traditionnel \u00e0 un seul satellite QUATTRO en double satellite WIDEBAND: en fait, Hotbird 13 \u00b0 E et Astra 19,2 \u00b0 E peuvent \u00eatre re\u00e7us et distribu\u00e9s avec seulement 4 c\u00e2bles descendant du toit.<\/p>\n<\/div><div class=\"fusion-title title fusion-title-4 fusion-sep-none fusion-title-text fusion-title-size-three\"><h3 class=\"fusion-title-heading title-heading-left fusion-responsive-typography-calculated\" style=\"margin:0;--fontSize:28.05;line-height:1.24;\">Choix de produits<\/h3><\/div><div class=\"fusion-text fusion-text-4\"><p>Les bandes occup\u00e9es par les signaux de sortie des LNB qui vont vers les multi-commutateurs sont diff\u00e9rentes dans les deux technologies et peuvent \u00e9galement varier sur diff\u00e9rents mod\u00e8les de LNB WIDE BAND; pour cette raison, si vous utilisez un LNB de type WIDE BAND avec un oscillateur local \u00e0 10410 MHz (le plus courant du march\u00e9), le multiswitch qui y est connect\u00e9 doit \u00e9galement \u00eatre compatible WIDE BAND et calibr\u00e9 sur la m\u00eame fr\u00e9quence que l\u2019oscillateur.<\/p>\n<\/div><div class=\"fusion-title title fusion-title-5 fusion-sep-none fusion-title-text fusion-title-size-three\"><h3 class=\"fusion-title-heading title-heading-left fusion-responsive-typography-calculated\" style=\"margin:0;--fontSize:28.05;line-height:1.24;\">D\u00e9codeur et distribution<\/h3><\/div><div class=\"fusion-text fusion-text-5\"><p>Ils sont les m\u00eames dans les deux technologies car le signal satellite \u00e9mis par le multiswitch QUATTRO ou WIDE BAND, qui dessert la prise utilisateur, occupe toujours la bande de 950 \u00e0 2150 MHz; Les c\u00e2bles, les r\u00e9partiteurs et les r\u00e9cepteurs (qu\u2019ils soient standard, SCR ou SCD2 dCSS) sont dans tous les cas compatibles avec les deux technologies. Dans les syst\u00e8mes WIDE BAND, lorsqu\u2019il y a une division du signal le long du conducteur descendant (entre la LNB et le multiswitch), il est n\u00e9cessaire d\u2019utiliser des produits avec une bande allant jusqu\u2019\u00e0 2340 MHz.<\/p>\n<\/div><div class=\"fusion-clearfix\"><\/div><\/div><\/div><div class=\"fusion-layout-column fusion_builder_column fusion-builder-column-5 fusion_builder_column_1_1 1_1 fusion-one-full fusion-column-first fusion-column-last\" style=\"--awb-bg-size:cover;\"><div class=\"fusion-column-wrapper fusion-column-has-shadow fusion-flex-column-wrapper-legacy\"><div class=\"fusion-title title fusion-title-6 fusion-sep-none fusion-title-text fusion-title-size-three\"><h3 class=\"fusion-title-heading title-heading-left fusion-responsive-typography-calculated\" style=\"margin:0;--fontSize:28.05;line-height:1.24;\">LNB<\/h3><\/div><div class=\"fusion-text fusion-text-6\"><div class=\"table fr-products-table fr-generic-table\">\n<table width=\"100%\">\n<tbody>\n<tr>\n<td style=\"text-align: center;\">QUATTRO<\/td>\n<td style=\"text-align: center;\">WIDEBAND<\/td>\n<\/tr>\n<tr>\n<td>Elle re\u00e7oit les polarit\u00e9s verticale et horizontale du satellite.<\/td>\n<td>Elle re\u00e7oit les polarit\u00e9s verticale et horizontale du satellite.<\/td>\n<\/tr>\n<tr>\n<td>S\u00e9pare chacune d\u2019elles dans la bande basse de 10,7 \u00e0 11,7 GHz et la bande haute de 11,7 \u00e0 12,75 GHz.<\/td>\n<td><\/td>\n<\/tr>\n<tr>\n<td>Elle les transpose sur <strong>4 c\u00e2bles coaxiaux sur des fr\u00e9quences<\/strong> allant de 950 MHz \u00e0 2150 MHz.<\/td>\n<td>Elle les transpose sur <strong>2 c\u00e2bles coaxiaux sur des fr\u00e9quences<\/strong> allant de 290 \u00e0 2340 MHz.<\/td>\n<\/tr>\n<\/tbody>\n<\/table>\n<\/div>\n<\/div><div class=\"fusion-title title fusion-title-7 fusion-sep-none fusion-title-text fusion-title-size-three\"><h3 class=\"fusion-title-heading title-heading-left fusion-responsive-typography-calculated\" style=\"margin:0;--fontSize:28.05;line-height:1.24;\">MULTISWITCH<\/h3><\/div><div class=\"fusion-text fusion-text-7\"><div class=\"table fr-products-table fr-generic-table\">\n<table width=\"100%\">\n<tbody>\n<tr>\n<td style=\"text-align: center;\">QUATTRO<\/td>\n<td style=\"text-align: center;\">WIDEBAND<\/td>\n<\/tr>\n<tr>\n<td>Il re\u00e7oit de la LNB les bandes VL, HL, VH et HH<\/td>\n<td>Il re\u00e7oit de la \u2019LNB les polarit\u00e9s horizontale et verticale.<\/td>\n<\/tr>\n<tr>\n<td><\/td>\n<td><strong>Il  s\u00e9pare chacune d\u2019elles en bande basse de 950 \u00e0 1950 MHz et bande haute de 1100 \u00e0 2150 MHz.<\/strong><\/td>\n<\/tr>\n<tr>\n<td>Il envoie au d\u00e9codeur uniquement la bande, et polarit\u00e9 demand\u00e9es en fonction  du signal DiSEqC re\u00e7u.<\/td>\n<td>Il envoie au d\u00e9codeur uniquement la bande, et polarit\u00e9 demand\u00e9es en fonction du signal DiSEqC re\u00e7u.<\/td>\n<\/tr>\n<\/tbody>\n<\/table>\n<\/div>\n<\/div><div class=\"fusion-clearfix\"><\/div><\/div><\/div><\/div><\/div><\/p>\n","protected":false},"excerpt":{"rendered":"","protected":false},"author":5,"featured_media":0,"parent":43813,"menu_order":0,"comment_status":"closed","ping_status":"closed","template":"","meta":{"footnotes":""},"class_list":["post-43816","page","type-page","status-publish","hentry"],"yoast_head":"<!-- This site is optimized with the Yoast SEO Premium plugin v26.5 (Yoast SEO v26.7) - https:\/\/yoast.com\/wordpress\/plugins\/seo\/ -->\n<title>Technologie Wide Band - Fracarro Radioindustrie SRL<\/title>\n<meta name=\"description\" content=\"Con la tecnologia wideband, gli LNB possono essere collegati ai multiswitch SCD2 Fracarro con solo 2 cavi coassiali per ciascun satellite. L&#039;installazione \u00e8 rapida e agevole anche negli spazi pi\u00f9 ridotti.\" \/>\n<meta name=\"robots\" content=\"index, follow, max-snippet:-1, max-image-preview:large, max-video-preview:-1\" \/>\n<link rel=\"canonical\" href=\"https:\/\/fracarro.com\/fr\/multiswitch-scd2\/technologie-wideband\/\" \/>\n<meta property=\"og:locale\" content=\"fr_FR\" \/>\n<meta property=\"og:type\" content=\"article\" \/>\n<meta property=\"og:title\" content=\"Technologie Wide Band\" \/>\n<meta property=\"og:description\" content=\"Con la tecnologia wideband, gli LNB possono essere collegati ai multiswitch SCD2 Fracarro con solo 2 cavi coassiali per ciascun satellite. L&#039;installazione \u00e8 rapida e agevole anche negli spazi pi\u00f9 ridotti.\" \/>\n<meta property=\"og:url\" content=\"https:\/\/fracarro.com\/fr\/multiswitch-scd2\/technologie-wideband\/\" \/>\n<meta property=\"og:site_name\" content=\"Fracarro Radioindustrie SRL\" \/>\n<meta property=\"article:publisher\" content=\"https:\/\/it-it.facebook.com\/fracarro\/\" \/>\n<meta property=\"article:modified_time\" content=\"2023-06-21T11:57:43+00:00\" \/>\n<meta name=\"twitter:card\" content=\"summary_large_image\" \/>\n<meta name=\"twitter:site\" content=\"@fracarrotweets\" \/>\n<meta name=\"twitter:label1\" content=\"Dur\u00e9e de lecture estim\u00e9e\" \/>\n\t<meta name=\"twitter:data1\" content=\"11 minutes\" \/>\n<script type=\"application\/ld+json\" class=\"yoast-schema-graph\">{\"@context\":\"https:\/\/schema.org\",\"@graph\":[{\"@type\":\"WebPage\",\"@id\":\"https:\/\/fracarro.com\/fr\/multiswitch-scd2\/technologie-wideband\/\",\"url\":\"https:\/\/fracarro.com\/fr\/multiswitch-scd2\/technologie-wideband\/\",\"name\":\"Technologie Wide Band - Fracarro Radioindustrie SRL\",\"isPartOf\":{\"@id\":\"https:\/\/fracarro.com\/fr\/#website\"},\"datePublished\":\"2020-10-22T08:09:48+00:00\",\"dateModified\":\"2023-06-21T11:57:43+00:00\",\"description\":\"Con la tecnologia wideband, gli LNB possono essere collegati ai multiswitch SCD2 Fracarro con solo 2 cavi coassiali per ciascun satellite. L'installazione \u00e8 rapida e agevole anche negli spazi pi\u00f9 ridotti.\",\"breadcrumb\":{\"@id\":\"https:\/\/fracarro.com\/fr\/multiswitch-scd2\/technologie-wideband\/#breadcrumb\"},\"inLanguage\":\"fr-FR\",\"potentialAction\":[{\"@type\":\"ReadAction\",\"target\":[\"https:\/\/fracarro.com\/fr\/multiswitch-scd2\/technologie-wideband\/\"]}]},{\"@type\":\"BreadcrumbList\",\"@id\":\"https:\/\/fracarro.com\/fr\/multiswitch-scd2\/technologie-wideband\/#breadcrumb\",\"itemListElement\":[{\"@type\":\"ListItem\",\"position\":1,\"name\":\"Home\",\"item\":\"https:\/\/fracarro.com\/fr\/\"},{\"@type\":\"ListItem\",\"position\":2,\"name\":\"Multiswitch SCD2\",\"item\":\"https:\/\/fracarro.com\/fr\/multiswitch-scd2\/\"},{\"@type\":\"ListItem\",\"position\":3,\"name\":\"Technologie Wide Band\"}]},{\"@type\":\"WebSite\",\"@id\":\"https:\/\/fracarro.com\/fr\/#website\",\"url\":\"https:\/\/fracarro.com\/fr\/\",\"name\":\"Fracarro Radioindustrie SRL\",\"description\":\"\",\"publisher\":{\"@id\":\"https:\/\/fracarro.com\/fr\/#organization\"},\"potentialAction\":[{\"@type\":\"SearchAction\",\"target\":{\"@type\":\"EntryPoint\",\"urlTemplate\":\"https:\/\/fracarro.com\/fr\/?s={search_term_string}\"},\"query-input\":{\"@type\":\"PropertyValueSpecification\",\"valueRequired\":true,\"valueName\":\"search_term_string\"}}],\"inLanguage\":\"fr-FR\"},{\"@type\":\"Organization\",\"@id\":\"https:\/\/fracarro.com\/fr\/#organization\",\"name\":\"Fracarro Radioindustrie SRL\",\"url\":\"https:\/\/fracarro.com\/fr\/\",\"logo\":{\"@type\":\"ImageObject\",\"inLanguage\":\"fr-FR\",\"@id\":\"https:\/\/fracarro.com\/fr\/#\/schema\/logo\/image\/\",\"url\":\"https:\/\/fracarro.com\/wp-content\/uploads\/2020\/09\/Fracarro-logo530x67.png\",\"contentUrl\":\"https:\/\/fracarro.com\/wp-content\/uploads\/2020\/09\/Fracarro-logo530x67.png\",\"width\":530,\"height\":67,\"caption\":\"Fracarro Radioindustrie SRL\"},\"image\":{\"@id\":\"https:\/\/fracarro.com\/fr\/#\/schema\/logo\/image\/\"},\"sameAs\":[\"https:\/\/it-it.facebook.com\/fracarro\/\",\"https:\/\/x.com\/fracarrotweets\",\"https:\/\/it.linkedin.com\/company\/fracarro-radioindustrie\",\"https:\/\/www.instagram.com\/fracarroradioindustrie\/\",\"https:\/\/www.youtube.com\/user\/FracarroOfficial?feature=watch\"]}]}<\/script>\n<!-- \/ Yoast SEO Premium plugin. -->","yoast_head_json":{"title":"Technologie Wide Band - Fracarro Radioindustrie SRL","description":"Con la tecnologia wideband, gli LNB possono essere collegati ai multiswitch SCD2 Fracarro con solo 2 cavi coassiali per ciascun satellite. L'installazione \u00e8 rapida e agevole anche negli spazi pi\u00f9 ridotti.","robots":{"index":"index","follow":"follow","max-snippet":"max-snippet:-1","max-image-preview":"max-image-preview:large","max-video-preview":"max-video-preview:-1"},"canonical":"https:\/\/fracarro.com\/fr\/multiswitch-scd2\/technologie-wideband\/","og_locale":"fr_FR","og_type":"article","og_title":"Technologie Wide Band","og_description":"Con la tecnologia wideband, gli LNB possono essere collegati ai multiswitch SCD2 Fracarro con solo 2 cavi coassiali per ciascun satellite. L'installazione \u00e8 rapida e agevole anche negli spazi pi\u00f9 ridotti.","og_url":"https:\/\/fracarro.com\/fr\/multiswitch-scd2\/technologie-wideband\/","og_site_name":"Fracarro Radioindustrie SRL","article_publisher":"https:\/\/it-it.facebook.com\/fracarro\/","article_modified_time":"2023-06-21T11:57:43+00:00","twitter_card":"summary_large_image","twitter_site":"@fracarrotweets","twitter_misc":{"Dur\u00e9e de lecture estim\u00e9e":"11 minutes"},"schema":{"@context":"https:\/\/schema.org","@graph":[{"@type":"WebPage","@id":"https:\/\/fracarro.com\/fr\/multiswitch-scd2\/technologie-wideband\/","url":"https:\/\/fracarro.com\/fr\/multiswitch-scd2\/technologie-wideband\/","name":"Technologie Wide Band - Fracarro Radioindustrie SRL","isPartOf":{"@id":"https:\/\/fracarro.com\/fr\/#website"},"datePublished":"2020-10-22T08:09:48+00:00","dateModified":"2023-06-21T11:57:43+00:00","description":"Con la tecnologia wideband, gli LNB possono essere collegati ai multiswitch SCD2 Fracarro con solo 2 cavi coassiali per ciascun satellite. L'installazione \u00e8 rapida e agevole anche negli spazi pi\u00f9 ridotti.","breadcrumb":{"@id":"https:\/\/fracarro.com\/fr\/multiswitch-scd2\/technologie-wideband\/#breadcrumb"},"inLanguage":"fr-FR","potentialAction":[{"@type":"ReadAction","target":["https:\/\/fracarro.com\/fr\/multiswitch-scd2\/technologie-wideband\/"]}]},{"@type":"BreadcrumbList","@id":"https:\/\/fracarro.com\/fr\/multiswitch-scd2\/technologie-wideband\/#breadcrumb","itemListElement":[{"@type":"ListItem","position":1,"name":"Home","item":"https:\/\/fracarro.com\/fr\/"},{"@type":"ListItem","position":2,"name":"Multiswitch SCD2","item":"https:\/\/fracarro.com\/fr\/multiswitch-scd2\/"},{"@type":"ListItem","position":3,"name":"Technologie Wide Band"}]},{"@type":"WebSite","@id":"https:\/\/fracarro.com\/fr\/#website","url":"https:\/\/fracarro.com\/fr\/","name":"Fracarro Radioindustrie SRL","description":"","publisher":{"@id":"https:\/\/fracarro.com\/fr\/#organization"},"potentialAction":[{"@type":"SearchAction","target":{"@type":"EntryPoint","urlTemplate":"https:\/\/fracarro.com\/fr\/?s={search_term_string}"},"query-input":{"@type":"PropertyValueSpecification","valueRequired":true,"valueName":"search_term_string"}}],"inLanguage":"fr-FR"},{"@type":"Organization","@id":"https:\/\/fracarro.com\/fr\/#organization","name":"Fracarro Radioindustrie SRL","url":"https:\/\/fracarro.com\/fr\/","logo":{"@type":"ImageObject","inLanguage":"fr-FR","@id":"https:\/\/fracarro.com\/fr\/#\/schema\/logo\/image\/","url":"https:\/\/fracarro.com\/wp-content\/uploads\/2020\/09\/Fracarro-logo530x67.png","contentUrl":"https:\/\/fracarro.com\/wp-content\/uploads\/2020\/09\/Fracarro-logo530x67.png","width":530,"height":67,"caption":"Fracarro Radioindustrie SRL"},"image":{"@id":"https:\/\/fracarro.com\/fr\/#\/schema\/logo\/image\/"},"sameAs":["https:\/\/it-it.facebook.com\/fracarro\/","https:\/\/x.com\/fracarrotweets","https:\/\/it.linkedin.com\/company\/fracarro-radioindustrie","https:\/\/www.instagram.com\/fracarroradioindustrie\/","https:\/\/www.youtube.com\/user\/FracarroOfficial?feature=watch"]}]}},"_links":{"self":[{"href":"https:\/\/fracarro.com\/fr\/wp-json\/wp\/v2\/pages\/43816","targetHints":{"allow":["GET"]}}],"collection":[{"href":"https:\/\/fracarro.com\/fr\/wp-json\/wp\/v2\/pages"}],"about":[{"href":"https:\/\/fracarro.com\/fr\/wp-json\/wp\/v2\/types\/page"}],"author":[{"embeddable":true,"href":"https:\/\/fracarro.com\/fr\/wp-json\/wp\/v2\/users\/5"}],"replies":[{"embeddable":true,"href":"https:\/\/fracarro.com\/fr\/wp-json\/wp\/v2\/comments?post=43816"}],"version-history":[{"count":6,"href":"https:\/\/fracarro.com\/fr\/wp-json\/wp\/v2\/pages\/43816\/revisions"}],"predecessor-version":[{"id":185119,"href":"https:\/\/fracarro.com\/fr\/wp-json\/wp\/v2\/pages\/43816\/revisions\/185119"}],"up":[{"embeddable":true,"href":"https:\/\/fracarro.com\/fr\/wp-json\/wp\/v2\/pages\/43813"}],"wp:attachment":[{"href":"https:\/\/fracarro.com\/fr\/wp-json\/wp\/v2\/media?parent=43816"}],"curies":[{"name":"wp","href":"https:\/\/api.w.org\/{rel}","templated":true}]}}