{"id":43839,"date":"2021-02-12T13:32:27","date_gmt":"2021-02-12T11:32:27","guid":{"rendered":"https:\/\/sviluppo.fracarro.com\/solution-gpon\/soluzione-gpon-catv\/"},"modified":"2021-09-01T10:16:27","modified_gmt":"2021-09-01T08:16:27","slug":"solution-gpon-catv","status":"publish","type":"page","link":"https:\/\/fracarro.com\/fr\/solution-gpon-catv\/","title":{"rendered":"Solution GPON + CATV"},"content":{"rendered":"<p><div class=\"fusion-fullwidth fullwidth-box fusion-builder-row-1 fusion-flex-container nonhundred-percent-fullwidth non-hundred-percent-height-scrolling\" style=\"--awb-border-radius-top-left:0px;--awb-border-radius-top-right:0px;--awb-border-radius-bottom-right:0px;--awb-border-radius-bottom-left:0px;--awb-flex-wrap:wrap;\" ><div class=\"fusion-builder-row fusion-row fusion-flex-align-items-flex-start fusion-flex-content-wrap\" style=\"max-width:1144px;margin-left: calc(-4% \/ 2 );margin-right: calc(-4% \/ 2 );\"><div class=\"fusion-layout-column fusion_builder_column fusion-builder-column-0 fusion_builder_column_1_1 1_1 fusion-flex-column\" style=\"--awb-bg-size:cover;--awb-width-large:100%;--awb-margin-top-large:0px;--awb-spacing-right-large:1.92%;--awb-margin-bottom-large:20px;--awb-spacing-left-large:1.92%;--awb-width-medium:100%;--awb-order-medium:0;--awb-spacing-right-medium:1.92%;--awb-spacing-left-medium:1.92%;--awb-width-small:100%;--awb-order-small:0;--awb-spacing-right-small:1.92%;--awb-spacing-left-small:1.92%;\"><div class=\"fusion-column-wrapper fusion-column-has-shadow fusion-flex-justify-content-flex-start fusion-content-layout-column\"><div class=\"fusion-title title fusion-title-1 fusion-sep-none fusion-title-text fusion-title-size-one\"><h1 class=\"fusion-title-heading title-heading-left fusion-responsive-typography-calculated\" style=\"margin:0;--fontSize:61.875;line-height:1.2;\">Solution GPON + CATV<\/h1><\/div><\/div><\/div><\/div><\/div><div class=\"fusion-fullwidth fullwidth-box fusion-builder-row-2 fusion-flex-container nonhundred-percent-fullwidth non-hundred-percent-height-scrolling\" style=\"--awb-border-radius-top-left:0px;--awb-border-radius-top-right:0px;--awb-border-radius-bottom-right:0px;--awb-border-radius-bottom-left:0px;--awb-flex-wrap:wrap;\" ><div class=\"fusion-builder-row fusion-row fusion-flex-align-items-flex-start fusion-flex-content-wrap\" style=\"max-width:1144px;margin-left: calc(-4% \/ 2 );margin-right: calc(-4% \/ 2 );\"><div class=\"fusion-layout-column fusion_builder_column fusion-builder-column-1 fusion_builder_column_1_3 1_3 fusion-flex-column\" style=\"--awb-bg-size:cover;--awb-width-large:33.333333333333%;--awb-margin-top-large:0px;--awb-spacing-right-large:5.76%;--awb-margin-bottom-large:20px;--awb-spacing-left-large:5.76%;--awb-width-medium:100%;--awb-order-medium:0;--awb-spacing-right-medium:1.92%;--awb-spacing-left-medium:1.92%;--awb-width-small:100%;--awb-order-small:0;--awb-spacing-right-small:1.92%;--awb-spacing-left-small:1.92%;\"><div class=\"fusion-column-wrapper fusion-column-has-shadow fusion-flex-justify-content-flex-start fusion-content-layout-column\"><div class=\"fusion-text fusion-text-1\"><p>Cet exemple de configuration GPON montre la distribution de services IP et de programmes CATV \u00e0 partir d&rsquo;une station FRACARRO. Les deux signaux optiques r\u00e9sultants, l&rsquo;un provenant d&rsquo;un \u00e9metteur GPON (OLT &#8211; Optical Line Terminal) et l&rsquo;autre d&rsquo;un \u00e9metteur optique HOME Fibre, sont coupl\u00e9s \u00e0 l&rsquo;aide d&rsquo;un WDM2 (multiplexeur qui couple deux longueurs d&rsquo;onde diff\u00e9rentes) sur une m\u00eame fibre. Ce dernier peut \u00eatre divis\u00e9 par un r\u00e9partiteur optique jusqu&rsquo;\u00e0 128 fois. Cela permet \u00e0 tous les services inject\u00e9s (IP) et programmes CATV d&rsquo;atteindre le r\u00e9cepteur optique (ONT) aux points d&rsquo;extr\u00e9mit\u00e9, o\u00f9 ils sont reconvertis dans leur forme d&rsquo;origine. Tous les services bas\u00e9s sur IP sont disponibles sur les ports Ethernet, sur n&rsquo;importe quelle sortie t\u00e9l\u00e9phonique et via le r\u00e9seau WiFi; tous les programmes CATV sont disponibles sur la sortie coaxiale, pr\u00eats \u00e0 \u00eatre branch\u00e9s au t\u00e9l\u00e9viseur.<\/p>\n<\/div><\/div><\/div><div class=\"fusion-layout-column fusion_builder_column fusion-builder-column-2 fusion_builder_column_2_3 2_3 fusion-flex-column\" style=\"--awb-padding-left:2em;--awb-bg-size:cover;--awb-width-large:66.666666666667%;--awb-margin-top-large:0px;--awb-spacing-right-large:2.88%;--awb-margin-bottom-large:20px;--awb-spacing-left-large:2.88%;--awb-width-medium:100%;--awb-order-medium:0;--awb-spacing-right-medium:1.92%;--awb-spacing-left-medium:1.92%;--awb-width-small:100%;--awb-order-small:0;--awb-spacing-right-small:1.92%;--awb-spacing-left-small:1.92%;\"><div class=\"fusion-column-wrapper fusion-column-has-shadow fusion-flex-justify-content-flex-start fusion-content-layout-column\"><a class=\"awb-lightbox awb-lightbox-1\" href=\"https:\/\/fracarro.com\/wp-content\/uploads\/2019\/05\/GPON_CATV_WEB-1-939x1024.jpg\" data-rel=\"iLightbox\"><img class=\"lazyload\" decoding=\"async\" src=\"data:image\/svg+xml,%3Csvg%20xmlns%3D%27http%3A%2F%2Fwww.w3.org%2F2000%2Fsvg%27%20width%3D%27400%27%20height%3D%27500%27%20viewBox%3D%270%200%20400%20500%27%3E%3Crect%20width%3D%27400%27%20height%3D%27500%27%20fill-opacity%3D%220%22%2F%3E%3C%2Fsvg%3E\" data-orig-src=\"https:\/\/fracarro.com\/wp-content\/uploads\/2021\/02\/GPON_CATV_400x500.png\"><\/a><\/div><\/div><\/div><\/div><\/p>\n","protected":false},"excerpt":{"rendered":"","protected":false},"author":5,"featured_media":0,"parent":0,"menu_order":0,"comment_status":"closed","ping_status":"closed","template":"","meta":{"footnotes":""},"class_list":["post-43839","page","type-page","status-publish","hentry"],"yoast_head":"<!-- This site is optimized with the Yoast SEO Premium plugin v26.5 (Yoast SEO v26.7) - https:\/\/yoast.com\/wordpress\/plugins\/seo\/ -->\n<title>Solution GPON + CATV - Fracarro Radioindustrie SRL<\/title>\n<meta name=\"robots\" content=\"index, follow, max-snippet:-1, max-image-preview:large, max-video-preview:-1\" \/>\n<link rel=\"canonical\" href=\"https:\/\/fracarro.com\/fr\/solution-gpon-catv\/\" \/>\n<meta property=\"og:locale\" content=\"fr_FR\" \/>\n<meta property=\"og:type\" content=\"article\" \/>\n<meta property=\"og:title\" content=\"Solution GPON + CATV\" \/>\n<meta property=\"og:url\" content=\"https:\/\/fracarro.com\/fr\/solution-gpon-catv\/\" \/>\n<meta property=\"og:site_name\" content=\"Fracarro Radioindustrie SRL\" \/>\n<meta property=\"article:publisher\" content=\"https:\/\/it-it.facebook.com\/fracarro\/\" \/>\n<meta property=\"article:modified_time\" content=\"2021-09-01T08:16:27+00:00\" \/>\n<meta property=\"og:image\" content=\"https:\/\/fracarro.com\/wp-content\/uploads\/2021\/02\/GPON_CATV_400x500.png\" \/>\n<meta name=\"twitter:card\" content=\"summary_large_image\" \/>\n<meta name=\"twitter:site\" content=\"@fracarrotweets\" \/>\n<meta name=\"twitter:label1\" content=\"Dur\u00e9e de lecture estim\u00e9e\" \/>\n\t<meta name=\"twitter:data1\" content=\"4 minutes\" \/>\n<script type=\"application\/ld+json\" class=\"yoast-schema-graph\">{\"@context\":\"https:\/\/schema.org\",\"@graph\":[{\"@type\":\"WebPage\",\"@id\":\"https:\/\/fracarro.com\/fr\/solution-gpon-catv\/\",\"url\":\"https:\/\/fracarro.com\/fr\/solution-gpon-catv\/\",\"name\":\"Solution GPON + CATV - Fracarro Radioindustrie SRL\",\"isPartOf\":{\"@id\":\"https:\/\/fracarro.com\/fr\/#website\"},\"primaryImageOfPage\":{\"@id\":\"https:\/\/fracarro.com\/fr\/solution-gpon-catv\/#primaryimage\"},\"image\":{\"@id\":\"https:\/\/fracarro.com\/fr\/solution-gpon-catv\/#primaryimage\"},\"thumbnailUrl\":\"https:\/\/fracarro.com\/wp-content\/uploads\/2021\/02\/GPON_CATV_400x500.png\",\"datePublished\":\"2021-02-12T11:32:27+00:00\",\"dateModified\":\"2021-09-01T08:16:27+00:00\",\"breadcrumb\":{\"@id\":\"https:\/\/fracarro.com\/fr\/solution-gpon-catv\/#breadcrumb\"},\"inLanguage\":\"fr-FR\",\"potentialAction\":[{\"@type\":\"ReadAction\",\"target\":[\"https:\/\/fracarro.com\/fr\/solution-gpon-catv\/\"]}]},{\"@type\":\"ImageObject\",\"inLanguage\":\"fr-FR\",\"@id\":\"https:\/\/fracarro.com\/fr\/solution-gpon-catv\/#primaryimage\",\"url\":\"https:\/\/fracarro.com\/wp-content\/uploads\/2021\/02\/GPON_CATV_400x500.png\",\"contentUrl\":\"https:\/\/fracarro.com\/wp-content\/uploads\/2021\/02\/GPON_CATV_400x500.png\"},{\"@type\":\"BreadcrumbList\",\"@id\":\"https:\/\/fracarro.com\/fr\/solution-gpon-catv\/#breadcrumb\",\"itemListElement\":[{\"@type\":\"ListItem\",\"position\":1,\"name\":\"Home\",\"item\":\"https:\/\/fracarro.com\/fr\/\"},{\"@type\":\"ListItem\",\"position\":2,\"name\":\"Solution GPON + CATV\"}]},{\"@type\":\"WebSite\",\"@id\":\"https:\/\/fracarro.com\/fr\/#website\",\"url\":\"https:\/\/fracarro.com\/fr\/\",\"name\":\"Fracarro Radioindustrie SRL\",\"description\":\"\",\"publisher\":{\"@id\":\"https:\/\/fracarro.com\/fr\/#organization\"},\"potentialAction\":[{\"@type\":\"SearchAction\",\"target\":{\"@type\":\"EntryPoint\",\"urlTemplate\":\"https:\/\/fracarro.com\/fr\/?s={search_term_string}\"},\"query-input\":{\"@type\":\"PropertyValueSpecification\",\"valueRequired\":true,\"valueName\":\"search_term_string\"}}],\"inLanguage\":\"fr-FR\"},{\"@type\":\"Organization\",\"@id\":\"https:\/\/fracarro.com\/fr\/#organization\",\"name\":\"Fracarro Radioindustrie SRL\",\"url\":\"https:\/\/fracarro.com\/fr\/\",\"logo\":{\"@type\":\"ImageObject\",\"inLanguage\":\"fr-FR\",\"@id\":\"https:\/\/fracarro.com\/fr\/#\/schema\/logo\/image\/\",\"url\":\"https:\/\/fracarro.com\/wp-content\/uploads\/2020\/09\/Fracarro-logo530x67.png\",\"contentUrl\":\"https:\/\/fracarro.com\/wp-content\/uploads\/2020\/09\/Fracarro-logo530x67.png\",\"width\":530,\"height\":67,\"caption\":\"Fracarro Radioindustrie SRL\"},\"image\":{\"@id\":\"https:\/\/fracarro.com\/fr\/#\/schema\/logo\/image\/\"},\"sameAs\":[\"https:\/\/it-it.facebook.com\/fracarro\/\",\"https:\/\/x.com\/fracarrotweets\",\"https:\/\/it.linkedin.com\/company\/fracarro-radioindustrie\",\"https:\/\/www.instagram.com\/fracarroradioindustrie\/\",\"https:\/\/www.youtube.com\/user\/FracarroOfficial?feature=watch\"]}]}<\/script>\n<!-- \/ Yoast SEO Premium plugin. -->","yoast_head_json":{"title":"Solution GPON + CATV - Fracarro Radioindustrie SRL","robots":{"index":"index","follow":"follow","max-snippet":"max-snippet:-1","max-image-preview":"max-image-preview:large","max-video-preview":"max-video-preview:-1"},"canonical":"https:\/\/fracarro.com\/fr\/solution-gpon-catv\/","og_locale":"fr_FR","og_type":"article","og_title":"Solution GPON + CATV","og_url":"https:\/\/fracarro.com\/fr\/solution-gpon-catv\/","og_site_name":"Fracarro Radioindustrie SRL","article_publisher":"https:\/\/it-it.facebook.com\/fracarro\/","article_modified_time":"2021-09-01T08:16:27+00:00","og_image":[{"url":"https:\/\/fracarro.com\/wp-content\/uploads\/2021\/02\/GPON_CATV_400x500.png","type":"","width":"","height":""}],"twitter_card":"summary_large_image","twitter_site":"@fracarrotweets","twitter_misc":{"Dur\u00e9e de lecture estim\u00e9e":"4 minutes"},"schema":{"@context":"https:\/\/schema.org","@graph":[{"@type":"WebPage","@id":"https:\/\/fracarro.com\/fr\/solution-gpon-catv\/","url":"https:\/\/fracarro.com\/fr\/solution-gpon-catv\/","name":"Solution GPON + CATV - Fracarro Radioindustrie SRL","isPartOf":{"@id":"https:\/\/fracarro.com\/fr\/#website"},"primaryImageOfPage":{"@id":"https:\/\/fracarro.com\/fr\/solution-gpon-catv\/#primaryimage"},"image":{"@id":"https:\/\/fracarro.com\/fr\/solution-gpon-catv\/#primaryimage"},"thumbnailUrl":"https:\/\/fracarro.com\/wp-content\/uploads\/2021\/02\/GPON_CATV_400x500.png","datePublished":"2021-02-12T11:32:27+00:00","dateModified":"2021-09-01T08:16:27+00:00","breadcrumb":{"@id":"https:\/\/fracarro.com\/fr\/solution-gpon-catv\/#breadcrumb"},"inLanguage":"fr-FR","potentialAction":[{"@type":"ReadAction","target":["https:\/\/fracarro.com\/fr\/solution-gpon-catv\/"]}]},{"@type":"ImageObject","inLanguage":"fr-FR","@id":"https:\/\/fracarro.com\/fr\/solution-gpon-catv\/#primaryimage","url":"https:\/\/fracarro.com\/wp-content\/uploads\/2021\/02\/GPON_CATV_400x500.png","contentUrl":"https:\/\/fracarro.com\/wp-content\/uploads\/2021\/02\/GPON_CATV_400x500.png"},{"@type":"BreadcrumbList","@id":"https:\/\/fracarro.com\/fr\/solution-gpon-catv\/#breadcrumb","itemListElement":[{"@type":"ListItem","position":1,"name":"Home","item":"https:\/\/fracarro.com\/fr\/"},{"@type":"ListItem","position":2,"name":"Solution GPON + CATV"}]},{"@type":"WebSite","@id":"https:\/\/fracarro.com\/fr\/#website","url":"https:\/\/fracarro.com\/fr\/","name":"Fracarro Radioindustrie SRL","description":"","publisher":{"@id":"https:\/\/fracarro.com\/fr\/#organization"},"potentialAction":[{"@type":"SearchAction","target":{"@type":"EntryPoint","urlTemplate":"https:\/\/fracarro.com\/fr\/?s={search_term_string}"},"query-input":{"@type":"PropertyValueSpecification","valueRequired":true,"valueName":"search_term_string"}}],"inLanguage":"fr-FR"},{"@type":"Organization","@id":"https:\/\/fracarro.com\/fr\/#organization","name":"Fracarro Radioindustrie SRL","url":"https:\/\/fracarro.com\/fr\/","logo":{"@type":"ImageObject","inLanguage":"fr-FR","@id":"https:\/\/fracarro.com\/fr\/#\/schema\/logo\/image\/","url":"https:\/\/fracarro.com\/wp-content\/uploads\/2020\/09\/Fracarro-logo530x67.png","contentUrl":"https:\/\/fracarro.com\/wp-content\/uploads\/2020\/09\/Fracarro-logo530x67.png","width":530,"height":67,"caption":"Fracarro Radioindustrie SRL"},"image":{"@id":"https:\/\/fracarro.com\/fr\/#\/schema\/logo\/image\/"},"sameAs":["https:\/\/it-it.facebook.com\/fracarro\/","https:\/\/x.com\/fracarrotweets","https:\/\/it.linkedin.com\/company\/fracarro-radioindustrie","https:\/\/www.instagram.com\/fracarroradioindustrie\/","https:\/\/www.youtube.com\/user\/FracarroOfficial?feature=watch"]}]}},"_links":{"self":[{"href":"https:\/\/fracarro.com\/fr\/wp-json\/wp\/v2\/pages\/43839","targetHints":{"allow":["GET"]}}],"collection":[{"href":"https:\/\/fracarro.com\/fr\/wp-json\/wp\/v2\/pages"}],"about":[{"href":"https:\/\/fracarro.com\/fr\/wp-json\/wp\/v2\/types\/page"}],"author":[{"embeddable":true,"href":"https:\/\/fracarro.com\/fr\/wp-json\/wp\/v2\/users\/5"}],"replies":[{"embeddable":true,"href":"https:\/\/fracarro.com\/fr\/wp-json\/wp\/v2\/comments?post=43839"}],"version-history":[{"count":1,"href":"https:\/\/fracarro.com\/fr\/wp-json\/wp\/v2\/pages\/43839\/revisions"}],"predecessor-version":[{"id":43840,"href":"https:\/\/fracarro.com\/fr\/wp-json\/wp\/v2\/pages\/43839\/revisions\/43840"}],"wp:attachment":[{"href":"https:\/\/fracarro.com\/fr\/wp-json\/wp\/v2\/media?parent=43839"}],"curies":[{"name":"wp","href":"https:\/\/api.w.org\/{rel}","templated":true}]}}