{"id":180015,"date":"2023-06-12T12:53:45","date_gmt":"2023-06-12T12:53:45","guid":{"rendered":""},"modified":"2024-12-20T13:22:55","modified_gmt":"2024-12-20T13:22:55","slug":"283167-3dg-4asi-4t","status":"publish","type":"product","link":"https:\/\/fracarro.com\/fr\/product\/283167-3dg-4asi-4t\/","title":{"rendered":"3DG-4ASI-4T"},"content":{"rendered":"<p><strong>Le module ASI <\/strong>appartient \u00e0 la famille de produits 3DGFLEX et permet de g\u00e9rer simultan\u00e9ment des programmes disponibles sur plusieurs sources ASI distinctes<\/p>\n<p>Le module est capable de<strong> g\u00e9rer les flux ASI, qu&rsquo;ils proviennent d&rsquo;encodeurs num\u00e9riques ou de sources ASI externes<\/strong> g\u00e9n\u00e9ralement disponibles dans les salles de contr\u00f4le des diffuseurs, et de choisir avec souplesse les programmes qui composeront les multiplex de sortie ind\u00e9pendants dont le module est \u00e9quip\u00e9, ce qui permet \u00e0 l&rsquo;installateur de d\u00e9cider du contenu \u00e0 distribuer via le syst\u00e8me coaxial et de la quantit\u00e9 de contenu \u00e0 distribuer.<\/p>\n","protected":false},"excerpt":{"rendered":"<p>Le module ASI appartient \u00e0 la famille de produits 3DGFLEX et permet de g\u00e9rer simultan\u00e9ment des programmes disponibles sur plusieurs sources ASI distinctes Le module est capable de g\u00e9rer les flux ASI, qu&rsquo;ils proviennent d&rsquo;encodeurs num\u00e9riques ou de sources ASI externes g\u00e9n\u00e9ralement disponibles dans les salles de contr\u00f4le des diffuseurs, et de choisir avec souplesse  [&#8230;]<\/p>\n","protected":false},"featured_media":98710,"template":"","meta":[],"product_brand":[],"product_cat":[52474],"product_tag":[],"class_list":{"0":"post-180015","1":"product","2":"type-product","3":"status-publish","4":"has-post-thumbnail","6":"product_cat-asi","8":"first","9":"instock","10":"shipping-taxable","11":"product-type-simple"},"yoast_head":"<!-- This site is optimized with the Yoast SEO Premium plugin v26.5 (Yoast SEO v26.7) - https:\/\/yoast.com\/wordpress\/plugins\/seo\/ -->\n<title>3DG-4ASI-4T - Fracarro Radioindustrie SRL<\/title>\n<meta name=\"robots\" content=\"index, follow, max-snippet:-1, max-image-preview:large, max-video-preview:-1\" \/>\n<link rel=\"canonical\" href=\"https:\/\/fracarro.com\/fr\/product\/283167-3dg-4asi-4t\/\" \/>\n<meta property=\"og:locale\" content=\"fr_FR\" \/>\n<meta property=\"og:type\" content=\"article\" \/>\n<meta property=\"og:title\" content=\"3DG-4ASI-4T\" \/>\n<meta property=\"og:description\" content=\"Le module ASI appartient \u00e0 la famille de produits 3DGFLEX et permet de g\u00e9rer simultan\u00e9ment des programmes disponibles sur plusieurs sources ASI distinctes Le module est capable de g\u00e9rer les flux ASI, qu&rsquo;ils proviennent d&rsquo;encodeurs num\u00e9riques ou de sources ASI externes g\u00e9n\u00e9ralement disponibles dans les salles de contr\u00f4le des diffuseurs, et de choisir avec souplesse [...]\" \/>\n<meta property=\"og:url\" content=\"https:\/\/fracarro.com\/fr\/product\/283167-3dg-4asi-4t\/\" \/>\n<meta property=\"og:site_name\" content=\"Fracarro Radioindustrie SRL\" \/>\n<meta property=\"article:publisher\" content=\"https:\/\/it-it.facebook.com\/fracarro\/\" \/>\n<meta property=\"article:modified_time\" content=\"2024-12-20T13:22:55+00:00\" \/>\n<meta property=\"og:image\" content=\"https:\/\/fracarro.com\/wp-content\/uploads\/onpage\/op_image_b1132a4a9388baf5ca9c0286c52228bcfe7a7458.1980x.webp\" \/>\n\t<meta property=\"og:image:width\" content=\"1980\" \/>\n\t<meta property=\"og:image:height\" content=\"1980\" \/>\n\t<meta property=\"og:image:type\" content=\"image\/webp\" \/>\n<meta name=\"twitter:card\" content=\"summary_large_image\" \/>\n<meta name=\"twitter:site\" content=\"@fracarrotweets\" \/>\n<script type=\"application\/ld+json\" class=\"yoast-schema-graph\">{\"@context\":\"https:\/\/schema.org\",\"@graph\":[{\"@type\":\"WebPage\",\"@id\":\"https:\/\/fracarro.com\/fr\/product\/283167-3dg-4asi-4t\/\",\"url\":\"https:\/\/fracarro.com\/fr\/product\/283167-3dg-4asi-4t\/\",\"name\":\"3DG-4ASI-4T - Fracarro Radioindustrie SRL\",\"isPartOf\":{\"@id\":\"https:\/\/fracarro.com\/fr\/#website\"},\"primaryImageOfPage\":{\"@id\":\"https:\/\/fracarro.com\/fr\/product\/283167-3dg-4asi-4t\/#primaryimage\"},\"image\":{\"@id\":\"https:\/\/fracarro.com\/fr\/product\/283167-3dg-4asi-4t\/#primaryimage\"},\"thumbnailUrl\":\"https:\/\/fracarro.com\/wp-content\/uploads\/onpage\/op_image_b1132a4a9388baf5ca9c0286c52228bcfe7a7458.1980x.webp\",\"datePublished\":\"2023-06-12T12:53:45+00:00\",\"dateModified\":\"2024-12-20T13:22:55+00:00\",\"breadcrumb\":{\"@id\":\"https:\/\/fracarro.com\/fr\/product\/283167-3dg-4asi-4t\/#breadcrumb\"},\"inLanguage\":\"fr-FR\",\"potentialAction\":[{\"@type\":\"ReadAction\",\"target\":[\"https:\/\/fracarro.com\/fr\/product\/283167-3dg-4asi-4t\/\"]}]},{\"@type\":\"ImageObject\",\"inLanguage\":\"fr-FR\",\"@id\":\"https:\/\/fracarro.com\/fr\/product\/283167-3dg-4asi-4t\/#primaryimage\",\"url\":\"https:\/\/fracarro.com\/wp-content\/uploads\/onpage\/op_image_b1132a4a9388baf5ca9c0286c52228bcfe7a7458.1980x.webp\",\"contentUrl\":\"https:\/\/fracarro.com\/wp-content\/uploads\/onpage\/op_image_b1132a4a9388baf5ca9c0286c52228bcfe7a7458.1980x.webp\",\"width\":1980,\"height\":1980},{\"@type\":\"BreadcrumbList\",\"@id\":\"https:\/\/fracarro.com\/fr\/product\/283167-3dg-4asi-4t\/#breadcrumb\",\"itemListElement\":[{\"@type\":\"ListItem\",\"position\":1,\"name\":\"Home\",\"item\":\"https:\/\/fracarro.com\/fr\/\"},{\"@type\":\"ListItem\",\"position\":2,\"name\":\"Solutions\",\"item\":\"https:\/\/fracarro.com\/it\/solutions\/\"},{\"@type\":\"ListItem\",\"position\":3,\"name\":\"3DG-4ASI-4T\"}]},{\"@type\":\"WebSite\",\"@id\":\"https:\/\/fracarro.com\/fr\/#website\",\"url\":\"https:\/\/fracarro.com\/fr\/\",\"name\":\"Fracarro Radioindustrie SRL\",\"description\":\"\",\"publisher\":{\"@id\":\"https:\/\/fracarro.com\/fr\/#organization\"},\"potentialAction\":[{\"@type\":\"SearchAction\",\"target\":{\"@type\":\"EntryPoint\",\"urlTemplate\":\"https:\/\/fracarro.com\/fr\/?s={search_term_string}\"},\"query-input\":{\"@type\":\"PropertyValueSpecification\",\"valueRequired\":true,\"valueName\":\"search_term_string\"}}],\"inLanguage\":\"fr-FR\"},{\"@type\":\"Organization\",\"@id\":\"https:\/\/fracarro.com\/fr\/#organization\",\"name\":\"Fracarro Radioindustrie SRL\",\"url\":\"https:\/\/fracarro.com\/fr\/\",\"logo\":{\"@type\":\"ImageObject\",\"inLanguage\":\"fr-FR\",\"@id\":\"https:\/\/fracarro.com\/fr\/#\/schema\/logo\/image\/\",\"url\":\"https:\/\/fracarro.com\/wp-content\/uploads\/2020\/09\/Fracarro-logo530x67.png\",\"contentUrl\":\"https:\/\/fracarro.com\/wp-content\/uploads\/2020\/09\/Fracarro-logo530x67.png\",\"width\":530,\"height\":67,\"caption\":\"Fracarro Radioindustrie SRL\"},\"image\":{\"@id\":\"https:\/\/fracarro.com\/fr\/#\/schema\/logo\/image\/\"},\"sameAs\":[\"https:\/\/it-it.facebook.com\/fracarro\/\",\"https:\/\/x.com\/fracarrotweets\",\"https:\/\/it.linkedin.com\/company\/fracarro-radioindustrie\",\"https:\/\/www.instagram.com\/fracarroradioindustrie\/\",\"https:\/\/www.youtube.com\/user\/FracarroOfficial?feature=watch\"]}]}<\/script>\n<!-- \/ Yoast SEO Premium plugin. -->","yoast_head_json":{"title":"3DG-4ASI-4T - Fracarro Radioindustrie SRL","robots":{"index":"index","follow":"follow","max-snippet":"max-snippet:-1","max-image-preview":"max-image-preview:large","max-video-preview":"max-video-preview:-1"},"canonical":"https:\/\/fracarro.com\/fr\/product\/283167-3dg-4asi-4t\/","og_locale":"fr_FR","og_type":"article","og_title":"3DG-4ASI-4T","og_description":"Le module ASI appartient \u00e0 la famille de produits 3DGFLEX et permet de g\u00e9rer simultan\u00e9ment des programmes disponibles sur plusieurs sources ASI distinctes Le module est capable de g\u00e9rer les flux ASI, qu&rsquo;ils proviennent d&rsquo;encodeurs num\u00e9riques ou de sources ASI externes g\u00e9n\u00e9ralement disponibles dans les salles de contr\u00f4le des diffuseurs, et de choisir avec souplesse [...]","og_url":"https:\/\/fracarro.com\/fr\/product\/283167-3dg-4asi-4t\/","og_site_name":"Fracarro Radioindustrie SRL","article_publisher":"https:\/\/it-it.facebook.com\/fracarro\/","article_modified_time":"2024-12-20T13:22:55+00:00","og_image":[{"width":1980,"height":1980,"url":"https:\/\/fracarro.com\/wp-content\/uploads\/onpage\/op_image_b1132a4a9388baf5ca9c0286c52228bcfe7a7458.1980x.webp","type":"image\/webp"}],"twitter_card":"summary_large_image","twitter_site":"@fracarrotweets","schema":{"@context":"https:\/\/schema.org","@graph":[{"@type":"WebPage","@id":"https:\/\/fracarro.com\/fr\/product\/283167-3dg-4asi-4t\/","url":"https:\/\/fracarro.com\/fr\/product\/283167-3dg-4asi-4t\/","name":"3DG-4ASI-4T - Fracarro Radioindustrie SRL","isPartOf":{"@id":"https:\/\/fracarro.com\/fr\/#website"},"primaryImageOfPage":{"@id":"https:\/\/fracarro.com\/fr\/product\/283167-3dg-4asi-4t\/#primaryimage"},"image":{"@id":"https:\/\/fracarro.com\/fr\/product\/283167-3dg-4asi-4t\/#primaryimage"},"thumbnailUrl":"https:\/\/fracarro.com\/wp-content\/uploads\/onpage\/op_image_b1132a4a9388baf5ca9c0286c52228bcfe7a7458.1980x.webp","datePublished":"2023-06-12T12:53:45+00:00","dateModified":"2024-12-20T13:22:55+00:00","breadcrumb":{"@id":"https:\/\/fracarro.com\/fr\/product\/283167-3dg-4asi-4t\/#breadcrumb"},"inLanguage":"fr-FR","potentialAction":[{"@type":"ReadAction","target":["https:\/\/fracarro.com\/fr\/product\/283167-3dg-4asi-4t\/"]}]},{"@type":"ImageObject","inLanguage":"fr-FR","@id":"https:\/\/fracarro.com\/fr\/product\/283167-3dg-4asi-4t\/#primaryimage","url":"https:\/\/fracarro.com\/wp-content\/uploads\/onpage\/op_image_b1132a4a9388baf5ca9c0286c52228bcfe7a7458.1980x.webp","contentUrl":"https:\/\/fracarro.com\/wp-content\/uploads\/onpage\/op_image_b1132a4a9388baf5ca9c0286c52228bcfe7a7458.1980x.webp","width":1980,"height":1980},{"@type":"BreadcrumbList","@id":"https:\/\/fracarro.com\/fr\/product\/283167-3dg-4asi-4t\/#breadcrumb","itemListElement":[{"@type":"ListItem","position":1,"name":"Home","item":"https:\/\/fracarro.com\/fr\/"},{"@type":"ListItem","position":2,"name":"Solutions","item":"https:\/\/fracarro.com\/it\/solutions\/"},{"@type":"ListItem","position":3,"name":"3DG-4ASI-4T"}]},{"@type":"WebSite","@id":"https:\/\/fracarro.com\/fr\/#website","url":"https:\/\/fracarro.com\/fr\/","name":"Fracarro Radioindustrie SRL","description":"","publisher":{"@id":"https:\/\/fracarro.com\/fr\/#organization"},"potentialAction":[{"@type":"SearchAction","target":{"@type":"EntryPoint","urlTemplate":"https:\/\/fracarro.com\/fr\/?s={search_term_string}"},"query-input":{"@type":"PropertyValueSpecification","valueRequired":true,"valueName":"search_term_string"}}],"inLanguage":"fr-FR"},{"@type":"Organization","@id":"https:\/\/fracarro.com\/fr\/#organization","name":"Fracarro Radioindustrie SRL","url":"https:\/\/fracarro.com\/fr\/","logo":{"@type":"ImageObject","inLanguage":"fr-FR","@id":"https:\/\/fracarro.com\/fr\/#\/schema\/logo\/image\/","url":"https:\/\/fracarro.com\/wp-content\/uploads\/2020\/09\/Fracarro-logo530x67.png","contentUrl":"https:\/\/fracarro.com\/wp-content\/uploads\/2020\/09\/Fracarro-logo530x67.png","width":530,"height":67,"caption":"Fracarro Radioindustrie SRL"},"image":{"@id":"https:\/\/fracarro.com\/fr\/#\/schema\/logo\/image\/"},"sameAs":["https:\/\/it-it.facebook.com\/fracarro\/","https:\/\/x.com\/fracarrotweets","https:\/\/it.linkedin.com\/company\/fracarro-radioindustrie","https:\/\/www.instagram.com\/fracarroradioindustrie\/","https:\/\/www.youtube.com\/user\/FracarroOfficial?feature=watch"]}]}},"_links":{"self":[{"href":"https:\/\/fracarro.com\/fr\/wp-json\/wp\/v2\/product\/180015","targetHints":{"allow":["GET"]}}],"collection":[{"href":"https:\/\/fracarro.com\/fr\/wp-json\/wp\/v2\/product"}],"about":[{"href":"https:\/\/fracarro.com\/fr\/wp-json\/wp\/v2\/types\/product"}],"wp:featuredmedia":[{"embeddable":true,"href":"https:\/\/fracarro.com\/fr\/wp-json\/wp\/v2\/media\/98710"}],"wp:attachment":[{"href":"https:\/\/fracarro.com\/fr\/wp-json\/wp\/v2\/media?parent=180015"}],"wp:term":[{"taxonomy":"product_brand","embeddable":true,"href":"https:\/\/fracarro.com\/fr\/wp-json\/wp\/v2\/product_brand?post=180015"},{"taxonomy":"product_cat","embeddable":true,"href":"https:\/\/fracarro.com\/fr\/wp-json\/wp\/v2\/product_cat?post=180015"},{"taxonomy":"product_tag","embeddable":true,"href":"https:\/\/fracarro.com\/fr\/wp-json\/wp\/v2\/product_tag?post=180015"}],"curies":[{"name":"wp","href":"https:\/\/api.w.org\/{rel}","templated":true}]}}