{"id":180025,"date":"2023-06-12T12:53:45","date_gmt":"2023-06-12T12:53:45","guid":{"rendered":""},"modified":"2024-12-20T13:22:55","modified_gmt":"2024-12-20T13:22:55","slug":"283166-3dg-4t2-bp","status":"publish","type":"product","link":"https:\/\/fracarro.com\/fr\/product\/283166-3dg-4t2-bp\/","title":{"rendered":"3DG-4T2-BP"},"content":{"rendered":"<p>La s\u00e9rie 3DGFLEX est une nouvelle g\u00e9n\u00e9ration de transmodulateurs, con\u00e7ue pour traiter diff\u00e9rents signaux num\u00e9riques pour les distribuer dans des syst\u00e8mes de distribution collectifs, tels que des complexes r\u00e9sidentiels et des structures d&rsquo;accueil. En utilisant une combinaison de modules d\u00e9di\u00e9s, il est possible de cr\u00e9er une vari\u00e9t\u00e9 de contenus (programmes satellite ou TNT) et de les diffuser dans un r\u00e9seau coaxial ou LAN (IPTV).<\/p>\n","protected":false},"excerpt":{"rendered":"<p>La s\u00e9rie 3DGFLEX est une nouvelle g\u00e9n\u00e9ration de transmodulateurs, con\u00e7ue pour traiter diff\u00e9rents signaux num\u00e9riques pour les distribuer dans des syst\u00e8mes de distribution collectifs, tels que des complexes r\u00e9sidentiels et des structures d&rsquo;accueil. En utilisant une combinaison de modules d\u00e9di\u00e9s, il est possible de cr\u00e9er une vari\u00e9t\u00e9 de contenus (programmes satellite ou TNT) et de  [&#8230;]<\/p>\n","protected":false},"featured_media":98716,"template":"","meta":[],"product_brand":[],"product_cat":[52482],"product_tag":[],"class_list":{"0":"post-180025","1":"product","2":"type-product","3":"status-publish","4":"has-post-thumbnail","6":"product_cat-terrestre-t2-modulaires","8":"first","9":"instock","10":"shipping-taxable","11":"product-type-simple"},"yoast_head":"<!-- This site is optimized with the Yoast SEO Premium plugin v26.5 (Yoast SEO v26.7) - https:\/\/yoast.com\/wordpress\/plugins\/seo\/ -->\n<title>3DG-4T2-BP - Fracarro Radioindustrie SRL<\/title>\n<meta name=\"robots\" content=\"index, follow, max-snippet:-1, max-image-preview:large, max-video-preview:-1\" \/>\n<link rel=\"canonical\" href=\"https:\/\/fracarro.com\/fr\/product\/283166-3dg-4t2-bp\/\" \/>\n<meta property=\"og:locale\" content=\"fr_FR\" \/>\n<meta property=\"og:type\" content=\"article\" \/>\n<meta property=\"og:title\" content=\"3DG-4T2-BP\" \/>\n<meta property=\"og:description\" content=\"La s\u00e9rie 3DGFLEX est une nouvelle g\u00e9n\u00e9ration de transmodulateurs, con\u00e7ue pour traiter diff\u00e9rents signaux num\u00e9riques pour les distribuer dans des syst\u00e8mes de distribution collectifs, tels que des complexes r\u00e9sidentiels et des structures d&rsquo;accueil. En utilisant une combinaison de modules d\u00e9di\u00e9s, il est possible de cr\u00e9er une vari\u00e9t\u00e9 de contenus (programmes satellite ou TNT) et de [...]\" \/>\n<meta property=\"og:url\" content=\"https:\/\/fracarro.com\/fr\/product\/283166-3dg-4t2-bp\/\" \/>\n<meta property=\"og:site_name\" content=\"Fracarro Radioindustrie SRL\" \/>\n<meta property=\"article:publisher\" content=\"https:\/\/it-it.facebook.com\/fracarro\/\" \/>\n<meta property=\"article:modified_time\" content=\"2024-12-20T13:22:55+00:00\" \/>\n<meta property=\"og:image\" content=\"https:\/\/fracarro.com\/wp-content\/uploads\/onpage\/op_image_1a05a1fa93e3da12f15547cd9aea85affa878e91.1980x.webp\" \/>\n\t<meta property=\"og:image:width\" content=\"1980\" \/>\n\t<meta property=\"og:image:height\" content=\"1980\" \/>\n\t<meta property=\"og:image:type\" content=\"image\/webp\" \/>\n<meta name=\"twitter:card\" content=\"summary_large_image\" \/>\n<meta name=\"twitter:site\" content=\"@fracarrotweets\" \/>\n<script type=\"application\/ld+json\" class=\"yoast-schema-graph\">{\"@context\":\"https:\/\/schema.org\",\"@graph\":[{\"@type\":\"WebPage\",\"@id\":\"https:\/\/fracarro.com\/fr\/product\/283166-3dg-4t2-bp\/\",\"url\":\"https:\/\/fracarro.com\/fr\/product\/283166-3dg-4t2-bp\/\",\"name\":\"3DG-4T2-BP - Fracarro Radioindustrie SRL\",\"isPartOf\":{\"@id\":\"https:\/\/fracarro.com\/fr\/#website\"},\"primaryImageOfPage\":{\"@id\":\"https:\/\/fracarro.com\/fr\/product\/283166-3dg-4t2-bp\/#primaryimage\"},\"image\":{\"@id\":\"https:\/\/fracarro.com\/fr\/product\/283166-3dg-4t2-bp\/#primaryimage\"},\"thumbnailUrl\":\"https:\/\/fracarro.com\/wp-content\/uploads\/onpage\/op_image_1a05a1fa93e3da12f15547cd9aea85affa878e91.1980x.webp\",\"datePublished\":\"2023-06-12T12:53:45+00:00\",\"dateModified\":\"2024-12-20T13:22:55+00:00\",\"breadcrumb\":{\"@id\":\"https:\/\/fracarro.com\/fr\/product\/283166-3dg-4t2-bp\/#breadcrumb\"},\"inLanguage\":\"fr-FR\",\"potentialAction\":[{\"@type\":\"ReadAction\",\"target\":[\"https:\/\/fracarro.com\/fr\/product\/283166-3dg-4t2-bp\/\"]}]},{\"@type\":\"ImageObject\",\"inLanguage\":\"fr-FR\",\"@id\":\"https:\/\/fracarro.com\/fr\/product\/283166-3dg-4t2-bp\/#primaryimage\",\"url\":\"https:\/\/fracarro.com\/wp-content\/uploads\/onpage\/op_image_1a05a1fa93e3da12f15547cd9aea85affa878e91.1980x.webp\",\"contentUrl\":\"https:\/\/fracarro.com\/wp-content\/uploads\/onpage\/op_image_1a05a1fa93e3da12f15547cd9aea85affa878e91.1980x.webp\",\"width\":1980,\"height\":1980},{\"@type\":\"BreadcrumbList\",\"@id\":\"https:\/\/fracarro.com\/fr\/product\/283166-3dg-4t2-bp\/#breadcrumb\",\"itemListElement\":[{\"@type\":\"ListItem\",\"position\":1,\"name\":\"Home\",\"item\":\"https:\/\/fracarro.com\/fr\/\"},{\"@type\":\"ListItem\",\"position\":2,\"name\":\"Solutions\",\"item\":\"https:\/\/fracarro.com\/it\/solutions\/\"},{\"@type\":\"ListItem\",\"position\":3,\"name\":\"3DG-4T2-BP\"}]},{\"@type\":\"WebSite\",\"@id\":\"https:\/\/fracarro.com\/fr\/#website\",\"url\":\"https:\/\/fracarro.com\/fr\/\",\"name\":\"Fracarro Radioindustrie SRL\",\"description\":\"\",\"publisher\":{\"@id\":\"https:\/\/fracarro.com\/fr\/#organization\"},\"potentialAction\":[{\"@type\":\"SearchAction\",\"target\":{\"@type\":\"EntryPoint\",\"urlTemplate\":\"https:\/\/fracarro.com\/fr\/?s={search_term_string}\"},\"query-input\":{\"@type\":\"PropertyValueSpecification\",\"valueRequired\":true,\"valueName\":\"search_term_string\"}}],\"inLanguage\":\"fr-FR\"},{\"@type\":\"Organization\",\"@id\":\"https:\/\/fracarro.com\/fr\/#organization\",\"name\":\"Fracarro Radioindustrie SRL\",\"url\":\"https:\/\/fracarro.com\/fr\/\",\"logo\":{\"@type\":\"ImageObject\",\"inLanguage\":\"fr-FR\",\"@id\":\"https:\/\/fracarro.com\/fr\/#\/schema\/logo\/image\/\",\"url\":\"https:\/\/fracarro.com\/wp-content\/uploads\/2020\/09\/Fracarro-logo530x67.png\",\"contentUrl\":\"https:\/\/fracarro.com\/wp-content\/uploads\/2020\/09\/Fracarro-logo530x67.png\",\"width\":530,\"height\":67,\"caption\":\"Fracarro Radioindustrie SRL\"},\"image\":{\"@id\":\"https:\/\/fracarro.com\/fr\/#\/schema\/logo\/image\/\"},\"sameAs\":[\"https:\/\/it-it.facebook.com\/fracarro\/\",\"https:\/\/x.com\/fracarrotweets\",\"https:\/\/it.linkedin.com\/company\/fracarro-radioindustrie\",\"https:\/\/www.instagram.com\/fracarroradioindustrie\/\",\"https:\/\/www.youtube.com\/user\/FracarroOfficial?feature=watch\"]}]}<\/script>\n<!-- \/ Yoast SEO Premium plugin. -->","yoast_head_json":{"title":"3DG-4T2-BP - Fracarro Radioindustrie SRL","robots":{"index":"index","follow":"follow","max-snippet":"max-snippet:-1","max-image-preview":"max-image-preview:large","max-video-preview":"max-video-preview:-1"},"canonical":"https:\/\/fracarro.com\/fr\/product\/283166-3dg-4t2-bp\/","og_locale":"fr_FR","og_type":"article","og_title":"3DG-4T2-BP","og_description":"La s\u00e9rie 3DGFLEX est une nouvelle g\u00e9n\u00e9ration de transmodulateurs, con\u00e7ue pour traiter diff\u00e9rents signaux num\u00e9riques pour les distribuer dans des syst\u00e8mes de distribution collectifs, tels que des complexes r\u00e9sidentiels et des structures d&rsquo;accueil. En utilisant une combinaison de modules d\u00e9di\u00e9s, il est possible de cr\u00e9er une vari\u00e9t\u00e9 de contenus (programmes satellite ou TNT) et de [...]","og_url":"https:\/\/fracarro.com\/fr\/product\/283166-3dg-4t2-bp\/","og_site_name":"Fracarro Radioindustrie SRL","article_publisher":"https:\/\/it-it.facebook.com\/fracarro\/","article_modified_time":"2024-12-20T13:22:55+00:00","og_image":[{"width":1980,"height":1980,"url":"https:\/\/fracarro.com\/wp-content\/uploads\/onpage\/op_image_1a05a1fa93e3da12f15547cd9aea85affa878e91.1980x.webp","type":"image\/webp"}],"twitter_card":"summary_large_image","twitter_site":"@fracarrotweets","schema":{"@context":"https:\/\/schema.org","@graph":[{"@type":"WebPage","@id":"https:\/\/fracarro.com\/fr\/product\/283166-3dg-4t2-bp\/","url":"https:\/\/fracarro.com\/fr\/product\/283166-3dg-4t2-bp\/","name":"3DG-4T2-BP - Fracarro Radioindustrie SRL","isPartOf":{"@id":"https:\/\/fracarro.com\/fr\/#website"},"primaryImageOfPage":{"@id":"https:\/\/fracarro.com\/fr\/product\/283166-3dg-4t2-bp\/#primaryimage"},"image":{"@id":"https:\/\/fracarro.com\/fr\/product\/283166-3dg-4t2-bp\/#primaryimage"},"thumbnailUrl":"https:\/\/fracarro.com\/wp-content\/uploads\/onpage\/op_image_1a05a1fa93e3da12f15547cd9aea85affa878e91.1980x.webp","datePublished":"2023-06-12T12:53:45+00:00","dateModified":"2024-12-20T13:22:55+00:00","breadcrumb":{"@id":"https:\/\/fracarro.com\/fr\/product\/283166-3dg-4t2-bp\/#breadcrumb"},"inLanguage":"fr-FR","potentialAction":[{"@type":"ReadAction","target":["https:\/\/fracarro.com\/fr\/product\/283166-3dg-4t2-bp\/"]}]},{"@type":"ImageObject","inLanguage":"fr-FR","@id":"https:\/\/fracarro.com\/fr\/product\/283166-3dg-4t2-bp\/#primaryimage","url":"https:\/\/fracarro.com\/wp-content\/uploads\/onpage\/op_image_1a05a1fa93e3da12f15547cd9aea85affa878e91.1980x.webp","contentUrl":"https:\/\/fracarro.com\/wp-content\/uploads\/onpage\/op_image_1a05a1fa93e3da12f15547cd9aea85affa878e91.1980x.webp","width":1980,"height":1980},{"@type":"BreadcrumbList","@id":"https:\/\/fracarro.com\/fr\/product\/283166-3dg-4t2-bp\/#breadcrumb","itemListElement":[{"@type":"ListItem","position":1,"name":"Home","item":"https:\/\/fracarro.com\/fr\/"},{"@type":"ListItem","position":2,"name":"Solutions","item":"https:\/\/fracarro.com\/it\/solutions\/"},{"@type":"ListItem","position":3,"name":"3DG-4T2-BP"}]},{"@type":"WebSite","@id":"https:\/\/fracarro.com\/fr\/#website","url":"https:\/\/fracarro.com\/fr\/","name":"Fracarro Radioindustrie SRL","description":"","publisher":{"@id":"https:\/\/fracarro.com\/fr\/#organization"},"potentialAction":[{"@type":"SearchAction","target":{"@type":"EntryPoint","urlTemplate":"https:\/\/fracarro.com\/fr\/?s={search_term_string}"},"query-input":{"@type":"PropertyValueSpecification","valueRequired":true,"valueName":"search_term_string"}}],"inLanguage":"fr-FR"},{"@type":"Organization","@id":"https:\/\/fracarro.com\/fr\/#organization","name":"Fracarro Radioindustrie SRL","url":"https:\/\/fracarro.com\/fr\/","logo":{"@type":"ImageObject","inLanguage":"fr-FR","@id":"https:\/\/fracarro.com\/fr\/#\/schema\/logo\/image\/","url":"https:\/\/fracarro.com\/wp-content\/uploads\/2020\/09\/Fracarro-logo530x67.png","contentUrl":"https:\/\/fracarro.com\/wp-content\/uploads\/2020\/09\/Fracarro-logo530x67.png","width":530,"height":67,"caption":"Fracarro Radioindustrie SRL"},"image":{"@id":"https:\/\/fracarro.com\/fr\/#\/schema\/logo\/image\/"},"sameAs":["https:\/\/it-it.facebook.com\/fracarro\/","https:\/\/x.com\/fracarrotweets","https:\/\/it.linkedin.com\/company\/fracarro-radioindustrie","https:\/\/www.instagram.com\/fracarroradioindustrie\/","https:\/\/www.youtube.com\/user\/FracarroOfficial?feature=watch"]}]}},"_links":{"self":[{"href":"https:\/\/fracarro.com\/fr\/wp-json\/wp\/v2\/product\/180025","targetHints":{"allow":["GET"]}}],"collection":[{"href":"https:\/\/fracarro.com\/fr\/wp-json\/wp\/v2\/product"}],"about":[{"href":"https:\/\/fracarro.com\/fr\/wp-json\/wp\/v2\/types\/product"}],"wp:featuredmedia":[{"embeddable":true,"href":"https:\/\/fracarro.com\/fr\/wp-json\/wp\/v2\/media\/98716"}],"wp:attachment":[{"href":"https:\/\/fracarro.com\/fr\/wp-json\/wp\/v2\/media?parent=180025"}],"wp:term":[{"taxonomy":"product_brand","embeddable":true,"href":"https:\/\/fracarro.com\/fr\/wp-json\/wp\/v2\/product_brand?post=180025"},{"taxonomy":"product_cat","embeddable":true,"href":"https:\/\/fracarro.com\/fr\/wp-json\/wp\/v2\/product_cat?post=180025"},{"taxonomy":"product_tag","embeddable":true,"href":"https:\/\/fracarro.com\/fr\/wp-json\/wp\/v2\/product_tag?post=180025"}],"curies":[{"name":"wp","href":"https:\/\/api.w.org\/{rel}","templated":true}]}}