{"id":180030,"date":"2023-06-12T12:53:45","date_gmt":"2023-06-12T12:53:45","guid":{"rendered":""},"modified":"2024-12-20T13:22:55","modified_gmt":"2024-12-20T13:22:55","slug":"283164-3dg-bp-ip-out","status":"publish","type":"product","link":"https:\/\/fracarro.com\/fr\/product\/283164-3dg-bp-ip-out\/","title":{"rendered":"3DG-BP-IP OUT"},"content":{"rendered":"<p>L&rsquo;<strong>encodeur 3DG-EVO IPTV multicast\/unicast<\/strong>, d\u00e9velopp\u00e9 sur la plateforme modulaire 3DGFlex, permet de distribuer le signal IPTV dans des environnements h\u00f4teliers de moyenne et grande taille.<\/p>\n<p>Le module peut \u00eatre combin\u00e9 avec la nouvelle g\u00e9n\u00e9ration de r\u00e9cepteurs 3DGFLEX EVO tels que 3DG-4S2-BP (r\u00e9cepteur satellite QUAD) ou 3DG-4T2-BP (r\u00e9cepteur num\u00e9rique terrestre). De cette fa\u00e7on, en utilisant le panneau arri\u00e8re bidirectionnel \u00e0 tr\u00e8s haut d\u00e9bit, il est possible de cr\u00e9er diverses configurations mixtes.<\/p>\n","protected":false},"excerpt":{"rendered":"<p>L&rsquo;encodeur 3DG-EVO IPTV multicast\/unicast, d\u00e9velopp\u00e9 sur la plateforme modulaire 3DGFlex, permet de distribuer le signal IPTV dans des environnements h\u00f4teliers de moyenne et grande taille. Le module peut \u00eatre combin\u00e9 avec la nouvelle g\u00e9n\u00e9ration de r\u00e9cepteurs 3DGFLEX EVO tels que 3DG-4S2-BP (r\u00e9cepteur satellite QUAD) ou 3DG-4T2-BP (r\u00e9cepteur num\u00e9rique terrestre). De cette fa\u00e7on, en utilisant le  [&#8230;]<\/p>\n","protected":false},"featured_media":98719,"template":"","meta":[],"product_brand":[],"product_cat":[52486],"product_tag":[],"class_list":{"0":"post-180030","1":"product","2":"type-product","3":"status-publish","4":"has-post-thumbnail","6":"product_cat-iptv","8":"first","9":"instock","10":"shipping-taxable","11":"product-type-simple"},"yoast_head":"<!-- This site is optimized with the Yoast SEO Premium plugin v26.5 (Yoast SEO v26.7) - https:\/\/yoast.com\/wordpress\/plugins\/seo\/ -->\n<title>3DG-BP-IP OUT - Fracarro Radioindustrie SRL<\/title>\n<meta name=\"robots\" content=\"index, follow, max-snippet:-1, max-image-preview:large, max-video-preview:-1\" \/>\n<link rel=\"canonical\" href=\"https:\/\/fracarro.com\/fr\/product\/283164-3dg-bp-ip-out\/\" \/>\n<meta property=\"og:locale\" content=\"fr_FR\" \/>\n<meta property=\"og:type\" content=\"article\" \/>\n<meta property=\"og:title\" content=\"3DG-BP-IP OUT\" \/>\n<meta property=\"og:description\" content=\"L&rsquo;encodeur 3DG-EVO IPTV multicast\/unicast, d\u00e9velopp\u00e9 sur la plateforme modulaire 3DGFlex, permet de distribuer le signal IPTV dans des environnements h\u00f4teliers de moyenne et grande taille. Le module peut \u00eatre combin\u00e9 avec la nouvelle g\u00e9n\u00e9ration de r\u00e9cepteurs 3DGFLEX EVO tels que 3DG-4S2-BP (r\u00e9cepteur satellite QUAD) ou 3DG-4T2-BP (r\u00e9cepteur num\u00e9rique terrestre). De cette fa\u00e7on, en utilisant le [...]\" \/>\n<meta property=\"og:url\" content=\"https:\/\/fracarro.com\/fr\/product\/283164-3dg-bp-ip-out\/\" \/>\n<meta property=\"og:site_name\" content=\"Fracarro Radioindustrie SRL\" \/>\n<meta property=\"article:publisher\" content=\"https:\/\/it-it.facebook.com\/fracarro\/\" \/>\n<meta property=\"article:modified_time\" content=\"2024-12-20T13:22:55+00:00\" \/>\n<meta property=\"og:image\" content=\"https:\/\/fracarro.com\/wp-content\/uploads\/onpage\/op_image_7082a7b9b3ae03c15b087d422fd1c5e976c8724b.1980x.webp\" \/>\n\t<meta property=\"og:image:width\" content=\"1980\" \/>\n\t<meta property=\"og:image:height\" content=\"1980\" \/>\n\t<meta property=\"og:image:type\" content=\"image\/webp\" \/>\n<meta name=\"twitter:card\" content=\"summary_large_image\" \/>\n<meta name=\"twitter:site\" content=\"@fracarrotweets\" \/>\n<script type=\"application\/ld+json\" class=\"yoast-schema-graph\">{\"@context\":\"https:\/\/schema.org\",\"@graph\":[{\"@type\":\"WebPage\",\"@id\":\"https:\/\/fracarro.com\/fr\/product\/283164-3dg-bp-ip-out\/\",\"url\":\"https:\/\/fracarro.com\/fr\/product\/283164-3dg-bp-ip-out\/\",\"name\":\"3DG-BP-IP OUT - Fracarro Radioindustrie SRL\",\"isPartOf\":{\"@id\":\"https:\/\/fracarro.com\/fr\/#website\"},\"primaryImageOfPage\":{\"@id\":\"https:\/\/fracarro.com\/fr\/product\/283164-3dg-bp-ip-out\/#primaryimage\"},\"image\":{\"@id\":\"https:\/\/fracarro.com\/fr\/product\/283164-3dg-bp-ip-out\/#primaryimage\"},\"thumbnailUrl\":\"https:\/\/fracarro.com\/wp-content\/uploads\/onpage\/op_image_7082a7b9b3ae03c15b087d422fd1c5e976c8724b.1980x.webp\",\"datePublished\":\"2023-06-12T12:53:45+00:00\",\"dateModified\":\"2024-12-20T13:22:55+00:00\",\"breadcrumb\":{\"@id\":\"https:\/\/fracarro.com\/fr\/product\/283164-3dg-bp-ip-out\/#breadcrumb\"},\"inLanguage\":\"fr-FR\",\"potentialAction\":[{\"@type\":\"ReadAction\",\"target\":[\"https:\/\/fracarro.com\/fr\/product\/283164-3dg-bp-ip-out\/\"]}]},{\"@type\":\"ImageObject\",\"inLanguage\":\"fr-FR\",\"@id\":\"https:\/\/fracarro.com\/fr\/product\/283164-3dg-bp-ip-out\/#primaryimage\",\"url\":\"https:\/\/fracarro.com\/wp-content\/uploads\/onpage\/op_image_7082a7b9b3ae03c15b087d422fd1c5e976c8724b.1980x.webp\",\"contentUrl\":\"https:\/\/fracarro.com\/wp-content\/uploads\/onpage\/op_image_7082a7b9b3ae03c15b087d422fd1c5e976c8724b.1980x.webp\",\"width\":1980,\"height\":1980},{\"@type\":\"BreadcrumbList\",\"@id\":\"https:\/\/fracarro.com\/fr\/product\/283164-3dg-bp-ip-out\/#breadcrumb\",\"itemListElement\":[{\"@type\":\"ListItem\",\"position\":1,\"name\":\"Home\",\"item\":\"https:\/\/fracarro.com\/fr\/\"},{\"@type\":\"ListItem\",\"position\":2,\"name\":\"Solutions\",\"item\":\"https:\/\/fracarro.com\/it\/solutions\/\"},{\"@type\":\"ListItem\",\"position\":3,\"name\":\"3DG-BP-IP OUT\"}]},{\"@type\":\"WebSite\",\"@id\":\"https:\/\/fracarro.com\/fr\/#website\",\"url\":\"https:\/\/fracarro.com\/fr\/\",\"name\":\"Fracarro Radioindustrie SRL\",\"description\":\"\",\"publisher\":{\"@id\":\"https:\/\/fracarro.com\/fr\/#organization\"},\"potentialAction\":[{\"@type\":\"SearchAction\",\"target\":{\"@type\":\"EntryPoint\",\"urlTemplate\":\"https:\/\/fracarro.com\/fr\/?s={search_term_string}\"},\"query-input\":{\"@type\":\"PropertyValueSpecification\",\"valueRequired\":true,\"valueName\":\"search_term_string\"}}],\"inLanguage\":\"fr-FR\"},{\"@type\":\"Organization\",\"@id\":\"https:\/\/fracarro.com\/fr\/#organization\",\"name\":\"Fracarro Radioindustrie SRL\",\"url\":\"https:\/\/fracarro.com\/fr\/\",\"logo\":{\"@type\":\"ImageObject\",\"inLanguage\":\"fr-FR\",\"@id\":\"https:\/\/fracarro.com\/fr\/#\/schema\/logo\/image\/\",\"url\":\"https:\/\/fracarro.com\/wp-content\/uploads\/2020\/09\/Fracarro-logo530x67.png\",\"contentUrl\":\"https:\/\/fracarro.com\/wp-content\/uploads\/2020\/09\/Fracarro-logo530x67.png\",\"width\":530,\"height\":67,\"caption\":\"Fracarro Radioindustrie SRL\"},\"image\":{\"@id\":\"https:\/\/fracarro.com\/fr\/#\/schema\/logo\/image\/\"},\"sameAs\":[\"https:\/\/it-it.facebook.com\/fracarro\/\",\"https:\/\/x.com\/fracarrotweets\",\"https:\/\/it.linkedin.com\/company\/fracarro-radioindustrie\",\"https:\/\/www.instagram.com\/fracarroradioindustrie\/\",\"https:\/\/www.youtube.com\/user\/FracarroOfficial?feature=watch\"]}]}<\/script>\n<!-- \/ Yoast SEO Premium plugin. -->","yoast_head_json":{"title":"3DG-BP-IP OUT - Fracarro Radioindustrie SRL","robots":{"index":"index","follow":"follow","max-snippet":"max-snippet:-1","max-image-preview":"max-image-preview:large","max-video-preview":"max-video-preview:-1"},"canonical":"https:\/\/fracarro.com\/fr\/product\/283164-3dg-bp-ip-out\/","og_locale":"fr_FR","og_type":"article","og_title":"3DG-BP-IP OUT","og_description":"L&rsquo;encodeur 3DG-EVO IPTV multicast\/unicast, d\u00e9velopp\u00e9 sur la plateforme modulaire 3DGFlex, permet de distribuer le signal IPTV dans des environnements h\u00f4teliers de moyenne et grande taille. Le module peut \u00eatre combin\u00e9 avec la nouvelle g\u00e9n\u00e9ration de r\u00e9cepteurs 3DGFLEX EVO tels que 3DG-4S2-BP (r\u00e9cepteur satellite QUAD) ou 3DG-4T2-BP (r\u00e9cepteur num\u00e9rique terrestre). De cette fa\u00e7on, en utilisant le [...]","og_url":"https:\/\/fracarro.com\/fr\/product\/283164-3dg-bp-ip-out\/","og_site_name":"Fracarro Radioindustrie SRL","article_publisher":"https:\/\/it-it.facebook.com\/fracarro\/","article_modified_time":"2024-12-20T13:22:55+00:00","og_image":[{"width":1980,"height":1980,"url":"https:\/\/fracarro.com\/wp-content\/uploads\/onpage\/op_image_7082a7b9b3ae03c15b087d422fd1c5e976c8724b.1980x.webp","type":"image\/webp"}],"twitter_card":"summary_large_image","twitter_site":"@fracarrotweets","schema":{"@context":"https:\/\/schema.org","@graph":[{"@type":"WebPage","@id":"https:\/\/fracarro.com\/fr\/product\/283164-3dg-bp-ip-out\/","url":"https:\/\/fracarro.com\/fr\/product\/283164-3dg-bp-ip-out\/","name":"3DG-BP-IP OUT - Fracarro Radioindustrie SRL","isPartOf":{"@id":"https:\/\/fracarro.com\/fr\/#website"},"primaryImageOfPage":{"@id":"https:\/\/fracarro.com\/fr\/product\/283164-3dg-bp-ip-out\/#primaryimage"},"image":{"@id":"https:\/\/fracarro.com\/fr\/product\/283164-3dg-bp-ip-out\/#primaryimage"},"thumbnailUrl":"https:\/\/fracarro.com\/wp-content\/uploads\/onpage\/op_image_7082a7b9b3ae03c15b087d422fd1c5e976c8724b.1980x.webp","datePublished":"2023-06-12T12:53:45+00:00","dateModified":"2024-12-20T13:22:55+00:00","breadcrumb":{"@id":"https:\/\/fracarro.com\/fr\/product\/283164-3dg-bp-ip-out\/#breadcrumb"},"inLanguage":"fr-FR","potentialAction":[{"@type":"ReadAction","target":["https:\/\/fracarro.com\/fr\/product\/283164-3dg-bp-ip-out\/"]}]},{"@type":"ImageObject","inLanguage":"fr-FR","@id":"https:\/\/fracarro.com\/fr\/product\/283164-3dg-bp-ip-out\/#primaryimage","url":"https:\/\/fracarro.com\/wp-content\/uploads\/onpage\/op_image_7082a7b9b3ae03c15b087d422fd1c5e976c8724b.1980x.webp","contentUrl":"https:\/\/fracarro.com\/wp-content\/uploads\/onpage\/op_image_7082a7b9b3ae03c15b087d422fd1c5e976c8724b.1980x.webp","width":1980,"height":1980},{"@type":"BreadcrumbList","@id":"https:\/\/fracarro.com\/fr\/product\/283164-3dg-bp-ip-out\/#breadcrumb","itemListElement":[{"@type":"ListItem","position":1,"name":"Home","item":"https:\/\/fracarro.com\/fr\/"},{"@type":"ListItem","position":2,"name":"Solutions","item":"https:\/\/fracarro.com\/it\/solutions\/"},{"@type":"ListItem","position":3,"name":"3DG-BP-IP OUT"}]},{"@type":"WebSite","@id":"https:\/\/fracarro.com\/fr\/#website","url":"https:\/\/fracarro.com\/fr\/","name":"Fracarro Radioindustrie SRL","description":"","publisher":{"@id":"https:\/\/fracarro.com\/fr\/#organization"},"potentialAction":[{"@type":"SearchAction","target":{"@type":"EntryPoint","urlTemplate":"https:\/\/fracarro.com\/fr\/?s={search_term_string}"},"query-input":{"@type":"PropertyValueSpecification","valueRequired":true,"valueName":"search_term_string"}}],"inLanguage":"fr-FR"},{"@type":"Organization","@id":"https:\/\/fracarro.com\/fr\/#organization","name":"Fracarro Radioindustrie SRL","url":"https:\/\/fracarro.com\/fr\/","logo":{"@type":"ImageObject","inLanguage":"fr-FR","@id":"https:\/\/fracarro.com\/fr\/#\/schema\/logo\/image\/","url":"https:\/\/fracarro.com\/wp-content\/uploads\/2020\/09\/Fracarro-logo530x67.png","contentUrl":"https:\/\/fracarro.com\/wp-content\/uploads\/2020\/09\/Fracarro-logo530x67.png","width":530,"height":67,"caption":"Fracarro Radioindustrie SRL"},"image":{"@id":"https:\/\/fracarro.com\/fr\/#\/schema\/logo\/image\/"},"sameAs":["https:\/\/it-it.facebook.com\/fracarro\/","https:\/\/x.com\/fracarrotweets","https:\/\/it.linkedin.com\/company\/fracarro-radioindustrie","https:\/\/www.instagram.com\/fracarroradioindustrie\/","https:\/\/www.youtube.com\/user\/FracarroOfficial?feature=watch"]}]}},"_links":{"self":[{"href":"https:\/\/fracarro.com\/fr\/wp-json\/wp\/v2\/product\/180030","targetHints":{"allow":["GET"]}}],"collection":[{"href":"https:\/\/fracarro.com\/fr\/wp-json\/wp\/v2\/product"}],"about":[{"href":"https:\/\/fracarro.com\/fr\/wp-json\/wp\/v2\/types\/product"}],"wp:featuredmedia":[{"embeddable":true,"href":"https:\/\/fracarro.com\/fr\/wp-json\/wp\/v2\/media\/98719"}],"wp:attachment":[{"href":"https:\/\/fracarro.com\/fr\/wp-json\/wp\/v2\/media?parent=180030"}],"wp:term":[{"taxonomy":"product_brand","embeddable":true,"href":"https:\/\/fracarro.com\/fr\/wp-json\/wp\/v2\/product_brand?post=180030"},{"taxonomy":"product_cat","embeddable":true,"href":"https:\/\/fracarro.com\/fr\/wp-json\/wp\/v2\/product_cat?post=180030"},{"taxonomy":"product_tag","embeddable":true,"href":"https:\/\/fracarro.com\/fr\/wp-json\/wp\/v2\/product_tag?post=180030"}],"curies":[{"name":"wp","href":"https:\/\/api.w.org\/{rel}","templated":true}]}}