{"id":181520,"date":"2023-06-12T12:54:23","date_gmt":"2023-06-12T12:54:23","guid":{"rendered":""},"modified":"2025-12-03T16:03:10","modified_gmt":"2025-12-03T16:03:10","slug":"223622-mbj2r345u-t2","status":"publish","type":"product","link":"https:\/\/fracarro.com\/fr\/product\/223622-mbj2r345u-t2\/","title":{"rendered":"MBJ2r345U T2\/.."},"content":{"rendered":"<p><strong>Amplificateur pour int\u00e9rieur autoaliment\u00e9 \u00e0 4 entr\u00e9es (III+DAB, IV, V, UHF)<\/strong> avec un gain de 20dB et un niveau de sortie jusqu&rsquo;\u00e0 <strong>115dB\u03bcV dans la bande UHF<\/strong>, amplification s\u00e9par\u00e9e des bades, r\u00e9glage du niveau ind\u00e9pendant (20dB) pour chaque entr\u00e9e et faible facteur de bruit. Calibrage sp\u00e9cial dans les fr\u00e9quences de coupure entre la bande IV et la bande V et <strong>technologie T2<\/strong> avec filtre int\u00e9gr\u00e9 pour \u00e9liminer les interf\u00e9rences 5G \u00e0 694MHz.<\/p>\n","protected":false},"excerpt":{"rendered":"<p>Amplificateur pour int\u00e9rieur autoaliment\u00e9 \u00e0 4 entr\u00e9es (III+DAB, IV, V, UHF) avec un gain de 20dB et un niveau de sortie jusqu&rsquo;\u00e0 115dB\u03bcV dans la bande UHF, amplification s\u00e9par\u00e9e des bades, r\u00e9glage du niveau ind\u00e9pendant (20dB) pour chaque entr\u00e9e et faible facteur de bruit. Calibrage sp\u00e9cial dans les fr\u00e9quences de coupure entre la bande IV  [&#8230;]<\/p>\n","protected":false},"featured_media":139699,"template":"","meta":[],"product_brand":[],"product_cat":[52750],"product_tag":[],"class_list":{"0":"post-181520","1":"product","2":"type-product","3":"status-publish","4":"has-post-thumbnail","6":"product_cat-4-entrees-amplificateurs-multibandes","8":"first","9":"instock","10":"shipping-taxable","11":"product-type-simple"},"yoast_head":"<!-- This site is optimized with the Yoast SEO Premium plugin v26.5 (Yoast SEO v26.7) - https:\/\/yoast.com\/wordpress\/plugins\/seo\/ -->\n<title>MBJ2r345U T2\/.. - Fracarro Radioindustrie SRL<\/title>\n<meta name=\"robots\" content=\"index, follow, max-snippet:-1, max-image-preview:large, max-video-preview:-1\" \/>\n<link rel=\"canonical\" href=\"https:\/\/fracarro.com\/fr\/product\/223622-mbj2r345u-t2\/\" \/>\n<meta property=\"og:locale\" content=\"fr_FR\" \/>\n<meta property=\"og:type\" content=\"article\" \/>\n<meta property=\"og:title\" content=\"MBJ2r345U T2\/..\" \/>\n<meta property=\"og:description\" content=\"Amplificateur pour int\u00e9rieur autoaliment\u00e9 \u00e0 4 entr\u00e9es (III+DAB, IV, V, UHF) avec un gain de 20dB et un niveau de sortie jusqu&rsquo;\u00e0 115dB\u03bcV dans la bande UHF, amplification s\u00e9par\u00e9e des bades, r\u00e9glage du niveau ind\u00e9pendant (20dB) pour chaque entr\u00e9e et faible facteur de bruit. Calibrage sp\u00e9cial dans les fr\u00e9quences de coupure entre la bande IV [...]\" \/>\n<meta property=\"og:url\" content=\"https:\/\/fracarro.com\/fr\/product\/223622-mbj2r345u-t2\/\" \/>\n<meta property=\"og:site_name\" content=\"Fracarro Radioindustrie SRL\" \/>\n<meta property=\"article:publisher\" content=\"https:\/\/it-it.facebook.com\/fracarro\/\" \/>\n<meta property=\"article:modified_time\" content=\"2025-12-03T16:03:10+00:00\" \/>\n<meta property=\"og:image\" content=\"https:\/\/fracarro.com\/wp-content\/uploads\/onpage\/op_image_a02e3f6c4cdfcaf403c440c55583e01056b6d70c.1980x.webp\" \/>\n\t<meta property=\"og:image:width\" content=\"1980\" \/>\n\t<meta property=\"og:image:height\" content=\"1980\" \/>\n\t<meta property=\"og:image:type\" content=\"image\/webp\" \/>\n<meta name=\"twitter:card\" content=\"summary_large_image\" \/>\n<meta name=\"twitter:site\" content=\"@fracarrotweets\" \/>\n<script type=\"application\/ld+json\" class=\"yoast-schema-graph\">{\"@context\":\"https:\/\/schema.org\",\"@graph\":[{\"@type\":\"WebPage\",\"@id\":\"https:\/\/fracarro.com\/fr\/product\/223622-mbj2r345u-t2\/\",\"url\":\"https:\/\/fracarro.com\/fr\/product\/223622-mbj2r345u-t2\/\",\"name\":\"MBJ2r345U T2\/.. - Fracarro Radioindustrie SRL\",\"isPartOf\":{\"@id\":\"https:\/\/fracarro.com\/fr\/#website\"},\"primaryImageOfPage\":{\"@id\":\"https:\/\/fracarro.com\/fr\/product\/223622-mbj2r345u-t2\/#primaryimage\"},\"image\":{\"@id\":\"https:\/\/fracarro.com\/fr\/product\/223622-mbj2r345u-t2\/#primaryimage\"},\"thumbnailUrl\":\"https:\/\/fracarro.com\/wp-content\/uploads\/onpage\/op_image_a02e3f6c4cdfcaf403c440c55583e01056b6d70c.1980x.webp\",\"datePublished\":\"2023-06-12T12:54:23+00:00\",\"dateModified\":\"2025-12-03T16:03:10+00:00\",\"breadcrumb\":{\"@id\":\"https:\/\/fracarro.com\/fr\/product\/223622-mbj2r345u-t2\/#breadcrumb\"},\"inLanguage\":\"fr-FR\",\"potentialAction\":[{\"@type\":\"ReadAction\",\"target\":[\"https:\/\/fracarro.com\/fr\/product\/223622-mbj2r345u-t2\/\"]}]},{\"@type\":\"ImageObject\",\"inLanguage\":\"fr-FR\",\"@id\":\"https:\/\/fracarro.com\/fr\/product\/223622-mbj2r345u-t2\/#primaryimage\",\"url\":\"https:\/\/fracarro.com\/wp-content\/uploads\/onpage\/op_image_a02e3f6c4cdfcaf403c440c55583e01056b6d70c.1980x.webp\",\"contentUrl\":\"https:\/\/fracarro.com\/wp-content\/uploads\/onpage\/op_image_a02e3f6c4cdfcaf403c440c55583e01056b6d70c.1980x.webp\",\"width\":1980,\"height\":1980},{\"@type\":\"BreadcrumbList\",\"@id\":\"https:\/\/fracarro.com\/fr\/product\/223622-mbj2r345u-t2\/#breadcrumb\",\"itemListElement\":[{\"@type\":\"ListItem\",\"position\":1,\"name\":\"Home\",\"item\":\"https:\/\/fracarro.com\/fr\/\"},{\"@type\":\"ListItem\",\"position\":2,\"name\":\"Solutions\",\"item\":\"https:\/\/fracarro.com\/it\/solutions\/\"},{\"@type\":\"ListItem\",\"position\":3,\"name\":\"MBJ2r345U T2\/..\"}]},{\"@type\":\"WebSite\",\"@id\":\"https:\/\/fracarro.com\/fr\/#website\",\"url\":\"https:\/\/fracarro.com\/fr\/\",\"name\":\"Fracarro Radioindustrie SRL\",\"description\":\"\",\"publisher\":{\"@id\":\"https:\/\/fracarro.com\/fr\/#organization\"},\"potentialAction\":[{\"@type\":\"SearchAction\",\"target\":{\"@type\":\"EntryPoint\",\"urlTemplate\":\"https:\/\/fracarro.com\/fr\/?s={search_term_string}\"},\"query-input\":{\"@type\":\"PropertyValueSpecification\",\"valueRequired\":true,\"valueName\":\"search_term_string\"}}],\"inLanguage\":\"fr-FR\"},{\"@type\":\"Organization\",\"@id\":\"https:\/\/fracarro.com\/fr\/#organization\",\"name\":\"Fracarro Radioindustrie SRL\",\"url\":\"https:\/\/fracarro.com\/fr\/\",\"logo\":{\"@type\":\"ImageObject\",\"inLanguage\":\"fr-FR\",\"@id\":\"https:\/\/fracarro.com\/fr\/#\/schema\/logo\/image\/\",\"url\":\"https:\/\/fracarro.com\/wp-content\/uploads\/2020\/09\/Fracarro-logo530x67.png\",\"contentUrl\":\"https:\/\/fracarro.com\/wp-content\/uploads\/2020\/09\/Fracarro-logo530x67.png\",\"width\":530,\"height\":67,\"caption\":\"Fracarro Radioindustrie SRL\"},\"image\":{\"@id\":\"https:\/\/fracarro.com\/fr\/#\/schema\/logo\/image\/\"},\"sameAs\":[\"https:\/\/it-it.facebook.com\/fracarro\/\",\"https:\/\/x.com\/fracarrotweets\",\"https:\/\/it.linkedin.com\/company\/fracarro-radioindustrie\",\"https:\/\/www.instagram.com\/fracarroradioindustrie\/\",\"https:\/\/www.youtube.com\/user\/FracarroOfficial?feature=watch\"]}]}<\/script>\n<!-- \/ Yoast SEO Premium plugin. -->","yoast_head_json":{"title":"MBJ2r345U T2\/.. - Fracarro Radioindustrie SRL","robots":{"index":"index","follow":"follow","max-snippet":"max-snippet:-1","max-image-preview":"max-image-preview:large","max-video-preview":"max-video-preview:-1"},"canonical":"https:\/\/fracarro.com\/fr\/product\/223622-mbj2r345u-t2\/","og_locale":"fr_FR","og_type":"article","og_title":"MBJ2r345U T2\/..","og_description":"Amplificateur pour int\u00e9rieur autoaliment\u00e9 \u00e0 4 entr\u00e9es (III+DAB, IV, V, UHF) avec un gain de 20dB et un niveau de sortie jusqu&rsquo;\u00e0 115dB\u03bcV dans la bande UHF, amplification s\u00e9par\u00e9e des bades, r\u00e9glage du niveau ind\u00e9pendant (20dB) pour chaque entr\u00e9e et faible facteur de bruit. Calibrage sp\u00e9cial dans les fr\u00e9quences de coupure entre la bande IV [...]","og_url":"https:\/\/fracarro.com\/fr\/product\/223622-mbj2r345u-t2\/","og_site_name":"Fracarro Radioindustrie SRL","article_publisher":"https:\/\/it-it.facebook.com\/fracarro\/","article_modified_time":"2025-12-03T16:03:10+00:00","og_image":[{"width":1980,"height":1980,"url":"https:\/\/fracarro.com\/wp-content\/uploads\/onpage\/op_image_a02e3f6c4cdfcaf403c440c55583e01056b6d70c.1980x.webp","type":"image\/webp"}],"twitter_card":"summary_large_image","twitter_site":"@fracarrotweets","schema":{"@context":"https:\/\/schema.org","@graph":[{"@type":"WebPage","@id":"https:\/\/fracarro.com\/fr\/product\/223622-mbj2r345u-t2\/","url":"https:\/\/fracarro.com\/fr\/product\/223622-mbj2r345u-t2\/","name":"MBJ2r345U T2\/.. - Fracarro Radioindustrie SRL","isPartOf":{"@id":"https:\/\/fracarro.com\/fr\/#website"},"primaryImageOfPage":{"@id":"https:\/\/fracarro.com\/fr\/product\/223622-mbj2r345u-t2\/#primaryimage"},"image":{"@id":"https:\/\/fracarro.com\/fr\/product\/223622-mbj2r345u-t2\/#primaryimage"},"thumbnailUrl":"https:\/\/fracarro.com\/wp-content\/uploads\/onpage\/op_image_a02e3f6c4cdfcaf403c440c55583e01056b6d70c.1980x.webp","datePublished":"2023-06-12T12:54:23+00:00","dateModified":"2025-12-03T16:03:10+00:00","breadcrumb":{"@id":"https:\/\/fracarro.com\/fr\/product\/223622-mbj2r345u-t2\/#breadcrumb"},"inLanguage":"fr-FR","potentialAction":[{"@type":"ReadAction","target":["https:\/\/fracarro.com\/fr\/product\/223622-mbj2r345u-t2\/"]}]},{"@type":"ImageObject","inLanguage":"fr-FR","@id":"https:\/\/fracarro.com\/fr\/product\/223622-mbj2r345u-t2\/#primaryimage","url":"https:\/\/fracarro.com\/wp-content\/uploads\/onpage\/op_image_a02e3f6c4cdfcaf403c440c55583e01056b6d70c.1980x.webp","contentUrl":"https:\/\/fracarro.com\/wp-content\/uploads\/onpage\/op_image_a02e3f6c4cdfcaf403c440c55583e01056b6d70c.1980x.webp","width":1980,"height":1980},{"@type":"BreadcrumbList","@id":"https:\/\/fracarro.com\/fr\/product\/223622-mbj2r345u-t2\/#breadcrumb","itemListElement":[{"@type":"ListItem","position":1,"name":"Home","item":"https:\/\/fracarro.com\/fr\/"},{"@type":"ListItem","position":2,"name":"Solutions","item":"https:\/\/fracarro.com\/it\/solutions\/"},{"@type":"ListItem","position":3,"name":"MBJ2r345U T2\/.."}]},{"@type":"WebSite","@id":"https:\/\/fracarro.com\/fr\/#website","url":"https:\/\/fracarro.com\/fr\/","name":"Fracarro Radioindustrie SRL","description":"","publisher":{"@id":"https:\/\/fracarro.com\/fr\/#organization"},"potentialAction":[{"@type":"SearchAction","target":{"@type":"EntryPoint","urlTemplate":"https:\/\/fracarro.com\/fr\/?s={search_term_string}"},"query-input":{"@type":"PropertyValueSpecification","valueRequired":true,"valueName":"search_term_string"}}],"inLanguage":"fr-FR"},{"@type":"Organization","@id":"https:\/\/fracarro.com\/fr\/#organization","name":"Fracarro Radioindustrie SRL","url":"https:\/\/fracarro.com\/fr\/","logo":{"@type":"ImageObject","inLanguage":"fr-FR","@id":"https:\/\/fracarro.com\/fr\/#\/schema\/logo\/image\/","url":"https:\/\/fracarro.com\/wp-content\/uploads\/2020\/09\/Fracarro-logo530x67.png","contentUrl":"https:\/\/fracarro.com\/wp-content\/uploads\/2020\/09\/Fracarro-logo530x67.png","width":530,"height":67,"caption":"Fracarro Radioindustrie SRL"},"image":{"@id":"https:\/\/fracarro.com\/fr\/#\/schema\/logo\/image\/"},"sameAs":["https:\/\/it-it.facebook.com\/fracarro\/","https:\/\/x.com\/fracarrotweets","https:\/\/it.linkedin.com\/company\/fracarro-radioindustrie","https:\/\/www.instagram.com\/fracarroradioindustrie\/","https:\/\/www.youtube.com\/user\/FracarroOfficial?feature=watch"]}]}},"_links":{"self":[{"href":"https:\/\/fracarro.com\/fr\/wp-json\/wp\/v2\/product\/181520","targetHints":{"allow":["GET"]}}],"collection":[{"href":"https:\/\/fracarro.com\/fr\/wp-json\/wp\/v2\/product"}],"about":[{"href":"https:\/\/fracarro.com\/fr\/wp-json\/wp\/v2\/types\/product"}],"wp:featuredmedia":[{"embeddable":true,"href":"https:\/\/fracarro.com\/fr\/wp-json\/wp\/v2\/media\/139699"}],"wp:attachment":[{"href":"https:\/\/fracarro.com\/fr\/wp-json\/wp\/v2\/media?parent=181520"}],"wp:term":[{"taxonomy":"product_brand","embeddable":true,"href":"https:\/\/fracarro.com\/fr\/wp-json\/wp\/v2\/product_brand?post=181520"},{"taxonomy":"product_cat","embeddable":true,"href":"https:\/\/fracarro.com\/fr\/wp-json\/wp\/v2\/product_cat?post=181520"},{"taxonomy":"product_tag","embeddable":true,"href":"https:\/\/fracarro.com\/fr\/wp-json\/wp\/v2\/product_tag?post=181520"}],"curies":[{"name":"wp","href":"https:\/\/api.w.org\/{rel}","templated":true}]}}