{"id":181650,"date":"2023-06-12T12:54:28","date_gmt":"2023-06-12T12:54:28","guid":{"rendered":""},"modified":"2025-12-03T16:03:10","modified_gmt":"2025-12-03T16:03:10","slug":"223371-amp9564","status":"publish","type":"product","link":"https:\/\/fracarro.com\/fr\/product\/223371-amp9564\/","title":{"rendered":"AMP9564"},"content":{"rendered":"<p>Amplificateurs auto-aliment\u00e9s pour amplifier les signaux satellites avec couplage passif du signal TV terrestre. A utiliser comme amplificateurs de t\u00eate dans un syst\u00e8me FI ou comme amplificateurs de ligne SAT. Ils disposent du r\u00e9glage du gain et de la pente dans la bande SAT.<br \/> Le support MBX0001 permet de fixer l\u2019amplificateur en laissant de l&rsquo;espace (19mm) entre l&rsquo;amplificateur et le mur, de fa\u00e7on de permettre le passage de c\u00e2bles ou le montage des amplificateurs dans des conditions particuli\u00e8res.<\/p>\n","protected":false},"excerpt":{"rendered":"<p>Amplificateurs auto-aliment\u00e9s pour amplifier les signaux satellites avec couplage passif du signal TV terrestre. A utiliser comme amplificateurs de t\u00eate dans un syst\u00e8me FI ou comme amplificateurs de ligne SAT. Ils disposent du r\u00e9glage du gain et de la pente dans la bande SAT. Le support MBX0001 permet de fixer l\u2019amplificateur en laissant de l&rsquo;espace  [&#8230;]<\/p>\n","protected":false},"featured_media":139764,"template":"","meta":[],"product_brand":[],"product_cat":[52778],"product_tag":[],"class_list":{"0":"post-181650","1":"product","2":"type-product","3":"status-publish","4":"has-post-thumbnail","6":"product_cat-tv-sat-amplificateurs-multibandes","8":"first","9":"instock","10":"shipping-taxable","11":"product-type-simple"},"yoast_head":"<!-- This site is optimized with the Yoast SEO Premium plugin v26.5 (Yoast SEO v26.7) - https:\/\/yoast.com\/wordpress\/plugins\/seo\/ -->\n<title>AMP9564 - Fracarro Radioindustrie SRL<\/title>\n<meta name=\"robots\" content=\"index, follow, max-snippet:-1, max-image-preview:large, max-video-preview:-1\" \/>\n<link rel=\"canonical\" href=\"https:\/\/fracarro.com\/fr\/product\/223371-amp9564\/\" \/>\n<meta property=\"og:locale\" content=\"fr_FR\" \/>\n<meta property=\"og:type\" content=\"article\" \/>\n<meta property=\"og:title\" content=\"AMP9564\" \/>\n<meta property=\"og:description\" content=\"Amplificateurs auto-aliment\u00e9s pour amplifier les signaux satellites avec couplage passif du signal TV terrestre. A utiliser comme amplificateurs de t\u00eate dans un syst\u00e8me FI ou comme amplificateurs de ligne SAT. Ils disposent du r\u00e9glage du gain et de la pente dans la bande SAT. Le support MBX0001 permet de fixer l\u2019amplificateur en laissant de l&rsquo;espace [...]\" \/>\n<meta property=\"og:url\" content=\"https:\/\/fracarro.com\/fr\/product\/223371-amp9564\/\" \/>\n<meta property=\"og:site_name\" content=\"Fracarro Radioindustrie SRL\" \/>\n<meta property=\"article:publisher\" content=\"https:\/\/it-it.facebook.com\/fracarro\/\" \/>\n<meta property=\"article:modified_time\" content=\"2025-12-03T16:03:10+00:00\" \/>\n<meta property=\"og:image\" content=\"https:\/\/fracarro.com\/wp-content\/uploads\/onpage\/op_image_ff8a9a65868eb7593f6e519040b92ff5031f6bb2.1980x.webp\" \/>\n\t<meta property=\"og:image:width\" content=\"1980\" \/>\n\t<meta property=\"og:image:height\" content=\"1980\" \/>\n\t<meta property=\"og:image:type\" content=\"image\/webp\" \/>\n<meta name=\"twitter:card\" content=\"summary_large_image\" \/>\n<meta name=\"twitter:site\" content=\"@fracarrotweets\" \/>\n<script type=\"application\/ld+json\" class=\"yoast-schema-graph\">{\"@context\":\"https:\/\/schema.org\",\"@graph\":[{\"@type\":\"WebPage\",\"@id\":\"https:\/\/fracarro.com\/fr\/product\/223371-amp9564\/\",\"url\":\"https:\/\/fracarro.com\/fr\/product\/223371-amp9564\/\",\"name\":\"AMP9564 - Fracarro Radioindustrie SRL\",\"isPartOf\":{\"@id\":\"https:\/\/fracarro.com\/fr\/#website\"},\"primaryImageOfPage\":{\"@id\":\"https:\/\/fracarro.com\/fr\/product\/223371-amp9564\/#primaryimage\"},\"image\":{\"@id\":\"https:\/\/fracarro.com\/fr\/product\/223371-amp9564\/#primaryimage\"},\"thumbnailUrl\":\"https:\/\/fracarro.com\/wp-content\/uploads\/onpage\/op_image_ff8a9a65868eb7593f6e519040b92ff5031f6bb2.1980x.webp\",\"datePublished\":\"2023-06-12T12:54:28+00:00\",\"dateModified\":\"2025-12-03T16:03:10+00:00\",\"breadcrumb\":{\"@id\":\"https:\/\/fracarro.com\/fr\/product\/223371-amp9564\/#breadcrumb\"},\"inLanguage\":\"fr-FR\",\"potentialAction\":[{\"@type\":\"ReadAction\",\"target\":[\"https:\/\/fracarro.com\/fr\/product\/223371-amp9564\/\"]}]},{\"@type\":\"ImageObject\",\"inLanguage\":\"fr-FR\",\"@id\":\"https:\/\/fracarro.com\/fr\/product\/223371-amp9564\/#primaryimage\",\"url\":\"https:\/\/fracarro.com\/wp-content\/uploads\/onpage\/op_image_ff8a9a65868eb7593f6e519040b92ff5031f6bb2.1980x.webp\",\"contentUrl\":\"https:\/\/fracarro.com\/wp-content\/uploads\/onpage\/op_image_ff8a9a65868eb7593f6e519040b92ff5031f6bb2.1980x.webp\",\"width\":1980,\"height\":1980},{\"@type\":\"BreadcrumbList\",\"@id\":\"https:\/\/fracarro.com\/fr\/product\/223371-amp9564\/#breadcrumb\",\"itemListElement\":[{\"@type\":\"ListItem\",\"position\":1,\"name\":\"Home\",\"item\":\"https:\/\/fracarro.com\/fr\/\"},{\"@type\":\"ListItem\",\"position\":2,\"name\":\"Solutions\",\"item\":\"https:\/\/fracarro.com\/it\/solutions\/\"},{\"@type\":\"ListItem\",\"position\":3,\"name\":\"AMP9564\"}]},{\"@type\":\"WebSite\",\"@id\":\"https:\/\/fracarro.com\/fr\/#website\",\"url\":\"https:\/\/fracarro.com\/fr\/\",\"name\":\"Fracarro Radioindustrie SRL\",\"description\":\"\",\"publisher\":{\"@id\":\"https:\/\/fracarro.com\/fr\/#organization\"},\"potentialAction\":[{\"@type\":\"SearchAction\",\"target\":{\"@type\":\"EntryPoint\",\"urlTemplate\":\"https:\/\/fracarro.com\/fr\/?s={search_term_string}\"},\"query-input\":{\"@type\":\"PropertyValueSpecification\",\"valueRequired\":true,\"valueName\":\"search_term_string\"}}],\"inLanguage\":\"fr-FR\"},{\"@type\":\"Organization\",\"@id\":\"https:\/\/fracarro.com\/fr\/#organization\",\"name\":\"Fracarro Radioindustrie SRL\",\"url\":\"https:\/\/fracarro.com\/fr\/\",\"logo\":{\"@type\":\"ImageObject\",\"inLanguage\":\"fr-FR\",\"@id\":\"https:\/\/fracarro.com\/fr\/#\/schema\/logo\/image\/\",\"url\":\"https:\/\/fracarro.com\/wp-content\/uploads\/2020\/09\/Fracarro-logo530x67.png\",\"contentUrl\":\"https:\/\/fracarro.com\/wp-content\/uploads\/2020\/09\/Fracarro-logo530x67.png\",\"width\":530,\"height\":67,\"caption\":\"Fracarro Radioindustrie SRL\"},\"image\":{\"@id\":\"https:\/\/fracarro.com\/fr\/#\/schema\/logo\/image\/\"},\"sameAs\":[\"https:\/\/it-it.facebook.com\/fracarro\/\",\"https:\/\/x.com\/fracarrotweets\",\"https:\/\/it.linkedin.com\/company\/fracarro-radioindustrie\",\"https:\/\/www.instagram.com\/fracarroradioindustrie\/\",\"https:\/\/www.youtube.com\/user\/FracarroOfficial?feature=watch\"]}]}<\/script>\n<!-- \/ Yoast SEO Premium plugin. -->","yoast_head_json":{"title":"AMP9564 - Fracarro Radioindustrie SRL","robots":{"index":"index","follow":"follow","max-snippet":"max-snippet:-1","max-image-preview":"max-image-preview:large","max-video-preview":"max-video-preview:-1"},"canonical":"https:\/\/fracarro.com\/fr\/product\/223371-amp9564\/","og_locale":"fr_FR","og_type":"article","og_title":"AMP9564","og_description":"Amplificateurs auto-aliment\u00e9s pour amplifier les signaux satellites avec couplage passif du signal TV terrestre. A utiliser comme amplificateurs de t\u00eate dans un syst\u00e8me FI ou comme amplificateurs de ligne SAT. Ils disposent du r\u00e9glage du gain et de la pente dans la bande SAT. Le support MBX0001 permet de fixer l\u2019amplificateur en laissant de l&rsquo;espace [...]","og_url":"https:\/\/fracarro.com\/fr\/product\/223371-amp9564\/","og_site_name":"Fracarro Radioindustrie SRL","article_publisher":"https:\/\/it-it.facebook.com\/fracarro\/","article_modified_time":"2025-12-03T16:03:10+00:00","og_image":[{"width":1980,"height":1980,"url":"https:\/\/fracarro.com\/wp-content\/uploads\/onpage\/op_image_ff8a9a65868eb7593f6e519040b92ff5031f6bb2.1980x.webp","type":"image\/webp"}],"twitter_card":"summary_large_image","twitter_site":"@fracarrotweets","schema":{"@context":"https:\/\/schema.org","@graph":[{"@type":"WebPage","@id":"https:\/\/fracarro.com\/fr\/product\/223371-amp9564\/","url":"https:\/\/fracarro.com\/fr\/product\/223371-amp9564\/","name":"AMP9564 - Fracarro Radioindustrie SRL","isPartOf":{"@id":"https:\/\/fracarro.com\/fr\/#website"},"primaryImageOfPage":{"@id":"https:\/\/fracarro.com\/fr\/product\/223371-amp9564\/#primaryimage"},"image":{"@id":"https:\/\/fracarro.com\/fr\/product\/223371-amp9564\/#primaryimage"},"thumbnailUrl":"https:\/\/fracarro.com\/wp-content\/uploads\/onpage\/op_image_ff8a9a65868eb7593f6e519040b92ff5031f6bb2.1980x.webp","datePublished":"2023-06-12T12:54:28+00:00","dateModified":"2025-12-03T16:03:10+00:00","breadcrumb":{"@id":"https:\/\/fracarro.com\/fr\/product\/223371-amp9564\/#breadcrumb"},"inLanguage":"fr-FR","potentialAction":[{"@type":"ReadAction","target":["https:\/\/fracarro.com\/fr\/product\/223371-amp9564\/"]}]},{"@type":"ImageObject","inLanguage":"fr-FR","@id":"https:\/\/fracarro.com\/fr\/product\/223371-amp9564\/#primaryimage","url":"https:\/\/fracarro.com\/wp-content\/uploads\/onpage\/op_image_ff8a9a65868eb7593f6e519040b92ff5031f6bb2.1980x.webp","contentUrl":"https:\/\/fracarro.com\/wp-content\/uploads\/onpage\/op_image_ff8a9a65868eb7593f6e519040b92ff5031f6bb2.1980x.webp","width":1980,"height":1980},{"@type":"BreadcrumbList","@id":"https:\/\/fracarro.com\/fr\/product\/223371-amp9564\/#breadcrumb","itemListElement":[{"@type":"ListItem","position":1,"name":"Home","item":"https:\/\/fracarro.com\/fr\/"},{"@type":"ListItem","position":2,"name":"Solutions","item":"https:\/\/fracarro.com\/it\/solutions\/"},{"@type":"ListItem","position":3,"name":"AMP9564"}]},{"@type":"WebSite","@id":"https:\/\/fracarro.com\/fr\/#website","url":"https:\/\/fracarro.com\/fr\/","name":"Fracarro Radioindustrie SRL","description":"","publisher":{"@id":"https:\/\/fracarro.com\/fr\/#organization"},"potentialAction":[{"@type":"SearchAction","target":{"@type":"EntryPoint","urlTemplate":"https:\/\/fracarro.com\/fr\/?s={search_term_string}"},"query-input":{"@type":"PropertyValueSpecification","valueRequired":true,"valueName":"search_term_string"}}],"inLanguage":"fr-FR"},{"@type":"Organization","@id":"https:\/\/fracarro.com\/fr\/#organization","name":"Fracarro Radioindustrie SRL","url":"https:\/\/fracarro.com\/fr\/","logo":{"@type":"ImageObject","inLanguage":"fr-FR","@id":"https:\/\/fracarro.com\/fr\/#\/schema\/logo\/image\/","url":"https:\/\/fracarro.com\/wp-content\/uploads\/2020\/09\/Fracarro-logo530x67.png","contentUrl":"https:\/\/fracarro.com\/wp-content\/uploads\/2020\/09\/Fracarro-logo530x67.png","width":530,"height":67,"caption":"Fracarro Radioindustrie SRL"},"image":{"@id":"https:\/\/fracarro.com\/fr\/#\/schema\/logo\/image\/"},"sameAs":["https:\/\/it-it.facebook.com\/fracarro\/","https:\/\/x.com\/fracarrotweets","https:\/\/it.linkedin.com\/company\/fracarro-radioindustrie","https:\/\/www.instagram.com\/fracarroradioindustrie\/","https:\/\/www.youtube.com\/user\/FracarroOfficial?feature=watch"]}]}},"_links":{"self":[{"href":"https:\/\/fracarro.com\/fr\/wp-json\/wp\/v2\/product\/181650","targetHints":{"allow":["GET"]}}],"collection":[{"href":"https:\/\/fracarro.com\/fr\/wp-json\/wp\/v2\/product"}],"about":[{"href":"https:\/\/fracarro.com\/fr\/wp-json\/wp\/v2\/types\/product"}],"wp:featuredmedia":[{"embeddable":true,"href":"https:\/\/fracarro.com\/fr\/wp-json\/wp\/v2\/media\/139764"}],"wp:attachment":[{"href":"https:\/\/fracarro.com\/fr\/wp-json\/wp\/v2\/media?parent=181650"}],"wp:term":[{"taxonomy":"product_brand","embeddable":true,"href":"https:\/\/fracarro.com\/fr\/wp-json\/wp\/v2\/product_brand?post=181650"},{"taxonomy":"product_cat","embeddable":true,"href":"https:\/\/fracarro.com\/fr\/wp-json\/wp\/v2\/product_cat?post=181650"},{"taxonomy":"product_tag","embeddable":true,"href":"https:\/\/fracarro.com\/fr\/wp-json\/wp\/v2\/product_tag?post=181650"}],"curies":[{"name":"wp","href":"https:\/\/api.w.org\/{rel}","templated":true}]}}