{"id":181680,"date":"2023-06-12T12:54:29","date_gmt":"2023-06-12T12:54:29","guid":{"rendered":""},"modified":"2025-12-03T16:03:10","modified_gmt":"2025-12-03T16:03:10","slug":"287546-hmodtv-lt-mini","status":"publish","type":"product","link":"https:\/\/fracarro.com\/fr\/product\/287546-hmodtv-lt-mini\/","title":{"rendered":"HMODTV-LT MINI"},"content":{"rendered":"<p>Modulateurs num\u00e9riques pour int\u00e9rieur de haute <strong> qualit\u00e9 DVB-T \u00ab\u00a0Home\u00a0\u00bb<\/strong> avec<strong>passage sur le port de sortie HDMI <\/strong>; ils re\u00e7oivent un signal de l&rsquo;entr\u00e9e HDMI et le convertissent en num\u00e9rique terrestre DVB-T sur le connecteur de sortie F, dans lequel le signal de l&rsquo;antenne ou d&rsquo;un autre modulateur peut alors \u00eatre coupl\u00e9. <strong>L&rsquo;excellente r\u00e9solution vid\u00e9o (Full HD 1920&#215;1080-30p) et la qualit\u00e9 de modulation de sortie (MER 35dB)<\/strong> font de ces modulateurs la solution id\u00e9ale pour distribuer en technologie DVB-T au sein d&rsquo;un r\u00e9seau coaxial existant des signaux num\u00e9riques SD ou HD re\u00e7us de tout appareil (par exemple, lecteur DVD, d\u00e9codeur ou cam\u00e9ra). \u00c9galement disponible <strong>avec l&rsquo;entr\u00e9e RCA <\/strong> pour les signaux Audio\/Vid\u00e9o st\u00e9r\u00e9o analogiques primaires ou de secours pour HDMI.<\/p>\n","protected":false},"excerpt":{"rendered":"<p>Modulateurs num\u00e9riques pour int\u00e9rieur de haute qualit\u00e9 DVB-T \u00ab\u00a0Home\u00a0\u00bb avecpassage sur le port de sortie HDMI ; ils re\u00e7oivent un signal de l&rsquo;entr\u00e9e HDMI et le convertissent en num\u00e9rique terrestre DVB-T sur le connecteur de sortie F, dans lequel le signal de l&rsquo;antenne ou d&rsquo;un autre modulateur peut alors \u00eatre coupl\u00e9. L&rsquo;excellente r\u00e9solution vid\u00e9o (Full  [&#8230;]<\/p>\n","protected":false},"featured_media":98974,"template":"","meta":[],"product_brand":[],"product_cat":[52786],"product_tag":[],"class_list":{"0":"post-181680","1":"product","2":"type-product","3":"status-publish","4":"has-post-thumbnail","6":"product_cat-hdmi","8":"first","9":"instock","10":"shipping-taxable","11":"product-type-simple"},"yoast_head":"<!-- This site is optimized with the Yoast SEO Premium plugin v26.5 (Yoast SEO v26.7) - https:\/\/yoast.com\/wordpress\/plugins\/seo\/ -->\n<title>HMODTV-LT MINI - Fracarro Radioindustrie SRL<\/title>\n<meta name=\"robots\" content=\"index, follow, max-snippet:-1, max-image-preview:large, max-video-preview:-1\" \/>\n<link rel=\"canonical\" href=\"https:\/\/fracarro.com\/fr\/product\/287546-hmodtv-lt-mini\/\" \/>\n<meta property=\"og:locale\" content=\"fr_FR\" \/>\n<meta property=\"og:type\" content=\"article\" \/>\n<meta property=\"og:title\" content=\"HMODTV-LT MINI\" \/>\n<meta property=\"og:description\" content=\"Modulateurs num\u00e9riques pour int\u00e9rieur de haute qualit\u00e9 DVB-T \u00ab\u00a0Home\u00a0\u00bb avecpassage sur le port de sortie HDMI ; ils re\u00e7oivent un signal de l&rsquo;entr\u00e9e HDMI et le convertissent en num\u00e9rique terrestre DVB-T sur le connecteur de sortie F, dans lequel le signal de l&rsquo;antenne ou d&rsquo;un autre modulateur peut alors \u00eatre coupl\u00e9. L&rsquo;excellente r\u00e9solution vid\u00e9o (Full [...]\" \/>\n<meta property=\"og:url\" content=\"https:\/\/fracarro.com\/fr\/product\/287546-hmodtv-lt-mini\/\" \/>\n<meta property=\"og:site_name\" content=\"Fracarro Radioindustrie SRL\" \/>\n<meta property=\"article:publisher\" content=\"https:\/\/it-it.facebook.com\/fracarro\/\" \/>\n<meta property=\"article:modified_time\" content=\"2025-12-03T16:03:10+00:00\" \/>\n<meta property=\"og:image\" content=\"https:\/\/fracarro.com\/wp-content\/uploads\/onpage\/op_image_194151ece64e95c249f511a07b2e91766cac7106.1980x.webp\" \/>\n\t<meta property=\"og:image:width\" content=\"1980\" \/>\n\t<meta property=\"og:image:height\" content=\"1980\" \/>\n\t<meta property=\"og:image:type\" content=\"image\/webp\" \/>\n<meta name=\"twitter:card\" content=\"summary_large_image\" \/>\n<meta name=\"twitter:site\" content=\"@fracarrotweets\" \/>\n<meta name=\"twitter:label1\" content=\"Dur\u00e9e de lecture estim\u00e9e\" \/>\n\t<meta name=\"twitter:data1\" content=\"1 minute\" \/>\n<script type=\"application\/ld+json\" class=\"yoast-schema-graph\">{\"@context\":\"https:\/\/schema.org\",\"@graph\":[{\"@type\":\"WebPage\",\"@id\":\"https:\/\/fracarro.com\/fr\/product\/287546-hmodtv-lt-mini\/\",\"url\":\"https:\/\/fracarro.com\/fr\/product\/287546-hmodtv-lt-mini\/\",\"name\":\"HMODTV-LT MINI - Fracarro Radioindustrie SRL\",\"isPartOf\":{\"@id\":\"https:\/\/fracarro.com\/fr\/#website\"},\"primaryImageOfPage\":{\"@id\":\"https:\/\/fracarro.com\/fr\/product\/287546-hmodtv-lt-mini\/#primaryimage\"},\"image\":{\"@id\":\"https:\/\/fracarro.com\/fr\/product\/287546-hmodtv-lt-mini\/#primaryimage\"},\"thumbnailUrl\":\"https:\/\/fracarro.com\/wp-content\/uploads\/onpage\/op_image_194151ece64e95c249f511a07b2e91766cac7106.1980x.webp\",\"datePublished\":\"2023-06-12T12:54:29+00:00\",\"dateModified\":\"2025-12-03T16:03:10+00:00\",\"breadcrumb\":{\"@id\":\"https:\/\/fracarro.com\/fr\/product\/287546-hmodtv-lt-mini\/#breadcrumb\"},\"inLanguage\":\"fr-FR\",\"potentialAction\":[{\"@type\":\"ReadAction\",\"target\":[\"https:\/\/fracarro.com\/fr\/product\/287546-hmodtv-lt-mini\/\"]}]},{\"@type\":\"ImageObject\",\"inLanguage\":\"fr-FR\",\"@id\":\"https:\/\/fracarro.com\/fr\/product\/287546-hmodtv-lt-mini\/#primaryimage\",\"url\":\"https:\/\/fracarro.com\/wp-content\/uploads\/onpage\/op_image_194151ece64e95c249f511a07b2e91766cac7106.1980x.webp\",\"contentUrl\":\"https:\/\/fracarro.com\/wp-content\/uploads\/onpage\/op_image_194151ece64e95c249f511a07b2e91766cac7106.1980x.webp\",\"width\":1980,\"height\":1980},{\"@type\":\"BreadcrumbList\",\"@id\":\"https:\/\/fracarro.com\/fr\/product\/287546-hmodtv-lt-mini\/#breadcrumb\",\"itemListElement\":[{\"@type\":\"ListItem\",\"position\":1,\"name\":\"Home\",\"item\":\"https:\/\/fracarro.com\/fr\/\"},{\"@type\":\"ListItem\",\"position\":2,\"name\":\"Solutions\",\"item\":\"https:\/\/fracarro.com\/it\/solutions\/\"},{\"@type\":\"ListItem\",\"position\":3,\"name\":\"HMODTV-LT MINI\"}]},{\"@type\":\"WebSite\",\"@id\":\"https:\/\/fracarro.com\/fr\/#website\",\"url\":\"https:\/\/fracarro.com\/fr\/\",\"name\":\"Fracarro Radioindustrie SRL\",\"description\":\"\",\"publisher\":{\"@id\":\"https:\/\/fracarro.com\/fr\/#organization\"},\"potentialAction\":[{\"@type\":\"SearchAction\",\"target\":{\"@type\":\"EntryPoint\",\"urlTemplate\":\"https:\/\/fracarro.com\/fr\/?s={search_term_string}\"},\"query-input\":{\"@type\":\"PropertyValueSpecification\",\"valueRequired\":true,\"valueName\":\"search_term_string\"}}],\"inLanguage\":\"fr-FR\"},{\"@type\":\"Organization\",\"@id\":\"https:\/\/fracarro.com\/fr\/#organization\",\"name\":\"Fracarro Radioindustrie SRL\",\"url\":\"https:\/\/fracarro.com\/fr\/\",\"logo\":{\"@type\":\"ImageObject\",\"inLanguage\":\"fr-FR\",\"@id\":\"https:\/\/fracarro.com\/fr\/#\/schema\/logo\/image\/\",\"url\":\"https:\/\/fracarro.com\/wp-content\/uploads\/2020\/09\/Fracarro-logo530x67.png\",\"contentUrl\":\"https:\/\/fracarro.com\/wp-content\/uploads\/2020\/09\/Fracarro-logo530x67.png\",\"width\":530,\"height\":67,\"caption\":\"Fracarro Radioindustrie SRL\"},\"image\":{\"@id\":\"https:\/\/fracarro.com\/fr\/#\/schema\/logo\/image\/\"},\"sameAs\":[\"https:\/\/it-it.facebook.com\/fracarro\/\",\"https:\/\/x.com\/fracarrotweets\",\"https:\/\/it.linkedin.com\/company\/fracarro-radioindustrie\",\"https:\/\/www.instagram.com\/fracarroradioindustrie\/\",\"https:\/\/www.youtube.com\/user\/FracarroOfficial?feature=watch\"]}]}<\/script>\n<!-- \/ Yoast SEO Premium plugin. -->","yoast_head_json":{"title":"HMODTV-LT MINI - Fracarro Radioindustrie SRL","robots":{"index":"index","follow":"follow","max-snippet":"max-snippet:-1","max-image-preview":"max-image-preview:large","max-video-preview":"max-video-preview:-1"},"canonical":"https:\/\/fracarro.com\/fr\/product\/287546-hmodtv-lt-mini\/","og_locale":"fr_FR","og_type":"article","og_title":"HMODTV-LT MINI","og_description":"Modulateurs num\u00e9riques pour int\u00e9rieur de haute qualit\u00e9 DVB-T \u00ab\u00a0Home\u00a0\u00bb avecpassage sur le port de sortie HDMI ; ils re\u00e7oivent un signal de l&rsquo;entr\u00e9e HDMI et le convertissent en num\u00e9rique terrestre DVB-T sur le connecteur de sortie F, dans lequel le signal de l&rsquo;antenne ou d&rsquo;un autre modulateur peut alors \u00eatre coupl\u00e9. L&rsquo;excellente r\u00e9solution vid\u00e9o (Full [...]","og_url":"https:\/\/fracarro.com\/fr\/product\/287546-hmodtv-lt-mini\/","og_site_name":"Fracarro Radioindustrie SRL","article_publisher":"https:\/\/it-it.facebook.com\/fracarro\/","article_modified_time":"2025-12-03T16:03:10+00:00","og_image":[{"width":1980,"height":1980,"url":"https:\/\/fracarro.com\/wp-content\/uploads\/onpage\/op_image_194151ece64e95c249f511a07b2e91766cac7106.1980x.webp","type":"image\/webp"}],"twitter_card":"summary_large_image","twitter_site":"@fracarrotweets","twitter_misc":{"Dur\u00e9e de lecture estim\u00e9e":"1 minute"},"schema":{"@context":"https:\/\/schema.org","@graph":[{"@type":"WebPage","@id":"https:\/\/fracarro.com\/fr\/product\/287546-hmodtv-lt-mini\/","url":"https:\/\/fracarro.com\/fr\/product\/287546-hmodtv-lt-mini\/","name":"HMODTV-LT MINI - Fracarro Radioindustrie SRL","isPartOf":{"@id":"https:\/\/fracarro.com\/fr\/#website"},"primaryImageOfPage":{"@id":"https:\/\/fracarro.com\/fr\/product\/287546-hmodtv-lt-mini\/#primaryimage"},"image":{"@id":"https:\/\/fracarro.com\/fr\/product\/287546-hmodtv-lt-mini\/#primaryimage"},"thumbnailUrl":"https:\/\/fracarro.com\/wp-content\/uploads\/onpage\/op_image_194151ece64e95c249f511a07b2e91766cac7106.1980x.webp","datePublished":"2023-06-12T12:54:29+00:00","dateModified":"2025-12-03T16:03:10+00:00","breadcrumb":{"@id":"https:\/\/fracarro.com\/fr\/product\/287546-hmodtv-lt-mini\/#breadcrumb"},"inLanguage":"fr-FR","potentialAction":[{"@type":"ReadAction","target":["https:\/\/fracarro.com\/fr\/product\/287546-hmodtv-lt-mini\/"]}]},{"@type":"ImageObject","inLanguage":"fr-FR","@id":"https:\/\/fracarro.com\/fr\/product\/287546-hmodtv-lt-mini\/#primaryimage","url":"https:\/\/fracarro.com\/wp-content\/uploads\/onpage\/op_image_194151ece64e95c249f511a07b2e91766cac7106.1980x.webp","contentUrl":"https:\/\/fracarro.com\/wp-content\/uploads\/onpage\/op_image_194151ece64e95c249f511a07b2e91766cac7106.1980x.webp","width":1980,"height":1980},{"@type":"BreadcrumbList","@id":"https:\/\/fracarro.com\/fr\/product\/287546-hmodtv-lt-mini\/#breadcrumb","itemListElement":[{"@type":"ListItem","position":1,"name":"Home","item":"https:\/\/fracarro.com\/fr\/"},{"@type":"ListItem","position":2,"name":"Solutions","item":"https:\/\/fracarro.com\/it\/solutions\/"},{"@type":"ListItem","position":3,"name":"HMODTV-LT MINI"}]},{"@type":"WebSite","@id":"https:\/\/fracarro.com\/fr\/#website","url":"https:\/\/fracarro.com\/fr\/","name":"Fracarro Radioindustrie SRL","description":"","publisher":{"@id":"https:\/\/fracarro.com\/fr\/#organization"},"potentialAction":[{"@type":"SearchAction","target":{"@type":"EntryPoint","urlTemplate":"https:\/\/fracarro.com\/fr\/?s={search_term_string}"},"query-input":{"@type":"PropertyValueSpecification","valueRequired":true,"valueName":"search_term_string"}}],"inLanguage":"fr-FR"},{"@type":"Organization","@id":"https:\/\/fracarro.com\/fr\/#organization","name":"Fracarro Radioindustrie SRL","url":"https:\/\/fracarro.com\/fr\/","logo":{"@type":"ImageObject","inLanguage":"fr-FR","@id":"https:\/\/fracarro.com\/fr\/#\/schema\/logo\/image\/","url":"https:\/\/fracarro.com\/wp-content\/uploads\/2020\/09\/Fracarro-logo530x67.png","contentUrl":"https:\/\/fracarro.com\/wp-content\/uploads\/2020\/09\/Fracarro-logo530x67.png","width":530,"height":67,"caption":"Fracarro Radioindustrie SRL"},"image":{"@id":"https:\/\/fracarro.com\/fr\/#\/schema\/logo\/image\/"},"sameAs":["https:\/\/it-it.facebook.com\/fracarro\/","https:\/\/x.com\/fracarrotweets","https:\/\/it.linkedin.com\/company\/fracarro-radioindustrie","https:\/\/www.instagram.com\/fracarroradioindustrie\/","https:\/\/www.youtube.com\/user\/FracarroOfficial?feature=watch"]}]}},"_links":{"self":[{"href":"https:\/\/fracarro.com\/fr\/wp-json\/wp\/v2\/product\/181680","targetHints":{"allow":["GET"]}}],"collection":[{"href":"https:\/\/fracarro.com\/fr\/wp-json\/wp\/v2\/product"}],"about":[{"href":"https:\/\/fracarro.com\/fr\/wp-json\/wp\/v2\/types\/product"}],"wp:featuredmedia":[{"embeddable":true,"href":"https:\/\/fracarro.com\/fr\/wp-json\/wp\/v2\/media\/98974"}],"wp:attachment":[{"href":"https:\/\/fracarro.com\/fr\/wp-json\/wp\/v2\/media?parent=181680"}],"wp:term":[{"taxonomy":"product_brand","embeddable":true,"href":"https:\/\/fracarro.com\/fr\/wp-json\/wp\/v2\/product_brand?post=181680"},{"taxonomy":"product_cat","embeddable":true,"href":"https:\/\/fracarro.com\/fr\/wp-json\/wp\/v2\/product_cat?post=181680"},{"taxonomy":"product_tag","embeddable":true,"href":"https:\/\/fracarro.com\/fr\/wp-json\/wp\/v2\/product_tag?post=181680"}],"curies":[{"name":"wp","href":"https:\/\/api.w.org\/{rel}","templated":true}]}}