{"id":181725,"date":"2023-06-12T12:54:30","date_gmt":"2023-06-12T12:54:30","guid":{"rendered":""},"modified":"2025-12-03T16:03:10","modified_gmt":"2025-12-03T16:03:10","slug":"270701-k-opt-pdm-m-fr","status":"publish","type":"product","link":"https:\/\/fracarro.com\/fr\/product\/270701-k-opt-pdm-m-fr\/","title":{"rendered":"K OPT-PDM-M FR"},"content":{"rendered":"<p>La gamme exclusive de r\u00e9cepteurs optiques miniaturis\u00e9s <strong>OPT-PDM<\/strong> exploite le potentiel offert par l&rsquo;infrastructure optique passive FTTH pour cr\u00e9er un syst\u00e8me de distribution TV-SAT (IF-IF) m\u00eame dans les syst\u00e8mes r\u00e9sidentiels de petite et moyenne taille.<\/p>\n<p>Les r\u00e9cepteurs optiques <strong>sont compl\u00e8tement passifs et aucune alimentation n&rsquo;est n\u00e9cessaire.<\/strong> La seule composante lumineuse disponible en sortie de l&rsquo;\u00e9metteur optique OPT-MBJ et transport\u00e9e par la fibre optique est suffisante pour faire fonctionner les r\u00e9cepteurs optiques et avoir le bon signal RF de la plus haute qualit\u00e9 sur le connecteur de sortie coaxial \u00e0 connecter au T\u00e9l\u00e9viseurs ou d\u00e9codeurs sat.<\/p>\n<p>(dimensions 47x33x15mm)<\/p>\n","protected":false},"excerpt":{"rendered":"<p>La gamme exclusive de r\u00e9cepteurs optiques miniaturis\u00e9s OPT-PDM exploite le potentiel offert par l&rsquo;infrastructure optique passive FTTH pour cr\u00e9er un syst\u00e8me de distribution TV-SAT (IF-IF) m\u00eame dans les syst\u00e8mes r\u00e9sidentiels de petite et moyenne taille. Les r\u00e9cepteurs optiques sont compl\u00e8tement passifs et aucune alimentation n&rsquo;est n\u00e9cessaire. La seule composante lumineuse disponible en sortie de l&rsquo;\u00e9metteur  [&#8230;]<\/p>\n","protected":false},"featured_media":192115,"template":"","meta":[],"product_brand":[],"product_cat":[52802],"product_tag":[],"class_list":{"0":"post-181725","1":"product","2":"type-product","3":"status-publish","4":"has-post-thumbnail","6":"product_cat-recepteurs-opt-pdm","8":"first","9":"instock","10":"shipping-taxable","11":"product-type-simple"},"yoast_head":"<!-- This site is optimized with the Yoast SEO Premium plugin v26.5 (Yoast SEO v26.7) - https:\/\/yoast.com\/wordpress\/plugins\/seo\/ -->\n<title>K OPT-PDM-M FR - Fracarro Radioindustrie SRL<\/title>\n<meta name=\"robots\" content=\"index, follow, max-snippet:-1, max-image-preview:large, max-video-preview:-1\" \/>\n<link rel=\"canonical\" href=\"https:\/\/fracarro.com\/fr\/product\/270701-k-opt-pdm-m-fr\/\" \/>\n<meta property=\"og:locale\" content=\"fr_FR\" \/>\n<meta property=\"og:type\" content=\"article\" \/>\n<meta property=\"og:title\" content=\"K OPT-PDM-M FR\" \/>\n<meta property=\"og:description\" content=\"La gamme exclusive de r\u00e9cepteurs optiques miniaturis\u00e9s OPT-PDM exploite le potentiel offert par l&rsquo;infrastructure optique passive FTTH pour cr\u00e9er un syst\u00e8me de distribution TV-SAT (IF-IF) m\u00eame dans les syst\u00e8mes r\u00e9sidentiels de petite et moyenne taille. Les r\u00e9cepteurs optiques sont compl\u00e8tement passifs et aucune alimentation n&rsquo;est n\u00e9cessaire. La seule composante lumineuse disponible en sortie de l&rsquo;\u00e9metteur [...]\" \/>\n<meta property=\"og:url\" content=\"https:\/\/fracarro.com\/fr\/product\/270701-k-opt-pdm-m-fr\/\" \/>\n<meta property=\"og:site_name\" content=\"Fracarro Radioindustrie SRL\" \/>\n<meta property=\"article:publisher\" content=\"https:\/\/it-it.facebook.com\/fracarro\/\" \/>\n<meta property=\"article:modified_time\" content=\"2025-12-03T16:03:10+00:00\" \/>\n<meta property=\"og:image\" content=\"https:\/\/fracarro.com\/wp-content\/uploads\/onpage\/op_image_11dd4eec529512cd2ab74f3bc609429267853004.1980x.webp\" \/>\n\t<meta property=\"og:image:width\" content=\"1980\" \/>\n\t<meta property=\"og:image:height\" content=\"1980\" \/>\n\t<meta property=\"og:image:type\" content=\"image\/webp\" \/>\n<meta name=\"twitter:card\" content=\"summary_large_image\" \/>\n<meta name=\"twitter:site\" content=\"@fracarrotweets\" \/>\n<meta name=\"twitter:label1\" content=\"Dur\u00e9e de lecture estim\u00e9e\" \/>\n\t<meta name=\"twitter:data1\" content=\"1 minute\" \/>\n<script type=\"application\/ld+json\" class=\"yoast-schema-graph\">{\"@context\":\"https:\/\/schema.org\",\"@graph\":[{\"@type\":\"WebPage\",\"@id\":\"https:\/\/fracarro.com\/fr\/product\/270701-k-opt-pdm-m-fr\/\",\"url\":\"https:\/\/fracarro.com\/fr\/product\/270701-k-opt-pdm-m-fr\/\",\"name\":\"K OPT-PDM-M FR - Fracarro Radioindustrie SRL\",\"isPartOf\":{\"@id\":\"https:\/\/fracarro.com\/fr\/#website\"},\"primaryImageOfPage\":{\"@id\":\"https:\/\/fracarro.com\/fr\/product\/270701-k-opt-pdm-m-fr\/#primaryimage\"},\"image\":{\"@id\":\"https:\/\/fracarro.com\/fr\/product\/270701-k-opt-pdm-m-fr\/#primaryimage\"},\"thumbnailUrl\":\"https:\/\/fracarro.com\/wp-content\/uploads\/onpage\/op_image_1925405234b14ac06fafbb2d13e78fba54313285.1980x.webp\",\"datePublished\":\"2023-06-12T12:54:30+00:00\",\"dateModified\":\"2025-12-03T16:03:10+00:00\",\"breadcrumb\":{\"@id\":\"https:\/\/fracarro.com\/fr\/product\/270701-k-opt-pdm-m-fr\/#breadcrumb\"},\"inLanguage\":\"fr-FR\",\"potentialAction\":[{\"@type\":\"ReadAction\",\"target\":[\"https:\/\/fracarro.com\/fr\/product\/270701-k-opt-pdm-m-fr\/\"]}]},{\"@type\":\"ImageObject\",\"inLanguage\":\"fr-FR\",\"@id\":\"https:\/\/fracarro.com\/fr\/product\/270701-k-opt-pdm-m-fr\/#primaryimage\",\"url\":\"https:\/\/fracarro.com\/wp-content\/uploads\/onpage\/op_image_1925405234b14ac06fafbb2d13e78fba54313285.1980x.webp\",\"contentUrl\":\"https:\/\/fracarro.com\/wp-content\/uploads\/onpage\/op_image_1925405234b14ac06fafbb2d13e78fba54313285.1980x.webp\",\"width\":1980,\"height\":1980},{\"@type\":\"BreadcrumbList\",\"@id\":\"https:\/\/fracarro.com\/fr\/product\/270701-k-opt-pdm-m-fr\/#breadcrumb\",\"itemListElement\":[{\"@type\":\"ListItem\",\"position\":1,\"name\":\"Home\",\"item\":\"https:\/\/fracarro.com\/fr\/\"},{\"@type\":\"ListItem\",\"position\":2,\"name\":\"Solutions\",\"item\":\"https:\/\/fracarro.com\/it\/solutions\/\"},{\"@type\":\"ListItem\",\"position\":3,\"name\":\"K OPT-PDM-M FR\"}]},{\"@type\":\"WebSite\",\"@id\":\"https:\/\/fracarro.com\/fr\/#website\",\"url\":\"https:\/\/fracarro.com\/fr\/\",\"name\":\"Fracarro Radioindustrie SRL\",\"description\":\"\",\"publisher\":{\"@id\":\"https:\/\/fracarro.com\/fr\/#organization\"},\"potentialAction\":[{\"@type\":\"SearchAction\",\"target\":{\"@type\":\"EntryPoint\",\"urlTemplate\":\"https:\/\/fracarro.com\/fr\/?s={search_term_string}\"},\"query-input\":{\"@type\":\"PropertyValueSpecification\",\"valueRequired\":true,\"valueName\":\"search_term_string\"}}],\"inLanguage\":\"fr-FR\"},{\"@type\":\"Organization\",\"@id\":\"https:\/\/fracarro.com\/fr\/#organization\",\"name\":\"Fracarro Radioindustrie SRL\",\"url\":\"https:\/\/fracarro.com\/fr\/\",\"logo\":{\"@type\":\"ImageObject\",\"inLanguage\":\"fr-FR\",\"@id\":\"https:\/\/fracarro.com\/fr\/#\/schema\/logo\/image\/\",\"url\":\"https:\/\/fracarro.com\/wp-content\/uploads\/2020\/09\/Fracarro-logo530x67.png\",\"contentUrl\":\"https:\/\/fracarro.com\/wp-content\/uploads\/2020\/09\/Fracarro-logo530x67.png\",\"width\":530,\"height\":67,\"caption\":\"Fracarro Radioindustrie SRL\"},\"image\":{\"@id\":\"https:\/\/fracarro.com\/fr\/#\/schema\/logo\/image\/\"},\"sameAs\":[\"https:\/\/it-it.facebook.com\/fracarro\/\",\"https:\/\/x.com\/fracarrotweets\",\"https:\/\/it.linkedin.com\/company\/fracarro-radioindustrie\",\"https:\/\/www.instagram.com\/fracarroradioindustrie\/\",\"https:\/\/www.youtube.com\/user\/FracarroOfficial?feature=watch\"]}]}<\/script>\n<!-- \/ Yoast SEO Premium plugin. -->","yoast_head_json":{"title":"K OPT-PDM-M FR - Fracarro Radioindustrie SRL","robots":{"index":"index","follow":"follow","max-snippet":"max-snippet:-1","max-image-preview":"max-image-preview:large","max-video-preview":"max-video-preview:-1"},"canonical":"https:\/\/fracarro.com\/fr\/product\/270701-k-opt-pdm-m-fr\/","og_locale":"fr_FR","og_type":"article","og_title":"K OPT-PDM-M FR","og_description":"La gamme exclusive de r\u00e9cepteurs optiques miniaturis\u00e9s OPT-PDM exploite le potentiel offert par l&rsquo;infrastructure optique passive FTTH pour cr\u00e9er un syst\u00e8me de distribution TV-SAT (IF-IF) m\u00eame dans les syst\u00e8mes r\u00e9sidentiels de petite et moyenne taille. Les r\u00e9cepteurs optiques sont compl\u00e8tement passifs et aucune alimentation n&rsquo;est n\u00e9cessaire. La seule composante lumineuse disponible en sortie de l&rsquo;\u00e9metteur [...]","og_url":"https:\/\/fracarro.com\/fr\/product\/270701-k-opt-pdm-m-fr\/","og_site_name":"Fracarro Radioindustrie SRL","article_publisher":"https:\/\/it-it.facebook.com\/fracarro\/","article_modified_time":"2025-12-03T16:03:10+00:00","og_image":[{"width":1980,"height":1980,"url":"https:\/\/fracarro.com\/wp-content\/uploads\/onpage\/op_image_11dd4eec529512cd2ab74f3bc609429267853004.1980x.webp","type":"image\/webp"}],"twitter_card":"summary_large_image","twitter_site":"@fracarrotweets","twitter_misc":{"Dur\u00e9e de lecture estim\u00e9e":"1 minute"},"schema":{"@context":"https:\/\/schema.org","@graph":[{"@type":"WebPage","@id":"https:\/\/fracarro.com\/fr\/product\/270701-k-opt-pdm-m-fr\/","url":"https:\/\/fracarro.com\/fr\/product\/270701-k-opt-pdm-m-fr\/","name":"K OPT-PDM-M FR - Fracarro Radioindustrie SRL","isPartOf":{"@id":"https:\/\/fracarro.com\/fr\/#website"},"primaryImageOfPage":{"@id":"https:\/\/fracarro.com\/fr\/product\/270701-k-opt-pdm-m-fr\/#primaryimage"},"image":{"@id":"https:\/\/fracarro.com\/fr\/product\/270701-k-opt-pdm-m-fr\/#primaryimage"},"thumbnailUrl":"https:\/\/fracarro.com\/wp-content\/uploads\/onpage\/op_image_1925405234b14ac06fafbb2d13e78fba54313285.1980x.webp","datePublished":"2023-06-12T12:54:30+00:00","dateModified":"2025-12-03T16:03:10+00:00","breadcrumb":{"@id":"https:\/\/fracarro.com\/fr\/product\/270701-k-opt-pdm-m-fr\/#breadcrumb"},"inLanguage":"fr-FR","potentialAction":[{"@type":"ReadAction","target":["https:\/\/fracarro.com\/fr\/product\/270701-k-opt-pdm-m-fr\/"]}]},{"@type":"ImageObject","inLanguage":"fr-FR","@id":"https:\/\/fracarro.com\/fr\/product\/270701-k-opt-pdm-m-fr\/#primaryimage","url":"https:\/\/fracarro.com\/wp-content\/uploads\/onpage\/op_image_1925405234b14ac06fafbb2d13e78fba54313285.1980x.webp","contentUrl":"https:\/\/fracarro.com\/wp-content\/uploads\/onpage\/op_image_1925405234b14ac06fafbb2d13e78fba54313285.1980x.webp","width":1980,"height":1980},{"@type":"BreadcrumbList","@id":"https:\/\/fracarro.com\/fr\/product\/270701-k-opt-pdm-m-fr\/#breadcrumb","itemListElement":[{"@type":"ListItem","position":1,"name":"Home","item":"https:\/\/fracarro.com\/fr\/"},{"@type":"ListItem","position":2,"name":"Solutions","item":"https:\/\/fracarro.com\/it\/solutions\/"},{"@type":"ListItem","position":3,"name":"K OPT-PDM-M FR"}]},{"@type":"WebSite","@id":"https:\/\/fracarro.com\/fr\/#website","url":"https:\/\/fracarro.com\/fr\/","name":"Fracarro Radioindustrie SRL","description":"","publisher":{"@id":"https:\/\/fracarro.com\/fr\/#organization"},"potentialAction":[{"@type":"SearchAction","target":{"@type":"EntryPoint","urlTemplate":"https:\/\/fracarro.com\/fr\/?s={search_term_string}"},"query-input":{"@type":"PropertyValueSpecification","valueRequired":true,"valueName":"search_term_string"}}],"inLanguage":"fr-FR"},{"@type":"Organization","@id":"https:\/\/fracarro.com\/fr\/#organization","name":"Fracarro Radioindustrie SRL","url":"https:\/\/fracarro.com\/fr\/","logo":{"@type":"ImageObject","inLanguage":"fr-FR","@id":"https:\/\/fracarro.com\/fr\/#\/schema\/logo\/image\/","url":"https:\/\/fracarro.com\/wp-content\/uploads\/2020\/09\/Fracarro-logo530x67.png","contentUrl":"https:\/\/fracarro.com\/wp-content\/uploads\/2020\/09\/Fracarro-logo530x67.png","width":530,"height":67,"caption":"Fracarro Radioindustrie SRL"},"image":{"@id":"https:\/\/fracarro.com\/fr\/#\/schema\/logo\/image\/"},"sameAs":["https:\/\/it-it.facebook.com\/fracarro\/","https:\/\/x.com\/fracarrotweets","https:\/\/it.linkedin.com\/company\/fracarro-radioindustrie","https:\/\/www.instagram.com\/fracarroradioindustrie\/","https:\/\/www.youtube.com\/user\/FracarroOfficial?feature=watch"]}]}},"_links":{"self":[{"href":"https:\/\/fracarro.com\/fr\/wp-json\/wp\/v2\/product\/181725","targetHints":{"allow":["GET"]}}],"collection":[{"href":"https:\/\/fracarro.com\/fr\/wp-json\/wp\/v2\/product"}],"about":[{"href":"https:\/\/fracarro.com\/fr\/wp-json\/wp\/v2\/types\/product"}],"wp:featuredmedia":[{"embeddable":true,"href":"https:\/\/fracarro.com\/fr\/wp-json\/wp\/v2\/media\/192115"}],"wp:attachment":[{"href":"https:\/\/fracarro.com\/fr\/wp-json\/wp\/v2\/media?parent=181725"}],"wp:term":[{"taxonomy":"product_brand","embeddable":true,"href":"https:\/\/fracarro.com\/fr\/wp-json\/wp\/v2\/product_brand?post=181725"},{"taxonomy":"product_cat","embeddable":true,"href":"https:\/\/fracarro.com\/fr\/wp-json\/wp\/v2\/product_cat?post=181725"},{"taxonomy":"product_tag","embeddable":true,"href":"https:\/\/fracarro.com\/fr\/wp-json\/wp\/v2\/product_tag?post=181725"}],"curies":[{"name":"wp","href":"https:\/\/api.w.org\/{rel}","templated":true}]}}