{"id":181770,"date":"2023-06-12T12:54:32","date_gmt":"2023-06-12T12:54:32","guid":{"rendered":""},"modified":"2025-12-03T16:03:10","modified_gmt":"2025-12-03T16:03:10","slug":"270662-opt-rx-4-micro","status":"publish","type":"product","link":"https:\/\/fracarro.com\/fr\/product\/270662-opt-rx-4-micro\/","title":{"rendered":"OPT RX 4 MICRO"},"content":{"rendered":"<p>Le r\u00e9cepteur OPT <strong>OPT-RX 4 MICRO<\/strong> convertit le signal d&rsquo;entr\u00e9e optique en un signal coaxial disponible sur les 4 polarit\u00e9s du satellite (VL, HL, VH, HH) et une sortie TV ind\u00e9pendante disponible sur le connecteur coaxial d\u00e9di\u00e9. Le r\u00e9cepteur peut \u00eatre aliment\u00e9 directement par les polarit\u00e9s de sortie. Le produit est \u00e9quip\u00e9 d&rsquo;une LED verte multifonctionnelle qui fournit \u00e0 l&rsquo;installateur diverses informations :<\/p>\n<ul>\n<li>Toujours allum\u00e9e : le produit est enti\u00e8rement fonctionnel.<\/li>\n<li>CLIGNOTEMENT RAPIDE : probl\u00e8me HW<\/li>\n<li>CLIGNOTEMENT LENT : niveau optique re\u00e7u en dehors de la plage de travail correcte.<\/li>\n<\/ul>\n","protected":false},"excerpt":{"rendered":"<p>Le r\u00e9cepteur OPT OPT-RX 4 MICRO convertit le signal d&rsquo;entr\u00e9e optique en un signal coaxial disponible sur les 4 polarit\u00e9s du satellite (VL, HL, VH, HH) et une sortie TV ind\u00e9pendante disponible sur le connecteur coaxial d\u00e9di\u00e9. Le r\u00e9cepteur peut \u00eatre aliment\u00e9 directement par les polarit\u00e9s de sortie. Le produit est \u00e9quip\u00e9 d&rsquo;une LED verte  [&#8230;]<\/p>\n","protected":false},"featured_media":99019,"template":"","meta":[],"product_brand":[],"product_cat":[52810],"product_tag":[],"class_list":{"0":"post-181770","1":"product","2":"type-product","3":"status-publish","4":"has-post-thumbnail","6":"product_cat-recepteurs-home-fibre","8":"first","9":"instock","10":"shipping-taxable","11":"product-type-simple"},"yoast_head":"<!-- This site is optimized with the Yoast SEO Premium plugin v26.5 (Yoast SEO v26.7) - https:\/\/yoast.com\/wordpress\/plugins\/seo\/ -->\n<title>OPT RX 4 MICRO - Fracarro Radioindustrie SRL<\/title>\n<meta name=\"robots\" content=\"index, follow, max-snippet:-1, max-image-preview:large, max-video-preview:-1\" \/>\n<link rel=\"canonical\" href=\"https:\/\/fracarro.com\/fr\/product\/270662-opt-rx-4-micro\/\" \/>\n<meta property=\"og:locale\" content=\"fr_FR\" \/>\n<meta property=\"og:type\" content=\"article\" \/>\n<meta property=\"og:title\" content=\"OPT RX 4 MICRO\" \/>\n<meta property=\"og:description\" content=\"Le r\u00e9cepteur OPT OPT-RX 4 MICRO convertit le signal d&rsquo;entr\u00e9e optique en un signal coaxial disponible sur les 4 polarit\u00e9s du satellite (VL, HL, VH, HH) et une sortie TV ind\u00e9pendante disponible sur le connecteur coaxial d\u00e9di\u00e9. Le r\u00e9cepteur peut \u00eatre aliment\u00e9 directement par les polarit\u00e9s de sortie. Le produit est \u00e9quip\u00e9 d&rsquo;une LED verte [...]\" \/>\n<meta property=\"og:url\" content=\"https:\/\/fracarro.com\/fr\/product\/270662-opt-rx-4-micro\/\" \/>\n<meta property=\"og:site_name\" content=\"Fracarro Radioindustrie SRL\" \/>\n<meta property=\"article:publisher\" content=\"https:\/\/it-it.facebook.com\/fracarro\/\" \/>\n<meta property=\"article:modified_time\" content=\"2025-12-03T16:03:10+00:00\" \/>\n<meta property=\"og:image\" content=\"https:\/\/fracarro.com\/wp-content\/uploads\/onpage\/op_image_5e41cf66c27c95df99c7a93ff616f0ab76a089af.1980x.webp\" \/>\n\t<meta property=\"og:image:width\" content=\"1980\" \/>\n\t<meta property=\"og:image:height\" content=\"1980\" \/>\n\t<meta property=\"og:image:type\" content=\"image\/webp\" \/>\n<meta name=\"twitter:card\" content=\"summary_large_image\" \/>\n<meta name=\"twitter:site\" content=\"@fracarrotweets\" \/>\n<script type=\"application\/ld+json\" class=\"yoast-schema-graph\">{\"@context\":\"https:\/\/schema.org\",\"@graph\":[{\"@type\":\"WebPage\",\"@id\":\"https:\/\/fracarro.com\/fr\/product\/270662-opt-rx-4-micro\/\",\"url\":\"https:\/\/fracarro.com\/fr\/product\/270662-opt-rx-4-micro\/\",\"name\":\"OPT RX 4 MICRO - Fracarro Radioindustrie SRL\",\"isPartOf\":{\"@id\":\"https:\/\/fracarro.com\/fr\/#website\"},\"primaryImageOfPage\":{\"@id\":\"https:\/\/fracarro.com\/fr\/product\/270662-opt-rx-4-micro\/#primaryimage\"},\"image\":{\"@id\":\"https:\/\/fracarro.com\/fr\/product\/270662-opt-rx-4-micro\/#primaryimage\"},\"thumbnailUrl\":\"https:\/\/fracarro.com\/wp-content\/uploads\/onpage\/op_image_5e41cf66c27c95df99c7a93ff616f0ab76a089af.1980x.webp\",\"datePublished\":\"2023-06-12T12:54:32+00:00\",\"dateModified\":\"2025-12-03T16:03:10+00:00\",\"breadcrumb\":{\"@id\":\"https:\/\/fracarro.com\/fr\/product\/270662-opt-rx-4-micro\/#breadcrumb\"},\"inLanguage\":\"fr-FR\",\"potentialAction\":[{\"@type\":\"ReadAction\",\"target\":[\"https:\/\/fracarro.com\/fr\/product\/270662-opt-rx-4-micro\/\"]}]},{\"@type\":\"ImageObject\",\"inLanguage\":\"fr-FR\",\"@id\":\"https:\/\/fracarro.com\/fr\/product\/270662-opt-rx-4-micro\/#primaryimage\",\"url\":\"https:\/\/fracarro.com\/wp-content\/uploads\/onpage\/op_image_5e41cf66c27c95df99c7a93ff616f0ab76a089af.1980x.webp\",\"contentUrl\":\"https:\/\/fracarro.com\/wp-content\/uploads\/onpage\/op_image_5e41cf66c27c95df99c7a93ff616f0ab76a089af.1980x.webp\",\"width\":1980,\"height\":1980},{\"@type\":\"BreadcrumbList\",\"@id\":\"https:\/\/fracarro.com\/fr\/product\/270662-opt-rx-4-micro\/#breadcrumb\",\"itemListElement\":[{\"@type\":\"ListItem\",\"position\":1,\"name\":\"Home\",\"item\":\"https:\/\/fracarro.com\/fr\/\"},{\"@type\":\"ListItem\",\"position\":2,\"name\":\"Solutions\",\"item\":\"https:\/\/fracarro.com\/it\/solutions\/\"},{\"@type\":\"ListItem\",\"position\":3,\"name\":\"OPT RX 4 MICRO\"}]},{\"@type\":\"WebSite\",\"@id\":\"https:\/\/fracarro.com\/fr\/#website\",\"url\":\"https:\/\/fracarro.com\/fr\/\",\"name\":\"Fracarro Radioindustrie SRL\",\"description\":\"\",\"publisher\":{\"@id\":\"https:\/\/fracarro.com\/fr\/#organization\"},\"potentialAction\":[{\"@type\":\"SearchAction\",\"target\":{\"@type\":\"EntryPoint\",\"urlTemplate\":\"https:\/\/fracarro.com\/fr\/?s={search_term_string}\"},\"query-input\":{\"@type\":\"PropertyValueSpecification\",\"valueRequired\":true,\"valueName\":\"search_term_string\"}}],\"inLanguage\":\"fr-FR\"},{\"@type\":\"Organization\",\"@id\":\"https:\/\/fracarro.com\/fr\/#organization\",\"name\":\"Fracarro Radioindustrie SRL\",\"url\":\"https:\/\/fracarro.com\/fr\/\",\"logo\":{\"@type\":\"ImageObject\",\"inLanguage\":\"fr-FR\",\"@id\":\"https:\/\/fracarro.com\/fr\/#\/schema\/logo\/image\/\",\"url\":\"https:\/\/fracarro.com\/wp-content\/uploads\/2020\/09\/Fracarro-logo530x67.png\",\"contentUrl\":\"https:\/\/fracarro.com\/wp-content\/uploads\/2020\/09\/Fracarro-logo530x67.png\",\"width\":530,\"height\":67,\"caption\":\"Fracarro Radioindustrie SRL\"},\"image\":{\"@id\":\"https:\/\/fracarro.com\/fr\/#\/schema\/logo\/image\/\"},\"sameAs\":[\"https:\/\/it-it.facebook.com\/fracarro\/\",\"https:\/\/x.com\/fracarrotweets\",\"https:\/\/it.linkedin.com\/company\/fracarro-radioindustrie\",\"https:\/\/www.instagram.com\/fracarroradioindustrie\/\",\"https:\/\/www.youtube.com\/user\/FracarroOfficial?feature=watch\"]}]}<\/script>\n<!-- \/ Yoast SEO Premium plugin. -->","yoast_head_json":{"title":"OPT RX 4 MICRO - Fracarro Radioindustrie SRL","robots":{"index":"index","follow":"follow","max-snippet":"max-snippet:-1","max-image-preview":"max-image-preview:large","max-video-preview":"max-video-preview:-1"},"canonical":"https:\/\/fracarro.com\/fr\/product\/270662-opt-rx-4-micro\/","og_locale":"fr_FR","og_type":"article","og_title":"OPT RX 4 MICRO","og_description":"Le r\u00e9cepteur OPT OPT-RX 4 MICRO convertit le signal d&rsquo;entr\u00e9e optique en un signal coaxial disponible sur les 4 polarit\u00e9s du satellite (VL, HL, VH, HH) et une sortie TV ind\u00e9pendante disponible sur le connecteur coaxial d\u00e9di\u00e9. Le r\u00e9cepteur peut \u00eatre aliment\u00e9 directement par les polarit\u00e9s de sortie. Le produit est \u00e9quip\u00e9 d&rsquo;une LED verte [...]","og_url":"https:\/\/fracarro.com\/fr\/product\/270662-opt-rx-4-micro\/","og_site_name":"Fracarro Radioindustrie SRL","article_publisher":"https:\/\/it-it.facebook.com\/fracarro\/","article_modified_time":"2025-12-03T16:03:10+00:00","og_image":[{"width":1980,"height":1980,"url":"https:\/\/fracarro.com\/wp-content\/uploads\/onpage\/op_image_5e41cf66c27c95df99c7a93ff616f0ab76a089af.1980x.webp","type":"image\/webp"}],"twitter_card":"summary_large_image","twitter_site":"@fracarrotweets","schema":{"@context":"https:\/\/schema.org","@graph":[{"@type":"WebPage","@id":"https:\/\/fracarro.com\/fr\/product\/270662-opt-rx-4-micro\/","url":"https:\/\/fracarro.com\/fr\/product\/270662-opt-rx-4-micro\/","name":"OPT RX 4 MICRO - Fracarro Radioindustrie SRL","isPartOf":{"@id":"https:\/\/fracarro.com\/fr\/#website"},"primaryImageOfPage":{"@id":"https:\/\/fracarro.com\/fr\/product\/270662-opt-rx-4-micro\/#primaryimage"},"image":{"@id":"https:\/\/fracarro.com\/fr\/product\/270662-opt-rx-4-micro\/#primaryimage"},"thumbnailUrl":"https:\/\/fracarro.com\/wp-content\/uploads\/onpage\/op_image_5e41cf66c27c95df99c7a93ff616f0ab76a089af.1980x.webp","datePublished":"2023-06-12T12:54:32+00:00","dateModified":"2025-12-03T16:03:10+00:00","breadcrumb":{"@id":"https:\/\/fracarro.com\/fr\/product\/270662-opt-rx-4-micro\/#breadcrumb"},"inLanguage":"fr-FR","potentialAction":[{"@type":"ReadAction","target":["https:\/\/fracarro.com\/fr\/product\/270662-opt-rx-4-micro\/"]}]},{"@type":"ImageObject","inLanguage":"fr-FR","@id":"https:\/\/fracarro.com\/fr\/product\/270662-opt-rx-4-micro\/#primaryimage","url":"https:\/\/fracarro.com\/wp-content\/uploads\/onpage\/op_image_5e41cf66c27c95df99c7a93ff616f0ab76a089af.1980x.webp","contentUrl":"https:\/\/fracarro.com\/wp-content\/uploads\/onpage\/op_image_5e41cf66c27c95df99c7a93ff616f0ab76a089af.1980x.webp","width":1980,"height":1980},{"@type":"BreadcrumbList","@id":"https:\/\/fracarro.com\/fr\/product\/270662-opt-rx-4-micro\/#breadcrumb","itemListElement":[{"@type":"ListItem","position":1,"name":"Home","item":"https:\/\/fracarro.com\/fr\/"},{"@type":"ListItem","position":2,"name":"Solutions","item":"https:\/\/fracarro.com\/it\/solutions\/"},{"@type":"ListItem","position":3,"name":"OPT RX 4 MICRO"}]},{"@type":"WebSite","@id":"https:\/\/fracarro.com\/fr\/#website","url":"https:\/\/fracarro.com\/fr\/","name":"Fracarro Radioindustrie SRL","description":"","publisher":{"@id":"https:\/\/fracarro.com\/fr\/#organization"},"potentialAction":[{"@type":"SearchAction","target":{"@type":"EntryPoint","urlTemplate":"https:\/\/fracarro.com\/fr\/?s={search_term_string}"},"query-input":{"@type":"PropertyValueSpecification","valueRequired":true,"valueName":"search_term_string"}}],"inLanguage":"fr-FR"},{"@type":"Organization","@id":"https:\/\/fracarro.com\/fr\/#organization","name":"Fracarro Radioindustrie SRL","url":"https:\/\/fracarro.com\/fr\/","logo":{"@type":"ImageObject","inLanguage":"fr-FR","@id":"https:\/\/fracarro.com\/fr\/#\/schema\/logo\/image\/","url":"https:\/\/fracarro.com\/wp-content\/uploads\/2020\/09\/Fracarro-logo530x67.png","contentUrl":"https:\/\/fracarro.com\/wp-content\/uploads\/2020\/09\/Fracarro-logo530x67.png","width":530,"height":67,"caption":"Fracarro Radioindustrie SRL"},"image":{"@id":"https:\/\/fracarro.com\/fr\/#\/schema\/logo\/image\/"},"sameAs":["https:\/\/it-it.facebook.com\/fracarro\/","https:\/\/x.com\/fracarrotweets","https:\/\/it.linkedin.com\/company\/fracarro-radioindustrie","https:\/\/www.instagram.com\/fracarroradioindustrie\/","https:\/\/www.youtube.com\/user\/FracarroOfficial?feature=watch"]}]}},"_links":{"self":[{"href":"https:\/\/fracarro.com\/fr\/wp-json\/wp\/v2\/product\/181770","targetHints":{"allow":["GET"]}}],"collection":[{"href":"https:\/\/fracarro.com\/fr\/wp-json\/wp\/v2\/product"}],"about":[{"href":"https:\/\/fracarro.com\/fr\/wp-json\/wp\/v2\/types\/product"}],"wp:featuredmedia":[{"embeddable":true,"href":"https:\/\/fracarro.com\/fr\/wp-json\/wp\/v2\/media\/99019"}],"wp:attachment":[{"href":"https:\/\/fracarro.com\/fr\/wp-json\/wp\/v2\/media?parent=181770"}],"wp:term":[{"taxonomy":"product_brand","embeddable":true,"href":"https:\/\/fracarro.com\/fr\/wp-json\/wp\/v2\/product_brand?post=181770"},{"taxonomy":"product_cat","embeddable":true,"href":"https:\/\/fracarro.com\/fr\/wp-json\/wp\/v2\/product_cat?post=181770"},{"taxonomy":"product_tag","embeddable":true,"href":"https:\/\/fracarro.com\/fr\/wp-json\/wp\/v2\/product_tag?post=181770"}],"curies":[{"name":"wp","href":"https:\/\/api.w.org\/{rel}","templated":true}]}}