{"id":183070,"date":"2023-06-12T12:55:27","date_gmt":"2023-06-12T12:55:27","guid":{"rendered":""},"modified":"2025-12-03T16:03:10","modified_gmt":"2025-12-03T16:03:10","slug":"910377-defender-24","status":"publish","type":"product","link":"https:\/\/fracarro.com\/fr\/product\/910377-defender-24\/","title":{"rendered":"DEFENDER 24"},"content":{"rendered":"<p>Defender 24 est une centrale avec accessoires enti\u00e8rement sur le bus, t\u00e9l\u00e9g\u00e9rable, pour des syst\u00e8mes de d\u00e9tection d&rsquo;intrusion \u00e0 8 lignes extensibles \u00e0 24 avec ou sans fil, librement programmables. La centrale Defender 24 est \u00e9quip\u00e9e d&rsquo;un fond arri\u00e8re enti\u00e8rement redessin\u00e9 o\u00f9 est log\u00e9e la nouvelle alimentation \u00e0 d\u00e9coupage de 2,4 Amp\u00e8res pour pouvoir g\u00e9rer de nombreux modules BUS et dispositifs de d\u00e9tection sans l&rsquo;ajout d&rsquo;alimentations externes. Le nouveau design permet \u00e9galement d&rsquo;ins\u00e9rer \u00e0 l&rsquo;int\u00e9rieur du conteneur de la centrale deux modules auxiliaires tels que le composeur t\u00e9l\u00e9phonique CT-BUS GSM MINI (cod. 910372) et l&rsquo;interface LAN MOD-LAN EVO (cod. 910367) ou l&rsquo;interface radio filaire MOD-WL16 (cod. 910413) pour cr\u00e9er des syst\u00e8mes hybrides de petite ou moyenne taille sans avoir \u00e0 ajouter des conteneurs externes. Defender 24 est facile et polyvalent \u00e0 programmer via le clavier T8N et il est possible de choisir entre le mode SIMPLE (actif par d\u00e9faut) et le mode AVANC\u00c9 (menu activ\u00e9 \u00e0 partir du clavier) pour personnaliser davantage le syst\u00e8me ; la centrale peut \u00e9galement \u00eatre enti\u00e8rement configur\u00e9e \u00e0 partir d&rsquo;un PC, en utilisant le programme gratuit PROGRAMMER SICUREZZA et l&rsquo;interface MOD-USB (code 910311). Gestion de la centrale avec les modules optionnels La gestion locale de la centrale peut se faire au moyen du clavier alphanum\u00e9rique avec \u00e9cran LCD T8N (code 910306) et des cl\u00e9s \u00e9lectroniques avec technologie RFID (CH-BUS UNI KIT code 911034) ; la gestion \u00e0 distance, en revanche, est possible par appel vocal et SMS avec l&rsquo;ajout du composeur GSM CT-BUS GSM MINI (code 910372) et au moyen de l&rsquo;application gratuite iDefender+ APP en installant le MOD-LAN EVO (code 910367).<\/p>\n","protected":false},"excerpt":{"rendered":"<p>Defender 24 est une centrale avec accessoires enti\u00e8rement sur le bus, t\u00e9l\u00e9g\u00e9rable, pour des syst\u00e8mes de d\u00e9tection d&rsquo;intrusion \u00e0 8 lignes extensibles \u00e0 24 avec ou sans fil, librement programmables. La centrale Defender 24 est \u00e9quip\u00e9e d&rsquo;un fond arri\u00e8re enti\u00e8rement redessin\u00e9 o\u00f9 est log\u00e9e la nouvelle alimentation \u00e0 d\u00e9coupage de 2,4 Amp\u00e8res pour pouvoir g\u00e9rer  [&#8230;]<\/p>\n","protected":false},"featured_media":110280,"template":"","meta":[],"product_brand":[],"product_cat":[53058],"product_tag":[],"class_list":{"0":"post-183070","1":"product","2":"type-product","3":"status-publish","4":"has-post-thumbnail","6":"product_cat-ser-centrales-filaires","8":"first","9":"instock","10":"shipping-taxable","11":"product-type-simple"},"yoast_head":"<!-- This site is optimized with the Yoast SEO Premium plugin v26.5 (Yoast SEO v26.7) - https:\/\/yoast.com\/wordpress\/plugins\/seo\/ -->\n<title>DEFENDER 24 - Fracarro Radioindustrie SRL<\/title>\n<meta name=\"robots\" content=\"index, follow, max-snippet:-1, max-image-preview:large, max-video-preview:-1\" \/>\n<link rel=\"canonical\" href=\"https:\/\/fracarro.com\/fr\/product\/910377-defender-24\/\" \/>\n<meta property=\"og:locale\" content=\"fr_FR\" \/>\n<meta property=\"og:type\" content=\"article\" \/>\n<meta property=\"og:title\" content=\"DEFENDER 24\" \/>\n<meta property=\"og:description\" content=\"Defender 24 est une centrale avec accessoires enti\u00e8rement sur le bus, t\u00e9l\u00e9g\u00e9rable, pour des syst\u00e8mes de d\u00e9tection d&rsquo;intrusion \u00e0 8 lignes extensibles \u00e0 24 avec ou sans fil, librement programmables. La centrale Defender 24 est \u00e9quip\u00e9e d&rsquo;un fond arri\u00e8re enti\u00e8rement redessin\u00e9 o\u00f9 est log\u00e9e la nouvelle alimentation \u00e0 d\u00e9coupage de 2,4 Amp\u00e8res pour pouvoir g\u00e9rer [...]\" \/>\n<meta property=\"og:url\" content=\"https:\/\/fracarro.com\/fr\/product\/910377-defender-24\/\" \/>\n<meta property=\"og:site_name\" content=\"Fracarro Radioindustrie SRL\" \/>\n<meta property=\"article:publisher\" content=\"https:\/\/it-it.facebook.com\/fracarro\/\" \/>\n<meta property=\"article:modified_time\" content=\"2025-12-03T16:03:10+00:00\" \/>\n<meta property=\"og:image\" content=\"https:\/\/fracarro.com\/wp-content\/uploads\/onpage\/op_image_5e66b395d0b7ac3d000933392bec0e23a0d4a3d7.1980x.webp\" \/>\n\t<meta property=\"og:image:width\" content=\"1980\" \/>\n\t<meta property=\"og:image:height\" content=\"1980\" \/>\n\t<meta property=\"og:image:type\" content=\"image\/webp\" \/>\n<meta name=\"twitter:card\" content=\"summary_large_image\" \/>\n<meta name=\"twitter:site\" content=\"@fracarrotweets\" \/>\n<meta name=\"twitter:label1\" content=\"Dur\u00e9e de lecture estim\u00e9e\" \/>\n\t<meta name=\"twitter:data1\" content=\"1 minute\" \/>\n<script type=\"application\/ld+json\" class=\"yoast-schema-graph\">{\"@context\":\"https:\/\/schema.org\",\"@graph\":[{\"@type\":\"WebPage\",\"@id\":\"https:\/\/fracarro.com\/fr\/product\/910377-defender-24\/\",\"url\":\"https:\/\/fracarro.com\/fr\/product\/910377-defender-24\/\",\"name\":\"DEFENDER 24 - Fracarro Radioindustrie SRL\",\"isPartOf\":{\"@id\":\"https:\/\/fracarro.com\/fr\/#website\"},\"primaryImageOfPage\":{\"@id\":\"https:\/\/fracarro.com\/fr\/product\/910377-defender-24\/#primaryimage\"},\"image\":{\"@id\":\"https:\/\/fracarro.com\/fr\/product\/910377-defender-24\/#primaryimage\"},\"thumbnailUrl\":\"https:\/\/fracarro.com\/wp-content\/uploads\/onpage\/op_image_5e66b395d0b7ac3d000933392bec0e23a0d4a3d7.1980x.webp\",\"datePublished\":\"2023-06-12T12:55:27+00:00\",\"dateModified\":\"2025-12-03T16:03:10+00:00\",\"breadcrumb\":{\"@id\":\"https:\/\/fracarro.com\/fr\/product\/910377-defender-24\/#breadcrumb\"},\"inLanguage\":\"fr-FR\",\"potentialAction\":[{\"@type\":\"ReadAction\",\"target\":[\"https:\/\/fracarro.com\/fr\/product\/910377-defender-24\/\"]}]},{\"@type\":\"ImageObject\",\"inLanguage\":\"fr-FR\",\"@id\":\"https:\/\/fracarro.com\/fr\/product\/910377-defender-24\/#primaryimage\",\"url\":\"https:\/\/fracarro.com\/wp-content\/uploads\/onpage\/op_image_5e66b395d0b7ac3d000933392bec0e23a0d4a3d7.1980x.webp\",\"contentUrl\":\"https:\/\/fracarro.com\/wp-content\/uploads\/onpage\/op_image_5e66b395d0b7ac3d000933392bec0e23a0d4a3d7.1980x.webp\",\"width\":1980,\"height\":1980},{\"@type\":\"BreadcrumbList\",\"@id\":\"https:\/\/fracarro.com\/fr\/product\/910377-defender-24\/#breadcrumb\",\"itemListElement\":[{\"@type\":\"ListItem\",\"position\":1,\"name\":\"Home\",\"item\":\"https:\/\/fracarro.com\/fr\/\"},{\"@type\":\"ListItem\",\"position\":2,\"name\":\"Solutions\",\"item\":\"https:\/\/fracarro.com\/it\/solutions\/\"},{\"@type\":\"ListItem\",\"position\":3,\"name\":\"DEFENDER 24\"}]},{\"@type\":\"WebSite\",\"@id\":\"https:\/\/fracarro.com\/fr\/#website\",\"url\":\"https:\/\/fracarro.com\/fr\/\",\"name\":\"Fracarro Radioindustrie SRL\",\"description\":\"\",\"publisher\":{\"@id\":\"https:\/\/fracarro.com\/fr\/#organization\"},\"potentialAction\":[{\"@type\":\"SearchAction\",\"target\":{\"@type\":\"EntryPoint\",\"urlTemplate\":\"https:\/\/fracarro.com\/fr\/?s={search_term_string}\"},\"query-input\":{\"@type\":\"PropertyValueSpecification\",\"valueRequired\":true,\"valueName\":\"search_term_string\"}}],\"inLanguage\":\"fr-FR\"},{\"@type\":\"Organization\",\"@id\":\"https:\/\/fracarro.com\/fr\/#organization\",\"name\":\"Fracarro Radioindustrie SRL\",\"url\":\"https:\/\/fracarro.com\/fr\/\",\"logo\":{\"@type\":\"ImageObject\",\"inLanguage\":\"fr-FR\",\"@id\":\"https:\/\/fracarro.com\/fr\/#\/schema\/logo\/image\/\",\"url\":\"https:\/\/fracarro.com\/wp-content\/uploads\/2020\/09\/Fracarro-logo530x67.png\",\"contentUrl\":\"https:\/\/fracarro.com\/wp-content\/uploads\/2020\/09\/Fracarro-logo530x67.png\",\"width\":530,\"height\":67,\"caption\":\"Fracarro Radioindustrie SRL\"},\"image\":{\"@id\":\"https:\/\/fracarro.com\/fr\/#\/schema\/logo\/image\/\"},\"sameAs\":[\"https:\/\/it-it.facebook.com\/fracarro\/\",\"https:\/\/x.com\/fracarrotweets\",\"https:\/\/it.linkedin.com\/company\/fracarro-radioindustrie\",\"https:\/\/www.instagram.com\/fracarroradioindustrie\/\",\"https:\/\/www.youtube.com\/user\/FracarroOfficial?feature=watch\"]}]}<\/script>\n<!-- \/ Yoast SEO Premium plugin. -->","yoast_head_json":{"title":"DEFENDER 24 - Fracarro Radioindustrie SRL","robots":{"index":"index","follow":"follow","max-snippet":"max-snippet:-1","max-image-preview":"max-image-preview:large","max-video-preview":"max-video-preview:-1"},"canonical":"https:\/\/fracarro.com\/fr\/product\/910377-defender-24\/","og_locale":"fr_FR","og_type":"article","og_title":"DEFENDER 24","og_description":"Defender 24 est une centrale avec accessoires enti\u00e8rement sur le bus, t\u00e9l\u00e9g\u00e9rable, pour des syst\u00e8mes de d\u00e9tection d&rsquo;intrusion \u00e0 8 lignes extensibles \u00e0 24 avec ou sans fil, librement programmables. La centrale Defender 24 est \u00e9quip\u00e9e d&rsquo;un fond arri\u00e8re enti\u00e8rement redessin\u00e9 o\u00f9 est log\u00e9e la nouvelle alimentation \u00e0 d\u00e9coupage de 2,4 Amp\u00e8res pour pouvoir g\u00e9rer [...]","og_url":"https:\/\/fracarro.com\/fr\/product\/910377-defender-24\/","og_site_name":"Fracarro Radioindustrie SRL","article_publisher":"https:\/\/it-it.facebook.com\/fracarro\/","article_modified_time":"2025-12-03T16:03:10+00:00","og_image":[{"width":1980,"height":1980,"url":"https:\/\/fracarro.com\/wp-content\/uploads\/onpage\/op_image_5e66b395d0b7ac3d000933392bec0e23a0d4a3d7.1980x.webp","type":"image\/webp"}],"twitter_card":"summary_large_image","twitter_site":"@fracarrotweets","twitter_misc":{"Dur\u00e9e de lecture estim\u00e9e":"1 minute"},"schema":{"@context":"https:\/\/schema.org","@graph":[{"@type":"WebPage","@id":"https:\/\/fracarro.com\/fr\/product\/910377-defender-24\/","url":"https:\/\/fracarro.com\/fr\/product\/910377-defender-24\/","name":"DEFENDER 24 - Fracarro Radioindustrie SRL","isPartOf":{"@id":"https:\/\/fracarro.com\/fr\/#website"},"primaryImageOfPage":{"@id":"https:\/\/fracarro.com\/fr\/product\/910377-defender-24\/#primaryimage"},"image":{"@id":"https:\/\/fracarro.com\/fr\/product\/910377-defender-24\/#primaryimage"},"thumbnailUrl":"https:\/\/fracarro.com\/wp-content\/uploads\/onpage\/op_image_5e66b395d0b7ac3d000933392bec0e23a0d4a3d7.1980x.webp","datePublished":"2023-06-12T12:55:27+00:00","dateModified":"2025-12-03T16:03:10+00:00","breadcrumb":{"@id":"https:\/\/fracarro.com\/fr\/product\/910377-defender-24\/#breadcrumb"},"inLanguage":"fr-FR","potentialAction":[{"@type":"ReadAction","target":["https:\/\/fracarro.com\/fr\/product\/910377-defender-24\/"]}]},{"@type":"ImageObject","inLanguage":"fr-FR","@id":"https:\/\/fracarro.com\/fr\/product\/910377-defender-24\/#primaryimage","url":"https:\/\/fracarro.com\/wp-content\/uploads\/onpage\/op_image_5e66b395d0b7ac3d000933392bec0e23a0d4a3d7.1980x.webp","contentUrl":"https:\/\/fracarro.com\/wp-content\/uploads\/onpage\/op_image_5e66b395d0b7ac3d000933392bec0e23a0d4a3d7.1980x.webp","width":1980,"height":1980},{"@type":"BreadcrumbList","@id":"https:\/\/fracarro.com\/fr\/product\/910377-defender-24\/#breadcrumb","itemListElement":[{"@type":"ListItem","position":1,"name":"Home","item":"https:\/\/fracarro.com\/fr\/"},{"@type":"ListItem","position":2,"name":"Solutions","item":"https:\/\/fracarro.com\/it\/solutions\/"},{"@type":"ListItem","position":3,"name":"DEFENDER 24"}]},{"@type":"WebSite","@id":"https:\/\/fracarro.com\/fr\/#website","url":"https:\/\/fracarro.com\/fr\/","name":"Fracarro Radioindustrie SRL","description":"","publisher":{"@id":"https:\/\/fracarro.com\/fr\/#organization"},"potentialAction":[{"@type":"SearchAction","target":{"@type":"EntryPoint","urlTemplate":"https:\/\/fracarro.com\/fr\/?s={search_term_string}"},"query-input":{"@type":"PropertyValueSpecification","valueRequired":true,"valueName":"search_term_string"}}],"inLanguage":"fr-FR"},{"@type":"Organization","@id":"https:\/\/fracarro.com\/fr\/#organization","name":"Fracarro Radioindustrie SRL","url":"https:\/\/fracarro.com\/fr\/","logo":{"@type":"ImageObject","inLanguage":"fr-FR","@id":"https:\/\/fracarro.com\/fr\/#\/schema\/logo\/image\/","url":"https:\/\/fracarro.com\/wp-content\/uploads\/2020\/09\/Fracarro-logo530x67.png","contentUrl":"https:\/\/fracarro.com\/wp-content\/uploads\/2020\/09\/Fracarro-logo530x67.png","width":530,"height":67,"caption":"Fracarro Radioindustrie SRL"},"image":{"@id":"https:\/\/fracarro.com\/fr\/#\/schema\/logo\/image\/"},"sameAs":["https:\/\/it-it.facebook.com\/fracarro\/","https:\/\/x.com\/fracarrotweets","https:\/\/it.linkedin.com\/company\/fracarro-radioindustrie","https:\/\/www.instagram.com\/fracarroradioindustrie\/","https:\/\/www.youtube.com\/user\/FracarroOfficial?feature=watch"]}]}},"_links":{"self":[{"href":"https:\/\/fracarro.com\/fr\/wp-json\/wp\/v2\/product\/183070","targetHints":{"allow":["GET"]}}],"collection":[{"href":"https:\/\/fracarro.com\/fr\/wp-json\/wp\/v2\/product"}],"about":[{"href":"https:\/\/fracarro.com\/fr\/wp-json\/wp\/v2\/types\/product"}],"wp:featuredmedia":[{"embeddable":true,"href":"https:\/\/fracarro.com\/fr\/wp-json\/wp\/v2\/media\/110280"}],"wp:attachment":[{"href":"https:\/\/fracarro.com\/fr\/wp-json\/wp\/v2\/media?parent=183070"}],"wp:term":[{"taxonomy":"product_brand","embeddable":true,"href":"https:\/\/fracarro.com\/fr\/wp-json\/wp\/v2\/product_brand?post=183070"},{"taxonomy":"product_cat","embeddable":true,"href":"https:\/\/fracarro.com\/fr\/wp-json\/wp\/v2\/product_cat?post=183070"},{"taxonomy":"product_tag","embeddable":true,"href":"https:\/\/fracarro.com\/fr\/wp-json\/wp\/v2\/product_tag?post=183070"}],"curies":[{"name":"wp","href":"https:\/\/api.w.org\/{rel}","templated":true}]}}