{"id":183080,"date":"2023-06-12T12:55:27","date_gmt":"2023-06-12T12:55:27","guid":{"rendered":""},"modified":"2025-12-03T16:03:10","modified_gmt":"2025-12-03T16:03:10","slug":"910315-defender-64m","status":"publish","type":"product","link":"https:\/\/fracarro.com\/fr\/product\/910315-defender-64m\/","title":{"rendered":"DEFENDER 64M"},"content":{"rendered":"<p>Centrale avec accessoires enti\u00e8rement sur le bus, t\u00e9l\u00e9g\u00e9rable, pour syst\u00e8mes d&rsquo;alarme anti-intrusion avec 8 lignes extensibles \u00e0 64, librement programmables. Le Defender 64 peut g\u00e9rer jusqu&rsquo;\u00e0 12 partitions et interfacer jusqu&rsquo;\u00e0 64 cl\u00e9s \u00e9lectroniques pour l&rsquo;activation des partitions associ\u00e9es. Il convient aux syst\u00e8mes de protection contre les intrusions de taille moyenne \u00e0 grande. Defender 64 est g\u00e9r\u00e9 par des cl\u00e9s \u00e9lectroniques avec technologie RFID, un clavier T8N avec \u00e9cran LCD, par GSM (SMS ou appels), par ligne t\u00e9l\u00e9phonique, par internet avec l&rsquo;application iDefender+ APP pour Android et iOS (via une extension LAN). Il est facile et polyvalent de le configurer via le clavier T8N ou via un PC (localement). Defender 64 permet de loger directement \u00e0 l&rsquo;int\u00e9rieur des composeurs t\u00e9l\u00e9phoniques num\u00e9riques sur bus PSTN et GSM, ou une extension LAN. Outre les fonctions anti-intrusion, il g\u00e8re \u00e9galement des fonctions domotiques avanc\u00e9es, en combinant la programmation de sorties avec des actions sp\u00e9cifiques ou avec le programmateur horaire optionnel. Defender 64 est \u00e9galement disponible dans un bo\u00eetier m\u00e9tallique avec une alimentation de 3,5 A et une batterie allouable de 18 Ah (Defender 64M, code 910315 ).<\/p>\n","protected":false},"excerpt":{"rendered":"<p>Centrale avec accessoires enti\u00e8rement sur le bus, t\u00e9l\u00e9g\u00e9rable, pour syst\u00e8mes d&rsquo;alarme anti-intrusion avec 8 lignes extensibles \u00e0 64, librement programmables. Le Defender 64 peut g\u00e9rer jusqu&rsquo;\u00e0 12 partitions et interfacer jusqu&rsquo;\u00e0 64 cl\u00e9s \u00e9lectroniques pour l&rsquo;activation des partitions associ\u00e9es. Il convient aux syst\u00e8mes de protection contre les intrusions de taille moyenne \u00e0 grande. Defender 64  [&#8230;]<\/p>\n","protected":false},"featured_media":110286,"template":"","meta":[],"product_brand":[],"product_cat":[53058],"product_tag":[],"class_list":{"0":"post-183080","1":"product","2":"type-product","3":"status-publish","4":"has-post-thumbnail","6":"product_cat-ser-centrales-filaires","8":"first","9":"instock","10":"shipping-taxable","11":"product-type-simple"},"yoast_head":"<!-- This site is optimized with the Yoast SEO Premium plugin v26.5 (Yoast SEO v26.7) - https:\/\/yoast.com\/wordpress\/plugins\/seo\/ -->\n<title>DEFENDER 64M - Fracarro Radioindustrie SRL<\/title>\n<meta name=\"robots\" content=\"index, follow, max-snippet:-1, max-image-preview:large, max-video-preview:-1\" \/>\n<link rel=\"canonical\" href=\"https:\/\/fracarro.com\/fr\/product\/910315-defender-64m\/\" \/>\n<meta property=\"og:locale\" content=\"fr_FR\" \/>\n<meta property=\"og:type\" content=\"article\" \/>\n<meta property=\"og:title\" content=\"DEFENDER 64M\" \/>\n<meta property=\"og:description\" content=\"Centrale avec accessoires enti\u00e8rement sur le bus, t\u00e9l\u00e9g\u00e9rable, pour syst\u00e8mes d&rsquo;alarme anti-intrusion avec 8 lignes extensibles \u00e0 64, librement programmables. Le Defender 64 peut g\u00e9rer jusqu&rsquo;\u00e0 12 partitions et interfacer jusqu&rsquo;\u00e0 64 cl\u00e9s \u00e9lectroniques pour l&rsquo;activation des partitions associ\u00e9es. Il convient aux syst\u00e8mes de protection contre les intrusions de taille moyenne \u00e0 grande. Defender 64 [...]\" \/>\n<meta property=\"og:url\" content=\"https:\/\/fracarro.com\/fr\/product\/910315-defender-64m\/\" \/>\n<meta property=\"og:site_name\" content=\"Fracarro Radioindustrie SRL\" \/>\n<meta property=\"article:publisher\" content=\"https:\/\/it-it.facebook.com\/fracarro\/\" \/>\n<meta property=\"article:modified_time\" content=\"2025-12-03T16:03:10+00:00\" \/>\n<meta property=\"og:image\" content=\"https:\/\/fracarro.com\/wp-content\/uploads\/onpage\/op_image_ec202983f46098ec9dd6932e044d5a40d4eecec6.1980x.webp\" \/>\n\t<meta property=\"og:image:width\" content=\"1980\" \/>\n\t<meta property=\"og:image:height\" content=\"1980\" \/>\n\t<meta property=\"og:image:type\" content=\"image\/webp\" \/>\n<meta name=\"twitter:card\" content=\"summary_large_image\" \/>\n<meta name=\"twitter:site\" content=\"@fracarrotweets\" \/>\n<meta name=\"twitter:label1\" content=\"Dur\u00e9e de lecture estim\u00e9e\" \/>\n\t<meta name=\"twitter:data1\" content=\"1 minute\" \/>\n<script type=\"application\/ld+json\" class=\"yoast-schema-graph\">{\"@context\":\"https:\/\/schema.org\",\"@graph\":[{\"@type\":\"WebPage\",\"@id\":\"https:\/\/fracarro.com\/fr\/product\/910315-defender-64m\/\",\"url\":\"https:\/\/fracarro.com\/fr\/product\/910315-defender-64m\/\",\"name\":\"DEFENDER 64M - Fracarro Radioindustrie SRL\",\"isPartOf\":{\"@id\":\"https:\/\/fracarro.com\/fr\/#website\"},\"primaryImageOfPage\":{\"@id\":\"https:\/\/fracarro.com\/fr\/product\/910315-defender-64m\/#primaryimage\"},\"image\":{\"@id\":\"https:\/\/fracarro.com\/fr\/product\/910315-defender-64m\/#primaryimage\"},\"thumbnailUrl\":\"https:\/\/fracarro.com\/wp-content\/uploads\/onpage\/op_image_ec202983f46098ec9dd6932e044d5a40d4eecec6.1980x.webp\",\"datePublished\":\"2023-06-12T12:55:27+00:00\",\"dateModified\":\"2025-12-03T16:03:10+00:00\",\"breadcrumb\":{\"@id\":\"https:\/\/fracarro.com\/fr\/product\/910315-defender-64m\/#breadcrumb\"},\"inLanguage\":\"fr-FR\",\"potentialAction\":[{\"@type\":\"ReadAction\",\"target\":[\"https:\/\/fracarro.com\/fr\/product\/910315-defender-64m\/\"]}]},{\"@type\":\"ImageObject\",\"inLanguage\":\"fr-FR\",\"@id\":\"https:\/\/fracarro.com\/fr\/product\/910315-defender-64m\/#primaryimage\",\"url\":\"https:\/\/fracarro.com\/wp-content\/uploads\/onpage\/op_image_ec202983f46098ec9dd6932e044d5a40d4eecec6.1980x.webp\",\"contentUrl\":\"https:\/\/fracarro.com\/wp-content\/uploads\/onpage\/op_image_ec202983f46098ec9dd6932e044d5a40d4eecec6.1980x.webp\",\"width\":1980,\"height\":1980},{\"@type\":\"BreadcrumbList\",\"@id\":\"https:\/\/fracarro.com\/fr\/product\/910315-defender-64m\/#breadcrumb\",\"itemListElement\":[{\"@type\":\"ListItem\",\"position\":1,\"name\":\"Home\",\"item\":\"https:\/\/fracarro.com\/fr\/\"},{\"@type\":\"ListItem\",\"position\":2,\"name\":\"Solutions\",\"item\":\"https:\/\/fracarro.com\/it\/solutions\/\"},{\"@type\":\"ListItem\",\"position\":3,\"name\":\"DEFENDER 64M\"}]},{\"@type\":\"WebSite\",\"@id\":\"https:\/\/fracarro.com\/fr\/#website\",\"url\":\"https:\/\/fracarro.com\/fr\/\",\"name\":\"Fracarro Radioindustrie SRL\",\"description\":\"\",\"publisher\":{\"@id\":\"https:\/\/fracarro.com\/fr\/#organization\"},\"potentialAction\":[{\"@type\":\"SearchAction\",\"target\":{\"@type\":\"EntryPoint\",\"urlTemplate\":\"https:\/\/fracarro.com\/fr\/?s={search_term_string}\"},\"query-input\":{\"@type\":\"PropertyValueSpecification\",\"valueRequired\":true,\"valueName\":\"search_term_string\"}}],\"inLanguage\":\"fr-FR\"},{\"@type\":\"Organization\",\"@id\":\"https:\/\/fracarro.com\/fr\/#organization\",\"name\":\"Fracarro Radioindustrie SRL\",\"url\":\"https:\/\/fracarro.com\/fr\/\",\"logo\":{\"@type\":\"ImageObject\",\"inLanguage\":\"fr-FR\",\"@id\":\"https:\/\/fracarro.com\/fr\/#\/schema\/logo\/image\/\",\"url\":\"https:\/\/fracarro.com\/wp-content\/uploads\/2020\/09\/Fracarro-logo530x67.png\",\"contentUrl\":\"https:\/\/fracarro.com\/wp-content\/uploads\/2020\/09\/Fracarro-logo530x67.png\",\"width\":530,\"height\":67,\"caption\":\"Fracarro Radioindustrie SRL\"},\"image\":{\"@id\":\"https:\/\/fracarro.com\/fr\/#\/schema\/logo\/image\/\"},\"sameAs\":[\"https:\/\/it-it.facebook.com\/fracarro\/\",\"https:\/\/x.com\/fracarrotweets\",\"https:\/\/it.linkedin.com\/company\/fracarro-radioindustrie\",\"https:\/\/www.instagram.com\/fracarroradioindustrie\/\",\"https:\/\/www.youtube.com\/user\/FracarroOfficial?feature=watch\"]}]}<\/script>\n<!-- \/ Yoast SEO Premium plugin. -->","yoast_head_json":{"title":"DEFENDER 64M - Fracarro Radioindustrie SRL","robots":{"index":"index","follow":"follow","max-snippet":"max-snippet:-1","max-image-preview":"max-image-preview:large","max-video-preview":"max-video-preview:-1"},"canonical":"https:\/\/fracarro.com\/fr\/product\/910315-defender-64m\/","og_locale":"fr_FR","og_type":"article","og_title":"DEFENDER 64M","og_description":"Centrale avec accessoires enti\u00e8rement sur le bus, t\u00e9l\u00e9g\u00e9rable, pour syst\u00e8mes d&rsquo;alarme anti-intrusion avec 8 lignes extensibles \u00e0 64, librement programmables. Le Defender 64 peut g\u00e9rer jusqu&rsquo;\u00e0 12 partitions et interfacer jusqu&rsquo;\u00e0 64 cl\u00e9s \u00e9lectroniques pour l&rsquo;activation des partitions associ\u00e9es. Il convient aux syst\u00e8mes de protection contre les intrusions de taille moyenne \u00e0 grande. Defender 64 [...]","og_url":"https:\/\/fracarro.com\/fr\/product\/910315-defender-64m\/","og_site_name":"Fracarro Radioindustrie SRL","article_publisher":"https:\/\/it-it.facebook.com\/fracarro\/","article_modified_time":"2025-12-03T16:03:10+00:00","og_image":[{"width":1980,"height":1980,"url":"https:\/\/fracarro.com\/wp-content\/uploads\/onpage\/op_image_ec202983f46098ec9dd6932e044d5a40d4eecec6.1980x.webp","type":"image\/webp"}],"twitter_card":"summary_large_image","twitter_site":"@fracarrotweets","twitter_misc":{"Dur\u00e9e de lecture estim\u00e9e":"1 minute"},"schema":{"@context":"https:\/\/schema.org","@graph":[{"@type":"WebPage","@id":"https:\/\/fracarro.com\/fr\/product\/910315-defender-64m\/","url":"https:\/\/fracarro.com\/fr\/product\/910315-defender-64m\/","name":"DEFENDER 64M - Fracarro Radioindustrie SRL","isPartOf":{"@id":"https:\/\/fracarro.com\/fr\/#website"},"primaryImageOfPage":{"@id":"https:\/\/fracarro.com\/fr\/product\/910315-defender-64m\/#primaryimage"},"image":{"@id":"https:\/\/fracarro.com\/fr\/product\/910315-defender-64m\/#primaryimage"},"thumbnailUrl":"https:\/\/fracarro.com\/wp-content\/uploads\/onpage\/op_image_ec202983f46098ec9dd6932e044d5a40d4eecec6.1980x.webp","datePublished":"2023-06-12T12:55:27+00:00","dateModified":"2025-12-03T16:03:10+00:00","breadcrumb":{"@id":"https:\/\/fracarro.com\/fr\/product\/910315-defender-64m\/#breadcrumb"},"inLanguage":"fr-FR","potentialAction":[{"@type":"ReadAction","target":["https:\/\/fracarro.com\/fr\/product\/910315-defender-64m\/"]}]},{"@type":"ImageObject","inLanguage":"fr-FR","@id":"https:\/\/fracarro.com\/fr\/product\/910315-defender-64m\/#primaryimage","url":"https:\/\/fracarro.com\/wp-content\/uploads\/onpage\/op_image_ec202983f46098ec9dd6932e044d5a40d4eecec6.1980x.webp","contentUrl":"https:\/\/fracarro.com\/wp-content\/uploads\/onpage\/op_image_ec202983f46098ec9dd6932e044d5a40d4eecec6.1980x.webp","width":1980,"height":1980},{"@type":"BreadcrumbList","@id":"https:\/\/fracarro.com\/fr\/product\/910315-defender-64m\/#breadcrumb","itemListElement":[{"@type":"ListItem","position":1,"name":"Home","item":"https:\/\/fracarro.com\/fr\/"},{"@type":"ListItem","position":2,"name":"Solutions","item":"https:\/\/fracarro.com\/it\/solutions\/"},{"@type":"ListItem","position":3,"name":"DEFENDER 64M"}]},{"@type":"WebSite","@id":"https:\/\/fracarro.com\/fr\/#website","url":"https:\/\/fracarro.com\/fr\/","name":"Fracarro Radioindustrie SRL","description":"","publisher":{"@id":"https:\/\/fracarro.com\/fr\/#organization"},"potentialAction":[{"@type":"SearchAction","target":{"@type":"EntryPoint","urlTemplate":"https:\/\/fracarro.com\/fr\/?s={search_term_string}"},"query-input":{"@type":"PropertyValueSpecification","valueRequired":true,"valueName":"search_term_string"}}],"inLanguage":"fr-FR"},{"@type":"Organization","@id":"https:\/\/fracarro.com\/fr\/#organization","name":"Fracarro Radioindustrie SRL","url":"https:\/\/fracarro.com\/fr\/","logo":{"@type":"ImageObject","inLanguage":"fr-FR","@id":"https:\/\/fracarro.com\/fr\/#\/schema\/logo\/image\/","url":"https:\/\/fracarro.com\/wp-content\/uploads\/2020\/09\/Fracarro-logo530x67.png","contentUrl":"https:\/\/fracarro.com\/wp-content\/uploads\/2020\/09\/Fracarro-logo530x67.png","width":530,"height":67,"caption":"Fracarro Radioindustrie SRL"},"image":{"@id":"https:\/\/fracarro.com\/fr\/#\/schema\/logo\/image\/"},"sameAs":["https:\/\/it-it.facebook.com\/fracarro\/","https:\/\/x.com\/fracarrotweets","https:\/\/it.linkedin.com\/company\/fracarro-radioindustrie","https:\/\/www.instagram.com\/fracarroradioindustrie\/","https:\/\/www.youtube.com\/user\/FracarroOfficial?feature=watch"]}]}},"_links":{"self":[{"href":"https:\/\/fracarro.com\/fr\/wp-json\/wp\/v2\/product\/183080","targetHints":{"allow":["GET"]}}],"collection":[{"href":"https:\/\/fracarro.com\/fr\/wp-json\/wp\/v2\/product"}],"about":[{"href":"https:\/\/fracarro.com\/fr\/wp-json\/wp\/v2\/types\/product"}],"wp:featuredmedia":[{"embeddable":true,"href":"https:\/\/fracarro.com\/fr\/wp-json\/wp\/v2\/media\/110286"}],"wp:attachment":[{"href":"https:\/\/fracarro.com\/fr\/wp-json\/wp\/v2\/media?parent=183080"}],"wp:term":[{"taxonomy":"product_brand","embeddable":true,"href":"https:\/\/fracarro.com\/fr\/wp-json\/wp\/v2\/product_brand?post=183080"},{"taxonomy":"product_cat","embeddable":true,"href":"https:\/\/fracarro.com\/fr\/wp-json\/wp\/v2\/product_cat?post=183080"},{"taxonomy":"product_tag","embeddable":true,"href":"https:\/\/fracarro.com\/fr\/wp-json\/wp\/v2\/product_tag?post=183080"}],"curies":[{"name":"wp","href":"https:\/\/api.w.org\/{rel}","templated":true}]}}