{"id":183240,"date":"2023-06-12T12:55:35","date_gmt":"2023-06-12T12:55:35","guid":{"rendered":""},"modified":"2025-12-03T16:03:10","modified_gmt":"2025-12-03T16:03:10","slug":"910367-mod-lan-evo","status":"publish","type":"product","link":"https:\/\/fracarro.com\/fr\/product\/910367-mod-lan-evo\/","title":{"rendered":"MOD-LAN-EVO"},"content":{"rendered":"<p>Le MOD-LAN EVO est un module optionnel propos\u00e9 par Fracarro pour tous les syst\u00e8mes de s\u00e9curit\u00e9 Defender. Le module peut \u00eatre install\u00e9 \u00e0 l&rsquo;int\u00e9rieur du conteneur de l&rsquo;unit\u00e9 de contr\u00f4le Defender ou dans un bo\u00eetier en plastique d\u00e9di\u00e9 (MOD-BOX). L&rsquo;alimentation est fournie directement par l&rsquo;unit\u00e9 de contr\u00f4le Defender via le BUS Fracarro. Ce module permet de g\u00e9rer facilement le syst\u00e8me d&rsquo;alarme antivol via l&rsquo;application gratuite iDefender+ APP install\u00e9e sur les smartphones et tablettes Apple et Android. Chaque centrale Defender peut \u00eatre facilement connect\u00e9e au module via le BUS Fracarro (4 fils) et, gr\u00e2ce \u00e0 ce module, connect\u00e9e au r\u00e9seau Ethernet via le connecteur RJ45. Le MOD-LAN EVO tire parti du nouveau FRACARRO CLOUD, ce qui permet de se connecter avec tous les types d&rsquo;adresse IP et sans aucune configuration du routeur : il suffit de connecter un c\u00e2ble r\u00e9seau entre le routeur et le MOD-LAN EVO pour commencer \u00e0 g\u00e9rer le syst\u00e8me via l&rsquo;application gratuite iDefender+. En t\u00e9l\u00e9chargeant l&rsquo;application sp\u00e9ciale iDefender+ APP depuis le magasin, disponible pour les smartphones et tablettes Apple et Android, et apr\u00e8s avoir d\u00e9fini le code UID unique, il sera possible de visualiser l&rsquo;\u00e9tat du syst\u00e8me, de g\u00e9rer les engagements et d\u00e9sengagements totaux et partiels du syst\u00e8me, d&rsquo;inclure et d&rsquo;exclure des lignes individuellement, de t\u00e9l\u00e9g\u00e9rer les sorties et de recevoir des notifications push pour chaque \u00e9v\u00e9nement.<\/p>\n","protected":false},"excerpt":{"rendered":"<p>Le MOD-LAN EVO est un module optionnel propos\u00e9 par Fracarro pour tous les syst\u00e8mes de s\u00e9curit\u00e9 Defender. Le module peut \u00eatre install\u00e9 \u00e0 l&rsquo;int\u00e9rieur du conteneur de l&rsquo;unit\u00e9 de contr\u00f4le Defender ou dans un bo\u00eetier en plastique d\u00e9di\u00e9 (MOD-BOX). L&rsquo;alimentation est fournie directement par l&rsquo;unit\u00e9 de contr\u00f4le Defender via le BUS Fracarro. Ce module permet  [&#8230;]<\/p>\n","protected":false},"featured_media":136039,"template":"","meta":[],"product_brand":[],"product_cat":[53094],"product_tag":[],"class_list":{"0":"post-183240","1":"product","2":"type-product","3":"status-publish","4":"has-post-thumbnail","6":"product_cat-ser-lan-modules","8":"first","9":"instock","10":"shipping-taxable","11":"product-type-simple"},"yoast_head":"<!-- This site is optimized with the Yoast SEO Premium plugin v26.5 (Yoast SEO v26.7) - https:\/\/yoast.com\/wordpress\/plugins\/seo\/ -->\n<title>MOD-LAN-EVO - Fracarro Radioindustrie SRL<\/title>\n<meta name=\"robots\" content=\"index, follow, max-snippet:-1, max-image-preview:large, max-video-preview:-1\" \/>\n<link rel=\"canonical\" href=\"https:\/\/fracarro.com\/fr\/product\/910367-mod-lan-evo\/\" \/>\n<meta property=\"og:locale\" content=\"fr_FR\" \/>\n<meta property=\"og:type\" content=\"article\" \/>\n<meta property=\"og:title\" content=\"MOD-LAN-EVO\" \/>\n<meta property=\"og:description\" content=\"Le MOD-LAN EVO est un module optionnel propos\u00e9 par Fracarro pour tous les syst\u00e8mes de s\u00e9curit\u00e9 Defender. Le module peut \u00eatre install\u00e9 \u00e0 l&rsquo;int\u00e9rieur du conteneur de l&rsquo;unit\u00e9 de contr\u00f4le Defender ou dans un bo\u00eetier en plastique d\u00e9di\u00e9 (MOD-BOX). L&rsquo;alimentation est fournie directement par l&rsquo;unit\u00e9 de contr\u00f4le Defender via le BUS Fracarro. Ce module permet [...]\" \/>\n<meta property=\"og:url\" content=\"https:\/\/fracarro.com\/fr\/product\/910367-mod-lan-evo\/\" \/>\n<meta property=\"og:site_name\" content=\"Fracarro Radioindustrie SRL\" \/>\n<meta property=\"article:publisher\" content=\"https:\/\/it-it.facebook.com\/fracarro\/\" \/>\n<meta property=\"article:modified_time\" content=\"2025-12-03T16:03:10+00:00\" \/>\n<meta property=\"og:image\" content=\"https:\/\/fracarro.com\/wp-content\/uploads\/onpage\/op_image_7f2e737b649c5019f92e51e6f9ca0a7135db9c78.1980x.webp\" \/>\n\t<meta property=\"og:image:width\" content=\"1980\" \/>\n\t<meta property=\"og:image:height\" content=\"1554\" \/>\n\t<meta property=\"og:image:type\" content=\"image\/webp\" \/>\n<meta name=\"twitter:card\" content=\"summary_large_image\" \/>\n<meta name=\"twitter:site\" content=\"@fracarrotweets\" \/>\n<meta name=\"twitter:label1\" content=\"Dur\u00e9e de lecture estim\u00e9e\" \/>\n\t<meta name=\"twitter:data1\" content=\"1 minute\" \/>\n<script type=\"application\/ld+json\" class=\"yoast-schema-graph\">{\"@context\":\"https:\/\/schema.org\",\"@graph\":[{\"@type\":\"WebPage\",\"@id\":\"https:\/\/fracarro.com\/fr\/product\/910367-mod-lan-evo\/\",\"url\":\"https:\/\/fracarro.com\/fr\/product\/910367-mod-lan-evo\/\",\"name\":\"MOD-LAN-EVO - Fracarro Radioindustrie SRL\",\"isPartOf\":{\"@id\":\"https:\/\/fracarro.com\/fr\/#website\"},\"primaryImageOfPage\":{\"@id\":\"https:\/\/fracarro.com\/fr\/product\/910367-mod-lan-evo\/#primaryimage\"},\"image\":{\"@id\":\"https:\/\/fracarro.com\/fr\/product\/910367-mod-lan-evo\/#primaryimage\"},\"thumbnailUrl\":\"https:\/\/fracarro.com\/wp-content\/uploads\/onpage\/op_image_7f2e737b649c5019f92e51e6f9ca0a7135db9c78.1980x.webp\",\"datePublished\":\"2023-06-12T12:55:35+00:00\",\"dateModified\":\"2025-12-03T16:03:10+00:00\",\"breadcrumb\":{\"@id\":\"https:\/\/fracarro.com\/fr\/product\/910367-mod-lan-evo\/#breadcrumb\"},\"inLanguage\":\"fr-FR\",\"potentialAction\":[{\"@type\":\"ReadAction\",\"target\":[\"https:\/\/fracarro.com\/fr\/product\/910367-mod-lan-evo\/\"]}]},{\"@type\":\"ImageObject\",\"inLanguage\":\"fr-FR\",\"@id\":\"https:\/\/fracarro.com\/fr\/product\/910367-mod-lan-evo\/#primaryimage\",\"url\":\"https:\/\/fracarro.com\/wp-content\/uploads\/onpage\/op_image_7f2e737b649c5019f92e51e6f9ca0a7135db9c78.1980x.webp\",\"contentUrl\":\"https:\/\/fracarro.com\/wp-content\/uploads\/onpage\/op_image_7f2e737b649c5019f92e51e6f9ca0a7135db9c78.1980x.webp\",\"width\":1980,\"height\":1554},{\"@type\":\"BreadcrumbList\",\"@id\":\"https:\/\/fracarro.com\/fr\/product\/910367-mod-lan-evo\/#breadcrumb\",\"itemListElement\":[{\"@type\":\"ListItem\",\"position\":1,\"name\":\"Home\",\"item\":\"https:\/\/fracarro.com\/fr\/\"},{\"@type\":\"ListItem\",\"position\":2,\"name\":\"Solutions\",\"item\":\"https:\/\/fracarro.com\/it\/solutions\/\"},{\"@type\":\"ListItem\",\"position\":3,\"name\":\"MOD-LAN-EVO\"}]},{\"@type\":\"WebSite\",\"@id\":\"https:\/\/fracarro.com\/fr\/#website\",\"url\":\"https:\/\/fracarro.com\/fr\/\",\"name\":\"Fracarro Radioindustrie SRL\",\"description\":\"\",\"publisher\":{\"@id\":\"https:\/\/fracarro.com\/fr\/#organization\"},\"potentialAction\":[{\"@type\":\"SearchAction\",\"target\":{\"@type\":\"EntryPoint\",\"urlTemplate\":\"https:\/\/fracarro.com\/fr\/?s={search_term_string}\"},\"query-input\":{\"@type\":\"PropertyValueSpecification\",\"valueRequired\":true,\"valueName\":\"search_term_string\"}}],\"inLanguage\":\"fr-FR\"},{\"@type\":\"Organization\",\"@id\":\"https:\/\/fracarro.com\/fr\/#organization\",\"name\":\"Fracarro Radioindustrie SRL\",\"url\":\"https:\/\/fracarro.com\/fr\/\",\"logo\":{\"@type\":\"ImageObject\",\"inLanguage\":\"fr-FR\",\"@id\":\"https:\/\/fracarro.com\/fr\/#\/schema\/logo\/image\/\",\"url\":\"https:\/\/fracarro.com\/wp-content\/uploads\/2020\/09\/Fracarro-logo530x67.png\",\"contentUrl\":\"https:\/\/fracarro.com\/wp-content\/uploads\/2020\/09\/Fracarro-logo530x67.png\",\"width\":530,\"height\":67,\"caption\":\"Fracarro Radioindustrie SRL\"},\"image\":{\"@id\":\"https:\/\/fracarro.com\/fr\/#\/schema\/logo\/image\/\"},\"sameAs\":[\"https:\/\/it-it.facebook.com\/fracarro\/\",\"https:\/\/x.com\/fracarrotweets\",\"https:\/\/it.linkedin.com\/company\/fracarro-radioindustrie\",\"https:\/\/www.instagram.com\/fracarroradioindustrie\/\",\"https:\/\/www.youtube.com\/user\/FracarroOfficial?feature=watch\"]}]}<\/script>\n<!-- \/ Yoast SEO Premium plugin. -->","yoast_head_json":{"title":"MOD-LAN-EVO - Fracarro Radioindustrie SRL","robots":{"index":"index","follow":"follow","max-snippet":"max-snippet:-1","max-image-preview":"max-image-preview:large","max-video-preview":"max-video-preview:-1"},"canonical":"https:\/\/fracarro.com\/fr\/product\/910367-mod-lan-evo\/","og_locale":"fr_FR","og_type":"article","og_title":"MOD-LAN-EVO","og_description":"Le MOD-LAN EVO est un module optionnel propos\u00e9 par Fracarro pour tous les syst\u00e8mes de s\u00e9curit\u00e9 Defender. Le module peut \u00eatre install\u00e9 \u00e0 l&rsquo;int\u00e9rieur du conteneur de l&rsquo;unit\u00e9 de contr\u00f4le Defender ou dans un bo\u00eetier en plastique d\u00e9di\u00e9 (MOD-BOX). L&rsquo;alimentation est fournie directement par l&rsquo;unit\u00e9 de contr\u00f4le Defender via le BUS Fracarro. Ce module permet [...]","og_url":"https:\/\/fracarro.com\/fr\/product\/910367-mod-lan-evo\/","og_site_name":"Fracarro Radioindustrie SRL","article_publisher":"https:\/\/it-it.facebook.com\/fracarro\/","article_modified_time":"2025-12-03T16:03:10+00:00","og_image":[{"width":1980,"height":1554,"url":"https:\/\/fracarro.com\/wp-content\/uploads\/onpage\/op_image_7f2e737b649c5019f92e51e6f9ca0a7135db9c78.1980x.webp","type":"image\/webp"}],"twitter_card":"summary_large_image","twitter_site":"@fracarrotweets","twitter_misc":{"Dur\u00e9e de lecture estim\u00e9e":"1 minute"},"schema":{"@context":"https:\/\/schema.org","@graph":[{"@type":"WebPage","@id":"https:\/\/fracarro.com\/fr\/product\/910367-mod-lan-evo\/","url":"https:\/\/fracarro.com\/fr\/product\/910367-mod-lan-evo\/","name":"MOD-LAN-EVO - Fracarro Radioindustrie SRL","isPartOf":{"@id":"https:\/\/fracarro.com\/fr\/#website"},"primaryImageOfPage":{"@id":"https:\/\/fracarro.com\/fr\/product\/910367-mod-lan-evo\/#primaryimage"},"image":{"@id":"https:\/\/fracarro.com\/fr\/product\/910367-mod-lan-evo\/#primaryimage"},"thumbnailUrl":"https:\/\/fracarro.com\/wp-content\/uploads\/onpage\/op_image_7f2e737b649c5019f92e51e6f9ca0a7135db9c78.1980x.webp","datePublished":"2023-06-12T12:55:35+00:00","dateModified":"2025-12-03T16:03:10+00:00","breadcrumb":{"@id":"https:\/\/fracarro.com\/fr\/product\/910367-mod-lan-evo\/#breadcrumb"},"inLanguage":"fr-FR","potentialAction":[{"@type":"ReadAction","target":["https:\/\/fracarro.com\/fr\/product\/910367-mod-lan-evo\/"]}]},{"@type":"ImageObject","inLanguage":"fr-FR","@id":"https:\/\/fracarro.com\/fr\/product\/910367-mod-lan-evo\/#primaryimage","url":"https:\/\/fracarro.com\/wp-content\/uploads\/onpage\/op_image_7f2e737b649c5019f92e51e6f9ca0a7135db9c78.1980x.webp","contentUrl":"https:\/\/fracarro.com\/wp-content\/uploads\/onpage\/op_image_7f2e737b649c5019f92e51e6f9ca0a7135db9c78.1980x.webp","width":1980,"height":1554},{"@type":"BreadcrumbList","@id":"https:\/\/fracarro.com\/fr\/product\/910367-mod-lan-evo\/#breadcrumb","itemListElement":[{"@type":"ListItem","position":1,"name":"Home","item":"https:\/\/fracarro.com\/fr\/"},{"@type":"ListItem","position":2,"name":"Solutions","item":"https:\/\/fracarro.com\/it\/solutions\/"},{"@type":"ListItem","position":3,"name":"MOD-LAN-EVO"}]},{"@type":"WebSite","@id":"https:\/\/fracarro.com\/fr\/#website","url":"https:\/\/fracarro.com\/fr\/","name":"Fracarro Radioindustrie SRL","description":"","publisher":{"@id":"https:\/\/fracarro.com\/fr\/#organization"},"potentialAction":[{"@type":"SearchAction","target":{"@type":"EntryPoint","urlTemplate":"https:\/\/fracarro.com\/fr\/?s={search_term_string}"},"query-input":{"@type":"PropertyValueSpecification","valueRequired":true,"valueName":"search_term_string"}}],"inLanguage":"fr-FR"},{"@type":"Organization","@id":"https:\/\/fracarro.com\/fr\/#organization","name":"Fracarro Radioindustrie SRL","url":"https:\/\/fracarro.com\/fr\/","logo":{"@type":"ImageObject","inLanguage":"fr-FR","@id":"https:\/\/fracarro.com\/fr\/#\/schema\/logo\/image\/","url":"https:\/\/fracarro.com\/wp-content\/uploads\/2020\/09\/Fracarro-logo530x67.png","contentUrl":"https:\/\/fracarro.com\/wp-content\/uploads\/2020\/09\/Fracarro-logo530x67.png","width":530,"height":67,"caption":"Fracarro Radioindustrie SRL"},"image":{"@id":"https:\/\/fracarro.com\/fr\/#\/schema\/logo\/image\/"},"sameAs":["https:\/\/it-it.facebook.com\/fracarro\/","https:\/\/x.com\/fracarrotweets","https:\/\/it.linkedin.com\/company\/fracarro-radioindustrie","https:\/\/www.instagram.com\/fracarroradioindustrie\/","https:\/\/www.youtube.com\/user\/FracarroOfficial?feature=watch"]}]}},"_links":{"self":[{"href":"https:\/\/fracarro.com\/fr\/wp-json\/wp\/v2\/product\/183240","targetHints":{"allow":["GET"]}}],"collection":[{"href":"https:\/\/fracarro.com\/fr\/wp-json\/wp\/v2\/product"}],"about":[{"href":"https:\/\/fracarro.com\/fr\/wp-json\/wp\/v2\/types\/product"}],"wp:featuredmedia":[{"embeddable":true,"href":"https:\/\/fracarro.com\/fr\/wp-json\/wp\/v2\/media\/136039"}],"wp:attachment":[{"href":"https:\/\/fracarro.com\/fr\/wp-json\/wp\/v2\/media?parent=183240"}],"wp:term":[{"taxonomy":"product_brand","embeddable":true,"href":"https:\/\/fracarro.com\/fr\/wp-json\/wp\/v2\/product_brand?post=183240"},{"taxonomy":"product_cat","embeddable":true,"href":"https:\/\/fracarro.com\/fr\/wp-json\/wp\/v2\/product_cat?post=183240"},{"taxonomy":"product_tag","embeddable":true,"href":"https:\/\/fracarro.com\/fr\/wp-json\/wp\/v2\/product_tag?post=183240"}],"curies":[{"name":"wp","href":"https:\/\/api.w.org\/{rel}","templated":true}]}}