{"id":183275,"date":"2023-06-12T12:55:37","date_gmt":"2023-06-12T12:55:37","guid":{"rendered":""},"modified":"2025-12-03T16:03:10","modified_gmt":"2025-12-03T16:03:10","slug":"910304-ct-bus","status":"publish","type":"product","link":"https:\/\/fracarro.com\/fr\/product\/910304-ct-bus\/","title":{"rendered":"CT-BUS"},"content":{"rendered":"<p>Le CT-BUS est un transmetteur t\u00e9l\u00e9phonique num\u00e9rique, avec synth\u00e8se vocale int\u00e9gr\u00e9e, qui transmet des informations sur les alarmes et l&rsquo;\u00e9tat du syst\u00e8me par l&rsquo;interm\u00e9diaire de la ligne t\u00e9l\u00e9phonique RTPC. Le CT-BUS peut communiquer soit par des messages vocaux pr\u00e9enregistr\u00e9s, soit par des protocoles num\u00e9riques. Il permet la gestion \u00e0 distance de toutes les centrales c\u00e2bl\u00e9es du syst\u00e8me Defender, auxquelles il se connecte par bus. Il est possible de loger le composeur directement dans l&rsquo;unit\u00e9 de contr\u00f4le ou de l&rsquo;\u00e9loigner avec les bo\u00eetiers optionnels MOD-BOX et CE64BOX. Le CT-BUS permet \u00e9galement de verrouiller les cl\u00e9s \u00e9lectroniques associ\u00e9es \u00e0 un syst\u00e8me Defender, une fonction utile en cas de perte ou de vol des cl\u00e9s. Le combinateur CT-BUS peut \u00eatre int\u00e9gr\u00e9 au module d&rsquo;extension ESP-CT-GSM pour \u00e9tendre son utilisation au r\u00e9seau GSM.<\/p>\n","protected":false},"excerpt":{"rendered":"<p>Le CT-BUS est un transmetteur t\u00e9l\u00e9phonique num\u00e9rique, avec synth\u00e8se vocale int\u00e9gr\u00e9e, qui transmet des informations sur les alarmes et l&rsquo;\u00e9tat du syst\u00e8me par l&rsquo;interm\u00e9diaire de la ligne t\u00e9l\u00e9phonique RTPC. Le CT-BUS peut communiquer soit par des messages vocaux pr\u00e9enregistr\u00e9s, soit par des protocoles num\u00e9riques. Il permet la gestion \u00e0 distance de toutes les centrales c\u00e2bl\u00e9es  [&#8230;]<\/p>\n","protected":false},"featured_media":110328,"template":"","meta":[],"product_brand":[],"product_cat":[53106],"product_tag":[],"class_list":{"0":"post-183275","1":"product","2":"type-product","3":"status-publish","4":"has-post-thumbnail","6":"product_cat-transmetteurs-telephoniques2","8":"first","9":"instock","10":"shipping-taxable","11":"product-type-simple"},"yoast_head":"<!-- This site is optimized with the Yoast SEO Premium plugin v26.5 (Yoast SEO v26.7) - https:\/\/yoast.com\/wordpress\/plugins\/seo\/ -->\n<title>CT-BUS - Fracarro Radioindustrie SRL<\/title>\n<meta name=\"robots\" content=\"index, follow, max-snippet:-1, max-image-preview:large, max-video-preview:-1\" \/>\n<link rel=\"canonical\" href=\"https:\/\/fracarro.com\/fr\/product\/910304-ct-bus\/\" \/>\n<meta property=\"og:locale\" content=\"fr_FR\" \/>\n<meta property=\"og:type\" content=\"article\" \/>\n<meta property=\"og:title\" content=\"CT-BUS\" \/>\n<meta property=\"og:description\" content=\"Le CT-BUS est un transmetteur t\u00e9l\u00e9phonique num\u00e9rique, avec synth\u00e8se vocale int\u00e9gr\u00e9e, qui transmet des informations sur les alarmes et l&rsquo;\u00e9tat du syst\u00e8me par l&rsquo;interm\u00e9diaire de la ligne t\u00e9l\u00e9phonique RTPC. Le CT-BUS peut communiquer soit par des messages vocaux pr\u00e9enregistr\u00e9s, soit par des protocoles num\u00e9riques. Il permet la gestion \u00e0 distance de toutes les centrales c\u00e2bl\u00e9es [...]\" \/>\n<meta property=\"og:url\" content=\"https:\/\/fracarro.com\/fr\/product\/910304-ct-bus\/\" \/>\n<meta property=\"og:site_name\" content=\"Fracarro Radioindustrie SRL\" \/>\n<meta property=\"article:publisher\" content=\"https:\/\/it-it.facebook.com\/fracarro\/\" \/>\n<meta property=\"article:modified_time\" content=\"2025-12-03T16:03:10+00:00\" \/>\n<meta property=\"og:image\" content=\"https:\/\/fracarro.com\/wp-content\/uploads\/onpage\/op_image_2e74c79dc3ba324af7a87cf3bccaa773a224ec53.1980x.webp\" \/>\n\t<meta property=\"og:image:width\" content=\"1980\" \/>\n\t<meta property=\"og:image:height\" content=\"1980\" \/>\n\t<meta property=\"og:image:type\" content=\"image\/webp\" \/>\n<meta name=\"twitter:card\" content=\"summary_large_image\" \/>\n<meta name=\"twitter:site\" content=\"@fracarrotweets\" \/>\n<meta name=\"twitter:label1\" content=\"Dur\u00e9e de lecture estim\u00e9e\" \/>\n\t<meta name=\"twitter:data1\" content=\"1 minute\" \/>\n<script type=\"application\/ld+json\" class=\"yoast-schema-graph\">{\"@context\":\"https:\/\/schema.org\",\"@graph\":[{\"@type\":\"WebPage\",\"@id\":\"https:\/\/fracarro.com\/fr\/product\/910304-ct-bus\/\",\"url\":\"https:\/\/fracarro.com\/fr\/product\/910304-ct-bus\/\",\"name\":\"CT-BUS - Fracarro Radioindustrie SRL\",\"isPartOf\":{\"@id\":\"https:\/\/fracarro.com\/fr\/#website\"},\"primaryImageOfPage\":{\"@id\":\"https:\/\/fracarro.com\/fr\/product\/910304-ct-bus\/#primaryimage\"},\"image\":{\"@id\":\"https:\/\/fracarro.com\/fr\/product\/910304-ct-bus\/#primaryimage\"},\"thumbnailUrl\":\"https:\/\/fracarro.com\/wp-content\/uploads\/onpage\/op_image_2e74c79dc3ba324af7a87cf3bccaa773a224ec53.1980x.webp\",\"datePublished\":\"2023-06-12T12:55:37+00:00\",\"dateModified\":\"2025-12-03T16:03:10+00:00\",\"breadcrumb\":{\"@id\":\"https:\/\/fracarro.com\/fr\/product\/910304-ct-bus\/#breadcrumb\"},\"inLanguage\":\"fr-FR\",\"potentialAction\":[{\"@type\":\"ReadAction\",\"target\":[\"https:\/\/fracarro.com\/fr\/product\/910304-ct-bus\/\"]}]},{\"@type\":\"ImageObject\",\"inLanguage\":\"fr-FR\",\"@id\":\"https:\/\/fracarro.com\/fr\/product\/910304-ct-bus\/#primaryimage\",\"url\":\"https:\/\/fracarro.com\/wp-content\/uploads\/onpage\/op_image_2e74c79dc3ba324af7a87cf3bccaa773a224ec53.1980x.webp\",\"contentUrl\":\"https:\/\/fracarro.com\/wp-content\/uploads\/onpage\/op_image_2e74c79dc3ba324af7a87cf3bccaa773a224ec53.1980x.webp\",\"width\":1980,\"height\":1980},{\"@type\":\"BreadcrumbList\",\"@id\":\"https:\/\/fracarro.com\/fr\/product\/910304-ct-bus\/#breadcrumb\",\"itemListElement\":[{\"@type\":\"ListItem\",\"position\":1,\"name\":\"Home\",\"item\":\"https:\/\/fracarro.com\/fr\/\"},{\"@type\":\"ListItem\",\"position\":2,\"name\":\"Solutions\",\"item\":\"https:\/\/fracarro.com\/it\/solutions\/\"},{\"@type\":\"ListItem\",\"position\":3,\"name\":\"CT-BUS\"}]},{\"@type\":\"WebSite\",\"@id\":\"https:\/\/fracarro.com\/fr\/#website\",\"url\":\"https:\/\/fracarro.com\/fr\/\",\"name\":\"Fracarro Radioindustrie SRL\",\"description\":\"\",\"publisher\":{\"@id\":\"https:\/\/fracarro.com\/fr\/#organization\"},\"potentialAction\":[{\"@type\":\"SearchAction\",\"target\":{\"@type\":\"EntryPoint\",\"urlTemplate\":\"https:\/\/fracarro.com\/fr\/?s={search_term_string}\"},\"query-input\":{\"@type\":\"PropertyValueSpecification\",\"valueRequired\":true,\"valueName\":\"search_term_string\"}}],\"inLanguage\":\"fr-FR\"},{\"@type\":\"Organization\",\"@id\":\"https:\/\/fracarro.com\/fr\/#organization\",\"name\":\"Fracarro Radioindustrie SRL\",\"url\":\"https:\/\/fracarro.com\/fr\/\",\"logo\":{\"@type\":\"ImageObject\",\"inLanguage\":\"fr-FR\",\"@id\":\"https:\/\/fracarro.com\/fr\/#\/schema\/logo\/image\/\",\"url\":\"https:\/\/fracarro.com\/wp-content\/uploads\/2020\/09\/Fracarro-logo530x67.png\",\"contentUrl\":\"https:\/\/fracarro.com\/wp-content\/uploads\/2020\/09\/Fracarro-logo530x67.png\",\"width\":530,\"height\":67,\"caption\":\"Fracarro Radioindustrie SRL\"},\"image\":{\"@id\":\"https:\/\/fracarro.com\/fr\/#\/schema\/logo\/image\/\"},\"sameAs\":[\"https:\/\/it-it.facebook.com\/fracarro\/\",\"https:\/\/x.com\/fracarrotweets\",\"https:\/\/it.linkedin.com\/company\/fracarro-radioindustrie\",\"https:\/\/www.instagram.com\/fracarroradioindustrie\/\",\"https:\/\/www.youtube.com\/user\/FracarroOfficial?feature=watch\"]}]}<\/script>\n<!-- \/ Yoast SEO Premium plugin. -->","yoast_head_json":{"title":"CT-BUS - Fracarro Radioindustrie SRL","robots":{"index":"index","follow":"follow","max-snippet":"max-snippet:-1","max-image-preview":"max-image-preview:large","max-video-preview":"max-video-preview:-1"},"canonical":"https:\/\/fracarro.com\/fr\/product\/910304-ct-bus\/","og_locale":"fr_FR","og_type":"article","og_title":"CT-BUS","og_description":"Le CT-BUS est un transmetteur t\u00e9l\u00e9phonique num\u00e9rique, avec synth\u00e8se vocale int\u00e9gr\u00e9e, qui transmet des informations sur les alarmes et l&rsquo;\u00e9tat du syst\u00e8me par l&rsquo;interm\u00e9diaire de la ligne t\u00e9l\u00e9phonique RTPC. Le CT-BUS peut communiquer soit par des messages vocaux pr\u00e9enregistr\u00e9s, soit par des protocoles num\u00e9riques. Il permet la gestion \u00e0 distance de toutes les centrales c\u00e2bl\u00e9es [...]","og_url":"https:\/\/fracarro.com\/fr\/product\/910304-ct-bus\/","og_site_name":"Fracarro Radioindustrie SRL","article_publisher":"https:\/\/it-it.facebook.com\/fracarro\/","article_modified_time":"2025-12-03T16:03:10+00:00","og_image":[{"width":1980,"height":1980,"url":"https:\/\/fracarro.com\/wp-content\/uploads\/onpage\/op_image_2e74c79dc3ba324af7a87cf3bccaa773a224ec53.1980x.webp","type":"image\/webp"}],"twitter_card":"summary_large_image","twitter_site":"@fracarrotweets","twitter_misc":{"Dur\u00e9e de lecture estim\u00e9e":"1 minute"},"schema":{"@context":"https:\/\/schema.org","@graph":[{"@type":"WebPage","@id":"https:\/\/fracarro.com\/fr\/product\/910304-ct-bus\/","url":"https:\/\/fracarro.com\/fr\/product\/910304-ct-bus\/","name":"CT-BUS - Fracarro Radioindustrie SRL","isPartOf":{"@id":"https:\/\/fracarro.com\/fr\/#website"},"primaryImageOfPage":{"@id":"https:\/\/fracarro.com\/fr\/product\/910304-ct-bus\/#primaryimage"},"image":{"@id":"https:\/\/fracarro.com\/fr\/product\/910304-ct-bus\/#primaryimage"},"thumbnailUrl":"https:\/\/fracarro.com\/wp-content\/uploads\/onpage\/op_image_2e74c79dc3ba324af7a87cf3bccaa773a224ec53.1980x.webp","datePublished":"2023-06-12T12:55:37+00:00","dateModified":"2025-12-03T16:03:10+00:00","breadcrumb":{"@id":"https:\/\/fracarro.com\/fr\/product\/910304-ct-bus\/#breadcrumb"},"inLanguage":"fr-FR","potentialAction":[{"@type":"ReadAction","target":["https:\/\/fracarro.com\/fr\/product\/910304-ct-bus\/"]}]},{"@type":"ImageObject","inLanguage":"fr-FR","@id":"https:\/\/fracarro.com\/fr\/product\/910304-ct-bus\/#primaryimage","url":"https:\/\/fracarro.com\/wp-content\/uploads\/onpage\/op_image_2e74c79dc3ba324af7a87cf3bccaa773a224ec53.1980x.webp","contentUrl":"https:\/\/fracarro.com\/wp-content\/uploads\/onpage\/op_image_2e74c79dc3ba324af7a87cf3bccaa773a224ec53.1980x.webp","width":1980,"height":1980},{"@type":"BreadcrumbList","@id":"https:\/\/fracarro.com\/fr\/product\/910304-ct-bus\/#breadcrumb","itemListElement":[{"@type":"ListItem","position":1,"name":"Home","item":"https:\/\/fracarro.com\/fr\/"},{"@type":"ListItem","position":2,"name":"Solutions","item":"https:\/\/fracarro.com\/it\/solutions\/"},{"@type":"ListItem","position":3,"name":"CT-BUS"}]},{"@type":"WebSite","@id":"https:\/\/fracarro.com\/fr\/#website","url":"https:\/\/fracarro.com\/fr\/","name":"Fracarro Radioindustrie SRL","description":"","publisher":{"@id":"https:\/\/fracarro.com\/fr\/#organization"},"potentialAction":[{"@type":"SearchAction","target":{"@type":"EntryPoint","urlTemplate":"https:\/\/fracarro.com\/fr\/?s={search_term_string}"},"query-input":{"@type":"PropertyValueSpecification","valueRequired":true,"valueName":"search_term_string"}}],"inLanguage":"fr-FR"},{"@type":"Organization","@id":"https:\/\/fracarro.com\/fr\/#organization","name":"Fracarro Radioindustrie SRL","url":"https:\/\/fracarro.com\/fr\/","logo":{"@type":"ImageObject","inLanguage":"fr-FR","@id":"https:\/\/fracarro.com\/fr\/#\/schema\/logo\/image\/","url":"https:\/\/fracarro.com\/wp-content\/uploads\/2020\/09\/Fracarro-logo530x67.png","contentUrl":"https:\/\/fracarro.com\/wp-content\/uploads\/2020\/09\/Fracarro-logo530x67.png","width":530,"height":67,"caption":"Fracarro Radioindustrie SRL"},"image":{"@id":"https:\/\/fracarro.com\/fr\/#\/schema\/logo\/image\/"},"sameAs":["https:\/\/it-it.facebook.com\/fracarro\/","https:\/\/x.com\/fracarrotweets","https:\/\/it.linkedin.com\/company\/fracarro-radioindustrie","https:\/\/www.instagram.com\/fracarroradioindustrie\/","https:\/\/www.youtube.com\/user\/FracarroOfficial?feature=watch"]}]}},"_links":{"self":[{"href":"https:\/\/fracarro.com\/fr\/wp-json\/wp\/v2\/product\/183275","targetHints":{"allow":["GET"]}}],"collection":[{"href":"https:\/\/fracarro.com\/fr\/wp-json\/wp\/v2\/product"}],"about":[{"href":"https:\/\/fracarro.com\/fr\/wp-json\/wp\/v2\/types\/product"}],"wp:featuredmedia":[{"embeddable":true,"href":"https:\/\/fracarro.com\/fr\/wp-json\/wp\/v2\/media\/110328"}],"wp:attachment":[{"href":"https:\/\/fracarro.com\/fr\/wp-json\/wp\/v2\/media?parent=183275"}],"wp:term":[{"taxonomy":"product_brand","embeddable":true,"href":"https:\/\/fracarro.com\/fr\/wp-json\/wp\/v2\/product_brand?post=183275"},{"taxonomy":"product_cat","embeddable":true,"href":"https:\/\/fracarro.com\/fr\/wp-json\/wp\/v2\/product_cat?post=183275"},{"taxonomy":"product_tag","embeddable":true,"href":"https:\/\/fracarro.com\/fr\/wp-json\/wp\/v2\/product_tag?post=183275"}],"curies":[{"name":"wp","href":"https:\/\/api.w.org\/{rel}","templated":true}]}}