{"id":183410,"date":"2023-06-12T12:55:45","date_gmt":"2023-06-12T12:55:45","guid":{"rendered":""},"modified":"2025-12-03T16:03:10","modified_gmt":"2025-12-03T16:03:10","slug":"910379-mod-isobus","status":"publish","type":"product","link":"https:\/\/fracarro.com\/fr\/product\/910379-mod-isobus\/","title":{"rendered":"MOD-ISOBUS"},"content":{"rendered":"<p>Le MOD-ISOBUS est un dispositif qui permet de r\u00e9g\u00e9n\u00e9rer le BUS RS485, au cas o\u00f9 il serait n\u00e9cessaire de parcourir des distances sup\u00e9rieures \u00e0 celles autoris\u00e9es par les centrales Defender, tout en isolant et en prot\u00e9geant le BUS RS485 et tous les dispositifs connect\u00e9s en amont du module, ce qui permet au syst\u00e8me de fonctionner correctement m\u00eame en cas de manipulations, de courts-circuits et de surtensions, tant de l&rsquo;alimentation que du BUS lui-m\u00eame, en aval du module.<\/p>\n","protected":false},"excerpt":{"rendered":"<p>Le MOD-ISOBUS est un dispositif qui permet de r\u00e9g\u00e9n\u00e9rer le BUS RS485, au cas o\u00f9 il serait n\u00e9cessaire de parcourir des distances sup\u00e9rieures \u00e0 celles autoris\u00e9es par les centrales Defender, tout en isolant et en prot\u00e9geant le BUS RS485 et tous les dispositifs connect\u00e9s en amont du module, ce qui permet au syst\u00e8me de fonctionner  [&#8230;]<\/p>\n","protected":false},"featured_media":110361,"template":"","meta":[],"product_brand":[],"product_cat":[53130],"product_tag":[],"class_list":{"0":"post-183410","1":"product","2":"type-product","3":"status-publish","4":"has-post-thumbnail","6":"product_cat-ser-accessoires-dispositif","8":"first","9":"instock","10":"shipping-taxable","11":"product-type-simple"},"yoast_head":"<!-- This site is optimized with the Yoast SEO Premium plugin v26.5 (Yoast SEO v26.7) - https:\/\/yoast.com\/wordpress\/plugins\/seo\/ -->\n<title>MOD-ISOBUS - Fracarro Radioindustrie SRL<\/title>\n<meta name=\"robots\" content=\"index, follow, max-snippet:-1, max-image-preview:large, max-video-preview:-1\" \/>\n<link rel=\"canonical\" href=\"https:\/\/fracarro.com\/fr\/product\/910379-mod-isobus\/\" \/>\n<meta property=\"og:locale\" content=\"fr_FR\" \/>\n<meta property=\"og:type\" content=\"article\" \/>\n<meta property=\"og:title\" content=\"MOD-ISOBUS\" \/>\n<meta property=\"og:description\" content=\"Le MOD-ISOBUS est un dispositif qui permet de r\u00e9g\u00e9n\u00e9rer le BUS RS485, au cas o\u00f9 il serait n\u00e9cessaire de parcourir des distances sup\u00e9rieures \u00e0 celles autoris\u00e9es par les centrales Defender, tout en isolant et en prot\u00e9geant le BUS RS485 et tous les dispositifs connect\u00e9s en amont du module, ce qui permet au syst\u00e8me de fonctionner [...]\" \/>\n<meta property=\"og:url\" content=\"https:\/\/fracarro.com\/fr\/product\/910379-mod-isobus\/\" \/>\n<meta property=\"og:site_name\" content=\"Fracarro Radioindustrie SRL\" \/>\n<meta property=\"article:publisher\" content=\"https:\/\/it-it.facebook.com\/fracarro\/\" \/>\n<meta property=\"article:modified_time\" content=\"2025-12-03T16:03:10+00:00\" \/>\n<meta property=\"og:image\" content=\"https:\/\/fracarro.com\/wp-content\/uploads\/onpage\/op_image_60cf3d388e4fbc177c0d364c326a09e5a959afab.1980x.webp\" \/>\n\t<meta property=\"og:image:width\" content=\"1980\" \/>\n\t<meta property=\"og:image:height\" content=\"1980\" \/>\n\t<meta property=\"og:image:type\" content=\"image\/webp\" \/>\n<meta name=\"twitter:card\" content=\"summary_large_image\" \/>\n<meta name=\"twitter:site\" content=\"@fracarrotweets\" \/>\n<script type=\"application\/ld+json\" class=\"yoast-schema-graph\">{\"@context\":\"https:\/\/schema.org\",\"@graph\":[{\"@type\":\"WebPage\",\"@id\":\"https:\/\/fracarro.com\/fr\/product\/910379-mod-isobus\/\",\"url\":\"https:\/\/fracarro.com\/fr\/product\/910379-mod-isobus\/\",\"name\":\"MOD-ISOBUS - Fracarro Radioindustrie SRL\",\"isPartOf\":{\"@id\":\"https:\/\/fracarro.com\/fr\/#website\"},\"primaryImageOfPage\":{\"@id\":\"https:\/\/fracarro.com\/fr\/product\/910379-mod-isobus\/#primaryimage\"},\"image\":{\"@id\":\"https:\/\/fracarro.com\/fr\/product\/910379-mod-isobus\/#primaryimage\"},\"thumbnailUrl\":\"https:\/\/fracarro.com\/wp-content\/uploads\/onpage\/op_image_60cf3d388e4fbc177c0d364c326a09e5a959afab.1980x.webp\",\"datePublished\":\"2023-06-12T12:55:45+00:00\",\"dateModified\":\"2025-12-03T16:03:10+00:00\",\"breadcrumb\":{\"@id\":\"https:\/\/fracarro.com\/fr\/product\/910379-mod-isobus\/#breadcrumb\"},\"inLanguage\":\"fr-FR\",\"potentialAction\":[{\"@type\":\"ReadAction\",\"target\":[\"https:\/\/fracarro.com\/fr\/product\/910379-mod-isobus\/\"]}]},{\"@type\":\"ImageObject\",\"inLanguage\":\"fr-FR\",\"@id\":\"https:\/\/fracarro.com\/fr\/product\/910379-mod-isobus\/#primaryimage\",\"url\":\"https:\/\/fracarro.com\/wp-content\/uploads\/onpage\/op_image_60cf3d388e4fbc177c0d364c326a09e5a959afab.1980x.webp\",\"contentUrl\":\"https:\/\/fracarro.com\/wp-content\/uploads\/onpage\/op_image_60cf3d388e4fbc177c0d364c326a09e5a959afab.1980x.webp\",\"width\":1980,\"height\":1980},{\"@type\":\"BreadcrumbList\",\"@id\":\"https:\/\/fracarro.com\/fr\/product\/910379-mod-isobus\/#breadcrumb\",\"itemListElement\":[{\"@type\":\"ListItem\",\"position\":1,\"name\":\"Home\",\"item\":\"https:\/\/fracarro.com\/fr\/\"},{\"@type\":\"ListItem\",\"position\":2,\"name\":\"Solutions\",\"item\":\"https:\/\/fracarro.com\/it\/solutions\/\"},{\"@type\":\"ListItem\",\"position\":3,\"name\":\"MOD-ISOBUS\"}]},{\"@type\":\"WebSite\",\"@id\":\"https:\/\/fracarro.com\/fr\/#website\",\"url\":\"https:\/\/fracarro.com\/fr\/\",\"name\":\"Fracarro Radioindustrie SRL\",\"description\":\"\",\"publisher\":{\"@id\":\"https:\/\/fracarro.com\/fr\/#organization\"},\"potentialAction\":[{\"@type\":\"SearchAction\",\"target\":{\"@type\":\"EntryPoint\",\"urlTemplate\":\"https:\/\/fracarro.com\/fr\/?s={search_term_string}\"},\"query-input\":{\"@type\":\"PropertyValueSpecification\",\"valueRequired\":true,\"valueName\":\"search_term_string\"}}],\"inLanguage\":\"fr-FR\"},{\"@type\":\"Organization\",\"@id\":\"https:\/\/fracarro.com\/fr\/#organization\",\"name\":\"Fracarro Radioindustrie SRL\",\"url\":\"https:\/\/fracarro.com\/fr\/\",\"logo\":{\"@type\":\"ImageObject\",\"inLanguage\":\"fr-FR\",\"@id\":\"https:\/\/fracarro.com\/fr\/#\/schema\/logo\/image\/\",\"url\":\"https:\/\/fracarro.com\/wp-content\/uploads\/2020\/09\/Fracarro-logo530x67.png\",\"contentUrl\":\"https:\/\/fracarro.com\/wp-content\/uploads\/2020\/09\/Fracarro-logo530x67.png\",\"width\":530,\"height\":67,\"caption\":\"Fracarro Radioindustrie SRL\"},\"image\":{\"@id\":\"https:\/\/fracarro.com\/fr\/#\/schema\/logo\/image\/\"},\"sameAs\":[\"https:\/\/it-it.facebook.com\/fracarro\/\",\"https:\/\/x.com\/fracarrotweets\",\"https:\/\/it.linkedin.com\/company\/fracarro-radioindustrie\",\"https:\/\/www.instagram.com\/fracarroradioindustrie\/\",\"https:\/\/www.youtube.com\/user\/FracarroOfficial?feature=watch\"]}]}<\/script>\n<!-- \/ Yoast SEO Premium plugin. -->","yoast_head_json":{"title":"MOD-ISOBUS - Fracarro Radioindustrie SRL","robots":{"index":"index","follow":"follow","max-snippet":"max-snippet:-1","max-image-preview":"max-image-preview:large","max-video-preview":"max-video-preview:-1"},"canonical":"https:\/\/fracarro.com\/fr\/product\/910379-mod-isobus\/","og_locale":"fr_FR","og_type":"article","og_title":"MOD-ISOBUS","og_description":"Le MOD-ISOBUS est un dispositif qui permet de r\u00e9g\u00e9n\u00e9rer le BUS RS485, au cas o\u00f9 il serait n\u00e9cessaire de parcourir des distances sup\u00e9rieures \u00e0 celles autoris\u00e9es par les centrales Defender, tout en isolant et en prot\u00e9geant le BUS RS485 et tous les dispositifs connect\u00e9s en amont du module, ce qui permet au syst\u00e8me de fonctionner [...]","og_url":"https:\/\/fracarro.com\/fr\/product\/910379-mod-isobus\/","og_site_name":"Fracarro Radioindustrie SRL","article_publisher":"https:\/\/it-it.facebook.com\/fracarro\/","article_modified_time":"2025-12-03T16:03:10+00:00","og_image":[{"width":1980,"height":1980,"url":"https:\/\/fracarro.com\/wp-content\/uploads\/onpage\/op_image_60cf3d388e4fbc177c0d364c326a09e5a959afab.1980x.webp","type":"image\/webp"}],"twitter_card":"summary_large_image","twitter_site":"@fracarrotweets","schema":{"@context":"https:\/\/schema.org","@graph":[{"@type":"WebPage","@id":"https:\/\/fracarro.com\/fr\/product\/910379-mod-isobus\/","url":"https:\/\/fracarro.com\/fr\/product\/910379-mod-isobus\/","name":"MOD-ISOBUS - Fracarro Radioindustrie SRL","isPartOf":{"@id":"https:\/\/fracarro.com\/fr\/#website"},"primaryImageOfPage":{"@id":"https:\/\/fracarro.com\/fr\/product\/910379-mod-isobus\/#primaryimage"},"image":{"@id":"https:\/\/fracarro.com\/fr\/product\/910379-mod-isobus\/#primaryimage"},"thumbnailUrl":"https:\/\/fracarro.com\/wp-content\/uploads\/onpage\/op_image_60cf3d388e4fbc177c0d364c326a09e5a959afab.1980x.webp","datePublished":"2023-06-12T12:55:45+00:00","dateModified":"2025-12-03T16:03:10+00:00","breadcrumb":{"@id":"https:\/\/fracarro.com\/fr\/product\/910379-mod-isobus\/#breadcrumb"},"inLanguage":"fr-FR","potentialAction":[{"@type":"ReadAction","target":["https:\/\/fracarro.com\/fr\/product\/910379-mod-isobus\/"]}]},{"@type":"ImageObject","inLanguage":"fr-FR","@id":"https:\/\/fracarro.com\/fr\/product\/910379-mod-isobus\/#primaryimage","url":"https:\/\/fracarro.com\/wp-content\/uploads\/onpage\/op_image_60cf3d388e4fbc177c0d364c326a09e5a959afab.1980x.webp","contentUrl":"https:\/\/fracarro.com\/wp-content\/uploads\/onpage\/op_image_60cf3d388e4fbc177c0d364c326a09e5a959afab.1980x.webp","width":1980,"height":1980},{"@type":"BreadcrumbList","@id":"https:\/\/fracarro.com\/fr\/product\/910379-mod-isobus\/#breadcrumb","itemListElement":[{"@type":"ListItem","position":1,"name":"Home","item":"https:\/\/fracarro.com\/fr\/"},{"@type":"ListItem","position":2,"name":"Solutions","item":"https:\/\/fracarro.com\/it\/solutions\/"},{"@type":"ListItem","position":3,"name":"MOD-ISOBUS"}]},{"@type":"WebSite","@id":"https:\/\/fracarro.com\/fr\/#website","url":"https:\/\/fracarro.com\/fr\/","name":"Fracarro Radioindustrie SRL","description":"","publisher":{"@id":"https:\/\/fracarro.com\/fr\/#organization"},"potentialAction":[{"@type":"SearchAction","target":{"@type":"EntryPoint","urlTemplate":"https:\/\/fracarro.com\/fr\/?s={search_term_string}"},"query-input":{"@type":"PropertyValueSpecification","valueRequired":true,"valueName":"search_term_string"}}],"inLanguage":"fr-FR"},{"@type":"Organization","@id":"https:\/\/fracarro.com\/fr\/#organization","name":"Fracarro Radioindustrie SRL","url":"https:\/\/fracarro.com\/fr\/","logo":{"@type":"ImageObject","inLanguage":"fr-FR","@id":"https:\/\/fracarro.com\/fr\/#\/schema\/logo\/image\/","url":"https:\/\/fracarro.com\/wp-content\/uploads\/2020\/09\/Fracarro-logo530x67.png","contentUrl":"https:\/\/fracarro.com\/wp-content\/uploads\/2020\/09\/Fracarro-logo530x67.png","width":530,"height":67,"caption":"Fracarro Radioindustrie SRL"},"image":{"@id":"https:\/\/fracarro.com\/fr\/#\/schema\/logo\/image\/"},"sameAs":["https:\/\/it-it.facebook.com\/fracarro\/","https:\/\/x.com\/fracarrotweets","https:\/\/it.linkedin.com\/company\/fracarro-radioindustrie","https:\/\/www.instagram.com\/fracarroradioindustrie\/","https:\/\/www.youtube.com\/user\/FracarroOfficial?feature=watch"]}]}},"_links":{"self":[{"href":"https:\/\/fracarro.com\/fr\/wp-json\/wp\/v2\/product\/183410","targetHints":{"allow":["GET"]}}],"collection":[{"href":"https:\/\/fracarro.com\/fr\/wp-json\/wp\/v2\/product"}],"about":[{"href":"https:\/\/fracarro.com\/fr\/wp-json\/wp\/v2\/types\/product"}],"wp:featuredmedia":[{"embeddable":true,"href":"https:\/\/fracarro.com\/fr\/wp-json\/wp\/v2\/media\/110361"}],"wp:attachment":[{"href":"https:\/\/fracarro.com\/fr\/wp-json\/wp\/v2\/media?parent=183410"}],"wp:term":[{"taxonomy":"product_brand","embeddable":true,"href":"https:\/\/fracarro.com\/fr\/wp-json\/wp\/v2\/product_brand?post=183410"},{"taxonomy":"product_cat","embeddable":true,"href":"https:\/\/fracarro.com\/fr\/wp-json\/wp\/v2\/product_cat?post=183410"},{"taxonomy":"product_tag","embeddable":true,"href":"https:\/\/fracarro.com\/fr\/wp-json\/wp\/v2\/product_tag?post=183410"}],"curies":[{"name":"wp","href":"https:\/\/api.w.org\/{rel}","templated":true}]}}