{"id":183555,"date":"2023-06-12T12:55:53","date_gmt":"2023-06-12T12:55:53","guid":{"rendered":""},"modified":"2025-12-03T16:03:10","modified_gmt":"2025-12-03T16:03:10","slug":"213231-elika-pro-700-c","status":"publish","type":"product","link":"https:\/\/fracarro.com\/fr\/product\/213231-elika-pro-700-c\/","title":{"rendered":"ELIKA PRO 700 C"},"content":{"rendered":"<p>Antenne <strong>active h\u00e9lico\u00efdale<\/strong> de <strong>bande UHF<\/strong> avec connecteur F, continuit\u00e9 de la technologie Loop Yagi adopt\u00e9e par Fracarro<br \/>.Syst\u00e8me de pointage via la LED et contr\u00f4le automatique du gain (CAG).El\u00e9ments pr\u00e9mont\u00e9s, dip\u00f4le et r\u00e9flecteurs \u00e0 insertion rapide et fixation au m\u00e2t avec r\u00e9glage vertical de s\u00e9rie avec <strong>vis papillon<\/strong> pour le montage<strong>sans outils<\/strong>.<br \/><strong>Filtre LTE<\/strong> int\u00e9gr\u00e9 dans le dip\u00f4le.<br \/><strong>Gain \u00e9l\u00e9v\u00e9<\/strong>, <strong>directivit\u00e9 extraordinaire<\/strong> absence presque totale des lobes lat\u00e9raux.<br \/><strong>Design Elika<\/strong> exclusif <strong>brevet\u00e9<\/strong> par Fracarro.<\/p>\n","protected":false},"excerpt":{"rendered":"<p>Antenne active h\u00e9lico\u00efdale de bande UHF avec connecteur F, continuit\u00e9 de la technologie Loop Yagi adopt\u00e9e par Fracarro.Syst\u00e8me de pointage via la LED et contr\u00f4le automatique du gain (CAG).El\u00e9ments pr\u00e9mont\u00e9s, dip\u00f4le et r\u00e9flecteurs \u00e0 insertion rapide et fixation au m\u00e2t avec r\u00e9glage vertical de s\u00e9rie avec vis papillon pour le montagesans outils.Filtre LTE int\u00e9gr\u00e9 dans  [&#8230;]<\/p>\n","protected":false},"featured_media":99526,"template":"","meta":[],"product_brand":[],"product_cat":[53202],"product_tag":[],"class_list":{"0":"post-183555","1":"product","2":"type-product","3":"status-publish","4":"has-post-thumbnail","6":"product_cat-serie-elika-700-uhf","8":"first","9":"instock","10":"shipping-taxable","11":"product-type-simple"},"yoast_head":"<!-- This site is optimized with the Yoast SEO Premium plugin v26.5 (Yoast SEO v26.7) - https:\/\/yoast.com\/wordpress\/plugins\/seo\/ -->\n<title>ELIKA PRO 700 C - Fracarro Radioindustrie SRL<\/title>\n<meta name=\"robots\" content=\"index, follow, max-snippet:-1, max-image-preview:large, max-video-preview:-1\" \/>\n<link rel=\"canonical\" href=\"https:\/\/fracarro.com\/fr\/product\/213231-elika-pro-700-c\/\" \/>\n<meta property=\"og:locale\" content=\"fr_FR\" \/>\n<meta property=\"og:type\" content=\"article\" \/>\n<meta property=\"og:title\" content=\"ELIKA PRO 700 C\" \/>\n<meta property=\"og:description\" content=\"Antenne active h\u00e9lico\u00efdale de bande UHF avec connecteur F, continuit\u00e9 de la technologie Loop Yagi adopt\u00e9e par Fracarro.Syst\u00e8me de pointage via la LED et contr\u00f4le automatique du gain (CAG).El\u00e9ments pr\u00e9mont\u00e9s, dip\u00f4le et r\u00e9flecteurs \u00e0 insertion rapide et fixation au m\u00e2t avec r\u00e9glage vertical de s\u00e9rie avec vis papillon pour le montagesans outils.Filtre LTE int\u00e9gr\u00e9 dans [...]\" \/>\n<meta property=\"og:url\" content=\"https:\/\/fracarro.com\/fr\/product\/213231-elika-pro-700-c\/\" \/>\n<meta property=\"og:site_name\" content=\"Fracarro Radioindustrie SRL\" \/>\n<meta property=\"article:publisher\" content=\"https:\/\/it-it.facebook.com\/fracarro\/\" \/>\n<meta property=\"article:modified_time\" content=\"2025-12-03T16:03:10+00:00\" \/>\n<meta property=\"og:image\" content=\"https:\/\/fracarro.com\/wp-content\/uploads\/onpage\/op_image_8dfbd674e8ca9e557a0534e8f76c013d15af782e.1980x.webp\" \/>\n\t<meta property=\"og:image:width\" content=\"1980\" \/>\n\t<meta property=\"og:image:height\" content=\"1980\" \/>\n\t<meta property=\"og:image:type\" content=\"image\/webp\" \/>\n<meta name=\"twitter:card\" content=\"summary_large_image\" \/>\n<meta name=\"twitter:site\" content=\"@fracarrotweets\" \/>\n<script type=\"application\/ld+json\" class=\"yoast-schema-graph\">{\"@context\":\"https:\/\/schema.org\",\"@graph\":[{\"@type\":\"WebPage\",\"@id\":\"https:\/\/fracarro.com\/fr\/product\/213231-elika-pro-700-c\/\",\"url\":\"https:\/\/fracarro.com\/fr\/product\/213231-elika-pro-700-c\/\",\"name\":\"ELIKA PRO 700 C - Fracarro Radioindustrie SRL\",\"isPartOf\":{\"@id\":\"https:\/\/fracarro.com\/fr\/#website\"},\"primaryImageOfPage\":{\"@id\":\"https:\/\/fracarro.com\/fr\/product\/213231-elika-pro-700-c\/#primaryimage\"},\"image\":{\"@id\":\"https:\/\/fracarro.com\/fr\/product\/213231-elika-pro-700-c\/#primaryimage\"},\"thumbnailUrl\":\"https:\/\/fracarro.com\/wp-content\/uploads\/onpage\/op_image_8dfbd674e8ca9e557a0534e8f76c013d15af782e.1980x.webp\",\"datePublished\":\"2023-06-12T12:55:53+00:00\",\"dateModified\":\"2025-12-03T16:03:10+00:00\",\"breadcrumb\":{\"@id\":\"https:\/\/fracarro.com\/fr\/product\/213231-elika-pro-700-c\/#breadcrumb\"},\"inLanguage\":\"fr-FR\",\"potentialAction\":[{\"@type\":\"ReadAction\",\"target\":[\"https:\/\/fracarro.com\/fr\/product\/213231-elika-pro-700-c\/\"]}]},{\"@type\":\"ImageObject\",\"inLanguage\":\"fr-FR\",\"@id\":\"https:\/\/fracarro.com\/fr\/product\/213231-elika-pro-700-c\/#primaryimage\",\"url\":\"https:\/\/fracarro.com\/wp-content\/uploads\/onpage\/op_image_8dfbd674e8ca9e557a0534e8f76c013d15af782e.1980x.webp\",\"contentUrl\":\"https:\/\/fracarro.com\/wp-content\/uploads\/onpage\/op_image_8dfbd674e8ca9e557a0534e8f76c013d15af782e.1980x.webp\",\"width\":1980,\"height\":1980},{\"@type\":\"BreadcrumbList\",\"@id\":\"https:\/\/fracarro.com\/fr\/product\/213231-elika-pro-700-c\/#breadcrumb\",\"itemListElement\":[{\"@type\":\"ListItem\",\"position\":1,\"name\":\"Home\",\"item\":\"https:\/\/fracarro.com\/fr\/\"},{\"@type\":\"ListItem\",\"position\":2,\"name\":\"Solutions\",\"item\":\"https:\/\/fracarro.com\/it\/solutions\/\"},{\"@type\":\"ListItem\",\"position\":3,\"name\":\"ELIKA PRO 700 C\"}]},{\"@type\":\"WebSite\",\"@id\":\"https:\/\/fracarro.com\/fr\/#website\",\"url\":\"https:\/\/fracarro.com\/fr\/\",\"name\":\"Fracarro Radioindustrie SRL\",\"description\":\"\",\"publisher\":{\"@id\":\"https:\/\/fracarro.com\/fr\/#organization\"},\"potentialAction\":[{\"@type\":\"SearchAction\",\"target\":{\"@type\":\"EntryPoint\",\"urlTemplate\":\"https:\/\/fracarro.com\/fr\/?s={search_term_string}\"},\"query-input\":{\"@type\":\"PropertyValueSpecification\",\"valueRequired\":true,\"valueName\":\"search_term_string\"}}],\"inLanguage\":\"fr-FR\"},{\"@type\":\"Organization\",\"@id\":\"https:\/\/fracarro.com\/fr\/#organization\",\"name\":\"Fracarro Radioindustrie SRL\",\"url\":\"https:\/\/fracarro.com\/fr\/\",\"logo\":{\"@type\":\"ImageObject\",\"inLanguage\":\"fr-FR\",\"@id\":\"https:\/\/fracarro.com\/fr\/#\/schema\/logo\/image\/\",\"url\":\"https:\/\/fracarro.com\/wp-content\/uploads\/2020\/09\/Fracarro-logo530x67.png\",\"contentUrl\":\"https:\/\/fracarro.com\/wp-content\/uploads\/2020\/09\/Fracarro-logo530x67.png\",\"width\":530,\"height\":67,\"caption\":\"Fracarro Radioindustrie SRL\"},\"image\":{\"@id\":\"https:\/\/fracarro.com\/fr\/#\/schema\/logo\/image\/\"},\"sameAs\":[\"https:\/\/it-it.facebook.com\/fracarro\/\",\"https:\/\/x.com\/fracarrotweets\",\"https:\/\/it.linkedin.com\/company\/fracarro-radioindustrie\",\"https:\/\/www.instagram.com\/fracarroradioindustrie\/\",\"https:\/\/www.youtube.com\/user\/FracarroOfficial?feature=watch\"]}]}<\/script>\n<!-- \/ Yoast SEO Premium plugin. -->","yoast_head_json":{"title":"ELIKA PRO 700 C - Fracarro Radioindustrie SRL","robots":{"index":"index","follow":"follow","max-snippet":"max-snippet:-1","max-image-preview":"max-image-preview:large","max-video-preview":"max-video-preview:-1"},"canonical":"https:\/\/fracarro.com\/fr\/product\/213231-elika-pro-700-c\/","og_locale":"fr_FR","og_type":"article","og_title":"ELIKA PRO 700 C","og_description":"Antenne active h\u00e9lico\u00efdale de bande UHF avec connecteur F, continuit\u00e9 de la technologie Loop Yagi adopt\u00e9e par Fracarro.Syst\u00e8me de pointage via la LED et contr\u00f4le automatique du gain (CAG).El\u00e9ments pr\u00e9mont\u00e9s, dip\u00f4le et r\u00e9flecteurs \u00e0 insertion rapide et fixation au m\u00e2t avec r\u00e9glage vertical de s\u00e9rie avec vis papillon pour le montagesans outils.Filtre LTE int\u00e9gr\u00e9 dans [...]","og_url":"https:\/\/fracarro.com\/fr\/product\/213231-elika-pro-700-c\/","og_site_name":"Fracarro Radioindustrie SRL","article_publisher":"https:\/\/it-it.facebook.com\/fracarro\/","article_modified_time":"2025-12-03T16:03:10+00:00","og_image":[{"width":1980,"height":1980,"url":"https:\/\/fracarro.com\/wp-content\/uploads\/onpage\/op_image_8dfbd674e8ca9e557a0534e8f76c013d15af782e.1980x.webp","type":"image\/webp"}],"twitter_card":"summary_large_image","twitter_site":"@fracarrotweets","schema":{"@context":"https:\/\/schema.org","@graph":[{"@type":"WebPage","@id":"https:\/\/fracarro.com\/fr\/product\/213231-elika-pro-700-c\/","url":"https:\/\/fracarro.com\/fr\/product\/213231-elika-pro-700-c\/","name":"ELIKA PRO 700 C - Fracarro Radioindustrie SRL","isPartOf":{"@id":"https:\/\/fracarro.com\/fr\/#website"},"primaryImageOfPage":{"@id":"https:\/\/fracarro.com\/fr\/product\/213231-elika-pro-700-c\/#primaryimage"},"image":{"@id":"https:\/\/fracarro.com\/fr\/product\/213231-elika-pro-700-c\/#primaryimage"},"thumbnailUrl":"https:\/\/fracarro.com\/wp-content\/uploads\/onpage\/op_image_8dfbd674e8ca9e557a0534e8f76c013d15af782e.1980x.webp","datePublished":"2023-06-12T12:55:53+00:00","dateModified":"2025-12-03T16:03:10+00:00","breadcrumb":{"@id":"https:\/\/fracarro.com\/fr\/product\/213231-elika-pro-700-c\/#breadcrumb"},"inLanguage":"fr-FR","potentialAction":[{"@type":"ReadAction","target":["https:\/\/fracarro.com\/fr\/product\/213231-elika-pro-700-c\/"]}]},{"@type":"ImageObject","inLanguage":"fr-FR","@id":"https:\/\/fracarro.com\/fr\/product\/213231-elika-pro-700-c\/#primaryimage","url":"https:\/\/fracarro.com\/wp-content\/uploads\/onpage\/op_image_8dfbd674e8ca9e557a0534e8f76c013d15af782e.1980x.webp","contentUrl":"https:\/\/fracarro.com\/wp-content\/uploads\/onpage\/op_image_8dfbd674e8ca9e557a0534e8f76c013d15af782e.1980x.webp","width":1980,"height":1980},{"@type":"BreadcrumbList","@id":"https:\/\/fracarro.com\/fr\/product\/213231-elika-pro-700-c\/#breadcrumb","itemListElement":[{"@type":"ListItem","position":1,"name":"Home","item":"https:\/\/fracarro.com\/fr\/"},{"@type":"ListItem","position":2,"name":"Solutions","item":"https:\/\/fracarro.com\/it\/solutions\/"},{"@type":"ListItem","position":3,"name":"ELIKA PRO 700 C"}]},{"@type":"WebSite","@id":"https:\/\/fracarro.com\/fr\/#website","url":"https:\/\/fracarro.com\/fr\/","name":"Fracarro Radioindustrie SRL","description":"","publisher":{"@id":"https:\/\/fracarro.com\/fr\/#organization"},"potentialAction":[{"@type":"SearchAction","target":{"@type":"EntryPoint","urlTemplate":"https:\/\/fracarro.com\/fr\/?s={search_term_string}"},"query-input":{"@type":"PropertyValueSpecification","valueRequired":true,"valueName":"search_term_string"}}],"inLanguage":"fr-FR"},{"@type":"Organization","@id":"https:\/\/fracarro.com\/fr\/#organization","name":"Fracarro Radioindustrie SRL","url":"https:\/\/fracarro.com\/fr\/","logo":{"@type":"ImageObject","inLanguage":"fr-FR","@id":"https:\/\/fracarro.com\/fr\/#\/schema\/logo\/image\/","url":"https:\/\/fracarro.com\/wp-content\/uploads\/2020\/09\/Fracarro-logo530x67.png","contentUrl":"https:\/\/fracarro.com\/wp-content\/uploads\/2020\/09\/Fracarro-logo530x67.png","width":530,"height":67,"caption":"Fracarro Radioindustrie SRL"},"image":{"@id":"https:\/\/fracarro.com\/fr\/#\/schema\/logo\/image\/"},"sameAs":["https:\/\/it-it.facebook.com\/fracarro\/","https:\/\/x.com\/fracarrotweets","https:\/\/it.linkedin.com\/company\/fracarro-radioindustrie","https:\/\/www.instagram.com\/fracarroradioindustrie\/","https:\/\/www.youtube.com\/user\/FracarroOfficial?feature=watch"]}]}},"_links":{"self":[{"href":"https:\/\/fracarro.com\/fr\/wp-json\/wp\/v2\/product\/183555","targetHints":{"allow":["GET"]}}],"collection":[{"href":"https:\/\/fracarro.com\/fr\/wp-json\/wp\/v2\/product"}],"about":[{"href":"https:\/\/fracarro.com\/fr\/wp-json\/wp\/v2\/types\/product"}],"wp:featuredmedia":[{"embeddable":true,"href":"https:\/\/fracarro.com\/fr\/wp-json\/wp\/v2\/media\/99526"}],"wp:attachment":[{"href":"https:\/\/fracarro.com\/fr\/wp-json\/wp\/v2\/media?parent=183555"}],"wp:term":[{"taxonomy":"product_brand","embeddable":true,"href":"https:\/\/fracarro.com\/fr\/wp-json\/wp\/v2\/product_brand?post=183555"},{"taxonomy":"product_cat","embeddable":true,"href":"https:\/\/fracarro.com\/fr\/wp-json\/wp\/v2\/product_cat?post=183555"},{"taxonomy":"product_tag","embeddable":true,"href":"https:\/\/fracarro.com\/fr\/wp-json\/wp\/v2\/product_tag?post=183555"}],"curies":[{"name":"wp","href":"https:\/\/api.w.org\/{rel}","templated":true}]}}