{"id":184565,"date":"2023-06-12T12:57:02","date_gmt":"2023-06-12T12:57:02","guid":{"rendered":""},"modified":"2025-12-03T16:03:10","modified_gmt":"2025-12-03T16:03:10","slug":"287635-gx-box-dp","status":"publish","type":"product","link":"https:\/\/fracarro.com\/fr\/product\/287635-gx-box-dp\/","title":{"rendered":"GX-BOX-DP"},"content":{"rendered":"<p><strong>GALAXIA est la solution modulaire \u00e0 haute densit\u00e9 de Fracarro<\/strong>, id\u00e9ale pour les applications professionnelles. La solution est native IP et peut r\u00e9pondre \u00e0 toutes les exigences en mati\u00e8re de distribution de contenu audio et vid\u00e9o.<\/p>\n<p>L&rsquo;unit\u00e9 de contr\u00f4le GALAXIA est \u00e9quip\u00e9e de<strong> 6 slots <\/strong>dans lesquels diff\u00e9rents types de modules peuvent \u00eatre install\u00e9s et m\u00e9lang\u00e9s, par exemple des encodeurs ( <strong>carte HDMI multi entr\u00e9es<\/strong>), des r\u00e9cepteurs <strong>DVB-C, DVB-S2X\/S2 ou DVB-T2\/T<\/strong> et des cartes multi-modulateurs DVB-T ou DVB-C. La plateforme num\u00e9rique GALAXIA est une solution compl\u00e8te pour tous les besoins majeurs de transmission vid\u00e9o pour la r\u00e9ception du signal, le d\u00e9codage, l&rsquo;encodage, le multiplexage, la modulation coaxiale et l&rsquo;IPTV (unicast et multicast SPTS\/MPTS).<\/p>\n<p>La solution GALAXIA est le choix id\u00e9al pour le secteur de l&rsquo;h\u00f4tellerie<strong>(h\u00f4tels, villages, campings, stations baln\u00e9aires<\/strong>), de l&rsquo;\u00e9ducation (\u00e9coles, campus universitaires), de la sant\u00e9 (h\u00f4pitaux, maisons de retraite), des prisons, des navires, des b\u00e2timents institutionnels et, de mani\u00e8re g\u00e9n\u00e9rale, pour toutes les installations multi-utilisateurs.<\/p>\n<p>Le centre de contr\u00f4le <strong>GALAXIA <\/strong>est \u00e9galement la solution id\u00e9ale pour g\u00e9rer le contenu IPTV et le distribuer sur le r\u00e9seau IP via les <strong>solutions GPON de FRACARRO<\/strong>.<\/p>\n","protected":false},"excerpt":{"rendered":"<p>GALAXIA est la solution modulaire \u00e0 haute densit\u00e9 de Fracarro, id\u00e9ale pour les applications professionnelles. La solution est native IP et peut r\u00e9pondre \u00e0 toutes les exigences en mati\u00e8re de distribution de contenu audio et vid\u00e9o. L&rsquo;unit\u00e9 de contr\u00f4le GALAXIA est \u00e9quip\u00e9e de 6 slots dans lesquels diff\u00e9rents types de modules peuvent \u00eatre install\u00e9s et  [&#8230;]<\/p>\n","protected":false},"featured_media":140040,"template":"","meta":[],"product_brand":[],"product_cat":[53386],"product_tag":[],"class_list":{"0":"post-184565","1":"product","2":"type-product","3":"status-publish","4":"has-post-thumbnail","6":"product_cat-ser-chassis-galaxia","8":"first","9":"instock","10":"shipping-taxable","11":"product-type-simple"},"yoast_head":"<!-- This site is optimized with the Yoast SEO Premium plugin v26.5 (Yoast SEO v26.7) - https:\/\/yoast.com\/wordpress\/plugins\/seo\/ -->\n<title>GX-BOX-DP - Fracarro Radioindustrie SRL<\/title>\n<meta name=\"robots\" content=\"index, follow, max-snippet:-1, max-image-preview:large, max-video-preview:-1\" \/>\n<link rel=\"canonical\" href=\"https:\/\/fracarro.com\/fr\/product\/287635-gx-box-dp\/\" \/>\n<meta property=\"og:locale\" content=\"fr_FR\" \/>\n<meta property=\"og:type\" content=\"article\" \/>\n<meta property=\"og:title\" content=\"GX-BOX-DP\" \/>\n<meta property=\"og:description\" content=\"GALAXIA est la solution modulaire \u00e0 haute densit\u00e9 de Fracarro, id\u00e9ale pour les applications professionnelles. La solution est native IP et peut r\u00e9pondre \u00e0 toutes les exigences en mati\u00e8re de distribution de contenu audio et vid\u00e9o. L&rsquo;unit\u00e9 de contr\u00f4le GALAXIA est \u00e9quip\u00e9e de 6 slots dans lesquels diff\u00e9rents types de modules peuvent \u00eatre install\u00e9s et [...]\" \/>\n<meta property=\"og:url\" content=\"https:\/\/fracarro.com\/fr\/product\/287635-gx-box-dp\/\" \/>\n<meta property=\"og:site_name\" content=\"Fracarro Radioindustrie SRL\" \/>\n<meta property=\"article:publisher\" content=\"https:\/\/it-it.facebook.com\/fracarro\/\" \/>\n<meta property=\"article:modified_time\" content=\"2025-12-03T16:03:10+00:00\" \/>\n<meta property=\"og:image\" content=\"https:\/\/fracarro.com\/wp-content\/uploads\/onpage\/op_image_6205290db099e540a395c8aa47142a0c640ebc6f.1980x.webp\" \/>\n\t<meta property=\"og:image:width\" content=\"1980\" \/>\n\t<meta property=\"og:image:height\" content=\"1980\" \/>\n\t<meta property=\"og:image:type\" content=\"image\/webp\" \/>\n<meta name=\"twitter:card\" content=\"summary_large_image\" \/>\n<meta name=\"twitter:site\" content=\"@fracarrotweets\" \/>\n<meta name=\"twitter:label1\" content=\"Dur\u00e9e de lecture estim\u00e9e\" \/>\n\t<meta name=\"twitter:data1\" content=\"1 minute\" \/>\n<script type=\"application\/ld+json\" class=\"yoast-schema-graph\">{\"@context\":\"https:\/\/schema.org\",\"@graph\":[{\"@type\":\"WebPage\",\"@id\":\"https:\/\/fracarro.com\/fr\/product\/287635-gx-box-dp\/\",\"url\":\"https:\/\/fracarro.com\/fr\/product\/287635-gx-box-dp\/\",\"name\":\"GX-BOX-DP - Fracarro Radioindustrie SRL\",\"isPartOf\":{\"@id\":\"https:\/\/fracarro.com\/fr\/#website\"},\"primaryImageOfPage\":{\"@id\":\"https:\/\/fracarro.com\/fr\/product\/287635-gx-box-dp\/#primaryimage\"},\"image\":{\"@id\":\"https:\/\/fracarro.com\/fr\/product\/287635-gx-box-dp\/#primaryimage\"},\"thumbnailUrl\":\"https:\/\/fracarro.com\/wp-content\/uploads\/onpage\/op_image_6205290db099e540a395c8aa47142a0c640ebc6f.1980x.webp\",\"datePublished\":\"2023-06-12T12:57:02+00:00\",\"dateModified\":\"2025-12-03T16:03:10+00:00\",\"breadcrumb\":{\"@id\":\"https:\/\/fracarro.com\/fr\/product\/287635-gx-box-dp\/#breadcrumb\"},\"inLanguage\":\"fr-FR\",\"potentialAction\":[{\"@type\":\"ReadAction\",\"target\":[\"https:\/\/fracarro.com\/fr\/product\/287635-gx-box-dp\/\"]}]},{\"@type\":\"ImageObject\",\"inLanguage\":\"fr-FR\",\"@id\":\"https:\/\/fracarro.com\/fr\/product\/287635-gx-box-dp\/#primaryimage\",\"url\":\"https:\/\/fracarro.com\/wp-content\/uploads\/onpage\/op_image_6205290db099e540a395c8aa47142a0c640ebc6f.1980x.webp\",\"contentUrl\":\"https:\/\/fracarro.com\/wp-content\/uploads\/onpage\/op_image_6205290db099e540a395c8aa47142a0c640ebc6f.1980x.webp\",\"width\":1980,\"height\":1980},{\"@type\":\"BreadcrumbList\",\"@id\":\"https:\/\/fracarro.com\/fr\/product\/287635-gx-box-dp\/#breadcrumb\",\"itemListElement\":[{\"@type\":\"ListItem\",\"position\":1,\"name\":\"Home\",\"item\":\"https:\/\/fracarro.com\/fr\/\"},{\"@type\":\"ListItem\",\"position\":2,\"name\":\"Solutions\",\"item\":\"https:\/\/fracarro.com\/it\/solutions\/\"},{\"@type\":\"ListItem\",\"position\":3,\"name\":\"GX-BOX-DP\"}]},{\"@type\":\"WebSite\",\"@id\":\"https:\/\/fracarro.com\/fr\/#website\",\"url\":\"https:\/\/fracarro.com\/fr\/\",\"name\":\"Fracarro Radioindustrie SRL\",\"description\":\"\",\"publisher\":{\"@id\":\"https:\/\/fracarro.com\/fr\/#organization\"},\"potentialAction\":[{\"@type\":\"SearchAction\",\"target\":{\"@type\":\"EntryPoint\",\"urlTemplate\":\"https:\/\/fracarro.com\/fr\/?s={search_term_string}\"},\"query-input\":{\"@type\":\"PropertyValueSpecification\",\"valueRequired\":true,\"valueName\":\"search_term_string\"}}],\"inLanguage\":\"fr-FR\"},{\"@type\":\"Organization\",\"@id\":\"https:\/\/fracarro.com\/fr\/#organization\",\"name\":\"Fracarro Radioindustrie SRL\",\"url\":\"https:\/\/fracarro.com\/fr\/\",\"logo\":{\"@type\":\"ImageObject\",\"inLanguage\":\"fr-FR\",\"@id\":\"https:\/\/fracarro.com\/fr\/#\/schema\/logo\/image\/\",\"url\":\"https:\/\/fracarro.com\/wp-content\/uploads\/2020\/09\/Fracarro-logo530x67.png\",\"contentUrl\":\"https:\/\/fracarro.com\/wp-content\/uploads\/2020\/09\/Fracarro-logo530x67.png\",\"width\":530,\"height\":67,\"caption\":\"Fracarro Radioindustrie SRL\"},\"image\":{\"@id\":\"https:\/\/fracarro.com\/fr\/#\/schema\/logo\/image\/\"},\"sameAs\":[\"https:\/\/it-it.facebook.com\/fracarro\/\",\"https:\/\/x.com\/fracarrotweets\",\"https:\/\/it.linkedin.com\/company\/fracarro-radioindustrie\",\"https:\/\/www.instagram.com\/fracarroradioindustrie\/\",\"https:\/\/www.youtube.com\/user\/FracarroOfficial?feature=watch\"]}]}<\/script>\n<!-- \/ Yoast SEO Premium plugin. -->","yoast_head_json":{"title":"GX-BOX-DP - Fracarro Radioindustrie SRL","robots":{"index":"index","follow":"follow","max-snippet":"max-snippet:-1","max-image-preview":"max-image-preview:large","max-video-preview":"max-video-preview:-1"},"canonical":"https:\/\/fracarro.com\/fr\/product\/287635-gx-box-dp\/","og_locale":"fr_FR","og_type":"article","og_title":"GX-BOX-DP","og_description":"GALAXIA est la solution modulaire \u00e0 haute densit\u00e9 de Fracarro, id\u00e9ale pour les applications professionnelles. La solution est native IP et peut r\u00e9pondre \u00e0 toutes les exigences en mati\u00e8re de distribution de contenu audio et vid\u00e9o. L&rsquo;unit\u00e9 de contr\u00f4le GALAXIA est \u00e9quip\u00e9e de 6 slots dans lesquels diff\u00e9rents types de modules peuvent \u00eatre install\u00e9s et [...]","og_url":"https:\/\/fracarro.com\/fr\/product\/287635-gx-box-dp\/","og_site_name":"Fracarro Radioindustrie SRL","article_publisher":"https:\/\/it-it.facebook.com\/fracarro\/","article_modified_time":"2025-12-03T16:03:10+00:00","og_image":[{"width":1980,"height":1980,"url":"https:\/\/fracarro.com\/wp-content\/uploads\/onpage\/op_image_6205290db099e540a395c8aa47142a0c640ebc6f.1980x.webp","type":"image\/webp"}],"twitter_card":"summary_large_image","twitter_site":"@fracarrotweets","twitter_misc":{"Dur\u00e9e de lecture estim\u00e9e":"1 minute"},"schema":{"@context":"https:\/\/schema.org","@graph":[{"@type":"WebPage","@id":"https:\/\/fracarro.com\/fr\/product\/287635-gx-box-dp\/","url":"https:\/\/fracarro.com\/fr\/product\/287635-gx-box-dp\/","name":"GX-BOX-DP - Fracarro Radioindustrie SRL","isPartOf":{"@id":"https:\/\/fracarro.com\/fr\/#website"},"primaryImageOfPage":{"@id":"https:\/\/fracarro.com\/fr\/product\/287635-gx-box-dp\/#primaryimage"},"image":{"@id":"https:\/\/fracarro.com\/fr\/product\/287635-gx-box-dp\/#primaryimage"},"thumbnailUrl":"https:\/\/fracarro.com\/wp-content\/uploads\/onpage\/op_image_6205290db099e540a395c8aa47142a0c640ebc6f.1980x.webp","datePublished":"2023-06-12T12:57:02+00:00","dateModified":"2025-12-03T16:03:10+00:00","breadcrumb":{"@id":"https:\/\/fracarro.com\/fr\/product\/287635-gx-box-dp\/#breadcrumb"},"inLanguage":"fr-FR","potentialAction":[{"@type":"ReadAction","target":["https:\/\/fracarro.com\/fr\/product\/287635-gx-box-dp\/"]}]},{"@type":"ImageObject","inLanguage":"fr-FR","@id":"https:\/\/fracarro.com\/fr\/product\/287635-gx-box-dp\/#primaryimage","url":"https:\/\/fracarro.com\/wp-content\/uploads\/onpage\/op_image_6205290db099e540a395c8aa47142a0c640ebc6f.1980x.webp","contentUrl":"https:\/\/fracarro.com\/wp-content\/uploads\/onpage\/op_image_6205290db099e540a395c8aa47142a0c640ebc6f.1980x.webp","width":1980,"height":1980},{"@type":"BreadcrumbList","@id":"https:\/\/fracarro.com\/fr\/product\/287635-gx-box-dp\/#breadcrumb","itemListElement":[{"@type":"ListItem","position":1,"name":"Home","item":"https:\/\/fracarro.com\/fr\/"},{"@type":"ListItem","position":2,"name":"Solutions","item":"https:\/\/fracarro.com\/it\/solutions\/"},{"@type":"ListItem","position":3,"name":"GX-BOX-DP"}]},{"@type":"WebSite","@id":"https:\/\/fracarro.com\/fr\/#website","url":"https:\/\/fracarro.com\/fr\/","name":"Fracarro Radioindustrie SRL","description":"","publisher":{"@id":"https:\/\/fracarro.com\/fr\/#organization"},"potentialAction":[{"@type":"SearchAction","target":{"@type":"EntryPoint","urlTemplate":"https:\/\/fracarro.com\/fr\/?s={search_term_string}"},"query-input":{"@type":"PropertyValueSpecification","valueRequired":true,"valueName":"search_term_string"}}],"inLanguage":"fr-FR"},{"@type":"Organization","@id":"https:\/\/fracarro.com\/fr\/#organization","name":"Fracarro Radioindustrie SRL","url":"https:\/\/fracarro.com\/fr\/","logo":{"@type":"ImageObject","inLanguage":"fr-FR","@id":"https:\/\/fracarro.com\/fr\/#\/schema\/logo\/image\/","url":"https:\/\/fracarro.com\/wp-content\/uploads\/2020\/09\/Fracarro-logo530x67.png","contentUrl":"https:\/\/fracarro.com\/wp-content\/uploads\/2020\/09\/Fracarro-logo530x67.png","width":530,"height":67,"caption":"Fracarro Radioindustrie SRL"},"image":{"@id":"https:\/\/fracarro.com\/fr\/#\/schema\/logo\/image\/"},"sameAs":["https:\/\/it-it.facebook.com\/fracarro\/","https:\/\/x.com\/fracarrotweets","https:\/\/it.linkedin.com\/company\/fracarro-radioindustrie","https:\/\/www.instagram.com\/fracarroradioindustrie\/","https:\/\/www.youtube.com\/user\/FracarroOfficial?feature=watch"]}]}},"_links":{"self":[{"href":"https:\/\/fracarro.com\/fr\/wp-json\/wp\/v2\/product\/184565","targetHints":{"allow":["GET"]}}],"collection":[{"href":"https:\/\/fracarro.com\/fr\/wp-json\/wp\/v2\/product"}],"about":[{"href":"https:\/\/fracarro.com\/fr\/wp-json\/wp\/v2\/types\/product"}],"wp:featuredmedia":[{"embeddable":true,"href":"https:\/\/fracarro.com\/fr\/wp-json\/wp\/v2\/media\/140040"}],"wp:attachment":[{"href":"https:\/\/fracarro.com\/fr\/wp-json\/wp\/v2\/media?parent=184565"}],"wp:term":[{"taxonomy":"product_brand","embeddable":true,"href":"https:\/\/fracarro.com\/fr\/wp-json\/wp\/v2\/product_brand?post=184565"},{"taxonomy":"product_cat","embeddable":true,"href":"https:\/\/fracarro.com\/fr\/wp-json\/wp\/v2\/product_cat?post=184565"},{"taxonomy":"product_tag","embeddable":true,"href":"https:\/\/fracarro.com\/fr\/wp-json\/wp\/v2\/product_tag?post=184565"}],"curies":[{"name":"wp","href":"https:\/\/api.w.org\/{rel}","templated":true}]}}