{"id":185236,"date":"2023-06-28T12:43:24","date_gmt":"2023-06-28T12:43:24","guid":{"rendered":""},"modified":"2025-12-03T16:03:10","modified_gmt":"2025-12-03T16:03:10","slug":"998978-shield-180mw","status":"publish","type":"product","link":"https:\/\/fracarro.com\/fr\/product\/998978-shield-180mw\/","title":{"rendered":"SHIELD 180MW"},"content":{"rendered":"<p>Le d\u00e9tecteur de rideau ext\u00e9rieur Shield 180MW est compos\u00e9 de 5 doubles capteurs PIR passifs, de 2 micro-ondes 24 GHz et de 5 capteurs IR actifs, g\u00e9r\u00e9s par un algorithme sophistiqu\u00e9. L&rsquo;\u00e9lectronique particuli\u00e8rement avanc\u00e9e est con\u00e7ue pour garantir des performances maximales dans les environnements ext\u00e9rieurs. La protection est de type rideau avec deux faisceaux lat\u00e9raux (180\u00b0) de 5\u00b0 (avec une port\u00e9e maximale de 15 m par c\u00f4t\u00e9) et un faisceau frontal, \u00e9galement de 5\u00b0 (port\u00e9e maximale de 1 m), avec une fonction anti-approche. Les PIR inf\u00e9rieurs sont \u00e9galement r\u00e9glables verticalement, ce qui permet d&rsquo;obtenir une port\u00e9e de d\u00e9tection comprise entre 3 et 15 m (ind\u00e9pendante pour chaque c\u00f4t\u00e9) ; la distance des faisceaux lat\u00e9raux par rapport au mur est r\u00e9glable \u00e0 0\u00b0 ou 3\u00b0. Il est \u00e9quip\u00e9 de 4 trimmers pour le r\u00e9glage ind\u00e9pendant du PIR et du MW. Les capteurs, g\u00e9r\u00e9s par un microcontr\u00f4leur, peuvent \u00eatre combin\u00e9s selon les exigences de l&rsquo;installation (triple ET, MW en ET avec chaque PIR, ET des PIR avec MW exclu). La configuration en triple ET permet la discrimination des animaux (Pet-Immunity) des deux c\u00f4t\u00e9s. Gestion ind\u00e9pendante des sorties, de l&rsquo;alarme et de l&rsquo;anti-masquage, par le biais de deux relais \u00e0 semi-conducteurs. Il dispose d&rsquo;un certain nombre de fonctions innovantes telles que la fonction ECO (qui fait que le MW ne s&rsquo;allume qu&rsquo;en cas de d\u00e9tection d&rsquo;un des deux PIR), le CWS (Cross-Walking Sensibility, qui permet de discriminer les directions de travers\u00e9e) et le clever ((PIR1|PIR2) &amp; MW, si l&rsquo;anti-approche est activ\u00e9e). Le d\u00e9tecteur peut \u00eatre fix\u00e9 au mur ou sur un m\u00e2t (hauteur de 1 \u00e0 1,2 m). C<\/p>\n","protected":false},"excerpt":{"rendered":"<p>Le d\u00e9tecteur de rideau ext\u00e9rieur Shield 180MW est compos\u00e9 de 5 doubles capteurs PIR passifs, de 2 micro-ondes 24 GHz et de 5 capteurs IR actifs, g\u00e9r\u00e9s par un algorithme sophistiqu\u00e9. L&rsquo;\u00e9lectronique particuli\u00e8rement avanc\u00e9e est con\u00e7ue pour garantir des performances maximales dans les environnements ext\u00e9rieurs. La protection est de type rideau avec deux faisceaux lat\u00e9raux  [&#8230;]<\/p>\n","protected":false},"featured_media":110322,"template":"","meta":[],"product_brand":[],"product_cat":[53082],"product_tag":[],"class_list":{"0":"post-185236","1":"product","2":"type-product","3":"status-publish","4":"has-post-thumbnail","6":"product_cat-ser-detecteurs-exterieurs","8":"first","9":"instock","10":"shipping-taxable","11":"product-type-simple"},"yoast_head":"<!-- This site is optimized with the Yoast SEO Premium plugin v26.5 (Yoast SEO v26.7) - https:\/\/yoast.com\/wordpress\/plugins\/seo\/ -->\n<title>SHIELD 180MW - Fracarro Radioindustrie SRL<\/title>\n<meta name=\"robots\" content=\"index, follow, max-snippet:-1, max-image-preview:large, max-video-preview:-1\" \/>\n<link rel=\"canonical\" href=\"https:\/\/fracarro.com\/fr\/product\/998978-shield-180mw\/\" \/>\n<meta property=\"og:locale\" content=\"fr_FR\" \/>\n<meta property=\"og:type\" content=\"article\" \/>\n<meta property=\"og:title\" content=\"SHIELD 180MW\" \/>\n<meta property=\"og:description\" content=\"Le d\u00e9tecteur de rideau ext\u00e9rieur Shield 180MW est compos\u00e9 de 5 doubles capteurs PIR passifs, de 2 micro-ondes 24 GHz et de 5 capteurs IR actifs, g\u00e9r\u00e9s par un algorithme sophistiqu\u00e9. L&rsquo;\u00e9lectronique particuli\u00e8rement avanc\u00e9e est con\u00e7ue pour garantir des performances maximales dans les environnements ext\u00e9rieurs. La protection est de type rideau avec deux faisceaux lat\u00e9raux [...]\" \/>\n<meta property=\"og:url\" content=\"https:\/\/fracarro.com\/fr\/product\/998978-shield-180mw\/\" \/>\n<meta property=\"og:site_name\" content=\"Fracarro Radioindustrie SRL\" \/>\n<meta property=\"article:publisher\" content=\"https:\/\/it-it.facebook.com\/fracarro\/\" \/>\n<meta property=\"article:modified_time\" content=\"2025-12-03T16:03:10+00:00\" \/>\n<meta property=\"og:image\" content=\"https:\/\/fracarro.com\/wp-content\/uploads\/onpage\/op_image_ecbe0eb20c9946f38a0d722d904338595a6dc114.1980x.webp\" \/>\n\t<meta property=\"og:image:width\" content=\"1980\" \/>\n\t<meta property=\"og:image:height\" content=\"1980\" \/>\n\t<meta property=\"og:image:type\" content=\"image\/webp\" \/>\n<meta name=\"twitter:card\" content=\"summary_large_image\" \/>\n<meta name=\"twitter:site\" content=\"@fracarrotweets\" \/>\n<meta name=\"twitter:label1\" content=\"Dur\u00e9e de lecture estim\u00e9e\" \/>\n\t<meta name=\"twitter:data1\" content=\"1 minute\" \/>\n<script type=\"application\/ld+json\" class=\"yoast-schema-graph\">{\"@context\":\"https:\/\/schema.org\",\"@graph\":[{\"@type\":\"WebPage\",\"@id\":\"https:\/\/fracarro.com\/fr\/product\/998978-shield-180mw\/\",\"url\":\"https:\/\/fracarro.com\/fr\/product\/998978-shield-180mw\/\",\"name\":\"SHIELD 180MW - Fracarro Radioindustrie SRL\",\"isPartOf\":{\"@id\":\"https:\/\/fracarro.com\/fr\/#website\"},\"primaryImageOfPage\":{\"@id\":\"https:\/\/fracarro.com\/fr\/product\/998978-shield-180mw\/#primaryimage\"},\"image\":{\"@id\":\"https:\/\/fracarro.com\/fr\/product\/998978-shield-180mw\/#primaryimage\"},\"thumbnailUrl\":\"https:\/\/fracarro.com\/wp-content\/uploads\/onpage\/op_image_ecbe0eb20c9946f38a0d722d904338595a6dc114.1980x.webp\",\"datePublished\":\"2023-06-28T12:43:24+00:00\",\"dateModified\":\"2025-12-03T16:03:10+00:00\",\"breadcrumb\":{\"@id\":\"https:\/\/fracarro.com\/fr\/product\/998978-shield-180mw\/#breadcrumb\"},\"inLanguage\":\"fr-FR\",\"potentialAction\":[{\"@type\":\"ReadAction\",\"target\":[\"https:\/\/fracarro.com\/fr\/product\/998978-shield-180mw\/\"]}]},{\"@type\":\"ImageObject\",\"inLanguage\":\"fr-FR\",\"@id\":\"https:\/\/fracarro.com\/fr\/product\/998978-shield-180mw\/#primaryimage\",\"url\":\"https:\/\/fracarro.com\/wp-content\/uploads\/onpage\/op_image_ecbe0eb20c9946f38a0d722d904338595a6dc114.1980x.webp\",\"contentUrl\":\"https:\/\/fracarro.com\/wp-content\/uploads\/onpage\/op_image_ecbe0eb20c9946f38a0d722d904338595a6dc114.1980x.webp\",\"width\":1980,\"height\":1980},{\"@type\":\"BreadcrumbList\",\"@id\":\"https:\/\/fracarro.com\/fr\/product\/998978-shield-180mw\/#breadcrumb\",\"itemListElement\":[{\"@type\":\"ListItem\",\"position\":1,\"name\":\"Home\",\"item\":\"https:\/\/fracarro.com\/fr\/\"},{\"@type\":\"ListItem\",\"position\":2,\"name\":\"Solutions\",\"item\":\"https:\/\/fracarro.com\/it\/solutions\/\"},{\"@type\":\"ListItem\",\"position\":3,\"name\":\"SHIELD 180MW\"}]},{\"@type\":\"WebSite\",\"@id\":\"https:\/\/fracarro.com\/fr\/#website\",\"url\":\"https:\/\/fracarro.com\/fr\/\",\"name\":\"Fracarro Radioindustrie SRL\",\"description\":\"\",\"publisher\":{\"@id\":\"https:\/\/fracarro.com\/fr\/#organization\"},\"potentialAction\":[{\"@type\":\"SearchAction\",\"target\":{\"@type\":\"EntryPoint\",\"urlTemplate\":\"https:\/\/fracarro.com\/fr\/?s={search_term_string}\"},\"query-input\":{\"@type\":\"PropertyValueSpecification\",\"valueRequired\":true,\"valueName\":\"search_term_string\"}}],\"inLanguage\":\"fr-FR\"},{\"@type\":\"Organization\",\"@id\":\"https:\/\/fracarro.com\/fr\/#organization\",\"name\":\"Fracarro Radioindustrie SRL\",\"url\":\"https:\/\/fracarro.com\/fr\/\",\"logo\":{\"@type\":\"ImageObject\",\"inLanguage\":\"fr-FR\",\"@id\":\"https:\/\/fracarro.com\/fr\/#\/schema\/logo\/image\/\",\"url\":\"https:\/\/fracarro.com\/wp-content\/uploads\/2020\/09\/Fracarro-logo530x67.png\",\"contentUrl\":\"https:\/\/fracarro.com\/wp-content\/uploads\/2020\/09\/Fracarro-logo530x67.png\",\"width\":530,\"height\":67,\"caption\":\"Fracarro Radioindustrie SRL\"},\"image\":{\"@id\":\"https:\/\/fracarro.com\/fr\/#\/schema\/logo\/image\/\"},\"sameAs\":[\"https:\/\/it-it.facebook.com\/fracarro\/\",\"https:\/\/x.com\/fracarrotweets\",\"https:\/\/it.linkedin.com\/company\/fracarro-radioindustrie\",\"https:\/\/www.instagram.com\/fracarroradioindustrie\/\",\"https:\/\/www.youtube.com\/user\/FracarroOfficial?feature=watch\"]}]}<\/script>\n<!-- \/ Yoast SEO Premium plugin. -->","yoast_head_json":{"title":"SHIELD 180MW - Fracarro Radioindustrie SRL","robots":{"index":"index","follow":"follow","max-snippet":"max-snippet:-1","max-image-preview":"max-image-preview:large","max-video-preview":"max-video-preview:-1"},"canonical":"https:\/\/fracarro.com\/fr\/product\/998978-shield-180mw\/","og_locale":"fr_FR","og_type":"article","og_title":"SHIELD 180MW","og_description":"Le d\u00e9tecteur de rideau ext\u00e9rieur Shield 180MW est compos\u00e9 de 5 doubles capteurs PIR passifs, de 2 micro-ondes 24 GHz et de 5 capteurs IR actifs, g\u00e9r\u00e9s par un algorithme sophistiqu\u00e9. L&rsquo;\u00e9lectronique particuli\u00e8rement avanc\u00e9e est con\u00e7ue pour garantir des performances maximales dans les environnements ext\u00e9rieurs. La protection est de type rideau avec deux faisceaux lat\u00e9raux [...]","og_url":"https:\/\/fracarro.com\/fr\/product\/998978-shield-180mw\/","og_site_name":"Fracarro Radioindustrie SRL","article_publisher":"https:\/\/it-it.facebook.com\/fracarro\/","article_modified_time":"2025-12-03T16:03:10+00:00","og_image":[{"width":1980,"height":1980,"url":"https:\/\/fracarro.com\/wp-content\/uploads\/onpage\/op_image_ecbe0eb20c9946f38a0d722d904338595a6dc114.1980x.webp","type":"image\/webp"}],"twitter_card":"summary_large_image","twitter_site":"@fracarrotweets","twitter_misc":{"Dur\u00e9e de lecture estim\u00e9e":"1 minute"},"schema":{"@context":"https:\/\/schema.org","@graph":[{"@type":"WebPage","@id":"https:\/\/fracarro.com\/fr\/product\/998978-shield-180mw\/","url":"https:\/\/fracarro.com\/fr\/product\/998978-shield-180mw\/","name":"SHIELD 180MW - Fracarro Radioindustrie SRL","isPartOf":{"@id":"https:\/\/fracarro.com\/fr\/#website"},"primaryImageOfPage":{"@id":"https:\/\/fracarro.com\/fr\/product\/998978-shield-180mw\/#primaryimage"},"image":{"@id":"https:\/\/fracarro.com\/fr\/product\/998978-shield-180mw\/#primaryimage"},"thumbnailUrl":"https:\/\/fracarro.com\/wp-content\/uploads\/onpage\/op_image_ecbe0eb20c9946f38a0d722d904338595a6dc114.1980x.webp","datePublished":"2023-06-28T12:43:24+00:00","dateModified":"2025-12-03T16:03:10+00:00","breadcrumb":{"@id":"https:\/\/fracarro.com\/fr\/product\/998978-shield-180mw\/#breadcrumb"},"inLanguage":"fr-FR","potentialAction":[{"@type":"ReadAction","target":["https:\/\/fracarro.com\/fr\/product\/998978-shield-180mw\/"]}]},{"@type":"ImageObject","inLanguage":"fr-FR","@id":"https:\/\/fracarro.com\/fr\/product\/998978-shield-180mw\/#primaryimage","url":"https:\/\/fracarro.com\/wp-content\/uploads\/onpage\/op_image_ecbe0eb20c9946f38a0d722d904338595a6dc114.1980x.webp","contentUrl":"https:\/\/fracarro.com\/wp-content\/uploads\/onpage\/op_image_ecbe0eb20c9946f38a0d722d904338595a6dc114.1980x.webp","width":1980,"height":1980},{"@type":"BreadcrumbList","@id":"https:\/\/fracarro.com\/fr\/product\/998978-shield-180mw\/#breadcrumb","itemListElement":[{"@type":"ListItem","position":1,"name":"Home","item":"https:\/\/fracarro.com\/fr\/"},{"@type":"ListItem","position":2,"name":"Solutions","item":"https:\/\/fracarro.com\/it\/solutions\/"},{"@type":"ListItem","position":3,"name":"SHIELD 180MW"}]},{"@type":"WebSite","@id":"https:\/\/fracarro.com\/fr\/#website","url":"https:\/\/fracarro.com\/fr\/","name":"Fracarro Radioindustrie SRL","description":"","publisher":{"@id":"https:\/\/fracarro.com\/fr\/#organization"},"potentialAction":[{"@type":"SearchAction","target":{"@type":"EntryPoint","urlTemplate":"https:\/\/fracarro.com\/fr\/?s={search_term_string}"},"query-input":{"@type":"PropertyValueSpecification","valueRequired":true,"valueName":"search_term_string"}}],"inLanguage":"fr-FR"},{"@type":"Organization","@id":"https:\/\/fracarro.com\/fr\/#organization","name":"Fracarro Radioindustrie SRL","url":"https:\/\/fracarro.com\/fr\/","logo":{"@type":"ImageObject","inLanguage":"fr-FR","@id":"https:\/\/fracarro.com\/fr\/#\/schema\/logo\/image\/","url":"https:\/\/fracarro.com\/wp-content\/uploads\/2020\/09\/Fracarro-logo530x67.png","contentUrl":"https:\/\/fracarro.com\/wp-content\/uploads\/2020\/09\/Fracarro-logo530x67.png","width":530,"height":67,"caption":"Fracarro Radioindustrie SRL"},"image":{"@id":"https:\/\/fracarro.com\/fr\/#\/schema\/logo\/image\/"},"sameAs":["https:\/\/it-it.facebook.com\/fracarro\/","https:\/\/x.com\/fracarrotweets","https:\/\/it.linkedin.com\/company\/fracarro-radioindustrie","https:\/\/www.instagram.com\/fracarroradioindustrie\/","https:\/\/www.youtube.com\/user\/FracarroOfficial?feature=watch"]}]}},"_links":{"self":[{"href":"https:\/\/fracarro.com\/fr\/wp-json\/wp\/v2\/product\/185236","targetHints":{"allow":["GET"]}}],"collection":[{"href":"https:\/\/fracarro.com\/fr\/wp-json\/wp\/v2\/product"}],"about":[{"href":"https:\/\/fracarro.com\/fr\/wp-json\/wp\/v2\/types\/product"}],"wp:featuredmedia":[{"embeddable":true,"href":"https:\/\/fracarro.com\/fr\/wp-json\/wp\/v2\/media\/110322"}],"wp:attachment":[{"href":"https:\/\/fracarro.com\/fr\/wp-json\/wp\/v2\/media?parent=185236"}],"wp:term":[{"taxonomy":"product_brand","embeddable":true,"href":"https:\/\/fracarro.com\/fr\/wp-json\/wp\/v2\/product_brand?post=185236"},{"taxonomy":"product_cat","embeddable":true,"href":"https:\/\/fracarro.com\/fr\/wp-json\/wp\/v2\/product_cat?post=185236"},{"taxonomy":"product_tag","embeddable":true,"href":"https:\/\/fracarro.com\/fr\/wp-json\/wp\/v2\/product_tag?post=185236"}],"curies":[{"name":"wp","href":"https:\/\/api.w.org\/{rel}","templated":true}]}}