{"id":185933,"date":"2024-02-07T08:49:02","date_gmt":"2024-02-07T08:49:02","guid":{"rendered":""},"modified":"2025-12-03T16:03:10","modified_gmt":"2025-12-03T16:03:10","slug":"287768-fsw-848p-6sfp","status":"publish","type":"product","link":"https:\/\/fracarro.com\/fr\/product\/287768-fsw-848p-6sfp\/","title":{"rendered":"FSW-848P-6SFP+"},"content":{"rendered":"<p>Le switch <strong>FSW-848P-6SFP+<\/strong> est une solution de commutation de <strong>couche 2+ (Layer 2+)<\/strong> \u00e0 haute densit\u00e9, sp\u00e9cifiquement con\u00e7ue pour les <strong>segments d&rsquo;agr\u00e9gation et de distribution secondaire <\/strong>au sein d&rsquo;architectures r\u00e9seau complexes. L&rsquo;architecture mat\u00e9rielle est optimis\u00e9e pour la <strong>gestion critique du trafic multicast<\/strong>, garantissant une efficacit\u00e9 maximale dans la diffusion de services IPTV de classe op\u00e9rateur provenant de syst\u00e8mes de t\u00eate de r\u00e9seau professionnels tels que 3DG-FLEX et GALAXIA. L&rsquo;int\u00e9gration avanc\u00e9e du protocole <strong>IGMP Snooping<\/strong> permet une segmentation dynamique du trafic, emp\u00eachant la saturation par diffusion (packet flooding) intra-VLAN et assurant l&rsquo;int\u00e9grit\u00e9 des flux.<\/p>\n<p>La configuration mat\u00e9rielle du dispositif se distingue par ses<strong> 48 interfaces Gigabit Ethernet<\/strong> prenant en charge les normes<strong> IEEE 802.3af\/at (PoE\/PoE+)<\/strong>, offrant un budget de puissance <strong>PoE total de 370W <\/strong>pour l&rsquo;alimentation directe d&rsquo;\u00e9quipements r\u00e9seau \u00e0 haute consommation. Ces ports sont compl\u00e9t\u00e9s par <strong>6 slots SFP+ 10Gbps<\/strong> exclusivement d\u00e9di\u00e9s aux fonctions de liaison montante (uplink) \u00e0 large bande ou \u00e0 la mise en \u0153uvre d&rsquo;un empilage mat\u00e9riel (hardware stacking).<\/p>\n","protected":false},"excerpt":{"rendered":"<p>Le switch FSW-848P-6SFP+ est une solution de commutation de couche 2+ (Layer 2+) \u00e0 haute densit\u00e9, sp\u00e9cifiquement con\u00e7ue pour les segments d&rsquo;agr\u00e9gation et de distribution secondaire au sein d&rsquo;architectures r\u00e9seau complexes. L&rsquo;architecture mat\u00e9rielle est optimis\u00e9e pour la gestion critique du trafic multicast, garantissant une efficacit\u00e9 maximale dans la diffusion de services IPTV de classe op\u00e9rateur  [&#8230;]<\/p>\n","protected":false},"featured_media":185953,"template":"","meta":[],"product_brand":[],"product_cat":[53418],"product_tag":[],"class_list":{"0":"post-185933","1":"product","2":"type-product","3":"status-publish","4":"has-post-thumbnail","6":"product_cat-ser-gere","8":"first","9":"instock","10":"shipping-taxable","11":"product-type-simple"},"yoast_head":"<!-- This site is optimized with the Yoast SEO Premium plugin v26.5 (Yoast SEO v26.7) - https:\/\/yoast.com\/wordpress\/plugins\/seo\/ -->\n<title>FSW-848P-6SFP+ - Fracarro Radioindustrie SRL<\/title>\n<meta name=\"robots\" content=\"index, follow, max-snippet:-1, max-image-preview:large, max-video-preview:-1\" \/>\n<link rel=\"canonical\" href=\"https:\/\/fracarro.com\/fr\/product\/287768-fsw-848p-6sfp\/\" \/>\n<meta property=\"og:locale\" content=\"fr_FR\" \/>\n<meta property=\"og:type\" content=\"article\" \/>\n<meta property=\"og:title\" content=\"FSW-848P-6SFP+\" \/>\n<meta property=\"og:description\" content=\"Le switch FSW-848P-6SFP+ est une solution de commutation de couche 2+ (Layer 2+) \u00e0 haute densit\u00e9, sp\u00e9cifiquement con\u00e7ue pour les segments d&rsquo;agr\u00e9gation et de distribution secondaire au sein d&rsquo;architectures r\u00e9seau complexes. L&rsquo;architecture mat\u00e9rielle est optimis\u00e9e pour la gestion critique du trafic multicast, garantissant une efficacit\u00e9 maximale dans la diffusion de services IPTV de classe op\u00e9rateur [...]\" \/>\n<meta property=\"og:url\" content=\"https:\/\/fracarro.com\/fr\/product\/287768-fsw-848p-6sfp\/\" \/>\n<meta property=\"og:site_name\" content=\"Fracarro Radioindustrie SRL\" \/>\n<meta property=\"article:publisher\" content=\"https:\/\/it-it.facebook.com\/fracarro\/\" \/>\n<meta property=\"article:modified_time\" content=\"2025-12-03T16:03:10+00:00\" \/>\n<meta property=\"og:image\" content=\"https:\/\/fracarro.com\/wp-content\/uploads\/onpage\/op_image_929378b0d8db9da2e0225d697ca2c43b9465fccf.1980x.webp\" \/>\n\t<meta property=\"og:image:width\" content=\"1980\" \/>\n\t<meta property=\"og:image:height\" content=\"1980\" \/>\n\t<meta property=\"og:image:type\" content=\"image\/webp\" \/>\n<meta name=\"twitter:card\" content=\"summary_large_image\" \/>\n<meta name=\"twitter:site\" content=\"@fracarrotweets\" \/>\n<meta name=\"twitter:label1\" content=\"Dur\u00e9e de lecture estim\u00e9e\" \/>\n\t<meta name=\"twitter:data1\" content=\"1 minute\" \/>\n<script type=\"application\/ld+json\" class=\"yoast-schema-graph\">{\"@context\":\"https:\/\/schema.org\",\"@graph\":[{\"@type\":\"WebPage\",\"@id\":\"https:\/\/fracarro.com\/fr\/product\/287768-fsw-848p-6sfp\/\",\"url\":\"https:\/\/fracarro.com\/fr\/product\/287768-fsw-848p-6sfp\/\",\"name\":\"FSW-848P-6SFP+ - Fracarro Radioindustrie SRL\",\"isPartOf\":{\"@id\":\"https:\/\/fracarro.com\/fr\/#website\"},\"primaryImageOfPage\":{\"@id\":\"https:\/\/fracarro.com\/fr\/product\/287768-fsw-848p-6sfp\/#primaryimage\"},\"image\":{\"@id\":\"https:\/\/fracarro.com\/fr\/product\/287768-fsw-848p-6sfp\/#primaryimage\"},\"thumbnailUrl\":\"https:\/\/fracarro.com\/wp-content\/uploads\/onpage\/op_image_929378b0d8db9da2e0225d697ca2c43b9465fccf.1980x.webp\",\"datePublished\":\"2024-02-07T08:49:02+00:00\",\"dateModified\":\"2025-12-03T16:03:10+00:00\",\"breadcrumb\":{\"@id\":\"https:\/\/fracarro.com\/fr\/product\/287768-fsw-848p-6sfp\/#breadcrumb\"},\"inLanguage\":\"fr-FR\",\"potentialAction\":[{\"@type\":\"ReadAction\",\"target\":[\"https:\/\/fracarro.com\/fr\/product\/287768-fsw-848p-6sfp\/\"]}]},{\"@type\":\"ImageObject\",\"inLanguage\":\"fr-FR\",\"@id\":\"https:\/\/fracarro.com\/fr\/product\/287768-fsw-848p-6sfp\/#primaryimage\",\"url\":\"https:\/\/fracarro.com\/wp-content\/uploads\/onpage\/op_image_929378b0d8db9da2e0225d697ca2c43b9465fccf.1980x.webp\",\"contentUrl\":\"https:\/\/fracarro.com\/wp-content\/uploads\/onpage\/op_image_929378b0d8db9da2e0225d697ca2c43b9465fccf.1980x.webp\",\"width\":1980,\"height\":1980},{\"@type\":\"BreadcrumbList\",\"@id\":\"https:\/\/fracarro.com\/fr\/product\/287768-fsw-848p-6sfp\/#breadcrumb\",\"itemListElement\":[{\"@type\":\"ListItem\",\"position\":1,\"name\":\"Home\",\"item\":\"https:\/\/fracarro.com\/fr\/\"},{\"@type\":\"ListItem\",\"position\":2,\"name\":\"Solutions\",\"item\":\"https:\/\/fracarro.com\/it\/solutions\/\"},{\"@type\":\"ListItem\",\"position\":3,\"name\":\"FSW-848P-6SFP+\"}]},{\"@type\":\"WebSite\",\"@id\":\"https:\/\/fracarro.com\/fr\/#website\",\"url\":\"https:\/\/fracarro.com\/fr\/\",\"name\":\"Fracarro Radioindustrie SRL\",\"description\":\"\",\"publisher\":{\"@id\":\"https:\/\/fracarro.com\/fr\/#organization\"},\"potentialAction\":[{\"@type\":\"SearchAction\",\"target\":{\"@type\":\"EntryPoint\",\"urlTemplate\":\"https:\/\/fracarro.com\/fr\/?s={search_term_string}\"},\"query-input\":{\"@type\":\"PropertyValueSpecification\",\"valueRequired\":true,\"valueName\":\"search_term_string\"}}],\"inLanguage\":\"fr-FR\"},{\"@type\":\"Organization\",\"@id\":\"https:\/\/fracarro.com\/fr\/#organization\",\"name\":\"Fracarro Radioindustrie SRL\",\"url\":\"https:\/\/fracarro.com\/fr\/\",\"logo\":{\"@type\":\"ImageObject\",\"inLanguage\":\"fr-FR\",\"@id\":\"https:\/\/fracarro.com\/fr\/#\/schema\/logo\/image\/\",\"url\":\"https:\/\/fracarro.com\/wp-content\/uploads\/2020\/09\/Fracarro-logo530x67.png\",\"contentUrl\":\"https:\/\/fracarro.com\/wp-content\/uploads\/2020\/09\/Fracarro-logo530x67.png\",\"width\":530,\"height\":67,\"caption\":\"Fracarro Radioindustrie SRL\"},\"image\":{\"@id\":\"https:\/\/fracarro.com\/fr\/#\/schema\/logo\/image\/\"},\"sameAs\":[\"https:\/\/it-it.facebook.com\/fracarro\/\",\"https:\/\/x.com\/fracarrotweets\",\"https:\/\/it.linkedin.com\/company\/fracarro-radioindustrie\",\"https:\/\/www.instagram.com\/fracarroradioindustrie\/\",\"https:\/\/www.youtube.com\/user\/FracarroOfficial?feature=watch\"]}]}<\/script>\n<!-- \/ Yoast SEO Premium plugin. -->","yoast_head_json":{"title":"FSW-848P-6SFP+ - Fracarro Radioindustrie SRL","robots":{"index":"index","follow":"follow","max-snippet":"max-snippet:-1","max-image-preview":"max-image-preview:large","max-video-preview":"max-video-preview:-1"},"canonical":"https:\/\/fracarro.com\/fr\/product\/287768-fsw-848p-6sfp\/","og_locale":"fr_FR","og_type":"article","og_title":"FSW-848P-6SFP+","og_description":"Le switch FSW-848P-6SFP+ est une solution de commutation de couche 2+ (Layer 2+) \u00e0 haute densit\u00e9, sp\u00e9cifiquement con\u00e7ue pour les segments d&rsquo;agr\u00e9gation et de distribution secondaire au sein d&rsquo;architectures r\u00e9seau complexes. L&rsquo;architecture mat\u00e9rielle est optimis\u00e9e pour la gestion critique du trafic multicast, garantissant une efficacit\u00e9 maximale dans la diffusion de services IPTV de classe op\u00e9rateur [...]","og_url":"https:\/\/fracarro.com\/fr\/product\/287768-fsw-848p-6sfp\/","og_site_name":"Fracarro Radioindustrie SRL","article_publisher":"https:\/\/it-it.facebook.com\/fracarro\/","article_modified_time":"2025-12-03T16:03:10+00:00","og_image":[{"width":1980,"height":1980,"url":"https:\/\/fracarro.com\/wp-content\/uploads\/onpage\/op_image_929378b0d8db9da2e0225d697ca2c43b9465fccf.1980x.webp","type":"image\/webp"}],"twitter_card":"summary_large_image","twitter_site":"@fracarrotweets","twitter_misc":{"Dur\u00e9e de lecture estim\u00e9e":"1 minute"},"schema":{"@context":"https:\/\/schema.org","@graph":[{"@type":"WebPage","@id":"https:\/\/fracarro.com\/fr\/product\/287768-fsw-848p-6sfp\/","url":"https:\/\/fracarro.com\/fr\/product\/287768-fsw-848p-6sfp\/","name":"FSW-848P-6SFP+ - Fracarro Radioindustrie SRL","isPartOf":{"@id":"https:\/\/fracarro.com\/fr\/#website"},"primaryImageOfPage":{"@id":"https:\/\/fracarro.com\/fr\/product\/287768-fsw-848p-6sfp\/#primaryimage"},"image":{"@id":"https:\/\/fracarro.com\/fr\/product\/287768-fsw-848p-6sfp\/#primaryimage"},"thumbnailUrl":"https:\/\/fracarro.com\/wp-content\/uploads\/onpage\/op_image_929378b0d8db9da2e0225d697ca2c43b9465fccf.1980x.webp","datePublished":"2024-02-07T08:49:02+00:00","dateModified":"2025-12-03T16:03:10+00:00","breadcrumb":{"@id":"https:\/\/fracarro.com\/fr\/product\/287768-fsw-848p-6sfp\/#breadcrumb"},"inLanguage":"fr-FR","potentialAction":[{"@type":"ReadAction","target":["https:\/\/fracarro.com\/fr\/product\/287768-fsw-848p-6sfp\/"]}]},{"@type":"ImageObject","inLanguage":"fr-FR","@id":"https:\/\/fracarro.com\/fr\/product\/287768-fsw-848p-6sfp\/#primaryimage","url":"https:\/\/fracarro.com\/wp-content\/uploads\/onpage\/op_image_929378b0d8db9da2e0225d697ca2c43b9465fccf.1980x.webp","contentUrl":"https:\/\/fracarro.com\/wp-content\/uploads\/onpage\/op_image_929378b0d8db9da2e0225d697ca2c43b9465fccf.1980x.webp","width":1980,"height":1980},{"@type":"BreadcrumbList","@id":"https:\/\/fracarro.com\/fr\/product\/287768-fsw-848p-6sfp\/#breadcrumb","itemListElement":[{"@type":"ListItem","position":1,"name":"Home","item":"https:\/\/fracarro.com\/fr\/"},{"@type":"ListItem","position":2,"name":"Solutions","item":"https:\/\/fracarro.com\/it\/solutions\/"},{"@type":"ListItem","position":3,"name":"FSW-848P-6SFP+"}]},{"@type":"WebSite","@id":"https:\/\/fracarro.com\/fr\/#website","url":"https:\/\/fracarro.com\/fr\/","name":"Fracarro Radioindustrie SRL","description":"","publisher":{"@id":"https:\/\/fracarro.com\/fr\/#organization"},"potentialAction":[{"@type":"SearchAction","target":{"@type":"EntryPoint","urlTemplate":"https:\/\/fracarro.com\/fr\/?s={search_term_string}"},"query-input":{"@type":"PropertyValueSpecification","valueRequired":true,"valueName":"search_term_string"}}],"inLanguage":"fr-FR"},{"@type":"Organization","@id":"https:\/\/fracarro.com\/fr\/#organization","name":"Fracarro Radioindustrie SRL","url":"https:\/\/fracarro.com\/fr\/","logo":{"@type":"ImageObject","inLanguage":"fr-FR","@id":"https:\/\/fracarro.com\/fr\/#\/schema\/logo\/image\/","url":"https:\/\/fracarro.com\/wp-content\/uploads\/2020\/09\/Fracarro-logo530x67.png","contentUrl":"https:\/\/fracarro.com\/wp-content\/uploads\/2020\/09\/Fracarro-logo530x67.png","width":530,"height":67,"caption":"Fracarro Radioindustrie SRL"},"image":{"@id":"https:\/\/fracarro.com\/fr\/#\/schema\/logo\/image\/"},"sameAs":["https:\/\/it-it.facebook.com\/fracarro\/","https:\/\/x.com\/fracarrotweets","https:\/\/it.linkedin.com\/company\/fracarro-radioindustrie","https:\/\/www.instagram.com\/fracarroradioindustrie\/","https:\/\/www.youtube.com\/user\/FracarroOfficial?feature=watch"]}]}},"_links":{"self":[{"href":"https:\/\/fracarro.com\/fr\/wp-json\/wp\/v2\/product\/185933","targetHints":{"allow":["GET"]}}],"collection":[{"href":"https:\/\/fracarro.com\/fr\/wp-json\/wp\/v2\/product"}],"about":[{"href":"https:\/\/fracarro.com\/fr\/wp-json\/wp\/v2\/types\/product"}],"wp:featuredmedia":[{"embeddable":true,"href":"https:\/\/fracarro.com\/fr\/wp-json\/wp\/v2\/media\/185953"}],"wp:attachment":[{"href":"https:\/\/fracarro.com\/fr\/wp-json\/wp\/v2\/media?parent=185933"}],"wp:term":[{"taxonomy":"product_brand","embeddable":true,"href":"https:\/\/fracarro.com\/fr\/wp-json\/wp\/v2\/product_brand?post=185933"},{"taxonomy":"product_cat","embeddable":true,"href":"https:\/\/fracarro.com\/fr\/wp-json\/wp\/v2\/product_cat?post=185933"},{"taxonomy":"product_tag","embeddable":true,"href":"https:\/\/fracarro.com\/fr\/wp-json\/wp\/v2\/product_tag?post=185933"}],"curies":[{"name":"wp","href":"https:\/\/api.w.org\/{rel}","templated":true}]}}