{"id":185965,"date":"2024-02-07T09:11:00","date_gmt":"2024-02-07T09:11:00","guid":{"rendered":""},"modified":"2025-12-03T16:03:10","modified_gmt":"2025-12-03T16:03:10","slug":"287764-fsw-948c-6sfp","status":"publish","type":"product","link":"https:\/\/fracarro.com\/fr\/product\/287764-fsw-948c-6sfp\/","title":{"rendered":"FSW-948C-6SFP+"},"content":{"rendered":"<p>Con\u00e7u per l&rsquo;agr\u00e9gation et la distribution critique de flux IPTV \u00e0 ultra-haute densit\u00e9, le switch <strong>FSW-948C-6SFP+<\/strong> est la solution de classe Entreprise id\u00e9ale pour l&rsquo;int\u00e9gration avec des t\u00eates de r\u00e9seau (3DG-FLEX, GALAXIA Headends) avanc\u00e9es. Gr\u00e2ce \u00e0 son architecture \u00e9volutive et sa capacit\u00e9 de commutation \u00e9lev\u00e9e, il se positionne comme le <strong>C\u0153ur de r\u00e9seau (Core\/Aggregation Layer)<\/strong> parfait pour les r\u00e9seaux multiservices modernes.<\/p>\n<p>Le switch FSW-948C-6SFP+ r\u00e9pond aux exigences des architectures multiservices actuelles. Son moteur mat\u00e9riel est capable de g\u00e9rer un d\u00e9bit de transfert allant jusqu&rsquo;\u00e0 600 Mpps, garantissant des performances wire-speed sans goulot d&rsquo;\u00e9tranglement. Cette puissance de calcul permet le <strong>Routage Multicast Avanc\u00e9<\/strong>, optimis\u00e9 pour le trafic sensible \u00e0 la latence et au gigue (jitter) tel que l&rsquo;IPTV, la vid\u00e9osurveillance HD et les flux 4K, combinant nativement l&rsquo;efficacit\u00e9 de la<strong> Couche 2 (IGMP Snooping)<\/strong> avec le routage de la <strong>Couche 3 (PIM-SM\/DM)<\/strong>.<\/p>\n<p>Pour supporter une \u00e9volutivit\u00e9 maximale, l&rsquo;appareil offre une connectivit\u00e9 haute densit\u00e9 structur\u00e9e sur<strong> 48 ports Gigabit Ethernet (GE)<\/strong> d\u00e9di\u00e9s \u00e0 l&rsquo;acc\u00e8s massif des terminaux. S&rsquo;y ajoutent <strong>6 ports 10GE SFP+<\/strong> pour des liaisons montantes (uplinks) \u00e0 haute capacit\u00e9 o des configurations en <strong>Stacking<\/strong> (exclusivement avec des switchs de la m\u00eame s\u00e9rie). L&rsquo;architecture tol\u00e9rante aux pannes garantit une continuit\u00e9 d&rsquo;activit\u00e9 rigoureuse gr\u00e2ce aux emplacements pour <strong>alimentation redondante Hot-Swap (AC 220V)<\/strong>, con\u00e7us pour \u00e9liminer les temps d&rsquo;arr\u00eat dans les d\u00e9ploiements les plus critiques.<\/p>\n","protected":false},"excerpt":{"rendered":"<p>Con\u00e7u per l&rsquo;agr\u00e9gation et la distribution critique de flux IPTV \u00e0 ultra-haute densit\u00e9, le switch FSW-948C-6SFP+ est la solution de classe Entreprise id\u00e9ale pour l&rsquo;int\u00e9gration avec des t\u00eates de r\u00e9seau (3DG-FLEX, GALAXIA Headends) avanc\u00e9es. Gr\u00e2ce \u00e0 son architecture \u00e9volutive et sa capacit\u00e9 de commutation \u00e9lev\u00e9e, il se positionne comme le C\u0153ur de r\u00e9seau (Core\/Aggregation Layer)  [&#8230;]<\/p>\n","protected":false},"featured_media":185970,"template":"","meta":[],"product_brand":[],"product_cat":[53418],"product_tag":[],"class_list":{"0":"post-185965","1":"product","2":"type-product","3":"status-publish","4":"has-post-thumbnail","6":"product_cat-ser-gere","8":"first","9":"instock","10":"shipping-taxable","11":"product-type-simple"},"yoast_head":"<!-- This site is optimized with the Yoast SEO Premium plugin v26.5 (Yoast SEO v26.7) - https:\/\/yoast.com\/wordpress\/plugins\/seo\/ -->\n<title>FSW-948C-6SFP+ - Fracarro Radioindustrie SRL<\/title>\n<meta name=\"robots\" content=\"index, follow, max-snippet:-1, max-image-preview:large, max-video-preview:-1\" \/>\n<link rel=\"canonical\" href=\"https:\/\/fracarro.com\/fr\/product\/287764-fsw-948c-6sfp\/\" \/>\n<meta property=\"og:locale\" content=\"fr_FR\" \/>\n<meta property=\"og:type\" content=\"article\" \/>\n<meta property=\"og:title\" content=\"FSW-948C-6SFP+\" \/>\n<meta property=\"og:description\" content=\"Con\u00e7u per l&rsquo;agr\u00e9gation et la distribution critique de flux IPTV \u00e0 ultra-haute densit\u00e9, le switch FSW-948C-6SFP+ est la solution de classe Entreprise id\u00e9ale pour l&rsquo;int\u00e9gration avec des t\u00eates de r\u00e9seau (3DG-FLEX, GALAXIA Headends) avanc\u00e9es. Gr\u00e2ce \u00e0 son architecture \u00e9volutive et sa capacit\u00e9 de commutation \u00e9lev\u00e9e, il se positionne comme le C\u0153ur de r\u00e9seau (Core\/Aggregation Layer) [...]\" \/>\n<meta property=\"og:url\" content=\"https:\/\/fracarro.com\/fr\/product\/287764-fsw-948c-6sfp\/\" \/>\n<meta property=\"og:site_name\" content=\"Fracarro Radioindustrie SRL\" \/>\n<meta property=\"article:publisher\" content=\"https:\/\/it-it.facebook.com\/fracarro\/\" \/>\n<meta property=\"article:modified_time\" content=\"2025-12-03T16:03:10+00:00\" \/>\n<meta property=\"og:image\" content=\"https:\/\/fracarro.com\/wp-content\/uploads\/onpage\/op_image_b4753db6a8f47873bba3c3df89d7664bfa2502d7.1980x.webp\" \/>\n\t<meta property=\"og:image:width\" content=\"1980\" \/>\n\t<meta property=\"og:image:height\" content=\"1980\" \/>\n\t<meta property=\"og:image:type\" content=\"image\/webp\" \/>\n<meta name=\"twitter:card\" content=\"summary_large_image\" \/>\n<meta name=\"twitter:site\" content=\"@fracarrotweets\" \/>\n<meta name=\"twitter:label1\" content=\"Dur\u00e9e de lecture estim\u00e9e\" \/>\n\t<meta name=\"twitter:data1\" content=\"1 minute\" \/>\n<script type=\"application\/ld+json\" class=\"yoast-schema-graph\">{\"@context\":\"https:\/\/schema.org\",\"@graph\":[{\"@type\":\"WebPage\",\"@id\":\"https:\/\/fracarro.com\/fr\/product\/287764-fsw-948c-6sfp\/\",\"url\":\"https:\/\/fracarro.com\/fr\/product\/287764-fsw-948c-6sfp\/\",\"name\":\"FSW-948C-6SFP+ - Fracarro Radioindustrie SRL\",\"isPartOf\":{\"@id\":\"https:\/\/fracarro.com\/fr\/#website\"},\"primaryImageOfPage\":{\"@id\":\"https:\/\/fracarro.com\/fr\/product\/287764-fsw-948c-6sfp\/#primaryimage\"},\"image\":{\"@id\":\"https:\/\/fracarro.com\/fr\/product\/287764-fsw-948c-6sfp\/#primaryimage\"},\"thumbnailUrl\":\"https:\/\/fracarro.com\/wp-content\/uploads\/onpage\/op_image_b4753db6a8f47873bba3c3df89d7664bfa2502d7.1980x.webp\",\"datePublished\":\"2024-02-07T09:11:00+00:00\",\"dateModified\":\"2025-12-03T16:03:10+00:00\",\"breadcrumb\":{\"@id\":\"https:\/\/fracarro.com\/fr\/product\/287764-fsw-948c-6sfp\/#breadcrumb\"},\"inLanguage\":\"fr-FR\",\"potentialAction\":[{\"@type\":\"ReadAction\",\"target\":[\"https:\/\/fracarro.com\/fr\/product\/287764-fsw-948c-6sfp\/\"]}]},{\"@type\":\"ImageObject\",\"inLanguage\":\"fr-FR\",\"@id\":\"https:\/\/fracarro.com\/fr\/product\/287764-fsw-948c-6sfp\/#primaryimage\",\"url\":\"https:\/\/fracarro.com\/wp-content\/uploads\/onpage\/op_image_b4753db6a8f47873bba3c3df89d7664bfa2502d7.1980x.webp\",\"contentUrl\":\"https:\/\/fracarro.com\/wp-content\/uploads\/onpage\/op_image_b4753db6a8f47873bba3c3df89d7664bfa2502d7.1980x.webp\",\"width\":1980,\"height\":1980},{\"@type\":\"BreadcrumbList\",\"@id\":\"https:\/\/fracarro.com\/fr\/product\/287764-fsw-948c-6sfp\/#breadcrumb\",\"itemListElement\":[{\"@type\":\"ListItem\",\"position\":1,\"name\":\"Home\",\"item\":\"https:\/\/fracarro.com\/fr\/\"},{\"@type\":\"ListItem\",\"position\":2,\"name\":\"Solutions\",\"item\":\"https:\/\/fracarro.com\/it\/solutions\/\"},{\"@type\":\"ListItem\",\"position\":3,\"name\":\"FSW-948C-6SFP+\"}]},{\"@type\":\"WebSite\",\"@id\":\"https:\/\/fracarro.com\/fr\/#website\",\"url\":\"https:\/\/fracarro.com\/fr\/\",\"name\":\"Fracarro Radioindustrie SRL\",\"description\":\"\",\"publisher\":{\"@id\":\"https:\/\/fracarro.com\/fr\/#organization\"},\"potentialAction\":[{\"@type\":\"SearchAction\",\"target\":{\"@type\":\"EntryPoint\",\"urlTemplate\":\"https:\/\/fracarro.com\/fr\/?s={search_term_string}\"},\"query-input\":{\"@type\":\"PropertyValueSpecification\",\"valueRequired\":true,\"valueName\":\"search_term_string\"}}],\"inLanguage\":\"fr-FR\"},{\"@type\":\"Organization\",\"@id\":\"https:\/\/fracarro.com\/fr\/#organization\",\"name\":\"Fracarro Radioindustrie SRL\",\"url\":\"https:\/\/fracarro.com\/fr\/\",\"logo\":{\"@type\":\"ImageObject\",\"inLanguage\":\"fr-FR\",\"@id\":\"https:\/\/fracarro.com\/fr\/#\/schema\/logo\/image\/\",\"url\":\"https:\/\/fracarro.com\/wp-content\/uploads\/2020\/09\/Fracarro-logo530x67.png\",\"contentUrl\":\"https:\/\/fracarro.com\/wp-content\/uploads\/2020\/09\/Fracarro-logo530x67.png\",\"width\":530,\"height\":67,\"caption\":\"Fracarro Radioindustrie SRL\"},\"image\":{\"@id\":\"https:\/\/fracarro.com\/fr\/#\/schema\/logo\/image\/\"},\"sameAs\":[\"https:\/\/it-it.facebook.com\/fracarro\/\",\"https:\/\/x.com\/fracarrotweets\",\"https:\/\/it.linkedin.com\/company\/fracarro-radioindustrie\",\"https:\/\/www.instagram.com\/fracarroradioindustrie\/\",\"https:\/\/www.youtube.com\/user\/FracarroOfficial?feature=watch\"]}]}<\/script>\n<!-- \/ Yoast SEO Premium plugin. -->","yoast_head_json":{"title":"FSW-948C-6SFP+ - Fracarro Radioindustrie SRL","robots":{"index":"index","follow":"follow","max-snippet":"max-snippet:-1","max-image-preview":"max-image-preview:large","max-video-preview":"max-video-preview:-1"},"canonical":"https:\/\/fracarro.com\/fr\/product\/287764-fsw-948c-6sfp\/","og_locale":"fr_FR","og_type":"article","og_title":"FSW-948C-6SFP+","og_description":"Con\u00e7u per l&rsquo;agr\u00e9gation et la distribution critique de flux IPTV \u00e0 ultra-haute densit\u00e9, le switch FSW-948C-6SFP+ est la solution de classe Entreprise id\u00e9ale pour l&rsquo;int\u00e9gration avec des t\u00eates de r\u00e9seau (3DG-FLEX, GALAXIA Headends) avanc\u00e9es. Gr\u00e2ce \u00e0 son architecture \u00e9volutive et sa capacit\u00e9 de commutation \u00e9lev\u00e9e, il se positionne comme le C\u0153ur de r\u00e9seau (Core\/Aggregation Layer) [...]","og_url":"https:\/\/fracarro.com\/fr\/product\/287764-fsw-948c-6sfp\/","og_site_name":"Fracarro Radioindustrie SRL","article_publisher":"https:\/\/it-it.facebook.com\/fracarro\/","article_modified_time":"2025-12-03T16:03:10+00:00","og_image":[{"width":1980,"height":1980,"url":"https:\/\/fracarro.com\/wp-content\/uploads\/onpage\/op_image_b4753db6a8f47873bba3c3df89d7664bfa2502d7.1980x.webp","type":"image\/webp"}],"twitter_card":"summary_large_image","twitter_site":"@fracarrotweets","twitter_misc":{"Dur\u00e9e de lecture estim\u00e9e":"1 minute"},"schema":{"@context":"https:\/\/schema.org","@graph":[{"@type":"WebPage","@id":"https:\/\/fracarro.com\/fr\/product\/287764-fsw-948c-6sfp\/","url":"https:\/\/fracarro.com\/fr\/product\/287764-fsw-948c-6sfp\/","name":"FSW-948C-6SFP+ - Fracarro Radioindustrie SRL","isPartOf":{"@id":"https:\/\/fracarro.com\/fr\/#website"},"primaryImageOfPage":{"@id":"https:\/\/fracarro.com\/fr\/product\/287764-fsw-948c-6sfp\/#primaryimage"},"image":{"@id":"https:\/\/fracarro.com\/fr\/product\/287764-fsw-948c-6sfp\/#primaryimage"},"thumbnailUrl":"https:\/\/fracarro.com\/wp-content\/uploads\/onpage\/op_image_b4753db6a8f47873bba3c3df89d7664bfa2502d7.1980x.webp","datePublished":"2024-02-07T09:11:00+00:00","dateModified":"2025-12-03T16:03:10+00:00","breadcrumb":{"@id":"https:\/\/fracarro.com\/fr\/product\/287764-fsw-948c-6sfp\/#breadcrumb"},"inLanguage":"fr-FR","potentialAction":[{"@type":"ReadAction","target":["https:\/\/fracarro.com\/fr\/product\/287764-fsw-948c-6sfp\/"]}]},{"@type":"ImageObject","inLanguage":"fr-FR","@id":"https:\/\/fracarro.com\/fr\/product\/287764-fsw-948c-6sfp\/#primaryimage","url":"https:\/\/fracarro.com\/wp-content\/uploads\/onpage\/op_image_b4753db6a8f47873bba3c3df89d7664bfa2502d7.1980x.webp","contentUrl":"https:\/\/fracarro.com\/wp-content\/uploads\/onpage\/op_image_b4753db6a8f47873bba3c3df89d7664bfa2502d7.1980x.webp","width":1980,"height":1980},{"@type":"BreadcrumbList","@id":"https:\/\/fracarro.com\/fr\/product\/287764-fsw-948c-6sfp\/#breadcrumb","itemListElement":[{"@type":"ListItem","position":1,"name":"Home","item":"https:\/\/fracarro.com\/fr\/"},{"@type":"ListItem","position":2,"name":"Solutions","item":"https:\/\/fracarro.com\/it\/solutions\/"},{"@type":"ListItem","position":3,"name":"FSW-948C-6SFP+"}]},{"@type":"WebSite","@id":"https:\/\/fracarro.com\/fr\/#website","url":"https:\/\/fracarro.com\/fr\/","name":"Fracarro Radioindustrie SRL","description":"","publisher":{"@id":"https:\/\/fracarro.com\/fr\/#organization"},"potentialAction":[{"@type":"SearchAction","target":{"@type":"EntryPoint","urlTemplate":"https:\/\/fracarro.com\/fr\/?s={search_term_string}"},"query-input":{"@type":"PropertyValueSpecification","valueRequired":true,"valueName":"search_term_string"}}],"inLanguage":"fr-FR"},{"@type":"Organization","@id":"https:\/\/fracarro.com\/fr\/#organization","name":"Fracarro Radioindustrie SRL","url":"https:\/\/fracarro.com\/fr\/","logo":{"@type":"ImageObject","inLanguage":"fr-FR","@id":"https:\/\/fracarro.com\/fr\/#\/schema\/logo\/image\/","url":"https:\/\/fracarro.com\/wp-content\/uploads\/2020\/09\/Fracarro-logo530x67.png","contentUrl":"https:\/\/fracarro.com\/wp-content\/uploads\/2020\/09\/Fracarro-logo530x67.png","width":530,"height":67,"caption":"Fracarro Radioindustrie SRL"},"image":{"@id":"https:\/\/fracarro.com\/fr\/#\/schema\/logo\/image\/"},"sameAs":["https:\/\/it-it.facebook.com\/fracarro\/","https:\/\/x.com\/fracarrotweets","https:\/\/it.linkedin.com\/company\/fracarro-radioindustrie","https:\/\/www.instagram.com\/fracarroradioindustrie\/","https:\/\/www.youtube.com\/user\/FracarroOfficial?feature=watch"]}]}},"_links":{"self":[{"href":"https:\/\/fracarro.com\/fr\/wp-json\/wp\/v2\/product\/185965","targetHints":{"allow":["GET"]}}],"collection":[{"href":"https:\/\/fracarro.com\/fr\/wp-json\/wp\/v2\/product"}],"about":[{"href":"https:\/\/fracarro.com\/fr\/wp-json\/wp\/v2\/types\/product"}],"wp:featuredmedia":[{"embeddable":true,"href":"https:\/\/fracarro.com\/fr\/wp-json\/wp\/v2\/media\/185970"}],"wp:attachment":[{"href":"https:\/\/fracarro.com\/fr\/wp-json\/wp\/v2\/media?parent=185965"}],"wp:term":[{"taxonomy":"product_brand","embeddable":true,"href":"https:\/\/fracarro.com\/fr\/wp-json\/wp\/v2\/product_brand?post=185965"},{"taxonomy":"product_cat","embeddable":true,"href":"https:\/\/fracarro.com\/fr\/wp-json\/wp\/v2\/product_cat?post=185965"},{"taxonomy":"product_tag","embeddable":true,"href":"https:\/\/fracarro.com\/fr\/wp-json\/wp\/v2\/product_tag?post=185965"}],"curies":[{"name":"wp","href":"https:\/\/api.w.org\/{rel}","templated":true}]}}