{"id":186089,"date":"2024-03-08T13:45:45","date_gmt":"2024-03-08T13:45:45","guid":{"rendered":""},"modified":"2025-12-03T16:03:10","modified_gmt":"2025-12-03T16:03:10","slug":"287786-wap6-1ge-ext-hd","status":"publish","type":"product","link":"https:\/\/fracarro.com\/fr\/product\/287786-wap6-1ge-ext-hd\/","title":{"rendered":"WAP6-1GE-EXT-HD"},"content":{"rendered":"<p>Le point d&rsquo;acc\u00e8s pour ext\u00e9rieur WAP6-1GE-EXT-HD est id\u00e9al pour les entreprises, les campus, les h\u00f4pitaux, les h\u00f4tels et les b\u00e2timents intelligents en raison de sa capacit\u00e9 \u00e0 g\u00e9rer une densit\u00e9 de liens \u00e9lev\u00e9e.<\/p>\n<p>WiFi 6, protocoles 802.11a\/b\/g\/n\/ac\/wave2\/ax avec une bande passante de 2400 Mbps.<\/p>\n<p>L&rsquo;antenne omnidirectionnelle 2&#215;2 MIMO haute puissance int\u00e9gr\u00e9e r\u00e9pond aux besoins de couverture sans fil des environnements \u00e0 desservir. Alimentation PoE.<\/p>\n","protected":false},"excerpt":{"rendered":"<p>Le point d&rsquo;acc\u00e8s pour ext\u00e9rieur WAP6-1GE-EXT-HD est id\u00e9al pour les entreprises, les campus, les h\u00f4pitaux, les h\u00f4tels et les b\u00e2timents intelligents en raison de sa capacit\u00e9 \u00e0 g\u00e9rer une densit\u00e9 de liens \u00e9lev\u00e9e. WiFi 6, protocoles 802.11a\/b\/g\/n\/ac\/wave2\/ax avec une bande passante de 2400 Mbps. L&rsquo;antenne omnidirectionnelle 2&#215;2 MIMO haute puissance int\u00e9gr\u00e9e r\u00e9pond aux besoins de  [&#8230;]<\/p>\n","protected":false},"featured_media":186113,"template":"","meta":[],"product_brand":[],"product_cat":[53534],"product_tag":[],"class_list":{"0":"post-186089","1":"product","2":"type-product","3":"status-publish","4":"has-post-thumbnail","6":"product_cat-ser-points-dacces","8":"first","9":"instock","10":"shipping-taxable","11":"product-type-simple"},"yoast_head":"<!-- This site is optimized with the Yoast SEO Premium plugin v26.5 (Yoast SEO v26.7) - https:\/\/yoast.com\/wordpress\/plugins\/seo\/ -->\n<title>WAP6-1GE-EXT-HD - Fracarro Radioindustrie SRL<\/title>\n<meta name=\"robots\" content=\"index, follow, max-snippet:-1, max-image-preview:large, max-video-preview:-1\" \/>\n<link rel=\"canonical\" href=\"https:\/\/fracarro.com\/fr\/product\/287786-wap6-1ge-ext-hd\/\" \/>\n<meta property=\"og:locale\" content=\"fr_FR\" \/>\n<meta property=\"og:type\" content=\"article\" \/>\n<meta property=\"og:title\" content=\"WAP6-1GE-EXT-HD\" \/>\n<meta property=\"og:description\" content=\"Le point d&rsquo;acc\u00e8s pour ext\u00e9rieur WAP6-1GE-EXT-HD est id\u00e9al pour les entreprises, les campus, les h\u00f4pitaux, les h\u00f4tels et les b\u00e2timents intelligents en raison de sa capacit\u00e9 \u00e0 g\u00e9rer une densit\u00e9 de liens \u00e9lev\u00e9e. WiFi 6, protocoles 802.11a\/b\/g\/n\/ac\/wave2\/ax avec une bande passante de 2400 Mbps. L&rsquo;antenne omnidirectionnelle 2&#215;2 MIMO haute puissance int\u00e9gr\u00e9e r\u00e9pond aux besoins de [...]\" \/>\n<meta property=\"og:url\" content=\"https:\/\/fracarro.com\/fr\/product\/287786-wap6-1ge-ext-hd\/\" \/>\n<meta property=\"og:site_name\" content=\"Fracarro Radioindustrie SRL\" \/>\n<meta property=\"article:publisher\" content=\"https:\/\/it-it.facebook.com\/fracarro\/\" \/>\n<meta property=\"article:modified_time\" content=\"2025-12-03T16:03:10+00:00\" \/>\n<meta property=\"og:image\" content=\"https:\/\/fracarro.com\/wp-content\/uploads\/onpage\/op_image_9a72015e71498e9ed4fbe6854f423c6e38122632.1980x.webp\" \/>\n\t<meta property=\"og:image:width\" content=\"1980\" \/>\n\t<meta property=\"og:image:height\" content=\"1980\" \/>\n\t<meta property=\"og:image:type\" content=\"image\/webp\" \/>\n<meta name=\"twitter:card\" content=\"summary_large_image\" \/>\n<meta name=\"twitter:site\" content=\"@fracarrotweets\" \/>\n<script type=\"application\/ld+json\" class=\"yoast-schema-graph\">{\"@context\":\"https:\/\/schema.org\",\"@graph\":[{\"@type\":\"WebPage\",\"@id\":\"https:\/\/fracarro.com\/fr\/product\/287786-wap6-1ge-ext-hd\/\",\"url\":\"https:\/\/fracarro.com\/fr\/product\/287786-wap6-1ge-ext-hd\/\",\"name\":\"WAP6-1GE-EXT-HD - Fracarro Radioindustrie SRL\",\"isPartOf\":{\"@id\":\"https:\/\/fracarro.com\/fr\/#website\"},\"primaryImageOfPage\":{\"@id\":\"https:\/\/fracarro.com\/fr\/product\/287786-wap6-1ge-ext-hd\/#primaryimage\"},\"image\":{\"@id\":\"https:\/\/fracarro.com\/fr\/product\/287786-wap6-1ge-ext-hd\/#primaryimage\"},\"thumbnailUrl\":\"https:\/\/fracarro.com\/wp-content\/uploads\/onpage\/op_image_9a72015e71498e9ed4fbe6854f423c6e38122632.1980x.webp\",\"datePublished\":\"2024-03-08T13:45:45+00:00\",\"dateModified\":\"2025-12-03T16:03:10+00:00\",\"breadcrumb\":{\"@id\":\"https:\/\/fracarro.com\/fr\/product\/287786-wap6-1ge-ext-hd\/#breadcrumb\"},\"inLanguage\":\"fr-FR\",\"potentialAction\":[{\"@type\":\"ReadAction\",\"target\":[\"https:\/\/fracarro.com\/fr\/product\/287786-wap6-1ge-ext-hd\/\"]}]},{\"@type\":\"ImageObject\",\"inLanguage\":\"fr-FR\",\"@id\":\"https:\/\/fracarro.com\/fr\/product\/287786-wap6-1ge-ext-hd\/#primaryimage\",\"url\":\"https:\/\/fracarro.com\/wp-content\/uploads\/onpage\/op_image_9a72015e71498e9ed4fbe6854f423c6e38122632.1980x.webp\",\"contentUrl\":\"https:\/\/fracarro.com\/wp-content\/uploads\/onpage\/op_image_9a72015e71498e9ed4fbe6854f423c6e38122632.1980x.webp\",\"width\":1980,\"height\":1980},{\"@type\":\"BreadcrumbList\",\"@id\":\"https:\/\/fracarro.com\/fr\/product\/287786-wap6-1ge-ext-hd\/#breadcrumb\",\"itemListElement\":[{\"@type\":\"ListItem\",\"position\":1,\"name\":\"Home\",\"item\":\"https:\/\/fracarro.com\/fr\/\"},{\"@type\":\"ListItem\",\"position\":2,\"name\":\"Solutions\",\"item\":\"https:\/\/fracarro.com\/it\/solutions\/\"},{\"@type\":\"ListItem\",\"position\":3,\"name\":\"WAP6-1GE-EXT-HD\"}]},{\"@type\":\"WebSite\",\"@id\":\"https:\/\/fracarro.com\/fr\/#website\",\"url\":\"https:\/\/fracarro.com\/fr\/\",\"name\":\"Fracarro Radioindustrie SRL\",\"description\":\"\",\"publisher\":{\"@id\":\"https:\/\/fracarro.com\/fr\/#organization\"},\"potentialAction\":[{\"@type\":\"SearchAction\",\"target\":{\"@type\":\"EntryPoint\",\"urlTemplate\":\"https:\/\/fracarro.com\/fr\/?s={search_term_string}\"},\"query-input\":{\"@type\":\"PropertyValueSpecification\",\"valueRequired\":true,\"valueName\":\"search_term_string\"}}],\"inLanguage\":\"fr-FR\"},{\"@type\":\"Organization\",\"@id\":\"https:\/\/fracarro.com\/fr\/#organization\",\"name\":\"Fracarro Radioindustrie SRL\",\"url\":\"https:\/\/fracarro.com\/fr\/\",\"logo\":{\"@type\":\"ImageObject\",\"inLanguage\":\"fr-FR\",\"@id\":\"https:\/\/fracarro.com\/fr\/#\/schema\/logo\/image\/\",\"url\":\"https:\/\/fracarro.com\/wp-content\/uploads\/2020\/09\/Fracarro-logo530x67.png\",\"contentUrl\":\"https:\/\/fracarro.com\/wp-content\/uploads\/2020\/09\/Fracarro-logo530x67.png\",\"width\":530,\"height\":67,\"caption\":\"Fracarro Radioindustrie SRL\"},\"image\":{\"@id\":\"https:\/\/fracarro.com\/fr\/#\/schema\/logo\/image\/\"},\"sameAs\":[\"https:\/\/it-it.facebook.com\/fracarro\/\",\"https:\/\/x.com\/fracarrotweets\",\"https:\/\/it.linkedin.com\/company\/fracarro-radioindustrie\",\"https:\/\/www.instagram.com\/fracarroradioindustrie\/\",\"https:\/\/www.youtube.com\/user\/FracarroOfficial?feature=watch\"]}]}<\/script>\n<!-- \/ Yoast SEO Premium plugin. -->","yoast_head_json":{"title":"WAP6-1GE-EXT-HD - Fracarro Radioindustrie SRL","robots":{"index":"index","follow":"follow","max-snippet":"max-snippet:-1","max-image-preview":"max-image-preview:large","max-video-preview":"max-video-preview:-1"},"canonical":"https:\/\/fracarro.com\/fr\/product\/287786-wap6-1ge-ext-hd\/","og_locale":"fr_FR","og_type":"article","og_title":"WAP6-1GE-EXT-HD","og_description":"Le point d&rsquo;acc\u00e8s pour ext\u00e9rieur WAP6-1GE-EXT-HD est id\u00e9al pour les entreprises, les campus, les h\u00f4pitaux, les h\u00f4tels et les b\u00e2timents intelligents en raison de sa capacit\u00e9 \u00e0 g\u00e9rer une densit\u00e9 de liens \u00e9lev\u00e9e. WiFi 6, protocoles 802.11a\/b\/g\/n\/ac\/wave2\/ax avec une bande passante de 2400 Mbps. L&rsquo;antenne omnidirectionnelle 2&#215;2 MIMO haute puissance int\u00e9gr\u00e9e r\u00e9pond aux besoins de [...]","og_url":"https:\/\/fracarro.com\/fr\/product\/287786-wap6-1ge-ext-hd\/","og_site_name":"Fracarro Radioindustrie SRL","article_publisher":"https:\/\/it-it.facebook.com\/fracarro\/","article_modified_time":"2025-12-03T16:03:10+00:00","og_image":[{"width":1980,"height":1980,"url":"https:\/\/fracarro.com\/wp-content\/uploads\/onpage\/op_image_9a72015e71498e9ed4fbe6854f423c6e38122632.1980x.webp","type":"image\/webp"}],"twitter_card":"summary_large_image","twitter_site":"@fracarrotweets","schema":{"@context":"https:\/\/schema.org","@graph":[{"@type":"WebPage","@id":"https:\/\/fracarro.com\/fr\/product\/287786-wap6-1ge-ext-hd\/","url":"https:\/\/fracarro.com\/fr\/product\/287786-wap6-1ge-ext-hd\/","name":"WAP6-1GE-EXT-HD - Fracarro Radioindustrie SRL","isPartOf":{"@id":"https:\/\/fracarro.com\/fr\/#website"},"primaryImageOfPage":{"@id":"https:\/\/fracarro.com\/fr\/product\/287786-wap6-1ge-ext-hd\/#primaryimage"},"image":{"@id":"https:\/\/fracarro.com\/fr\/product\/287786-wap6-1ge-ext-hd\/#primaryimage"},"thumbnailUrl":"https:\/\/fracarro.com\/wp-content\/uploads\/onpage\/op_image_9a72015e71498e9ed4fbe6854f423c6e38122632.1980x.webp","datePublished":"2024-03-08T13:45:45+00:00","dateModified":"2025-12-03T16:03:10+00:00","breadcrumb":{"@id":"https:\/\/fracarro.com\/fr\/product\/287786-wap6-1ge-ext-hd\/#breadcrumb"},"inLanguage":"fr-FR","potentialAction":[{"@type":"ReadAction","target":["https:\/\/fracarro.com\/fr\/product\/287786-wap6-1ge-ext-hd\/"]}]},{"@type":"ImageObject","inLanguage":"fr-FR","@id":"https:\/\/fracarro.com\/fr\/product\/287786-wap6-1ge-ext-hd\/#primaryimage","url":"https:\/\/fracarro.com\/wp-content\/uploads\/onpage\/op_image_9a72015e71498e9ed4fbe6854f423c6e38122632.1980x.webp","contentUrl":"https:\/\/fracarro.com\/wp-content\/uploads\/onpage\/op_image_9a72015e71498e9ed4fbe6854f423c6e38122632.1980x.webp","width":1980,"height":1980},{"@type":"BreadcrumbList","@id":"https:\/\/fracarro.com\/fr\/product\/287786-wap6-1ge-ext-hd\/#breadcrumb","itemListElement":[{"@type":"ListItem","position":1,"name":"Home","item":"https:\/\/fracarro.com\/fr\/"},{"@type":"ListItem","position":2,"name":"Solutions","item":"https:\/\/fracarro.com\/it\/solutions\/"},{"@type":"ListItem","position":3,"name":"WAP6-1GE-EXT-HD"}]},{"@type":"WebSite","@id":"https:\/\/fracarro.com\/fr\/#website","url":"https:\/\/fracarro.com\/fr\/","name":"Fracarro Radioindustrie SRL","description":"","publisher":{"@id":"https:\/\/fracarro.com\/fr\/#organization"},"potentialAction":[{"@type":"SearchAction","target":{"@type":"EntryPoint","urlTemplate":"https:\/\/fracarro.com\/fr\/?s={search_term_string}"},"query-input":{"@type":"PropertyValueSpecification","valueRequired":true,"valueName":"search_term_string"}}],"inLanguage":"fr-FR"},{"@type":"Organization","@id":"https:\/\/fracarro.com\/fr\/#organization","name":"Fracarro Radioindustrie SRL","url":"https:\/\/fracarro.com\/fr\/","logo":{"@type":"ImageObject","inLanguage":"fr-FR","@id":"https:\/\/fracarro.com\/fr\/#\/schema\/logo\/image\/","url":"https:\/\/fracarro.com\/wp-content\/uploads\/2020\/09\/Fracarro-logo530x67.png","contentUrl":"https:\/\/fracarro.com\/wp-content\/uploads\/2020\/09\/Fracarro-logo530x67.png","width":530,"height":67,"caption":"Fracarro Radioindustrie SRL"},"image":{"@id":"https:\/\/fracarro.com\/fr\/#\/schema\/logo\/image\/"},"sameAs":["https:\/\/it-it.facebook.com\/fracarro\/","https:\/\/x.com\/fracarrotweets","https:\/\/it.linkedin.com\/company\/fracarro-radioindustrie","https:\/\/www.instagram.com\/fracarroradioindustrie\/","https:\/\/www.youtube.com\/user\/FracarroOfficial?feature=watch"]}]}},"_links":{"self":[{"href":"https:\/\/fracarro.com\/fr\/wp-json\/wp\/v2\/product\/186089","targetHints":{"allow":["GET"]}}],"collection":[{"href":"https:\/\/fracarro.com\/fr\/wp-json\/wp\/v2\/product"}],"about":[{"href":"https:\/\/fracarro.com\/fr\/wp-json\/wp\/v2\/types\/product"}],"wp:featuredmedia":[{"embeddable":true,"href":"https:\/\/fracarro.com\/fr\/wp-json\/wp\/v2\/media\/186113"}],"wp:attachment":[{"href":"https:\/\/fracarro.com\/fr\/wp-json\/wp\/v2\/media?parent=186089"}],"wp:term":[{"taxonomy":"product_brand","embeddable":true,"href":"https:\/\/fracarro.com\/fr\/wp-json\/wp\/v2\/product_brand?post=186089"},{"taxonomy":"product_cat","embeddable":true,"href":"https:\/\/fracarro.com\/fr\/wp-json\/wp\/v2\/product_cat?post=186089"},{"taxonomy":"product_tag","embeddable":true,"href":"https:\/\/fracarro.com\/fr\/wp-json\/wp\/v2\/product_tag?post=186089"}],"curies":[{"name":"wp","href":"https:\/\/api.w.org\/{rel}","templated":true}]}}