{"id":187022,"date":"2024-09-20T12:55:16","date_gmt":"2024-09-20T12:55:16","guid":{"rendered":""},"modified":"2025-12-03T16:03:10","modified_gmt":"2025-12-03T16:03:10","slug":"287765-fsw-824-4sfp","status":"publish","type":"product","link":"https:\/\/fracarro.com\/fr\/product\/287765-fsw-824-4sfp\/","title":{"rendered":"FSW-824-4SFP+"},"content":{"rendered":"<p>Le switch <strong>FSW-824-4SFP+<\/strong> est une unit\u00e9 de commutation de<strong> couche 2 (Layer 2+) <\/strong>haute performance, con\u00e7ue pour op\u00e9rer comme <strong>n\u0153ud d&rsquo;agr\u00e9gation et de distribution secondaire <\/strong>au sein d&rsquo;architectures r\u00e9seaux complexes. Le mat\u00e9riel est optimis\u00e9 pour la gestion critique du trafic multicast, garantissant une efficacit\u00e9 maximale dans la diffusion de services IPTV provenant de syst\u00e8mes de t\u00eate de r\u00e9seau (Headend) professionnels tels que 3DG-FLEX et GALAXIA. L&rsquo;int\u00e9gration avanc\u00e9e du protocole <strong>IGMP Snooping <\/strong>permet une segmentation dynamique du trafic, emp\u00eachant la saturation par diffusion (packet flooding) et assurant l&rsquo;int\u00e9grit\u00e9 des flux pour la vid\u00e9osurveillance UHD et le streaming haute d\u00e9finition.<\/p>\n<p>La configuration mat\u00e9rielle comprend <strong>24 interfaces Gigabit Ethernet<\/strong> pour la connectivit\u00e9 d&rsquo;acc\u00e8s et<strong> 4 slots SFP+ 10Gbps <\/strong>d\u00e9di\u00e9s aux fonctions de liaison montante (uplink) ou d&#8217;empilage mat\u00e9riel (hardware stacking). La fonctionnalit\u00e9 de stacking renfor\u00e7ant la r\u00e9silience du c\u0153ur de r\u00e9seau (backbone).<\/p>\n","protected":false},"excerpt":{"rendered":"<p>Le switch FSW-824-4SFP+ est une unit\u00e9 de commutation de couche 2 (Layer 2+) haute performance, con\u00e7ue pour op\u00e9rer comme n\u0153ud d&rsquo;agr\u00e9gation et de distribution secondaire au sein d&rsquo;architectures r\u00e9seaux complexes. Le mat\u00e9riel est optimis\u00e9 pour la gestion critique du trafic multicast, garantissant une efficacit\u00e9 maximale dans la diffusion de services IPTV provenant de syst\u00e8mes de  [&#8230;]<\/p>\n","protected":false},"featured_media":187033,"template":"","meta":[],"product_brand":[],"product_cat":[53418],"product_tag":[],"class_list":{"0":"post-187022","1":"product","2":"type-product","3":"status-publish","4":"has-post-thumbnail","6":"product_cat-ser-gere","8":"first","9":"instock","10":"shipping-taxable","11":"product-type-simple"},"yoast_head":"<!-- This site is optimized with the Yoast SEO Premium plugin v26.5 (Yoast SEO v26.7) - https:\/\/yoast.com\/wordpress\/plugins\/seo\/ -->\n<title>FSW-824-4SFP+ - Fracarro Radioindustrie SRL<\/title>\n<meta name=\"robots\" content=\"index, follow, max-snippet:-1, max-image-preview:large, max-video-preview:-1\" \/>\n<link rel=\"canonical\" href=\"https:\/\/fracarro.com\/fr\/product\/287765-fsw-824-4sfp\/\" \/>\n<meta property=\"og:locale\" content=\"fr_FR\" \/>\n<meta property=\"og:type\" content=\"article\" \/>\n<meta property=\"og:title\" content=\"FSW-824-4SFP+\" \/>\n<meta property=\"og:description\" content=\"Le switch FSW-824-4SFP+ est une unit\u00e9 de commutation de couche 2 (Layer 2+) haute performance, con\u00e7ue pour op\u00e9rer comme n\u0153ud d&rsquo;agr\u00e9gation et de distribution secondaire au sein d&rsquo;architectures r\u00e9seaux complexes. Le mat\u00e9riel est optimis\u00e9 pour la gestion critique du trafic multicast, garantissant une efficacit\u00e9 maximale dans la diffusion de services IPTV provenant de syst\u00e8mes de [...]\" \/>\n<meta property=\"og:url\" content=\"https:\/\/fracarro.com\/fr\/product\/287765-fsw-824-4sfp\/\" \/>\n<meta property=\"og:site_name\" content=\"Fracarro Radioindustrie SRL\" \/>\n<meta property=\"article:publisher\" content=\"https:\/\/it-it.facebook.com\/fracarro\/\" \/>\n<meta property=\"article:modified_time\" content=\"2025-12-03T16:03:10+00:00\" \/>\n<meta property=\"og:image\" content=\"https:\/\/fracarro.com\/wp-content\/uploads\/onpage\/op_image_1bc9915614e5234fb451d43701a958ba6bebbe67.1980x.webp\" \/>\n\t<meta property=\"og:image:width\" content=\"1980\" \/>\n\t<meta property=\"og:image:height\" content=\"1980\" \/>\n\t<meta property=\"og:image:type\" content=\"image\/webp\" \/>\n<meta name=\"twitter:card\" content=\"summary_large_image\" \/>\n<meta name=\"twitter:site\" content=\"@fracarrotweets\" \/>\n<meta name=\"twitter:label1\" content=\"Dur\u00e9e de lecture estim\u00e9e\" \/>\n\t<meta name=\"twitter:data1\" content=\"1 minute\" \/>\n<script type=\"application\/ld+json\" class=\"yoast-schema-graph\">{\"@context\":\"https:\/\/schema.org\",\"@graph\":[{\"@type\":\"WebPage\",\"@id\":\"https:\/\/fracarro.com\/fr\/product\/287765-fsw-824-4sfp\/\",\"url\":\"https:\/\/fracarro.com\/fr\/product\/287765-fsw-824-4sfp\/\",\"name\":\"FSW-824-4SFP+ - Fracarro Radioindustrie SRL\",\"isPartOf\":{\"@id\":\"https:\/\/fracarro.com\/fr\/#website\"},\"primaryImageOfPage\":{\"@id\":\"https:\/\/fracarro.com\/fr\/product\/287765-fsw-824-4sfp\/#primaryimage\"},\"image\":{\"@id\":\"https:\/\/fracarro.com\/fr\/product\/287765-fsw-824-4sfp\/#primaryimage\"},\"thumbnailUrl\":\"https:\/\/fracarro.com\/wp-content\/uploads\/onpage\/op_image_1bc9915614e5234fb451d43701a958ba6bebbe67.1980x.webp\",\"datePublished\":\"2024-09-20T12:55:16+00:00\",\"dateModified\":\"2025-12-03T16:03:10+00:00\",\"breadcrumb\":{\"@id\":\"https:\/\/fracarro.com\/fr\/product\/287765-fsw-824-4sfp\/#breadcrumb\"},\"inLanguage\":\"fr-FR\",\"potentialAction\":[{\"@type\":\"ReadAction\",\"target\":[\"https:\/\/fracarro.com\/fr\/product\/287765-fsw-824-4sfp\/\"]}]},{\"@type\":\"ImageObject\",\"inLanguage\":\"fr-FR\",\"@id\":\"https:\/\/fracarro.com\/fr\/product\/287765-fsw-824-4sfp\/#primaryimage\",\"url\":\"https:\/\/fracarro.com\/wp-content\/uploads\/onpage\/op_image_1bc9915614e5234fb451d43701a958ba6bebbe67.1980x.webp\",\"contentUrl\":\"https:\/\/fracarro.com\/wp-content\/uploads\/onpage\/op_image_1bc9915614e5234fb451d43701a958ba6bebbe67.1980x.webp\",\"width\":1980,\"height\":1980},{\"@type\":\"BreadcrumbList\",\"@id\":\"https:\/\/fracarro.com\/fr\/product\/287765-fsw-824-4sfp\/#breadcrumb\",\"itemListElement\":[{\"@type\":\"ListItem\",\"position\":1,\"name\":\"Home\",\"item\":\"https:\/\/fracarro.com\/fr\/\"},{\"@type\":\"ListItem\",\"position\":2,\"name\":\"Solutions\",\"item\":\"https:\/\/fracarro.com\/it\/solutions\/\"},{\"@type\":\"ListItem\",\"position\":3,\"name\":\"FSW-824-4SFP+\"}]},{\"@type\":\"WebSite\",\"@id\":\"https:\/\/fracarro.com\/fr\/#website\",\"url\":\"https:\/\/fracarro.com\/fr\/\",\"name\":\"Fracarro Radioindustrie SRL\",\"description\":\"\",\"publisher\":{\"@id\":\"https:\/\/fracarro.com\/fr\/#organization\"},\"potentialAction\":[{\"@type\":\"SearchAction\",\"target\":{\"@type\":\"EntryPoint\",\"urlTemplate\":\"https:\/\/fracarro.com\/fr\/?s={search_term_string}\"},\"query-input\":{\"@type\":\"PropertyValueSpecification\",\"valueRequired\":true,\"valueName\":\"search_term_string\"}}],\"inLanguage\":\"fr-FR\"},{\"@type\":\"Organization\",\"@id\":\"https:\/\/fracarro.com\/fr\/#organization\",\"name\":\"Fracarro Radioindustrie SRL\",\"url\":\"https:\/\/fracarro.com\/fr\/\",\"logo\":{\"@type\":\"ImageObject\",\"inLanguage\":\"fr-FR\",\"@id\":\"https:\/\/fracarro.com\/fr\/#\/schema\/logo\/image\/\",\"url\":\"https:\/\/fracarro.com\/wp-content\/uploads\/2020\/09\/Fracarro-logo530x67.png\",\"contentUrl\":\"https:\/\/fracarro.com\/wp-content\/uploads\/2020\/09\/Fracarro-logo530x67.png\",\"width\":530,\"height\":67,\"caption\":\"Fracarro Radioindustrie SRL\"},\"image\":{\"@id\":\"https:\/\/fracarro.com\/fr\/#\/schema\/logo\/image\/\"},\"sameAs\":[\"https:\/\/it-it.facebook.com\/fracarro\/\",\"https:\/\/x.com\/fracarrotweets\",\"https:\/\/it.linkedin.com\/company\/fracarro-radioindustrie\",\"https:\/\/www.instagram.com\/fracarroradioindustrie\/\",\"https:\/\/www.youtube.com\/user\/FracarroOfficial?feature=watch\"]}]}<\/script>\n<!-- \/ Yoast SEO Premium plugin. -->","yoast_head_json":{"title":"FSW-824-4SFP+ - Fracarro Radioindustrie SRL","robots":{"index":"index","follow":"follow","max-snippet":"max-snippet:-1","max-image-preview":"max-image-preview:large","max-video-preview":"max-video-preview:-1"},"canonical":"https:\/\/fracarro.com\/fr\/product\/287765-fsw-824-4sfp\/","og_locale":"fr_FR","og_type":"article","og_title":"FSW-824-4SFP+","og_description":"Le switch FSW-824-4SFP+ est une unit\u00e9 de commutation de couche 2 (Layer 2+) haute performance, con\u00e7ue pour op\u00e9rer comme n\u0153ud d&rsquo;agr\u00e9gation et de distribution secondaire au sein d&rsquo;architectures r\u00e9seaux complexes. Le mat\u00e9riel est optimis\u00e9 pour la gestion critique du trafic multicast, garantissant une efficacit\u00e9 maximale dans la diffusion de services IPTV provenant de syst\u00e8mes de [...]","og_url":"https:\/\/fracarro.com\/fr\/product\/287765-fsw-824-4sfp\/","og_site_name":"Fracarro Radioindustrie SRL","article_publisher":"https:\/\/it-it.facebook.com\/fracarro\/","article_modified_time":"2025-12-03T16:03:10+00:00","og_image":[{"width":1980,"height":1980,"url":"https:\/\/fracarro.com\/wp-content\/uploads\/onpage\/op_image_1bc9915614e5234fb451d43701a958ba6bebbe67.1980x.webp","type":"image\/webp"}],"twitter_card":"summary_large_image","twitter_site":"@fracarrotweets","twitter_misc":{"Dur\u00e9e de lecture estim\u00e9e":"1 minute"},"schema":{"@context":"https:\/\/schema.org","@graph":[{"@type":"WebPage","@id":"https:\/\/fracarro.com\/fr\/product\/287765-fsw-824-4sfp\/","url":"https:\/\/fracarro.com\/fr\/product\/287765-fsw-824-4sfp\/","name":"FSW-824-4SFP+ - Fracarro Radioindustrie SRL","isPartOf":{"@id":"https:\/\/fracarro.com\/fr\/#website"},"primaryImageOfPage":{"@id":"https:\/\/fracarro.com\/fr\/product\/287765-fsw-824-4sfp\/#primaryimage"},"image":{"@id":"https:\/\/fracarro.com\/fr\/product\/287765-fsw-824-4sfp\/#primaryimage"},"thumbnailUrl":"https:\/\/fracarro.com\/wp-content\/uploads\/onpage\/op_image_1bc9915614e5234fb451d43701a958ba6bebbe67.1980x.webp","datePublished":"2024-09-20T12:55:16+00:00","dateModified":"2025-12-03T16:03:10+00:00","breadcrumb":{"@id":"https:\/\/fracarro.com\/fr\/product\/287765-fsw-824-4sfp\/#breadcrumb"},"inLanguage":"fr-FR","potentialAction":[{"@type":"ReadAction","target":["https:\/\/fracarro.com\/fr\/product\/287765-fsw-824-4sfp\/"]}]},{"@type":"ImageObject","inLanguage":"fr-FR","@id":"https:\/\/fracarro.com\/fr\/product\/287765-fsw-824-4sfp\/#primaryimage","url":"https:\/\/fracarro.com\/wp-content\/uploads\/onpage\/op_image_1bc9915614e5234fb451d43701a958ba6bebbe67.1980x.webp","contentUrl":"https:\/\/fracarro.com\/wp-content\/uploads\/onpage\/op_image_1bc9915614e5234fb451d43701a958ba6bebbe67.1980x.webp","width":1980,"height":1980},{"@type":"BreadcrumbList","@id":"https:\/\/fracarro.com\/fr\/product\/287765-fsw-824-4sfp\/#breadcrumb","itemListElement":[{"@type":"ListItem","position":1,"name":"Home","item":"https:\/\/fracarro.com\/fr\/"},{"@type":"ListItem","position":2,"name":"Solutions","item":"https:\/\/fracarro.com\/it\/solutions\/"},{"@type":"ListItem","position":3,"name":"FSW-824-4SFP+"}]},{"@type":"WebSite","@id":"https:\/\/fracarro.com\/fr\/#website","url":"https:\/\/fracarro.com\/fr\/","name":"Fracarro Radioindustrie SRL","description":"","publisher":{"@id":"https:\/\/fracarro.com\/fr\/#organization"},"potentialAction":[{"@type":"SearchAction","target":{"@type":"EntryPoint","urlTemplate":"https:\/\/fracarro.com\/fr\/?s={search_term_string}"},"query-input":{"@type":"PropertyValueSpecification","valueRequired":true,"valueName":"search_term_string"}}],"inLanguage":"fr-FR"},{"@type":"Organization","@id":"https:\/\/fracarro.com\/fr\/#organization","name":"Fracarro Radioindustrie SRL","url":"https:\/\/fracarro.com\/fr\/","logo":{"@type":"ImageObject","inLanguage":"fr-FR","@id":"https:\/\/fracarro.com\/fr\/#\/schema\/logo\/image\/","url":"https:\/\/fracarro.com\/wp-content\/uploads\/2020\/09\/Fracarro-logo530x67.png","contentUrl":"https:\/\/fracarro.com\/wp-content\/uploads\/2020\/09\/Fracarro-logo530x67.png","width":530,"height":67,"caption":"Fracarro Radioindustrie SRL"},"image":{"@id":"https:\/\/fracarro.com\/fr\/#\/schema\/logo\/image\/"},"sameAs":["https:\/\/it-it.facebook.com\/fracarro\/","https:\/\/x.com\/fracarrotweets","https:\/\/it.linkedin.com\/company\/fracarro-radioindustrie","https:\/\/www.instagram.com\/fracarroradioindustrie\/","https:\/\/www.youtube.com\/user\/FracarroOfficial?feature=watch"]}]}},"_links":{"self":[{"href":"https:\/\/fracarro.com\/fr\/wp-json\/wp\/v2\/product\/187022","targetHints":{"allow":["GET"]}}],"collection":[{"href":"https:\/\/fracarro.com\/fr\/wp-json\/wp\/v2\/product"}],"about":[{"href":"https:\/\/fracarro.com\/fr\/wp-json\/wp\/v2\/types\/product"}],"wp:featuredmedia":[{"embeddable":true,"href":"https:\/\/fracarro.com\/fr\/wp-json\/wp\/v2\/media\/187033"}],"wp:attachment":[{"href":"https:\/\/fracarro.com\/fr\/wp-json\/wp\/v2\/media?parent=187022"}],"wp:term":[{"taxonomy":"product_brand","embeddable":true,"href":"https:\/\/fracarro.com\/fr\/wp-json\/wp\/v2\/product_brand?post=187022"},{"taxonomy":"product_cat","embeddable":true,"href":"https:\/\/fracarro.com\/fr\/wp-json\/wp\/v2\/product_cat?post=187022"},{"taxonomy":"product_tag","embeddable":true,"href":"https:\/\/fracarro.com\/fr\/wp-json\/wp\/v2\/product_tag?post=187022"}],"curies":[{"name":"wp","href":"https:\/\/api.w.org\/{rel}","templated":true}]}}