{"id":187640,"date":"2024-12-20T13:23:02","date_gmt":"2024-12-20T13:23:02","guid":{"rendered":""},"modified":"2025-04-10T13:07:46","modified_gmt":"2025-04-10T13:07:46","slug":"287818-gx-bp-16t-16c","status":"publish","type":"product","link":"https:\/\/fracarro.com\/fr\/product\/287818-gx-bp-16t-16c\/","title":{"rendered":"GX-BP-16T-16C"},"content":{"rendered":"<p>Le <strong>multi-modulateur num\u00e9rique GX-BP-16T-16C<\/strong> est \u00e9quip\u00e9 d&rsquo;un connecteur de sortie coaxial RF (F femelle) et est capable de cr\u00e9er jusqu&rsquo;\u00e0 <strong>16 multiplex num\u00e9riques DVB-T\/C <\/strong>. Le multi-modulateur est la solution de transmodulation id\u00e9ale et efficace pour la distribution de programmes syntonis\u00e9s par des modules satellite ou num\u00e9riques terrestres dans le m\u00eame ch\u00e2ssis ou partag\u00e9s sur le m\u00eame fond de panier <strong>GALAXIA<\/strong>, y compris l&rsquo;entr\u00e9e multicast IPTV.<\/p>\n","protected":false},"excerpt":{"rendered":"<p>Le multi-modulateur num\u00e9rique GX-BP-16T-16C est \u00e9quip\u00e9 d&rsquo;un connecteur de sortie coaxial RF (F femelle) et est capable de cr\u00e9er jusqu&rsquo;\u00e0 16 multiplex num\u00e9riques DVB-T\/C . Le multi-modulateur est la solution de transmodulation id\u00e9ale et efficace pour la distribution de programmes syntonis\u00e9s par des modules satellite ou num\u00e9riques terrestres dans le m\u00eame ch\u00e2ssis ou partag\u00e9s sur  [&#8230;]<\/p>\n","protected":false},"featured_media":187732,"template":"","meta":[],"product_brand":[],"product_cat":[53394],"product_tag":[],"class_list":{"0":"post-187640","1":"product","2":"type-product","3":"status-publish","4":"has-post-thumbnail","6":"product_cat-ser-modulateurs-codfm-qam-galaxia","8":"first","9":"instock","10":"shipping-taxable","11":"product-type-simple"},"yoast_head":"<!-- This site is optimized with the Yoast SEO Premium plugin v26.5 (Yoast SEO v26.7) - https:\/\/yoast.com\/wordpress\/plugins\/seo\/ -->\n<title>GX-BP-16T-16C - Fracarro Radioindustrie SRL<\/title>\n<meta name=\"robots\" content=\"index, follow, max-snippet:-1, max-image-preview:large, max-video-preview:-1\" \/>\n<link rel=\"canonical\" href=\"https:\/\/fracarro.com\/fr\/product\/287818-gx-bp-16t-16c\/\" \/>\n<meta property=\"og:locale\" content=\"fr_FR\" \/>\n<meta property=\"og:type\" content=\"article\" \/>\n<meta property=\"og:title\" content=\"GX-BP-16T-16C\" \/>\n<meta property=\"og:description\" content=\"Le multi-modulateur num\u00e9rique GX-BP-16T-16C est \u00e9quip\u00e9 d&rsquo;un connecteur de sortie coaxial RF (F femelle) et est capable de cr\u00e9er jusqu&rsquo;\u00e0 16 multiplex num\u00e9riques DVB-T\/C . Le multi-modulateur est la solution de transmodulation id\u00e9ale et efficace pour la distribution de programmes syntonis\u00e9s par des modules satellite ou num\u00e9riques terrestres dans le m\u00eame ch\u00e2ssis ou partag\u00e9s sur [...]\" \/>\n<meta property=\"og:url\" content=\"https:\/\/fracarro.com\/fr\/product\/287818-gx-bp-16t-16c\/\" \/>\n<meta property=\"og:site_name\" content=\"Fracarro Radioindustrie SRL\" \/>\n<meta property=\"article:publisher\" content=\"https:\/\/it-it.facebook.com\/fracarro\/\" \/>\n<meta property=\"article:modified_time\" content=\"2025-04-10T13:07:46+00:00\" \/>\n<meta property=\"og:image\" content=\"https:\/\/fracarro.com\/wp-content\/uploads\/onpage\/op_image_9028cb1fb2b723fd2f6ed1ad31ddcaced120c668.1980x.webp\" \/>\n\t<meta property=\"og:image:width\" content=\"1980\" \/>\n\t<meta property=\"og:image:height\" content=\"1980\" \/>\n\t<meta property=\"og:image:type\" content=\"image\/webp\" \/>\n<meta name=\"twitter:card\" content=\"summary_large_image\" \/>\n<meta name=\"twitter:site\" content=\"@fracarrotweets\" \/>\n<script type=\"application\/ld+json\" class=\"yoast-schema-graph\">{\"@context\":\"https:\/\/schema.org\",\"@graph\":[{\"@type\":\"WebPage\",\"@id\":\"https:\/\/fracarro.com\/fr\/product\/287818-gx-bp-16t-16c\/\",\"url\":\"https:\/\/fracarro.com\/fr\/product\/287818-gx-bp-16t-16c\/\",\"name\":\"GX-BP-16T-16C - Fracarro Radioindustrie SRL\",\"isPartOf\":{\"@id\":\"https:\/\/fracarro.com\/fr\/#website\"},\"primaryImageOfPage\":{\"@id\":\"https:\/\/fracarro.com\/fr\/product\/287818-gx-bp-16t-16c\/#primaryimage\"},\"image\":{\"@id\":\"https:\/\/fracarro.com\/fr\/product\/287818-gx-bp-16t-16c\/#primaryimage\"},\"thumbnailUrl\":\"https:\/\/fracarro.com\/wp-content\/uploads\/onpage\/op_image_9028cb1fb2b723fd2f6ed1ad31ddcaced120c668.1980x.webp\",\"datePublished\":\"2024-12-20T13:23:02+00:00\",\"dateModified\":\"2025-04-10T13:07:46+00:00\",\"breadcrumb\":{\"@id\":\"https:\/\/fracarro.com\/fr\/product\/287818-gx-bp-16t-16c\/#breadcrumb\"},\"inLanguage\":\"fr-FR\",\"potentialAction\":[{\"@type\":\"ReadAction\",\"target\":[\"https:\/\/fracarro.com\/fr\/product\/287818-gx-bp-16t-16c\/\"]}]},{\"@type\":\"ImageObject\",\"inLanguage\":\"fr-FR\",\"@id\":\"https:\/\/fracarro.com\/fr\/product\/287818-gx-bp-16t-16c\/#primaryimage\",\"url\":\"https:\/\/fracarro.com\/wp-content\/uploads\/onpage\/op_image_9028cb1fb2b723fd2f6ed1ad31ddcaced120c668.1980x.webp\",\"contentUrl\":\"https:\/\/fracarro.com\/wp-content\/uploads\/onpage\/op_image_9028cb1fb2b723fd2f6ed1ad31ddcaced120c668.1980x.webp\",\"width\":1980,\"height\":1980},{\"@type\":\"BreadcrumbList\",\"@id\":\"https:\/\/fracarro.com\/fr\/product\/287818-gx-bp-16t-16c\/#breadcrumb\",\"itemListElement\":[{\"@type\":\"ListItem\",\"position\":1,\"name\":\"Home\",\"item\":\"https:\/\/fracarro.com\/fr\/\"},{\"@type\":\"ListItem\",\"position\":2,\"name\":\"Solutions\",\"item\":\"https:\/\/fracarro.com\/it\/solutions\/\"},{\"@type\":\"ListItem\",\"position\":3,\"name\":\"GX-BP-16T-16C\"}]},{\"@type\":\"WebSite\",\"@id\":\"https:\/\/fracarro.com\/fr\/#website\",\"url\":\"https:\/\/fracarro.com\/fr\/\",\"name\":\"Fracarro Radioindustrie SRL\",\"description\":\"\",\"publisher\":{\"@id\":\"https:\/\/fracarro.com\/fr\/#organization\"},\"potentialAction\":[{\"@type\":\"SearchAction\",\"target\":{\"@type\":\"EntryPoint\",\"urlTemplate\":\"https:\/\/fracarro.com\/fr\/?s={search_term_string}\"},\"query-input\":{\"@type\":\"PropertyValueSpecification\",\"valueRequired\":true,\"valueName\":\"search_term_string\"}}],\"inLanguage\":\"fr-FR\"},{\"@type\":\"Organization\",\"@id\":\"https:\/\/fracarro.com\/fr\/#organization\",\"name\":\"Fracarro Radioindustrie SRL\",\"url\":\"https:\/\/fracarro.com\/fr\/\",\"logo\":{\"@type\":\"ImageObject\",\"inLanguage\":\"fr-FR\",\"@id\":\"https:\/\/fracarro.com\/fr\/#\/schema\/logo\/image\/\",\"url\":\"https:\/\/fracarro.com\/wp-content\/uploads\/2020\/09\/Fracarro-logo530x67.png\",\"contentUrl\":\"https:\/\/fracarro.com\/wp-content\/uploads\/2020\/09\/Fracarro-logo530x67.png\",\"width\":530,\"height\":67,\"caption\":\"Fracarro Radioindustrie SRL\"},\"image\":{\"@id\":\"https:\/\/fracarro.com\/fr\/#\/schema\/logo\/image\/\"},\"sameAs\":[\"https:\/\/it-it.facebook.com\/fracarro\/\",\"https:\/\/x.com\/fracarrotweets\",\"https:\/\/it.linkedin.com\/company\/fracarro-radioindustrie\",\"https:\/\/www.instagram.com\/fracarroradioindustrie\/\",\"https:\/\/www.youtube.com\/user\/FracarroOfficial?feature=watch\"]}]}<\/script>\n<!-- \/ Yoast SEO Premium plugin. -->","yoast_head_json":{"title":"GX-BP-16T-16C - Fracarro Radioindustrie SRL","robots":{"index":"index","follow":"follow","max-snippet":"max-snippet:-1","max-image-preview":"max-image-preview:large","max-video-preview":"max-video-preview:-1"},"canonical":"https:\/\/fracarro.com\/fr\/product\/287818-gx-bp-16t-16c\/","og_locale":"fr_FR","og_type":"article","og_title":"GX-BP-16T-16C","og_description":"Le multi-modulateur num\u00e9rique GX-BP-16T-16C est \u00e9quip\u00e9 d&rsquo;un connecteur de sortie coaxial RF (F femelle) et est capable de cr\u00e9er jusqu&rsquo;\u00e0 16 multiplex num\u00e9riques DVB-T\/C . Le multi-modulateur est la solution de transmodulation id\u00e9ale et efficace pour la distribution de programmes syntonis\u00e9s par des modules satellite ou num\u00e9riques terrestres dans le m\u00eame ch\u00e2ssis ou partag\u00e9s sur [...]","og_url":"https:\/\/fracarro.com\/fr\/product\/287818-gx-bp-16t-16c\/","og_site_name":"Fracarro Radioindustrie SRL","article_publisher":"https:\/\/it-it.facebook.com\/fracarro\/","article_modified_time":"2025-04-10T13:07:46+00:00","og_image":[{"width":1980,"height":1980,"url":"https:\/\/fracarro.com\/wp-content\/uploads\/onpage\/op_image_9028cb1fb2b723fd2f6ed1ad31ddcaced120c668.1980x.webp","type":"image\/webp"}],"twitter_card":"summary_large_image","twitter_site":"@fracarrotweets","schema":{"@context":"https:\/\/schema.org","@graph":[{"@type":"WebPage","@id":"https:\/\/fracarro.com\/fr\/product\/287818-gx-bp-16t-16c\/","url":"https:\/\/fracarro.com\/fr\/product\/287818-gx-bp-16t-16c\/","name":"GX-BP-16T-16C - Fracarro Radioindustrie SRL","isPartOf":{"@id":"https:\/\/fracarro.com\/fr\/#website"},"primaryImageOfPage":{"@id":"https:\/\/fracarro.com\/fr\/product\/287818-gx-bp-16t-16c\/#primaryimage"},"image":{"@id":"https:\/\/fracarro.com\/fr\/product\/287818-gx-bp-16t-16c\/#primaryimage"},"thumbnailUrl":"https:\/\/fracarro.com\/wp-content\/uploads\/onpage\/op_image_9028cb1fb2b723fd2f6ed1ad31ddcaced120c668.1980x.webp","datePublished":"2024-12-20T13:23:02+00:00","dateModified":"2025-04-10T13:07:46+00:00","breadcrumb":{"@id":"https:\/\/fracarro.com\/fr\/product\/287818-gx-bp-16t-16c\/#breadcrumb"},"inLanguage":"fr-FR","potentialAction":[{"@type":"ReadAction","target":["https:\/\/fracarro.com\/fr\/product\/287818-gx-bp-16t-16c\/"]}]},{"@type":"ImageObject","inLanguage":"fr-FR","@id":"https:\/\/fracarro.com\/fr\/product\/287818-gx-bp-16t-16c\/#primaryimage","url":"https:\/\/fracarro.com\/wp-content\/uploads\/onpage\/op_image_9028cb1fb2b723fd2f6ed1ad31ddcaced120c668.1980x.webp","contentUrl":"https:\/\/fracarro.com\/wp-content\/uploads\/onpage\/op_image_9028cb1fb2b723fd2f6ed1ad31ddcaced120c668.1980x.webp","width":1980,"height":1980},{"@type":"BreadcrumbList","@id":"https:\/\/fracarro.com\/fr\/product\/287818-gx-bp-16t-16c\/#breadcrumb","itemListElement":[{"@type":"ListItem","position":1,"name":"Home","item":"https:\/\/fracarro.com\/fr\/"},{"@type":"ListItem","position":2,"name":"Solutions","item":"https:\/\/fracarro.com\/it\/solutions\/"},{"@type":"ListItem","position":3,"name":"GX-BP-16T-16C"}]},{"@type":"WebSite","@id":"https:\/\/fracarro.com\/fr\/#website","url":"https:\/\/fracarro.com\/fr\/","name":"Fracarro Radioindustrie SRL","description":"","publisher":{"@id":"https:\/\/fracarro.com\/fr\/#organization"},"potentialAction":[{"@type":"SearchAction","target":{"@type":"EntryPoint","urlTemplate":"https:\/\/fracarro.com\/fr\/?s={search_term_string}"},"query-input":{"@type":"PropertyValueSpecification","valueRequired":true,"valueName":"search_term_string"}}],"inLanguage":"fr-FR"},{"@type":"Organization","@id":"https:\/\/fracarro.com\/fr\/#organization","name":"Fracarro Radioindustrie SRL","url":"https:\/\/fracarro.com\/fr\/","logo":{"@type":"ImageObject","inLanguage":"fr-FR","@id":"https:\/\/fracarro.com\/fr\/#\/schema\/logo\/image\/","url":"https:\/\/fracarro.com\/wp-content\/uploads\/2020\/09\/Fracarro-logo530x67.png","contentUrl":"https:\/\/fracarro.com\/wp-content\/uploads\/2020\/09\/Fracarro-logo530x67.png","width":530,"height":67,"caption":"Fracarro Radioindustrie SRL"},"image":{"@id":"https:\/\/fracarro.com\/fr\/#\/schema\/logo\/image\/"},"sameAs":["https:\/\/it-it.facebook.com\/fracarro\/","https:\/\/x.com\/fracarrotweets","https:\/\/it.linkedin.com\/company\/fracarro-radioindustrie","https:\/\/www.instagram.com\/fracarroradioindustrie\/","https:\/\/www.youtube.com\/user\/FracarroOfficial?feature=watch"]}]}},"_links":{"self":[{"href":"https:\/\/fracarro.com\/fr\/wp-json\/wp\/v2\/product\/187640","targetHints":{"allow":["GET"]}}],"collection":[{"href":"https:\/\/fracarro.com\/fr\/wp-json\/wp\/v2\/product"}],"about":[{"href":"https:\/\/fracarro.com\/fr\/wp-json\/wp\/v2\/types\/product"}],"wp:featuredmedia":[{"embeddable":true,"href":"https:\/\/fracarro.com\/fr\/wp-json\/wp\/v2\/media\/187732"}],"wp:attachment":[{"href":"https:\/\/fracarro.com\/fr\/wp-json\/wp\/v2\/media?parent=187640"}],"wp:term":[{"taxonomy":"product_brand","embeddable":true,"href":"https:\/\/fracarro.com\/fr\/wp-json\/wp\/v2\/product_brand?post=187640"},{"taxonomy":"product_cat","embeddable":true,"href":"https:\/\/fracarro.com\/fr\/wp-json\/wp\/v2\/product_cat?post=187640"},{"taxonomy":"product_tag","embeddable":true,"href":"https:\/\/fracarro.com\/fr\/wp-json\/wp\/v2\/product_tag?post=187640"}],"curies":[{"name":"wp","href":"https:\/\/api.w.org\/{rel}","templated":true}]}}