{"id":188019,"date":"2025-02-17T13:57:15","date_gmt":"2025-02-17T13:57:15","guid":{"rendered":""},"modified":"2025-12-03T16:03:10","modified_gmt":"2025-12-03T16:03:10","slug":"287831-ontg-4gp2f-s","status":"publish","type":"product","link":"https:\/\/fracarro.com\/fr\/product\/287831-ontg-4gp2f-s\/","title":{"rendered":"ONTG-4GP2F-S"},"content":{"rendered":"<p>Le r\u00e9cepteur optique <strong>ONTG-4GP2F-S<\/strong>, compl\u00e8te la gamme de la famille ONT de Fracarro, entrant dans un segment du march\u00e9 professionnel gr\u00e2ce \u00e0 sa polyvalence accrue et \u00e0 sa capacit\u00e9 \u00e0 prendre en charge les appareils de terrain qui n\u00e9cessitent une alimentation.<\/p>\n<p>En effet, les 4 ports Giga Ethernet sont \u00e9quip\u00e9s de la fonctionnalit\u00e9 PoE\/PoE+ compatible IEEE802.3ah qui permet d&rsquo;alimenter les cam\u00e9ras IP, les t\u00e9l\u00e9phones VoIP, les points d&rsquo;acc\u00e8s, etc. Il est \u00e9quip\u00e9 de deux ports FXS (POTS) pour connecter des appareils t\u00e9l\u00e9phoniques analogiques.<\/p>\n<p>Le r\u00e9cepteur <strong>ONTG-4GP2F-S<\/strong> r\u00e9pond au protocole standard FSAN ITU-T G.984.2, prend en charge une vitesse de liaison montante\/descendante asym\u00e9trique de 1,25 Gbit\/s\/2,5 Gbit\/s.<\/p>\n","protected":false},"excerpt":{"rendered":"<p>Le r\u00e9cepteur optique ONTG-4GP2F-S, compl\u00e8te la gamme de la famille ONT de Fracarro, entrant dans un segment du march\u00e9 professionnel gr\u00e2ce \u00e0 sa polyvalence accrue et \u00e0 sa capacit\u00e9 \u00e0 prendre en charge les appareils de terrain qui n\u00e9cessitent une alimentation. En effet, les 4 ports Giga Ethernet sont \u00e9quip\u00e9s de la fonctionnalit\u00e9 PoE\/PoE+ compatible  [&#8230;]<\/p>\n","protected":false},"featured_media":188045,"template":"","meta":[],"product_brand":[],"product_cat":[53426],"product_tag":[],"class_list":{"0":"post-188019","1":"product","2":"type-product","3":"status-publish","4":"has-post-thumbnail","6":"product_cat-ser-recepteurs-ont-onu","8":"first","9":"instock","10":"shipping-taxable","11":"product-type-simple"},"yoast_head":"<!-- This site is optimized with the Yoast SEO Premium plugin v26.5 (Yoast SEO v26.7) - https:\/\/yoast.com\/wordpress\/plugins\/seo\/ -->\n<title>ONTG-4GP2F-S - Fracarro Radioindustrie SRL<\/title>\n<meta name=\"robots\" content=\"index, follow, max-snippet:-1, max-image-preview:large, max-video-preview:-1\" \/>\n<link rel=\"canonical\" href=\"https:\/\/fracarro.com\/fr\/product\/287831-ontg-4gp2f-s\/\" \/>\n<meta property=\"og:locale\" content=\"fr_FR\" \/>\n<meta property=\"og:type\" content=\"article\" \/>\n<meta property=\"og:title\" content=\"ONTG-4GP2F-S\" \/>\n<meta property=\"og:description\" content=\"Le r\u00e9cepteur optique ONTG-4GP2F-S, compl\u00e8te la gamme de la famille ONT de Fracarro, entrant dans un segment du march\u00e9 professionnel gr\u00e2ce \u00e0 sa polyvalence accrue et \u00e0 sa capacit\u00e9 \u00e0 prendre en charge les appareils de terrain qui n\u00e9cessitent une alimentation. En effet, les 4 ports Giga Ethernet sont \u00e9quip\u00e9s de la fonctionnalit\u00e9 PoE\/PoE+ compatible [...]\" \/>\n<meta property=\"og:url\" content=\"https:\/\/fracarro.com\/fr\/product\/287831-ontg-4gp2f-s\/\" \/>\n<meta property=\"og:site_name\" content=\"Fracarro Radioindustrie SRL\" \/>\n<meta property=\"article:publisher\" content=\"https:\/\/it-it.facebook.com\/fracarro\/\" \/>\n<meta property=\"article:modified_time\" content=\"2025-12-03T16:03:10+00:00\" \/>\n<meta property=\"og:image\" content=\"https:\/\/fracarro.com\/wp-content\/uploads\/onpage\/op_image_945e9006ee076e436201ce41c91d10f6d40e3eb3.1980x.webp\" \/>\n\t<meta property=\"og:image:width\" content=\"1980\" \/>\n\t<meta property=\"og:image:height\" content=\"1980\" \/>\n\t<meta property=\"og:image:type\" content=\"image\/webp\" \/>\n<meta name=\"twitter:card\" content=\"summary_large_image\" \/>\n<meta name=\"twitter:site\" content=\"@fracarrotweets\" \/>\n<meta name=\"twitter:label1\" content=\"Dur\u00e9e de lecture estim\u00e9e\" \/>\n\t<meta name=\"twitter:data1\" content=\"1 minute\" \/>\n<script type=\"application\/ld+json\" class=\"yoast-schema-graph\">{\"@context\":\"https:\/\/schema.org\",\"@graph\":[{\"@type\":\"WebPage\",\"@id\":\"https:\/\/fracarro.com\/fr\/product\/287831-ontg-4gp2f-s\/\",\"url\":\"https:\/\/fracarro.com\/fr\/product\/287831-ontg-4gp2f-s\/\",\"name\":\"ONTG-4GP2F-S - Fracarro Radioindustrie SRL\",\"isPartOf\":{\"@id\":\"https:\/\/fracarro.com\/fr\/#website\"},\"primaryImageOfPage\":{\"@id\":\"https:\/\/fracarro.com\/fr\/product\/287831-ontg-4gp2f-s\/#primaryimage\"},\"image\":{\"@id\":\"https:\/\/fracarro.com\/fr\/product\/287831-ontg-4gp2f-s\/#primaryimage\"},\"thumbnailUrl\":\"https:\/\/fracarro.com\/wp-content\/uploads\/onpage\/op_image_945e9006ee076e436201ce41c91d10f6d40e3eb3.1980x.webp\",\"datePublished\":\"2025-02-17T13:57:15+00:00\",\"dateModified\":\"2025-12-03T16:03:10+00:00\",\"breadcrumb\":{\"@id\":\"https:\/\/fracarro.com\/fr\/product\/287831-ontg-4gp2f-s\/#breadcrumb\"},\"inLanguage\":\"fr-FR\",\"potentialAction\":[{\"@type\":\"ReadAction\",\"target\":[\"https:\/\/fracarro.com\/fr\/product\/287831-ontg-4gp2f-s\/\"]}]},{\"@type\":\"ImageObject\",\"inLanguage\":\"fr-FR\",\"@id\":\"https:\/\/fracarro.com\/fr\/product\/287831-ontg-4gp2f-s\/#primaryimage\",\"url\":\"https:\/\/fracarro.com\/wp-content\/uploads\/onpage\/op_image_945e9006ee076e436201ce41c91d10f6d40e3eb3.1980x.webp\",\"contentUrl\":\"https:\/\/fracarro.com\/wp-content\/uploads\/onpage\/op_image_945e9006ee076e436201ce41c91d10f6d40e3eb3.1980x.webp\",\"width\":1980,\"height\":1980},{\"@type\":\"BreadcrumbList\",\"@id\":\"https:\/\/fracarro.com\/fr\/product\/287831-ontg-4gp2f-s\/#breadcrumb\",\"itemListElement\":[{\"@type\":\"ListItem\",\"position\":1,\"name\":\"Home\",\"item\":\"https:\/\/fracarro.com\/fr\/\"},{\"@type\":\"ListItem\",\"position\":2,\"name\":\"Solutions\",\"item\":\"https:\/\/fracarro.com\/it\/solutions\/\"},{\"@type\":\"ListItem\",\"position\":3,\"name\":\"ONTG-4GP2F-S\"}]},{\"@type\":\"WebSite\",\"@id\":\"https:\/\/fracarro.com\/fr\/#website\",\"url\":\"https:\/\/fracarro.com\/fr\/\",\"name\":\"Fracarro Radioindustrie SRL\",\"description\":\"\",\"publisher\":{\"@id\":\"https:\/\/fracarro.com\/fr\/#organization\"},\"potentialAction\":[{\"@type\":\"SearchAction\",\"target\":{\"@type\":\"EntryPoint\",\"urlTemplate\":\"https:\/\/fracarro.com\/fr\/?s={search_term_string}\"},\"query-input\":{\"@type\":\"PropertyValueSpecification\",\"valueRequired\":true,\"valueName\":\"search_term_string\"}}],\"inLanguage\":\"fr-FR\"},{\"@type\":\"Organization\",\"@id\":\"https:\/\/fracarro.com\/fr\/#organization\",\"name\":\"Fracarro Radioindustrie SRL\",\"url\":\"https:\/\/fracarro.com\/fr\/\",\"logo\":{\"@type\":\"ImageObject\",\"inLanguage\":\"fr-FR\",\"@id\":\"https:\/\/fracarro.com\/fr\/#\/schema\/logo\/image\/\",\"url\":\"https:\/\/fracarro.com\/wp-content\/uploads\/2020\/09\/Fracarro-logo530x67.png\",\"contentUrl\":\"https:\/\/fracarro.com\/wp-content\/uploads\/2020\/09\/Fracarro-logo530x67.png\",\"width\":530,\"height\":67,\"caption\":\"Fracarro Radioindustrie SRL\"},\"image\":{\"@id\":\"https:\/\/fracarro.com\/fr\/#\/schema\/logo\/image\/\"},\"sameAs\":[\"https:\/\/it-it.facebook.com\/fracarro\/\",\"https:\/\/x.com\/fracarrotweets\",\"https:\/\/it.linkedin.com\/company\/fracarro-radioindustrie\",\"https:\/\/www.instagram.com\/fracarroradioindustrie\/\",\"https:\/\/www.youtube.com\/user\/FracarroOfficial?feature=watch\"]}]}<\/script>\n<!-- \/ Yoast SEO Premium plugin. -->","yoast_head_json":{"title":"ONTG-4GP2F-S - Fracarro Radioindustrie SRL","robots":{"index":"index","follow":"follow","max-snippet":"max-snippet:-1","max-image-preview":"max-image-preview:large","max-video-preview":"max-video-preview:-1"},"canonical":"https:\/\/fracarro.com\/fr\/product\/287831-ontg-4gp2f-s\/","og_locale":"fr_FR","og_type":"article","og_title":"ONTG-4GP2F-S","og_description":"Le r\u00e9cepteur optique ONTG-4GP2F-S, compl\u00e8te la gamme de la famille ONT de Fracarro, entrant dans un segment du march\u00e9 professionnel gr\u00e2ce \u00e0 sa polyvalence accrue et \u00e0 sa capacit\u00e9 \u00e0 prendre en charge les appareils de terrain qui n\u00e9cessitent une alimentation. En effet, les 4 ports Giga Ethernet sont \u00e9quip\u00e9s de la fonctionnalit\u00e9 PoE\/PoE+ compatible [...]","og_url":"https:\/\/fracarro.com\/fr\/product\/287831-ontg-4gp2f-s\/","og_site_name":"Fracarro Radioindustrie SRL","article_publisher":"https:\/\/it-it.facebook.com\/fracarro\/","article_modified_time":"2025-12-03T16:03:10+00:00","og_image":[{"width":1980,"height":1980,"url":"https:\/\/fracarro.com\/wp-content\/uploads\/onpage\/op_image_945e9006ee076e436201ce41c91d10f6d40e3eb3.1980x.webp","type":"image\/webp"}],"twitter_card":"summary_large_image","twitter_site":"@fracarrotweets","twitter_misc":{"Dur\u00e9e de lecture estim\u00e9e":"1 minute"},"schema":{"@context":"https:\/\/schema.org","@graph":[{"@type":"WebPage","@id":"https:\/\/fracarro.com\/fr\/product\/287831-ontg-4gp2f-s\/","url":"https:\/\/fracarro.com\/fr\/product\/287831-ontg-4gp2f-s\/","name":"ONTG-4GP2F-S - Fracarro Radioindustrie SRL","isPartOf":{"@id":"https:\/\/fracarro.com\/fr\/#website"},"primaryImageOfPage":{"@id":"https:\/\/fracarro.com\/fr\/product\/287831-ontg-4gp2f-s\/#primaryimage"},"image":{"@id":"https:\/\/fracarro.com\/fr\/product\/287831-ontg-4gp2f-s\/#primaryimage"},"thumbnailUrl":"https:\/\/fracarro.com\/wp-content\/uploads\/onpage\/op_image_945e9006ee076e436201ce41c91d10f6d40e3eb3.1980x.webp","datePublished":"2025-02-17T13:57:15+00:00","dateModified":"2025-12-03T16:03:10+00:00","breadcrumb":{"@id":"https:\/\/fracarro.com\/fr\/product\/287831-ontg-4gp2f-s\/#breadcrumb"},"inLanguage":"fr-FR","potentialAction":[{"@type":"ReadAction","target":["https:\/\/fracarro.com\/fr\/product\/287831-ontg-4gp2f-s\/"]}]},{"@type":"ImageObject","inLanguage":"fr-FR","@id":"https:\/\/fracarro.com\/fr\/product\/287831-ontg-4gp2f-s\/#primaryimage","url":"https:\/\/fracarro.com\/wp-content\/uploads\/onpage\/op_image_945e9006ee076e436201ce41c91d10f6d40e3eb3.1980x.webp","contentUrl":"https:\/\/fracarro.com\/wp-content\/uploads\/onpage\/op_image_945e9006ee076e436201ce41c91d10f6d40e3eb3.1980x.webp","width":1980,"height":1980},{"@type":"BreadcrumbList","@id":"https:\/\/fracarro.com\/fr\/product\/287831-ontg-4gp2f-s\/#breadcrumb","itemListElement":[{"@type":"ListItem","position":1,"name":"Home","item":"https:\/\/fracarro.com\/fr\/"},{"@type":"ListItem","position":2,"name":"Solutions","item":"https:\/\/fracarro.com\/it\/solutions\/"},{"@type":"ListItem","position":3,"name":"ONTG-4GP2F-S"}]},{"@type":"WebSite","@id":"https:\/\/fracarro.com\/fr\/#website","url":"https:\/\/fracarro.com\/fr\/","name":"Fracarro Radioindustrie SRL","description":"","publisher":{"@id":"https:\/\/fracarro.com\/fr\/#organization"},"potentialAction":[{"@type":"SearchAction","target":{"@type":"EntryPoint","urlTemplate":"https:\/\/fracarro.com\/fr\/?s={search_term_string}"},"query-input":{"@type":"PropertyValueSpecification","valueRequired":true,"valueName":"search_term_string"}}],"inLanguage":"fr-FR"},{"@type":"Organization","@id":"https:\/\/fracarro.com\/fr\/#organization","name":"Fracarro Radioindustrie SRL","url":"https:\/\/fracarro.com\/fr\/","logo":{"@type":"ImageObject","inLanguage":"fr-FR","@id":"https:\/\/fracarro.com\/fr\/#\/schema\/logo\/image\/","url":"https:\/\/fracarro.com\/wp-content\/uploads\/2020\/09\/Fracarro-logo530x67.png","contentUrl":"https:\/\/fracarro.com\/wp-content\/uploads\/2020\/09\/Fracarro-logo530x67.png","width":530,"height":67,"caption":"Fracarro Radioindustrie SRL"},"image":{"@id":"https:\/\/fracarro.com\/fr\/#\/schema\/logo\/image\/"},"sameAs":["https:\/\/it-it.facebook.com\/fracarro\/","https:\/\/x.com\/fracarrotweets","https:\/\/it.linkedin.com\/company\/fracarro-radioindustrie","https:\/\/www.instagram.com\/fracarroradioindustrie\/","https:\/\/www.youtube.com\/user\/FracarroOfficial?feature=watch"]}]}},"_links":{"self":[{"href":"https:\/\/fracarro.com\/fr\/wp-json\/wp\/v2\/product\/188019","targetHints":{"allow":["GET"]}}],"collection":[{"href":"https:\/\/fracarro.com\/fr\/wp-json\/wp\/v2\/product"}],"about":[{"href":"https:\/\/fracarro.com\/fr\/wp-json\/wp\/v2\/types\/product"}],"wp:featuredmedia":[{"embeddable":true,"href":"https:\/\/fracarro.com\/fr\/wp-json\/wp\/v2\/media\/188045"}],"wp:attachment":[{"href":"https:\/\/fracarro.com\/fr\/wp-json\/wp\/v2\/media?parent=188019"}],"wp:term":[{"taxonomy":"product_brand","embeddable":true,"href":"https:\/\/fracarro.com\/fr\/wp-json\/wp\/v2\/product_brand?post=188019"},{"taxonomy":"product_cat","embeddable":true,"href":"https:\/\/fracarro.com\/fr\/wp-json\/wp\/v2\/product_cat?post=188019"},{"taxonomy":"product_tag","embeddable":true,"href":"https:\/\/fracarro.com\/fr\/wp-json\/wp\/v2\/product_tag?post=188019"}],"curies":[{"name":"wp","href":"https:\/\/api.w.org\/{rel}","templated":true}]}}