{"id":188213,"date":"2025-04-10T13:09:53","date_gmt":"2025-04-10T13:09:53","guid":{"rendered":""},"modified":"2025-12-03T16:03:10","modified_gmt":"2025-12-03T16:03:10","slug":"287856-fsw-924f-2xc","status":"publish","type":"product","link":"https:\/\/fracarro.com\/fr\/product\/287856-fsw-924f-2xc\/","title":{"rendered":"FSW-924F-2XC"},"content":{"rendered":"<p>Le switch <strong>FSW-924F-2XC <\/strong>repr\u00e9sente une nouvelle g\u00e9n\u00e9ration d&rsquo;\u00e9quipements <strong>TOR (Top-of-Rack) full-10GE<\/strong>, sp\u00e9cifiquement con\u00e7us pour la distribution \u00e0 haute densit\u00e9 de flux IPTV provenant de t\u00eates de r\u00e9seau avanc\u00e9es telles que 3DG-FLEX et GALAXIA. L&rsquo;appareil est dot\u00e9 d&rsquo;un <strong>backplane de 800 Gbps<\/strong>, permettant son fonctionnement en tant que n\u0153ud d&rsquo;agr\u00e9gation ou de c\u0153ur de r\u00e9seau de <strong>Couche 3 (Layer 3)<\/strong>, tout en garantissant une gestion optimale de la Qualit\u00e9 de Service (QoS) et una r\u00e9duction drastique de la latence de commutation sur les infrastructures partag\u00e9es. Son moteur mat\u00e9riel est capable de g\u00e9rer un <strong>d\u00e9bit de transfert de 600 Mpps<\/strong>, assurant la diffusion fluide de contenus HD et 4K sensibles au gigue (jitter) et \u00e0 la latence.<\/p>\n<p>La connectivit\u00e9 est structur\u00e9e autour de <strong>24 ports 10G SFP+ <\/strong>con\u00e7us pour l&rsquo;interconnexion de dorsales optiques provenant de baies secondaires, d&rsquo;OLT ou de serveurs, compl\u00e9t\u00e9s par <strong>2 interfaces QSFP28 100GE\/40GE<\/strong> d\u00e9di\u00e9es exclusivement aux liaisons montantes (uplinks) \u00e0 haute capacit\u00e9 ou aux configurations de stacking avec des unit\u00e9s de la m\u00eame s\u00e9rie. La continuit\u00e9 de service (<strong>Business Continuity<\/strong>) est assur\u00e9e par un <strong>syst\u00e8me d&rsquo;alimentation redondante rempla\u00e7able \u00e0 chaud (hot-swap AC 220V)<\/strong>.<\/p>\n","protected":false},"excerpt":{"rendered":"<p>Le switch FSW-924F-2XC repr\u00e9sente une nouvelle g\u00e9n\u00e9ration d&rsquo;\u00e9quipements TOR (Top-of-Rack) full-10GE, sp\u00e9cifiquement con\u00e7us pour la distribution \u00e0 haute densit\u00e9 de flux IPTV provenant de t\u00eates de r\u00e9seau avanc\u00e9es telles que 3DG-FLEX et GALAXIA. L&rsquo;appareil est dot\u00e9 d&rsquo;un backplane de 800 Gbps, permettant son fonctionnement en tant que n\u0153ud d&rsquo;agr\u00e9gation ou de c\u0153ur de r\u00e9seau de  [&#8230;]<\/p>\n","protected":false},"featured_media":188221,"template":"","meta":[],"product_brand":[],"product_cat":[53418],"product_tag":[],"class_list":{"0":"post-188213","1":"product","2":"type-product","3":"status-publish","4":"has-post-thumbnail","6":"product_cat-ser-gere","8":"first","9":"instock","10":"shipping-taxable","11":"product-type-simple"},"yoast_head":"<!-- This site is optimized with the Yoast SEO Premium plugin v26.5 (Yoast SEO v26.7) - https:\/\/yoast.com\/wordpress\/plugins\/seo\/ -->\n<title>FSW-924F-2XC - Fracarro Radioindustrie SRL<\/title>\n<meta name=\"robots\" content=\"index, follow, max-snippet:-1, max-image-preview:large, max-video-preview:-1\" \/>\n<link rel=\"canonical\" href=\"https:\/\/fracarro.com\/fr\/product\/287856-fsw-924f-2xc\/\" \/>\n<meta property=\"og:locale\" content=\"fr_FR\" \/>\n<meta property=\"og:type\" content=\"article\" \/>\n<meta property=\"og:title\" content=\"FSW-924F-2XC\" \/>\n<meta property=\"og:description\" content=\"Le switch FSW-924F-2XC repr\u00e9sente une nouvelle g\u00e9n\u00e9ration d&rsquo;\u00e9quipements TOR (Top-of-Rack) full-10GE, sp\u00e9cifiquement con\u00e7us pour la distribution \u00e0 haute densit\u00e9 de flux IPTV provenant de t\u00eates de r\u00e9seau avanc\u00e9es telles que 3DG-FLEX et GALAXIA. L&rsquo;appareil est dot\u00e9 d&rsquo;un backplane de 800 Gbps, permettant son fonctionnement en tant que n\u0153ud d&rsquo;agr\u00e9gation ou de c\u0153ur de r\u00e9seau de [...]\" \/>\n<meta property=\"og:url\" content=\"https:\/\/fracarro.com\/fr\/product\/287856-fsw-924f-2xc\/\" \/>\n<meta property=\"og:site_name\" content=\"Fracarro Radioindustrie SRL\" \/>\n<meta property=\"article:publisher\" content=\"https:\/\/it-it.facebook.com\/fracarro\/\" \/>\n<meta property=\"article:modified_time\" content=\"2025-12-03T16:03:10+00:00\" \/>\n<meta property=\"og:image\" content=\"https:\/\/fracarro.com\/wp-content\/uploads\/onpage\/op_image_61268466302c70438913d2dbb81bb8f14ca8230a.1980x.webp\" \/>\n\t<meta property=\"og:image:width\" content=\"1980\" \/>\n\t<meta property=\"og:image:height\" content=\"1980\" \/>\n\t<meta property=\"og:image:type\" content=\"image\/webp\" \/>\n<meta name=\"twitter:card\" content=\"summary_large_image\" \/>\n<meta name=\"twitter:site\" content=\"@fracarrotweets\" \/>\n<meta name=\"twitter:label1\" content=\"Dur\u00e9e de lecture estim\u00e9e\" \/>\n\t<meta name=\"twitter:data1\" content=\"1 minute\" \/>\n<script type=\"application\/ld+json\" class=\"yoast-schema-graph\">{\"@context\":\"https:\/\/schema.org\",\"@graph\":[{\"@type\":\"WebPage\",\"@id\":\"https:\/\/fracarro.com\/fr\/product\/287856-fsw-924f-2xc\/\",\"url\":\"https:\/\/fracarro.com\/fr\/product\/287856-fsw-924f-2xc\/\",\"name\":\"FSW-924F-2XC - Fracarro Radioindustrie SRL\",\"isPartOf\":{\"@id\":\"https:\/\/fracarro.com\/fr\/#website\"},\"primaryImageOfPage\":{\"@id\":\"https:\/\/fracarro.com\/fr\/product\/287856-fsw-924f-2xc\/#primaryimage\"},\"image\":{\"@id\":\"https:\/\/fracarro.com\/fr\/product\/287856-fsw-924f-2xc\/#primaryimage\"},\"thumbnailUrl\":\"https:\/\/fracarro.com\/wp-content\/uploads\/onpage\/op_image_61268466302c70438913d2dbb81bb8f14ca8230a.1980x.webp\",\"datePublished\":\"2025-04-10T13:09:53+00:00\",\"dateModified\":\"2025-12-03T16:03:10+00:00\",\"breadcrumb\":{\"@id\":\"https:\/\/fracarro.com\/fr\/product\/287856-fsw-924f-2xc\/#breadcrumb\"},\"inLanguage\":\"fr-FR\",\"potentialAction\":[{\"@type\":\"ReadAction\",\"target\":[\"https:\/\/fracarro.com\/fr\/product\/287856-fsw-924f-2xc\/\"]}]},{\"@type\":\"ImageObject\",\"inLanguage\":\"fr-FR\",\"@id\":\"https:\/\/fracarro.com\/fr\/product\/287856-fsw-924f-2xc\/#primaryimage\",\"url\":\"https:\/\/fracarro.com\/wp-content\/uploads\/onpage\/op_image_61268466302c70438913d2dbb81bb8f14ca8230a.1980x.webp\",\"contentUrl\":\"https:\/\/fracarro.com\/wp-content\/uploads\/onpage\/op_image_61268466302c70438913d2dbb81bb8f14ca8230a.1980x.webp\",\"width\":1980,\"height\":1980},{\"@type\":\"BreadcrumbList\",\"@id\":\"https:\/\/fracarro.com\/fr\/product\/287856-fsw-924f-2xc\/#breadcrumb\",\"itemListElement\":[{\"@type\":\"ListItem\",\"position\":1,\"name\":\"Home\",\"item\":\"https:\/\/fracarro.com\/fr\/\"},{\"@type\":\"ListItem\",\"position\":2,\"name\":\"Solutions\",\"item\":\"https:\/\/fracarro.com\/it\/solutions\/\"},{\"@type\":\"ListItem\",\"position\":3,\"name\":\"FSW-924F-2XC\"}]},{\"@type\":\"WebSite\",\"@id\":\"https:\/\/fracarro.com\/fr\/#website\",\"url\":\"https:\/\/fracarro.com\/fr\/\",\"name\":\"Fracarro Radioindustrie SRL\",\"description\":\"\",\"publisher\":{\"@id\":\"https:\/\/fracarro.com\/fr\/#organization\"},\"potentialAction\":[{\"@type\":\"SearchAction\",\"target\":{\"@type\":\"EntryPoint\",\"urlTemplate\":\"https:\/\/fracarro.com\/fr\/?s={search_term_string}\"},\"query-input\":{\"@type\":\"PropertyValueSpecification\",\"valueRequired\":true,\"valueName\":\"search_term_string\"}}],\"inLanguage\":\"fr-FR\"},{\"@type\":\"Organization\",\"@id\":\"https:\/\/fracarro.com\/fr\/#organization\",\"name\":\"Fracarro Radioindustrie SRL\",\"url\":\"https:\/\/fracarro.com\/fr\/\",\"logo\":{\"@type\":\"ImageObject\",\"inLanguage\":\"fr-FR\",\"@id\":\"https:\/\/fracarro.com\/fr\/#\/schema\/logo\/image\/\",\"url\":\"https:\/\/fracarro.com\/wp-content\/uploads\/2020\/09\/Fracarro-logo530x67.png\",\"contentUrl\":\"https:\/\/fracarro.com\/wp-content\/uploads\/2020\/09\/Fracarro-logo530x67.png\",\"width\":530,\"height\":67,\"caption\":\"Fracarro Radioindustrie SRL\"},\"image\":{\"@id\":\"https:\/\/fracarro.com\/fr\/#\/schema\/logo\/image\/\"},\"sameAs\":[\"https:\/\/it-it.facebook.com\/fracarro\/\",\"https:\/\/x.com\/fracarrotweets\",\"https:\/\/it.linkedin.com\/company\/fracarro-radioindustrie\",\"https:\/\/www.instagram.com\/fracarroradioindustrie\/\",\"https:\/\/www.youtube.com\/user\/FracarroOfficial?feature=watch\"]}]}<\/script>\n<!-- \/ Yoast SEO Premium plugin. -->","yoast_head_json":{"title":"FSW-924F-2XC - Fracarro Radioindustrie SRL","robots":{"index":"index","follow":"follow","max-snippet":"max-snippet:-1","max-image-preview":"max-image-preview:large","max-video-preview":"max-video-preview:-1"},"canonical":"https:\/\/fracarro.com\/fr\/product\/287856-fsw-924f-2xc\/","og_locale":"fr_FR","og_type":"article","og_title":"FSW-924F-2XC","og_description":"Le switch FSW-924F-2XC repr\u00e9sente une nouvelle g\u00e9n\u00e9ration d&rsquo;\u00e9quipements TOR (Top-of-Rack) full-10GE, sp\u00e9cifiquement con\u00e7us pour la distribution \u00e0 haute densit\u00e9 de flux IPTV provenant de t\u00eates de r\u00e9seau avanc\u00e9es telles que 3DG-FLEX et GALAXIA. L&rsquo;appareil est dot\u00e9 d&rsquo;un backplane de 800 Gbps, permettant son fonctionnement en tant que n\u0153ud d&rsquo;agr\u00e9gation ou de c\u0153ur de r\u00e9seau de [...]","og_url":"https:\/\/fracarro.com\/fr\/product\/287856-fsw-924f-2xc\/","og_site_name":"Fracarro Radioindustrie SRL","article_publisher":"https:\/\/it-it.facebook.com\/fracarro\/","article_modified_time":"2025-12-03T16:03:10+00:00","og_image":[{"width":1980,"height":1980,"url":"https:\/\/fracarro.com\/wp-content\/uploads\/onpage\/op_image_61268466302c70438913d2dbb81bb8f14ca8230a.1980x.webp","type":"image\/webp"}],"twitter_card":"summary_large_image","twitter_site":"@fracarrotweets","twitter_misc":{"Dur\u00e9e de lecture estim\u00e9e":"1 minute"},"schema":{"@context":"https:\/\/schema.org","@graph":[{"@type":"WebPage","@id":"https:\/\/fracarro.com\/fr\/product\/287856-fsw-924f-2xc\/","url":"https:\/\/fracarro.com\/fr\/product\/287856-fsw-924f-2xc\/","name":"FSW-924F-2XC - Fracarro Radioindustrie SRL","isPartOf":{"@id":"https:\/\/fracarro.com\/fr\/#website"},"primaryImageOfPage":{"@id":"https:\/\/fracarro.com\/fr\/product\/287856-fsw-924f-2xc\/#primaryimage"},"image":{"@id":"https:\/\/fracarro.com\/fr\/product\/287856-fsw-924f-2xc\/#primaryimage"},"thumbnailUrl":"https:\/\/fracarro.com\/wp-content\/uploads\/onpage\/op_image_61268466302c70438913d2dbb81bb8f14ca8230a.1980x.webp","datePublished":"2025-04-10T13:09:53+00:00","dateModified":"2025-12-03T16:03:10+00:00","breadcrumb":{"@id":"https:\/\/fracarro.com\/fr\/product\/287856-fsw-924f-2xc\/#breadcrumb"},"inLanguage":"fr-FR","potentialAction":[{"@type":"ReadAction","target":["https:\/\/fracarro.com\/fr\/product\/287856-fsw-924f-2xc\/"]}]},{"@type":"ImageObject","inLanguage":"fr-FR","@id":"https:\/\/fracarro.com\/fr\/product\/287856-fsw-924f-2xc\/#primaryimage","url":"https:\/\/fracarro.com\/wp-content\/uploads\/onpage\/op_image_61268466302c70438913d2dbb81bb8f14ca8230a.1980x.webp","contentUrl":"https:\/\/fracarro.com\/wp-content\/uploads\/onpage\/op_image_61268466302c70438913d2dbb81bb8f14ca8230a.1980x.webp","width":1980,"height":1980},{"@type":"BreadcrumbList","@id":"https:\/\/fracarro.com\/fr\/product\/287856-fsw-924f-2xc\/#breadcrumb","itemListElement":[{"@type":"ListItem","position":1,"name":"Home","item":"https:\/\/fracarro.com\/fr\/"},{"@type":"ListItem","position":2,"name":"Solutions","item":"https:\/\/fracarro.com\/it\/solutions\/"},{"@type":"ListItem","position":3,"name":"FSW-924F-2XC"}]},{"@type":"WebSite","@id":"https:\/\/fracarro.com\/fr\/#website","url":"https:\/\/fracarro.com\/fr\/","name":"Fracarro Radioindustrie SRL","description":"","publisher":{"@id":"https:\/\/fracarro.com\/fr\/#organization"},"potentialAction":[{"@type":"SearchAction","target":{"@type":"EntryPoint","urlTemplate":"https:\/\/fracarro.com\/fr\/?s={search_term_string}"},"query-input":{"@type":"PropertyValueSpecification","valueRequired":true,"valueName":"search_term_string"}}],"inLanguage":"fr-FR"},{"@type":"Organization","@id":"https:\/\/fracarro.com\/fr\/#organization","name":"Fracarro Radioindustrie SRL","url":"https:\/\/fracarro.com\/fr\/","logo":{"@type":"ImageObject","inLanguage":"fr-FR","@id":"https:\/\/fracarro.com\/fr\/#\/schema\/logo\/image\/","url":"https:\/\/fracarro.com\/wp-content\/uploads\/2020\/09\/Fracarro-logo530x67.png","contentUrl":"https:\/\/fracarro.com\/wp-content\/uploads\/2020\/09\/Fracarro-logo530x67.png","width":530,"height":67,"caption":"Fracarro Radioindustrie SRL"},"image":{"@id":"https:\/\/fracarro.com\/fr\/#\/schema\/logo\/image\/"},"sameAs":["https:\/\/it-it.facebook.com\/fracarro\/","https:\/\/x.com\/fracarrotweets","https:\/\/it.linkedin.com\/company\/fracarro-radioindustrie","https:\/\/www.instagram.com\/fracarroradioindustrie\/","https:\/\/www.youtube.com\/user\/FracarroOfficial?feature=watch"]}]}},"_links":{"self":[{"href":"https:\/\/fracarro.com\/fr\/wp-json\/wp\/v2\/product\/188213","targetHints":{"allow":["GET"]}}],"collection":[{"href":"https:\/\/fracarro.com\/fr\/wp-json\/wp\/v2\/product"}],"about":[{"href":"https:\/\/fracarro.com\/fr\/wp-json\/wp\/v2\/types\/product"}],"wp:featuredmedia":[{"embeddable":true,"href":"https:\/\/fracarro.com\/fr\/wp-json\/wp\/v2\/media\/188221"}],"wp:attachment":[{"href":"https:\/\/fracarro.com\/fr\/wp-json\/wp\/v2\/media?parent=188213"}],"wp:term":[{"taxonomy":"product_brand","embeddable":true,"href":"https:\/\/fracarro.com\/fr\/wp-json\/wp\/v2\/product_brand?post=188213"},{"taxonomy":"product_cat","embeddable":true,"href":"https:\/\/fracarro.com\/fr\/wp-json\/wp\/v2\/product_cat?post=188213"},{"taxonomy":"product_tag","embeddable":true,"href":"https:\/\/fracarro.com\/fr\/wp-json\/wp\/v2\/product_tag?post=188213"}],"curies":[{"name":"wp","href":"https:\/\/api.w.org\/{rel}","templated":true}]}}