{"id":189857,"date":"2025-11-04T13:26:52","date_gmt":"2025-11-04T13:26:52","guid":{"rendered":""},"modified":"2025-12-03T16:03:10","modified_gmt":"2025-12-03T16:03:10","slug":"287866-ges05p","status":"publish","type":"product","link":"https:\/\/fracarro.com\/fr\/product\/287866-ges05p\/","title":{"rendered":"GES05P"},"content":{"rendered":"<p>Le Fracarro <strong>GES05P<\/strong> est un switch Ethernet <strong>non manageable<\/strong> \u00e9quip\u00e9 de <strong>4 ports<\/strong> Gigabit 10\/100\/1000 Mbps<strong> <\/strong>PoE+ et <strong>1 port <\/strong>de liaison montante 10\/100\/1000 Mbps. Il est id\u00e9al pour les r\u00e9seaux et syst\u00e8mes n\u00e9cessitant l&rsquo;alimentation \u00e0 distance d&rsquo;appareils tels que\u00a0:<\/p>\n<p>Cam\u00e9ras IP<\/p>\n<p>Portiers vid\u00e9o<\/p>\n<p>Points d&rsquo;acc\u00e8s<\/p>\n<p>T\u00e9l\u00e9phones VoIP<\/p>\n<p>Contr\u00f4le d&rsquo;acc\u00e8s<\/p>\n<p>Compact et pr\u00eat \u00e0 l&#8217;emploi gr\u00e2ce \u00e0 la fonction <strong>MDI\/MDIX <\/strong>qui d\u00e9tecte automatiquement les c\u00e2bles connect\u00e9s, il offre des performances jusqu&rsquo;\u00e0 1\u00a0Gbit\/s par port et 2\u00a0Gbit\/s en mode duplex int\u00e9gral.<\/p>\n","protected":false},"excerpt":{"rendered":"<p>Le Fracarro GES05P est un switch Ethernet non manageable \u00e9quip\u00e9 de 4 ports Gigabit 10\/100\/1000 Mbps PoE+ et 1 port de liaison montante 10\/100\/1000 Mbps. Il est id\u00e9al pour les r\u00e9seaux et syst\u00e8mes n\u00e9cessitant l&rsquo;alimentation \u00e0 distance d&rsquo;appareils tels que\u00a0: Cam\u00e9ras IP Portiers vid\u00e9o Points d&rsquo;acc\u00e8s T\u00e9l\u00e9phones VoIP Contr\u00f4le d&rsquo;acc\u00e8s Compact et pr\u00eat \u00e0 l&#8217;emploi  [&#8230;]<\/p>\n","protected":false},"featured_media":189890,"template":"","meta":[],"product_brand":[],"product_cat":[53414],"product_tag":[],"class_list":{"0":"post-189857","1":"product","2":"type-product","3":"status-publish","4":"has-post-thumbnail","6":"product_cat-ser-non-gere","8":"first","9":"instock","10":"shipping-taxable","11":"product-type-simple"},"yoast_head":"<!-- This site is optimized with the Yoast SEO Premium plugin v26.5 (Yoast SEO v26.7) - https:\/\/yoast.com\/wordpress\/plugins\/seo\/ -->\n<title>GES05P - Fracarro Radioindustrie SRL<\/title>\n<meta name=\"robots\" content=\"index, follow, max-snippet:-1, max-image-preview:large, max-video-preview:-1\" \/>\n<link rel=\"canonical\" href=\"https:\/\/fracarro.com\/fr\/product\/287866-ges05p\/\" \/>\n<meta property=\"og:locale\" content=\"fr_FR\" \/>\n<meta property=\"og:type\" content=\"article\" \/>\n<meta property=\"og:title\" content=\"GES05P\" \/>\n<meta property=\"og:description\" content=\"Le Fracarro GES05P est un switch Ethernet non manageable \u00e9quip\u00e9 de 4 ports Gigabit 10\/100\/1000 Mbps PoE+ et 1 port de liaison montante 10\/100\/1000 Mbps. Il est id\u00e9al pour les r\u00e9seaux et syst\u00e8mes n\u00e9cessitant l&rsquo;alimentation \u00e0 distance d&rsquo;appareils tels que\u00a0: Cam\u00e9ras IP Portiers vid\u00e9o Points d&rsquo;acc\u00e8s T\u00e9l\u00e9phones VoIP Contr\u00f4le d&rsquo;acc\u00e8s Compact et pr\u00eat \u00e0 l&#8217;emploi [...]\" \/>\n<meta property=\"og:url\" content=\"https:\/\/fracarro.com\/fr\/product\/287866-ges05p\/\" \/>\n<meta property=\"og:site_name\" content=\"Fracarro Radioindustrie SRL\" \/>\n<meta property=\"article:publisher\" content=\"https:\/\/it-it.facebook.com\/fracarro\/\" \/>\n<meta property=\"article:modified_time\" content=\"2025-12-03T16:03:10+00:00\" \/>\n<meta property=\"og:image\" content=\"https:\/\/fracarro.com\/wp-content\/uploads\/onpage\/op_image_4708c3c9322ba477440cc91d4d4937bdc3264a1f.1980x.webp\" \/>\n\t<meta property=\"og:image:width\" content=\"1980\" \/>\n\t<meta property=\"og:image:height\" content=\"1980\" \/>\n\t<meta property=\"og:image:type\" content=\"image\/webp\" \/>\n<meta name=\"twitter:card\" content=\"summary_large_image\" \/>\n<meta name=\"twitter:site\" content=\"@fracarrotweets\" \/>\n<script type=\"application\/ld+json\" class=\"yoast-schema-graph\">{\"@context\":\"https:\/\/schema.org\",\"@graph\":[{\"@type\":\"WebPage\",\"@id\":\"https:\/\/fracarro.com\/fr\/product\/287866-ges05p\/\",\"url\":\"https:\/\/fracarro.com\/fr\/product\/287866-ges05p\/\",\"name\":\"GES05P - Fracarro Radioindustrie SRL\",\"isPartOf\":{\"@id\":\"https:\/\/fracarro.com\/fr\/#website\"},\"primaryImageOfPage\":{\"@id\":\"https:\/\/fracarro.com\/fr\/product\/287866-ges05p\/#primaryimage\"},\"image\":{\"@id\":\"https:\/\/fracarro.com\/fr\/product\/287866-ges05p\/#primaryimage\"},\"thumbnailUrl\":\"https:\/\/fracarro.com\/wp-content\/uploads\/onpage\/op_image_4708c3c9322ba477440cc91d4d4937bdc3264a1f.1980x.webp\",\"datePublished\":\"2025-11-04T13:26:52+00:00\",\"dateModified\":\"2025-12-03T16:03:10+00:00\",\"breadcrumb\":{\"@id\":\"https:\/\/fracarro.com\/fr\/product\/287866-ges05p\/#breadcrumb\"},\"inLanguage\":\"fr-FR\",\"potentialAction\":[{\"@type\":\"ReadAction\",\"target\":[\"https:\/\/fracarro.com\/fr\/product\/287866-ges05p\/\"]}]},{\"@type\":\"ImageObject\",\"inLanguage\":\"fr-FR\",\"@id\":\"https:\/\/fracarro.com\/fr\/product\/287866-ges05p\/#primaryimage\",\"url\":\"https:\/\/fracarro.com\/wp-content\/uploads\/onpage\/op_image_4708c3c9322ba477440cc91d4d4937bdc3264a1f.1980x.webp\",\"contentUrl\":\"https:\/\/fracarro.com\/wp-content\/uploads\/onpage\/op_image_4708c3c9322ba477440cc91d4d4937bdc3264a1f.1980x.webp\",\"width\":1980,\"height\":1980},{\"@type\":\"BreadcrumbList\",\"@id\":\"https:\/\/fracarro.com\/fr\/product\/287866-ges05p\/#breadcrumb\",\"itemListElement\":[{\"@type\":\"ListItem\",\"position\":1,\"name\":\"Home\",\"item\":\"https:\/\/fracarro.com\/fr\/\"},{\"@type\":\"ListItem\",\"position\":2,\"name\":\"Solutions\",\"item\":\"https:\/\/fracarro.com\/it\/solutions\/\"},{\"@type\":\"ListItem\",\"position\":3,\"name\":\"GES05P\"}]},{\"@type\":\"WebSite\",\"@id\":\"https:\/\/fracarro.com\/fr\/#website\",\"url\":\"https:\/\/fracarro.com\/fr\/\",\"name\":\"Fracarro Radioindustrie SRL\",\"description\":\"\",\"publisher\":{\"@id\":\"https:\/\/fracarro.com\/fr\/#organization\"},\"potentialAction\":[{\"@type\":\"SearchAction\",\"target\":{\"@type\":\"EntryPoint\",\"urlTemplate\":\"https:\/\/fracarro.com\/fr\/?s={search_term_string}\"},\"query-input\":{\"@type\":\"PropertyValueSpecification\",\"valueRequired\":true,\"valueName\":\"search_term_string\"}}],\"inLanguage\":\"fr-FR\"},{\"@type\":\"Organization\",\"@id\":\"https:\/\/fracarro.com\/fr\/#organization\",\"name\":\"Fracarro Radioindustrie SRL\",\"url\":\"https:\/\/fracarro.com\/fr\/\",\"logo\":{\"@type\":\"ImageObject\",\"inLanguage\":\"fr-FR\",\"@id\":\"https:\/\/fracarro.com\/fr\/#\/schema\/logo\/image\/\",\"url\":\"https:\/\/fracarro.com\/wp-content\/uploads\/2020\/09\/Fracarro-logo530x67.png\",\"contentUrl\":\"https:\/\/fracarro.com\/wp-content\/uploads\/2020\/09\/Fracarro-logo530x67.png\",\"width\":530,\"height\":67,\"caption\":\"Fracarro Radioindustrie SRL\"},\"image\":{\"@id\":\"https:\/\/fracarro.com\/fr\/#\/schema\/logo\/image\/\"},\"sameAs\":[\"https:\/\/it-it.facebook.com\/fracarro\/\",\"https:\/\/x.com\/fracarrotweets\",\"https:\/\/it.linkedin.com\/company\/fracarro-radioindustrie\",\"https:\/\/www.instagram.com\/fracarroradioindustrie\/\",\"https:\/\/www.youtube.com\/user\/FracarroOfficial?feature=watch\"]}]}<\/script>\n<!-- \/ Yoast SEO Premium plugin. -->","yoast_head_json":{"title":"GES05P - Fracarro Radioindustrie SRL","robots":{"index":"index","follow":"follow","max-snippet":"max-snippet:-1","max-image-preview":"max-image-preview:large","max-video-preview":"max-video-preview:-1"},"canonical":"https:\/\/fracarro.com\/fr\/product\/287866-ges05p\/","og_locale":"fr_FR","og_type":"article","og_title":"GES05P","og_description":"Le Fracarro GES05P est un switch Ethernet non manageable \u00e9quip\u00e9 de 4 ports Gigabit 10\/100\/1000 Mbps PoE+ et 1 port de liaison montante 10\/100\/1000 Mbps. Il est id\u00e9al pour les r\u00e9seaux et syst\u00e8mes n\u00e9cessitant l&rsquo;alimentation \u00e0 distance d&rsquo;appareils tels que\u00a0: Cam\u00e9ras IP Portiers vid\u00e9o Points d&rsquo;acc\u00e8s T\u00e9l\u00e9phones VoIP Contr\u00f4le d&rsquo;acc\u00e8s Compact et pr\u00eat \u00e0 l&#8217;emploi [...]","og_url":"https:\/\/fracarro.com\/fr\/product\/287866-ges05p\/","og_site_name":"Fracarro Radioindustrie SRL","article_publisher":"https:\/\/it-it.facebook.com\/fracarro\/","article_modified_time":"2025-12-03T16:03:10+00:00","og_image":[{"width":1980,"height":1980,"url":"https:\/\/fracarro.com\/wp-content\/uploads\/onpage\/op_image_4708c3c9322ba477440cc91d4d4937bdc3264a1f.1980x.webp","type":"image\/webp"}],"twitter_card":"summary_large_image","twitter_site":"@fracarrotweets","schema":{"@context":"https:\/\/schema.org","@graph":[{"@type":"WebPage","@id":"https:\/\/fracarro.com\/fr\/product\/287866-ges05p\/","url":"https:\/\/fracarro.com\/fr\/product\/287866-ges05p\/","name":"GES05P - Fracarro Radioindustrie SRL","isPartOf":{"@id":"https:\/\/fracarro.com\/fr\/#website"},"primaryImageOfPage":{"@id":"https:\/\/fracarro.com\/fr\/product\/287866-ges05p\/#primaryimage"},"image":{"@id":"https:\/\/fracarro.com\/fr\/product\/287866-ges05p\/#primaryimage"},"thumbnailUrl":"https:\/\/fracarro.com\/wp-content\/uploads\/onpage\/op_image_4708c3c9322ba477440cc91d4d4937bdc3264a1f.1980x.webp","datePublished":"2025-11-04T13:26:52+00:00","dateModified":"2025-12-03T16:03:10+00:00","breadcrumb":{"@id":"https:\/\/fracarro.com\/fr\/product\/287866-ges05p\/#breadcrumb"},"inLanguage":"fr-FR","potentialAction":[{"@type":"ReadAction","target":["https:\/\/fracarro.com\/fr\/product\/287866-ges05p\/"]}]},{"@type":"ImageObject","inLanguage":"fr-FR","@id":"https:\/\/fracarro.com\/fr\/product\/287866-ges05p\/#primaryimage","url":"https:\/\/fracarro.com\/wp-content\/uploads\/onpage\/op_image_4708c3c9322ba477440cc91d4d4937bdc3264a1f.1980x.webp","contentUrl":"https:\/\/fracarro.com\/wp-content\/uploads\/onpage\/op_image_4708c3c9322ba477440cc91d4d4937bdc3264a1f.1980x.webp","width":1980,"height":1980},{"@type":"BreadcrumbList","@id":"https:\/\/fracarro.com\/fr\/product\/287866-ges05p\/#breadcrumb","itemListElement":[{"@type":"ListItem","position":1,"name":"Home","item":"https:\/\/fracarro.com\/fr\/"},{"@type":"ListItem","position":2,"name":"Solutions","item":"https:\/\/fracarro.com\/it\/solutions\/"},{"@type":"ListItem","position":3,"name":"GES05P"}]},{"@type":"WebSite","@id":"https:\/\/fracarro.com\/fr\/#website","url":"https:\/\/fracarro.com\/fr\/","name":"Fracarro Radioindustrie SRL","description":"","publisher":{"@id":"https:\/\/fracarro.com\/fr\/#organization"},"potentialAction":[{"@type":"SearchAction","target":{"@type":"EntryPoint","urlTemplate":"https:\/\/fracarro.com\/fr\/?s={search_term_string}"},"query-input":{"@type":"PropertyValueSpecification","valueRequired":true,"valueName":"search_term_string"}}],"inLanguage":"fr-FR"},{"@type":"Organization","@id":"https:\/\/fracarro.com\/fr\/#organization","name":"Fracarro Radioindustrie SRL","url":"https:\/\/fracarro.com\/fr\/","logo":{"@type":"ImageObject","inLanguage":"fr-FR","@id":"https:\/\/fracarro.com\/fr\/#\/schema\/logo\/image\/","url":"https:\/\/fracarro.com\/wp-content\/uploads\/2020\/09\/Fracarro-logo530x67.png","contentUrl":"https:\/\/fracarro.com\/wp-content\/uploads\/2020\/09\/Fracarro-logo530x67.png","width":530,"height":67,"caption":"Fracarro Radioindustrie SRL"},"image":{"@id":"https:\/\/fracarro.com\/fr\/#\/schema\/logo\/image\/"},"sameAs":["https:\/\/it-it.facebook.com\/fracarro\/","https:\/\/x.com\/fracarrotweets","https:\/\/it.linkedin.com\/company\/fracarro-radioindustrie","https:\/\/www.instagram.com\/fracarroradioindustrie\/","https:\/\/www.youtube.com\/user\/FracarroOfficial?feature=watch"]}]}},"_links":{"self":[{"href":"https:\/\/fracarro.com\/fr\/wp-json\/wp\/v2\/product\/189857","targetHints":{"allow":["GET"]}}],"collection":[{"href":"https:\/\/fracarro.com\/fr\/wp-json\/wp\/v2\/product"}],"about":[{"href":"https:\/\/fracarro.com\/fr\/wp-json\/wp\/v2\/types\/product"}],"wp:featuredmedia":[{"embeddable":true,"href":"https:\/\/fracarro.com\/fr\/wp-json\/wp\/v2\/media\/189890"}],"wp:attachment":[{"href":"https:\/\/fracarro.com\/fr\/wp-json\/wp\/v2\/media?parent=189857"}],"wp:term":[{"taxonomy":"product_brand","embeddable":true,"href":"https:\/\/fracarro.com\/fr\/wp-json\/wp\/v2\/product_brand?post=189857"},{"taxonomy":"product_cat","embeddable":true,"href":"https:\/\/fracarro.com\/fr\/wp-json\/wp\/v2\/product_cat?post=189857"},{"taxonomy":"product_tag","embeddable":true,"href":"https:\/\/fracarro.com\/fr\/wp-json\/wp\/v2\/product_tag?post=189857"}],"curies":[{"name":"wp","href":"https:\/\/api.w.org\/{rel}","templated":true}]}}