{"id":192188,"date":"2026-02-24T08:54:34","date_gmt":"2026-02-24T08:54:34","guid":{"rendered":""},"modified":"2026-02-24T08:53:52","modified_gmt":"2026-02-24T08:53:52","slug":"287872-otdr-62","status":"publish","type":"product","link":"https:\/\/fracarro.com\/fr\/product\/287872-otdr-62\/","title":{"rendered":"OTDR 62"},"content":{"rendered":"<p>L&rsquo;OTDR 62 (Optical Time Domain Reflectometer) est l&rsquo;outil id\u00e9al pour les techniciens recherchant une solution fiable pour le diagnostic rapide d&rsquo;un syst\u00e8me de fibre optique lin\u00e9aire (sans r\u00e9partiteur).<\/p>\n<p>Il est particuli\u00e8rement utile pour identifier les d\u00e9fauts suivants\u00a0:<\/p>\n<p>1 &#8211; Fibres cass\u00e9es<\/p>\n<p>2 &#8211; Fibres pr\u00e9sentant une courbure excessive<\/p>\n<p>3 &#8211; Connecteurs mal \u00e9piss\u00e9s ou encrass\u00e9s<\/p>\n<p>Il permet \u00e9galement d&rsquo;effectuer des mesures optiques gr\u00e2ce \u00e0 la fonction OPM et de r\u00e9aliser des tests RJ45 simples mais utiles sur un r\u00e9seau local, tels que\u00a0:<\/p>\n<p>1 &#8211; Ping IP<\/p>\n<p>2 &#8211; Test \u00e0 distance<\/p>\n<p>3 &#8211; V\u00e9rification de p\u00e9riph\u00e9rique IP sur un sous-r\u00e9seau<\/p>\n<p>4 &#8211; V\u00e9rification du c\u00e2blage RJ45<\/p>\n","protected":false},"excerpt":{"rendered":"<p>L&rsquo;OTDR 62 (Optical Time Domain Reflectometer) est l&rsquo;outil id\u00e9al pour les techniciens recherchant une solution fiable pour le diagnostic rapide d&rsquo;un syst\u00e8me de fibre optique lin\u00e9aire (sans r\u00e9partiteur). Il est particuli\u00e8rement utile pour identifier les d\u00e9fauts suivants\u00a0: 1 &#8211; Fibres cass\u00e9es 2 &#8211; Fibres pr\u00e9sentant une courbure excessive 3 &#8211; Connecteurs mal \u00e9piss\u00e9s ou encrass\u00e9s  [&#8230;]<\/p>\n","protected":false},"featured_media":192192,"template":"","meta":[],"product_brand":[],"product_cat":[53022],"product_tag":[],"class_list":{"0":"post-192188","1":"product","2":"type-product","3":"status-publish","4":"has-post-thumbnail","6":"product_cat-ser-multimetres-optiques","8":"first","9":"instock","10":"shipping-taxable","11":"product-type-simple"},"yoast_head":"<!-- This site is optimized with the Yoast SEO Premium plugin v26.5 (Yoast SEO v26.7) - https:\/\/yoast.com\/wordpress\/plugins\/seo\/ -->\n<title>OTDR 62 - Fracarro Radioindustrie SRL<\/title>\n<meta name=\"robots\" content=\"index, follow, max-snippet:-1, max-image-preview:large, max-video-preview:-1\" \/>\n<link rel=\"canonical\" href=\"https:\/\/fracarro.com\/fr\/product\/287872-otdr-62\/\" \/>\n<meta property=\"og:locale\" content=\"fr_FR\" \/>\n<meta property=\"og:type\" content=\"article\" \/>\n<meta property=\"og:title\" content=\"OTDR 62\" \/>\n<meta property=\"og:description\" content=\"L&rsquo;OTDR 62 (Optical Time Domain Reflectometer) est l&rsquo;outil id\u00e9al pour les techniciens recherchant une solution fiable pour le diagnostic rapide d&rsquo;un syst\u00e8me de fibre optique lin\u00e9aire (sans r\u00e9partiteur). Il est particuli\u00e8rement utile pour identifier les d\u00e9fauts suivants\u00a0: 1 &#8211; Fibres cass\u00e9es 2 &#8211; Fibres pr\u00e9sentant une courbure excessive 3 &#8211; Connecteurs mal \u00e9piss\u00e9s ou encrass\u00e9s [...]\" \/>\n<meta property=\"og:url\" content=\"https:\/\/fracarro.com\/fr\/product\/287872-otdr-62\/\" \/>\n<meta property=\"og:site_name\" content=\"Fracarro Radioindustrie SRL\" \/>\n<meta property=\"article:publisher\" content=\"https:\/\/it-it.facebook.com\/fracarro\/\" \/>\n<meta property=\"og:image\" content=\"https:\/\/fracarro.com\/wp-content\/uploads\/onpage\/op_image_1c92a950ce9baae61f429564a432d2f49832216c.1980x.webp\" \/>\n\t<meta property=\"og:image:width\" content=\"1980\" \/>\n\t<meta property=\"og:image:height\" content=\"1980\" \/>\n\t<meta property=\"og:image:type\" content=\"image\/webp\" \/>\n<meta name=\"twitter:card\" content=\"summary_large_image\" \/>\n<meta name=\"twitter:site\" content=\"@fracarrotweets\" \/>\n<meta name=\"twitter:label1\" content=\"Dur\u00e9e de lecture estim\u00e9e\" \/>\n\t<meta name=\"twitter:data1\" content=\"1 minute\" \/>\n<script type=\"application\/ld+json\" class=\"yoast-schema-graph\">{\"@context\":\"https:\/\/schema.org\",\"@graph\":[{\"@type\":\"WebPage\",\"@id\":\"https:\/\/fracarro.com\/fr\/product\/287872-otdr-62\/\",\"url\":\"https:\/\/fracarro.com\/fr\/product\/287872-otdr-62\/\",\"name\":\"OTDR 62 - Fracarro Radioindustrie SRL\",\"isPartOf\":{\"@id\":\"https:\/\/fracarro.com\/fr\/#website\"},\"primaryImageOfPage\":{\"@id\":\"https:\/\/fracarro.com\/fr\/product\/287872-otdr-62\/#primaryimage\"},\"image\":{\"@id\":\"https:\/\/fracarro.com\/fr\/product\/287872-otdr-62\/#primaryimage\"},\"thumbnailUrl\":\"https:\/\/fracarro.com\/wp-content\/uploads\/onpage\/op_image_1c92a950ce9baae61f429564a432d2f49832216c.1980x.webp\",\"datePublished\":\"2026-02-24T08:54:34+00:00\",\"breadcrumb\":{\"@id\":\"https:\/\/fracarro.com\/fr\/product\/287872-otdr-62\/#breadcrumb\"},\"inLanguage\":\"fr-FR\",\"potentialAction\":[{\"@type\":\"ReadAction\",\"target\":[\"https:\/\/fracarro.com\/fr\/product\/287872-otdr-62\/\"]}]},{\"@type\":\"ImageObject\",\"inLanguage\":\"fr-FR\",\"@id\":\"https:\/\/fracarro.com\/fr\/product\/287872-otdr-62\/#primaryimage\",\"url\":\"https:\/\/fracarro.com\/wp-content\/uploads\/onpage\/op_image_1c92a950ce9baae61f429564a432d2f49832216c.1980x.webp\",\"contentUrl\":\"https:\/\/fracarro.com\/wp-content\/uploads\/onpage\/op_image_1c92a950ce9baae61f429564a432d2f49832216c.1980x.webp\",\"width\":1980,\"height\":1980},{\"@type\":\"BreadcrumbList\",\"@id\":\"https:\/\/fracarro.com\/fr\/product\/287872-otdr-62\/#breadcrumb\",\"itemListElement\":[{\"@type\":\"ListItem\",\"position\":1,\"name\":\"Home\",\"item\":\"https:\/\/fracarro.com\/fr\/\"},{\"@type\":\"ListItem\",\"position\":2,\"name\":\"Solutions\",\"item\":\"https:\/\/fracarro.com\/it\/solutions\/\"},{\"@type\":\"ListItem\",\"position\":3,\"name\":\"OTDR 62\"}]},{\"@type\":\"WebSite\",\"@id\":\"https:\/\/fracarro.com\/fr\/#website\",\"url\":\"https:\/\/fracarro.com\/fr\/\",\"name\":\"Fracarro Radioindustrie SRL\",\"description\":\"\",\"publisher\":{\"@id\":\"https:\/\/fracarro.com\/fr\/#organization\"},\"potentialAction\":[{\"@type\":\"SearchAction\",\"target\":{\"@type\":\"EntryPoint\",\"urlTemplate\":\"https:\/\/fracarro.com\/fr\/?s={search_term_string}\"},\"query-input\":{\"@type\":\"PropertyValueSpecification\",\"valueRequired\":true,\"valueName\":\"search_term_string\"}}],\"inLanguage\":\"fr-FR\"},{\"@type\":\"Organization\",\"@id\":\"https:\/\/fracarro.com\/fr\/#organization\",\"name\":\"Fracarro Radioindustrie SRL\",\"url\":\"https:\/\/fracarro.com\/fr\/\",\"logo\":{\"@type\":\"ImageObject\",\"inLanguage\":\"fr-FR\",\"@id\":\"https:\/\/fracarro.com\/fr\/#\/schema\/logo\/image\/\",\"url\":\"https:\/\/fracarro.com\/wp-content\/uploads\/2020\/09\/Fracarro-logo530x67.png\",\"contentUrl\":\"https:\/\/fracarro.com\/wp-content\/uploads\/2020\/09\/Fracarro-logo530x67.png\",\"width\":530,\"height\":67,\"caption\":\"Fracarro Radioindustrie SRL\"},\"image\":{\"@id\":\"https:\/\/fracarro.com\/fr\/#\/schema\/logo\/image\/\"},\"sameAs\":[\"https:\/\/it-it.facebook.com\/fracarro\/\",\"https:\/\/x.com\/fracarrotweets\",\"https:\/\/it.linkedin.com\/company\/fracarro-radioindustrie\",\"https:\/\/www.instagram.com\/fracarroradioindustrie\/\",\"https:\/\/www.youtube.com\/user\/FracarroOfficial?feature=watch\"]}]}<\/script>\n<!-- \/ Yoast SEO Premium plugin. -->","yoast_head_json":{"title":"OTDR 62 - Fracarro Radioindustrie SRL","robots":{"index":"index","follow":"follow","max-snippet":"max-snippet:-1","max-image-preview":"max-image-preview:large","max-video-preview":"max-video-preview:-1"},"canonical":"https:\/\/fracarro.com\/fr\/product\/287872-otdr-62\/","og_locale":"fr_FR","og_type":"article","og_title":"OTDR 62","og_description":"L&rsquo;OTDR 62 (Optical Time Domain Reflectometer) est l&rsquo;outil id\u00e9al pour les techniciens recherchant une solution fiable pour le diagnostic rapide d&rsquo;un syst\u00e8me de fibre optique lin\u00e9aire (sans r\u00e9partiteur). Il est particuli\u00e8rement utile pour identifier les d\u00e9fauts suivants\u00a0: 1 &#8211; Fibres cass\u00e9es 2 &#8211; Fibres pr\u00e9sentant une courbure excessive 3 &#8211; Connecteurs mal \u00e9piss\u00e9s ou encrass\u00e9s [...]","og_url":"https:\/\/fracarro.com\/fr\/product\/287872-otdr-62\/","og_site_name":"Fracarro Radioindustrie SRL","article_publisher":"https:\/\/it-it.facebook.com\/fracarro\/","og_image":[{"width":1980,"height":1980,"url":"https:\/\/fracarro.com\/wp-content\/uploads\/onpage\/op_image_1c92a950ce9baae61f429564a432d2f49832216c.1980x.webp","type":"image\/webp"}],"twitter_card":"summary_large_image","twitter_site":"@fracarrotweets","twitter_misc":{"Dur\u00e9e de lecture estim\u00e9e":"1 minute"},"schema":{"@context":"https:\/\/schema.org","@graph":[{"@type":"WebPage","@id":"https:\/\/fracarro.com\/fr\/product\/287872-otdr-62\/","url":"https:\/\/fracarro.com\/fr\/product\/287872-otdr-62\/","name":"OTDR 62 - Fracarro Radioindustrie SRL","isPartOf":{"@id":"https:\/\/fracarro.com\/fr\/#website"},"primaryImageOfPage":{"@id":"https:\/\/fracarro.com\/fr\/product\/287872-otdr-62\/#primaryimage"},"image":{"@id":"https:\/\/fracarro.com\/fr\/product\/287872-otdr-62\/#primaryimage"},"thumbnailUrl":"https:\/\/fracarro.com\/wp-content\/uploads\/onpage\/op_image_1c92a950ce9baae61f429564a432d2f49832216c.1980x.webp","datePublished":"2026-02-24T08:54:34+00:00","breadcrumb":{"@id":"https:\/\/fracarro.com\/fr\/product\/287872-otdr-62\/#breadcrumb"},"inLanguage":"fr-FR","potentialAction":[{"@type":"ReadAction","target":["https:\/\/fracarro.com\/fr\/product\/287872-otdr-62\/"]}]},{"@type":"ImageObject","inLanguage":"fr-FR","@id":"https:\/\/fracarro.com\/fr\/product\/287872-otdr-62\/#primaryimage","url":"https:\/\/fracarro.com\/wp-content\/uploads\/onpage\/op_image_1c92a950ce9baae61f429564a432d2f49832216c.1980x.webp","contentUrl":"https:\/\/fracarro.com\/wp-content\/uploads\/onpage\/op_image_1c92a950ce9baae61f429564a432d2f49832216c.1980x.webp","width":1980,"height":1980},{"@type":"BreadcrumbList","@id":"https:\/\/fracarro.com\/fr\/product\/287872-otdr-62\/#breadcrumb","itemListElement":[{"@type":"ListItem","position":1,"name":"Home","item":"https:\/\/fracarro.com\/fr\/"},{"@type":"ListItem","position":2,"name":"Solutions","item":"https:\/\/fracarro.com\/it\/solutions\/"},{"@type":"ListItem","position":3,"name":"OTDR 62"}]},{"@type":"WebSite","@id":"https:\/\/fracarro.com\/fr\/#website","url":"https:\/\/fracarro.com\/fr\/","name":"Fracarro Radioindustrie SRL","description":"","publisher":{"@id":"https:\/\/fracarro.com\/fr\/#organization"},"potentialAction":[{"@type":"SearchAction","target":{"@type":"EntryPoint","urlTemplate":"https:\/\/fracarro.com\/fr\/?s={search_term_string}"},"query-input":{"@type":"PropertyValueSpecification","valueRequired":true,"valueName":"search_term_string"}}],"inLanguage":"fr-FR"},{"@type":"Organization","@id":"https:\/\/fracarro.com\/fr\/#organization","name":"Fracarro Radioindustrie SRL","url":"https:\/\/fracarro.com\/fr\/","logo":{"@type":"ImageObject","inLanguage":"fr-FR","@id":"https:\/\/fracarro.com\/fr\/#\/schema\/logo\/image\/","url":"https:\/\/fracarro.com\/wp-content\/uploads\/2020\/09\/Fracarro-logo530x67.png","contentUrl":"https:\/\/fracarro.com\/wp-content\/uploads\/2020\/09\/Fracarro-logo530x67.png","width":530,"height":67,"caption":"Fracarro Radioindustrie SRL"},"image":{"@id":"https:\/\/fracarro.com\/fr\/#\/schema\/logo\/image\/"},"sameAs":["https:\/\/it-it.facebook.com\/fracarro\/","https:\/\/x.com\/fracarrotweets","https:\/\/it.linkedin.com\/company\/fracarro-radioindustrie","https:\/\/www.instagram.com\/fracarroradioindustrie\/","https:\/\/www.youtube.com\/user\/FracarroOfficial?feature=watch"]}]}},"_links":{"self":[{"href":"https:\/\/fracarro.com\/fr\/wp-json\/wp\/v2\/product\/192188","targetHints":{"allow":["GET"]}}],"collection":[{"href":"https:\/\/fracarro.com\/fr\/wp-json\/wp\/v2\/product"}],"about":[{"href":"https:\/\/fracarro.com\/fr\/wp-json\/wp\/v2\/types\/product"}],"wp:featuredmedia":[{"embeddable":true,"href":"https:\/\/fracarro.com\/fr\/wp-json\/wp\/v2\/media\/192192"}],"wp:attachment":[{"href":"https:\/\/fracarro.com\/fr\/wp-json\/wp\/v2\/media?parent=192188"}],"wp:term":[{"taxonomy":"product_brand","embeddable":true,"href":"https:\/\/fracarro.com\/fr\/wp-json\/wp\/v2\/product_brand?post=192188"},{"taxonomy":"product_cat","embeddable":true,"href":"https:\/\/fracarro.com\/fr\/wp-json\/wp\/v2\/product_cat?post=192188"},{"taxonomy":"product_tag","embeddable":true,"href":"https:\/\/fracarro.com\/fr\/wp-json\/wp\/v2\/product_tag?post=192188"}],"curies":[{"name":"wp","href":"https:\/\/api.w.org\/{rel}","templated":true}]}}