{"id":192263,"date":"2026-02-27T10:08:10","date_gmt":"2026-02-27T10:08:10","guid":{"rendered":""},"modified":"2026-02-27T10:07:38","modified_gmt":"2026-02-27T10:07:38","slug":"287908-br8b100-aa-ps","status":"publish","type":"product","link":"https:\/\/fracarro.com\/fr\/product\/287908-br8b100-aa-ps\/","title":{"rendered":"BR8B100-AA-PS"},"content":{"rendered":"<p>C\u00e2ble optique pr\u00e9-c\u00e2bl\u00e9 en fibre monomode 9\/125 pour usage int\u00e9rieur, insensible aux courbures, avec <strong>8 fibres connect\u00e9es SC\/APC<\/strong> et un syst\u00e8me de traction <strong>PULL<\/strong>, d\u2019une longueur de 100 m.<\/p>\n<p>Le c\u00e2ble, conforme \u00e0 la norme CPR EN 50575, est class\u00e9 <strong>B2ca s2 d0 a1<\/strong> et garantit l\u2019absence de gouttes incandescentes (d0).<\/p>\n<p>Id\u00e9al pour les installations <strong>mobiles ou fixes<\/strong> dans les gaines techniques ou dans des conduits m\u00e9talliques, il offre une haute r\u00e9sistance \u00e0 la traction et une grande flexibilit\u00e9 gr\u00e2ce \u00e0 sa double gaine de protection.<\/p>\n","protected":false},"excerpt":{"rendered":"<p>C\u00e2ble optique pr\u00e9-c\u00e2bl\u00e9 en fibre monomode 9\/125 pour usage int\u00e9rieur, insensible aux courbures, avec 8 fibres connect\u00e9es SC\/APC et un syst\u00e8me de traction PULL, d\u2019une longueur de 100 m. Le c\u00e2ble, conforme \u00e0 la norme CPR EN 50575, est class\u00e9 B2ca s2 d0 a1 et garantit l\u2019absence de gouttes incandescentes (d0). Id\u00e9al pour les installations  [&#8230;]<\/p>\n","protected":false},"featured_media":193195,"template":"","meta":[],"product_brand":[],"product_cat":[52894],"product_tag":[],"class_list":{"0":"post-192263","1":"product","2":"type-product","3":"status-publish","4":"has-post-thumbnail","6":"product_cat-ser-preco-interieur","8":"first","9":"instock","10":"shipping-taxable","11":"product-type-simple"},"yoast_head":"<!-- This site is optimized with the Yoast SEO Premium plugin v26.5 (Yoast SEO v26.7) - https:\/\/yoast.com\/wordpress\/plugins\/seo\/ -->\n<title>BR8B100-AA-PS - Fracarro Radioindustrie SRL<\/title>\n<meta name=\"robots\" content=\"index, follow, max-snippet:-1, max-image-preview:large, max-video-preview:-1\" \/>\n<link rel=\"canonical\" href=\"https:\/\/fracarro.com\/fr\/product\/287908-br8b100-aa-ps\/\" \/>\n<meta property=\"og:locale\" content=\"fr_FR\" \/>\n<meta property=\"og:type\" content=\"article\" \/>\n<meta property=\"og:title\" content=\"BR8B100-AA-PS\" \/>\n<meta property=\"og:description\" content=\"C\u00e2ble optique pr\u00e9-c\u00e2bl\u00e9 en fibre monomode 9\/125 pour usage int\u00e9rieur, insensible aux courbures, avec 8 fibres connect\u00e9es SC\/APC et un syst\u00e8me de traction PULL, d\u2019une longueur de 100 m. Le c\u00e2ble, conforme \u00e0 la norme CPR EN 50575, est class\u00e9 B2ca s2 d0 a1 et garantit l\u2019absence de gouttes incandescentes (d0). Id\u00e9al pour les installations [...]\" \/>\n<meta property=\"og:url\" content=\"https:\/\/fracarro.com\/fr\/product\/287908-br8b100-aa-ps\/\" \/>\n<meta property=\"og:site_name\" content=\"Fracarro Radioindustrie SRL\" \/>\n<meta property=\"article:publisher\" content=\"https:\/\/it-it.facebook.com\/fracarro\/\" \/>\n<meta property=\"og:image\" content=\"https:\/\/fracarro.com\/wp-content\/uploads\/onpage\/op_image_83f97fd9eb29e4d74625952c43a6660e73b000fb.1980x.webp\" \/>\n\t<meta property=\"og:image:width\" content=\"1980\" \/>\n\t<meta property=\"og:image:height\" content=\"1980\" \/>\n\t<meta property=\"og:image:type\" content=\"image\/webp\" \/>\n<meta name=\"twitter:card\" content=\"summary_large_image\" \/>\n<meta name=\"twitter:site\" content=\"@fracarrotweets\" \/>\n<script type=\"application\/ld+json\" class=\"yoast-schema-graph\">{\"@context\":\"https:\/\/schema.org\",\"@graph\":[{\"@type\":\"WebPage\",\"@id\":\"https:\/\/fracarro.com\/fr\/product\/287908-br8b100-aa-ps\/\",\"url\":\"https:\/\/fracarro.com\/fr\/product\/287908-br8b100-aa-ps\/\",\"name\":\"BR8B100-AA-PS - Fracarro Radioindustrie SRL\",\"isPartOf\":{\"@id\":\"https:\/\/fracarro.com\/fr\/#website\"},\"primaryImageOfPage\":{\"@id\":\"https:\/\/fracarro.com\/fr\/product\/287908-br8b100-aa-ps\/#primaryimage\"},\"image\":{\"@id\":\"https:\/\/fracarro.com\/fr\/product\/287908-br8b100-aa-ps\/#primaryimage\"},\"thumbnailUrl\":\"https:\/\/fracarro.com\/wp-content\/uploads\/onpage\/op_image_2922911d23da05cfee35b5a83e25c6a0085d3929.1980x.webp\",\"datePublished\":\"2026-02-27T10:08:10+00:00\",\"breadcrumb\":{\"@id\":\"https:\/\/fracarro.com\/fr\/product\/287908-br8b100-aa-ps\/#breadcrumb\"},\"inLanguage\":\"fr-FR\",\"potentialAction\":[{\"@type\":\"ReadAction\",\"target\":[\"https:\/\/fracarro.com\/fr\/product\/287908-br8b100-aa-ps\/\"]}]},{\"@type\":\"ImageObject\",\"inLanguage\":\"fr-FR\",\"@id\":\"https:\/\/fracarro.com\/fr\/product\/287908-br8b100-aa-ps\/#primaryimage\",\"url\":\"https:\/\/fracarro.com\/wp-content\/uploads\/onpage\/op_image_2922911d23da05cfee35b5a83e25c6a0085d3929.1980x.webp\",\"contentUrl\":\"https:\/\/fracarro.com\/wp-content\/uploads\/onpage\/op_image_2922911d23da05cfee35b5a83e25c6a0085d3929.1980x.webp\",\"width\":1980,\"height\":1980},{\"@type\":\"BreadcrumbList\",\"@id\":\"https:\/\/fracarro.com\/fr\/product\/287908-br8b100-aa-ps\/#breadcrumb\",\"itemListElement\":[{\"@type\":\"ListItem\",\"position\":1,\"name\":\"Home\",\"item\":\"https:\/\/fracarro.com\/fr\/\"},{\"@type\":\"ListItem\",\"position\":2,\"name\":\"Solutions\",\"item\":\"https:\/\/fracarro.com\/it\/solutions\/\"},{\"@type\":\"ListItem\",\"position\":3,\"name\":\"BR8B100-AA-PS\"}]},{\"@type\":\"WebSite\",\"@id\":\"https:\/\/fracarro.com\/fr\/#website\",\"url\":\"https:\/\/fracarro.com\/fr\/\",\"name\":\"Fracarro Radioindustrie SRL\",\"description\":\"\",\"publisher\":{\"@id\":\"https:\/\/fracarro.com\/fr\/#organization\"},\"potentialAction\":[{\"@type\":\"SearchAction\",\"target\":{\"@type\":\"EntryPoint\",\"urlTemplate\":\"https:\/\/fracarro.com\/fr\/?s={search_term_string}\"},\"query-input\":{\"@type\":\"PropertyValueSpecification\",\"valueRequired\":true,\"valueName\":\"search_term_string\"}}],\"inLanguage\":\"fr-FR\"},{\"@type\":\"Organization\",\"@id\":\"https:\/\/fracarro.com\/fr\/#organization\",\"name\":\"Fracarro Radioindustrie SRL\",\"url\":\"https:\/\/fracarro.com\/fr\/\",\"logo\":{\"@type\":\"ImageObject\",\"inLanguage\":\"fr-FR\",\"@id\":\"https:\/\/fracarro.com\/fr\/#\/schema\/logo\/image\/\",\"url\":\"https:\/\/fracarro.com\/wp-content\/uploads\/2020\/09\/Fracarro-logo530x67.png\",\"contentUrl\":\"https:\/\/fracarro.com\/wp-content\/uploads\/2020\/09\/Fracarro-logo530x67.png\",\"width\":530,\"height\":67,\"caption\":\"Fracarro Radioindustrie SRL\"},\"image\":{\"@id\":\"https:\/\/fracarro.com\/fr\/#\/schema\/logo\/image\/\"},\"sameAs\":[\"https:\/\/it-it.facebook.com\/fracarro\/\",\"https:\/\/x.com\/fracarrotweets\",\"https:\/\/it.linkedin.com\/company\/fracarro-radioindustrie\",\"https:\/\/www.instagram.com\/fracarroradioindustrie\/\",\"https:\/\/www.youtube.com\/user\/FracarroOfficial?feature=watch\"]}]}<\/script>\n<!-- \/ Yoast SEO Premium plugin. -->","yoast_head_json":{"title":"BR8B100-AA-PS - Fracarro Radioindustrie SRL","robots":{"index":"index","follow":"follow","max-snippet":"max-snippet:-1","max-image-preview":"max-image-preview:large","max-video-preview":"max-video-preview:-1"},"canonical":"https:\/\/fracarro.com\/fr\/product\/287908-br8b100-aa-ps\/","og_locale":"fr_FR","og_type":"article","og_title":"BR8B100-AA-PS","og_description":"C\u00e2ble optique pr\u00e9-c\u00e2bl\u00e9 en fibre monomode 9\/125 pour usage int\u00e9rieur, insensible aux courbures, avec 8 fibres connect\u00e9es SC\/APC et un syst\u00e8me de traction PULL, d\u2019une longueur de 100 m. Le c\u00e2ble, conforme \u00e0 la norme CPR EN 50575, est class\u00e9 B2ca s2 d0 a1 et garantit l\u2019absence de gouttes incandescentes (d0). Id\u00e9al pour les installations [...]","og_url":"https:\/\/fracarro.com\/fr\/product\/287908-br8b100-aa-ps\/","og_site_name":"Fracarro Radioindustrie SRL","article_publisher":"https:\/\/it-it.facebook.com\/fracarro\/","og_image":[{"width":1980,"height":1980,"url":"https:\/\/fracarro.com\/wp-content\/uploads\/onpage\/op_image_83f97fd9eb29e4d74625952c43a6660e73b000fb.1980x.webp","type":"image\/webp"}],"twitter_card":"summary_large_image","twitter_site":"@fracarrotweets","schema":{"@context":"https:\/\/schema.org","@graph":[{"@type":"WebPage","@id":"https:\/\/fracarro.com\/fr\/product\/287908-br8b100-aa-ps\/","url":"https:\/\/fracarro.com\/fr\/product\/287908-br8b100-aa-ps\/","name":"BR8B100-AA-PS - Fracarro Radioindustrie SRL","isPartOf":{"@id":"https:\/\/fracarro.com\/fr\/#website"},"primaryImageOfPage":{"@id":"https:\/\/fracarro.com\/fr\/product\/287908-br8b100-aa-ps\/#primaryimage"},"image":{"@id":"https:\/\/fracarro.com\/fr\/product\/287908-br8b100-aa-ps\/#primaryimage"},"thumbnailUrl":"https:\/\/fracarro.com\/wp-content\/uploads\/onpage\/op_image_2922911d23da05cfee35b5a83e25c6a0085d3929.1980x.webp","datePublished":"2026-02-27T10:08:10+00:00","breadcrumb":{"@id":"https:\/\/fracarro.com\/fr\/product\/287908-br8b100-aa-ps\/#breadcrumb"},"inLanguage":"fr-FR","potentialAction":[{"@type":"ReadAction","target":["https:\/\/fracarro.com\/fr\/product\/287908-br8b100-aa-ps\/"]}]},{"@type":"ImageObject","inLanguage":"fr-FR","@id":"https:\/\/fracarro.com\/fr\/product\/287908-br8b100-aa-ps\/#primaryimage","url":"https:\/\/fracarro.com\/wp-content\/uploads\/onpage\/op_image_2922911d23da05cfee35b5a83e25c6a0085d3929.1980x.webp","contentUrl":"https:\/\/fracarro.com\/wp-content\/uploads\/onpage\/op_image_2922911d23da05cfee35b5a83e25c6a0085d3929.1980x.webp","width":1980,"height":1980},{"@type":"BreadcrumbList","@id":"https:\/\/fracarro.com\/fr\/product\/287908-br8b100-aa-ps\/#breadcrumb","itemListElement":[{"@type":"ListItem","position":1,"name":"Home","item":"https:\/\/fracarro.com\/fr\/"},{"@type":"ListItem","position":2,"name":"Solutions","item":"https:\/\/fracarro.com\/it\/solutions\/"},{"@type":"ListItem","position":3,"name":"BR8B100-AA-PS"}]},{"@type":"WebSite","@id":"https:\/\/fracarro.com\/fr\/#website","url":"https:\/\/fracarro.com\/fr\/","name":"Fracarro Radioindustrie SRL","description":"","publisher":{"@id":"https:\/\/fracarro.com\/fr\/#organization"},"potentialAction":[{"@type":"SearchAction","target":{"@type":"EntryPoint","urlTemplate":"https:\/\/fracarro.com\/fr\/?s={search_term_string}"},"query-input":{"@type":"PropertyValueSpecification","valueRequired":true,"valueName":"search_term_string"}}],"inLanguage":"fr-FR"},{"@type":"Organization","@id":"https:\/\/fracarro.com\/fr\/#organization","name":"Fracarro Radioindustrie SRL","url":"https:\/\/fracarro.com\/fr\/","logo":{"@type":"ImageObject","inLanguage":"fr-FR","@id":"https:\/\/fracarro.com\/fr\/#\/schema\/logo\/image\/","url":"https:\/\/fracarro.com\/wp-content\/uploads\/2020\/09\/Fracarro-logo530x67.png","contentUrl":"https:\/\/fracarro.com\/wp-content\/uploads\/2020\/09\/Fracarro-logo530x67.png","width":530,"height":67,"caption":"Fracarro Radioindustrie SRL"},"image":{"@id":"https:\/\/fracarro.com\/fr\/#\/schema\/logo\/image\/"},"sameAs":["https:\/\/it-it.facebook.com\/fracarro\/","https:\/\/x.com\/fracarrotweets","https:\/\/it.linkedin.com\/company\/fracarro-radioindustrie","https:\/\/www.instagram.com\/fracarroradioindustrie\/","https:\/\/www.youtube.com\/user\/FracarroOfficial?feature=watch"]}]}},"_links":{"self":[{"href":"https:\/\/fracarro.com\/fr\/wp-json\/wp\/v2\/product\/192263","targetHints":{"allow":["GET"]}}],"collection":[{"href":"https:\/\/fracarro.com\/fr\/wp-json\/wp\/v2\/product"}],"about":[{"href":"https:\/\/fracarro.com\/fr\/wp-json\/wp\/v2\/types\/product"}],"wp:featuredmedia":[{"embeddable":true,"href":"https:\/\/fracarro.com\/fr\/wp-json\/wp\/v2\/media\/193195"}],"wp:attachment":[{"href":"https:\/\/fracarro.com\/fr\/wp-json\/wp\/v2\/media?parent=192263"}],"wp:term":[{"taxonomy":"product_brand","embeddable":true,"href":"https:\/\/fracarro.com\/fr\/wp-json\/wp\/v2\/product_brand?post=192263"},{"taxonomy":"product_cat","embeddable":true,"href":"https:\/\/fracarro.com\/fr\/wp-json\/wp\/v2\/product_cat?post=192263"},{"taxonomy":"product_tag","embeddable":true,"href":"https:\/\/fracarro.com\/fr\/wp-json\/wp\/v2\/product_tag?post=192263"}],"curies":[{"name":"wp","href":"https:\/\/api.w.org\/{rel}","templated":true}]}}