{"id":192807,"date":"2026-03-23T14:03:18","date_gmt":"2026-03-23T14:03:18","guid":{"rendered":""},"modified":"2026-03-23T14:01:57","modified_gmt":"2026-03-23T14:01:57","slug":"213217-alpha-3hd-lte","status":"publish","type":"product","link":"https:\/\/fracarro.com\/fr\/product\/213217-alpha-3hd-lte\/","title":{"rendered":"ALPHA 3HD LTE"},"content":{"rendered":"<p>Antenne <strong>Loop Yagi<\/strong> de <strong>bande UHF<\/strong> avec connecteur F.<br \/>El\u00e9ments pr\u00e9mont\u00e9s, dip\u00f4le et r\u00e9flecteurs \u00e0 insertion rapide et fixation au m\u00e2t avec r\u00e9glage vertical de s\u00e9rie avec <strong>vis papillon<\/strong> pour le montage<strong>sans outils<\/strong>.<br \/><strong>Filtre LTE<\/strong> int\u00e9gr\u00e9 dans le dip\u00f4le.<br \/><strong>Gain \u00e9l\u00e9v\u00e9<\/strong> excellente robustessee et adaptation d&rsquo;imp\u00e9dance<strong>directivit\u00e9 optimale<\/strong>.<br \/>Design exclusif <strong>brevet\u00e9<\/strong> par Fracarro.<\/p>\n","protected":false},"excerpt":{"rendered":"<p>Antenne Loop Yagi de bande UHF avec connecteur F.El\u00e9ments pr\u00e9mont\u00e9s, dip\u00f4le et r\u00e9flecteurs \u00e0 insertion rapide et fixation au m\u00e2t avec r\u00e9glage vertical de s\u00e9rie avec vis papillon pour le montagesans outils.Filtre LTE int\u00e9gr\u00e9 dans le dip\u00f4le.Gain \u00e9l\u00e9v\u00e9 excellente robustessee et adaptation d&rsquo;imp\u00e9dancedirectivit\u00e9 optimale.Design exclusif brevet\u00e9 par Fracarro.<\/p>\n","protected":false},"featured_media":99502,"template":"","meta":[],"product_brand":[],"product_cat":[53182],"product_tag":[],"class_list":{"0":"post-192807","1":"product","2":"type-product","3":"status-publish","4":"has-post-thumbnail","6":"product_cat-serie-alpha","8":"first","9":"instock","10":"shipping-taxable","11":"product-type-simple"},"yoast_head":"<!-- This site is optimized with the Yoast SEO Premium plugin v26.5 (Yoast SEO v26.7) - https:\/\/yoast.com\/wordpress\/plugins\/seo\/ -->\n<title>ALPHA 3HD LTE - Fracarro Radioindustrie SRL<\/title>\n<meta name=\"robots\" content=\"index, follow, max-snippet:-1, max-image-preview:large, max-video-preview:-1\" \/>\n<link rel=\"canonical\" href=\"https:\/\/fracarro.com\/fr\/product\/213217-alpha-3hd-lte\/\" \/>\n<meta property=\"og:locale\" content=\"fr_FR\" \/>\n<meta property=\"og:type\" content=\"article\" \/>\n<meta property=\"og:title\" content=\"ALPHA 3HD LTE\" \/>\n<meta property=\"og:description\" content=\"Antenne Loop Yagi de bande UHF avec connecteur F.El\u00e9ments pr\u00e9mont\u00e9s, dip\u00f4le et r\u00e9flecteurs \u00e0 insertion rapide et fixation au m\u00e2t avec r\u00e9glage vertical de s\u00e9rie avec vis papillon pour le montagesans outils.Filtre LTE int\u00e9gr\u00e9 dans le dip\u00f4le.Gain \u00e9l\u00e9v\u00e9 excellente robustessee et adaptation d&rsquo;imp\u00e9dancedirectivit\u00e9 optimale.Design exclusif brevet\u00e9 par Fracarro.\" \/>\n<meta property=\"og:url\" content=\"https:\/\/fracarro.com\/fr\/product\/213217-alpha-3hd-lte\/\" \/>\n<meta property=\"og:site_name\" content=\"Fracarro Radioindustrie SRL\" \/>\n<meta property=\"article:publisher\" content=\"https:\/\/it-it.facebook.com\/fracarro\/\" \/>\n<meta property=\"og:image\" content=\"https:\/\/fracarro.com\/wp-content\/uploads\/onpage\/op_image_d08ab3bd56bcde94747e433c46a47cf72c200e69.1980x.webp\" \/>\n\t<meta property=\"og:image:width\" content=\"1980\" \/>\n\t<meta property=\"og:image:height\" content=\"1980\" \/>\n\t<meta property=\"og:image:type\" content=\"image\/webp\" \/>\n<meta name=\"twitter:card\" content=\"summary_large_image\" \/>\n<meta name=\"twitter:site\" content=\"@fracarrotweets\" \/>\n<script type=\"application\/ld+json\" class=\"yoast-schema-graph\">{\"@context\":\"https:\/\/schema.org\",\"@graph\":[{\"@type\":\"WebPage\",\"@id\":\"https:\/\/fracarro.com\/fr\/product\/213217-alpha-3hd-lte\/\",\"url\":\"https:\/\/fracarro.com\/fr\/product\/213217-alpha-3hd-lte\/\",\"name\":\"ALPHA 3HD LTE - Fracarro Radioindustrie SRL\",\"isPartOf\":{\"@id\":\"https:\/\/fracarro.com\/fr\/#website\"},\"primaryImageOfPage\":{\"@id\":\"https:\/\/fracarro.com\/fr\/product\/213217-alpha-3hd-lte\/#primaryimage\"},\"image\":{\"@id\":\"https:\/\/fracarro.com\/fr\/product\/213217-alpha-3hd-lte\/#primaryimage\"},\"thumbnailUrl\":\"https:\/\/fracarro.com\/wp-content\/uploads\/onpage\/op_image_d08ab3bd56bcde94747e433c46a47cf72c200e69.1980x.webp\",\"datePublished\":\"2026-03-23T14:03:18+00:00\",\"breadcrumb\":{\"@id\":\"https:\/\/fracarro.com\/fr\/product\/213217-alpha-3hd-lte\/#breadcrumb\"},\"inLanguage\":\"fr-FR\",\"potentialAction\":[{\"@type\":\"ReadAction\",\"target\":[\"https:\/\/fracarro.com\/fr\/product\/213217-alpha-3hd-lte\/\"]}]},{\"@type\":\"ImageObject\",\"inLanguage\":\"fr-FR\",\"@id\":\"https:\/\/fracarro.com\/fr\/product\/213217-alpha-3hd-lte\/#primaryimage\",\"url\":\"https:\/\/fracarro.com\/wp-content\/uploads\/onpage\/op_image_d08ab3bd56bcde94747e433c46a47cf72c200e69.1980x.webp\",\"contentUrl\":\"https:\/\/fracarro.com\/wp-content\/uploads\/onpage\/op_image_d08ab3bd56bcde94747e433c46a47cf72c200e69.1980x.webp\",\"width\":1980,\"height\":1980},{\"@type\":\"BreadcrumbList\",\"@id\":\"https:\/\/fracarro.com\/fr\/product\/213217-alpha-3hd-lte\/#breadcrumb\",\"itemListElement\":[{\"@type\":\"ListItem\",\"position\":1,\"name\":\"Home\",\"item\":\"https:\/\/fracarro.com\/fr\/\"},{\"@type\":\"ListItem\",\"position\":2,\"name\":\"Solutions\",\"item\":\"https:\/\/fracarro.com\/it\/solutions\/\"},{\"@type\":\"ListItem\",\"position\":3,\"name\":\"ALPHA 3HD LTE\"}]},{\"@type\":\"WebSite\",\"@id\":\"https:\/\/fracarro.com\/fr\/#website\",\"url\":\"https:\/\/fracarro.com\/fr\/\",\"name\":\"Fracarro Radioindustrie SRL\",\"description\":\"\",\"publisher\":{\"@id\":\"https:\/\/fracarro.com\/fr\/#organization\"},\"potentialAction\":[{\"@type\":\"SearchAction\",\"target\":{\"@type\":\"EntryPoint\",\"urlTemplate\":\"https:\/\/fracarro.com\/fr\/?s={search_term_string}\"},\"query-input\":{\"@type\":\"PropertyValueSpecification\",\"valueRequired\":true,\"valueName\":\"search_term_string\"}}],\"inLanguage\":\"fr-FR\"},{\"@type\":\"Organization\",\"@id\":\"https:\/\/fracarro.com\/fr\/#organization\",\"name\":\"Fracarro Radioindustrie SRL\",\"url\":\"https:\/\/fracarro.com\/fr\/\",\"logo\":{\"@type\":\"ImageObject\",\"inLanguage\":\"fr-FR\",\"@id\":\"https:\/\/fracarro.com\/fr\/#\/schema\/logo\/image\/\",\"url\":\"https:\/\/fracarro.com\/wp-content\/uploads\/2020\/09\/Fracarro-logo530x67.png\",\"contentUrl\":\"https:\/\/fracarro.com\/wp-content\/uploads\/2020\/09\/Fracarro-logo530x67.png\",\"width\":530,\"height\":67,\"caption\":\"Fracarro Radioindustrie SRL\"},\"image\":{\"@id\":\"https:\/\/fracarro.com\/fr\/#\/schema\/logo\/image\/\"},\"sameAs\":[\"https:\/\/it-it.facebook.com\/fracarro\/\",\"https:\/\/x.com\/fracarrotweets\",\"https:\/\/it.linkedin.com\/company\/fracarro-radioindustrie\",\"https:\/\/www.instagram.com\/fracarroradioindustrie\/\",\"https:\/\/www.youtube.com\/user\/FracarroOfficial?feature=watch\"]}]}<\/script>\n<!-- \/ Yoast SEO Premium plugin. -->","yoast_head_json":{"title":"ALPHA 3HD LTE - Fracarro Radioindustrie SRL","robots":{"index":"index","follow":"follow","max-snippet":"max-snippet:-1","max-image-preview":"max-image-preview:large","max-video-preview":"max-video-preview:-1"},"canonical":"https:\/\/fracarro.com\/fr\/product\/213217-alpha-3hd-lte\/","og_locale":"fr_FR","og_type":"article","og_title":"ALPHA 3HD LTE","og_description":"Antenne Loop Yagi de bande UHF avec connecteur F.El\u00e9ments pr\u00e9mont\u00e9s, dip\u00f4le et r\u00e9flecteurs \u00e0 insertion rapide et fixation au m\u00e2t avec r\u00e9glage vertical de s\u00e9rie avec vis papillon pour le montagesans outils.Filtre LTE int\u00e9gr\u00e9 dans le dip\u00f4le.Gain \u00e9l\u00e9v\u00e9 excellente robustessee et adaptation d&rsquo;imp\u00e9dancedirectivit\u00e9 optimale.Design exclusif brevet\u00e9 par Fracarro.","og_url":"https:\/\/fracarro.com\/fr\/product\/213217-alpha-3hd-lte\/","og_site_name":"Fracarro Radioindustrie SRL","article_publisher":"https:\/\/it-it.facebook.com\/fracarro\/","og_image":[{"width":1980,"height":1980,"url":"https:\/\/fracarro.com\/wp-content\/uploads\/onpage\/op_image_d08ab3bd56bcde94747e433c46a47cf72c200e69.1980x.webp","type":"image\/webp"}],"twitter_card":"summary_large_image","twitter_site":"@fracarrotweets","schema":{"@context":"https:\/\/schema.org","@graph":[{"@type":"WebPage","@id":"https:\/\/fracarro.com\/fr\/product\/213217-alpha-3hd-lte\/","url":"https:\/\/fracarro.com\/fr\/product\/213217-alpha-3hd-lte\/","name":"ALPHA 3HD LTE - Fracarro Radioindustrie SRL","isPartOf":{"@id":"https:\/\/fracarro.com\/fr\/#website"},"primaryImageOfPage":{"@id":"https:\/\/fracarro.com\/fr\/product\/213217-alpha-3hd-lte\/#primaryimage"},"image":{"@id":"https:\/\/fracarro.com\/fr\/product\/213217-alpha-3hd-lte\/#primaryimage"},"thumbnailUrl":"https:\/\/fracarro.com\/wp-content\/uploads\/onpage\/op_image_d08ab3bd56bcde94747e433c46a47cf72c200e69.1980x.webp","datePublished":"2026-03-23T14:03:18+00:00","breadcrumb":{"@id":"https:\/\/fracarro.com\/fr\/product\/213217-alpha-3hd-lte\/#breadcrumb"},"inLanguage":"fr-FR","potentialAction":[{"@type":"ReadAction","target":["https:\/\/fracarro.com\/fr\/product\/213217-alpha-3hd-lte\/"]}]},{"@type":"ImageObject","inLanguage":"fr-FR","@id":"https:\/\/fracarro.com\/fr\/product\/213217-alpha-3hd-lte\/#primaryimage","url":"https:\/\/fracarro.com\/wp-content\/uploads\/onpage\/op_image_d08ab3bd56bcde94747e433c46a47cf72c200e69.1980x.webp","contentUrl":"https:\/\/fracarro.com\/wp-content\/uploads\/onpage\/op_image_d08ab3bd56bcde94747e433c46a47cf72c200e69.1980x.webp","width":1980,"height":1980},{"@type":"BreadcrumbList","@id":"https:\/\/fracarro.com\/fr\/product\/213217-alpha-3hd-lte\/#breadcrumb","itemListElement":[{"@type":"ListItem","position":1,"name":"Home","item":"https:\/\/fracarro.com\/fr\/"},{"@type":"ListItem","position":2,"name":"Solutions","item":"https:\/\/fracarro.com\/it\/solutions\/"},{"@type":"ListItem","position":3,"name":"ALPHA 3HD LTE"}]},{"@type":"WebSite","@id":"https:\/\/fracarro.com\/fr\/#website","url":"https:\/\/fracarro.com\/fr\/","name":"Fracarro Radioindustrie SRL","description":"","publisher":{"@id":"https:\/\/fracarro.com\/fr\/#organization"},"potentialAction":[{"@type":"SearchAction","target":{"@type":"EntryPoint","urlTemplate":"https:\/\/fracarro.com\/fr\/?s={search_term_string}"},"query-input":{"@type":"PropertyValueSpecification","valueRequired":true,"valueName":"search_term_string"}}],"inLanguage":"fr-FR"},{"@type":"Organization","@id":"https:\/\/fracarro.com\/fr\/#organization","name":"Fracarro Radioindustrie SRL","url":"https:\/\/fracarro.com\/fr\/","logo":{"@type":"ImageObject","inLanguage":"fr-FR","@id":"https:\/\/fracarro.com\/fr\/#\/schema\/logo\/image\/","url":"https:\/\/fracarro.com\/wp-content\/uploads\/2020\/09\/Fracarro-logo530x67.png","contentUrl":"https:\/\/fracarro.com\/wp-content\/uploads\/2020\/09\/Fracarro-logo530x67.png","width":530,"height":67,"caption":"Fracarro Radioindustrie SRL"},"image":{"@id":"https:\/\/fracarro.com\/fr\/#\/schema\/logo\/image\/"},"sameAs":["https:\/\/it-it.facebook.com\/fracarro\/","https:\/\/x.com\/fracarrotweets","https:\/\/it.linkedin.com\/company\/fracarro-radioindustrie","https:\/\/www.instagram.com\/fracarroradioindustrie\/","https:\/\/www.youtube.com\/user\/FracarroOfficial?feature=watch"]}]}},"_links":{"self":[{"href":"https:\/\/fracarro.com\/fr\/wp-json\/wp\/v2\/product\/192807","targetHints":{"allow":["GET"]}}],"collection":[{"href":"https:\/\/fracarro.com\/fr\/wp-json\/wp\/v2\/product"}],"about":[{"href":"https:\/\/fracarro.com\/fr\/wp-json\/wp\/v2\/types\/product"}],"wp:featuredmedia":[{"embeddable":true,"href":"https:\/\/fracarro.com\/fr\/wp-json\/wp\/v2\/media\/99502"}],"wp:attachment":[{"href":"https:\/\/fracarro.com\/fr\/wp-json\/wp\/v2\/media?parent=192807"}],"wp:term":[{"taxonomy":"product_brand","embeddable":true,"href":"https:\/\/fracarro.com\/fr\/wp-json\/wp\/v2\/product_brand?post=192807"},{"taxonomy":"product_cat","embeddable":true,"href":"https:\/\/fracarro.com\/fr\/wp-json\/wp\/v2\/product_cat?post=192807"},{"taxonomy":"product_tag","embeddable":true,"href":"https:\/\/fracarro.com\/fr\/wp-json\/wp\/v2\/product_tag?post=192807"}],"curies":[{"name":"wp","href":"https:\/\/api.w.org\/{rel}","templated":true}]}}