{"id":192911,"date":"2026-03-23T14:03:31","date_gmt":"2026-03-23T14:03:31","guid":{"rendered":""},"modified":"2026-03-23T14:01:57","modified_gmt":"2026-03-23T14:01:57","slug":"223706-map4r3u-lte","status":"publish","type":"product","link":"https:\/\/fracarro.com\/fr\/product\/223706-map4r3u-lte\/","title":{"rendered":"MAP4r3U LTE+"},"content":{"rendered":"<p>Nouveaux amplificateurs de m\u00e2t multi-entr\u00e9es pour l&rsquo;amplification et le couplage des signaux provenant d&rsquo;une ou plusieurs antennes.<br \/>Ch\u00e2ssis en <strong>ZAMAK moul\u00e9 sous pression avec couvercles m\u00e9talliques pour un blindage tr\u00e8s \u00e9lev\u00e9.<\/strong><br \/>Les connecteurs de type \u00ab\u00a0F\u00a0\u00bb avec <strong> le syst\u00e8me de verrouillage innovant du nouveau capot de protection ext\u00e9rieur en PVC <\/strong> et la rotation du ch\u00e2ssis m\u00e9tallique garantissent une installation simple et rapide.<br \/><strong> Amplification et gestion s\u00e9par\u00e9e VHF \/ UHF et insertion facile de la t\u00e9l\u00e9alimentation. <\/strong><br \/> LED de pr\u00e9sence de l\u2019alimentation sur tous les mod\u00e8les.<br \/><strong>Toute la nouvelle gamme d&rsquo;amplificateurs est parfaitement conforme aux obligations r\u00e9glementaires en mati\u00e8re de spectre radio\u00e9lectrique, de compatibilit\u00e9 \u00e9lectromagn\u00e9tique et de s\u00e9curit\u00e9, \u00e9nonc\u00e9es dans les r\u00e9centes directives (RED Compliant).<\/strong><\/p>\n","protected":false},"excerpt":{"rendered":"<p>Nouveaux amplificateurs de m\u00e2t multi-entr\u00e9es pour l&rsquo;amplification et le couplage des signaux provenant d&rsquo;une ou plusieurs antennes.Ch\u00e2ssis en ZAMAK moul\u00e9 sous pression avec couvercles m\u00e9talliques pour un blindage tr\u00e8s \u00e9lev\u00e9.Les connecteurs de type \u00ab\u00a0F\u00a0\u00bb avec le syst\u00e8me de verrouillage innovant du nouveau capot de protection ext\u00e9rieur en PVC et la rotation du ch\u00e2ssis m\u00e9tallique garantissent  [&#8230;]<\/p>\n","protected":false},"featured_media":98866,"template":"","meta":[],"product_brand":[],"product_cat":[52706],"product_tag":[],"class_list":{"0":"post-192911","1":"product","2":"type-product","3":"status-publish","4":"has-post-thumbnail","6":"product_cat-2-entrees-amplificateurs-de-mat","8":"first","9":"instock","10":"shipping-taxable","11":"product-type-simple"},"yoast_head":"<!-- This site is optimized with the Yoast SEO Premium plugin v26.5 (Yoast SEO v26.7) - https:\/\/yoast.com\/wordpress\/plugins\/seo\/ -->\n<title>MAP4r3U LTE+ - Fracarro Radioindustrie SRL<\/title>\n<meta name=\"robots\" content=\"index, follow, max-snippet:-1, max-image-preview:large, max-video-preview:-1\" \/>\n<link rel=\"canonical\" href=\"https:\/\/fracarro.com\/fr\/product\/223706-map4r3u-lte\/\" \/>\n<meta property=\"og:locale\" content=\"fr_FR\" \/>\n<meta property=\"og:type\" content=\"article\" \/>\n<meta property=\"og:title\" content=\"MAP4r3U LTE+\" \/>\n<meta property=\"og:description\" content=\"Nouveaux amplificateurs de m\u00e2t multi-entr\u00e9es pour l&rsquo;amplification et le couplage des signaux provenant d&rsquo;une ou plusieurs antennes.Ch\u00e2ssis en ZAMAK moul\u00e9 sous pression avec couvercles m\u00e9talliques pour un blindage tr\u00e8s \u00e9lev\u00e9.Les connecteurs de type \u00ab\u00a0F\u00a0\u00bb avec le syst\u00e8me de verrouillage innovant du nouveau capot de protection ext\u00e9rieur en PVC et la rotation du ch\u00e2ssis m\u00e9tallique garantissent [...]\" \/>\n<meta property=\"og:url\" content=\"https:\/\/fracarro.com\/fr\/product\/223706-map4r3u-lte\/\" \/>\n<meta property=\"og:site_name\" content=\"Fracarro Radioindustrie SRL\" \/>\n<meta property=\"article:publisher\" content=\"https:\/\/it-it.facebook.com\/fracarro\/\" \/>\n<meta property=\"og:image\" content=\"https:\/\/fracarro.com\/wp-content\/uploads\/onpage\/op_image_7189ca59ba07455456d130724d90344d1e260130.1980x.webp\" \/>\n\t<meta property=\"og:image:width\" content=\"1980\" \/>\n\t<meta property=\"og:image:height\" content=\"1980\" \/>\n\t<meta property=\"og:image:type\" content=\"image\/webp\" \/>\n<meta name=\"twitter:card\" content=\"summary_large_image\" \/>\n<meta name=\"twitter:site\" content=\"@fracarrotweets\" \/>\n<meta name=\"twitter:label1\" content=\"Dur\u00e9e de lecture estim\u00e9e\" \/>\n\t<meta name=\"twitter:data1\" content=\"1 minute\" \/>\n<script type=\"application\/ld+json\" class=\"yoast-schema-graph\">{\"@context\":\"https:\/\/schema.org\",\"@graph\":[{\"@type\":\"WebPage\",\"@id\":\"https:\/\/fracarro.com\/fr\/product\/223706-map4r3u-lte\/\",\"url\":\"https:\/\/fracarro.com\/fr\/product\/223706-map4r3u-lte\/\",\"name\":\"MAP4r3U LTE+ - Fracarro Radioindustrie SRL\",\"isPartOf\":{\"@id\":\"https:\/\/fracarro.com\/fr\/#website\"},\"primaryImageOfPage\":{\"@id\":\"https:\/\/fracarro.com\/fr\/product\/223706-map4r3u-lte\/#primaryimage\"},\"image\":{\"@id\":\"https:\/\/fracarro.com\/fr\/product\/223706-map4r3u-lte\/#primaryimage\"},\"thumbnailUrl\":\"https:\/\/fracarro.com\/wp-content\/uploads\/onpage\/op_image_7189ca59ba07455456d130724d90344d1e260130.1980x.webp\",\"datePublished\":\"2026-03-23T14:03:31+00:00\",\"breadcrumb\":{\"@id\":\"https:\/\/fracarro.com\/fr\/product\/223706-map4r3u-lte\/#breadcrumb\"},\"inLanguage\":\"fr-FR\",\"potentialAction\":[{\"@type\":\"ReadAction\",\"target\":[\"https:\/\/fracarro.com\/fr\/product\/223706-map4r3u-lte\/\"]}]},{\"@type\":\"ImageObject\",\"inLanguage\":\"fr-FR\",\"@id\":\"https:\/\/fracarro.com\/fr\/product\/223706-map4r3u-lte\/#primaryimage\",\"url\":\"https:\/\/fracarro.com\/wp-content\/uploads\/onpage\/op_image_7189ca59ba07455456d130724d90344d1e260130.1980x.webp\",\"contentUrl\":\"https:\/\/fracarro.com\/wp-content\/uploads\/onpage\/op_image_7189ca59ba07455456d130724d90344d1e260130.1980x.webp\",\"width\":1980,\"height\":1980},{\"@type\":\"BreadcrumbList\",\"@id\":\"https:\/\/fracarro.com\/fr\/product\/223706-map4r3u-lte\/#breadcrumb\",\"itemListElement\":[{\"@type\":\"ListItem\",\"position\":1,\"name\":\"Home\",\"item\":\"https:\/\/fracarro.com\/fr\/\"},{\"@type\":\"ListItem\",\"position\":2,\"name\":\"Solutions\",\"item\":\"https:\/\/fracarro.com\/it\/solutions\/\"},{\"@type\":\"ListItem\",\"position\":3,\"name\":\"MAP4r3U LTE+\"}]},{\"@type\":\"WebSite\",\"@id\":\"https:\/\/fracarro.com\/fr\/#website\",\"url\":\"https:\/\/fracarro.com\/fr\/\",\"name\":\"Fracarro Radioindustrie SRL\",\"description\":\"\",\"publisher\":{\"@id\":\"https:\/\/fracarro.com\/fr\/#organization\"},\"potentialAction\":[{\"@type\":\"SearchAction\",\"target\":{\"@type\":\"EntryPoint\",\"urlTemplate\":\"https:\/\/fracarro.com\/fr\/?s={search_term_string}\"},\"query-input\":{\"@type\":\"PropertyValueSpecification\",\"valueRequired\":true,\"valueName\":\"search_term_string\"}}],\"inLanguage\":\"fr-FR\"},{\"@type\":\"Organization\",\"@id\":\"https:\/\/fracarro.com\/fr\/#organization\",\"name\":\"Fracarro Radioindustrie SRL\",\"url\":\"https:\/\/fracarro.com\/fr\/\",\"logo\":{\"@type\":\"ImageObject\",\"inLanguage\":\"fr-FR\",\"@id\":\"https:\/\/fracarro.com\/fr\/#\/schema\/logo\/image\/\",\"url\":\"https:\/\/fracarro.com\/wp-content\/uploads\/2020\/09\/Fracarro-logo530x67.png\",\"contentUrl\":\"https:\/\/fracarro.com\/wp-content\/uploads\/2020\/09\/Fracarro-logo530x67.png\",\"width\":530,\"height\":67,\"caption\":\"Fracarro Radioindustrie SRL\"},\"image\":{\"@id\":\"https:\/\/fracarro.com\/fr\/#\/schema\/logo\/image\/\"},\"sameAs\":[\"https:\/\/it-it.facebook.com\/fracarro\/\",\"https:\/\/x.com\/fracarrotweets\",\"https:\/\/it.linkedin.com\/company\/fracarro-radioindustrie\",\"https:\/\/www.instagram.com\/fracarroradioindustrie\/\",\"https:\/\/www.youtube.com\/user\/FracarroOfficial?feature=watch\"]}]}<\/script>\n<!-- \/ Yoast SEO Premium plugin. -->","yoast_head_json":{"title":"MAP4r3U LTE+ - Fracarro Radioindustrie SRL","robots":{"index":"index","follow":"follow","max-snippet":"max-snippet:-1","max-image-preview":"max-image-preview:large","max-video-preview":"max-video-preview:-1"},"canonical":"https:\/\/fracarro.com\/fr\/product\/223706-map4r3u-lte\/","og_locale":"fr_FR","og_type":"article","og_title":"MAP4r3U LTE+","og_description":"Nouveaux amplificateurs de m\u00e2t multi-entr\u00e9es pour l&rsquo;amplification et le couplage des signaux provenant d&rsquo;une ou plusieurs antennes.Ch\u00e2ssis en ZAMAK moul\u00e9 sous pression avec couvercles m\u00e9talliques pour un blindage tr\u00e8s \u00e9lev\u00e9.Les connecteurs de type \u00ab\u00a0F\u00a0\u00bb avec le syst\u00e8me de verrouillage innovant du nouveau capot de protection ext\u00e9rieur en PVC et la rotation du ch\u00e2ssis m\u00e9tallique garantissent [...]","og_url":"https:\/\/fracarro.com\/fr\/product\/223706-map4r3u-lte\/","og_site_name":"Fracarro Radioindustrie SRL","article_publisher":"https:\/\/it-it.facebook.com\/fracarro\/","og_image":[{"width":1980,"height":1980,"url":"https:\/\/fracarro.com\/wp-content\/uploads\/onpage\/op_image_7189ca59ba07455456d130724d90344d1e260130.1980x.webp","type":"image\/webp"}],"twitter_card":"summary_large_image","twitter_site":"@fracarrotweets","twitter_misc":{"Dur\u00e9e de lecture estim\u00e9e":"1 minute"},"schema":{"@context":"https:\/\/schema.org","@graph":[{"@type":"WebPage","@id":"https:\/\/fracarro.com\/fr\/product\/223706-map4r3u-lte\/","url":"https:\/\/fracarro.com\/fr\/product\/223706-map4r3u-lte\/","name":"MAP4r3U LTE+ - Fracarro Radioindustrie SRL","isPartOf":{"@id":"https:\/\/fracarro.com\/fr\/#website"},"primaryImageOfPage":{"@id":"https:\/\/fracarro.com\/fr\/product\/223706-map4r3u-lte\/#primaryimage"},"image":{"@id":"https:\/\/fracarro.com\/fr\/product\/223706-map4r3u-lte\/#primaryimage"},"thumbnailUrl":"https:\/\/fracarro.com\/wp-content\/uploads\/onpage\/op_image_7189ca59ba07455456d130724d90344d1e260130.1980x.webp","datePublished":"2026-03-23T14:03:31+00:00","breadcrumb":{"@id":"https:\/\/fracarro.com\/fr\/product\/223706-map4r3u-lte\/#breadcrumb"},"inLanguage":"fr-FR","potentialAction":[{"@type":"ReadAction","target":["https:\/\/fracarro.com\/fr\/product\/223706-map4r3u-lte\/"]}]},{"@type":"ImageObject","inLanguage":"fr-FR","@id":"https:\/\/fracarro.com\/fr\/product\/223706-map4r3u-lte\/#primaryimage","url":"https:\/\/fracarro.com\/wp-content\/uploads\/onpage\/op_image_7189ca59ba07455456d130724d90344d1e260130.1980x.webp","contentUrl":"https:\/\/fracarro.com\/wp-content\/uploads\/onpage\/op_image_7189ca59ba07455456d130724d90344d1e260130.1980x.webp","width":1980,"height":1980},{"@type":"BreadcrumbList","@id":"https:\/\/fracarro.com\/fr\/product\/223706-map4r3u-lte\/#breadcrumb","itemListElement":[{"@type":"ListItem","position":1,"name":"Home","item":"https:\/\/fracarro.com\/fr\/"},{"@type":"ListItem","position":2,"name":"Solutions","item":"https:\/\/fracarro.com\/it\/solutions\/"},{"@type":"ListItem","position":3,"name":"MAP4r3U LTE+"}]},{"@type":"WebSite","@id":"https:\/\/fracarro.com\/fr\/#website","url":"https:\/\/fracarro.com\/fr\/","name":"Fracarro Radioindustrie SRL","description":"","publisher":{"@id":"https:\/\/fracarro.com\/fr\/#organization"},"potentialAction":[{"@type":"SearchAction","target":{"@type":"EntryPoint","urlTemplate":"https:\/\/fracarro.com\/fr\/?s={search_term_string}"},"query-input":{"@type":"PropertyValueSpecification","valueRequired":true,"valueName":"search_term_string"}}],"inLanguage":"fr-FR"},{"@type":"Organization","@id":"https:\/\/fracarro.com\/fr\/#organization","name":"Fracarro Radioindustrie SRL","url":"https:\/\/fracarro.com\/fr\/","logo":{"@type":"ImageObject","inLanguage":"fr-FR","@id":"https:\/\/fracarro.com\/fr\/#\/schema\/logo\/image\/","url":"https:\/\/fracarro.com\/wp-content\/uploads\/2020\/09\/Fracarro-logo530x67.png","contentUrl":"https:\/\/fracarro.com\/wp-content\/uploads\/2020\/09\/Fracarro-logo530x67.png","width":530,"height":67,"caption":"Fracarro Radioindustrie SRL"},"image":{"@id":"https:\/\/fracarro.com\/fr\/#\/schema\/logo\/image\/"},"sameAs":["https:\/\/it-it.facebook.com\/fracarro\/","https:\/\/x.com\/fracarrotweets","https:\/\/it.linkedin.com\/company\/fracarro-radioindustrie","https:\/\/www.instagram.com\/fracarroradioindustrie\/","https:\/\/www.youtube.com\/user\/FracarroOfficial?feature=watch"]}]}},"_links":{"self":[{"href":"https:\/\/fracarro.com\/fr\/wp-json\/wp\/v2\/product\/192911","targetHints":{"allow":["GET"]}}],"collection":[{"href":"https:\/\/fracarro.com\/fr\/wp-json\/wp\/v2\/product"}],"about":[{"href":"https:\/\/fracarro.com\/fr\/wp-json\/wp\/v2\/types\/product"}],"wp:featuredmedia":[{"embeddable":true,"href":"https:\/\/fracarro.com\/fr\/wp-json\/wp\/v2\/media\/98866"}],"wp:attachment":[{"href":"https:\/\/fracarro.com\/fr\/wp-json\/wp\/v2\/media?parent=192911"}],"wp:term":[{"taxonomy":"product_brand","embeddable":true,"href":"https:\/\/fracarro.com\/fr\/wp-json\/wp\/v2\/product_brand?post=192911"},{"taxonomy":"product_cat","embeddable":true,"href":"https:\/\/fracarro.com\/fr\/wp-json\/wp\/v2\/product_cat?post=192911"},{"taxonomy":"product_tag","embeddable":true,"href":"https:\/\/fracarro.com\/fr\/wp-json\/wp\/v2\/product_tag?post=192911"}],"curies":[{"name":"wp","href":"https:\/\/api.w.org\/{rel}","templated":true}]}}