{"id":140304,"date":"2022-11-17T15:31:00","date_gmt":"2022-11-17T13:31:00","guid":{"rendered":"https:\/\/fracarro.com\/?page_id=140304"},"modified":"2023-03-27T11:20:31","modified_gmt":"2023-03-27T09:20:31","slug":"i-vantaggi-della-rete-passiva","status":"publish","type":"page","link":"https:\/\/fracarro.com\/it\/soluzione-gpon\/i-vantaggi-della-rete-passiva\/","title":{"rendered":"I vantaggi della rete passiva"},"content":{"rendered":"<p><div class=\"fusion-fullwidth fullwidth-box fusion-builder-row-1 fusion-flex-container has-pattern-background has-mask-background nonhundred-percent-fullwidth non-hundred-percent-height-scrolling\" style=\"--awb-border-radius-top-left:0px;--awb-border-radius-top-right:0px;--awb-border-radius-bottom-right:0px;--awb-border-radius-bottom-left:0px;--awb-padding-top:6rem;--awb-padding-bottom:4rem;--awb-flex-wrap:wrap;\" ><div class=\"fusion-builder-row fusion-row fusion-flex-align-items-flex-start fusion-flex-content-wrap\" style=\"max-width:1144px;margin-left: calc(-4% \/ 2 );margin-right: calc(-4% \/ 2 );\"><div class=\"fusion-layout-column fusion_builder_column fusion-builder-column-0 fusion_builder_column_1_1 1_1 fusion-flex-column\" style=\"--awb-bg-size:cover;--awb-width-large:100%;--awb-margin-top-large:0px;--awb-spacing-right-large:1.92%;--awb-margin-bottom-large:20px;--awb-spacing-left-large:1.92%;--awb-width-medium:100%;--awb-order-medium:0;--awb-spacing-right-medium:1.92%;--awb-spacing-left-medium:1.92%;--awb-width-small:100%;--awb-order-small:0;--awb-spacing-right-small:1.92%;--awb-spacing-left-small:1.92%;\"><div class=\"fusion-column-wrapper fusion-column-has-shadow fusion-flex-justify-content-flex-start fusion-content-layout-column\"><div class=\"fusion-title title fusion-title-1 fusion-sep-none fusion-title-text fusion-title-size-one\"><h1 class=\"fusion-title-heading title-heading-left fusion-responsive-typography-calculated\" style=\"margin:0;--fontSize:61.875;line-height:1.2;\">I vantaggi della rete passiva<\/h1><\/div><div class=\"fusion-text fusion-text-1\" style=\"--awb-text-transform:none;--awb-margin-top:2rem;\"><p>Grazie all&#8217;impiego dei componenti passivi, le reti <strong>GPON<\/strong> garantiscono una maggiore affidabilit\u00e0 e una riduzione dei tempi di manutenzione.<\/p>\n<\/div><\/div><\/div><\/div><\/div><div class=\"fusion-fullwidth fullwidth-box fusion-builder-row-2 fusion-flex-container nonhundred-percent-fullwidth non-hundred-percent-height-scrolling\" style=\"--awb-border-radius-top-left:0px;--awb-border-radius-top-right:0px;--awb-border-radius-bottom-right:0px;--awb-border-radius-bottom-left:0px;--awb-padding-top:2em;--awb-padding-bottom:2em;--awb-flex-wrap:wrap;\" ><div class=\"fusion-builder-row fusion-row fusion-flex-align-items-flex-start fusion-flex-content-wrap\" style=\"max-width:1144px;margin-left: calc(-4% \/ 2 );margin-right: calc(-4% \/ 2 );\"><div class=\"fusion-layout-column fusion_builder_column fusion-builder-column-1 fusion_builder_column_1_1 1_1 fusion-flex-column\" style=\"--awb-bg-size:cover;--awb-width-large:100%;--awb-margin-top-large:0px;--awb-spacing-right-large:1.92%;--awb-margin-bottom-large:20px;--awb-spacing-left-large:1.92%;--awb-width-medium:100%;--awb-order-medium:0;--awb-spacing-right-medium:1.92%;--awb-spacing-left-medium:1.92%;--awb-width-small:100%;--awb-order-small:0;--awb-spacing-right-small:1.92%;--awb-spacing-left-small:1.92%;\"><div class=\"fusion-column-wrapper fusion-column-has-shadow fusion-flex-justify-content-flex-start fusion-content-layout-column\"><div class=\"fusion-image-element \" style=\"text-align:center;--awb-caption-title-font-family:var(--h2_typography-font-family);--awb-caption-title-font-weight:var(--h2_typography-font-weight);--awb-caption-title-font-style:var(--h2_typography-font-style);--awb-caption-title-size:var(--h2_typography-font-size);--awb-caption-title-transform:var(--h2_typography-text-transform);--awb-caption-title-line-height:var(--h2_typography-line-height);--awb-caption-title-letter-spacing:var(--h2_typography-letter-spacing);\"><span class=\" fusion-imageframe imageframe-none imageframe-1 hover-type-none\"><img decoding=\"async\" width=\"2560\" height=\"1811\" title=\"Schema_GPON_disservizio\" src=\"https:\/\/fracarro.com\/wp-content\/uploads\/2022\/11\/Schema_GPON_disservizio-scaled.webp\" data-orig-src=\"https:\/\/fracarro.com\/wp-content\/uploads\/2022\/11\/Schema_GPON_disservizio-scaled.webp\" alt class=\"lazyload img-responsive wp-image-140350\" srcset=\"data:image\/svg+xml,%3Csvg%20xmlns%3D%27http%3A%2F%2Fwww.w3.org%2F2000%2Fsvg%27%20width%3D%272560%27%20height%3D%271811%27%20viewBox%3D%270%200%202560%201811%27%3E%3Crect%20width%3D%272560%27%20height%3D%271811%27%20fill-opacity%3D%220%22%2F%3E%3C%2Fsvg%3E\" data-srcset=\"https:\/\/fracarro.com\/wp-content\/uploads\/2022\/11\/Schema_GPON_disservizio-200x141.webp 200w, https:\/\/fracarro.com\/wp-content\/uploads\/2022\/11\/Schema_GPON_disservizio-400x283.webp 400w, https:\/\/fracarro.com\/wp-content\/uploads\/2022\/11\/Schema_GPON_disservizio-600x424.webp 600w, https:\/\/fracarro.com\/wp-content\/uploads\/2022\/11\/Schema_GPON_disservizio-800x566.webp 800w, https:\/\/fracarro.com\/wp-content\/uploads\/2022\/11\/Schema_GPON_disservizio-1200x849.webp 1200w, https:\/\/fracarro.com\/wp-content\/uploads\/2022\/11\/Schema_GPON_disservizio-scaled.webp 2560w\" data-sizes=\"auto\" data-orig-sizes=\"(max-width: 1024px) 100vw, (max-width: 640px) 100vw, 1200px\" \/><\/span><\/div><\/div><\/div><\/div><\/div><div class=\"fusion-fullwidth fullwidth-box fusion-builder-row-3 fusion-flex-container has-pattern-background has-mask-background nonhundred-percent-fullwidth non-hundred-percent-height-scrolling\" style=\"--awb-border-radius-top-left:0px;--awb-border-radius-top-right:0px;--awb-border-radius-bottom-right:0px;--awb-border-radius-bottom-left:0px;--awb-padding-top:4rem;--awb-padding-bottom:2rem;--awb-flex-wrap:wrap;\" ><div class=\"fusion-builder-row fusion-row fusion-flex-align-items-flex-start fusion-flex-content-wrap\" style=\"max-width:1144px;margin-left: calc(-4% \/ 2 );margin-right: calc(-4% \/ 2 );\"><div class=\"fusion-layout-column fusion_builder_column fusion-builder-column-2 fusion_builder_column_1_1 1_1 fusion-flex-column\" style=\"--awb-bg-size:cover;--awb-width-large:100%;--awb-margin-top-large:0px;--awb-spacing-right-large:1.92%;--awb-margin-bottom-large:20px;--awb-spacing-left-large:1.92%;--awb-width-medium:100%;--awb-order-medium:0;--awb-spacing-right-medium:1.92%;--awb-spacing-left-medium:1.92%;--awb-width-small:100%;--awb-order-small:0;--awb-spacing-right-small:1.92%;--awb-spacing-left-small:1.92%;\"><div class=\"fusion-column-wrapper fusion-column-has-shadow fusion-flex-justify-content-flex-start fusion-content-layout-column\"><div class=\"fusion-title title fusion-title-2 fusion-sep-none fusion-title-text fusion-title-size-two\" style=\"--awb-margin-top:1em;\"><h2 class=\"fusion-title-heading title-heading-left fusion-responsive-typography-calculated\" style=\"margin:0;--fontSize:33;line-height:1.15;\">Un sistema pi\u00f9 affidabile, facile da implementare<\/h2><\/div><div class=\"fusion-text fusion-text-2\" style=\"--awb-text-transform:none;--awb-margin-top:2rem;\"><p><span style=\"font-weight: 400;\">Le reti GPON si definiscono passive perch\u00e9 tutta l\u2019infrastruttura tra la sala server e il locale da servire non ha bisogno di essere alimentata da rete elettrica. Il vantaggio di questo tipo di configurazione consiste in primo luogo nell\u2019<\/span><b>affidabilit\u00e0 del sistema<\/b><span style=\"font-weight: 400;\">, determinata dalla drastica riduzione degli apparati attivi, che per loro natura sono pi\u00f9 soggetti a malfunzionamenti.<\/span><\/p>\n<p><span style=\"font-weight: 400;\">Con la struttura GPON vengono eliminati non solo tutti i rack di piano, ma anche gli switch che negli impianti di tipo tradizionale distribuiscono i servizi a pi\u00f9 locali e che, in caso di malfunzionamento, possono generare disservizi a un\u2019ampia area dell\u2019edificio; la rete passiva invece consente di isolare eventuali problemi al solo locale interessato, preservando il corretto funzionamento del resto dell\u2019impianto.<\/span><\/p>\n<p><span style=\"font-weight: 400;\">L\u2019impiego della fibra ottica passiva &#8211; per sua natura immune a qualsiasi tipo di interferenza &#8211; rende la soluzione GPON molto affidabile anche rispetto alla protezione degli apparati in caso di scariche atmosferiche; grazie a questo vettore, la soluzione GPON risulta molto interessante anche in termini di <\/span><b>scalabilit\u00e0 dell\u2019impianto<\/b><span style=\"font-weight: 400;\"> perch\u00e9 in qualsiasi momento \u00e8 possibile implementare nuove linee di distribuzione dei servizi, anche in promiscuit\u00e0 con cavi elettrici a 230 V.<\/span><\/p>\n<\/div><\/div><\/div><\/div><\/div><div class=\"fusion-fullwidth fullwidth-box fusion-builder-row-4 fusion-flex-container has-pattern-background has-mask-background nonhundred-percent-fullwidth non-hundred-percent-height-scrolling\" style=\"--awb-border-radius-top-left:0px;--awb-border-radius-top-right:0px;--awb-border-radius-bottom-right:0px;--awb-border-radius-bottom-left:0px;--awb-padding-top:4rem;--awb-padding-bottom:2rem;--awb-flex-wrap:wrap;\" ><div class=\"fusion-builder-row fusion-row fusion-flex-align-items-flex-start fusion-flex-content-wrap\" style=\"max-width:1144px;margin-left: calc(-4% \/ 2 );margin-right: calc(-4% \/ 2 );\"><div class=\"fusion-layout-column fusion_builder_column fusion-builder-column-3 fusion_builder_column_1_1 1_1 fusion-flex-column\" style=\"--awb-bg-size:cover;--awb-width-large:100%;--awb-margin-top-large:0px;--awb-spacing-right-large:1.92%;--awb-margin-bottom-large:20px;--awb-spacing-left-large:1.92%;--awb-width-medium:100%;--awb-order-medium:0;--awb-spacing-right-medium:1.92%;--awb-spacing-left-medium:1.92%;--awb-width-small:100%;--awb-order-small:0;--awb-spacing-right-small:1.92%;--awb-spacing-left-small:1.92%;\"><div class=\"fusion-column-wrapper fusion-column-has-shadow fusion-flex-justify-content-flex-start fusion-content-layout-column\"><div class=\"fusion-title title fusion-title-3 fusion-sep-none fusion-title-text fusion-title-size-two\" style=\"--awb-margin-top:1em;\"><h2 class=\"fusion-title-heading title-heading-left fusion-responsive-typography-calculated\" style=\"margin:0;--fontSize:33;line-height:1.15;\">Manutenzione semplificata<\/h2><\/div><div class=\"fusion-text fusion-text-3\" style=\"--awb-text-transform:none;--awb-margin-top:2rem;\"><p><span style=\"font-weight: 400;\">La struttura in fibra ottica passiva GPON \u00e8 vantaggiosa anche per quanto riguarda la <\/span><b>manutenzione<\/b><span style=\"font-weight: 400;\"> dell\u2019impianto, in primo luogo perch\u00e9 sono presenti meno dispositivi da tenere monitorati; in pi\u00f9, nel momento in cui un dispositivo ONT che distribuisce i servizi a un locale dovesse risultare danneggiato, alla sostituzione la configurazione avviene automaticamente dalla macchina centrale OLT.<\/span><\/p>\n<\/div><\/div><\/div><\/div><\/div><\/p>\n","protected":false},"excerpt":{"rendered":"","protected":false},"author":5,"featured_media":0,"parent":99738,"menu_order":0,"comment_status":"closed","ping_status":"closed","template":"100-width.php","meta":{"footnotes":""},"class_list":["post-140304","page","type-page","status-publish","hentry"],"yoast_head":"<!-- This site is optimized with the Yoast SEO Premium plugin v26.5 (Yoast SEO v26.7) - https:\/\/yoast.com\/wordpress\/plugins\/seo\/ -->\n<title>I vantaggi della rete passiva - Fracarro Radioindustrie SRL<\/title>\n<meta name=\"robots\" content=\"index, follow, max-snippet:-1, max-image-preview:large, max-video-preview:-1\" \/>\n<link rel=\"canonical\" href=\"https:\/\/fracarro.com\/it\/soluzione-gpon\/i-vantaggi-della-rete-passiva\/\" \/>\n<meta property=\"og:locale\" content=\"it_IT\" \/>\n<meta property=\"og:type\" content=\"article\" \/>\n<meta property=\"og:title\" content=\"I vantaggi della rete passiva\" \/>\n<meta property=\"og:url\" content=\"https:\/\/fracarro.com\/it\/soluzione-gpon\/i-vantaggi-della-rete-passiva\/\" \/>\n<meta property=\"og:site_name\" content=\"Fracarro Radioindustrie SRL\" \/>\n<meta property=\"article:publisher\" content=\"https:\/\/it-it.facebook.com\/fracarro\/\" \/>\n<meta property=\"article:modified_time\" content=\"2023-03-27T09:20:31+00:00\" \/>\n<meta name=\"twitter:card\" content=\"summary_large_image\" \/>\n<meta name=\"twitter:site\" content=\"@fracarrotweets\" \/>\n<meta name=\"twitter:label1\" content=\"Tempo di lettura stimato\" \/>\n\t<meta name=\"twitter:data1\" content=\"9 minuti\" \/>\n<script type=\"application\/ld+json\" class=\"yoast-schema-graph\">{\"@context\":\"https:\/\/schema.org\",\"@graph\":[{\"@type\":\"WebPage\",\"@id\":\"https:\/\/fracarro.com\/it\/soluzione-gpon\/i-vantaggi-della-rete-passiva\/\",\"url\":\"https:\/\/fracarro.com\/it\/soluzione-gpon\/i-vantaggi-della-rete-passiva\/\",\"name\":\"I vantaggi della rete passiva - Fracarro Radioindustrie SRL\",\"isPartOf\":{\"@id\":\"https:\/\/fracarro.com\/it\/#website\"},\"datePublished\":\"2022-11-17T13:31:00+00:00\",\"dateModified\":\"2023-03-27T09:20:31+00:00\",\"breadcrumb\":{\"@id\":\"https:\/\/fracarro.com\/it\/soluzione-gpon\/i-vantaggi-della-rete-passiva\/#breadcrumb\"},\"inLanguage\":\"it-IT\",\"potentialAction\":[{\"@type\":\"ReadAction\",\"target\":[\"https:\/\/fracarro.com\/it\/soluzione-gpon\/i-vantaggi-della-rete-passiva\/\"]}]},{\"@type\":\"BreadcrumbList\",\"@id\":\"https:\/\/fracarro.com\/it\/soluzione-gpon\/i-vantaggi-della-rete-passiva\/#breadcrumb\",\"itemListElement\":[{\"@type\":\"ListItem\",\"position\":1,\"name\":\"Home\",\"item\":\"https:\/\/fracarro.com\/it\/\"},{\"@type\":\"ListItem\",\"position\":2,\"name\":\"GPON\",\"item\":\"https:\/\/fracarro.com\/it\/soluzione-gpon\/\"},{\"@type\":\"ListItem\",\"position\":3,\"name\":\"I vantaggi della rete passiva\"}]},{\"@type\":\"WebSite\",\"@id\":\"https:\/\/fracarro.com\/it\/#website\",\"url\":\"https:\/\/fracarro.com\/it\/\",\"name\":\"Fracarro Radioindustrie SRL\",\"description\":\"\",\"publisher\":{\"@id\":\"https:\/\/fracarro.com\/it\/#organization\"},\"potentialAction\":[{\"@type\":\"SearchAction\",\"target\":{\"@type\":\"EntryPoint\",\"urlTemplate\":\"https:\/\/fracarro.com\/it\/?s={search_term_string}\"},\"query-input\":{\"@type\":\"PropertyValueSpecification\",\"valueRequired\":true,\"valueName\":\"search_term_string\"}}],\"inLanguage\":\"it-IT\"},{\"@type\":\"Organization\",\"@id\":\"https:\/\/fracarro.com\/it\/#organization\",\"name\":\"Fracarro Radioindustrie SRL\",\"url\":\"https:\/\/fracarro.com\/it\/\",\"logo\":{\"@type\":\"ImageObject\",\"inLanguage\":\"it-IT\",\"@id\":\"https:\/\/fracarro.com\/it\/#\/schema\/logo\/image\/\",\"url\":\"https:\/\/fracarro.com\/wp-content\/uploads\/2020\/09\/Fracarro-logo530x67.png\",\"contentUrl\":\"https:\/\/fracarro.com\/wp-content\/uploads\/2020\/09\/Fracarro-logo530x67.png\",\"width\":530,\"height\":67,\"caption\":\"Fracarro Radioindustrie SRL\"},\"image\":{\"@id\":\"https:\/\/fracarro.com\/it\/#\/schema\/logo\/image\/\"},\"sameAs\":[\"https:\/\/it-it.facebook.com\/fracarro\/\",\"https:\/\/x.com\/fracarrotweets\",\"https:\/\/it.linkedin.com\/company\/fracarro-radioindustrie\",\"https:\/\/www.instagram.com\/fracarroradioindustrie\/\",\"https:\/\/www.youtube.com\/user\/FracarroOfficial?feature=watch\"]}]}<\/script>\n<!-- \/ Yoast SEO Premium plugin. -->","yoast_head_json":{"title":"I vantaggi della rete passiva - Fracarro Radioindustrie SRL","robots":{"index":"index","follow":"follow","max-snippet":"max-snippet:-1","max-image-preview":"max-image-preview:large","max-video-preview":"max-video-preview:-1"},"canonical":"https:\/\/fracarro.com\/it\/soluzione-gpon\/i-vantaggi-della-rete-passiva\/","og_locale":"it_IT","og_type":"article","og_title":"I vantaggi della rete passiva","og_url":"https:\/\/fracarro.com\/it\/soluzione-gpon\/i-vantaggi-della-rete-passiva\/","og_site_name":"Fracarro Radioindustrie SRL","article_publisher":"https:\/\/it-it.facebook.com\/fracarro\/","article_modified_time":"2023-03-27T09:20:31+00:00","twitter_card":"summary_large_image","twitter_site":"@fracarrotweets","twitter_misc":{"Tempo di lettura stimato":"9 minuti"},"schema":{"@context":"https:\/\/schema.org","@graph":[{"@type":"WebPage","@id":"https:\/\/fracarro.com\/it\/soluzione-gpon\/i-vantaggi-della-rete-passiva\/","url":"https:\/\/fracarro.com\/it\/soluzione-gpon\/i-vantaggi-della-rete-passiva\/","name":"I vantaggi della rete passiva - Fracarro Radioindustrie SRL","isPartOf":{"@id":"https:\/\/fracarro.com\/it\/#website"},"datePublished":"2022-11-17T13:31:00+00:00","dateModified":"2023-03-27T09:20:31+00:00","breadcrumb":{"@id":"https:\/\/fracarro.com\/it\/soluzione-gpon\/i-vantaggi-della-rete-passiva\/#breadcrumb"},"inLanguage":"it-IT","potentialAction":[{"@type":"ReadAction","target":["https:\/\/fracarro.com\/it\/soluzione-gpon\/i-vantaggi-della-rete-passiva\/"]}]},{"@type":"BreadcrumbList","@id":"https:\/\/fracarro.com\/it\/soluzione-gpon\/i-vantaggi-della-rete-passiva\/#breadcrumb","itemListElement":[{"@type":"ListItem","position":1,"name":"Home","item":"https:\/\/fracarro.com\/it\/"},{"@type":"ListItem","position":2,"name":"GPON","item":"https:\/\/fracarro.com\/it\/soluzione-gpon\/"},{"@type":"ListItem","position":3,"name":"I vantaggi della rete passiva"}]},{"@type":"WebSite","@id":"https:\/\/fracarro.com\/it\/#website","url":"https:\/\/fracarro.com\/it\/","name":"Fracarro Radioindustrie SRL","description":"","publisher":{"@id":"https:\/\/fracarro.com\/it\/#organization"},"potentialAction":[{"@type":"SearchAction","target":{"@type":"EntryPoint","urlTemplate":"https:\/\/fracarro.com\/it\/?s={search_term_string}"},"query-input":{"@type":"PropertyValueSpecification","valueRequired":true,"valueName":"search_term_string"}}],"inLanguage":"it-IT"},{"@type":"Organization","@id":"https:\/\/fracarro.com\/it\/#organization","name":"Fracarro Radioindustrie SRL","url":"https:\/\/fracarro.com\/it\/","logo":{"@type":"ImageObject","inLanguage":"it-IT","@id":"https:\/\/fracarro.com\/it\/#\/schema\/logo\/image\/","url":"https:\/\/fracarro.com\/wp-content\/uploads\/2020\/09\/Fracarro-logo530x67.png","contentUrl":"https:\/\/fracarro.com\/wp-content\/uploads\/2020\/09\/Fracarro-logo530x67.png","width":530,"height":67,"caption":"Fracarro Radioindustrie SRL"},"image":{"@id":"https:\/\/fracarro.com\/it\/#\/schema\/logo\/image\/"},"sameAs":["https:\/\/it-it.facebook.com\/fracarro\/","https:\/\/x.com\/fracarrotweets","https:\/\/it.linkedin.com\/company\/fracarro-radioindustrie","https:\/\/www.instagram.com\/fracarroradioindustrie\/","https:\/\/www.youtube.com\/user\/FracarroOfficial?feature=watch"]}]}},"_links":{"self":[{"href":"https:\/\/fracarro.com\/it\/wp-json\/wp\/v2\/pages\/140304","targetHints":{"allow":["GET"]}}],"collection":[{"href":"https:\/\/fracarro.com\/it\/wp-json\/wp\/v2\/pages"}],"about":[{"href":"https:\/\/fracarro.com\/it\/wp-json\/wp\/v2\/types\/page"}],"author":[{"embeddable":true,"href":"https:\/\/fracarro.com\/it\/wp-json\/wp\/v2\/users\/5"}],"replies":[{"embeddable":true,"href":"https:\/\/fracarro.com\/it\/wp-json\/wp\/v2\/comments?post=140304"}],"version-history":[{"count":14,"href":"https:\/\/fracarro.com\/it\/wp-json\/wp\/v2\/pages\/140304\/revisions"}],"predecessor-version":[{"id":143757,"href":"https:\/\/fracarro.com\/it\/wp-json\/wp\/v2\/pages\/140304\/revisions\/143757"}],"up":[{"embeddable":true,"href":"https:\/\/fracarro.com\/it\/wp-json\/wp\/v2\/pages\/99738"}],"wp:attachment":[{"href":"https:\/\/fracarro.com\/it\/wp-json\/wp\/v2\/media?parent=140304"}],"curies":[{"name":"wp","href":"https:\/\/api.w.org\/{rel}","templated":true}]}}