{"id":141841,"date":"2022-12-05T11:50:11","date_gmt":"2022-12-05T09:50:11","guid":{"rendered":"https:\/\/fracarro.com\/?page_id=141841"},"modified":"2023-03-27T11:23:36","modified_gmt":"2023-03-27T09:23:36","slug":"lunga-tratta-di-distribuzione","status":"publish","type":"page","link":"https:\/\/fracarro.com\/it\/soluzione-gpon\/lunga-tratta-di-distribuzione\/","title":{"rendered":"lunga tratta"},"content":{"rendered":"<p><div class=\"fusion-fullwidth fullwidth-box fusion-builder-row-1 fusion-flex-container has-pattern-background has-mask-background nonhundred-percent-fullwidth non-hundred-percent-height-scrolling\" style=\"--awb-border-radius-top-left:0px;--awb-border-radius-top-right:0px;--awb-border-radius-bottom-right:0px;--awb-border-radius-bottom-left:0px;--awb-padding-top:6rem;--awb-padding-bottom:4rem;--awb-flex-wrap:wrap;\" ><div class=\"fusion-builder-row fusion-row fusion-flex-align-items-flex-start fusion-flex-content-wrap\" style=\"max-width:1144px;margin-left: calc(-4% \/ 2 );margin-right: calc(-4% \/ 2 );\"><div class=\"fusion-layout-column fusion_builder_column fusion-builder-column-0 fusion_builder_column_1_1 1_1 fusion-flex-column\" style=\"--awb-bg-size:cover;--awb-width-large:100%;--awb-margin-top-large:0px;--awb-spacing-right-large:1.92%;--awb-margin-bottom-large:20px;--awb-spacing-left-large:1.92%;--awb-width-medium:100%;--awb-order-medium:0;--awb-spacing-right-medium:1.92%;--awb-spacing-left-medium:1.92%;--awb-width-small:100%;--awb-order-small:0;--awb-spacing-right-small:1.92%;--awb-spacing-left-small:1.92%;\"><div class=\"fusion-column-wrapper fusion-column-has-shadow fusion-flex-justify-content-flex-start fusion-content-layout-column\"><div class=\"fusion-title title fusion-title-1 fusion-sep-none fusion-title-text fusion-title-size-one\"><h1 class=\"fusion-title-heading title-heading-left fusion-responsive-typography-calculated\" style=\"margin:0;--fontSize:61.875;line-height:1.2;\">Lunghezza della tratta<\/h1><\/div><div class=\"fusion-text fusion-text-1\" style=\"--awb-text-transform:none;--awb-margin-top:2rem;\"><p>La<strong> soluzione GPON<\/strong> \u00e8 ideale per distribuire i servizi IP anche in impianti di grandi dimensioni come villaggi e resort<br \/>\nperch\u00e9 consente di realizzare<strong> tratte fino a ben 20 chilometri<\/strong><\/p>\n<\/div><\/div><\/div><\/div><\/div><div class=\"fusion-fullwidth fullwidth-box fusion-builder-row-2 fusion-flex-container nonhundred-percent-fullwidth non-hundred-percent-height-scrolling\" style=\"--awb-border-radius-top-left:0px;--awb-border-radius-top-right:0px;--awb-border-radius-bottom-right:0px;--awb-border-radius-bottom-left:0px;--awb-padding-top:2em;--awb-padding-bottom:2em;--awb-flex-wrap:wrap;\" ><div class=\"fusion-builder-row fusion-row fusion-flex-align-items-flex-start fusion-flex-content-wrap\" style=\"max-width:1144px;margin-left: calc(-4% \/ 2 );margin-right: calc(-4% \/ 2 );\"><div class=\"fusion-layout-column fusion_builder_column fusion-builder-column-1 fusion_builder_column_1_1 1_1 fusion-flex-column\" style=\"--awb-bg-size:cover;--awb-width-large:100%;--awb-margin-top-large:0px;--awb-spacing-right-large:1.92%;--awb-margin-bottom-large:20px;--awb-spacing-left-large:1.92%;--awb-width-medium:100%;--awb-order-medium:0;--awb-spacing-right-medium:1.92%;--awb-spacing-left-medium:1.92%;--awb-width-small:100%;--awb-order-small:0;--awb-spacing-right-small:1.92%;--awb-spacing-left-small:1.92%;\"><div class=\"fusion-column-wrapper fusion-column-has-shadow fusion-flex-justify-content-flex-start fusion-content-layout-column\"><div class=\"fusion-image-element \" style=\"text-align:center;--awb-caption-title-font-family:var(--h2_typography-font-family);--awb-caption-title-font-weight:var(--h2_typography-font-weight);--awb-caption-title-font-style:var(--h2_typography-font-style);--awb-caption-title-size:var(--h2_typography-font-size);--awb-caption-title-transform:var(--h2_typography-text-transform);--awb-caption-title-line-height:var(--h2_typography-line-height);--awb-caption-title-letter-spacing:var(--h2_typography-letter-spacing);\"><span class=\" fusion-imageframe imageframe-none imageframe-1 hover-type-none\"><img decoding=\"async\" width=\"1000\" height=\"388\" alt=\"Impianto GPON fibra ottica\" title=\"Resort_2560x994\" src=\"https:\/\/fracarro.com\/wp-content\/uploads\/2022\/12\/Resort_2560x994-1.jpg\" data-orig-src=\"https:\/\/fracarro.com\/wp-content\/uploads\/2022\/12\/Resort_2560x994-1.jpg\" class=\"lazyload img-responsive wp-image-141859\" srcset=\"data:image\/svg+xml,%3Csvg%20xmlns%3D%27http%3A%2F%2Fwww.w3.org%2F2000%2Fsvg%27%20width%3D%271000%27%20height%3D%27388%27%20viewBox%3D%270%200%201000%20388%27%3E%3Crect%20width%3D%271000%27%20height%3D%27388%27%20fill-opacity%3D%220%22%2F%3E%3C%2Fsvg%3E\" data-srcset=\"https:\/\/fracarro.com\/wp-content\/uploads\/2022\/12\/Resort_2560x994-1-200x78.jpg 200w, https:\/\/fracarro.com\/wp-content\/uploads\/2022\/12\/Resort_2560x994-1-400x155.jpg 400w, https:\/\/fracarro.com\/wp-content\/uploads\/2022\/12\/Resort_2560x994-1-600x233.jpg 600w, https:\/\/fracarro.com\/wp-content\/uploads\/2022\/12\/Resort_2560x994-1-800x310.jpg 800w, https:\/\/fracarro.com\/wp-content\/uploads\/2022\/12\/Resort_2560x994-1.jpg 1000w\" data-sizes=\"auto\" data-orig-sizes=\"(max-width: 1024px) 100vw, (max-width: 640px) 100vw, 1000px\" \/><\/span><\/div><\/div><\/div><\/div><\/div><div class=\"fusion-fullwidth fullwidth-box fusion-builder-row-3 fusion-flex-container nonhundred-percent-fullwidth non-hundred-percent-height-scrolling\" style=\"--awb-border-radius-top-left:0px;--awb-border-radius-top-right:0px;--awb-border-radius-bottom-right:0px;--awb-border-radius-bottom-left:0px;--awb-flex-wrap:wrap;\" ><div class=\"fusion-builder-row fusion-row fusion-flex-align-items-flex-start fusion-flex-content-wrap\" style=\"max-width:1144px;margin-left: calc(-4% \/ 2 );margin-right: calc(-4% \/ 2 );\"><div class=\"fusion-layout-column fusion_builder_column fusion-builder-column-2 fusion_builder_column_1_1 1_1 fusion-flex-column\" style=\"--awb-bg-size:cover;--awb-width-large:100%;--awb-margin-top-large:0px;--awb-spacing-right-large:1.92%;--awb-margin-bottom-large:20px;--awb-spacing-left-large:1.92%;--awb-width-medium:100%;--awb-order-medium:0;--awb-spacing-right-medium:1.92%;--awb-spacing-left-medium:1.92%;--awb-width-small:100%;--awb-order-small:0;--awb-spacing-right-small:1.92%;--awb-spacing-left-small:1.92%;\"><div class=\"fusion-column-wrapper fusion-column-has-shadow fusion-flex-justify-content-flex-start fusion-content-layout-column\"><div class=\"fusion-title title fusion-title-2 fusion-sep-none fusion-title-text fusion-title-size-two\" style=\"--awb-margin-top:1em;\"><h2 class=\"fusion-title-heading title-heading-left fusion-responsive-typography-calculated\" style=\"margin:0;--fontSize:33;line-height:1.15;\">Tutti i servizi fino a 20 chilometri<\/h2><\/div><\/div><\/div><div class=\"fusion-layout-column fusion_builder_column fusion-builder-column-3 fusion_builder_column_1_3 1_3 fusion-flex-column\" style=\"--awb-bg-size:cover;--awb-width-large:33.333333333333%;--awb-margin-top-large:0px;--awb-spacing-right-large:5.76%;--awb-margin-bottom-large:20px;--awb-spacing-left-large:5.76%;--awb-width-medium:100%;--awb-order-medium:0;--awb-spacing-right-medium:1.92%;--awb-spacing-left-medium:1.92%;--awb-width-small:100%;--awb-order-small:0;--awb-spacing-right-small:1.92%;--awb-spacing-left-small:1.92%;\"><div class=\"fusion-column-wrapper fusion-column-has-shadow fusion-flex-justify-content-flex-start fusion-content-layout-column\"><div class=\"fusion-text fusion-text-2\" style=\"--awb-text-transform:none;\"><p>Una delle caratteristiche peculiari della <strong>soluzione in fibra ottica passiva GPON<\/strong> consiste nella possibilit\u00e0 di effettuare la distribuzione dei servizi su <strong>tratte molto lunghe<\/strong>.<\/p>\n<p>Grazie all\u2019impiego della fibra monomodale e alla potenza del segnale ottico trasmesso dalla macchina OLT (Optical Line Terminal), infatti, rispetto ai 90 metri della tradizionale cablatura in rame, la soluzione GPON permette di creare collegamenti <strong>fino a una distanza di ben 20 chilometri<\/strong>\u00a0tra il punto di trasmissione OLT e quello di ricezione ONT.<\/p>\n<p>Il sistema risulta quindi ideale anche negli impianti di grandissime dimensioni, come ad esempio i <strong>villaggi e i campeggi<\/strong>, oppure nelle <strong>aree industriali<\/strong> per la realizzazione dei sistemi di videosorveglianza perimetrali; il vantaggio \u00e8 importante anche rispetto agli eventuali vincoli architettonici o paesaggistici, perch\u00e9 la fibra ottica pu\u00f2 essere installata facilmente anche nelle condutture pi\u00f9 strette.<\/p>\n<\/div><\/div><\/div><div class=\"fusion-layout-column fusion_builder_column fusion-builder-column-4 fusion_builder_column_2_3 2_3 fusion-flex-column fusion-flex-align-self-flex-start\" style=\"--awb-bg-size:cover;--awb-width-large:66.666666666667%;--awb-margin-top-large:0px;--awb-spacing-right-large:2.88%;--awb-margin-bottom-large:20px;--awb-spacing-left-large:2.88%;--awb-width-medium:100%;--awb-order-medium:0;--awb-spacing-right-medium:1.92%;--awb-spacing-left-medium:1.92%;--awb-width-small:100%;--awb-order-small:0;--awb-spacing-right-small:1.92%;--awb-spacing-left-small:1.92%;\"><div class=\"fusion-column-wrapper fusion-column-has-shadow fusion-flex-justify-content-flex-start fusion-content-layout-column\"><div class=\"fusion-image-element \" style=\"text-align:center;--awb-caption-title-font-family:var(--h2_typography-font-family);--awb-caption-title-font-weight:var(--h2_typography-font-weight);--awb-caption-title-font-style:var(--h2_typography-font-style);--awb-caption-title-size:var(--h2_typography-font-size);--awb-caption-title-transform:var(--h2_typography-text-transform);--awb-caption-title-line-height:var(--h2_typography-line-height);--awb-caption-title-letter-spacing:var(--h2_typography-letter-spacing);\"><span class=\" fusion-imageframe imageframe-none imageframe-2 hover-type-none\"><img decoding=\"async\" width=\"600\" height=\"568\" alt=\"Impianto GPON fibra ottica\" title=\"Schema_GPON_lunghezza_tratta_600x568\" src=\"https:\/\/fracarro.com\/wp-content\/uploads\/2022\/12\/Schema_GPON_lunghezza_tratta_600x568.png\" data-orig-src=\"https:\/\/fracarro.com\/wp-content\/uploads\/2022\/12\/Schema_GPON_lunghezza_tratta_600x568.png\" class=\"lazyload img-responsive wp-image-141885\" srcset=\"data:image\/svg+xml,%3Csvg%20xmlns%3D%27http%3A%2F%2Fwww.w3.org%2F2000%2Fsvg%27%20width%3D%27600%27%20height%3D%27568%27%20viewBox%3D%270%200%20600%20568%27%3E%3Crect%20width%3D%27600%27%20height%3D%27568%27%20fill-opacity%3D%220%22%2F%3E%3C%2Fsvg%3E\" data-srcset=\"https:\/\/fracarro.com\/wp-content\/uploads\/2022\/12\/Schema_GPON_lunghezza_tratta_600x568-200x189.png 200w, https:\/\/fracarro.com\/wp-content\/uploads\/2022\/12\/Schema_GPON_lunghezza_tratta_600x568-400x379.png 400w, https:\/\/fracarro.com\/wp-content\/uploads\/2022\/12\/Schema_GPON_lunghezza_tratta_600x568.png 600w\" data-sizes=\"auto\" data-orig-sizes=\"(max-width: 1024px) 100vw, (max-width: 640px) 100vw, 600px\" \/><\/span><\/div><\/div><\/div><\/div><\/div><div class=\"fusion-fullwidth fullwidth-box fusion-builder-row-4 fusion-flex-container nonhundred-percent-fullwidth non-hundred-percent-height-scrolling\" style=\"--awb-border-radius-top-left:0px;--awb-border-radius-top-right:0px;--awb-border-radius-bottom-right:0px;--awb-border-radius-bottom-left:0px;--awb-flex-wrap:wrap;\" ><div class=\"fusion-builder-row fusion-row fusion-flex-align-items-flex-start fusion-flex-content-wrap\" style=\"max-width:1144px;margin-left: calc(-4% \/ 2 );margin-right: calc(-4% \/ 2 );\"><div class=\"fusion-layout-column fusion_builder_column fusion-builder-column-5 fusion_builder_column_1_1 1_1 fusion-flex-column\" style=\"--awb-bg-size:cover;--awb-width-large:100%;--awb-margin-top-large:0px;--awb-spacing-right-large:1.92%;--awb-margin-bottom-large:20px;--awb-spacing-left-large:1.92%;--awb-width-medium:100%;--awb-order-medium:0;--awb-spacing-right-medium:1.92%;--awb-spacing-left-medium:1.92%;--awb-width-small:100%;--awb-order-small:0;--awb-spacing-right-small:1.92%;--awb-spacing-left-small:1.92%;\"><div class=\"fusion-column-wrapper fusion-column-has-shadow fusion-flex-justify-content-flex-start fusion-content-layout-column\"><div class=\"fusion-title title fusion-title-3 fusion-sep-none fusion-title-text fusion-title-size-two\" style=\"--awb-margin-top:1em;\"><h2 class=\"fusion-title-heading title-heading-left fusion-responsive-typography-calculated\" style=\"margin:0;--fontSize:33;line-height:1.15;\">Impianti ad alta affidabilit\u00e0<\/h2><\/div><div class=\"fusion-text fusion-text-3\" style=\"--awb-text-transform:none;\"><p>La possibilit\u00e0 di gestire lunghe tratte di distribuzione rende il sistema GPON adatto anche alla realizzazione di <strong>impianti ad alta affidabilit\u00e0<\/strong>, dove vengono richiesti <strong>elevati standard di sicurezza<\/strong>; si tratta di sistemi che prevedono una<strong> ridondanza passiva e attiva<\/strong>, realizzati con <strong>distribuzione ad anello<\/strong> che parte dalla sala server e vi ritorna, collegata a due diverse porte della macchina OLT.<br \/>\nIn questo modo, nel caso in cui l\u2019anello venisse interrotto in qualsiasi punto della tratta, automaticamente la macchina OLT, rilevando la mancanza di apparecchi distribuiti in campo, riattiva il tratto dell\u2019anello disconnesso.<\/p>\n<\/div><\/div><\/div><\/div><\/div><\/p>\n","protected":false},"excerpt":{"rendered":"","protected":false},"author":5,"featured_media":0,"parent":99738,"menu_order":0,"comment_status":"closed","ping_status":"closed","template":"","meta":{"footnotes":""},"class_list":["post-141841","page","type-page","status-publish","hentry"],"yoast_head":"<!-- This site is optimized with the Yoast SEO Premium plugin v26.5 (Yoast SEO v26.7) - https:\/\/yoast.com\/wordpress\/plugins\/seo\/ -->\n<title>lunga tratta - Fracarro Radioindustrie SRL<\/title>\n<meta name=\"description\" content=\"La soluzione GPON permette di realizzare lunghe tratte di distribuzione fino a ben 20 chilometri tra trasmettitore e ricevitore.\" \/>\n<meta name=\"robots\" content=\"index, follow, max-snippet:-1, max-image-preview:large, max-video-preview:-1\" \/>\n<link rel=\"canonical\" href=\"https:\/\/fracarro.com\/it\/soluzione-gpon\/lunga-tratta-di-distribuzione\/\" \/>\n<meta property=\"og:locale\" content=\"it_IT\" \/>\n<meta property=\"og:type\" content=\"article\" \/>\n<meta property=\"og:title\" content=\"lunga tratta\" \/>\n<meta property=\"og:description\" content=\"La soluzione GPON permette di realizzare lunghe tratte di distribuzione fino a ben 20 chilometri tra trasmettitore e ricevitore.\" \/>\n<meta property=\"og:url\" content=\"https:\/\/fracarro.com\/it\/soluzione-gpon\/lunga-tratta-di-distribuzione\/\" \/>\n<meta property=\"og:site_name\" content=\"Fracarro Radioindustrie SRL\" \/>\n<meta property=\"article:publisher\" content=\"https:\/\/it-it.facebook.com\/fracarro\/\" \/>\n<meta property=\"article:modified_time\" content=\"2023-03-27T09:23:36+00:00\" \/>\n<meta name=\"twitter:card\" content=\"summary_large_image\" \/>\n<meta name=\"twitter:site\" content=\"@fracarrotweets\" \/>\n<meta name=\"twitter:label1\" content=\"Tempo di lettura stimato\" \/>\n\t<meta name=\"twitter:data1\" content=\"10 minuti\" \/>\n<script type=\"application\/ld+json\" class=\"yoast-schema-graph\">{\"@context\":\"https:\/\/schema.org\",\"@graph\":[{\"@type\":\"WebPage\",\"@id\":\"https:\/\/fracarro.com\/it\/soluzione-gpon\/lunga-tratta-di-distribuzione\/\",\"url\":\"https:\/\/fracarro.com\/it\/soluzione-gpon\/lunga-tratta-di-distribuzione\/\",\"name\":\"lunga tratta - Fracarro Radioindustrie SRL\",\"isPartOf\":{\"@id\":\"https:\/\/fracarro.com\/it\/#website\"},\"datePublished\":\"2022-12-05T09:50:11+00:00\",\"dateModified\":\"2023-03-27T09:23:36+00:00\",\"description\":\"La soluzione GPON permette di realizzare lunghe tratte di distribuzione fino a ben 20 chilometri tra trasmettitore e ricevitore.\",\"breadcrumb\":{\"@id\":\"https:\/\/fracarro.com\/it\/soluzione-gpon\/lunga-tratta-di-distribuzione\/#breadcrumb\"},\"inLanguage\":\"it-IT\",\"potentialAction\":[{\"@type\":\"ReadAction\",\"target\":[\"https:\/\/fracarro.com\/it\/soluzione-gpon\/lunga-tratta-di-distribuzione\/\"]}]},{\"@type\":\"BreadcrumbList\",\"@id\":\"https:\/\/fracarro.com\/it\/soluzione-gpon\/lunga-tratta-di-distribuzione\/#breadcrumb\",\"itemListElement\":[{\"@type\":\"ListItem\",\"position\":1,\"name\":\"Home\",\"item\":\"https:\/\/fracarro.com\/it\/\"},{\"@type\":\"ListItem\",\"position\":2,\"name\":\"GPON\",\"item\":\"https:\/\/fracarro.com\/it\/soluzione-gpon\/\"},{\"@type\":\"ListItem\",\"position\":3,\"name\":\"lunga tratta\"}]},{\"@type\":\"WebSite\",\"@id\":\"https:\/\/fracarro.com\/it\/#website\",\"url\":\"https:\/\/fracarro.com\/it\/\",\"name\":\"Fracarro Radioindustrie SRL\",\"description\":\"\",\"publisher\":{\"@id\":\"https:\/\/fracarro.com\/it\/#organization\"},\"potentialAction\":[{\"@type\":\"SearchAction\",\"target\":{\"@type\":\"EntryPoint\",\"urlTemplate\":\"https:\/\/fracarro.com\/it\/?s={search_term_string}\"},\"query-input\":{\"@type\":\"PropertyValueSpecification\",\"valueRequired\":true,\"valueName\":\"search_term_string\"}}],\"inLanguage\":\"it-IT\"},{\"@type\":\"Organization\",\"@id\":\"https:\/\/fracarro.com\/it\/#organization\",\"name\":\"Fracarro Radioindustrie SRL\",\"url\":\"https:\/\/fracarro.com\/it\/\",\"logo\":{\"@type\":\"ImageObject\",\"inLanguage\":\"it-IT\",\"@id\":\"https:\/\/fracarro.com\/it\/#\/schema\/logo\/image\/\",\"url\":\"https:\/\/fracarro.com\/wp-content\/uploads\/2020\/09\/Fracarro-logo530x67.png\",\"contentUrl\":\"https:\/\/fracarro.com\/wp-content\/uploads\/2020\/09\/Fracarro-logo530x67.png\",\"width\":530,\"height\":67,\"caption\":\"Fracarro Radioindustrie SRL\"},\"image\":{\"@id\":\"https:\/\/fracarro.com\/it\/#\/schema\/logo\/image\/\"},\"sameAs\":[\"https:\/\/it-it.facebook.com\/fracarro\/\",\"https:\/\/x.com\/fracarrotweets\",\"https:\/\/it.linkedin.com\/company\/fracarro-radioindustrie\",\"https:\/\/www.instagram.com\/fracarroradioindustrie\/\",\"https:\/\/www.youtube.com\/user\/FracarroOfficial?feature=watch\"]}]}<\/script>\n<!-- \/ Yoast SEO Premium plugin. -->","yoast_head_json":{"title":"lunga tratta - Fracarro Radioindustrie SRL","description":"La soluzione GPON permette di realizzare lunghe tratte di distribuzione fino a ben 20 chilometri tra trasmettitore e ricevitore.","robots":{"index":"index","follow":"follow","max-snippet":"max-snippet:-1","max-image-preview":"max-image-preview:large","max-video-preview":"max-video-preview:-1"},"canonical":"https:\/\/fracarro.com\/it\/soluzione-gpon\/lunga-tratta-di-distribuzione\/","og_locale":"it_IT","og_type":"article","og_title":"lunga tratta","og_description":"La soluzione GPON permette di realizzare lunghe tratte di distribuzione fino a ben 20 chilometri tra trasmettitore e ricevitore.","og_url":"https:\/\/fracarro.com\/it\/soluzione-gpon\/lunga-tratta-di-distribuzione\/","og_site_name":"Fracarro Radioindustrie SRL","article_publisher":"https:\/\/it-it.facebook.com\/fracarro\/","article_modified_time":"2023-03-27T09:23:36+00:00","twitter_card":"summary_large_image","twitter_site":"@fracarrotweets","twitter_misc":{"Tempo di lettura stimato":"10 minuti"},"schema":{"@context":"https:\/\/schema.org","@graph":[{"@type":"WebPage","@id":"https:\/\/fracarro.com\/it\/soluzione-gpon\/lunga-tratta-di-distribuzione\/","url":"https:\/\/fracarro.com\/it\/soluzione-gpon\/lunga-tratta-di-distribuzione\/","name":"lunga tratta - Fracarro Radioindustrie SRL","isPartOf":{"@id":"https:\/\/fracarro.com\/it\/#website"},"datePublished":"2022-12-05T09:50:11+00:00","dateModified":"2023-03-27T09:23:36+00:00","description":"La soluzione GPON permette di realizzare lunghe tratte di distribuzione fino a ben 20 chilometri tra trasmettitore e ricevitore.","breadcrumb":{"@id":"https:\/\/fracarro.com\/it\/soluzione-gpon\/lunga-tratta-di-distribuzione\/#breadcrumb"},"inLanguage":"it-IT","potentialAction":[{"@type":"ReadAction","target":["https:\/\/fracarro.com\/it\/soluzione-gpon\/lunga-tratta-di-distribuzione\/"]}]},{"@type":"BreadcrumbList","@id":"https:\/\/fracarro.com\/it\/soluzione-gpon\/lunga-tratta-di-distribuzione\/#breadcrumb","itemListElement":[{"@type":"ListItem","position":1,"name":"Home","item":"https:\/\/fracarro.com\/it\/"},{"@type":"ListItem","position":2,"name":"GPON","item":"https:\/\/fracarro.com\/it\/soluzione-gpon\/"},{"@type":"ListItem","position":3,"name":"lunga tratta"}]},{"@type":"WebSite","@id":"https:\/\/fracarro.com\/it\/#website","url":"https:\/\/fracarro.com\/it\/","name":"Fracarro Radioindustrie SRL","description":"","publisher":{"@id":"https:\/\/fracarro.com\/it\/#organization"},"potentialAction":[{"@type":"SearchAction","target":{"@type":"EntryPoint","urlTemplate":"https:\/\/fracarro.com\/it\/?s={search_term_string}"},"query-input":{"@type":"PropertyValueSpecification","valueRequired":true,"valueName":"search_term_string"}}],"inLanguage":"it-IT"},{"@type":"Organization","@id":"https:\/\/fracarro.com\/it\/#organization","name":"Fracarro Radioindustrie SRL","url":"https:\/\/fracarro.com\/it\/","logo":{"@type":"ImageObject","inLanguage":"it-IT","@id":"https:\/\/fracarro.com\/it\/#\/schema\/logo\/image\/","url":"https:\/\/fracarro.com\/wp-content\/uploads\/2020\/09\/Fracarro-logo530x67.png","contentUrl":"https:\/\/fracarro.com\/wp-content\/uploads\/2020\/09\/Fracarro-logo530x67.png","width":530,"height":67,"caption":"Fracarro Radioindustrie SRL"},"image":{"@id":"https:\/\/fracarro.com\/it\/#\/schema\/logo\/image\/"},"sameAs":["https:\/\/it-it.facebook.com\/fracarro\/","https:\/\/x.com\/fracarrotweets","https:\/\/it.linkedin.com\/company\/fracarro-radioindustrie","https:\/\/www.instagram.com\/fracarroradioindustrie\/","https:\/\/www.youtube.com\/user\/FracarroOfficial?feature=watch"]}]}},"_links":{"self":[{"href":"https:\/\/fracarro.com\/it\/wp-json\/wp\/v2\/pages\/141841","targetHints":{"allow":["GET"]}}],"collection":[{"href":"https:\/\/fracarro.com\/it\/wp-json\/wp\/v2\/pages"}],"about":[{"href":"https:\/\/fracarro.com\/it\/wp-json\/wp\/v2\/types\/page"}],"author":[{"embeddable":true,"href":"https:\/\/fracarro.com\/it\/wp-json\/wp\/v2\/users\/5"}],"replies":[{"embeddable":true,"href":"https:\/\/fracarro.com\/it\/wp-json\/wp\/v2\/comments?post=141841"}],"version-history":[{"count":21,"href":"https:\/\/fracarro.com\/it\/wp-json\/wp\/v2\/pages\/141841\/revisions"}],"predecessor-version":[{"id":143760,"href":"https:\/\/fracarro.com\/it\/wp-json\/wp\/v2\/pages\/141841\/revisions\/143760"}],"up":[{"embeddable":true,"href":"https:\/\/fracarro.com\/it\/wp-json\/wp\/v2\/pages\/99738"}],"wp:attachment":[{"href":"https:\/\/fracarro.com\/it\/wp-json\/wp\/v2\/media?parent=141841"}],"curies":[{"name":"wp","href":"https:\/\/api.w.org\/{rel}","templated":true}]}}