{"id":185766,"date":"2023-12-13T11:33:28","date_gmt":"2023-12-13T09:33:28","guid":{"rendered":"https:\/\/fracarro.com\/?page_id=185766"},"modified":"2023-12-14T15:45:51","modified_gmt":"2023-12-14T13:45:51","slug":"whistleblowing","status":"publish","type":"page","link":"https:\/\/fracarro.com\/it\/whistleblowing\/","title":{"rendered":"Whistleblowing"},"content":{"rendered":"<div class=\"fusion-fullwidth fullwidth-box fusion-builder-row-1 fusion-flex-container has-pattern-background has-mask-background nonhundred-percent-fullwidth non-hundred-percent-height-scrolling\" style=\"--awb-border-radius-top-left:0px;--awb-border-radius-top-right:0px;--awb-border-radius-bottom-right:0px;--awb-border-radius-bottom-left:0px;--awb-padding-top:6rem;--awb-padding-bottom:4rem;--awb-flex-wrap:wrap;\" ><div class=\"fusion-builder-row fusion-row fusion-flex-align-items-flex-start fusion-flex-content-wrap\" style=\"max-width:1144px;margin-left: calc(-4% \/ 2 );margin-right: calc(-4% \/ 2 );\"><div class=\"fusion-layout-column fusion_builder_column fusion-builder-column-0 fusion_builder_column_1_1 1_1 fusion-flex-column\" style=\"--awb-bg-size:cover;--awb-width-large:100%;--awb-margin-top-large:0px;--awb-spacing-right-large:1.92%;--awb-margin-bottom-large:20px;--awb-spacing-left-large:1.92%;--awb-width-medium:100%;--awb-order-medium:0;--awb-spacing-right-medium:1.92%;--awb-spacing-left-medium:1.92%;--awb-width-small:100%;--awb-order-small:0;--awb-spacing-right-small:1.92%;--awb-spacing-left-small:1.92%;\"><div class=\"fusion-column-wrapper fusion-column-has-shadow fusion-flex-justify-content-flex-start fusion-content-layout-column\"><div class=\"fusion-title title fusion-title-1 fusion-sep-none fusion-title-text fusion-title-size-one\"><h1 class=\"fusion-title-heading title-heading-left fusion-responsive-typography-calculated\" style=\"margin:0;--fontSize:61.875;line-height:1.2;\">WHISTLEBLOWING<\/h1><\/div><div class=\"fusion-text fusion-text-1\" style=\"--awb-margin-top:2rem;\"><p>Con il termine whistleblowing si intende la rivelazione spontanea da parte di un individuo, detto \u201csegnalante\u201d (in inglese \u201cwhistleblower\u201d) di un illecito o di un\u2019irregolarit\u00e0 commessa all\u2019interno o per conto della Fracarro Radioindustrie SRL, di seguito Societ\u00e0, del quale lo stesso sia stato testimone nell\u2019esercizio delle proprie funzioni.<\/p>\n<p>Il segnalante spesso \u00e8 un dipendente della Societ\u00e0 stessa ma anche una terza parte che comunque intrattiene rapporti con la Societ\u00e0, per esempio un fornitore o un cliente.<\/p>\n<p>Possono essere segnalati comportamenti, atti ad omissioni che ledono l\u2019interesse pubblico e l\u2019integrit\u00e0 della Societ\u00e0 e che consistono in violazioni di specifiche disposizioni europee e nazionali.<\/p>\n<\/div><div class=\"fusion-title title fusion-title-2 fusion-sep-none fusion-title-text fusion-title-size-three\" style=\"--awb-margin-top:2rem;--awb-margin-bottom:1rem;\"><h3 class=\"fusion-title-heading title-heading-left fusion-responsive-typography-calculated\" style=\"margin:0;--fontSize:28.05;line-height:1.24;\">Procedura per avviare una segnalazione<\/h3><\/div><div class=\"fusion-text fusion-text-2\"><p>Fracarro Radioindustrie SRL ha attivato la procedura di segnalazione secondo il D.lgs. 24\/2023.<br \/>\nVi invitiamo a prendere visione della <a href=\"\/wp-content\/uploads\/pdf-repository\/Procedura-Whistleblowing-Fracarro.pdf\">procedura<\/a> per una completa informativa.<\/p>\n<p><strong>La scelta del canale di segnalazione<\/strong> non \u00e8 a discrezione del segnalante; in via prioritaria deve essere utilizzato il canale interno e, solo al ricorrere delle condizioni espressamente previste nella procedura, \u00e8 possibile effettuare una segnalazione esterna o la divulgazione pubblica.<\/p>\n<p>La gestione delle segnalazioni interne verr\u00e0 fatta garantendo la <a href=\"\/wp-content\/uploads\/pdf-repository\/Informativa-Whistleblowing-Fracarro.pdf\">privacy<\/a>, in particolare verr\u00e0 garantita la riservatezza:<\/p>\n<ul>\n<li>dell\u2019identit\u00e0 del segnalante,<\/li>\n<li>della persona coinvolta,<\/li>\n<li>delle persone comunque menzionate nella segnalazione,<\/li>\n<li>nonch\u00e9 del contenuto della segnalazione e<\/li>\n<li>della relativa documentazione.<\/li>\n<\/ul>\n<p>Sar\u00e0 assicurata la protezione dei dati personali di tutti i soggetti coinvolti.<\/p>\n<p>Per le segnalazioni interne, al fine di ottimizzarne la gestione e di garantire la massima riservatezza, si consiglia di utilizzare la piattaforma informatica raggiungibile tramite il link \u201cAccedi alla piattaforma Whistleblowing\u201d sotto evidenziato, compilando il form on-line.<\/p>\n<p>Una volta inviata la segnalazione, il sistema assegner\u00e0 un identificativo personale (id-segnalazione) e si dovr\u00e0 scegliere una password.<\/p>\n<p>Tali credenziali (id-segnalazione e password) sono strettamente personali al fine di garantire la riservatezza. \u00c8 pertanto cura di chi fa la segnalazione conservarle per i successivi accessi alla piattaforma e per monitorare le risposte e\/o, eventuali richieste, di informazioni e integrazioni riguardo alla segnalazione inviata.<\/p>\n<p>La gestione delle Segnalazioni di violazione spetta alle Risorse Umane Fracarro che fanno riferimento a:<\/p>\n<ul>\n<li>sig.ra Alice Stocco<\/li>\n<li>sig. Bruno Genovese<\/li>\n<\/ul>\n<\/div><div class=\"fusion-title title fusion-title-3 fusion-sep-none fusion-title-text fusion-title-size-four\" style=\"--awb-margin-top:2rem;--awb-margin-bottom:1rem;\"><h4 class=\"fusion-title-heading title-heading-left fusion-responsive-typography-calculated\" style=\"margin:0;--fontSize:24.75;--minFontSize:24.75;line-height:1.2;\"><a href=\"https:\/\/fracarro.integrityline.com\/\" class=\"awb-custom-text-color awb-custom-text-hover-color\" target=\"_self\">Accedi alla piattaforma Whistleblowing &gt;<\/a><\/h4><\/div><\/div><\/div><\/div><\/div>\n","protected":false},"excerpt":{"rendered":"","protected":false},"author":3,"featured_media":0,"parent":0,"menu_order":0,"comment_status":"closed","ping_status":"closed","template":"","meta":{"footnotes":""},"class_list":["post-185766","page","type-page","status-publish","hentry"],"yoast_head":"<!-- This site is optimized with the Yoast SEO Premium plugin v26.5 (Yoast SEO v26.7) - https:\/\/yoast.com\/wordpress\/plugins\/seo\/ -->\n<title>Whistleblowing - Fracarro Radioindustrie SRL<\/title>\n<meta name=\"robots\" content=\"index, follow, max-snippet:-1, max-image-preview:large, max-video-preview:-1\" \/>\n<link rel=\"canonical\" href=\"https:\/\/fracarro.com\/it\/whistleblowing\/\" \/>\n<meta property=\"og:locale\" content=\"it_IT\" \/>\n<meta property=\"og:type\" content=\"article\" \/>\n<meta property=\"og:title\" content=\"Whistleblowing\" \/>\n<meta property=\"og:url\" content=\"https:\/\/fracarro.com\/it\/whistleblowing\/\" \/>\n<meta property=\"og:site_name\" content=\"Fracarro Radioindustrie SRL\" \/>\n<meta property=\"article:publisher\" content=\"https:\/\/it-it.facebook.com\/fracarro\/\" \/>\n<meta property=\"article:modified_time\" content=\"2023-12-14T13:45:51+00:00\" \/>\n<meta name=\"twitter:card\" content=\"summary_large_image\" \/>\n<meta name=\"twitter:site\" content=\"@fracarrotweets\" \/>\n<meta name=\"twitter:label1\" content=\"Tempo di lettura stimato\" \/>\n\t<meta name=\"twitter:data1\" content=\"5 minuti\" \/>\n<script type=\"application\/ld+json\" class=\"yoast-schema-graph\">{\"@context\":\"https:\/\/schema.org\",\"@graph\":[{\"@type\":\"WebPage\",\"@id\":\"https:\/\/fracarro.com\/it\/whistleblowing\/\",\"url\":\"https:\/\/fracarro.com\/it\/whistleblowing\/\",\"name\":\"Whistleblowing - Fracarro Radioindustrie SRL\",\"isPartOf\":{\"@id\":\"https:\/\/fracarro.com\/it\/#website\"},\"datePublished\":\"2023-12-13T09:33:28+00:00\",\"dateModified\":\"2023-12-14T13:45:51+00:00\",\"breadcrumb\":{\"@id\":\"https:\/\/fracarro.com\/it\/whistleblowing\/#breadcrumb\"},\"inLanguage\":\"it-IT\",\"potentialAction\":[{\"@type\":\"ReadAction\",\"target\":[\"https:\/\/fracarro.com\/it\/whistleblowing\/\"]}]},{\"@type\":\"BreadcrumbList\",\"@id\":\"https:\/\/fracarro.com\/it\/whistleblowing\/#breadcrumb\",\"itemListElement\":[{\"@type\":\"ListItem\",\"position\":1,\"name\":\"Home\",\"item\":\"https:\/\/fracarro.com\/it\/\"},{\"@type\":\"ListItem\",\"position\":2,\"name\":\"Whistleblowing\"}]},{\"@type\":\"WebSite\",\"@id\":\"https:\/\/fracarro.com\/it\/#website\",\"url\":\"https:\/\/fracarro.com\/it\/\",\"name\":\"Fracarro Radioindustrie SRL\",\"description\":\"\",\"publisher\":{\"@id\":\"https:\/\/fracarro.com\/it\/#organization\"},\"potentialAction\":[{\"@type\":\"SearchAction\",\"target\":{\"@type\":\"EntryPoint\",\"urlTemplate\":\"https:\/\/fracarro.com\/it\/?s={search_term_string}\"},\"query-input\":{\"@type\":\"PropertyValueSpecification\",\"valueRequired\":true,\"valueName\":\"search_term_string\"}}],\"inLanguage\":\"it-IT\"},{\"@type\":\"Organization\",\"@id\":\"https:\/\/fracarro.com\/it\/#organization\",\"name\":\"Fracarro Radioindustrie SRL\",\"url\":\"https:\/\/fracarro.com\/it\/\",\"logo\":{\"@type\":\"ImageObject\",\"inLanguage\":\"it-IT\",\"@id\":\"https:\/\/fracarro.com\/it\/#\/schema\/logo\/image\/\",\"url\":\"https:\/\/fracarro.com\/wp-content\/uploads\/2020\/09\/Fracarro-logo530x67.png\",\"contentUrl\":\"https:\/\/fracarro.com\/wp-content\/uploads\/2020\/09\/Fracarro-logo530x67.png\",\"width\":530,\"height\":67,\"caption\":\"Fracarro Radioindustrie SRL\"},\"image\":{\"@id\":\"https:\/\/fracarro.com\/it\/#\/schema\/logo\/image\/\"},\"sameAs\":[\"https:\/\/it-it.facebook.com\/fracarro\/\",\"https:\/\/x.com\/fracarrotweets\",\"https:\/\/it.linkedin.com\/company\/fracarro-radioindustrie\",\"https:\/\/www.instagram.com\/fracarroradioindustrie\/\",\"https:\/\/www.youtube.com\/user\/FracarroOfficial?feature=watch\"]}]}<\/script>\n<!-- \/ Yoast SEO Premium plugin. -->","yoast_head_json":{"title":"Whistleblowing - Fracarro Radioindustrie SRL","robots":{"index":"index","follow":"follow","max-snippet":"max-snippet:-1","max-image-preview":"max-image-preview:large","max-video-preview":"max-video-preview:-1"},"canonical":"https:\/\/fracarro.com\/it\/whistleblowing\/","og_locale":"it_IT","og_type":"article","og_title":"Whistleblowing","og_url":"https:\/\/fracarro.com\/it\/whistleblowing\/","og_site_name":"Fracarro Radioindustrie SRL","article_publisher":"https:\/\/it-it.facebook.com\/fracarro\/","article_modified_time":"2023-12-14T13:45:51+00:00","twitter_card":"summary_large_image","twitter_site":"@fracarrotweets","twitter_misc":{"Tempo di lettura stimato":"5 minuti"},"schema":{"@context":"https:\/\/schema.org","@graph":[{"@type":"WebPage","@id":"https:\/\/fracarro.com\/it\/whistleblowing\/","url":"https:\/\/fracarro.com\/it\/whistleblowing\/","name":"Whistleblowing - Fracarro Radioindustrie SRL","isPartOf":{"@id":"https:\/\/fracarro.com\/it\/#website"},"datePublished":"2023-12-13T09:33:28+00:00","dateModified":"2023-12-14T13:45:51+00:00","breadcrumb":{"@id":"https:\/\/fracarro.com\/it\/whistleblowing\/#breadcrumb"},"inLanguage":"it-IT","potentialAction":[{"@type":"ReadAction","target":["https:\/\/fracarro.com\/it\/whistleblowing\/"]}]},{"@type":"BreadcrumbList","@id":"https:\/\/fracarro.com\/it\/whistleblowing\/#breadcrumb","itemListElement":[{"@type":"ListItem","position":1,"name":"Home","item":"https:\/\/fracarro.com\/it\/"},{"@type":"ListItem","position":2,"name":"Whistleblowing"}]},{"@type":"WebSite","@id":"https:\/\/fracarro.com\/it\/#website","url":"https:\/\/fracarro.com\/it\/","name":"Fracarro Radioindustrie SRL","description":"","publisher":{"@id":"https:\/\/fracarro.com\/it\/#organization"},"potentialAction":[{"@type":"SearchAction","target":{"@type":"EntryPoint","urlTemplate":"https:\/\/fracarro.com\/it\/?s={search_term_string}"},"query-input":{"@type":"PropertyValueSpecification","valueRequired":true,"valueName":"search_term_string"}}],"inLanguage":"it-IT"},{"@type":"Organization","@id":"https:\/\/fracarro.com\/it\/#organization","name":"Fracarro Radioindustrie SRL","url":"https:\/\/fracarro.com\/it\/","logo":{"@type":"ImageObject","inLanguage":"it-IT","@id":"https:\/\/fracarro.com\/it\/#\/schema\/logo\/image\/","url":"https:\/\/fracarro.com\/wp-content\/uploads\/2020\/09\/Fracarro-logo530x67.png","contentUrl":"https:\/\/fracarro.com\/wp-content\/uploads\/2020\/09\/Fracarro-logo530x67.png","width":530,"height":67,"caption":"Fracarro Radioindustrie SRL"},"image":{"@id":"https:\/\/fracarro.com\/it\/#\/schema\/logo\/image\/"},"sameAs":["https:\/\/it-it.facebook.com\/fracarro\/","https:\/\/x.com\/fracarrotweets","https:\/\/it.linkedin.com\/company\/fracarro-radioindustrie","https:\/\/www.instagram.com\/fracarroradioindustrie\/","https:\/\/www.youtube.com\/user\/FracarroOfficial?feature=watch"]}]}},"_links":{"self":[{"href":"https:\/\/fracarro.com\/it\/wp-json\/wp\/v2\/pages\/185766","targetHints":{"allow":["GET"]}}],"collection":[{"href":"https:\/\/fracarro.com\/it\/wp-json\/wp\/v2\/pages"}],"about":[{"href":"https:\/\/fracarro.com\/it\/wp-json\/wp\/v2\/types\/page"}],"author":[{"embeddable":true,"href":"https:\/\/fracarro.com\/it\/wp-json\/wp\/v2\/users\/3"}],"replies":[{"embeddable":true,"href":"https:\/\/fracarro.com\/it\/wp-json\/wp\/v2\/comments?post=185766"}],"version-history":[{"count":7,"href":"https:\/\/fracarro.com\/it\/wp-json\/wp\/v2\/pages\/185766\/revisions"}],"predecessor-version":[{"id":185785,"href":"https:\/\/fracarro.com\/it\/wp-json\/wp\/v2\/pages\/185766\/revisions\/185785"}],"wp:attachment":[{"href":"https:\/\/fracarro.com\/it\/wp-json\/wp\/v2\/media?parent=185766"}],"curies":[{"name":"wp","href":"https:\/\/api.w.org\/{rel}","templated":true}]}}