{"id":186715,"date":"2024-07-22T14:59:28","date_gmt":"2024-07-22T12:59:28","guid":{"rendered":"https:\/\/fracarro.com\/?page_id=186715"},"modified":"2024-07-29T16:47:25","modified_gmt":"2024-07-29T14:47:25","slug":"privacy-e-cookie-policy","status":"publish","type":"page","link":"https:\/\/fracarro.com\/it\/privacy-e-cookie-policy\/","title":{"rendered":"cookie-declaration"},"content":{"rendered":"<p><div class=\"fusion-fullwidth fullwidth-box fusion-builder-row-1 fusion-flex-container has-pattern-background has-mask-background nonhundred-percent-fullwidth non-hundred-percent-height-scrolling\" style=\"--awb-border-radius-top-left:0px;--awb-border-radius-top-right:0px;--awb-border-radius-bottom-right:0px;--awb-border-radius-bottom-left:0px;--awb-padding-top:6rem;--awb-padding-bottom:2rem;--awb-flex-wrap:wrap;\" ><div class=\"fusion-builder-row fusion-row fusion-flex-align-items-flex-start fusion-flex-content-wrap\" style=\"max-width:1144px;margin-left: calc(-4% \/ 2 );margin-right: calc(-4% \/ 2 );\"><div class=\"fusion-layout-column fusion_builder_column fusion-builder-column-0 fusion_builder_column_1_1 1_1 fusion-flex-column\" style=\"--awb-bg-size:cover;--awb-width-large:100%;--awb-margin-top-large:0px;--awb-spacing-right-large:1.92%;--awb-margin-bottom-large:20px;--awb-spacing-left-large:1.92%;--awb-width-medium:100%;--awb-order-medium:0;--awb-spacing-right-medium:1.92%;--awb-spacing-left-medium:1.92%;--awb-width-small:100%;--awb-order-small:0;--awb-spacing-right-small:1.92%;--awb-spacing-left-small:1.92%;\"><div class=\"fusion-column-wrapper fusion-column-has-shadow fusion-flex-justify-content-flex-start fusion-content-layout-column\"><div class=\"fusion-title title fusion-title-1 fusion-sep-none fusion-title-text fusion-title-size-one\"><h1 class=\"fusion-title-heading title-heading-left fusion-responsive-typography-calculated\" style=\"margin:0;--fontSize:61.875;line-height:1.2;\">Privacy e Cookies Policy<\/h1><\/div><div class=\"fusion-text fusion-text-1\" style=\"--awb-margin-top:2rem;\"><p>Informazioni sul trattamento dei dati personali correlate alla navigazione e all&#8217;usco dei cookie<\/p>\n<\/div><\/div><\/div><\/div><\/div><div class=\"fusion-fullwidth fullwidth-box fusion-builder-row-2 fusion-flex-container has-pattern-background has-mask-background nonhundred-percent-fullwidth non-hundred-percent-height-scrolling\" style=\"--awb-border-radius-top-left:0px;--awb-border-radius-top-right:0px;--awb-border-radius-bottom-right:0px;--awb-border-radius-bottom-left:0px;--awb-flex-wrap:wrap;\" ><div class=\"fusion-builder-row fusion-row fusion-flex-align-items-flex-start fusion-flex-content-wrap\" style=\"max-width:1144px;margin-left: calc(-4% \/ 2 );margin-right: calc(-4% \/ 2 );\"><div class=\"fusion-layout-column fusion_builder_column fusion-builder-column-1 fusion_builder_column_1_1 1_1 fusion-flex-column\" style=\"--awb-bg-size:cover;--awb-width-large:100%;--awb-margin-top-large:0px;--awb-spacing-right-large:1.92%;--awb-margin-bottom-large:20px;--awb-spacing-left-large:1.92%;--awb-width-medium:100%;--awb-order-medium:0;--awb-spacing-right-medium:1.92%;--awb-spacing-left-medium:1.92%;--awb-width-small:100%;--awb-order-small:0;--awb-spacing-right-small:1.92%;--awb-spacing-left-small:1.92%;\"><div class=\"fusion-column-wrapper fusion-column-has-shadow fusion-flex-justify-content-flex-start fusion-content-layout-column\"><div class=\"fusion-title title fusion-title-2 fusion-sep-none fusion-title-text fusion-title-size-two\"><h2 class=\"fusion-title-heading title-heading-left fusion-responsive-typography-calculated\" style=\"margin:0;--fontSize:33;line-height:1.15;\">Identit\u00e0 e dati di contatto del Titolare del trattamento<\/h2><\/div><div class=\"fusion-text fusion-text-2\"><p>Fracarro Radioindustrie s.r.l., di seguito anche \u201cFracarro\u201d o \u201cTitolare\u201d con sede legale in viale delle Querce, 9 \u2013 31033 \u2013 Castelfranco Veneto (TV), e contattabile all\u2019indirizzo e-mail info@fracarro.com, alla PEC fracarro@legalmail.it o al numero di telefono 04237361.<\/p>\n<\/div><div class=\"fusion-title title fusion-title-3 fusion-sep-none fusion-title-text fusion-title-size-two\" style=\"--awb-margin-top:2rem;\"><h2 class=\"fusion-title-heading title-heading-left fusion-responsive-typography-calculated\" style=\"margin:0;--fontSize:33;line-height:1.15;\">Finalit\u00e0 e basi giuridiche<\/h2><\/div><div class=\"fusion-text fusion-text-3\"><p><strong>A. Verificare il funzionamento dei servizi e consentire quindi la navigazione<\/strong>: i sistemi informatici e le procedure software preposte al funzionamento di questo sito acquisiscono, nel corso del loro normale esercizio, alcuni dati personali la cui trasmissione \u00e8 implicita nell\u2019uso di protocolli di comunicazione di Internet. In questa categoria di dati rientrano gli indirizzi IP o i nomi a dominio dei computer e dei terminali utilizzati dagli utenti, gli indirizzi in notazione URI\/URL (Uniform Resource Identifier\/Locator) delle risorse richieste, l&#8217;orario della richiesta, il metodo utilizzato nel sottoporre la richiesta al server, la dimensione del file ottenuto in risposta, il codice numerico indicante lo stato della risposta data dal server (buon fine, errore, ecc.) ed altri parametri relativi al sistema operativo e all&#8217;ambiente informatico dell&#8217;utente.<br \/>\n<strong>B. Statistica<\/strong>: vengono acquisite informazioni volte a capire come il visitatore interagisce con il sito al fine di ottenere statistiche.<br \/>\n<strong>C. Profilazione<\/strong>: vengono acquisite informazioni di tracciamento del visitatore cos\u00ec da delinearne un profilo basato sugli interessi manifestati nel corso della navigazione e, conseguentemente, per proporre annunci in linea con le preferenze precedentemente rilevate.<br \/>\n<strong>D. Rispondere alle comunicazioni veicolate tramite i dati di contatto pubblicati<\/strong>: quando il visitatore contatta il Titolare a uno dei recapiti pubblicati sul sito, vengono raccolte le informazioni spontaneamente trasmesse, al fine di elaborare ed evadere la richiesta.<br \/>\n<strong>E. Scopi difensivi<\/strong>: il Titolare pu\u00f2 avere necessit\u00e0 di trattare dati personali per la gestione di contestazioni e contenziosi stragiudiziali o giudiziali.<\/p>\n<\/div><table class='table fr-products-table tabella-polcookies'>\n    <tr>\n        <th>Finalit\u00e0<\/th>\n        <th>Base giuridica (dati comuni)<\/th>\n    <\/tr>\n    <tr>\n        <td>A.<\/td>\n        <td>Esecuzione del contratto<\/td>\n    <\/tr>\n    <tr>\n        <td>B.<\/td>\n        <td>Consenso<\/td>\n    <\/tr>\n    <tr>\n        <td>C.<\/td>\n        <td>Consenso<\/td>\n    <\/tr>\n    <tr>\n        <td>D.<\/td>\n        <td>Esecuzione di misure precontrattuali;<br \/>Legittimo interesse del Titolare a dare riscontro alle richieste pervenute.<\/td>\n    <\/tr>\n    <tr>\n        <td>E.<\/td>\n        <td>Legittimo interesse del Titolare ad accertare, esercitare o difendere un diritto.<\/td>\n    <\/tr>\n<\/table><div class=\"fusion-title title fusion-title-4 fusion-sep-none fusion-title-text fusion-title-size-two\" style=\"--awb-margin-top:2rem;\"><h2 class=\"fusion-title-heading title-heading-left fusion-responsive-typography-calculated\" style=\"margin:0;--fontSize:33;line-height:1.15;\">Cookie<\/h2><\/div><div class=\"fusion-text fusion-text-4\"><p>Alcune delle finalit\u00e0 sopra elencate possono essere perseguite tramite l\u2019utilizzo di marcatori temporanei (cookies). Per maggiori informazioni il visitatore pu\u00f2 consultare la tabella sotto riportata:<\/p>\n<\/div><script id=\"CookieDeclaration\" src=\"https:\/\/consent.cookiebot.com\/e0b38eca-87d1-47b2-b4d8-1aa865f3d680\/cd.js\" type=\"text\/javascript\" async><\/script><div class=\"fusion-title title fusion-title-5 fusion-sep-none fusion-title-text fusion-title-size-two\" style=\"--awb-margin-top:2rem;\"><h2 class=\"fusion-title-heading title-heading-left fusion-responsive-typography-calculated\" style=\"margin:0;--fontSize:33;line-height:1.15;\">Periodo di conversazione<\/h2><\/div><table class='table fr-products-table tabella-polcookies'>\n    <tr>\n        <th>Finalit\u00e0<\/th>\n        <th>Tempo di conservazione<\/th>\n    <\/tr>\n    <tr>\n        <td>A.<\/td>\n        <td>Si rinvia a quanto precisato nella sezione Cookie<\/td>\n    <\/tr>\n    <tr>\n        <td>B.<\/td>\n        <td>Si rinvia a quanto precisato nella sezione Cookie<\/td>\n    <\/tr>\n    <tr>\n        <td>C.<\/td>\n        <td>Si rinvia a quanto precisato nella sezione Cookie<\/td>\n    <\/tr>\n    <tr>\n        <td>D.<\/td>\n        <td>Tempo necessario all'evasione delle richieste paervenute e delle successive interlocuzioni<\/td>\n    <\/tr>\n    <tr>\n        <td>E.<\/td>\n        <td>10 anni dalla risoluzione definitiva della controversia.<\/td>\n    <\/tr>\n<\/table><div class=\"fusion-title title fusion-title-6 fusion-sep-none fusion-title-text fusion-title-size-two\" style=\"--awb-margin-top:2rem;\"><h2 class=\"fusion-title-heading title-heading-left fusion-responsive-typography-calculated\" style=\"margin:0;--fontSize:33;line-height:1.15;\">Natura del conferimento e conseguenze in caso di rifiuto<\/h2><\/div><table class='table fr-products-table tabella-polcookies'>\n    <tr>\n        <th>Finalit\u00e0<\/th>\n        <th>Natura<\/th>\n        <th>Conseguenze<\/th>\n    <\/tr>\n    <tr>\n        <td>A.<\/td>\n        <td>Necessario<\/td>\n        <td>Impossibilit\u00e0 di accedere e utilizzare il sito.<\/td>\n        \n    <\/tr>\n    <tr>\n        <td>B.<\/td>\n        <td>Facoltativo<\/td>\n        <td>Impossibilit\u00e0 per il Titolare di effettuare elaborazioni ai fini statistici.<\/td>\n        \n    <\/tr>\n    <tr>\n        <td>C.<\/td>\n        <td>Facoltativo<\/td>\n        <td>Impossibilit\u00e0 per il Titolare di effettuare elaborazioni analitiche per comprendere le preferenze del visitatore e per quest\u2019ultimo di ricevere annunci in linea con gli interessi dimostrati.<\/td>\n        \n    <\/tr>\n    <tr>\n        <td>D.<\/td>\n        <td>Necessario<\/td>\n        <td>Impossibilit\u00e0 di ricevere le informazioni richieste.<\/td>\n        \n    <\/tr>\n    <tr>\n        <td>E.<\/td>\n        <td>Necessario<\/td>\n        <td>Impossibilit\u00e0 di gestire il contenzioso.<\/td>\n        \n    <\/tr>\n<\/table><div class=\"fusion-title title fusion-title-7 fusion-sep-none fusion-title-text fusion-title-size-two\" style=\"--awb-margin-top:2rem;\"><h2 class=\"fusion-title-heading title-heading-left fusion-responsive-typography-calculated\" style=\"margin:0;--fontSize:33;line-height:1.15;\">Ambito di comunicazione<\/h2><\/div><div class=\"fusion-text fusion-text-5\"><p>Tutti i dati raccolti ed elaborati potranno essere comunicati a figure interne autorizzate al trattamento in ragione delle rispettive mansioni, nonch\u00e9 alle seguenti categorie di soggetti esterni, in relazione alle distinte finalit\u00e0 di trattamento:<\/p>\n<\/div><table class='table fr-products-table tabella-polcookies'>\n    <tr>\n        <th>Finalit\u00e0<\/th>\n        <th>Categorie di destinatari esterni<\/th>\n    <\/tr>\n    <tr>\n        <td>A.<\/td>\n        <td>Soggetti diversi dal Titolare indicati nella sezione \u201cCookie\u201d<\/td>\n    <\/tr>\n    <tr>\n        <td>B.<\/td>\n        <td>Soggetti diversi dal Titolare indicati nella sezione \u201cCookie\u201d<\/td>\n    <\/tr>\n    <tr>\n        <td>C.<\/td>\n        <td>Soggetti diversi dal Titolare indicati nella sezione \u201cCookie\u201d<\/td>\n    <\/tr>\n    <tr>\n        <td>D.<\/td>\n        <td>Agenti, consulenti commerciali.<\/td>\n    <\/tr>\n    <tr>\n        <td>E.<\/td>\n        <td>Studi legali; Autorit\u00e0 giudiziaria.<\/td>\n    <\/tr>\n<\/table><div class=\"fusion-text fusion-text-6\"><p>Dal momento che i dati sono trattati anche con strumenti informatici, potrebbero essere altres\u00ec visibili anche ai soggetti che effettuano assistenza\/manutenzioni su tali sistemi.<\/p>\n<\/div><div class=\"fusion-title title fusion-title-8 fusion-sep-none fusion-title-text fusion-title-size-two\" style=\"--awb-margin-top:2rem;\"><h2 class=\"fusion-title-heading title-heading-left fusion-responsive-typography-calculated\" style=\"margin:0;--fontSize:33;line-height:1.15;\">Trasferimento dati in un Paese terzo o un\u2019organizzazione internazionale<\/h2><\/div><div class=\"fusion-text fusion-text-7\"><p>Il Titolare effettua trasferimenti di dati personali verso i Paesi e alle condizioni di seguito riepilogate:<\/p>\n<\/div><table class='table fr-products-table tabella-polcookies'>\n    <tr>\n        <th>Finalit\u00e0<\/th>\n        <th>Paese<\/th>\n        <th>Condizione di liceit\u00e0 del trasferimento<\/th>\n    <\/tr>\n    <tr>\n        <td>A.<\/td>\n        <td colspan=\"2\">Si rinvia a quanto precisato nella sezione Cookie<\/td>\n\n        \n    <\/tr>\n    <tr>\n        <td>B.<\/td>\n        <td colspan=\"2\">Si rinvia a quanto precisato nella sezione Cookie<\/td>\n\n        \n    <\/tr>\n    <tr>\n        <td>C.<\/td>\n        <td colspan=\"2\">Si rinvia a quanto precisato nella sezione Cookie<\/td>\n        \n    <\/tr>\n    <tr>\n        <td>D.<\/td>\n        <td><\/td>\n        <td><\/td>\n        \n    <\/tr>\n    <tr>\n        <td>E.<\/td>\n        <td><\/td>\n        <td><\/td>\n        \n    <\/tr>\n<\/table><div class=\"fusion-title title fusion-title-9 fusion-sep-none fusion-title-text fusion-title-size-two\" style=\"--awb-margin-top:2rem;\"><h2 class=\"fusion-title-heading title-heading-left fusion-responsive-typography-calculated\" style=\"margin:0;--fontSize:33;line-height:1.15;\">Diritti degli interessati<\/h2><\/div><div class=\"fusion-text fusion-text-8\"><p>Al soggetto a cui si riferiscono i dati personali sono riconosciuti i seguenti diritti:<br \/>\n<strong>Accesso<\/strong>: \u00e8 possibile sapere se sia in corso un trattamento dei propri dati personali e in caso affermativo ottenere l\u2019accesso agli stessi e richiederne una copia.<br \/>\n<strong>Rettifica<\/strong>: \u00e8 possibile chiedere l\u2019aggiornamento dei propri dati personali, la loro correzione (se inesatti) e l\u2019integrazione di quelli incompleti.<br \/>\n<strong>Cancellazione<\/strong>: \u00e8 possibile ottenere la cancellazione dei propri dati personali al ricorrere di determinati presupposti (per maggiori informazioni contattare il Titolare).<br \/>\n<strong>Limitazione<\/strong>: \u00e8 possibile chiedere che i dati vengano contrassegnati, cos\u00ec da limitarne in futuro il trattamento, al ricorrere di determinati presupposti (per maggiori informazioni contattare il Titolare).<br \/>\n<strong>Opposizione<\/strong>: \u00e8 possibile opporsi al trattamento dei dati personali, per motivi connessi alla propria situazione particolare, laddove il trattamento sia fondato sul legittimo interesse oppure sia necessario per l\u2019esecuzione di un compito di interesse pubblico o connesso all\u2019esercizio di pubblici poteri di cui \u00e8 investito il Titolare.<br \/>\n<strong>Portabilit\u00e0<\/strong>: \u00e8 possibile ricevere in un formato strutturato i dati personali forniti al Titolare e chiedere di trasmetterli a un altro titolare del trattamento qualora il trattamento si basi sul consenso o sul contratto e sia effettuato con mezzi automatizzati.<br \/>\n<strong>Revoca del consenso<\/strong>: \u00e8 possibile revocare il consenso per le finalit\u00e0 che lo hanno richiesto, ferma restando la liceit\u00e0 del trattamento effettuato fino a quel momento.<\/p>\n<p>I diritti in concreto esercitabili rispetto alle attivit\u00e0 di trattamento effettuate sono:<\/p>\n<\/div><table class='table fr-products-table tabella-polcookies'>\n    <tr>\n        <th>Finalit\u00e0<\/td>\n        <th colspan=\"7\">Diritto esercitabile<\/td>\n    <\/tr>\n    <tr>\n        <td><\/td>\n        <td>Accesso<\/td>\n        <td>Rettifica<\/td>\n        <td>Cancellazione<\/td>\n        <td>Limitazione<\/td>\n        <td>Opposizione<\/td>\n        <td>Portabilit\u00e0<\/td>\n        <td>Revoca consenso<\/td>\n    <\/tr>\n    <tr>\n        <td>A.<\/td>\n        <td>X<\/td>\n        <td>X<\/td>\n        <td>X<\/td>\n        <td>X<\/td>\n        <td><\/td>\n        <td>X<\/td>\n        <td><\/td>\n    <\/tr>\n    <tr>\n        <td>B.<\/td>\n        <td>X<\/td>\n        <td>X<\/td>\n        <td>X<\/td>\n        <td>X<\/td>\n        <td><\/td>\n        <td>X<\/td>\n        <td>X<\/td>\n    <\/tr>\n    <tr>\n        <td>C.<\/td>\n        <td>X<\/td>\n        <td>X<\/td>\n        <td>X<\/td>\n        <td>X<\/td>\n        <td><\/td>\n        <td>X<\/td>\n        <td>X<\/td>\n    <\/tr>\n    <tr>\n        <td>D.<\/td>\n        <td>X<\/td>\n        <td>X<\/td>\n        <td>X<\/td>\n        <td>X<\/td>\n        <td>X<\/td>\n        <td><\/td>\n        <td><\/td>\n    <\/tr>\n    <tr>\n        <td>D.<\/td>\n        <td>X<\/td>\n        <td>X<\/td>\n        <td>X<\/td>\n        <td>X<\/td>\n        <td>X<\/td>\n        <td><\/td>\n        <td><\/td>\n    <\/tr>\n<\/table>\n<div class=\"fusion-text fusion-text-9\"><p>Per esercitare i sopra esposti diritti \u00e8 possibile utilizzare il modulo disponibile al link <a href=\"https:\/\/www.garanteprivacy.it\/web\/guest\/home\/docweb\/-\/docweb-display\/docweb\/1089924\">https:\/\/www.garanteprivacy.it\/web\/guest\/home\/docweb\/-\/docweb-display\/docweb\/1089924<\/a> e inoltrarlo al seguente recapito: <a href=\"mailto:privacy@fracarro.com\">privacy@fracarro.com<\/a>. L\u2019interessato potr\u00e0 richiedere allo stesso recapito di ottenere maggiori dettagli in relazione alle informazioni sopraesposte (es. test di bilanciamento del legittimo interesse o l\u2019elenco dei responsabili del trattamento).<br \/>\n\u00c8 possibile proporre reclamo ad una Autorit\u00e0 di controllo: per l\u2019Italia, Autorit\u00e0 Garante per la Protezione dei Dati Personali (<a href=\"https:\/\/www.garanteprivacy.it\/\">www.garanteprivacy.it<\/a>).<\/p>\n<\/div><\/div><\/div><\/div><\/div><\/p>\n","protected":false},"excerpt":{"rendered":"","protected":false},"author":3,"featured_media":0,"parent":0,"menu_order":0,"comment_status":"closed","ping_status":"closed","template":"100-width.php","meta":{"footnotes":""},"class_list":["post-186715","page","type-page","status-publish","hentry"],"yoast_head":"<!-- This site is optimized with the Yoast SEO Premium plugin v26.5 (Yoast SEO v26.7) - https:\/\/yoast.com\/wordpress\/plugins\/seo\/ -->\n<title>cookie-declaration - Fracarro Radioindustrie SRL<\/title>\n<meta name=\"robots\" content=\"index, follow, max-snippet:-1, max-image-preview:large, max-video-preview:-1\" \/>\n<link rel=\"canonical\" href=\"https:\/\/fracarro.com\/it\/privacy-e-cookie-policy\/\" \/>\n<meta property=\"og:locale\" content=\"it_IT\" \/>\n<meta property=\"og:type\" content=\"article\" \/>\n<meta property=\"og:title\" content=\"cookie-declaration\" \/>\n<meta property=\"og:url\" content=\"https:\/\/fracarro.com\/it\/privacy-e-cookie-policy\/\" \/>\n<meta property=\"og:site_name\" content=\"Fracarro Radioindustrie SRL\" \/>\n<meta property=\"article:publisher\" content=\"https:\/\/it-it.facebook.com\/fracarro\/\" \/>\n<meta property=\"article:modified_time\" content=\"2024-07-29T14:47:25+00:00\" \/>\n<meta name=\"twitter:card\" content=\"summary_large_image\" \/>\n<meta name=\"twitter:site\" content=\"@fracarrotweets\" \/>\n<meta name=\"twitter:label1\" content=\"Tempo di lettura stimato\" \/>\n\t<meta name=\"twitter:data1\" content=\"10 minuti\" \/>\n<script type=\"application\/ld+json\" class=\"yoast-schema-graph\">{\"@context\":\"https:\/\/schema.org\",\"@graph\":[{\"@type\":\"WebPage\",\"@id\":\"https:\/\/fracarro.com\/it\/privacy-e-cookie-policy\/\",\"url\":\"https:\/\/fracarro.com\/it\/privacy-e-cookie-policy\/\",\"name\":\"cookie-declaration - Fracarro Radioindustrie SRL\",\"isPartOf\":{\"@id\":\"https:\/\/fracarro.com\/it\/#website\"},\"datePublished\":\"2024-07-22T12:59:28+00:00\",\"dateModified\":\"2024-07-29T14:47:25+00:00\",\"breadcrumb\":{\"@id\":\"https:\/\/fracarro.com\/it\/privacy-e-cookie-policy\/#breadcrumb\"},\"inLanguage\":\"it-IT\",\"potentialAction\":[{\"@type\":\"ReadAction\",\"target\":[\"https:\/\/fracarro.com\/it\/privacy-e-cookie-policy\/\"]}]},{\"@type\":\"BreadcrumbList\",\"@id\":\"https:\/\/fracarro.com\/it\/privacy-e-cookie-policy\/#breadcrumb\",\"itemListElement\":[{\"@type\":\"ListItem\",\"position\":1,\"name\":\"Home\",\"item\":\"https:\/\/fracarro.com\/it\/\"},{\"@type\":\"ListItem\",\"position\":2,\"name\":\"cookie-declaration\"}]},{\"@type\":\"WebSite\",\"@id\":\"https:\/\/fracarro.com\/it\/#website\",\"url\":\"https:\/\/fracarro.com\/it\/\",\"name\":\"Fracarro Radioindustrie SRL\",\"description\":\"\",\"publisher\":{\"@id\":\"https:\/\/fracarro.com\/it\/#organization\"},\"potentialAction\":[{\"@type\":\"SearchAction\",\"target\":{\"@type\":\"EntryPoint\",\"urlTemplate\":\"https:\/\/fracarro.com\/it\/?s={search_term_string}\"},\"query-input\":{\"@type\":\"PropertyValueSpecification\",\"valueRequired\":true,\"valueName\":\"search_term_string\"}}],\"inLanguage\":\"it-IT\"},{\"@type\":\"Organization\",\"@id\":\"https:\/\/fracarro.com\/it\/#organization\",\"name\":\"Fracarro Radioindustrie SRL\",\"url\":\"https:\/\/fracarro.com\/it\/\",\"logo\":{\"@type\":\"ImageObject\",\"inLanguage\":\"it-IT\",\"@id\":\"https:\/\/fracarro.com\/it\/#\/schema\/logo\/image\/\",\"url\":\"https:\/\/fracarro.com\/wp-content\/uploads\/2020\/09\/Fracarro-logo530x67.png\",\"contentUrl\":\"https:\/\/fracarro.com\/wp-content\/uploads\/2020\/09\/Fracarro-logo530x67.png\",\"width\":530,\"height\":67,\"caption\":\"Fracarro Radioindustrie SRL\"},\"image\":{\"@id\":\"https:\/\/fracarro.com\/it\/#\/schema\/logo\/image\/\"},\"sameAs\":[\"https:\/\/it-it.facebook.com\/fracarro\/\",\"https:\/\/x.com\/fracarrotweets\",\"https:\/\/it.linkedin.com\/company\/fracarro-radioindustrie\",\"https:\/\/www.instagram.com\/fracarroradioindustrie\/\",\"https:\/\/www.youtube.com\/user\/FracarroOfficial?feature=watch\"]}]}<\/script>\n<!-- \/ Yoast SEO Premium plugin. -->","yoast_head_json":{"title":"cookie-declaration - Fracarro Radioindustrie SRL","robots":{"index":"index","follow":"follow","max-snippet":"max-snippet:-1","max-image-preview":"max-image-preview:large","max-video-preview":"max-video-preview:-1"},"canonical":"https:\/\/fracarro.com\/it\/privacy-e-cookie-policy\/","og_locale":"it_IT","og_type":"article","og_title":"cookie-declaration","og_url":"https:\/\/fracarro.com\/it\/privacy-e-cookie-policy\/","og_site_name":"Fracarro Radioindustrie SRL","article_publisher":"https:\/\/it-it.facebook.com\/fracarro\/","article_modified_time":"2024-07-29T14:47:25+00:00","twitter_card":"summary_large_image","twitter_site":"@fracarrotweets","twitter_misc":{"Tempo di lettura stimato":"10 minuti"},"schema":{"@context":"https:\/\/schema.org","@graph":[{"@type":"WebPage","@id":"https:\/\/fracarro.com\/it\/privacy-e-cookie-policy\/","url":"https:\/\/fracarro.com\/it\/privacy-e-cookie-policy\/","name":"cookie-declaration - Fracarro Radioindustrie SRL","isPartOf":{"@id":"https:\/\/fracarro.com\/it\/#website"},"datePublished":"2024-07-22T12:59:28+00:00","dateModified":"2024-07-29T14:47:25+00:00","breadcrumb":{"@id":"https:\/\/fracarro.com\/it\/privacy-e-cookie-policy\/#breadcrumb"},"inLanguage":"it-IT","potentialAction":[{"@type":"ReadAction","target":["https:\/\/fracarro.com\/it\/privacy-e-cookie-policy\/"]}]},{"@type":"BreadcrumbList","@id":"https:\/\/fracarro.com\/it\/privacy-e-cookie-policy\/#breadcrumb","itemListElement":[{"@type":"ListItem","position":1,"name":"Home","item":"https:\/\/fracarro.com\/it\/"},{"@type":"ListItem","position":2,"name":"cookie-declaration"}]},{"@type":"WebSite","@id":"https:\/\/fracarro.com\/it\/#website","url":"https:\/\/fracarro.com\/it\/","name":"Fracarro Radioindustrie SRL","description":"","publisher":{"@id":"https:\/\/fracarro.com\/it\/#organization"},"potentialAction":[{"@type":"SearchAction","target":{"@type":"EntryPoint","urlTemplate":"https:\/\/fracarro.com\/it\/?s={search_term_string}"},"query-input":{"@type":"PropertyValueSpecification","valueRequired":true,"valueName":"search_term_string"}}],"inLanguage":"it-IT"},{"@type":"Organization","@id":"https:\/\/fracarro.com\/it\/#organization","name":"Fracarro Radioindustrie SRL","url":"https:\/\/fracarro.com\/it\/","logo":{"@type":"ImageObject","inLanguage":"it-IT","@id":"https:\/\/fracarro.com\/it\/#\/schema\/logo\/image\/","url":"https:\/\/fracarro.com\/wp-content\/uploads\/2020\/09\/Fracarro-logo530x67.png","contentUrl":"https:\/\/fracarro.com\/wp-content\/uploads\/2020\/09\/Fracarro-logo530x67.png","width":530,"height":67,"caption":"Fracarro Radioindustrie SRL"},"image":{"@id":"https:\/\/fracarro.com\/it\/#\/schema\/logo\/image\/"},"sameAs":["https:\/\/it-it.facebook.com\/fracarro\/","https:\/\/x.com\/fracarrotweets","https:\/\/it.linkedin.com\/company\/fracarro-radioindustrie","https:\/\/www.instagram.com\/fracarroradioindustrie\/","https:\/\/www.youtube.com\/user\/FracarroOfficial?feature=watch"]}]}},"_links":{"self":[{"href":"https:\/\/fracarro.com\/it\/wp-json\/wp\/v2\/pages\/186715","targetHints":{"allow":["GET"]}}],"collection":[{"href":"https:\/\/fracarro.com\/it\/wp-json\/wp\/v2\/pages"}],"about":[{"href":"https:\/\/fracarro.com\/it\/wp-json\/wp\/v2\/types\/page"}],"author":[{"embeddable":true,"href":"https:\/\/fracarro.com\/it\/wp-json\/wp\/v2\/users\/3"}],"replies":[{"embeddable":true,"href":"https:\/\/fracarro.com\/it\/wp-json\/wp\/v2\/comments?post=186715"}],"version-history":[{"count":16,"href":"https:\/\/fracarro.com\/it\/wp-json\/wp\/v2\/pages\/186715\/revisions"}],"predecessor-version":[{"id":186752,"href":"https:\/\/fracarro.com\/it\/wp-json\/wp\/v2\/pages\/186715\/revisions\/186752"}],"wp:attachment":[{"href":"https:\/\/fracarro.com\/it\/wp-json\/wp\/v2\/media?parent=186715"}],"curies":[{"name":"wp","href":"https:\/\/api.w.org\/{rel}","templated":true}]}}