{"id":180008,"date":"2023-06-12T12:53:45","date_gmt":"2023-06-12T12:53:45","guid":{"rendered":""},"modified":"2025-11-21T13:29:22","modified_gmt":"2025-11-21T13:29:22","slug":"283163-3dg-4s2-bp","status":"publish","type":"product","link":"https:\/\/fracarro.com\/it\/product\/283163-3dg-4s2-bp\/","title":{"rendered":"3DG-4S2-BP"},"content":{"rendered":"<p><strong>La serie 3DGFLEX<\/strong> \u00e8 una nuova generazione di transmodulatori, concepita per processare un range di segnali digitali pronti per essere distribuiti in sistemi centralizzati, come complessi residenziali e strutture hospitality. Usando una combinazione di differenti moduli quad \u00e8 possibile realizzare una molteplicit\u00e0 di contenuti (programmi satellite o DTT) e distribuirli in un network coassiale centralizzato. La versione BP \u00e8 ideale per aumentare la capacit\u00e0 di ricezione oppure in abbinamento agli streamer IP. Attraverso il controllo <br \/>DiSEqC 1.0 SCR\/SCD1 (EN 50494) dCSS\/SCD2 (EN 50607) \u00e8 possibile collegare gli ingressi con iun singolo cavo ottimizzando i cablaggi d&#8217;ingresso.<\/p>\n","protected":false},"excerpt":{"rendered":"<p>La serie 3DGFLEX \u00e8 una nuova generazione di transmodulatori, concepita per processare un range di segnali digitali pronti per essere distribuiti in sistemi centralizzati, come complessi residenziali e strutture hospitality. Usando una combinazione di differenti moduli quad \u00e8 possibile realizzare una molteplicit\u00e0 di contenuti (programmi satellite o DTT) e distribuirli in un network coassiale centralizzato.  [&#8230;]<\/p>\n","protected":false},"featured_media":141554,"template":"","meta":[],"product_brand":[],"product_cat":[52476],"product_tag":[],"class_list":{"0":"post-180008","1":"product","2":"type-product","3":"status-publish","4":"has-post-thumbnail","6":"product_cat-satellite-s2-modulare","8":"first","9":"instock","10":"shipping-taxable","11":"product-type-simple"},"yoast_head":"<!-- This site is optimized with the Yoast SEO Premium plugin v26.5 (Yoast SEO v26.7) - https:\/\/yoast.com\/wordpress\/plugins\/seo\/ -->\n<title>3DG-4S2-BP - Fracarro Radioindustrie SRL<\/title>\n<meta name=\"robots\" content=\"index, follow, max-snippet:-1, max-image-preview:large, max-video-preview:-1\" \/>\n<link rel=\"canonical\" href=\"https:\/\/fracarro.com\/it\/product\/283163-3dg-4s2-bp\/\" \/>\n<meta property=\"og:locale\" content=\"it_IT\" \/>\n<meta property=\"og:type\" content=\"article\" \/>\n<meta property=\"og:title\" content=\"3DG-4S2-BP\" \/>\n<meta property=\"og:description\" content=\"La serie 3DGFLEX \u00e8 una nuova generazione di transmodulatori, concepita per processare un range di segnali digitali pronti per essere distribuiti in sistemi centralizzati, come complessi residenziali e strutture hospitality. Usando una combinazione di differenti moduli quad \u00e8 possibile realizzare una molteplicit\u00e0 di contenuti (programmi satellite o DTT) e distribuirli in un network coassiale centralizzato. [...]\" \/>\n<meta property=\"og:url\" content=\"https:\/\/fracarro.com\/it\/product\/283163-3dg-4s2-bp\/\" \/>\n<meta property=\"og:site_name\" content=\"Fracarro Radioindustrie SRL\" \/>\n<meta property=\"article:publisher\" content=\"https:\/\/it-it.facebook.com\/fracarro\/\" \/>\n<meta property=\"article:modified_time\" content=\"2025-11-21T13:29:22+00:00\" \/>\n<meta property=\"og:image\" content=\"https:\/\/fracarro.com\/wp-content\/uploads\/onpage\/op_image_96dfc03d57a791d4b930415782d363382e822288.1980x.webp\" \/>\n\t<meta property=\"og:image:width\" content=\"1980\" \/>\n\t<meta property=\"og:image:height\" content=\"1980\" \/>\n\t<meta property=\"og:image:type\" content=\"image\/webp\" \/>\n<meta name=\"twitter:card\" content=\"summary_large_image\" \/>\n<meta name=\"twitter:site\" content=\"@fracarrotweets\" \/>\n<script type=\"application\/ld+json\" class=\"yoast-schema-graph\">{\"@context\":\"https:\/\/schema.org\",\"@graph\":[{\"@type\":\"WebPage\",\"@id\":\"https:\/\/fracarro.com\/it\/product\/283163-3dg-4s2-bp\/\",\"url\":\"https:\/\/fracarro.com\/it\/product\/283163-3dg-4s2-bp\/\",\"name\":\"3DG-4S2-BP - Fracarro Radioindustrie SRL\",\"isPartOf\":{\"@id\":\"https:\/\/fracarro.com\/it\/#website\"},\"primaryImageOfPage\":{\"@id\":\"https:\/\/fracarro.com\/it\/product\/283163-3dg-4s2-bp\/#primaryimage\"},\"image\":{\"@id\":\"https:\/\/fracarro.com\/it\/product\/283163-3dg-4s2-bp\/#primaryimage\"},\"thumbnailUrl\":\"https:\/\/fracarro.com\/wp-content\/uploads\/onpage\/op_image_96dfc03d57a791d4b930415782d363382e822288.1980x.webp\",\"datePublished\":\"2023-06-12T12:53:45+00:00\",\"dateModified\":\"2025-11-21T13:29:22+00:00\",\"breadcrumb\":{\"@id\":\"https:\/\/fracarro.com\/it\/product\/283163-3dg-4s2-bp\/#breadcrumb\"},\"inLanguage\":\"it-IT\",\"potentialAction\":[{\"@type\":\"ReadAction\",\"target\":[\"https:\/\/fracarro.com\/it\/product\/283163-3dg-4s2-bp\/\"]}]},{\"@type\":\"ImageObject\",\"inLanguage\":\"it-IT\",\"@id\":\"https:\/\/fracarro.com\/it\/product\/283163-3dg-4s2-bp\/#primaryimage\",\"url\":\"https:\/\/fracarro.com\/wp-content\/uploads\/onpage\/op_image_96dfc03d57a791d4b930415782d363382e822288.1980x.webp\",\"contentUrl\":\"https:\/\/fracarro.com\/wp-content\/uploads\/onpage\/op_image_96dfc03d57a791d4b930415782d363382e822288.1980x.webp\",\"width\":1980,\"height\":1980},{\"@type\":\"BreadcrumbList\",\"@id\":\"https:\/\/fracarro.com\/it\/product\/283163-3dg-4s2-bp\/#breadcrumb\",\"itemListElement\":[{\"@type\":\"ListItem\",\"position\":1,\"name\":\"Home\",\"item\":\"https:\/\/fracarro.com\/it\/\"},{\"@type\":\"ListItem\",\"position\":2,\"name\":\"Solutions\",\"item\":\"https:\/\/fracarro.com\/it\/solutions\/\"},{\"@type\":\"ListItem\",\"position\":3,\"name\":\"3DG-4S2-BP\"}]},{\"@type\":\"WebSite\",\"@id\":\"https:\/\/fracarro.com\/it\/#website\",\"url\":\"https:\/\/fracarro.com\/it\/\",\"name\":\"Fracarro Radioindustrie SRL\",\"description\":\"\",\"publisher\":{\"@id\":\"https:\/\/fracarro.com\/it\/#organization\"},\"potentialAction\":[{\"@type\":\"SearchAction\",\"target\":{\"@type\":\"EntryPoint\",\"urlTemplate\":\"https:\/\/fracarro.com\/it\/?s={search_term_string}\"},\"query-input\":{\"@type\":\"PropertyValueSpecification\",\"valueRequired\":true,\"valueName\":\"search_term_string\"}}],\"inLanguage\":\"it-IT\"},{\"@type\":\"Organization\",\"@id\":\"https:\/\/fracarro.com\/it\/#organization\",\"name\":\"Fracarro Radioindustrie SRL\",\"url\":\"https:\/\/fracarro.com\/it\/\",\"logo\":{\"@type\":\"ImageObject\",\"inLanguage\":\"it-IT\",\"@id\":\"https:\/\/fracarro.com\/it\/#\/schema\/logo\/image\/\",\"url\":\"https:\/\/fracarro.com\/wp-content\/uploads\/2020\/09\/Fracarro-logo530x67.png\",\"contentUrl\":\"https:\/\/fracarro.com\/wp-content\/uploads\/2020\/09\/Fracarro-logo530x67.png\",\"width\":530,\"height\":67,\"caption\":\"Fracarro Radioindustrie SRL\"},\"image\":{\"@id\":\"https:\/\/fracarro.com\/it\/#\/schema\/logo\/image\/\"},\"sameAs\":[\"https:\/\/it-it.facebook.com\/fracarro\/\",\"https:\/\/x.com\/fracarrotweets\",\"https:\/\/it.linkedin.com\/company\/fracarro-radioindustrie\",\"https:\/\/www.instagram.com\/fracarroradioindustrie\/\",\"https:\/\/www.youtube.com\/user\/FracarroOfficial?feature=watch\"]}]}<\/script>\n<!-- \/ Yoast SEO Premium plugin. -->","yoast_head_json":{"title":"3DG-4S2-BP - Fracarro Radioindustrie SRL","robots":{"index":"index","follow":"follow","max-snippet":"max-snippet:-1","max-image-preview":"max-image-preview:large","max-video-preview":"max-video-preview:-1"},"canonical":"https:\/\/fracarro.com\/it\/product\/283163-3dg-4s2-bp\/","og_locale":"it_IT","og_type":"article","og_title":"3DG-4S2-BP","og_description":"La serie 3DGFLEX \u00e8 una nuova generazione di transmodulatori, concepita per processare un range di segnali digitali pronti per essere distribuiti in sistemi centralizzati, come complessi residenziali e strutture hospitality. Usando una combinazione di differenti moduli quad \u00e8 possibile realizzare una molteplicit\u00e0 di contenuti (programmi satellite o DTT) e distribuirli in un network coassiale centralizzato. [...]","og_url":"https:\/\/fracarro.com\/it\/product\/283163-3dg-4s2-bp\/","og_site_name":"Fracarro Radioindustrie SRL","article_publisher":"https:\/\/it-it.facebook.com\/fracarro\/","article_modified_time":"2025-11-21T13:29:22+00:00","og_image":[{"width":1980,"height":1980,"url":"https:\/\/fracarro.com\/wp-content\/uploads\/onpage\/op_image_96dfc03d57a791d4b930415782d363382e822288.1980x.webp","type":"image\/webp"}],"twitter_card":"summary_large_image","twitter_site":"@fracarrotweets","schema":{"@context":"https:\/\/schema.org","@graph":[{"@type":"WebPage","@id":"https:\/\/fracarro.com\/it\/product\/283163-3dg-4s2-bp\/","url":"https:\/\/fracarro.com\/it\/product\/283163-3dg-4s2-bp\/","name":"3DG-4S2-BP - Fracarro Radioindustrie SRL","isPartOf":{"@id":"https:\/\/fracarro.com\/it\/#website"},"primaryImageOfPage":{"@id":"https:\/\/fracarro.com\/it\/product\/283163-3dg-4s2-bp\/#primaryimage"},"image":{"@id":"https:\/\/fracarro.com\/it\/product\/283163-3dg-4s2-bp\/#primaryimage"},"thumbnailUrl":"https:\/\/fracarro.com\/wp-content\/uploads\/onpage\/op_image_96dfc03d57a791d4b930415782d363382e822288.1980x.webp","datePublished":"2023-06-12T12:53:45+00:00","dateModified":"2025-11-21T13:29:22+00:00","breadcrumb":{"@id":"https:\/\/fracarro.com\/it\/product\/283163-3dg-4s2-bp\/#breadcrumb"},"inLanguage":"it-IT","potentialAction":[{"@type":"ReadAction","target":["https:\/\/fracarro.com\/it\/product\/283163-3dg-4s2-bp\/"]}]},{"@type":"ImageObject","inLanguage":"it-IT","@id":"https:\/\/fracarro.com\/it\/product\/283163-3dg-4s2-bp\/#primaryimage","url":"https:\/\/fracarro.com\/wp-content\/uploads\/onpage\/op_image_96dfc03d57a791d4b930415782d363382e822288.1980x.webp","contentUrl":"https:\/\/fracarro.com\/wp-content\/uploads\/onpage\/op_image_96dfc03d57a791d4b930415782d363382e822288.1980x.webp","width":1980,"height":1980},{"@type":"BreadcrumbList","@id":"https:\/\/fracarro.com\/it\/product\/283163-3dg-4s2-bp\/#breadcrumb","itemListElement":[{"@type":"ListItem","position":1,"name":"Home","item":"https:\/\/fracarro.com\/it\/"},{"@type":"ListItem","position":2,"name":"Solutions","item":"https:\/\/fracarro.com\/it\/solutions\/"},{"@type":"ListItem","position":3,"name":"3DG-4S2-BP"}]},{"@type":"WebSite","@id":"https:\/\/fracarro.com\/it\/#website","url":"https:\/\/fracarro.com\/it\/","name":"Fracarro Radioindustrie SRL","description":"","publisher":{"@id":"https:\/\/fracarro.com\/it\/#organization"},"potentialAction":[{"@type":"SearchAction","target":{"@type":"EntryPoint","urlTemplate":"https:\/\/fracarro.com\/it\/?s={search_term_string}"},"query-input":{"@type":"PropertyValueSpecification","valueRequired":true,"valueName":"search_term_string"}}],"inLanguage":"it-IT"},{"@type":"Organization","@id":"https:\/\/fracarro.com\/it\/#organization","name":"Fracarro Radioindustrie SRL","url":"https:\/\/fracarro.com\/it\/","logo":{"@type":"ImageObject","inLanguage":"it-IT","@id":"https:\/\/fracarro.com\/it\/#\/schema\/logo\/image\/","url":"https:\/\/fracarro.com\/wp-content\/uploads\/2020\/09\/Fracarro-logo530x67.png","contentUrl":"https:\/\/fracarro.com\/wp-content\/uploads\/2020\/09\/Fracarro-logo530x67.png","width":530,"height":67,"caption":"Fracarro Radioindustrie SRL"},"image":{"@id":"https:\/\/fracarro.com\/it\/#\/schema\/logo\/image\/"},"sameAs":["https:\/\/it-it.facebook.com\/fracarro\/","https:\/\/x.com\/fracarrotweets","https:\/\/it.linkedin.com\/company\/fracarro-radioindustrie","https:\/\/www.instagram.com\/fracarroradioindustrie\/","https:\/\/www.youtube.com\/user\/FracarroOfficial?feature=watch"]}]}},"_links":{"self":[{"href":"https:\/\/fracarro.com\/it\/wp-json\/wp\/v2\/product\/180008","targetHints":{"allow":["GET"]}}],"collection":[{"href":"https:\/\/fracarro.com\/it\/wp-json\/wp\/v2\/product"}],"about":[{"href":"https:\/\/fracarro.com\/it\/wp-json\/wp\/v2\/types\/product"}],"wp:featuredmedia":[{"embeddable":true,"href":"https:\/\/fracarro.com\/it\/wp-json\/wp\/v2\/media\/141554"}],"wp:attachment":[{"href":"https:\/\/fracarro.com\/it\/wp-json\/wp\/v2\/media?parent=180008"}],"wp:term":[{"taxonomy":"product_brand","embeddable":true,"href":"https:\/\/fracarro.com\/it\/wp-json\/wp\/v2\/product_brand?post=180008"},{"taxonomy":"product_cat","embeddable":true,"href":"https:\/\/fracarro.com\/it\/wp-json\/wp\/v2\/product_cat?post=180008"},{"taxonomy":"product_tag","embeddable":true,"href":"https:\/\/fracarro.com\/it\/wp-json\/wp\/v2\/product_tag?post=180008"}],"curies":[{"name":"wp","href":"https:\/\/api.w.org\/{rel}","templated":true}]}}