{"id":183068,"date":"2023-06-12T12:55:27","date_gmt":"2023-06-12T12:55:27","guid":{"rendered":""},"modified":"2025-12-03T16:03:10","modified_gmt":"2025-12-03T16:03:10","slug":"910377-defender-24","status":"publish","type":"product","link":"https:\/\/fracarro.com\/it\/product\/910377-defender-24\/","title":{"rendered":"DEFENDER 24"},"content":{"rendered":"<p>Defender 24 \u00e8 una centrale di comando con accessori interamente su bus, telegestibile, per impianti antintrusione a 8 linee espandibili a 24 filari o wireless, liberamente programmabili. La centrale Defender 24 \u00e8 dotata di un fondo posteriore riprogettato completamente dove alloggia il nuovo alimentatore switching da 2,4 Ampere per poter gestire molti moduli su BUS e dispositivi di rilevazione senza l\u2019aggiunta di alimentatori esterni. Il nuovo design permette anche di inserire all\u2019interno del contenitore della centrale due moduli ausiliari come il combinatore telefonico gsm CT-BUS GSM MINI (cod. 910372) e l\u2019interfaccia lan MOD-LAN EVO (cod. 910367) o l\u2019interfaccia filo radio MOD-WL16 (cod. 910413) per creare impianti ibridi di piccole o medie dimensioni senza dover aggiungere contenitori esterni. Defender 24 \u00e8 facile e versatile da programmare attraverso la tastiera T8N ed \u00e8 possibile scegliere tra modalit\u00e0 SEMPLICE (attiva di default) o AVANZATA (menu attivabile da tastiera) per personalizzare maggiormente il sistema; la centrale \u00e8 inoltre configurabile completamente da PC, utilizzando il programma gratuito PROGRAMMER SICUREZZA e l\u2019interfaccia MOD-USB (cod. 910311). Gestione della centrale con moduli opzionali La gestione in locale della centrale pu\u00f2 avvenire tramite tastiera alfanumerica con display lcd T8N (cod. 910306) e tramite chiavi elettroniche con tecnologia RFID (CH-BUS UNI KIT cod. 911034); la telegestione da remoto, invece, \u00e8 possibile tramite chiamata vocale e sms con l\u2019aggiunta del combinatore gsm CT-BUS GSM MINI (cod. 910372) e tramite l\u2019APP gratuita iDefender+ installando il MOD-LAN EVO (cod. 910367).<\/p>\n","protected":false},"excerpt":{"rendered":"<p>Defender 24 \u00e8 una centrale di comando con accessori interamente su bus, telegestibile, per impianti antintrusione a 8 linee espandibili a 24 filari o wireless, liberamente programmabili. La centrale Defender 24 \u00e8 dotata di un fondo posteriore riprogettato completamente dove alloggia il nuovo alimentatore switching da 2,4 Ampere per poter gestire molti moduli su BUS  [&#8230;]<\/p>\n","protected":false},"featured_media":140754,"template":"","meta":[],"product_brand":[],"product_cat":[53056],"product_tag":[],"class_list":{"0":"post-183068","1":"product","2":"type-product","3":"status-publish","4":"has-post-thumbnail","6":"product_cat-centrali-filari","8":"first","9":"instock","10":"shipping-taxable","11":"product-type-simple"},"yoast_head":"<!-- This site is optimized with the Yoast SEO Premium plugin v26.5 (Yoast SEO v26.7) - https:\/\/yoast.com\/wordpress\/plugins\/seo\/ -->\n<title>DEFENDER 24 - Fracarro Radioindustrie SRL<\/title>\n<meta name=\"robots\" content=\"index, follow, max-snippet:-1, max-image-preview:large, max-video-preview:-1\" \/>\n<link rel=\"canonical\" href=\"https:\/\/fracarro.com\/it\/product\/910377-defender-24\/\" \/>\n<meta property=\"og:locale\" content=\"it_IT\" \/>\n<meta property=\"og:type\" content=\"article\" \/>\n<meta property=\"og:title\" content=\"DEFENDER 24\" \/>\n<meta property=\"og:description\" content=\"Defender 24 \u00e8 una centrale di comando con accessori interamente su bus, telegestibile, per impianti antintrusione a 8 linee espandibili a 24 filari o wireless, liberamente programmabili. La centrale Defender 24 \u00e8 dotata di un fondo posteriore riprogettato completamente dove alloggia il nuovo alimentatore switching da 2,4 Ampere per poter gestire molti moduli su BUS [...]\" \/>\n<meta property=\"og:url\" content=\"https:\/\/fracarro.com\/it\/product\/910377-defender-24\/\" \/>\n<meta property=\"og:site_name\" content=\"Fracarro Radioindustrie SRL\" \/>\n<meta property=\"article:publisher\" content=\"https:\/\/it-it.facebook.com\/fracarro\/\" \/>\n<meta property=\"article:modified_time\" content=\"2025-12-03T16:03:10+00:00\" \/>\n<meta property=\"og:image\" content=\"https:\/\/fracarro.com\/wp-content\/uploads\/onpage\/op_image_5e66b395d0b7ac3d000933392bec0e23a0d4a3d7.1980x.webp\" \/>\n\t<meta property=\"og:image:width\" content=\"1980\" \/>\n\t<meta property=\"og:image:height\" content=\"1980\" \/>\n\t<meta property=\"og:image:type\" content=\"image\/webp\" \/>\n<meta name=\"twitter:card\" content=\"summary_large_image\" \/>\n<meta name=\"twitter:site\" content=\"@fracarrotweets\" \/>\n<meta name=\"twitter:label1\" content=\"Tempo di lettura stimato\" \/>\n\t<meta name=\"twitter:data1\" content=\"1 minuto\" \/>\n<script type=\"application\/ld+json\" class=\"yoast-schema-graph\">{\"@context\":\"https:\/\/schema.org\",\"@graph\":[{\"@type\":\"WebPage\",\"@id\":\"https:\/\/fracarro.com\/it\/product\/910377-defender-24\/\",\"url\":\"https:\/\/fracarro.com\/it\/product\/910377-defender-24\/\",\"name\":\"DEFENDER 24 - Fracarro Radioindustrie SRL\",\"isPartOf\":{\"@id\":\"https:\/\/fracarro.com\/it\/#website\"},\"primaryImageOfPage\":{\"@id\":\"https:\/\/fracarro.com\/it\/product\/910377-defender-24\/#primaryimage\"},\"image\":{\"@id\":\"https:\/\/fracarro.com\/it\/product\/910377-defender-24\/#primaryimage\"},\"thumbnailUrl\":\"https:\/\/fracarro.com\/wp-content\/uploads\/onpage\/op_image_5e66b395d0b7ac3d000933392bec0e23a0d4a3d7.1980x.webp\",\"datePublished\":\"2023-06-12T12:55:27+00:00\",\"dateModified\":\"2025-12-03T16:03:10+00:00\",\"breadcrumb\":{\"@id\":\"https:\/\/fracarro.com\/it\/product\/910377-defender-24\/#breadcrumb\"},\"inLanguage\":\"it-IT\",\"potentialAction\":[{\"@type\":\"ReadAction\",\"target\":[\"https:\/\/fracarro.com\/it\/product\/910377-defender-24\/\"]}]},{\"@type\":\"ImageObject\",\"inLanguage\":\"it-IT\",\"@id\":\"https:\/\/fracarro.com\/it\/product\/910377-defender-24\/#primaryimage\",\"url\":\"https:\/\/fracarro.com\/wp-content\/uploads\/onpage\/op_image_5e66b395d0b7ac3d000933392bec0e23a0d4a3d7.1980x.webp\",\"contentUrl\":\"https:\/\/fracarro.com\/wp-content\/uploads\/onpage\/op_image_5e66b395d0b7ac3d000933392bec0e23a0d4a3d7.1980x.webp\",\"width\":1980,\"height\":1980},{\"@type\":\"BreadcrumbList\",\"@id\":\"https:\/\/fracarro.com\/it\/product\/910377-defender-24\/#breadcrumb\",\"itemListElement\":[{\"@type\":\"ListItem\",\"position\":1,\"name\":\"Home\",\"item\":\"https:\/\/fracarro.com\/it\/\"},{\"@type\":\"ListItem\",\"position\":2,\"name\":\"Solutions\",\"item\":\"https:\/\/fracarro.com\/it\/solutions\/\"},{\"@type\":\"ListItem\",\"position\":3,\"name\":\"DEFENDER 24\"}]},{\"@type\":\"WebSite\",\"@id\":\"https:\/\/fracarro.com\/it\/#website\",\"url\":\"https:\/\/fracarro.com\/it\/\",\"name\":\"Fracarro Radioindustrie SRL\",\"description\":\"\",\"publisher\":{\"@id\":\"https:\/\/fracarro.com\/it\/#organization\"},\"potentialAction\":[{\"@type\":\"SearchAction\",\"target\":{\"@type\":\"EntryPoint\",\"urlTemplate\":\"https:\/\/fracarro.com\/it\/?s={search_term_string}\"},\"query-input\":{\"@type\":\"PropertyValueSpecification\",\"valueRequired\":true,\"valueName\":\"search_term_string\"}}],\"inLanguage\":\"it-IT\"},{\"@type\":\"Organization\",\"@id\":\"https:\/\/fracarro.com\/it\/#organization\",\"name\":\"Fracarro Radioindustrie SRL\",\"url\":\"https:\/\/fracarro.com\/it\/\",\"logo\":{\"@type\":\"ImageObject\",\"inLanguage\":\"it-IT\",\"@id\":\"https:\/\/fracarro.com\/it\/#\/schema\/logo\/image\/\",\"url\":\"https:\/\/fracarro.com\/wp-content\/uploads\/2020\/09\/Fracarro-logo530x67.png\",\"contentUrl\":\"https:\/\/fracarro.com\/wp-content\/uploads\/2020\/09\/Fracarro-logo530x67.png\",\"width\":530,\"height\":67,\"caption\":\"Fracarro Radioindustrie SRL\"},\"image\":{\"@id\":\"https:\/\/fracarro.com\/it\/#\/schema\/logo\/image\/\"},\"sameAs\":[\"https:\/\/it-it.facebook.com\/fracarro\/\",\"https:\/\/x.com\/fracarrotweets\",\"https:\/\/it.linkedin.com\/company\/fracarro-radioindustrie\",\"https:\/\/www.instagram.com\/fracarroradioindustrie\/\",\"https:\/\/www.youtube.com\/user\/FracarroOfficial?feature=watch\"]}]}<\/script>\n<!-- \/ Yoast SEO Premium plugin. -->","yoast_head_json":{"title":"DEFENDER 24 - Fracarro Radioindustrie SRL","robots":{"index":"index","follow":"follow","max-snippet":"max-snippet:-1","max-image-preview":"max-image-preview:large","max-video-preview":"max-video-preview:-1"},"canonical":"https:\/\/fracarro.com\/it\/product\/910377-defender-24\/","og_locale":"it_IT","og_type":"article","og_title":"DEFENDER 24","og_description":"Defender 24 \u00e8 una centrale di comando con accessori interamente su bus, telegestibile, per impianti antintrusione a 8 linee espandibili a 24 filari o wireless, liberamente programmabili. La centrale Defender 24 \u00e8 dotata di un fondo posteriore riprogettato completamente dove alloggia il nuovo alimentatore switching da 2,4 Ampere per poter gestire molti moduli su BUS [...]","og_url":"https:\/\/fracarro.com\/it\/product\/910377-defender-24\/","og_site_name":"Fracarro Radioindustrie SRL","article_publisher":"https:\/\/it-it.facebook.com\/fracarro\/","article_modified_time":"2025-12-03T16:03:10+00:00","og_image":[{"width":1980,"height":1980,"url":"https:\/\/fracarro.com\/wp-content\/uploads\/onpage\/op_image_5e66b395d0b7ac3d000933392bec0e23a0d4a3d7.1980x.webp","type":"image\/webp"}],"twitter_card":"summary_large_image","twitter_site":"@fracarrotweets","twitter_misc":{"Tempo di lettura stimato":"1 minuto"},"schema":{"@context":"https:\/\/schema.org","@graph":[{"@type":"WebPage","@id":"https:\/\/fracarro.com\/it\/product\/910377-defender-24\/","url":"https:\/\/fracarro.com\/it\/product\/910377-defender-24\/","name":"DEFENDER 24 - Fracarro Radioindustrie SRL","isPartOf":{"@id":"https:\/\/fracarro.com\/it\/#website"},"primaryImageOfPage":{"@id":"https:\/\/fracarro.com\/it\/product\/910377-defender-24\/#primaryimage"},"image":{"@id":"https:\/\/fracarro.com\/it\/product\/910377-defender-24\/#primaryimage"},"thumbnailUrl":"https:\/\/fracarro.com\/wp-content\/uploads\/onpage\/op_image_5e66b395d0b7ac3d000933392bec0e23a0d4a3d7.1980x.webp","datePublished":"2023-06-12T12:55:27+00:00","dateModified":"2025-12-03T16:03:10+00:00","breadcrumb":{"@id":"https:\/\/fracarro.com\/it\/product\/910377-defender-24\/#breadcrumb"},"inLanguage":"it-IT","potentialAction":[{"@type":"ReadAction","target":["https:\/\/fracarro.com\/it\/product\/910377-defender-24\/"]}]},{"@type":"ImageObject","inLanguage":"it-IT","@id":"https:\/\/fracarro.com\/it\/product\/910377-defender-24\/#primaryimage","url":"https:\/\/fracarro.com\/wp-content\/uploads\/onpage\/op_image_5e66b395d0b7ac3d000933392bec0e23a0d4a3d7.1980x.webp","contentUrl":"https:\/\/fracarro.com\/wp-content\/uploads\/onpage\/op_image_5e66b395d0b7ac3d000933392bec0e23a0d4a3d7.1980x.webp","width":1980,"height":1980},{"@type":"BreadcrumbList","@id":"https:\/\/fracarro.com\/it\/product\/910377-defender-24\/#breadcrumb","itemListElement":[{"@type":"ListItem","position":1,"name":"Home","item":"https:\/\/fracarro.com\/it\/"},{"@type":"ListItem","position":2,"name":"Solutions","item":"https:\/\/fracarro.com\/it\/solutions\/"},{"@type":"ListItem","position":3,"name":"DEFENDER 24"}]},{"@type":"WebSite","@id":"https:\/\/fracarro.com\/it\/#website","url":"https:\/\/fracarro.com\/it\/","name":"Fracarro Radioindustrie SRL","description":"","publisher":{"@id":"https:\/\/fracarro.com\/it\/#organization"},"potentialAction":[{"@type":"SearchAction","target":{"@type":"EntryPoint","urlTemplate":"https:\/\/fracarro.com\/it\/?s={search_term_string}"},"query-input":{"@type":"PropertyValueSpecification","valueRequired":true,"valueName":"search_term_string"}}],"inLanguage":"it-IT"},{"@type":"Organization","@id":"https:\/\/fracarro.com\/it\/#organization","name":"Fracarro Radioindustrie SRL","url":"https:\/\/fracarro.com\/it\/","logo":{"@type":"ImageObject","inLanguage":"it-IT","@id":"https:\/\/fracarro.com\/it\/#\/schema\/logo\/image\/","url":"https:\/\/fracarro.com\/wp-content\/uploads\/2020\/09\/Fracarro-logo530x67.png","contentUrl":"https:\/\/fracarro.com\/wp-content\/uploads\/2020\/09\/Fracarro-logo530x67.png","width":530,"height":67,"caption":"Fracarro Radioindustrie SRL"},"image":{"@id":"https:\/\/fracarro.com\/it\/#\/schema\/logo\/image\/"},"sameAs":["https:\/\/it-it.facebook.com\/fracarro\/","https:\/\/x.com\/fracarrotweets","https:\/\/it.linkedin.com\/company\/fracarro-radioindustrie","https:\/\/www.instagram.com\/fracarroradioindustrie\/","https:\/\/www.youtube.com\/user\/FracarroOfficial?feature=watch"]}]}},"_links":{"self":[{"href":"https:\/\/fracarro.com\/it\/wp-json\/wp\/v2\/product\/183068","targetHints":{"allow":["GET"]}}],"collection":[{"href":"https:\/\/fracarro.com\/it\/wp-json\/wp\/v2\/product"}],"about":[{"href":"https:\/\/fracarro.com\/it\/wp-json\/wp\/v2\/types\/product"}],"wp:featuredmedia":[{"embeddable":true,"href":"https:\/\/fracarro.com\/it\/wp-json\/wp\/v2\/media\/140754"}],"wp:attachment":[{"href":"https:\/\/fracarro.com\/it\/wp-json\/wp\/v2\/media?parent=183068"}],"wp:term":[{"taxonomy":"product_brand","embeddable":true,"href":"https:\/\/fracarro.com\/it\/wp-json\/wp\/v2\/product_brand?post=183068"},{"taxonomy":"product_cat","embeddable":true,"href":"https:\/\/fracarro.com\/it\/wp-json\/wp\/v2\/product_cat?post=183068"},{"taxonomy":"product_tag","embeddable":true,"href":"https:\/\/fracarro.com\/it\/wp-json\/wp\/v2\/product_tag?post=183068"}],"curies":[{"name":"wp","href":"https:\/\/api.w.org\/{rel}","templated":true}]}}