{"id":183363,"date":"2023-06-12T12:55:41","date_gmt":"2023-06-12T12:55:41","guid":{"rendered":""},"modified":"2025-12-03T16:03:10","modified_gmt":"2025-12-03T16:03:10","slug":"910300-al12-bus","status":"publish","type":"product","link":"https:\/\/fracarro.com\/it\/product\/910300-al12-bus\/","title":{"rendered":"AL12-BUS"},"content":{"rendered":"<p>L\u2019alimentatore AL12-BUS \u00e8 idoneo all\u2019impiego con tutti i tipi di apparecchiature, elettriche od elettroniche, dove sia necessaria una fonte di alimentazione, in corrente continua, esterna alle stesse oppure in quei casi in cui il collegamento BUS della centrale non riesca ad alimentare correttamente tutti i moduli ad esso collegati. Il dispositivo pu\u00f2 alloggiare al suo interno una batteria tampone da 1,2Ah (non inclusa) ed \u00e8 in grado di erogare una corrente massima di 1A che pu\u00f2 essere utilizzata per alimentare moduli di espansione della centrale d\u2019allarme o rivelatori attivi purch\u00e9 siano rispettati i limiti indicati nelle caratteristiche tecniche.<\/p>\n","protected":false},"excerpt":{"rendered":"<p>L\u2019alimentatore AL12-BUS \u00e8 idoneo all\u2019impiego con tutti i tipi di apparecchiature, elettriche od elettroniche, dove sia necessaria una fonte di alimentazione, in corrente continua, esterna alle stesse oppure in quei casi in cui il collegamento BUS della centrale non riesca ad alimentare correttamente tutti i moduli ad esso collegati. Il dispositivo pu\u00f2 alloggiare al suo  [&#8230;]<\/p>\n","protected":false},"featured_media":140652,"template":"","meta":[],"product_brand":[],"product_cat":[53368],"product_tag":[],"class_list":{"0":"post-183363","1":"product","2":"type-product","3":"status-publish","4":"has-post-thumbnail","6":"product_cat-alimentatori-alimentatori","8":"first","9":"instock","10":"shipping-taxable","11":"product-type-simple"},"yoast_head":"<!-- This site is optimized with the Yoast SEO Premium plugin v26.5 (Yoast SEO v26.7) - https:\/\/yoast.com\/wordpress\/plugins\/seo\/ -->\n<title>AL12-BUS - Fracarro Radioindustrie SRL<\/title>\n<meta name=\"robots\" content=\"index, follow, max-snippet:-1, max-image-preview:large, max-video-preview:-1\" \/>\n<link rel=\"canonical\" href=\"https:\/\/fracarro.com\/it\/product\/910300-al12-bus\/\" \/>\n<meta property=\"og:locale\" content=\"it_IT\" \/>\n<meta property=\"og:type\" content=\"article\" \/>\n<meta property=\"og:title\" content=\"AL12-BUS\" \/>\n<meta property=\"og:description\" content=\"L\u2019alimentatore AL12-BUS \u00e8 idoneo all\u2019impiego con tutti i tipi di apparecchiature, elettriche od elettroniche, dove sia necessaria una fonte di alimentazione, in corrente continua, esterna alle stesse oppure in quei casi in cui il collegamento BUS della centrale non riesca ad alimentare correttamente tutti i moduli ad esso collegati. Il dispositivo pu\u00f2 alloggiare al suo [...]\" \/>\n<meta property=\"og:url\" content=\"https:\/\/fracarro.com\/it\/product\/910300-al12-bus\/\" \/>\n<meta property=\"og:site_name\" content=\"Fracarro Radioindustrie SRL\" \/>\n<meta property=\"article:publisher\" content=\"https:\/\/it-it.facebook.com\/fracarro\/\" \/>\n<meta property=\"article:modified_time\" content=\"2025-12-03T16:03:10+00:00\" \/>\n<meta property=\"og:image\" content=\"https:\/\/fracarro.com\/wp-content\/uploads\/onpage\/op_image_3157400feb5579ee99cd7158d15241a87c0ef306.1980x.webp\" \/>\n\t<meta property=\"og:image:width\" content=\"1980\" \/>\n\t<meta property=\"og:image:height\" content=\"1980\" \/>\n\t<meta property=\"og:image:type\" content=\"image\/webp\" \/>\n<meta name=\"twitter:card\" content=\"summary_large_image\" \/>\n<meta name=\"twitter:site\" content=\"@fracarrotweets\" \/>\n<meta name=\"twitter:label1\" content=\"Tempo di lettura stimato\" \/>\n\t<meta name=\"twitter:data1\" content=\"1 minuto\" \/>\n<script type=\"application\/ld+json\" class=\"yoast-schema-graph\">{\"@context\":\"https:\/\/schema.org\",\"@graph\":[{\"@type\":\"WebPage\",\"@id\":\"https:\/\/fracarro.com\/it\/product\/910300-al12-bus\/\",\"url\":\"https:\/\/fracarro.com\/it\/product\/910300-al12-bus\/\",\"name\":\"AL12-BUS - Fracarro Radioindustrie SRL\",\"isPartOf\":{\"@id\":\"https:\/\/fracarro.com\/it\/#website\"},\"primaryImageOfPage\":{\"@id\":\"https:\/\/fracarro.com\/it\/product\/910300-al12-bus\/#primaryimage\"},\"image\":{\"@id\":\"https:\/\/fracarro.com\/it\/product\/910300-al12-bus\/#primaryimage\"},\"thumbnailUrl\":\"https:\/\/fracarro.com\/wp-content\/uploads\/onpage\/op_image_3157400feb5579ee99cd7158d15241a87c0ef306.1980x.webp\",\"datePublished\":\"2023-06-12T12:55:41+00:00\",\"dateModified\":\"2025-12-03T16:03:10+00:00\",\"breadcrumb\":{\"@id\":\"https:\/\/fracarro.com\/it\/product\/910300-al12-bus\/#breadcrumb\"},\"inLanguage\":\"it-IT\",\"potentialAction\":[{\"@type\":\"ReadAction\",\"target\":[\"https:\/\/fracarro.com\/it\/product\/910300-al12-bus\/\"]}]},{\"@type\":\"ImageObject\",\"inLanguage\":\"it-IT\",\"@id\":\"https:\/\/fracarro.com\/it\/product\/910300-al12-bus\/#primaryimage\",\"url\":\"https:\/\/fracarro.com\/wp-content\/uploads\/onpage\/op_image_3157400feb5579ee99cd7158d15241a87c0ef306.1980x.webp\",\"contentUrl\":\"https:\/\/fracarro.com\/wp-content\/uploads\/onpage\/op_image_3157400feb5579ee99cd7158d15241a87c0ef306.1980x.webp\",\"width\":1980,\"height\":1980},{\"@type\":\"BreadcrumbList\",\"@id\":\"https:\/\/fracarro.com\/it\/product\/910300-al12-bus\/#breadcrumb\",\"itemListElement\":[{\"@type\":\"ListItem\",\"position\":1,\"name\":\"Home\",\"item\":\"https:\/\/fracarro.com\/it\/\"},{\"@type\":\"ListItem\",\"position\":2,\"name\":\"Solutions\",\"item\":\"https:\/\/fracarro.com\/it\/solutions\/\"},{\"@type\":\"ListItem\",\"position\":3,\"name\":\"AL12-BUS\"}]},{\"@type\":\"WebSite\",\"@id\":\"https:\/\/fracarro.com\/it\/#website\",\"url\":\"https:\/\/fracarro.com\/it\/\",\"name\":\"Fracarro Radioindustrie SRL\",\"description\":\"\",\"publisher\":{\"@id\":\"https:\/\/fracarro.com\/it\/#organization\"},\"potentialAction\":[{\"@type\":\"SearchAction\",\"target\":{\"@type\":\"EntryPoint\",\"urlTemplate\":\"https:\/\/fracarro.com\/it\/?s={search_term_string}\"},\"query-input\":{\"@type\":\"PropertyValueSpecification\",\"valueRequired\":true,\"valueName\":\"search_term_string\"}}],\"inLanguage\":\"it-IT\"},{\"@type\":\"Organization\",\"@id\":\"https:\/\/fracarro.com\/it\/#organization\",\"name\":\"Fracarro Radioindustrie SRL\",\"url\":\"https:\/\/fracarro.com\/it\/\",\"logo\":{\"@type\":\"ImageObject\",\"inLanguage\":\"it-IT\",\"@id\":\"https:\/\/fracarro.com\/it\/#\/schema\/logo\/image\/\",\"url\":\"https:\/\/fracarro.com\/wp-content\/uploads\/2020\/09\/Fracarro-logo530x67.png\",\"contentUrl\":\"https:\/\/fracarro.com\/wp-content\/uploads\/2020\/09\/Fracarro-logo530x67.png\",\"width\":530,\"height\":67,\"caption\":\"Fracarro Radioindustrie SRL\"},\"image\":{\"@id\":\"https:\/\/fracarro.com\/it\/#\/schema\/logo\/image\/\"},\"sameAs\":[\"https:\/\/it-it.facebook.com\/fracarro\/\",\"https:\/\/x.com\/fracarrotweets\",\"https:\/\/it.linkedin.com\/company\/fracarro-radioindustrie\",\"https:\/\/www.instagram.com\/fracarroradioindustrie\/\",\"https:\/\/www.youtube.com\/user\/FracarroOfficial?feature=watch\"]}]}<\/script>\n<!-- \/ Yoast SEO Premium plugin. -->","yoast_head_json":{"title":"AL12-BUS - Fracarro Radioindustrie SRL","robots":{"index":"index","follow":"follow","max-snippet":"max-snippet:-1","max-image-preview":"max-image-preview:large","max-video-preview":"max-video-preview:-1"},"canonical":"https:\/\/fracarro.com\/it\/product\/910300-al12-bus\/","og_locale":"it_IT","og_type":"article","og_title":"AL12-BUS","og_description":"L\u2019alimentatore AL12-BUS \u00e8 idoneo all\u2019impiego con tutti i tipi di apparecchiature, elettriche od elettroniche, dove sia necessaria una fonte di alimentazione, in corrente continua, esterna alle stesse oppure in quei casi in cui il collegamento BUS della centrale non riesca ad alimentare correttamente tutti i moduli ad esso collegati. Il dispositivo pu\u00f2 alloggiare al suo [...]","og_url":"https:\/\/fracarro.com\/it\/product\/910300-al12-bus\/","og_site_name":"Fracarro Radioindustrie SRL","article_publisher":"https:\/\/it-it.facebook.com\/fracarro\/","article_modified_time":"2025-12-03T16:03:10+00:00","og_image":[{"width":1980,"height":1980,"url":"https:\/\/fracarro.com\/wp-content\/uploads\/onpage\/op_image_3157400feb5579ee99cd7158d15241a87c0ef306.1980x.webp","type":"image\/webp"}],"twitter_card":"summary_large_image","twitter_site":"@fracarrotweets","twitter_misc":{"Tempo di lettura stimato":"1 minuto"},"schema":{"@context":"https:\/\/schema.org","@graph":[{"@type":"WebPage","@id":"https:\/\/fracarro.com\/it\/product\/910300-al12-bus\/","url":"https:\/\/fracarro.com\/it\/product\/910300-al12-bus\/","name":"AL12-BUS - Fracarro Radioindustrie SRL","isPartOf":{"@id":"https:\/\/fracarro.com\/it\/#website"},"primaryImageOfPage":{"@id":"https:\/\/fracarro.com\/it\/product\/910300-al12-bus\/#primaryimage"},"image":{"@id":"https:\/\/fracarro.com\/it\/product\/910300-al12-bus\/#primaryimage"},"thumbnailUrl":"https:\/\/fracarro.com\/wp-content\/uploads\/onpage\/op_image_3157400feb5579ee99cd7158d15241a87c0ef306.1980x.webp","datePublished":"2023-06-12T12:55:41+00:00","dateModified":"2025-12-03T16:03:10+00:00","breadcrumb":{"@id":"https:\/\/fracarro.com\/it\/product\/910300-al12-bus\/#breadcrumb"},"inLanguage":"it-IT","potentialAction":[{"@type":"ReadAction","target":["https:\/\/fracarro.com\/it\/product\/910300-al12-bus\/"]}]},{"@type":"ImageObject","inLanguage":"it-IT","@id":"https:\/\/fracarro.com\/it\/product\/910300-al12-bus\/#primaryimage","url":"https:\/\/fracarro.com\/wp-content\/uploads\/onpage\/op_image_3157400feb5579ee99cd7158d15241a87c0ef306.1980x.webp","contentUrl":"https:\/\/fracarro.com\/wp-content\/uploads\/onpage\/op_image_3157400feb5579ee99cd7158d15241a87c0ef306.1980x.webp","width":1980,"height":1980},{"@type":"BreadcrumbList","@id":"https:\/\/fracarro.com\/it\/product\/910300-al12-bus\/#breadcrumb","itemListElement":[{"@type":"ListItem","position":1,"name":"Home","item":"https:\/\/fracarro.com\/it\/"},{"@type":"ListItem","position":2,"name":"Solutions","item":"https:\/\/fracarro.com\/it\/solutions\/"},{"@type":"ListItem","position":3,"name":"AL12-BUS"}]},{"@type":"WebSite","@id":"https:\/\/fracarro.com\/it\/#website","url":"https:\/\/fracarro.com\/it\/","name":"Fracarro Radioindustrie SRL","description":"","publisher":{"@id":"https:\/\/fracarro.com\/it\/#organization"},"potentialAction":[{"@type":"SearchAction","target":{"@type":"EntryPoint","urlTemplate":"https:\/\/fracarro.com\/it\/?s={search_term_string}"},"query-input":{"@type":"PropertyValueSpecification","valueRequired":true,"valueName":"search_term_string"}}],"inLanguage":"it-IT"},{"@type":"Organization","@id":"https:\/\/fracarro.com\/it\/#organization","name":"Fracarro Radioindustrie SRL","url":"https:\/\/fracarro.com\/it\/","logo":{"@type":"ImageObject","inLanguage":"it-IT","@id":"https:\/\/fracarro.com\/it\/#\/schema\/logo\/image\/","url":"https:\/\/fracarro.com\/wp-content\/uploads\/2020\/09\/Fracarro-logo530x67.png","contentUrl":"https:\/\/fracarro.com\/wp-content\/uploads\/2020\/09\/Fracarro-logo530x67.png","width":530,"height":67,"caption":"Fracarro Radioindustrie SRL"},"image":{"@id":"https:\/\/fracarro.com\/it\/#\/schema\/logo\/image\/"},"sameAs":["https:\/\/it-it.facebook.com\/fracarro\/","https:\/\/x.com\/fracarrotweets","https:\/\/it.linkedin.com\/company\/fracarro-radioindustrie","https:\/\/www.instagram.com\/fracarroradioindustrie\/","https:\/\/www.youtube.com\/user\/FracarroOfficial?feature=watch"]}]}},"_links":{"self":[{"href":"https:\/\/fracarro.com\/it\/wp-json\/wp\/v2\/product\/183363","targetHints":{"allow":["GET"]}}],"collection":[{"href":"https:\/\/fracarro.com\/it\/wp-json\/wp\/v2\/product"}],"about":[{"href":"https:\/\/fracarro.com\/it\/wp-json\/wp\/v2\/types\/product"}],"wp:featuredmedia":[{"embeddable":true,"href":"https:\/\/fracarro.com\/it\/wp-json\/wp\/v2\/media\/140652"}],"wp:attachment":[{"href":"https:\/\/fracarro.com\/it\/wp-json\/wp\/v2\/media?parent=183363"}],"wp:term":[{"taxonomy":"product_brand","embeddable":true,"href":"https:\/\/fracarro.com\/it\/wp-json\/wp\/v2\/product_brand?post=183363"},{"taxonomy":"product_cat","embeddable":true,"href":"https:\/\/fracarro.com\/it\/wp-json\/wp\/v2\/product_cat?post=183363"},{"taxonomy":"product_tag","embeddable":true,"href":"https:\/\/fracarro.com\/it\/wp-json\/wp\/v2\/product_tag?post=183363"}],"curies":[{"name":"wp","href":"https:\/\/api.w.org\/{rel}","templated":true}]}}