{"id":187673,"date":"2024-12-20T13:25:08","date_gmt":"2024-12-20T13:25:08","guid":{"rendered":""},"modified":"2025-12-03T16:03:10","modified_gmt":"2025-12-03T16:03:10","slug":"287817-gx-box-dp-sfp","status":"publish","type":"product","link":"https:\/\/fracarro.com\/it\/product\/287817-gx-box-dp-sfp\/","title":{"rendered":"GX-BOX-DP-SFP"},"content":{"rendered":"<p><strong>GALAXIA \u00e8 la soluzione modulare e ad alta densit\u00e0 di Fracarro<\/strong>, ideale per applicazioni professionali. La soluzione \u00e8 nativa IP ed \u00e8 in grado di soddisfare tutte le richieste relative alla distribuzione di contenuti audio e video.<\/p>\n<p>La centrale GALAXIA \u00e8 dotata di<strong> 6 slot <\/strong>in cui \u00e8 possibile installare e miscelare moduli di vario tipo, ad esempio gli encoder (ad es. la <strong>scheda multi-ingressi HDMI<\/strong>), i ricevitori <strong>DVB-C, DVB-S2X\/S2 o DVB-T2\/T<\/strong> e le schede multi-modulatori DVB-T o DVB-C. La piattaforma digitale GALAXIA \u00e8 una soluzione completa e adatta a soddisfare tutte le principali esigenze di trasmissione video di ricezione del segnale, decodifica, codifica, multiplexing, modulazione coassiale e IPTV (unicast e multicast SPTS\/MPTS).<\/p>\n<p>La soluzione GALAXIA \u00e8 la scelta perfetta e adatta per il settore dell\u2019ospitalit\u00e0 (<strong>hotel, villaggi, campeggi, resort<\/strong>) dell\u2019educational (scuole, campus universitari), della sanit\u00e0 (ospedali, case di cura), carceri, navi, edifici istituzionali e in generale tutte le strutture multiutenza.<\/p>\n<p>La centrale <strong>GALAXIA <\/strong>inoltre \u00e8 la soluzione adatta per gestire i contenuti IPTV e distribuirli sulla rete IP tramite le <strong>soluzioni GPON FRACARRO.<\/strong><\/p>\n","protected":false},"excerpt":{"rendered":"<p>GALAXIA \u00e8 la soluzione modulare e ad alta densit\u00e0 di Fracarro, ideale per applicazioni professionali. La soluzione \u00e8 nativa IP ed \u00e8 in grado di soddisfare tutte le richieste relative alla distribuzione di contenuti audio e video. La centrale GALAXIA \u00e8 dotata di 6 slot in cui \u00e8 possibile installare e miscelare moduli di vario  [&#8230;]<\/p>\n","protected":false},"featured_media":187744,"template":"","meta":[],"product_brand":[],"product_cat":[53384],"product_tag":[],"class_list":{"0":"post-187673","1":"product","2":"type-product","3":"status-publish","4":"has-post-thumbnail","6":"product_cat-ser-chassis-galaxia","8":"first","9":"instock","10":"shipping-taxable","11":"product-type-simple"},"yoast_head":"<!-- This site is optimized with the Yoast SEO Premium plugin v26.5 (Yoast SEO v26.7) - https:\/\/yoast.com\/wordpress\/plugins\/seo\/ -->\n<title>GX-BOX-DP-SFP - Fracarro Radioindustrie SRL<\/title>\n<meta name=\"robots\" content=\"index, follow, max-snippet:-1, max-image-preview:large, max-video-preview:-1\" \/>\n<link rel=\"canonical\" href=\"https:\/\/fracarro.com\/it\/product\/287817-gx-box-dp-sfp\/\" \/>\n<meta property=\"og:locale\" content=\"it_IT\" \/>\n<meta property=\"og:type\" content=\"article\" \/>\n<meta property=\"og:title\" content=\"GX-BOX-DP-SFP\" \/>\n<meta property=\"og:description\" content=\"GALAXIA \u00e8 la soluzione modulare e ad alta densit\u00e0 di Fracarro, ideale per applicazioni professionali. La soluzione \u00e8 nativa IP ed \u00e8 in grado di soddisfare tutte le richieste relative alla distribuzione di contenuti audio e video. La centrale GALAXIA \u00e8 dotata di 6 slot in cui \u00e8 possibile installare e miscelare moduli di vario [...]\" \/>\n<meta property=\"og:url\" content=\"https:\/\/fracarro.com\/it\/product\/287817-gx-box-dp-sfp\/\" \/>\n<meta property=\"og:site_name\" content=\"Fracarro Radioindustrie SRL\" \/>\n<meta property=\"article:publisher\" content=\"https:\/\/it-it.facebook.com\/fracarro\/\" \/>\n<meta property=\"article:modified_time\" content=\"2025-12-03T16:03:10+00:00\" \/>\n<meta property=\"og:image\" content=\"https:\/\/fracarro.com\/wp-content\/uploads\/onpage\/op_image_84103a471cf8aae4c386fab559a776702c2daa16.1980x.webp\" \/>\n\t<meta property=\"og:image:width\" content=\"1980\" \/>\n\t<meta property=\"og:image:height\" content=\"1980\" \/>\n\t<meta property=\"og:image:type\" content=\"image\/webp\" \/>\n<meta name=\"twitter:card\" content=\"summary_large_image\" \/>\n<meta name=\"twitter:site\" content=\"@fracarrotweets\" \/>\n<meta name=\"twitter:label1\" content=\"Tempo di lettura stimato\" \/>\n\t<meta name=\"twitter:data1\" content=\"1 minuto\" \/>\n<script type=\"application\/ld+json\" class=\"yoast-schema-graph\">{\"@context\":\"https:\/\/schema.org\",\"@graph\":[{\"@type\":\"WebPage\",\"@id\":\"https:\/\/fracarro.com\/it\/product\/287817-gx-box-dp-sfp\/\",\"url\":\"https:\/\/fracarro.com\/it\/product\/287817-gx-box-dp-sfp\/\",\"name\":\"GX-BOX-DP-SFP - Fracarro Radioindustrie SRL\",\"isPartOf\":{\"@id\":\"https:\/\/fracarro.com\/it\/#website\"},\"primaryImageOfPage\":{\"@id\":\"https:\/\/fracarro.com\/it\/product\/287817-gx-box-dp-sfp\/#primaryimage\"},\"image\":{\"@id\":\"https:\/\/fracarro.com\/it\/product\/287817-gx-box-dp-sfp\/#primaryimage\"},\"thumbnailUrl\":\"https:\/\/fracarro.com\/wp-content\/uploads\/onpage\/op_image_84103a471cf8aae4c386fab559a776702c2daa16.1980x.webp\",\"datePublished\":\"2024-12-20T13:25:08+00:00\",\"dateModified\":\"2025-12-03T16:03:10+00:00\",\"breadcrumb\":{\"@id\":\"https:\/\/fracarro.com\/it\/product\/287817-gx-box-dp-sfp\/#breadcrumb\"},\"inLanguage\":\"it-IT\",\"potentialAction\":[{\"@type\":\"ReadAction\",\"target\":[\"https:\/\/fracarro.com\/it\/product\/287817-gx-box-dp-sfp\/\"]}]},{\"@type\":\"ImageObject\",\"inLanguage\":\"it-IT\",\"@id\":\"https:\/\/fracarro.com\/it\/product\/287817-gx-box-dp-sfp\/#primaryimage\",\"url\":\"https:\/\/fracarro.com\/wp-content\/uploads\/onpage\/op_image_84103a471cf8aae4c386fab559a776702c2daa16.1980x.webp\",\"contentUrl\":\"https:\/\/fracarro.com\/wp-content\/uploads\/onpage\/op_image_84103a471cf8aae4c386fab559a776702c2daa16.1980x.webp\",\"width\":1980,\"height\":1980},{\"@type\":\"BreadcrumbList\",\"@id\":\"https:\/\/fracarro.com\/it\/product\/287817-gx-box-dp-sfp\/#breadcrumb\",\"itemListElement\":[{\"@type\":\"ListItem\",\"position\":1,\"name\":\"Home\",\"item\":\"https:\/\/fracarro.com\/it\/\"},{\"@type\":\"ListItem\",\"position\":2,\"name\":\"Solutions\",\"item\":\"https:\/\/fracarro.com\/it\/solutions\/\"},{\"@type\":\"ListItem\",\"position\":3,\"name\":\"GX-BOX-DP-SFP\"}]},{\"@type\":\"WebSite\",\"@id\":\"https:\/\/fracarro.com\/it\/#website\",\"url\":\"https:\/\/fracarro.com\/it\/\",\"name\":\"Fracarro Radioindustrie SRL\",\"description\":\"\",\"publisher\":{\"@id\":\"https:\/\/fracarro.com\/it\/#organization\"},\"potentialAction\":[{\"@type\":\"SearchAction\",\"target\":{\"@type\":\"EntryPoint\",\"urlTemplate\":\"https:\/\/fracarro.com\/it\/?s={search_term_string}\"},\"query-input\":{\"@type\":\"PropertyValueSpecification\",\"valueRequired\":true,\"valueName\":\"search_term_string\"}}],\"inLanguage\":\"it-IT\"},{\"@type\":\"Organization\",\"@id\":\"https:\/\/fracarro.com\/it\/#organization\",\"name\":\"Fracarro Radioindustrie SRL\",\"url\":\"https:\/\/fracarro.com\/it\/\",\"logo\":{\"@type\":\"ImageObject\",\"inLanguage\":\"it-IT\",\"@id\":\"https:\/\/fracarro.com\/it\/#\/schema\/logo\/image\/\",\"url\":\"https:\/\/fracarro.com\/wp-content\/uploads\/2020\/09\/Fracarro-logo530x67.png\",\"contentUrl\":\"https:\/\/fracarro.com\/wp-content\/uploads\/2020\/09\/Fracarro-logo530x67.png\",\"width\":530,\"height\":67,\"caption\":\"Fracarro Radioindustrie SRL\"},\"image\":{\"@id\":\"https:\/\/fracarro.com\/it\/#\/schema\/logo\/image\/\"},\"sameAs\":[\"https:\/\/it-it.facebook.com\/fracarro\/\",\"https:\/\/x.com\/fracarrotweets\",\"https:\/\/it.linkedin.com\/company\/fracarro-radioindustrie\",\"https:\/\/www.instagram.com\/fracarroradioindustrie\/\",\"https:\/\/www.youtube.com\/user\/FracarroOfficial?feature=watch\"]}]}<\/script>\n<!-- \/ Yoast SEO Premium plugin. -->","yoast_head_json":{"title":"GX-BOX-DP-SFP - Fracarro Radioindustrie SRL","robots":{"index":"index","follow":"follow","max-snippet":"max-snippet:-1","max-image-preview":"max-image-preview:large","max-video-preview":"max-video-preview:-1"},"canonical":"https:\/\/fracarro.com\/it\/product\/287817-gx-box-dp-sfp\/","og_locale":"it_IT","og_type":"article","og_title":"GX-BOX-DP-SFP","og_description":"GALAXIA \u00e8 la soluzione modulare e ad alta densit\u00e0 di Fracarro, ideale per applicazioni professionali. La soluzione \u00e8 nativa IP ed \u00e8 in grado di soddisfare tutte le richieste relative alla distribuzione di contenuti audio e video. La centrale GALAXIA \u00e8 dotata di 6 slot in cui \u00e8 possibile installare e miscelare moduli di vario [...]","og_url":"https:\/\/fracarro.com\/it\/product\/287817-gx-box-dp-sfp\/","og_site_name":"Fracarro Radioindustrie SRL","article_publisher":"https:\/\/it-it.facebook.com\/fracarro\/","article_modified_time":"2025-12-03T16:03:10+00:00","og_image":[{"width":1980,"height":1980,"url":"https:\/\/fracarro.com\/wp-content\/uploads\/onpage\/op_image_84103a471cf8aae4c386fab559a776702c2daa16.1980x.webp","type":"image\/webp"}],"twitter_card":"summary_large_image","twitter_site":"@fracarrotweets","twitter_misc":{"Tempo di lettura stimato":"1 minuto"},"schema":{"@context":"https:\/\/schema.org","@graph":[{"@type":"WebPage","@id":"https:\/\/fracarro.com\/it\/product\/287817-gx-box-dp-sfp\/","url":"https:\/\/fracarro.com\/it\/product\/287817-gx-box-dp-sfp\/","name":"GX-BOX-DP-SFP - Fracarro Radioindustrie SRL","isPartOf":{"@id":"https:\/\/fracarro.com\/it\/#website"},"primaryImageOfPage":{"@id":"https:\/\/fracarro.com\/it\/product\/287817-gx-box-dp-sfp\/#primaryimage"},"image":{"@id":"https:\/\/fracarro.com\/it\/product\/287817-gx-box-dp-sfp\/#primaryimage"},"thumbnailUrl":"https:\/\/fracarro.com\/wp-content\/uploads\/onpage\/op_image_84103a471cf8aae4c386fab559a776702c2daa16.1980x.webp","datePublished":"2024-12-20T13:25:08+00:00","dateModified":"2025-12-03T16:03:10+00:00","breadcrumb":{"@id":"https:\/\/fracarro.com\/it\/product\/287817-gx-box-dp-sfp\/#breadcrumb"},"inLanguage":"it-IT","potentialAction":[{"@type":"ReadAction","target":["https:\/\/fracarro.com\/it\/product\/287817-gx-box-dp-sfp\/"]}]},{"@type":"ImageObject","inLanguage":"it-IT","@id":"https:\/\/fracarro.com\/it\/product\/287817-gx-box-dp-sfp\/#primaryimage","url":"https:\/\/fracarro.com\/wp-content\/uploads\/onpage\/op_image_84103a471cf8aae4c386fab559a776702c2daa16.1980x.webp","contentUrl":"https:\/\/fracarro.com\/wp-content\/uploads\/onpage\/op_image_84103a471cf8aae4c386fab559a776702c2daa16.1980x.webp","width":1980,"height":1980},{"@type":"BreadcrumbList","@id":"https:\/\/fracarro.com\/it\/product\/287817-gx-box-dp-sfp\/#breadcrumb","itemListElement":[{"@type":"ListItem","position":1,"name":"Home","item":"https:\/\/fracarro.com\/it\/"},{"@type":"ListItem","position":2,"name":"Solutions","item":"https:\/\/fracarro.com\/it\/solutions\/"},{"@type":"ListItem","position":3,"name":"GX-BOX-DP-SFP"}]},{"@type":"WebSite","@id":"https:\/\/fracarro.com\/it\/#website","url":"https:\/\/fracarro.com\/it\/","name":"Fracarro Radioindustrie SRL","description":"","publisher":{"@id":"https:\/\/fracarro.com\/it\/#organization"},"potentialAction":[{"@type":"SearchAction","target":{"@type":"EntryPoint","urlTemplate":"https:\/\/fracarro.com\/it\/?s={search_term_string}"},"query-input":{"@type":"PropertyValueSpecification","valueRequired":true,"valueName":"search_term_string"}}],"inLanguage":"it-IT"},{"@type":"Organization","@id":"https:\/\/fracarro.com\/it\/#organization","name":"Fracarro Radioindustrie SRL","url":"https:\/\/fracarro.com\/it\/","logo":{"@type":"ImageObject","inLanguage":"it-IT","@id":"https:\/\/fracarro.com\/it\/#\/schema\/logo\/image\/","url":"https:\/\/fracarro.com\/wp-content\/uploads\/2020\/09\/Fracarro-logo530x67.png","contentUrl":"https:\/\/fracarro.com\/wp-content\/uploads\/2020\/09\/Fracarro-logo530x67.png","width":530,"height":67,"caption":"Fracarro Radioindustrie SRL"},"image":{"@id":"https:\/\/fracarro.com\/it\/#\/schema\/logo\/image\/"},"sameAs":["https:\/\/it-it.facebook.com\/fracarro\/","https:\/\/x.com\/fracarrotweets","https:\/\/it.linkedin.com\/company\/fracarro-radioindustrie","https:\/\/www.instagram.com\/fracarroradioindustrie\/","https:\/\/www.youtube.com\/user\/FracarroOfficial?feature=watch"]}]}},"_links":{"self":[{"href":"https:\/\/fracarro.com\/it\/wp-json\/wp\/v2\/product\/187673","targetHints":{"allow":["GET"]}}],"collection":[{"href":"https:\/\/fracarro.com\/it\/wp-json\/wp\/v2\/product"}],"about":[{"href":"https:\/\/fracarro.com\/it\/wp-json\/wp\/v2\/types\/product"}],"wp:featuredmedia":[{"embeddable":true,"href":"https:\/\/fracarro.com\/it\/wp-json\/wp\/v2\/media\/187744"}],"wp:attachment":[{"href":"https:\/\/fracarro.com\/it\/wp-json\/wp\/v2\/media?parent=187673"}],"wp:term":[{"taxonomy":"product_brand","embeddable":true,"href":"https:\/\/fracarro.com\/it\/wp-json\/wp\/v2\/product_brand?post=187673"},{"taxonomy":"product_cat","embeddable":true,"href":"https:\/\/fracarro.com\/it\/wp-json\/wp\/v2\/product_cat?post=187673"},{"taxonomy":"product_tag","embeddable":true,"href":"https:\/\/fracarro.com\/it\/wp-json\/wp\/v2\/product_tag?post=187673"}],"curies":[{"name":"wp","href":"https:\/\/api.w.org\/{rel}","templated":true}]}}